{"id":8027,"date":"2024-06-01T19:47:57","date_gmt":"2024-06-01T17:47:57","guid":{"rendered":"https:\/\/lescreationsde.celineinmyworldmedium.com\/?post_type=product&#038;p=8027"},"modified":"2024-10-23T17:16:04","modified_gmt":"2024-10-23T15:16:04","slug":"bracelet-personnalise-chemin-de-vie-en-lepidolite-oeil-de-faucon-lapis-lazuli-avec-calcite-turquoise-et-ambre-brun","status":"publish","type":"product","link":"https:\/\/lescreationsde.celineinmyworldmedium.com\/index.php\/produit\/bracelet-personnalise-chemin-de-vie-en-lepidolite-oeil-de-faucon-lapis-lazuli-avec-calcite-turquoise-et-ambre-brun\/","title":{"rendered":"Bracelet personnalis\u00e9 Chemin de vie, en L\u00e9pidolite, Oeil-de-faucon, Lapis-lazuli avec Calcite, Turquoise et Ambre brun"},"content":{"rendered":"<h4>1 &#8211; Les vertus de la l\u00e9pidolite :<\/h4>\n<p><strong>Sur le domaine spirituel<\/strong>, celui de l\u2019\u00eatre humain avec ses intentions, ses buts ou ses pr\u00e9occupations existentielles :<br \/>\n<strong>D\u00e9limitation.<\/strong><\/p>\n<p><strong>Sur le domaine de l\u2019\u00e2me<\/strong> ou du subconscient, ainsi que les notions de temp\u00e9rament, de sentiments, de sensations, de r\u00eaves, de v\u00e9cu sur le plan animique, d\u2019habitudes et de r\u00e9actions inconscientes :<br \/>\n<strong>Prot\u00e8ge des influences ext\u00e9rieures, procure une sensation de paix int\u00e9rieure, aide en cas de troubles du sommeil.<\/strong><\/p>\n<p><strong>Sur le domaine mental<\/strong> avec les id\u00e9es, la raison, les convictions, les consid\u00e9rations, ainsi que le mode de pens\u00e9e et d\u2019action consciente :<br \/>\n<strong>D\u00e9tourne des distractions, permet de se concentrer sur l\u2019essentiel.<\/strong><\/p>\n<p><strong>Sur le domaine physique<\/strong> ou corporel, l\u2019ensemble de l\u2019organisme avec les sens, les organes et les fonctions :<br \/>\n<strong>Att\u00e9nue les douleurs articulaires et nerveuses, sciatiques et n\u00e9vralgiques.<\/strong><\/p>\n<p>&nbsp;<\/p>\n<h4>2 &#8211; Les vertus de l\u2019\u0153il de faucon :<\/h4>\n<p><strong>Sur le domaine spirituel<\/strong>, celui de l\u2019\u00eatre humain avec ses intentions, ses buts ou ses pr\u00e9occupations existentielles :<br \/>\n<strong>Distance, recul.<\/strong><\/p>\n<p><strong>Sur le domaine de l\u2019\u00e2me<\/strong> ou du subconscient, ainsi que les notions de temp\u00e9rament, de sentiments, de sensations, de r\u00eaves, de v\u00e9cu sur le plan animique, d\u2019habitudes et de r\u00e9actions inconscientes :<br \/>\n<strong>Aide en cas de nervosit\u00e9 et d\u2019agitation int\u00e9rieure.<\/strong><\/p>\n<p><strong>Sur le domaine mental<\/strong> avec les id\u00e9es, la raison, les convictions, les consid\u00e9rations, ainsi que le mode de pens\u00e9e et d\u2019action consciente :<br \/>\n<strong>Permet de conserver une vision d\u2019ensemble dans les situations complexes et aide en cas de difficult\u00e9 de prise de d\u00e9cision.<\/strong><\/p>\n<p><strong>Sur le domaine physique<\/strong> ou corporel, l\u2019ensemble de l\u2019organisme avec les sens, les organes et les fonctions :<br \/>\n<strong>Att\u00e9nue les douleurs, soulage en cas de tremblements et d\u2019hyperfonction hormonale.<\/strong><\/p>\n<p>&nbsp;<\/p>\n<h4>3 &#8211; Les vertus du lapis-lazuli avec calcite :<\/h4>\n<p><strong>Sur le domaine spirituel<\/strong>, celui de l\u2019\u00eatre humain avec ses intentions, ses buts ou ses pr\u00e9occupations existentielles :<br \/>\n<strong>Responsabilit\u00e9 pour soi-m\u00eame.<\/strong><\/p>\n<p><strong>Sur le domaine de l\u2019\u00e2me<\/strong> ou du subconscient, ainsi que les notions de temp\u00e9rament, de sentiments, de sensations, de r\u00eaves, de v\u00e9cu sur le plan animique, d\u2019habitudes et de r\u00e9actions inconscientes :<br \/>\n<strong>Favorise l\u2019authenticit\u00e9 et permet de conqu\u00e9rir la ma\u00eetrise de sa propre vie.<\/strong><\/p>\n<p><strong>Sur le domaine mental<\/strong> avec les id\u00e9es, la raison, les convictions, les consid\u00e9rations, ainsi que le mode de pens\u00e9e et d\u2019action consciente :<br \/>\n<strong>Favorise le discernement et l\u2019intelligence, aide \u00e0 communiquer avec les autres.<\/strong><\/p>\n<p><strong>Sur le domaine physique<\/strong> ou corporel, l\u2019ensemble de l\u2019organisme avec les sens, les organes et les fonctions :<br \/>\n<strong>Antipyr\u00e9tique et hypotenseur, ralentit le cycle menstruel.<\/strong><\/p>\n<p>&nbsp;<\/p>\n<h4>4 &#8211; Les vertus de la turquoise :<\/h4>\n<p><strong>Sur le domaine spirituel<\/strong>, celui de l\u2019\u00eatre humain avec ses intentions, ses buts ou ses pr\u00e9occupations existentielles :<br \/>\n<strong>Destin.<\/strong><\/p>\n<p><strong>Sur le domaine de l\u2019\u00e2me<\/strong> ou du subconscient, ainsi que les notions de temp\u00e9rament, de sentiments, de sensations, de r\u00eaves, de v\u00e9cu sur le plan animique, d\u2019habitudes et de r\u00e9actions inconscientes :<br \/>\n<strong>\u00c9quilibrant, stimulant, prot\u00e8ge des influences ext\u00e9rieures.<\/strong><\/p>\n<p><strong>Sur le domaine mental<\/strong> avec les id\u00e9es, la raison, les convictions, les consid\u00e9rations, ainsi que le mode de pens\u00e9e et d\u2019action consciente :<br \/>\n<strong>Permet d\u2019identifier les causes du bonheur et du malheur et de les ma\u00eetriser.<\/strong><\/p>\n<p><strong>Sur le domaine physique<\/strong> ou corporel, l\u2019ensemble de l\u2019organisme avec les sens, les organes et les fonctions :<br \/>\n<strong>Aide en cas d\u2019\u00e9puisement, d\u2019hyperacidit\u00e9, de rhumatismes, de goutte, de troubles gastriques et de crampes.<\/strong><\/p>\n<p>&nbsp;<\/p>\n<h4><strong>5 &#8211; Les vertus de l\u2019ambre brun :<\/strong><\/h4>\n<p><strong>Sur le domaine spirituel<\/strong>, celui de l\u2019\u00eatre humain avec ses intentions, ses buts ou ses pr\u00e9occupations existentielles :<br \/>\n<strong>Force, prosp\u00e9rit\u00e9.<\/strong><\/p>\n<p><strong>Sur le domaine de l\u2019\u00e2me<\/strong> ou du subconscient, ainsi que les notions de temp\u00e9rament, de sentiments, de sensations, de r\u00eaves, de v\u00e9cu sur le plan animique, d\u2019habitudes et de r\u00e9actions inconscientes :<br \/>\n<strong>Apaise la col\u00e8re, l\u2019agressivit\u00e9, <span dir=\"ltr\">l\u2019insatisfaction, l\u2019envie, la soif de vengeance et la malveillance.<\/span><\/strong><\/p>\n<p><strong>Sur le domaine mental<\/strong> avec les id\u00e9es, la raison, les convictions, les consid\u00e9rations, ainsi que le mode de pens\u00e9e et d\u2019action consciente :<br \/>\n<strong>R\u00e9duit l\u2019ent\u00eatement et aide \u00e0 utiliser l\u2019\u00e9nergie avec intelligence.<\/strong><\/p>\n<p><strong>Sur le domaine physique<\/strong> ou corporel, l\u2019ensemble de l\u2019organisme avec les sens, les organes et les fonctions :<br \/>\n<strong>Bon pour l\u2019estomac, l\u2019intestin et la vessie, utile contre les douleurs dans le bas du dos.<\/strong><\/p>\n","protected":false},"excerpt":{"rendered":"<table>\n<tbody>\n<tr>\n<td style=\"texte-align: left; color: gray; border: none;\"><strong>Hors frais d&rsquo;exp\u00e9dition<\/strong><\/td>\n<\/tr>\n<tr>\n<td style=\"texte-align: left; color: gray; border: none;\"><strong>Bijoux confectionn\u00e9s sur-mesure, sur commande<br \/>\nLes couleurs et motifs des pierres varient d&rsquo;un bijou \u00e0 un autre<br \/>\nD\u00e9lai de confection environ 30 jours<\/strong><\/td>\n<\/tr>\n<tr>\n<td style=\"texte-align: left; color: blue; border: none;\"><a style=\"color: #a15fe2;\" href=\"https:\/\/lescreationsde.celineinmyworldmedium.com\/index.php\/mesurer-son-tour-de-poignet-pour-bracelets\/\" target=\"_blank\" rel=\"noopener\"><strong>Comment mesurer son tour de poignet<\/strong><\/a><\/td>\n<\/tr>\n<\/tbody>\n<\/table>\n","protected":false},"featured_media":8030,"comment_status":"open","ping_status":"closed","template":"","meta":[],"product_brand":[],"product_cat":[31,818,465,574,584,472],"product_tag":[825,152,106,42,44,38,47,43,41,40,39,23,25,36,34,1614,26,37,35,16,24,45,17,33,327,334,32,359,27,22,28,442],"class_list":{"0":"post-8027","1":"product","2":"type-product","3":"status-publish","4":"has-post-thumbnail","6":"product_cat-bracelets","7":"product_cat-ambre","8":"product_cat-lapis-lazuli-pierres","9":"product_cat-lepidolite-pierres","10":"product_cat-oeil-de-faucon-pierres-boutique","11":"product_cat-turquoise-pierres","12":"product_tag-ambre-brun","13":"product_tag-amour","14":"product_tag-argent","15":"product_tag-bijou","16":"product_tag-bijou-energetique","17":"product_tag-bijoux","18":"product_tag-bijoux-anti-allergies","19":"product_tag-bijoux-energetiques","20":"product_tag-bijoux-fait-main","21":"product_tag-bijoux-personnalises","22":"product_tag-bijoux-sur-mesure","23":"product_tag-boucles-doreilles","24":"product_tag-bracelet","25":"product_tag-bracelet-femme","26":"product_tag-bracelet-homme","27":"product_tag-bracelet-personnalise-chemin-de-vie","28":"product_tag-bracelets","29":"product_tag-bracelets-femme","30":"product_tag-bracelets-homme","31":"product_tag-collier","32":"product_tag-collier-femme","33":"product_tag-collier-personnalise","34":"product_tag-colliers","35":"product_tag-energetique","36":"product_tag-lapis-lazuli-avec-calcite","37":"product_tag-lepidolite","38":"product_tag-lithotherapie","39":"product_tag-oeil-de-faucon","40":"product_tag-pierre","41":"product_tag-pierre-semi-precieuse","42":"product_tag-pierres-naturelles","43":"product_tag-turquoise","45":"first","46":"instock","47":"shipping-taxable","48":"purchasable","49":"product-type-variable"},"yoast_head":"<!-- This site is optimized with the Yoast SEO plugin v27.2 - https:\/\/yoast.com\/product\/yoast-seo-wordpress\/ -->\n<title>Bracelet personnalis\u00e9 Chemin de vie, en L\u00e9pidolite... - La Boutique<\/title>\n<meta name=\"description\" content=\"Responsabilit\u00e9 pour soi-m\u00eame. Aide en cas d\u2019\u00e9puisement, d\u2019hyperacidit\u00e9, de rhumatismes, de goutte, de troubles gastriques et de crampes.\" \/>\n<meta name=\"robots\" content=\"index, follow, max-snippet:-1, max-image-preview:large, max-video-preview:-1\" \/>\n<link rel=\"canonical\" href=\"https:\/\/lescreationsde.celineinmyworldmedium.com\/index.php\/produit\/bracelet-personnalise-chemin-de-vie-en-lepidolite-oeil-de-faucon-lapis-lazuli-avec-calcite-turquoise-et-ambre-brun\/\" \/>\n<meta property=\"og:locale\" content=\"fr_FR\" \/>\n<meta property=\"og:type\" content=\"article\" \/>\n<meta property=\"og:title\" content=\"Bracelet personnalis\u00e9 Chemin de vie, en L\u00e9pidolite... - La Boutique\" \/>\n<meta property=\"og:description\" content=\"Responsabilit\u00e9 pour soi-m\u00eame. Aide en cas d\u2019\u00e9puisement, d\u2019hyperacidit\u00e9, de rhumatismes, de goutte, de troubles gastriques et de crampes.\" \/>\n<meta property=\"og:url\" content=\"https:\/\/lescreationsde.celineinmyworldmedium.com\/index.php\/produit\/bracelet-personnalise-chemin-de-vie-en-lepidolite-oeil-de-faucon-lapis-lazuli-avec-calcite-turquoise-et-ambre-brun\/\" \/>\n<meta property=\"og:site_name\" content=\"Les cr\u00e9ations de C\u00e9line Inmyworld\" \/>\n<meta property=\"article:modified_time\" content=\"2024-10-23T15:16:04+00:00\" \/>\n<meta property=\"og:image\" content=\"https:\/\/lescreationsde.celineinmyworldmedium.com\/wp-content\/uploads\/2024\/06\/Bracelet_personnalise_Chemin_de_vie_en_Lepidolite_Oeil-de-faucon_Lapis-lazuli_avec_Calcite_Turquoise_et_Ambre_brun.jpg\" \/>\n\t<meta property=\"og:image:width\" content=\"960\" \/>\n\t<meta property=\"og:image:height\" content=\"960\" \/>\n\t<meta property=\"og:image:type\" content=\"image\/jpeg\" \/>\n<meta name=\"twitter:card\" content=\"summary_large_image\" \/>\n<meta name=\"twitter:label1\" content=\"Dur\u00e9e de lecture estim\u00e9e\" \/>\n\t<meta name=\"twitter:data1\" content=\"4 minutes\" \/>\n<script type=\"application\/ld+json\" class=\"yoast-schema-graph\">{\"@context\":\"https:\/\/schema.org\",\"@graph\":[{\"@type\":\"WebPage\",\"@id\":\"https:\/\/lescreationsde.celineinmyworldmedium.com\/index.php\/produit\/bracelet-personnalise-chemin-de-vie-en-lepidolite-oeil-de-faucon-lapis-lazuli-avec-calcite-turquoise-et-ambre-brun\/\",\"url\":\"https:\/\/lescreationsde.celineinmyworldmedium.com\/index.php\/produit\/bracelet-personnalise-chemin-de-vie-en-lepidolite-oeil-de-faucon-lapis-lazuli-avec-calcite-turquoise-et-ambre-brun\/\",\"name\":\"Bracelet personnalis\u00e9 Chemin de vie, en L\u00e9pidolite... - La Boutique\",\"isPartOf\":{\"@id\":\"https:\/\/lescreationsde.celineinmyworldmedium.com\/#website\"},\"primaryImageOfPage\":{\"@id\":\"https:\/\/lescreationsde.celineinmyworldmedium.com\/index.php\/produit\/bracelet-personnalise-chemin-de-vie-en-lepidolite-oeil-de-faucon-lapis-lazuli-avec-calcite-turquoise-et-ambre-brun\/#primaryimage\"},\"image\":{\"@id\":\"https:\/\/lescreationsde.celineinmyworldmedium.com\/index.php\/produit\/bracelet-personnalise-chemin-de-vie-en-lepidolite-oeil-de-faucon-lapis-lazuli-avec-calcite-turquoise-et-ambre-brun\/#primaryimage\"},\"thumbnailUrl\":\"https:\/\/lescreationsde.celineinmyworldmedium.com\/wp-content\/uploads\/2024\/06\/Bracelet_personnalise_Chemin_de_vie_en_Lepidolite_Oeil-de-faucon_Lapis-lazuli_avec_Calcite_Turquoise_et_Ambre_brun.jpg\",\"datePublished\":\"2024-06-01T17:47:57+00:00\",\"dateModified\":\"2024-10-23T15:16:04+00:00\",\"description\":\"Responsabilit\u00e9 pour soi-m\u00eame. Aide en cas d\u2019\u00e9puisement, d\u2019hyperacidit\u00e9, de rhumatismes, de goutte, de troubles gastriques et de crampes.\",\"breadcrumb\":{\"@id\":\"https:\/\/lescreationsde.celineinmyworldmedium.com\/index.php\/produit\/bracelet-personnalise-chemin-de-vie-en-lepidolite-oeil-de-faucon-lapis-lazuli-avec-calcite-turquoise-et-ambre-brun\/#breadcrumb\"},\"inLanguage\":\"fr-FR\",\"potentialAction\":[{\"@type\":\"ReadAction\",\"target\":[\"https:\/\/lescreationsde.celineinmyworldmedium.com\/index.php\/produit\/bracelet-personnalise-chemin-de-vie-en-lepidolite-oeil-de-faucon-lapis-lazuli-avec-calcite-turquoise-et-ambre-brun\/\"]}]},{\"@type\":\"ImageObject\",\"inLanguage\":\"fr-FR\",\"@id\":\"https:\/\/lescreationsde.celineinmyworldmedium.com\/index.php\/produit\/bracelet-personnalise-chemin-de-vie-en-lepidolite-oeil-de-faucon-lapis-lazuli-avec-calcite-turquoise-et-ambre-brun\/#primaryimage\",\"url\":\"https:\/\/lescreationsde.celineinmyworldmedium.com\/wp-content\/uploads\/2024\/06\/Bracelet_personnalise_Chemin_de_vie_en_Lepidolite_Oeil-de-faucon_Lapis-lazuli_avec_Calcite_Turquoise_et_Ambre_brun.jpg\",\"contentUrl\":\"https:\/\/lescreationsde.celineinmyworldmedium.com\/wp-content\/uploads\/2024\/06\/Bracelet_personnalise_Chemin_de_vie_en_Lepidolite_Oeil-de-faucon_Lapis-lazuli_avec_Calcite_Turquoise_et_Ambre_brun.jpg\",\"width\":960,\"height\":960,\"caption\":\"Bracelet personnalis\u00e9 Chemin de vie, en L\u00e9pidolite, Oeil-de-faucon, Lapis-lazuli avec Calcite, Turquoise et Ambre brun\"},{\"@type\":\"BreadcrumbList\",\"@id\":\"https:\/\/lescreationsde.celineinmyworldmedium.com\/index.php\/produit\/bracelet-personnalise-chemin-de-vie-en-lepidolite-oeil-de-faucon-lapis-lazuli-avec-calcite-turquoise-et-ambre-brun\/#breadcrumb\",\"itemListElement\":[{\"@type\":\"ListItem\",\"position\":1,\"name\":\"Accueil\",\"item\":\"https:\/\/lescreationsde.celineinmyworldmedium.com\/\"},{\"@type\":\"ListItem\",\"position\":2,\"name\":\"Produits\",\"item\":\"https:\/\/lescreationsde.celineinmyworldmedium.com\/index.php\/boutique\/\"},{\"@type\":\"ListItem\",\"position\":3,\"name\":\"Bracelet personnalis\u00e9 Chemin de vie, en L\u00e9pidolite, Oeil-de-faucon, Lapis-lazuli avec Calcite, Turquoise et Ambre brun\"}]},{\"@type\":\"WebSite\",\"@id\":\"https:\/\/lescreationsde.celineinmyworldmedium.com\/#website\",\"url\":\"https:\/\/lescreationsde.celineinmyworldmedium.com\/\",\"name\":\"Les cr\u00e9ations de C\u00e9line Inmyworld\",\"description\":\"Cr\u00e9ation de bijoux personnalis\u00e9s, sur-mesure, en pierres semi-pr\u00e9cieuses de qualit\u00e9. Bracelets, boucles d&#039;oreilles, colliers, sautoirs, malas, cha\u00eenes de cheville, bagues...\u2764\",\"publisher\":{\"@id\":\"https:\/\/lescreationsde.celineinmyworldmedium.com\/#organization\"},\"potentialAction\":[{\"@type\":\"SearchAction\",\"target\":{\"@type\":\"EntryPoint\",\"urlTemplate\":\"https:\/\/lescreationsde.celineinmyworldmedium.com\/?s={search_term_string}\"},\"query-input\":{\"@type\":\"PropertyValueSpecification\",\"valueRequired\":true,\"valueName\":\"search_term_string\"}}],\"inLanguage\":\"fr-FR\"},{\"@type\":\"Organization\",\"@id\":\"https:\/\/lescreationsde.celineinmyworldmedium.com\/#organization\",\"name\":\"Les cr\u00e9ations de C\u00e9line Inmyworld\",\"url\":\"https:\/\/lescreationsde.celineinmyworldmedium.com\/\",\"logo\":{\"@type\":\"ImageObject\",\"inLanguage\":\"fr-FR\",\"@id\":\"https:\/\/lescreationsde.celineinmyworldmedium.com\/#\/schema\/logo\/image\/\",\"url\":\"https:\/\/lescreationsde.celineinmyworldmedium.com\/wp-content\/uploads\/2021\/03\/logo_creations3.png\",\"contentUrl\":\"https:\/\/lescreationsde.celineinmyworldmedium.com\/wp-content\/uploads\/2021\/03\/logo_creations3.png\",\"width\":613,\"height\":190,\"caption\":\"Les cr\u00e9ations de C\u00e9line Inmyworld\"},\"image\":{\"@id\":\"https:\/\/lescreationsde.celineinmyworldmedium.com\/#\/schema\/logo\/image\/\"}}]}<\/script>\n<!-- \/ Yoast SEO plugin. -->","yoast_head_json":{"title":"Bracelet personnalis\u00e9 Chemin de vie, en L\u00e9pidolite... - La Boutique","description":"Responsabilit\u00e9 pour soi-m\u00eame. Aide en cas d\u2019\u00e9puisement, d\u2019hyperacidit\u00e9, de rhumatismes, de goutte, de troubles gastriques et de crampes.","robots":{"index":"index","follow":"follow","max-snippet":"max-snippet:-1","max-image-preview":"max-image-preview:large","max-video-preview":"max-video-preview:-1"},"canonical":"https:\/\/lescreationsde.celineinmyworldmedium.com\/index.php\/produit\/bracelet-personnalise-chemin-de-vie-en-lepidolite-oeil-de-faucon-lapis-lazuli-avec-calcite-turquoise-et-ambre-brun\/","og_locale":"fr_FR","og_type":"article","og_title":"Bracelet personnalis\u00e9 Chemin de vie, en L\u00e9pidolite... - La Boutique","og_description":"Responsabilit\u00e9 pour soi-m\u00eame. Aide en cas d\u2019\u00e9puisement, d\u2019hyperacidit\u00e9, de rhumatismes, de goutte, de troubles gastriques et de crampes.","og_url":"https:\/\/lescreationsde.celineinmyworldmedium.com\/index.php\/produit\/bracelet-personnalise-chemin-de-vie-en-lepidolite-oeil-de-faucon-lapis-lazuli-avec-calcite-turquoise-et-ambre-brun\/","og_site_name":"Les cr\u00e9ations de C\u00e9line Inmyworld","article_modified_time":"2024-10-23T15:16:04+00:00","og_image":[{"width":960,"height":960,"url":"https:\/\/lescreationsde.celineinmyworldmedium.com\/wp-content\/uploads\/2024\/06\/Bracelet_personnalise_Chemin_de_vie_en_Lepidolite_Oeil-de-faucon_Lapis-lazuli_avec_Calcite_Turquoise_et_Ambre_brun.jpg","type":"image\/jpeg"}],"twitter_card":"summary_large_image","twitter_misc":{"Dur\u00e9e de lecture estim\u00e9e":"4 minutes"},"schema":{"@context":"https:\/\/schema.org","@graph":[{"@type":"WebPage","@id":"https:\/\/lescreationsde.celineinmyworldmedium.com\/index.php\/produit\/bracelet-personnalise-chemin-de-vie-en-lepidolite-oeil-de-faucon-lapis-lazuli-avec-calcite-turquoise-et-ambre-brun\/","url":"https:\/\/lescreationsde.celineinmyworldmedium.com\/index.php\/produit\/bracelet-personnalise-chemin-de-vie-en-lepidolite-oeil-de-faucon-lapis-lazuli-avec-calcite-turquoise-et-ambre-brun\/","name":"Bracelet personnalis\u00e9 Chemin de vie, en L\u00e9pidolite... - La Boutique","isPartOf":{"@id":"https:\/\/lescreationsde.celineinmyworldmedium.com\/#website"},"primaryImageOfPage":{"@id":"https:\/\/lescreationsde.celineinmyworldmedium.com\/index.php\/produit\/bracelet-personnalise-chemin-de-vie-en-lepidolite-oeil-de-faucon-lapis-lazuli-avec-calcite-turquoise-et-ambre-brun\/#primaryimage"},"image":{"@id":"https:\/\/lescreationsde.celineinmyworldmedium.com\/index.php\/produit\/bracelet-personnalise-chemin-de-vie-en-lepidolite-oeil-de-faucon-lapis-lazuli-avec-calcite-turquoise-et-ambre-brun\/#primaryimage"},"thumbnailUrl":"https:\/\/lescreationsde.celineinmyworldmedium.com\/wp-content\/uploads\/2024\/06\/Bracelet_personnalise_Chemin_de_vie_en_Lepidolite_Oeil-de-faucon_Lapis-lazuli_avec_Calcite_Turquoise_et_Ambre_brun.jpg","datePublished":"2024-06-01T17:47:57+00:00","dateModified":"2024-10-23T15:16:04+00:00","description":"Responsabilit\u00e9 pour soi-m\u00eame. Aide en cas d\u2019\u00e9puisement, d\u2019hyperacidit\u00e9, de rhumatismes, de goutte, de troubles gastriques et de crampes.","breadcrumb":{"@id":"https:\/\/lescreationsde.celineinmyworldmedium.com\/index.php\/produit\/bracelet-personnalise-chemin-de-vie-en-lepidolite-oeil-de-faucon-lapis-lazuli-avec-calcite-turquoise-et-ambre-brun\/#breadcrumb"},"inLanguage":"fr-FR","potentialAction":[{"@type":"ReadAction","target":["https:\/\/lescreationsde.celineinmyworldmedium.com\/index.php\/produit\/bracelet-personnalise-chemin-de-vie-en-lepidolite-oeil-de-faucon-lapis-lazuli-avec-calcite-turquoise-et-ambre-brun\/"]}]},{"@type":"ImageObject","inLanguage":"fr-FR","@id":"https:\/\/lescreationsde.celineinmyworldmedium.com\/index.php\/produit\/bracelet-personnalise-chemin-de-vie-en-lepidolite-oeil-de-faucon-lapis-lazuli-avec-calcite-turquoise-et-ambre-brun\/#primaryimage","url":"https:\/\/lescreationsde.celineinmyworldmedium.com\/wp-content\/uploads\/2024\/06\/Bracelet_personnalise_Chemin_de_vie_en_Lepidolite_Oeil-de-faucon_Lapis-lazuli_avec_Calcite_Turquoise_et_Ambre_brun.jpg","contentUrl":"https:\/\/lescreationsde.celineinmyworldmedium.com\/wp-content\/uploads\/2024\/06\/Bracelet_personnalise_Chemin_de_vie_en_Lepidolite_Oeil-de-faucon_Lapis-lazuli_avec_Calcite_Turquoise_et_Ambre_brun.jpg","width":960,"height":960,"caption":"Bracelet personnalis\u00e9 Chemin de vie, en L\u00e9pidolite, Oeil-de-faucon, Lapis-lazuli avec Calcite, Turquoise et Ambre brun"},{"@type":"BreadcrumbList","@id":"https:\/\/lescreationsde.celineinmyworldmedium.com\/index.php\/produit\/bracelet-personnalise-chemin-de-vie-en-lepidolite-oeil-de-faucon-lapis-lazuli-avec-calcite-turquoise-et-ambre-brun\/#breadcrumb","itemListElement":[{"@type":"ListItem","position":1,"name":"Accueil","item":"https:\/\/lescreationsde.celineinmyworldmedium.com\/"},{"@type":"ListItem","position":2,"name":"Produits","item":"https:\/\/lescreationsde.celineinmyworldmedium.com\/index.php\/boutique\/"},{"@type":"ListItem","position":3,"name":"Bracelet personnalis\u00e9 Chemin de vie, en L\u00e9pidolite, Oeil-de-faucon, Lapis-lazuli avec Calcite, Turquoise et Ambre brun"}]},{"@type":"WebSite","@id":"https:\/\/lescreationsde.celineinmyworldmedium.com\/#website","url":"https:\/\/lescreationsde.celineinmyworldmedium.com\/","name":"Les cr\u00e9ations de C\u00e9line Inmyworld","description":"Cr\u00e9ation de bijoux personnalis\u00e9s, sur-mesure, en pierres semi-pr\u00e9cieuses de qualit\u00e9. Bracelets, boucles d&#039;oreilles, colliers, sautoirs, malas, cha\u00eenes de cheville, bagues...\u2764","publisher":{"@id":"https:\/\/lescreationsde.celineinmyworldmedium.com\/#organization"},"potentialAction":[{"@type":"SearchAction","target":{"@type":"EntryPoint","urlTemplate":"https:\/\/lescreationsde.celineinmyworldmedium.com\/?s={search_term_string}"},"query-input":{"@type":"PropertyValueSpecification","valueRequired":true,"valueName":"search_term_string"}}],"inLanguage":"fr-FR"},{"@type":"Organization","@id":"https:\/\/lescreationsde.celineinmyworldmedium.com\/#organization","name":"Les cr\u00e9ations de C\u00e9line Inmyworld","url":"https:\/\/lescreationsde.celineinmyworldmedium.com\/","logo":{"@type":"ImageObject","inLanguage":"fr-FR","@id":"https:\/\/lescreationsde.celineinmyworldmedium.com\/#\/schema\/logo\/image\/","url":"https:\/\/lescreationsde.celineinmyworldmedium.com\/wp-content\/uploads\/2021\/03\/logo_creations3.png","contentUrl":"https:\/\/lescreationsde.celineinmyworldmedium.com\/wp-content\/uploads\/2021\/03\/logo_creations3.png","width":613,"height":190,"caption":"Les cr\u00e9ations de C\u00e9line Inmyworld"},"image":{"@id":"https:\/\/lescreationsde.celineinmyworldmedium.com\/#\/schema\/logo\/image\/"}}]}},"jetpack_sharing_enabled":true,"_links":{"self":[{"href":"https:\/\/lescreationsde.celineinmyworldmedium.com\/index.php\/wp-json\/wp\/v2\/product\/8027","targetHints":{"allow":["GET"]}}],"collection":[{"href":"https:\/\/lescreationsde.celineinmyworldmedium.com\/index.php\/wp-json\/wp\/v2\/product"}],"about":[{"href":"https:\/\/lescreationsde.celineinmyworldmedium.com\/index.php\/wp-json\/wp\/v2\/types\/product"}],"replies":[{"embeddable":true,"href":"https:\/\/lescreationsde.celineinmyworldmedium.com\/index.php\/wp-json\/wp\/v2\/comments?post=8027"}],"wp:featuredmedia":[{"embeddable":true,"href":"https:\/\/lescreationsde.celineinmyworldmedium.com\/index.php\/wp-json\/wp\/v2\/media\/8030"}],"wp:attachment":[{"href":"https:\/\/lescreationsde.celineinmyworldmedium.com\/index.php\/wp-json\/wp\/v2\/media?parent=8027"}],"wp:term":[{"taxonomy":"product_brand","embeddable":true,"href":"https:\/\/lescreationsde.celineinmyworldmedium.com\/index.php\/wp-json\/wp\/v2\/product_brand?post=8027"},{"taxonomy":"product_cat","embeddable":true,"href":"https:\/\/lescreationsde.celineinmyworldmedium.com\/index.php\/wp-json\/wp\/v2\/product_cat?post=8027"},{"taxonomy":"product_tag","embeddable":true,"href":"https:\/\/lescreationsde.celineinmyworldmedium.com\/index.php\/wp-json\/wp\/v2\/product_tag?post=8027"}],"curies":[{"name":"wp","href":"https:\/\/api.w.org\/{rel}","templated":true}]}}