{"id":7871,"date":"2024-04-26T17:59:12","date_gmt":"2024-04-26T15:59:12","guid":{"rendered":"https:\/\/lescreationsde.celineinmyworldmedium.com\/?post_type=product&#038;p=7871"},"modified":"2024-04-26T18:26:00","modified_gmt":"2024-04-26T16:26:00","slug":"bracelet-pixiu-pour-attirer-la-chance-et-labondance-en-oeil-de-faucon-et-obsidienne-oeil-celeste","status":"publish","type":"product","link":"https:\/\/lescreationsde.celineinmyworldmedium.com\/index.php\/produit\/bracelet-pixiu-pour-attirer-la-chance-et-labondance-en-oeil-de-faucon-et-obsidienne-oeil-celeste\/","title":{"rendered":"Bracelet Pixiu pour attirer la chance et l&rsquo;abondance, en \u0152il-de-faucon et Obsidienne \u0152il C\u00e9leste"},"content":{"rendered":"<h4>1 &#8211; Les vertus de l\u2019obsidienne arc-en-ciel (\u0153il c\u00e9leste) :<\/h4>\n<p><strong>Sur le domaine spirituel<\/strong>, celui de l\u2019\u00eatre humain avec ses intentions, ses buts ou ses pr\u00e9occupations existentielles :<br \/>\n<strong>Clairvoyance.<\/strong><\/p>\n<p><strong>Sur le domaine de l\u2019\u00e2me<\/strong> ou du subconscient, ainsi que les notions de temp\u00e9rament, de sentiments, de sensations, de r\u00eaves, de v\u00e9cu sur le plan animique, d\u2019habitudes et de r\u00e9actions inconscientes :<br \/>\n<strong>Donne aux sentiments une profondeur insoup\u00e7onn\u00e9e, prot\u00e8ge et fortifie simultan\u00e9ment.<\/strong><\/p>\n<p><strong>Sur le domaine mental<\/strong> avec les id\u00e9es, la raison, les convictions, les consid\u00e9rations, ainsi que le mode de pens\u00e9e et d\u2019action consciente :<br \/>\n<strong>Rend ouvert, intensifie la perception et clarifie l&rsquo;esprit.<\/strong><\/p>\n<p><strong>Sur le domaine physique<\/strong> ou corporel, l\u2019ensemble de l\u2019organisme avec les sens, les organes et les fonctions :<br \/>\n<strong>Am\u00e9liore l&rsquo;irrigation sanguine, att\u00e9nue les douleurs, aide en cas de faiblesse visuelle.<\/strong><\/p>\n<p>&nbsp;<\/p>\n<h4>2 &#8211;\u00a0Les vertus de l\u2019\u0153il de faucon :<\/h4>\n<p><strong>Sur le domaine spirituel<\/strong>, celui de l\u2019\u00eatre humain avec ses intentions, ses buts ou ses pr\u00e9occupations existentielles :<br \/>\n<strong>Distance, recul.<\/strong><\/p>\n<p><strong>Sur le domaine de l\u2019\u00e2me<\/strong> ou du subconscient, ainsi que les notions de temp\u00e9rament, de sentiments, de sensations, de r\u00eaves, de v\u00e9cu sur le plan animique, d\u2019habitudes et de r\u00e9actions inconscientes :<br \/>\n<strong>Aide en cas de nervosit\u00e9 et d\u2019agitation int\u00e9rieure.<\/strong><\/p>\n<p><strong>Sur le domaine mental<\/strong> avec les id\u00e9es, la raison, les convictions, les consid\u00e9rations, ainsi que le mode de pens\u00e9e et d\u2019action consciente :<br \/>\n<strong>Permet de conserver une vision d\u2019ensemble dans les situations complexes et aide en cas de difficult\u00e9 de prise de d\u00e9cision.<\/strong><\/p>\n<p><strong>Sur le domaine physique<\/strong> ou corporel, l\u2019ensemble de l\u2019organisme avec les sens, les organes et les fonctions :<br \/>\n<strong>Att\u00e9nue les douleurs, soulage en cas de tremblements et d\u2019hyperfonction hormonale.<\/strong><\/p>\n<p><em><strong>Le Pixiu :<\/strong><br \/>\nSelon l\u2019histoire, la cr\u00e9ature l\u00e9gendaire Pixiu \u00e9tait un animal c\u00e9leste de bonne fortune particuli\u00e8rement puissante et redoutable. Il \u00e9tait le neuvi\u00e8me fils du Dragon et ne se nourrit seulement d\u2019or, d\u2019argent et de bijoux. Il a la t\u00eate d\u2019un dragon, le corps d\u2019un cheval et des ailes. De plus, il \u00e9tait assez fort pour changer la malchance en chance. Plus tard, les gens l\u2019ont consid\u00e9r\u00e9 comme un embl\u00e8me de la richesse et de bonne fortune.<br \/>\nEn Feng shui, le Pixiu (alias \u201cPi Yao\u201d dans certaines traductions culturelles modernes) est la variation c\u00e9leste d\u2019une cr\u00e9ature de bonne fortune particuli\u00e8rement puissante et prometteuse. On dit qu\u2019ils ont le pouvoir d\u2019aider toute personne souffrant d\u2019\u00e9nergie n\u00e9gative et de malchance. En effet, le Pixiu repr\u00e9sente la richesse et la chance dans l\u2019application Feng shui. C\u2019est un merveilleux moyen pour absorber l\u2019\u00e9nergie positive et attirer la richesse, le succ\u00e8s, la sant\u00e9 et la chance dans votre vie.<\/em><\/p>\n","protected":false},"excerpt":{"rendered":"<table>\n<tbody>\n<tr>\n<td style=\"texte-align: left; color: gray; border: none;\"><strong>Hors frais d&rsquo;exp\u00e9dition<\/strong><\/td>\n<\/tr>\n<tr>\n<td style=\"texte-align: left; color: gray; border: none;\"><strong>Bijoux confectionn\u00e9s sur-mesure, sur commande<br \/>\nLes couleurs et motifs des pierres varient d&rsquo;un bijou \u00e0 un autre<br \/>\nD\u00e9lai de confection environ 30 jours<\/strong><\/td>\n<\/tr>\n<tr>\n<td style=\"texte-align: left; color: blue; border: none;\"><a style=\"color: #a15fe2;\" href=\"https:\/\/lescreationsde.celineinmyworldmedium.com\/index.php\/mesurer-son-tour-de-poignet-pour-bracelets\/\" target=\"_blank\" rel=\"noopener\"><strong>Comment mesurer son tour de poignet<\/strong><\/a><\/td>\n<\/tr>\n<\/tbody>\n<\/table>\n","protected":false},"featured_media":7873,"comment_status":"open","ping_status":"closed","template":"","meta":[],"product_brand":[],"product_cat":[31,469,584],"product_tag":[152,106,42,44,38,47,43,41,40,39,23,25,36,34,1817,26,37,35,16,24,45,17,33,32,697,359,27,22,28,149],"class_list":{"0":"post-7871","1":"product","2":"type-product","3":"status-publish","4":"has-post-thumbnail","6":"product_cat-bracelets","7":"product_cat-obsidienne-pierres","8":"product_cat-oeil-de-faucon-pierres-boutique","9":"product_tag-amour","10":"product_tag-argent","11":"product_tag-bijou","12":"product_tag-bijou-energetique","13":"product_tag-bijoux","14":"product_tag-bijoux-anti-allergies","15":"product_tag-bijoux-energetiques","16":"product_tag-bijoux-fait-main","17":"product_tag-bijoux-personnalises","18":"product_tag-bijoux-sur-mesure","19":"product_tag-boucles-doreilles","20":"product_tag-bracelet","21":"product_tag-bracelet-femme","22":"product_tag-bracelet-homme","23":"product_tag-bracelet-pixiu-pour-attirer-la-chance-et-labondance","24":"product_tag-bracelets","25":"product_tag-bracelets-femme","26":"product_tag-bracelets-homme","27":"product_tag-collier","28":"product_tag-collier-femme","29":"product_tag-collier-personnalise","30":"product_tag-colliers","31":"product_tag-energetique","32":"product_tag-lithotherapie","33":"product_tag-obsidienne-arc-en-ciel-oeil-celeste","34":"product_tag-oeil-de-faucon","35":"product_tag-pierre","36":"product_tag-pierre-semi-precieuse","37":"product_tag-pierres-naturelles","38":"product_tag-protection","40":"first","41":"instock","42":"shipping-taxable","43":"purchasable","44":"product-type-variable"},"yoast_head":"<!-- This site is optimized with the Yoast SEO plugin v27.2 - https:\/\/yoast.com\/product\/yoast-seo-wordpress\/ -->\n<title>Bracelet Pixiu pour attirer la chance et l&#039;abondance,... - La Boutique<\/title>\n<meta name=\"description\" content=\"Clairvoyance. Permet de conserver une vision d\u2019ensemble dans les situations complexes et aide en cas de difficult\u00e9 de prise de d\u00e9cision.\" \/>\n<meta name=\"robots\" content=\"index, follow, max-snippet:-1, max-image-preview:large, max-video-preview:-1\" \/>\n<link rel=\"canonical\" href=\"https:\/\/lescreationsde.celineinmyworldmedium.com\/index.php\/produit\/bracelet-pixiu-pour-attirer-la-chance-et-labondance-en-oeil-de-faucon-et-obsidienne-oeil-celeste\/\" \/>\n<meta property=\"og:locale\" content=\"fr_FR\" \/>\n<meta property=\"og:type\" content=\"article\" \/>\n<meta property=\"og:title\" content=\"Bracelet Pixiu pour attirer la chance et l&#039;abondance,... - La Boutique\" \/>\n<meta property=\"og:description\" content=\"Clairvoyance. Permet de conserver une vision d\u2019ensemble dans les situations complexes et aide en cas de difficult\u00e9 de prise de d\u00e9cision.\" \/>\n<meta property=\"og:url\" content=\"https:\/\/lescreationsde.celineinmyworldmedium.com\/index.php\/produit\/bracelet-pixiu-pour-attirer-la-chance-et-labondance-en-oeil-de-faucon-et-obsidienne-oeil-celeste\/\" \/>\n<meta property=\"og:site_name\" content=\"Les cr\u00e9ations de C\u00e9line Inmyworld\" \/>\n<meta property=\"article:modified_time\" content=\"2024-04-26T16:26:00+00:00\" \/>\n<meta property=\"og:image\" content=\"https:\/\/lescreationsde.celineinmyworldmedium.com\/wp-content\/uploads\/2024\/04\/Bracelet_Pixiu_pour_attirer_la_chance_et_l-abondance_en_Oeil-de-faucon_et_Obsidienne_Oeil_Celeste.jpg\" \/>\n\t<meta property=\"og:image:width\" content=\"960\" \/>\n\t<meta property=\"og:image:height\" content=\"960\" \/>\n\t<meta property=\"og:image:type\" content=\"image\/jpeg\" \/>\n<meta name=\"twitter:card\" content=\"summary_large_image\" \/>\n<meta name=\"twitter:label1\" content=\"Dur\u00e9e de lecture estim\u00e9e\" \/>\n\t<meta name=\"twitter:data1\" content=\"3 minutes\" \/>\n<script type=\"application\/ld+json\" class=\"yoast-schema-graph\">{\"@context\":\"https:\/\/schema.org\",\"@graph\":[{\"@type\":\"WebPage\",\"@id\":\"https:\/\/lescreationsde.celineinmyworldmedium.com\/index.php\/produit\/bracelet-pixiu-pour-attirer-la-chance-et-labondance-en-oeil-de-faucon-et-obsidienne-oeil-celeste\/\",\"url\":\"https:\/\/lescreationsde.celineinmyworldmedium.com\/index.php\/produit\/bracelet-pixiu-pour-attirer-la-chance-et-labondance-en-oeil-de-faucon-et-obsidienne-oeil-celeste\/\",\"name\":\"Bracelet Pixiu pour attirer la chance et l'abondance,... - La Boutique\",\"isPartOf\":{\"@id\":\"https:\/\/lescreationsde.celineinmyworldmedium.com\/#website\"},\"primaryImageOfPage\":{\"@id\":\"https:\/\/lescreationsde.celineinmyworldmedium.com\/index.php\/produit\/bracelet-pixiu-pour-attirer-la-chance-et-labondance-en-oeil-de-faucon-et-obsidienne-oeil-celeste\/#primaryimage\"},\"image\":{\"@id\":\"https:\/\/lescreationsde.celineinmyworldmedium.com\/index.php\/produit\/bracelet-pixiu-pour-attirer-la-chance-et-labondance-en-oeil-de-faucon-et-obsidienne-oeil-celeste\/#primaryimage\"},\"thumbnailUrl\":\"https:\/\/lescreationsde.celineinmyworldmedium.com\/wp-content\/uploads\/2024\/04\/Bracelet_Pixiu_pour_attirer_la_chance_et_l-abondance_en_Oeil-de-faucon_et_Obsidienne_Oeil_Celeste.jpg\",\"datePublished\":\"2024-04-26T15:59:12+00:00\",\"dateModified\":\"2024-04-26T16:26:00+00:00\",\"description\":\"Clairvoyance. Permet de conserver une vision d\u2019ensemble dans les situations complexes et aide en cas de difficult\u00e9 de prise de d\u00e9cision.\",\"breadcrumb\":{\"@id\":\"https:\/\/lescreationsde.celineinmyworldmedium.com\/index.php\/produit\/bracelet-pixiu-pour-attirer-la-chance-et-labondance-en-oeil-de-faucon-et-obsidienne-oeil-celeste\/#breadcrumb\"},\"inLanguage\":\"fr-FR\",\"potentialAction\":[{\"@type\":\"ReadAction\",\"target\":[\"https:\/\/lescreationsde.celineinmyworldmedium.com\/index.php\/produit\/bracelet-pixiu-pour-attirer-la-chance-et-labondance-en-oeil-de-faucon-et-obsidienne-oeil-celeste\/\"]}]},{\"@type\":\"ImageObject\",\"inLanguage\":\"fr-FR\",\"@id\":\"https:\/\/lescreationsde.celineinmyworldmedium.com\/index.php\/produit\/bracelet-pixiu-pour-attirer-la-chance-et-labondance-en-oeil-de-faucon-et-obsidienne-oeil-celeste\/#primaryimage\",\"url\":\"https:\/\/lescreationsde.celineinmyworldmedium.com\/wp-content\/uploads\/2024\/04\/Bracelet_Pixiu_pour_attirer_la_chance_et_l-abondance_en_Oeil-de-faucon_et_Obsidienne_Oeil_Celeste.jpg\",\"contentUrl\":\"https:\/\/lescreationsde.celineinmyworldmedium.com\/wp-content\/uploads\/2024\/04\/Bracelet_Pixiu_pour_attirer_la_chance_et_l-abondance_en_Oeil-de-faucon_et_Obsidienne_Oeil_Celeste.jpg\",\"width\":960,\"height\":960,\"caption\":\"Bracelet Pixiu pour attirer la chance et l'abondance, en \u0152il-de-faucon et Obsidienne \u0152il C\u00e9leste\"},{\"@type\":\"BreadcrumbList\",\"@id\":\"https:\/\/lescreationsde.celineinmyworldmedium.com\/index.php\/produit\/bracelet-pixiu-pour-attirer-la-chance-et-labondance-en-oeil-de-faucon-et-obsidienne-oeil-celeste\/#breadcrumb\",\"itemListElement\":[{\"@type\":\"ListItem\",\"position\":1,\"name\":\"Accueil\",\"item\":\"https:\/\/lescreationsde.celineinmyworldmedium.com\/\"},{\"@type\":\"ListItem\",\"position\":2,\"name\":\"Produits\",\"item\":\"https:\/\/lescreationsde.celineinmyworldmedium.com\/index.php\/boutique\/\"},{\"@type\":\"ListItem\",\"position\":3,\"name\":\"Bracelet Pixiu pour attirer la chance et l&#8217;abondance, en \u0152il-de-faucon et Obsidienne \u0152il C\u00e9leste\"}]},{\"@type\":\"WebSite\",\"@id\":\"https:\/\/lescreationsde.celineinmyworldmedium.com\/#website\",\"url\":\"https:\/\/lescreationsde.celineinmyworldmedium.com\/\",\"name\":\"Les cr\u00e9ations de C\u00e9line Inmyworld\",\"description\":\"Cr\u00e9ation de bijoux personnalis\u00e9s, sur-mesure, en pierres semi-pr\u00e9cieuses de qualit\u00e9. Bracelets, boucles d&#039;oreilles, colliers, sautoirs, malas, cha\u00eenes de cheville, bagues...\u2764\",\"publisher\":{\"@id\":\"https:\/\/lescreationsde.celineinmyworldmedium.com\/#organization\"},\"potentialAction\":[{\"@type\":\"SearchAction\",\"target\":{\"@type\":\"EntryPoint\",\"urlTemplate\":\"https:\/\/lescreationsde.celineinmyworldmedium.com\/?s={search_term_string}\"},\"query-input\":{\"@type\":\"PropertyValueSpecification\",\"valueRequired\":true,\"valueName\":\"search_term_string\"}}],\"inLanguage\":\"fr-FR\"},{\"@type\":\"Organization\",\"@id\":\"https:\/\/lescreationsde.celineinmyworldmedium.com\/#organization\",\"name\":\"Les cr\u00e9ations de C\u00e9line Inmyworld\",\"url\":\"https:\/\/lescreationsde.celineinmyworldmedium.com\/\",\"logo\":{\"@type\":\"ImageObject\",\"inLanguage\":\"fr-FR\",\"@id\":\"https:\/\/lescreationsde.celineinmyworldmedium.com\/#\/schema\/logo\/image\/\",\"url\":\"https:\/\/lescreationsde.celineinmyworldmedium.com\/wp-content\/uploads\/2021\/03\/logo_creations3.png\",\"contentUrl\":\"https:\/\/lescreationsde.celineinmyworldmedium.com\/wp-content\/uploads\/2021\/03\/logo_creations3.png\",\"width\":613,\"height\":190,\"caption\":\"Les cr\u00e9ations de C\u00e9line Inmyworld\"},\"image\":{\"@id\":\"https:\/\/lescreationsde.celineinmyworldmedium.com\/#\/schema\/logo\/image\/\"}}]}<\/script>\n<!-- \/ Yoast SEO plugin. -->","yoast_head_json":{"title":"Bracelet Pixiu pour attirer la chance et l'abondance,... - La Boutique","description":"Clairvoyance. Permet de conserver une vision d\u2019ensemble dans les situations complexes et aide en cas de difficult\u00e9 de prise de d\u00e9cision.","robots":{"index":"index","follow":"follow","max-snippet":"max-snippet:-1","max-image-preview":"max-image-preview:large","max-video-preview":"max-video-preview:-1"},"canonical":"https:\/\/lescreationsde.celineinmyworldmedium.com\/index.php\/produit\/bracelet-pixiu-pour-attirer-la-chance-et-labondance-en-oeil-de-faucon-et-obsidienne-oeil-celeste\/","og_locale":"fr_FR","og_type":"article","og_title":"Bracelet Pixiu pour attirer la chance et l'abondance,... - La Boutique","og_description":"Clairvoyance. Permet de conserver une vision d\u2019ensemble dans les situations complexes et aide en cas de difficult\u00e9 de prise de d\u00e9cision.","og_url":"https:\/\/lescreationsde.celineinmyworldmedium.com\/index.php\/produit\/bracelet-pixiu-pour-attirer-la-chance-et-labondance-en-oeil-de-faucon-et-obsidienne-oeil-celeste\/","og_site_name":"Les cr\u00e9ations de C\u00e9line Inmyworld","article_modified_time":"2024-04-26T16:26:00+00:00","og_image":[{"width":960,"height":960,"url":"https:\/\/lescreationsde.celineinmyworldmedium.com\/wp-content\/uploads\/2024\/04\/Bracelet_Pixiu_pour_attirer_la_chance_et_l-abondance_en_Oeil-de-faucon_et_Obsidienne_Oeil_Celeste.jpg","type":"image\/jpeg"}],"twitter_card":"summary_large_image","twitter_misc":{"Dur\u00e9e de lecture estim\u00e9e":"3 minutes"},"schema":{"@context":"https:\/\/schema.org","@graph":[{"@type":"WebPage","@id":"https:\/\/lescreationsde.celineinmyworldmedium.com\/index.php\/produit\/bracelet-pixiu-pour-attirer-la-chance-et-labondance-en-oeil-de-faucon-et-obsidienne-oeil-celeste\/","url":"https:\/\/lescreationsde.celineinmyworldmedium.com\/index.php\/produit\/bracelet-pixiu-pour-attirer-la-chance-et-labondance-en-oeil-de-faucon-et-obsidienne-oeil-celeste\/","name":"Bracelet Pixiu pour attirer la chance et l'abondance,... - La Boutique","isPartOf":{"@id":"https:\/\/lescreationsde.celineinmyworldmedium.com\/#website"},"primaryImageOfPage":{"@id":"https:\/\/lescreationsde.celineinmyworldmedium.com\/index.php\/produit\/bracelet-pixiu-pour-attirer-la-chance-et-labondance-en-oeil-de-faucon-et-obsidienne-oeil-celeste\/#primaryimage"},"image":{"@id":"https:\/\/lescreationsde.celineinmyworldmedium.com\/index.php\/produit\/bracelet-pixiu-pour-attirer-la-chance-et-labondance-en-oeil-de-faucon-et-obsidienne-oeil-celeste\/#primaryimage"},"thumbnailUrl":"https:\/\/lescreationsde.celineinmyworldmedium.com\/wp-content\/uploads\/2024\/04\/Bracelet_Pixiu_pour_attirer_la_chance_et_l-abondance_en_Oeil-de-faucon_et_Obsidienne_Oeil_Celeste.jpg","datePublished":"2024-04-26T15:59:12+00:00","dateModified":"2024-04-26T16:26:00+00:00","description":"Clairvoyance. Permet de conserver une vision d\u2019ensemble dans les situations complexes et aide en cas de difficult\u00e9 de prise de d\u00e9cision.","breadcrumb":{"@id":"https:\/\/lescreationsde.celineinmyworldmedium.com\/index.php\/produit\/bracelet-pixiu-pour-attirer-la-chance-et-labondance-en-oeil-de-faucon-et-obsidienne-oeil-celeste\/#breadcrumb"},"inLanguage":"fr-FR","potentialAction":[{"@type":"ReadAction","target":["https:\/\/lescreationsde.celineinmyworldmedium.com\/index.php\/produit\/bracelet-pixiu-pour-attirer-la-chance-et-labondance-en-oeil-de-faucon-et-obsidienne-oeil-celeste\/"]}]},{"@type":"ImageObject","inLanguage":"fr-FR","@id":"https:\/\/lescreationsde.celineinmyworldmedium.com\/index.php\/produit\/bracelet-pixiu-pour-attirer-la-chance-et-labondance-en-oeil-de-faucon-et-obsidienne-oeil-celeste\/#primaryimage","url":"https:\/\/lescreationsde.celineinmyworldmedium.com\/wp-content\/uploads\/2024\/04\/Bracelet_Pixiu_pour_attirer_la_chance_et_l-abondance_en_Oeil-de-faucon_et_Obsidienne_Oeil_Celeste.jpg","contentUrl":"https:\/\/lescreationsde.celineinmyworldmedium.com\/wp-content\/uploads\/2024\/04\/Bracelet_Pixiu_pour_attirer_la_chance_et_l-abondance_en_Oeil-de-faucon_et_Obsidienne_Oeil_Celeste.jpg","width":960,"height":960,"caption":"Bracelet Pixiu pour attirer la chance et l'abondance, en \u0152il-de-faucon et Obsidienne \u0152il C\u00e9leste"},{"@type":"BreadcrumbList","@id":"https:\/\/lescreationsde.celineinmyworldmedium.com\/index.php\/produit\/bracelet-pixiu-pour-attirer-la-chance-et-labondance-en-oeil-de-faucon-et-obsidienne-oeil-celeste\/#breadcrumb","itemListElement":[{"@type":"ListItem","position":1,"name":"Accueil","item":"https:\/\/lescreationsde.celineinmyworldmedium.com\/"},{"@type":"ListItem","position":2,"name":"Produits","item":"https:\/\/lescreationsde.celineinmyworldmedium.com\/index.php\/boutique\/"},{"@type":"ListItem","position":3,"name":"Bracelet Pixiu pour attirer la chance et l&#8217;abondance, en \u0152il-de-faucon et Obsidienne \u0152il C\u00e9leste"}]},{"@type":"WebSite","@id":"https:\/\/lescreationsde.celineinmyworldmedium.com\/#website","url":"https:\/\/lescreationsde.celineinmyworldmedium.com\/","name":"Les cr\u00e9ations de C\u00e9line Inmyworld","description":"Cr\u00e9ation de bijoux personnalis\u00e9s, sur-mesure, en pierres semi-pr\u00e9cieuses de qualit\u00e9. Bracelets, boucles d&#039;oreilles, colliers, sautoirs, malas, cha\u00eenes de cheville, bagues...\u2764","publisher":{"@id":"https:\/\/lescreationsde.celineinmyworldmedium.com\/#organization"},"potentialAction":[{"@type":"SearchAction","target":{"@type":"EntryPoint","urlTemplate":"https:\/\/lescreationsde.celineinmyworldmedium.com\/?s={search_term_string}"},"query-input":{"@type":"PropertyValueSpecification","valueRequired":true,"valueName":"search_term_string"}}],"inLanguage":"fr-FR"},{"@type":"Organization","@id":"https:\/\/lescreationsde.celineinmyworldmedium.com\/#organization","name":"Les cr\u00e9ations de C\u00e9line Inmyworld","url":"https:\/\/lescreationsde.celineinmyworldmedium.com\/","logo":{"@type":"ImageObject","inLanguage":"fr-FR","@id":"https:\/\/lescreationsde.celineinmyworldmedium.com\/#\/schema\/logo\/image\/","url":"https:\/\/lescreationsde.celineinmyworldmedium.com\/wp-content\/uploads\/2021\/03\/logo_creations3.png","contentUrl":"https:\/\/lescreationsde.celineinmyworldmedium.com\/wp-content\/uploads\/2021\/03\/logo_creations3.png","width":613,"height":190,"caption":"Les cr\u00e9ations de C\u00e9line Inmyworld"},"image":{"@id":"https:\/\/lescreationsde.celineinmyworldmedium.com\/#\/schema\/logo\/image\/"}}]}},"jetpack_sharing_enabled":true,"_links":{"self":[{"href":"https:\/\/lescreationsde.celineinmyworldmedium.com\/index.php\/wp-json\/wp\/v2\/product\/7871","targetHints":{"allow":["GET"]}}],"collection":[{"href":"https:\/\/lescreationsde.celineinmyworldmedium.com\/index.php\/wp-json\/wp\/v2\/product"}],"about":[{"href":"https:\/\/lescreationsde.celineinmyworldmedium.com\/index.php\/wp-json\/wp\/v2\/types\/product"}],"replies":[{"embeddable":true,"href":"https:\/\/lescreationsde.celineinmyworldmedium.com\/index.php\/wp-json\/wp\/v2\/comments?post=7871"}],"wp:featuredmedia":[{"embeddable":true,"href":"https:\/\/lescreationsde.celineinmyworldmedium.com\/index.php\/wp-json\/wp\/v2\/media\/7873"}],"wp:attachment":[{"href":"https:\/\/lescreationsde.celineinmyworldmedium.com\/index.php\/wp-json\/wp\/v2\/media?parent=7871"}],"wp:term":[{"taxonomy":"product_brand","embeddable":true,"href":"https:\/\/lescreationsde.celineinmyworldmedium.com\/index.php\/wp-json\/wp\/v2\/product_brand?post=7871"},{"taxonomy":"product_cat","embeddable":true,"href":"https:\/\/lescreationsde.celineinmyworldmedium.com\/index.php\/wp-json\/wp\/v2\/product_cat?post=7871"},{"taxonomy":"product_tag","embeddable":true,"href":"https:\/\/lescreationsde.celineinmyworldmedium.com\/index.php\/wp-json\/wp\/v2\/product_tag?post=7871"}],"curies":[{"name":"wp","href":"https:\/\/api.w.org\/{rel}","templated":true}]}}