{"id":7853,"date":"2024-04-18T11:33:16","date_gmt":"2024-04-18T09:33:16","guid":{"rendered":"https:\/\/lescreationsde.celineinmyworldmedium.com\/?post_type=product&#038;p=7853"},"modified":"2024-04-21T13:49:04","modified_gmt":"2024-04-21T11:49:04","slug":"porte-clefs-talisman-de-protection-pour-fortifier-lintuition-en-labradorite-avec-arbre-de-vie-en-hematite","status":"publish","type":"product","link":"https:\/\/lescreationsde.celineinmyworldmedium.com\/index.php\/produit\/porte-clefs-talisman-de-protection-pour-fortifier-lintuition-en-labradorite-avec-arbre-de-vie-en-hematite\/","title":{"rendered":"Porte-clefs Talisman de Protection pour fortifier l&rsquo;intuition, en Labradorite avec Arbre de Vie en H\u00e9matite"},"content":{"rendered":"<p><em>Ce porte-cl\u00e9s peut aussi \u00eatre utilis\u00e9 en pendentif.<\/em><\/p>\n<h4>1 &#8211; Les vertus de la labradorite :<\/h4>\n<p><strong>Sur le domaine spirituel<\/strong>, celui de l\u2019\u00eatre humain avec ses intentions, ses buts ou ses pr\u00e9occupations existentielles :<br \/>\n<strong>R\u00e9flexion, v\u00e9rit\u00e9.<\/strong><\/p>\n<p><strong>Sur le domaine de l\u2019\u00e2me<\/strong> ou du subconscient, ainsi que les notions de temp\u00e9rament, de sentiments, de sensations, de r\u00eaves, de v\u00e9cu sur le plan animique, d\u2019habitudes et de r\u00e9actions inconscientes :<br \/>\n<strong>Fortifie l\u2019intuition, la profondeur des sentiments et les dons m\u00e9diumniques.<\/strong><\/p>\n<p><strong>Sur le domaine mental<\/strong> avec les id\u00e9es, la raison, les convictions, les consid\u00e9rations, ainsi que le mode de pens\u00e9e et d\u2019action consciente :<br \/>\n<strong>Ravive les souvenirs oubli\u00e9s et aide \u00e0 reconna\u00eetre les illusions.<\/strong><\/p>\n<p><strong>Sur le domaine physique<\/strong> ou corporel, l\u2019ensemble de l\u2019organisme avec les sens, les organes et les fonctions :<br \/>\n<strong>Diminue la sensibilit\u00e9 au froid, baisse la tension, att\u00e9nue les rhumatismes et la goutte.<\/strong><\/p>\n<p>&nbsp;<\/p>\n<h4>2 &#8211; Les vertus de l\u2019h\u00e9matite :<\/h4>\n<p><strong>Sur le domaine spirituel,<\/strong> celui de l\u2019\u00eatre humain avec ses intentions, ses buts ou ses pr\u00e9occupations existentielles :<br \/>\n<strong>Am\u00e9lioration.<\/strong><\/p>\n<p><strong>Sur le domaine de l\u2019\u00e2me<\/strong> ou du subconscient, ainsi que les notions de temp\u00e9rament, de sentiments, de sensations, de r\u00eaves, de v\u00e9cu sur le plan animique, d\u2019habitudes et de r\u00e9actions inconscientes :<br \/>\n<strong>Renforce la volont\u00e9 et met en lumi\u00e8re les d\u00e9sirs inassouvis.<\/strong><\/p>\n<p><strong>Sur le domaine mental<\/strong> avec les id\u00e9es, la raison, les convictions, les consid\u00e9rations, ainsi que le mode de pens\u00e9e et d\u2019action consciente :<br \/>\n<strong>Attire l\u2019attention sur les besoins \u00e9l\u00e9mentaires et le bien-\u00eatre du corps.<\/strong><\/p>\n<p><strong>Sur le domaine physique<\/strong> ou corporel, l\u2019ensemble de l\u2019organisme avec les sens, les organes et les fonctions :<br \/>\n<strong>Favorise l\u2019assimilation du fer et l\u2019h\u00e9matopo\u00ef\u00e8se, fortifie l\u2019intestin gr\u00eale, le gros intestin et les reins.<\/strong><\/p>\n<p><em><strong>L\u2019arbre de vie :<\/strong><br \/>\nSymbole d\u2019amour et de protection.<br \/>\nPr\u00e9sent dans les traditions religieuses, il incarne une plante d\u2019immortalit\u00e9 plac\u00e9e au milieu du Paradis : l\u2019arbre perd son feuillage l\u2019hiver et le retrouve au printemps. L\u2019arbre de vie est donc le symbole du cycle mort-r\u00e9surrection o\u00f9 la vie et l\u2019immortalit\u00e9 l\u2019emportent toujours sur la mort.<br \/>\nAvec ses racines fermement plant\u00e9es sous terre et ses branches dirig\u00e9es vers le ciel, il symbolise le lien entre le monde terrestre et l\u2019au del\u00e0. Faisant r\u00e9f\u00e9rence \u00e0 un sentiment d\u2019ancrage, il \u00e9voque la force de la vie et ses origines.<\/em><\/p>\n<p>&nbsp;<\/p>\n","protected":false},"excerpt":{"rendered":"<table>\n<tbody>\n<tr>\n<td style=\"texte-align: left; color: gray; border: none;\"><strong>Hors frais d\u2019exp\u00e9dition<\/strong><\/td>\n<\/tr>\n<tr>\n<td style=\"texte-align: left; color: gray; border: none;\"><strong>Bijoux sur commande<br \/>\nD\u00e9lai de confection environ 30 jours<\/strong><\/td>\n<\/tr>\n<\/tbody>\n<\/table>\n","protected":false},"featured_media":7856,"comment_status":"open","ping_status":"closed","template":"","meta":[],"product_brand":[],"product_cat":[607,967,617,476],"product_tag":[152,106,42,44,38,47,43,41,40,39,23,25,36,34,26,37,35,16,24,45,17,33,105,313,32,27,89,22,28,1810],"class_list":{"0":"post-7853","1":"product","2":"type-product","3":"status-publish","4":"has-post-thumbnail","6":"product_cat-pendentifs","7":"product_cat-pendentifs-creations","8":"product_cat-hematite-pierres","9":"product_cat-labradorite-pierres","10":"product_tag-amour","11":"product_tag-argent","12":"product_tag-bijou","13":"product_tag-bijou-energetique","14":"product_tag-bijoux","15":"product_tag-bijoux-anti-allergies","16":"product_tag-bijoux-energetiques","17":"product_tag-bijoux-fait-main","18":"product_tag-bijoux-personnalises","19":"product_tag-bijoux-sur-mesure","20":"product_tag-boucles-doreilles","21":"product_tag-bracelet","22":"product_tag-bracelet-femme","23":"product_tag-bracelet-homme","24":"product_tag-bracelets","25":"product_tag-bracelets-femme","26":"product_tag-bracelets-homme","27":"product_tag-collier","28":"product_tag-collier-femme","29":"product_tag-collier-personnalise","30":"product_tag-colliers","31":"product_tag-energetique","32":"product_tag-hematite","33":"product_tag-labradorite","34":"product_tag-lithotherapie","35":"product_tag-pierre","36":"product_tag-pierre-naturelle","37":"product_tag-pierre-semi-precieuse","38":"product_tag-pierres-naturelles","39":"product_tag-porte-clefs-talisman-de-protection-pour-fortifier-lintuition","41":"first","42":"instock","43":"shipping-taxable","44":"purchasable","45":"product-type-variable"},"yoast_head":"<!-- This site is optimized with the Yoast SEO plugin v27.2 - https:\/\/yoast.com\/product\/yoast-seo-wordpress\/ -->\n<title>Porte-clefs Talisman de Protection pour fortifier l&#039;intuition...<\/title>\n<meta name=\"description\" content=\"Fortifie l\u2019intuition, la profondeur des sentiments et les dons m\u00e9diumniques. Renforce la volont\u00e9 et met en lumi\u00e8re les d\u00e9sirs inassouvis.\" \/>\n<meta name=\"robots\" content=\"index, follow, max-snippet:-1, max-image-preview:large, max-video-preview:-1\" \/>\n<link rel=\"canonical\" href=\"https:\/\/lescreationsde.celineinmyworldmedium.com\/index.php\/produit\/porte-clefs-talisman-de-protection-pour-fortifier-lintuition-en-labradorite-avec-arbre-de-vie-en-hematite\/\" \/>\n<meta property=\"og:locale\" content=\"fr_FR\" \/>\n<meta property=\"og:type\" content=\"article\" \/>\n<meta property=\"og:title\" content=\"Porte-clefs Talisman de Protection pour fortifier l&#039;intuition...\" \/>\n<meta property=\"og:description\" content=\"Fortifie l\u2019intuition, la profondeur des sentiments et les dons m\u00e9diumniques. Renforce la volont\u00e9 et met en lumi\u00e8re les d\u00e9sirs inassouvis.\" \/>\n<meta property=\"og:url\" content=\"https:\/\/lescreationsde.celineinmyworldmedium.com\/index.php\/produit\/porte-clefs-talisman-de-protection-pour-fortifier-lintuition-en-labradorite-avec-arbre-de-vie-en-hematite\/\" \/>\n<meta property=\"og:site_name\" content=\"Les cr\u00e9ations de C\u00e9line Inmyworld\" \/>\n<meta property=\"article:modified_time\" content=\"2024-04-21T11:49:04+00:00\" \/>\n<meta property=\"og:image\" content=\"https:\/\/lescreationsde.celineinmyworldmedium.com\/wp-content\/uploads\/2024\/04\/Porte-clefs_Talisman_de_Protection_pour_fortifier_l-intuition_en_Labradorite_avec_Arbre_de_Vie_en_Hematite.jpg\" \/>\n\t<meta property=\"og:image:width\" content=\"960\" \/>\n\t<meta property=\"og:image:height\" content=\"960\" \/>\n\t<meta property=\"og:image:type\" content=\"image\/jpeg\" \/>\n<meta name=\"twitter:card\" content=\"summary_large_image\" \/>\n<meta name=\"twitter:label1\" content=\"Dur\u00e9e de lecture estim\u00e9e\" \/>\n\t<meta name=\"twitter:data1\" content=\"3 minutes\" \/>\n<script type=\"application\/ld+json\" class=\"yoast-schema-graph\">{\"@context\":\"https:\/\/schema.org\",\"@graph\":[{\"@type\":\"WebPage\",\"@id\":\"https:\/\/lescreationsde.celineinmyworldmedium.com\/index.php\/produit\/porte-clefs-talisman-de-protection-pour-fortifier-lintuition-en-labradorite-avec-arbre-de-vie-en-hematite\/\",\"url\":\"https:\/\/lescreationsde.celineinmyworldmedium.com\/index.php\/produit\/porte-clefs-talisman-de-protection-pour-fortifier-lintuition-en-labradorite-avec-arbre-de-vie-en-hematite\/\",\"name\":\"Porte-clefs Talisman de Protection pour fortifier l'intuition...\",\"isPartOf\":{\"@id\":\"https:\/\/lescreationsde.celineinmyworldmedium.com\/#website\"},\"primaryImageOfPage\":{\"@id\":\"https:\/\/lescreationsde.celineinmyworldmedium.com\/index.php\/produit\/porte-clefs-talisman-de-protection-pour-fortifier-lintuition-en-labradorite-avec-arbre-de-vie-en-hematite\/#primaryimage\"},\"image\":{\"@id\":\"https:\/\/lescreationsde.celineinmyworldmedium.com\/index.php\/produit\/porte-clefs-talisman-de-protection-pour-fortifier-lintuition-en-labradorite-avec-arbre-de-vie-en-hematite\/#primaryimage\"},\"thumbnailUrl\":\"https:\/\/lescreationsde.celineinmyworldmedium.com\/wp-content\/uploads\/2024\/04\/Porte-clefs_Talisman_de_Protection_pour_fortifier_l-intuition_en_Labradorite_avec_Arbre_de_Vie_en_Hematite.jpg\",\"datePublished\":\"2024-04-18T09:33:16+00:00\",\"dateModified\":\"2024-04-21T11:49:04+00:00\",\"description\":\"Fortifie l\u2019intuition, la profondeur des sentiments et les dons m\u00e9diumniques. Renforce la volont\u00e9 et met en lumi\u00e8re les d\u00e9sirs inassouvis.\",\"breadcrumb\":{\"@id\":\"https:\/\/lescreationsde.celineinmyworldmedium.com\/index.php\/produit\/porte-clefs-talisman-de-protection-pour-fortifier-lintuition-en-labradorite-avec-arbre-de-vie-en-hematite\/#breadcrumb\"},\"inLanguage\":\"fr-FR\",\"potentialAction\":[{\"@type\":\"ReadAction\",\"target\":[\"https:\/\/lescreationsde.celineinmyworldmedium.com\/index.php\/produit\/porte-clefs-talisman-de-protection-pour-fortifier-lintuition-en-labradorite-avec-arbre-de-vie-en-hematite\/\"]}]},{\"@type\":\"ImageObject\",\"inLanguage\":\"fr-FR\",\"@id\":\"https:\/\/lescreationsde.celineinmyworldmedium.com\/index.php\/produit\/porte-clefs-talisman-de-protection-pour-fortifier-lintuition-en-labradorite-avec-arbre-de-vie-en-hematite\/#primaryimage\",\"url\":\"https:\/\/lescreationsde.celineinmyworldmedium.com\/wp-content\/uploads\/2024\/04\/Porte-clefs_Talisman_de_Protection_pour_fortifier_l-intuition_en_Labradorite_avec_Arbre_de_Vie_en_Hematite.jpg\",\"contentUrl\":\"https:\/\/lescreationsde.celineinmyworldmedium.com\/wp-content\/uploads\/2024\/04\/Porte-clefs_Talisman_de_Protection_pour_fortifier_l-intuition_en_Labradorite_avec_Arbre_de_Vie_en_Hematite.jpg\",\"width\":960,\"height\":960,\"caption\":\"Porte-clefs Talisman de Protection pour fortifier l'intuition, en Labradorite avec Arbre de Vie en H\u00e9matite\"},{\"@type\":\"BreadcrumbList\",\"@id\":\"https:\/\/lescreationsde.celineinmyworldmedium.com\/index.php\/produit\/porte-clefs-talisman-de-protection-pour-fortifier-lintuition-en-labradorite-avec-arbre-de-vie-en-hematite\/#breadcrumb\",\"itemListElement\":[{\"@type\":\"ListItem\",\"position\":1,\"name\":\"Accueil\",\"item\":\"https:\/\/lescreationsde.celineinmyworldmedium.com\/\"},{\"@type\":\"ListItem\",\"position\":2,\"name\":\"Produits\",\"item\":\"https:\/\/lescreationsde.celineinmyworldmedium.com\/index.php\/boutique\/\"},{\"@type\":\"ListItem\",\"position\":3,\"name\":\"Porte-clefs Talisman de Protection pour fortifier l&#8217;intuition, en Labradorite avec Arbre de Vie en H\u00e9matite\"}]},{\"@type\":\"WebSite\",\"@id\":\"https:\/\/lescreationsde.celineinmyworldmedium.com\/#website\",\"url\":\"https:\/\/lescreationsde.celineinmyworldmedium.com\/\",\"name\":\"Les cr\u00e9ations de C\u00e9line Inmyworld\",\"description\":\"Cr\u00e9ation de bijoux personnalis\u00e9s, sur-mesure, en pierres semi-pr\u00e9cieuses de qualit\u00e9. Bracelets, boucles d&#039;oreilles, colliers, sautoirs, malas, cha\u00eenes de cheville, bagues...\u2764\",\"publisher\":{\"@id\":\"https:\/\/lescreationsde.celineinmyworldmedium.com\/#organization\"},\"potentialAction\":[{\"@type\":\"SearchAction\",\"target\":{\"@type\":\"EntryPoint\",\"urlTemplate\":\"https:\/\/lescreationsde.celineinmyworldmedium.com\/?s={search_term_string}\"},\"query-input\":{\"@type\":\"PropertyValueSpecification\",\"valueRequired\":true,\"valueName\":\"search_term_string\"}}],\"inLanguage\":\"fr-FR\"},{\"@type\":\"Organization\",\"@id\":\"https:\/\/lescreationsde.celineinmyworldmedium.com\/#organization\",\"name\":\"Les cr\u00e9ations de C\u00e9line Inmyworld\",\"url\":\"https:\/\/lescreationsde.celineinmyworldmedium.com\/\",\"logo\":{\"@type\":\"ImageObject\",\"inLanguage\":\"fr-FR\",\"@id\":\"https:\/\/lescreationsde.celineinmyworldmedium.com\/#\/schema\/logo\/image\/\",\"url\":\"https:\/\/lescreationsde.celineinmyworldmedium.com\/wp-content\/uploads\/2021\/03\/logo_creations3.png\",\"contentUrl\":\"https:\/\/lescreationsde.celineinmyworldmedium.com\/wp-content\/uploads\/2021\/03\/logo_creations3.png\",\"width\":613,\"height\":190,\"caption\":\"Les cr\u00e9ations de C\u00e9line Inmyworld\"},\"image\":{\"@id\":\"https:\/\/lescreationsde.celineinmyworldmedium.com\/#\/schema\/logo\/image\/\"}}]}<\/script>\n<!-- \/ Yoast SEO plugin. -->","yoast_head_json":{"title":"Porte-clefs Talisman de Protection pour fortifier l'intuition...","description":"Fortifie l\u2019intuition, la profondeur des sentiments et les dons m\u00e9diumniques. Renforce la volont\u00e9 et met en lumi\u00e8re les d\u00e9sirs inassouvis.","robots":{"index":"index","follow":"follow","max-snippet":"max-snippet:-1","max-image-preview":"max-image-preview:large","max-video-preview":"max-video-preview:-1"},"canonical":"https:\/\/lescreationsde.celineinmyworldmedium.com\/index.php\/produit\/porte-clefs-talisman-de-protection-pour-fortifier-lintuition-en-labradorite-avec-arbre-de-vie-en-hematite\/","og_locale":"fr_FR","og_type":"article","og_title":"Porte-clefs Talisman de Protection pour fortifier l'intuition...","og_description":"Fortifie l\u2019intuition, la profondeur des sentiments et les dons m\u00e9diumniques. Renforce la volont\u00e9 et met en lumi\u00e8re les d\u00e9sirs inassouvis.","og_url":"https:\/\/lescreationsde.celineinmyworldmedium.com\/index.php\/produit\/porte-clefs-talisman-de-protection-pour-fortifier-lintuition-en-labradorite-avec-arbre-de-vie-en-hematite\/","og_site_name":"Les cr\u00e9ations de C\u00e9line Inmyworld","article_modified_time":"2024-04-21T11:49:04+00:00","og_image":[{"width":960,"height":960,"url":"https:\/\/lescreationsde.celineinmyworldmedium.com\/wp-content\/uploads\/2024\/04\/Porte-clefs_Talisman_de_Protection_pour_fortifier_l-intuition_en_Labradorite_avec_Arbre_de_Vie_en_Hematite.jpg","type":"image\/jpeg"}],"twitter_card":"summary_large_image","twitter_misc":{"Dur\u00e9e de lecture estim\u00e9e":"3 minutes"},"schema":{"@context":"https:\/\/schema.org","@graph":[{"@type":"WebPage","@id":"https:\/\/lescreationsde.celineinmyworldmedium.com\/index.php\/produit\/porte-clefs-talisman-de-protection-pour-fortifier-lintuition-en-labradorite-avec-arbre-de-vie-en-hematite\/","url":"https:\/\/lescreationsde.celineinmyworldmedium.com\/index.php\/produit\/porte-clefs-talisman-de-protection-pour-fortifier-lintuition-en-labradorite-avec-arbre-de-vie-en-hematite\/","name":"Porte-clefs Talisman de Protection pour fortifier l'intuition...","isPartOf":{"@id":"https:\/\/lescreationsde.celineinmyworldmedium.com\/#website"},"primaryImageOfPage":{"@id":"https:\/\/lescreationsde.celineinmyworldmedium.com\/index.php\/produit\/porte-clefs-talisman-de-protection-pour-fortifier-lintuition-en-labradorite-avec-arbre-de-vie-en-hematite\/#primaryimage"},"image":{"@id":"https:\/\/lescreationsde.celineinmyworldmedium.com\/index.php\/produit\/porte-clefs-talisman-de-protection-pour-fortifier-lintuition-en-labradorite-avec-arbre-de-vie-en-hematite\/#primaryimage"},"thumbnailUrl":"https:\/\/lescreationsde.celineinmyworldmedium.com\/wp-content\/uploads\/2024\/04\/Porte-clefs_Talisman_de_Protection_pour_fortifier_l-intuition_en_Labradorite_avec_Arbre_de_Vie_en_Hematite.jpg","datePublished":"2024-04-18T09:33:16+00:00","dateModified":"2024-04-21T11:49:04+00:00","description":"Fortifie l\u2019intuition, la profondeur des sentiments et les dons m\u00e9diumniques. Renforce la volont\u00e9 et met en lumi\u00e8re les d\u00e9sirs inassouvis.","breadcrumb":{"@id":"https:\/\/lescreationsde.celineinmyworldmedium.com\/index.php\/produit\/porte-clefs-talisman-de-protection-pour-fortifier-lintuition-en-labradorite-avec-arbre-de-vie-en-hematite\/#breadcrumb"},"inLanguage":"fr-FR","potentialAction":[{"@type":"ReadAction","target":["https:\/\/lescreationsde.celineinmyworldmedium.com\/index.php\/produit\/porte-clefs-talisman-de-protection-pour-fortifier-lintuition-en-labradorite-avec-arbre-de-vie-en-hematite\/"]}]},{"@type":"ImageObject","inLanguage":"fr-FR","@id":"https:\/\/lescreationsde.celineinmyworldmedium.com\/index.php\/produit\/porte-clefs-talisman-de-protection-pour-fortifier-lintuition-en-labradorite-avec-arbre-de-vie-en-hematite\/#primaryimage","url":"https:\/\/lescreationsde.celineinmyworldmedium.com\/wp-content\/uploads\/2024\/04\/Porte-clefs_Talisman_de_Protection_pour_fortifier_l-intuition_en_Labradorite_avec_Arbre_de_Vie_en_Hematite.jpg","contentUrl":"https:\/\/lescreationsde.celineinmyworldmedium.com\/wp-content\/uploads\/2024\/04\/Porte-clefs_Talisman_de_Protection_pour_fortifier_l-intuition_en_Labradorite_avec_Arbre_de_Vie_en_Hematite.jpg","width":960,"height":960,"caption":"Porte-clefs Talisman de Protection pour fortifier l'intuition, en Labradorite avec Arbre de Vie en H\u00e9matite"},{"@type":"BreadcrumbList","@id":"https:\/\/lescreationsde.celineinmyworldmedium.com\/index.php\/produit\/porte-clefs-talisman-de-protection-pour-fortifier-lintuition-en-labradorite-avec-arbre-de-vie-en-hematite\/#breadcrumb","itemListElement":[{"@type":"ListItem","position":1,"name":"Accueil","item":"https:\/\/lescreationsde.celineinmyworldmedium.com\/"},{"@type":"ListItem","position":2,"name":"Produits","item":"https:\/\/lescreationsde.celineinmyworldmedium.com\/index.php\/boutique\/"},{"@type":"ListItem","position":3,"name":"Porte-clefs Talisman de Protection pour fortifier l&#8217;intuition, en Labradorite avec Arbre de Vie en H\u00e9matite"}]},{"@type":"WebSite","@id":"https:\/\/lescreationsde.celineinmyworldmedium.com\/#website","url":"https:\/\/lescreationsde.celineinmyworldmedium.com\/","name":"Les cr\u00e9ations de C\u00e9line Inmyworld","description":"Cr\u00e9ation de bijoux personnalis\u00e9s, sur-mesure, en pierres semi-pr\u00e9cieuses de qualit\u00e9. Bracelets, boucles d&#039;oreilles, colliers, sautoirs, malas, cha\u00eenes de cheville, bagues...\u2764","publisher":{"@id":"https:\/\/lescreationsde.celineinmyworldmedium.com\/#organization"},"potentialAction":[{"@type":"SearchAction","target":{"@type":"EntryPoint","urlTemplate":"https:\/\/lescreationsde.celineinmyworldmedium.com\/?s={search_term_string}"},"query-input":{"@type":"PropertyValueSpecification","valueRequired":true,"valueName":"search_term_string"}}],"inLanguage":"fr-FR"},{"@type":"Organization","@id":"https:\/\/lescreationsde.celineinmyworldmedium.com\/#organization","name":"Les cr\u00e9ations de C\u00e9line Inmyworld","url":"https:\/\/lescreationsde.celineinmyworldmedium.com\/","logo":{"@type":"ImageObject","inLanguage":"fr-FR","@id":"https:\/\/lescreationsde.celineinmyworldmedium.com\/#\/schema\/logo\/image\/","url":"https:\/\/lescreationsde.celineinmyworldmedium.com\/wp-content\/uploads\/2021\/03\/logo_creations3.png","contentUrl":"https:\/\/lescreationsde.celineinmyworldmedium.com\/wp-content\/uploads\/2021\/03\/logo_creations3.png","width":613,"height":190,"caption":"Les cr\u00e9ations de C\u00e9line Inmyworld"},"image":{"@id":"https:\/\/lescreationsde.celineinmyworldmedium.com\/#\/schema\/logo\/image\/"}}]}},"jetpack_sharing_enabled":true,"_links":{"self":[{"href":"https:\/\/lescreationsde.celineinmyworldmedium.com\/index.php\/wp-json\/wp\/v2\/product\/7853","targetHints":{"allow":["GET"]}}],"collection":[{"href":"https:\/\/lescreationsde.celineinmyworldmedium.com\/index.php\/wp-json\/wp\/v2\/product"}],"about":[{"href":"https:\/\/lescreationsde.celineinmyworldmedium.com\/index.php\/wp-json\/wp\/v2\/types\/product"}],"replies":[{"embeddable":true,"href":"https:\/\/lescreationsde.celineinmyworldmedium.com\/index.php\/wp-json\/wp\/v2\/comments?post=7853"}],"wp:featuredmedia":[{"embeddable":true,"href":"https:\/\/lescreationsde.celineinmyworldmedium.com\/index.php\/wp-json\/wp\/v2\/media\/7856"}],"wp:attachment":[{"href":"https:\/\/lescreationsde.celineinmyworldmedium.com\/index.php\/wp-json\/wp\/v2\/media?parent=7853"}],"wp:term":[{"taxonomy":"product_brand","embeddable":true,"href":"https:\/\/lescreationsde.celineinmyworldmedium.com\/index.php\/wp-json\/wp\/v2\/product_brand?post=7853"},{"taxonomy":"product_cat","embeddable":true,"href":"https:\/\/lescreationsde.celineinmyworldmedium.com\/index.php\/wp-json\/wp\/v2\/product_cat?post=7853"},{"taxonomy":"product_tag","embeddable":true,"href":"https:\/\/lescreationsde.celineinmyworldmedium.com\/index.php\/wp-json\/wp\/v2\/product_tag?post=7853"}],"curies":[{"name":"wp","href":"https:\/\/api.w.org\/{rel}","templated":true}]}}