{"id":7850,"date":"2024-04-17T20:07:55","date_gmt":"2024-04-17T18:07:55","guid":{"rendered":"https:\/\/lescreationsde.celineinmyworldmedium.com\/?post_type=product&#038;p=7850"},"modified":"2024-04-17T20:17:08","modified_gmt":"2024-04-17T18:17:08","slug":"boucles-doreilles-merkaba-en-turquoise-stabilisee","status":"publish","type":"product","link":"https:\/\/lescreationsde.celineinmyworldmedium.com\/index.php\/produit\/boucles-doreilles-merkaba-en-turquoise-stabilisee\/","title":{"rendered":"Boucles d&rsquo;oreilles Merkaba, en Turquoise (stabilis\u00e9e)"},"content":{"rendered":"<h4>Les vertus de la turquoise :<\/h4>\n<p><strong>Sur le domaine spirituel<\/strong>, celui de l\u2019\u00eatre humain avec ses intentions, ses buts ou ses pr\u00e9occupations existentielles :<br \/>\n<strong>Destin.<\/strong><\/p>\n<p><strong>Sur le domaine de l\u2019\u00e2me<\/strong> ou du subconscient, ainsi que les notions de temp\u00e9rament, de sentiments, de sensations, de r\u00eaves, de v\u00e9cu sur le plan animique, d\u2019habitudes et de r\u00e9actions inconscientes :<br \/>\n<strong>\u00c9quilibrant, stimulant, prot\u00e8ge des influences ext\u00e9rieures.<\/strong><\/p>\n<p><strong>Sur le domaine mental<\/strong> avec les id\u00e9es, la raison, les convictions, les consid\u00e9rations, ainsi que le mode de pens\u00e9e et d\u2019action consciente :<br \/>\n<strong>Permet d\u2019identifier les causes du bonheur et du malheur et de les ma\u00eetriser.<\/strong><\/p>\n<p><strong>Sur le domaine physique<\/strong> ou corporel, l\u2019ensemble de l\u2019organisme avec les sens, les organes et les fonctions :<br \/>\n<strong>Aide en cas d\u2019\u00e9puisement, d\u2019hyperacidit\u00e9, de rhumatismes, de goutte, de troubles gastriques et de crampes.<\/strong><\/p>\n<p><em><strong>La Merkaba :<\/strong><br \/>\nSymbole sacr\u00e9 permettant l\u2019activation des \u00e9nergies ou champ vibratoire puissant, la Merkaba prend diff\u00e9rentes significations dans la spiritualit\u00e9 traditionnelle et contemporaine. Dans la mystique juive, elle est m\u00eame \u00e9voqu\u00e9e comme un \u201cchar\u201d permettant \u00e0 l\u2019\u00eatre humain d\u2019acc\u00e9der au monde divin, ou \u00e0 d\u2019autres plans de conscience\u2026 Int\u00e9gr\u00e9 dans votre vie, ce motif \u00e9sot\u00e9rique vous apportera protection, vitalit\u00e9 et favorisera l\u2019\u00e9panouissement spirituel.<\/em><\/p>\n<p><em>(Fabriqu\u00e9es sur crochets argent\u00e9s. Possibilit\u00e9 de les confectionner sur crochets en plastique semi-rigide antiallerg\u00e8ne.)<\/em><\/p>\n","protected":false},"excerpt":{"rendered":"<table>\n<tbody>\n<tr>\n<td style=\"texte-align: left; color: gray; border: none;\"><strong>Hors frais d\u2019exp\u00e9dition<\/strong><\/td>\n<\/tr>\n<tr>\n<td style=\"texte-align: left; color: gray; border: none;\"><strong>Bijoux confectionn\u00e9s sur-mesure, sur commande<br \/>\nLes couleurs et motifs des pierres varient d&rsquo;un bijou \u00e0 un autre<br \/>\nD\u00e9lai de confection environ 30 jours<\/strong><\/td>\n<\/tr>\n<tr>\n<td style=\"texte-align: left; color: green; border: none;\"><a href=\"https:\/\/lescreationsde.celineinmyworldmedium.com\/index.php\/categorie-produit\/catalogue\/accessoires\/crochets-boucles-doreilles\/\" target=\"_blank\" rel=\"noopener\"><strong>Voir les diff\u00e9rents crochets<\/strong><\/a><\/td>\n<\/tr>\n<tr>\n<td style=\"texte-align: left; color: blue; border: none;\"><em>(Dimension de la Merkaba = 15 mm)<\/em><\/td>\n<\/tr>\n<\/tbody>\n<\/table>\n","protected":false},"featured_media":7852,"comment_status":"open","ping_status":"closed","template":"","meta":[],"product_brand":[],"product_cat":[48,472],"product_tag":[152,106,42,44,38,47,43,41,40,39,23,1808,25,36,34,26,37,35,16,24,45,17,33,32,27,89,22,28,442],"class_list":{"0":"post-7850","1":"product","2":"type-product","3":"status-publish","4":"has-post-thumbnail","6":"product_cat-boucles-doreilles","7":"product_cat-turquoise-pierres","8":"product_tag-amour","9":"product_tag-argent","10":"product_tag-bijou","11":"product_tag-bijou-energetique","12":"product_tag-bijoux","13":"product_tag-bijoux-anti-allergies","14":"product_tag-bijoux-energetiques","15":"product_tag-bijoux-fait-main","16":"product_tag-bijoux-personnalises","17":"product_tag-bijoux-sur-mesure","18":"product_tag-boucles-doreilles","19":"product_tag-boucles-doreilles-merkaba","20":"product_tag-bracelet","21":"product_tag-bracelet-femme","22":"product_tag-bracelet-homme","23":"product_tag-bracelets","24":"product_tag-bracelets-femme","25":"product_tag-bracelets-homme","26":"product_tag-collier","27":"product_tag-collier-femme","28":"product_tag-collier-personnalise","29":"product_tag-colliers","30":"product_tag-energetique","31":"product_tag-lithotherapie","32":"product_tag-pierre","33":"product_tag-pierre-naturelle","34":"product_tag-pierre-semi-precieuse","35":"product_tag-pierres-naturelles","36":"product_tag-turquoise","38":"first","39":"instock","40":"shipping-taxable","41":"purchasable","42":"product-type-variable"},"yoast_head":"<!-- This site is optimized with the Yoast SEO plugin v27.2 - https:\/\/yoast.com\/product\/yoast-seo-wordpress\/ -->\n<title>Boucles d&#039;oreilles Merkaba, en Turquoise (stabilis\u00e9e) - Les cr\u00e9ations de C\u00e9line Inmyworld<\/title>\n<meta name=\"description\" content=\"\u00c9quilibrant, stimulant, prot\u00e8ge des influences ext\u00e9rieures. Permet d\u2019identifier les causes du bonheur et du malheur et de les ma\u00eetriser.\" \/>\n<meta name=\"robots\" content=\"index, follow, max-snippet:-1, max-image-preview:large, max-video-preview:-1\" \/>\n<link rel=\"canonical\" href=\"https:\/\/lescreationsde.celineinmyworldmedium.com\/index.php\/produit\/boucles-doreilles-merkaba-en-turquoise-stabilisee\/\" \/>\n<meta property=\"og:locale\" content=\"fr_FR\" \/>\n<meta property=\"og:type\" content=\"article\" \/>\n<meta property=\"og:title\" content=\"Boucles d&#039;oreilles Merkaba, en Turquoise (stabilis\u00e9e) - Les cr\u00e9ations de C\u00e9line Inmyworld\" \/>\n<meta property=\"og:description\" content=\"\u00c9quilibrant, stimulant, prot\u00e8ge des influences ext\u00e9rieures. Permet d\u2019identifier les causes du bonheur et du malheur et de les ma\u00eetriser.\" \/>\n<meta property=\"og:url\" content=\"https:\/\/lescreationsde.celineinmyworldmedium.com\/index.php\/produit\/boucles-doreilles-merkaba-en-turquoise-stabilisee\/\" \/>\n<meta property=\"og:site_name\" content=\"Les cr\u00e9ations de C\u00e9line Inmyworld\" \/>\n<meta property=\"article:modified_time\" content=\"2024-04-17T18:17:08+00:00\" \/>\n<meta property=\"og:image\" content=\"https:\/\/lescreationsde.celineinmyworldmedium.com\/wp-content\/uploads\/2024\/04\/Boucles_d-oreilles_Merkaba_en_Turquoise_stabilisee.jpg\" \/>\n\t<meta property=\"og:image:width\" content=\"960\" \/>\n\t<meta property=\"og:image:height\" content=\"960\" \/>\n\t<meta property=\"og:image:type\" content=\"image\/jpeg\" \/>\n<meta name=\"twitter:card\" content=\"summary_large_image\" \/>\n<meta name=\"twitter:label1\" content=\"Dur\u00e9e de lecture estim\u00e9e\" \/>\n\t<meta name=\"twitter:data1\" content=\"2 minutes\" \/>\n<script type=\"application\/ld+json\" class=\"yoast-schema-graph\">{\"@context\":\"https:\/\/schema.org\",\"@graph\":[{\"@type\":\"WebPage\",\"@id\":\"https:\/\/lescreationsde.celineinmyworldmedium.com\/index.php\/produit\/boucles-doreilles-merkaba-en-turquoise-stabilisee\/\",\"url\":\"https:\/\/lescreationsde.celineinmyworldmedium.com\/index.php\/produit\/boucles-doreilles-merkaba-en-turquoise-stabilisee\/\",\"name\":\"Boucles d'oreilles Merkaba, en Turquoise (stabilis\u00e9e) - Les cr\u00e9ations de C\u00e9line Inmyworld\",\"isPartOf\":{\"@id\":\"https:\/\/lescreationsde.celineinmyworldmedium.com\/#website\"},\"primaryImageOfPage\":{\"@id\":\"https:\/\/lescreationsde.celineinmyworldmedium.com\/index.php\/produit\/boucles-doreilles-merkaba-en-turquoise-stabilisee\/#primaryimage\"},\"image\":{\"@id\":\"https:\/\/lescreationsde.celineinmyworldmedium.com\/index.php\/produit\/boucles-doreilles-merkaba-en-turquoise-stabilisee\/#primaryimage\"},\"thumbnailUrl\":\"https:\/\/lescreationsde.celineinmyworldmedium.com\/wp-content\/uploads\/2024\/04\/Boucles_d-oreilles_Merkaba_en_Turquoise_stabilisee.jpg\",\"datePublished\":\"2024-04-17T18:07:55+00:00\",\"dateModified\":\"2024-04-17T18:17:08+00:00\",\"description\":\"\u00c9quilibrant, stimulant, prot\u00e8ge des influences ext\u00e9rieures. Permet d\u2019identifier les causes du bonheur et du malheur et de les ma\u00eetriser.\",\"breadcrumb\":{\"@id\":\"https:\/\/lescreationsde.celineinmyworldmedium.com\/index.php\/produit\/boucles-doreilles-merkaba-en-turquoise-stabilisee\/#breadcrumb\"},\"inLanguage\":\"fr-FR\",\"potentialAction\":[{\"@type\":\"ReadAction\",\"target\":[\"https:\/\/lescreationsde.celineinmyworldmedium.com\/index.php\/produit\/boucles-doreilles-merkaba-en-turquoise-stabilisee\/\"]}]},{\"@type\":\"ImageObject\",\"inLanguage\":\"fr-FR\",\"@id\":\"https:\/\/lescreationsde.celineinmyworldmedium.com\/index.php\/produit\/boucles-doreilles-merkaba-en-turquoise-stabilisee\/#primaryimage\",\"url\":\"https:\/\/lescreationsde.celineinmyworldmedium.com\/wp-content\/uploads\/2024\/04\/Boucles_d-oreilles_Merkaba_en_Turquoise_stabilisee.jpg\",\"contentUrl\":\"https:\/\/lescreationsde.celineinmyworldmedium.com\/wp-content\/uploads\/2024\/04\/Boucles_d-oreilles_Merkaba_en_Turquoise_stabilisee.jpg\",\"width\":960,\"height\":960,\"caption\":\"Boucles d'oreilles Merkaba, en Turquoise (stabilis\u00e9e)\"},{\"@type\":\"BreadcrumbList\",\"@id\":\"https:\/\/lescreationsde.celineinmyworldmedium.com\/index.php\/produit\/boucles-doreilles-merkaba-en-turquoise-stabilisee\/#breadcrumb\",\"itemListElement\":[{\"@type\":\"ListItem\",\"position\":1,\"name\":\"Accueil\",\"item\":\"https:\/\/lescreationsde.celineinmyworldmedium.com\/\"},{\"@type\":\"ListItem\",\"position\":2,\"name\":\"Produits\",\"item\":\"https:\/\/lescreationsde.celineinmyworldmedium.com\/index.php\/boutique\/\"},{\"@type\":\"ListItem\",\"position\":3,\"name\":\"Boucles d&#8217;oreilles Merkaba, en Turquoise (stabilis\u00e9e)\"}]},{\"@type\":\"WebSite\",\"@id\":\"https:\/\/lescreationsde.celineinmyworldmedium.com\/#website\",\"url\":\"https:\/\/lescreationsde.celineinmyworldmedium.com\/\",\"name\":\"Les cr\u00e9ations de C\u00e9line Inmyworld\",\"description\":\"Cr\u00e9ation de bijoux personnalis\u00e9s, sur-mesure, en pierres semi-pr\u00e9cieuses de qualit\u00e9. Bracelets, boucles d&#039;oreilles, colliers, sautoirs, malas, cha\u00eenes de cheville, bagues...\u2764\",\"publisher\":{\"@id\":\"https:\/\/lescreationsde.celineinmyworldmedium.com\/#organization\"},\"potentialAction\":[{\"@type\":\"SearchAction\",\"target\":{\"@type\":\"EntryPoint\",\"urlTemplate\":\"https:\/\/lescreationsde.celineinmyworldmedium.com\/?s={search_term_string}\"},\"query-input\":{\"@type\":\"PropertyValueSpecification\",\"valueRequired\":true,\"valueName\":\"search_term_string\"}}],\"inLanguage\":\"fr-FR\"},{\"@type\":\"Organization\",\"@id\":\"https:\/\/lescreationsde.celineinmyworldmedium.com\/#organization\",\"name\":\"Les cr\u00e9ations de C\u00e9line Inmyworld\",\"url\":\"https:\/\/lescreationsde.celineinmyworldmedium.com\/\",\"logo\":{\"@type\":\"ImageObject\",\"inLanguage\":\"fr-FR\",\"@id\":\"https:\/\/lescreationsde.celineinmyworldmedium.com\/#\/schema\/logo\/image\/\",\"url\":\"https:\/\/lescreationsde.celineinmyworldmedium.com\/wp-content\/uploads\/2021\/03\/logo_creations3.png\",\"contentUrl\":\"https:\/\/lescreationsde.celineinmyworldmedium.com\/wp-content\/uploads\/2021\/03\/logo_creations3.png\",\"width\":613,\"height\":190,\"caption\":\"Les cr\u00e9ations de C\u00e9line Inmyworld\"},\"image\":{\"@id\":\"https:\/\/lescreationsde.celineinmyworldmedium.com\/#\/schema\/logo\/image\/\"}}]}<\/script>\n<!-- \/ Yoast SEO plugin. -->","yoast_head_json":{"title":"Boucles d'oreilles Merkaba, en Turquoise (stabilis\u00e9e) - Les cr\u00e9ations de C\u00e9line Inmyworld","description":"\u00c9quilibrant, stimulant, prot\u00e8ge des influences ext\u00e9rieures. Permet d\u2019identifier les causes du bonheur et du malheur et de les ma\u00eetriser.","robots":{"index":"index","follow":"follow","max-snippet":"max-snippet:-1","max-image-preview":"max-image-preview:large","max-video-preview":"max-video-preview:-1"},"canonical":"https:\/\/lescreationsde.celineinmyworldmedium.com\/index.php\/produit\/boucles-doreilles-merkaba-en-turquoise-stabilisee\/","og_locale":"fr_FR","og_type":"article","og_title":"Boucles d'oreilles Merkaba, en Turquoise (stabilis\u00e9e) - Les cr\u00e9ations de C\u00e9line Inmyworld","og_description":"\u00c9quilibrant, stimulant, prot\u00e8ge des influences ext\u00e9rieures. Permet d\u2019identifier les causes du bonheur et du malheur et de les ma\u00eetriser.","og_url":"https:\/\/lescreationsde.celineinmyworldmedium.com\/index.php\/produit\/boucles-doreilles-merkaba-en-turquoise-stabilisee\/","og_site_name":"Les cr\u00e9ations de C\u00e9line Inmyworld","article_modified_time":"2024-04-17T18:17:08+00:00","og_image":[{"width":960,"height":960,"url":"https:\/\/lescreationsde.celineinmyworldmedium.com\/wp-content\/uploads\/2024\/04\/Boucles_d-oreilles_Merkaba_en_Turquoise_stabilisee.jpg","type":"image\/jpeg"}],"twitter_card":"summary_large_image","twitter_misc":{"Dur\u00e9e de lecture estim\u00e9e":"2 minutes"},"schema":{"@context":"https:\/\/schema.org","@graph":[{"@type":"WebPage","@id":"https:\/\/lescreationsde.celineinmyworldmedium.com\/index.php\/produit\/boucles-doreilles-merkaba-en-turquoise-stabilisee\/","url":"https:\/\/lescreationsde.celineinmyworldmedium.com\/index.php\/produit\/boucles-doreilles-merkaba-en-turquoise-stabilisee\/","name":"Boucles d'oreilles Merkaba, en Turquoise (stabilis\u00e9e) - Les cr\u00e9ations de C\u00e9line Inmyworld","isPartOf":{"@id":"https:\/\/lescreationsde.celineinmyworldmedium.com\/#website"},"primaryImageOfPage":{"@id":"https:\/\/lescreationsde.celineinmyworldmedium.com\/index.php\/produit\/boucles-doreilles-merkaba-en-turquoise-stabilisee\/#primaryimage"},"image":{"@id":"https:\/\/lescreationsde.celineinmyworldmedium.com\/index.php\/produit\/boucles-doreilles-merkaba-en-turquoise-stabilisee\/#primaryimage"},"thumbnailUrl":"https:\/\/lescreationsde.celineinmyworldmedium.com\/wp-content\/uploads\/2024\/04\/Boucles_d-oreilles_Merkaba_en_Turquoise_stabilisee.jpg","datePublished":"2024-04-17T18:07:55+00:00","dateModified":"2024-04-17T18:17:08+00:00","description":"\u00c9quilibrant, stimulant, prot\u00e8ge des influences ext\u00e9rieures. Permet d\u2019identifier les causes du bonheur et du malheur et de les ma\u00eetriser.","breadcrumb":{"@id":"https:\/\/lescreationsde.celineinmyworldmedium.com\/index.php\/produit\/boucles-doreilles-merkaba-en-turquoise-stabilisee\/#breadcrumb"},"inLanguage":"fr-FR","potentialAction":[{"@type":"ReadAction","target":["https:\/\/lescreationsde.celineinmyworldmedium.com\/index.php\/produit\/boucles-doreilles-merkaba-en-turquoise-stabilisee\/"]}]},{"@type":"ImageObject","inLanguage":"fr-FR","@id":"https:\/\/lescreationsde.celineinmyworldmedium.com\/index.php\/produit\/boucles-doreilles-merkaba-en-turquoise-stabilisee\/#primaryimage","url":"https:\/\/lescreationsde.celineinmyworldmedium.com\/wp-content\/uploads\/2024\/04\/Boucles_d-oreilles_Merkaba_en_Turquoise_stabilisee.jpg","contentUrl":"https:\/\/lescreationsde.celineinmyworldmedium.com\/wp-content\/uploads\/2024\/04\/Boucles_d-oreilles_Merkaba_en_Turquoise_stabilisee.jpg","width":960,"height":960,"caption":"Boucles d'oreilles Merkaba, en Turquoise (stabilis\u00e9e)"},{"@type":"BreadcrumbList","@id":"https:\/\/lescreationsde.celineinmyworldmedium.com\/index.php\/produit\/boucles-doreilles-merkaba-en-turquoise-stabilisee\/#breadcrumb","itemListElement":[{"@type":"ListItem","position":1,"name":"Accueil","item":"https:\/\/lescreationsde.celineinmyworldmedium.com\/"},{"@type":"ListItem","position":2,"name":"Produits","item":"https:\/\/lescreationsde.celineinmyworldmedium.com\/index.php\/boutique\/"},{"@type":"ListItem","position":3,"name":"Boucles d&#8217;oreilles Merkaba, en Turquoise (stabilis\u00e9e)"}]},{"@type":"WebSite","@id":"https:\/\/lescreationsde.celineinmyworldmedium.com\/#website","url":"https:\/\/lescreationsde.celineinmyworldmedium.com\/","name":"Les cr\u00e9ations de C\u00e9line Inmyworld","description":"Cr\u00e9ation de bijoux personnalis\u00e9s, sur-mesure, en pierres semi-pr\u00e9cieuses de qualit\u00e9. Bracelets, boucles d&#039;oreilles, colliers, sautoirs, malas, cha\u00eenes de cheville, bagues...\u2764","publisher":{"@id":"https:\/\/lescreationsde.celineinmyworldmedium.com\/#organization"},"potentialAction":[{"@type":"SearchAction","target":{"@type":"EntryPoint","urlTemplate":"https:\/\/lescreationsde.celineinmyworldmedium.com\/?s={search_term_string}"},"query-input":{"@type":"PropertyValueSpecification","valueRequired":true,"valueName":"search_term_string"}}],"inLanguage":"fr-FR"},{"@type":"Organization","@id":"https:\/\/lescreationsde.celineinmyworldmedium.com\/#organization","name":"Les cr\u00e9ations de C\u00e9line Inmyworld","url":"https:\/\/lescreationsde.celineinmyworldmedium.com\/","logo":{"@type":"ImageObject","inLanguage":"fr-FR","@id":"https:\/\/lescreationsde.celineinmyworldmedium.com\/#\/schema\/logo\/image\/","url":"https:\/\/lescreationsde.celineinmyworldmedium.com\/wp-content\/uploads\/2021\/03\/logo_creations3.png","contentUrl":"https:\/\/lescreationsde.celineinmyworldmedium.com\/wp-content\/uploads\/2021\/03\/logo_creations3.png","width":613,"height":190,"caption":"Les cr\u00e9ations de C\u00e9line Inmyworld"},"image":{"@id":"https:\/\/lescreationsde.celineinmyworldmedium.com\/#\/schema\/logo\/image\/"}}]}},"jetpack_sharing_enabled":true,"_links":{"self":[{"href":"https:\/\/lescreationsde.celineinmyworldmedium.com\/index.php\/wp-json\/wp\/v2\/product\/7850","targetHints":{"allow":["GET"]}}],"collection":[{"href":"https:\/\/lescreationsde.celineinmyworldmedium.com\/index.php\/wp-json\/wp\/v2\/product"}],"about":[{"href":"https:\/\/lescreationsde.celineinmyworldmedium.com\/index.php\/wp-json\/wp\/v2\/types\/product"}],"replies":[{"embeddable":true,"href":"https:\/\/lescreationsde.celineinmyworldmedium.com\/index.php\/wp-json\/wp\/v2\/comments?post=7850"}],"wp:featuredmedia":[{"embeddable":true,"href":"https:\/\/lescreationsde.celineinmyworldmedium.com\/index.php\/wp-json\/wp\/v2\/media\/7852"}],"wp:attachment":[{"href":"https:\/\/lescreationsde.celineinmyworldmedium.com\/index.php\/wp-json\/wp\/v2\/media?parent=7850"}],"wp:term":[{"taxonomy":"product_brand","embeddable":true,"href":"https:\/\/lescreationsde.celineinmyworldmedium.com\/index.php\/wp-json\/wp\/v2\/product_brand?post=7850"},{"taxonomy":"product_cat","embeddable":true,"href":"https:\/\/lescreationsde.celineinmyworldmedium.com\/index.php\/wp-json\/wp\/v2\/product_cat?post=7850"},{"taxonomy":"product_tag","embeddable":true,"href":"https:\/\/lescreationsde.celineinmyworldmedium.com\/index.php\/wp-json\/wp\/v2\/product_tag?post=7850"}],"curies":[{"name":"wp","href":"https:\/\/api.w.org\/{rel}","templated":true}]}}