{"id":7755,"date":"2024-03-22T22:27:21","date_gmt":"2024-03-22T21:27:21","guid":{"rendered":"https:\/\/lescreationsde.celineinmyworldmedium.com\/?post_type=product&#038;p=7755"},"modified":"2024-10-23T17:17:20","modified_gmt":"2024-10-23T15:17:20","slug":"bracelet-pour-la-serenite-interieure-en-bronzite-olivine-dumortierite-et-separateur-en-hematite","status":"publish","type":"product","link":"https:\/\/lescreationsde.celineinmyworldmedium.com\/index.php\/produit\/bracelet-pour-la-serenite-interieure-en-bronzite-olivine-dumortierite-et-separateur-en-hematite\/","title":{"rendered":"Bracelet pour la s\u00e9r\u00e9nit\u00e9 int\u00e9rieure en Bronzite, Olivine, Dumorti\u00e9rite et s\u00e9parateur en H\u00e9matite"},"content":{"rendered":"<h4>1 &#8211; Les vertus de la bronzite :<\/h4>\n<p><strong>Sur le domaine spirituel<\/strong>, celui de l\u2019\u00eatre humain avec ses intentions, ses buts ou ses pr\u00e9occupations existentielles :<br \/>\n<strong>S\u00e9r\u00e9nit\u00e9 int\u00e9rieure.<\/strong><\/p>\n<p><strong>Sur le domaine de l\u2019\u00e2me<\/strong> ou du subconscient, ainsi que les notions de temp\u00e9rament, de sentiments, de sensations, de r\u00eaves, de v\u00e9cu sur le plan animique, d\u2019habitudes et de r\u00e9actions inconscientes :<br \/>\n<strong>Procure \u00e9lan et en m\u00eame temps du calme int\u00e9rieur ainsi qu\u2019une sensation de r\u00e9cup\u00e9ration en cas de grande fatigue.<\/strong><\/p>\n<p><strong>Sur le domaine mental<\/strong> avec les id\u00e9es, la raison, les convictions, les consid\u00e9rations, ainsi que le mode de pens\u00e9e et d\u2019action consciente :<br \/>\n<strong>Aide \u00e0 garder l\u2019esprit clair et la ma\u00eetrise de soi-m\u00eame en situation de stress permanent.<\/strong><\/p>\n<p><strong>Sur le domaine physique<\/strong> ou corporel, l\u2019ensemble de l\u2019organisme avec les sens, les organes et les fonctions :<br \/>\n<strong>Fortifie les nerfs, a un effet antispasmodique et analg\u00e9sique.<\/strong><\/p>\n<p>&nbsp;<\/p>\n<h4>2 &#8211; Les vertus de l\u2019olivine (p\u00e9ridot) :<\/h4>\n<p><strong>Sur le domaine spirituel<\/strong>, celui de l\u2019\u00eatre humain avec ses intentions, ses buts ou ses pr\u00e9occupations existentielles :<br \/>\n<strong>Ind\u00e9pendance.<\/strong><\/p>\n<p><strong>Sur le domaine de l\u2019\u00e2me<\/strong> ou du subconscient, ainsi que les notions de temp\u00e9rament, de sentiments, de sensations, de r\u00eaves, de v\u00e9cu sur le plan animique, d\u2019habitudes et de r\u00e9actions inconscientes :<br \/>\n<strong> \u00c9limine la col\u00e8re, la rage et les sentiments de culpabilit\u00e9.<\/strong><\/p>\n<p><strong>Sur le domaine mental<\/strong> avec les id\u00e9es, la raison, les convictions, les consid\u00e9rations, ainsi que le mode de pens\u00e9e et d\u2019action consciente :<br \/>\n<strong>Permet d\u2019\u00e9liminer les influences d\u2019autrui, \u00e0 reconna\u00eetre ses erreurs et \u00e0 les corriger.<\/strong><\/p>\n<p><strong>Sur le domaine physique<\/strong> ou corporel, l\u2019ensemble de l\u2019organisme avec les sens, les organes et les fonctions :<br \/>\n<strong>Renforce le foie, la v\u00e9sicule biliaire et l\u2019intestin gr\u00eale, d\u00e9toxique et aide en cas d\u2019infections, de mycoses et de verrues.<\/strong><\/p>\n<p>&nbsp;<\/p>\n<h4>3 \u2013 Les vertus de la dumorti\u00e9rite :<\/h4>\n<p><strong>Sur le domaine spirituel<\/strong>, celui de l\u2019\u00eatre humain avec ses intentions, ses buts ou ses pr\u00e9occupations existentielles :<br \/>\n<strong>D\u00e9tachement.<\/strong><\/p>\n<p><strong>Sur le domaine de l\u2019\u00e2me<\/strong> ou du subconscient, ainsi que les notions de temp\u00e9rament, de sentiments, de sensations, de r\u00eaves, de v\u00e9cu sur le plan animique, d\u2019habitudes et de r\u00e9actions inconscientes :<br \/>\n<strong>Aide \u00e0 prendre la vie de mani\u00e8re plus l\u00e9g\u00e8re et att\u00e9nue les angoisses, la d\u00e9pression, la nervosit\u00e9 et le stress.<\/strong><\/p>\n<p><strong>Sur le domaine mental<\/strong> avec les id\u00e9es, la raison, les convictions, les consid\u00e9rations, ainsi que le mode de pens\u00e9e et d\u2019action consciente :<br \/>\n<strong>Contribue \u00e0 se d\u00e9faire des comportements de d\u00e9pendance.<\/strong><\/p>\n<p><strong>Sur le domaine physique<\/strong> ou corporel, l\u2019ensemble de l\u2019organisme avec les sens, les organes et les fonctions :<br \/>\n<strong>Soulage les maux de t\u00eate, les crampes, les diarrh\u00e9es, les naus\u00e9es et les vomissements.<\/strong><\/p>\n","protected":false},"excerpt":{"rendered":"<table>\n<tbody>\n<tr>\n<td style=\"texte-align: left; color: gray; border: none;\"><strong>Hors frais d&rsquo;exp\u00e9dition<\/strong><\/td>\n<\/tr>\n<tr>\n<td style=\"texte-align: left; color: gray; border: none;\"><strong>Bijoux confectionn\u00e9s sur-mesure, sur commande<br \/>\nLes couleurs et motifs des pierres varient d&rsquo;un bijou \u00e0 un autre<br \/>\nD\u00e9lai de confection environ 30 jours<\/strong><\/td>\n<\/tr>\n<tr>\n<td style=\"texte-align: left; color: blue; border: none;\"><a style=\"color: #a15fe2;\" href=\"https:\/\/lescreationsde.celineinmyworldmedium.com\/index.php\/mesurer-son-tour-de-poignet-pour-bracelets\/\" target=\"_blank\" rel=\"noopener\"><strong>Comment mesurer son tour de poignet<\/strong><\/a><\/td>\n<\/tr>\n<\/tbody>\n<\/table>\n","protected":false},"featured_media":7759,"comment_status":"open","ping_status":"closed","template":"","meta":[],"product_brand":[],"product_cat":[31,601,985,68],"product_tag":[152,42,44,38,47,43,41,40,39,23,25,36,34,1309,26,37,35,46,16,24,45,17,263,33,32,727,27,89,22,28],"class_list":{"0":"post-7755","1":"product","2":"type-product","3":"status-publish","4":"has-post-thumbnail","6":"product_cat-bracelets","7":"product_cat-bronzite-pierres","8":"product_cat-dumortierite-pierres","9":"product_cat-olivine","10":"product_tag-amour","11":"product_tag-bijou","12":"product_tag-bijou-energetique","13":"product_tag-bijoux","14":"product_tag-bijoux-anti-allergies","15":"product_tag-bijoux-energetiques","16":"product_tag-bijoux-fait-main","17":"product_tag-bijoux-personnalises","18":"product_tag-bijoux-sur-mesure","19":"product_tag-boucles-doreilles","20":"product_tag-bracelet","21":"product_tag-bracelet-femme","22":"product_tag-bracelet-homme","23":"product_tag-bracelet-pour-la-serenite-interieure","24":"product_tag-bracelets","25":"product_tag-bracelets-femme","26":"product_tag-bracelets-homme","27":"product_tag-bronzite","28":"product_tag-collier","29":"product_tag-collier-femme","30":"product_tag-collier-personnalise","31":"product_tag-colliers","32":"product_tag-dumortierite","33":"product_tag-energetique","34":"product_tag-lithotherapie","35":"product_tag-olivine-peridot","36":"product_tag-pierre","37":"product_tag-pierre-naturelle","38":"product_tag-pierre-semi-precieuse","39":"product_tag-pierres-naturelles","41":"first","42":"instock","43":"shipping-taxable","44":"purchasable","45":"product-type-variable"},"yoast_head":"<!-- This site is optimized with the Yoast SEO plugin v27.2 - https:\/\/yoast.com\/product\/yoast-seo-wordpress\/ -->\n<title>Bracelet pour la s\u00e9r\u00e9nit\u00e9 int\u00e9rieure en Bronzite, Olivine...<\/title>\n<meta name=\"description\" content=\"Aide \u00e0 garder l\u2019esprit clair et la ma\u00eetrise de soi-m\u00eame en situation de stress permanent. \u00c9limine la col\u00e8re, la rage et les sentiments de culpabilit\u00e9.\" \/>\n<meta name=\"robots\" content=\"index, follow, max-snippet:-1, max-image-preview:large, max-video-preview:-1\" \/>\n<link rel=\"canonical\" href=\"https:\/\/lescreationsde.celineinmyworldmedium.com\/index.php\/produit\/bracelet-pour-la-serenite-interieure-en-bronzite-olivine-dumortierite-et-separateur-en-hematite\/\" \/>\n<meta property=\"og:locale\" content=\"fr_FR\" \/>\n<meta property=\"og:type\" content=\"article\" \/>\n<meta property=\"og:title\" content=\"Bracelet pour la s\u00e9r\u00e9nit\u00e9 int\u00e9rieure en Bronzite, Olivine...\" \/>\n<meta property=\"og:description\" content=\"Aide \u00e0 garder l\u2019esprit clair et la ma\u00eetrise de soi-m\u00eame en situation de stress permanent. \u00c9limine la col\u00e8re, la rage et les sentiments de culpabilit\u00e9.\" \/>\n<meta property=\"og:url\" content=\"https:\/\/lescreationsde.celineinmyworldmedium.com\/index.php\/produit\/bracelet-pour-la-serenite-interieure-en-bronzite-olivine-dumortierite-et-separateur-en-hematite\/\" \/>\n<meta property=\"og:site_name\" content=\"Les cr\u00e9ations de C\u00e9line Inmyworld\" \/>\n<meta property=\"article:modified_time\" content=\"2024-10-23T15:17:20+00:00\" \/>\n<meta property=\"og:image\" content=\"https:\/\/lescreationsde.celineinmyworldmedium.com\/wp-content\/uploads\/2024\/03\/Bracelet_pour_la_serenite_interieure_en-Bronzite_Olivine_Dumortierite_et_separateur_en_Hematite.jpg\" \/>\n\t<meta property=\"og:image:width\" content=\"960\" \/>\n\t<meta property=\"og:image:height\" content=\"960\" \/>\n\t<meta property=\"og:image:type\" content=\"image\/jpeg\" \/>\n<meta name=\"twitter:card\" content=\"summary_large_image\" \/>\n<meta name=\"twitter:label1\" content=\"Dur\u00e9e de lecture estim\u00e9e\" \/>\n\t<meta name=\"twitter:data1\" content=\"3 minutes\" \/>\n<script type=\"application\/ld+json\" class=\"yoast-schema-graph\">{\"@context\":\"https:\/\/schema.org\",\"@graph\":[{\"@type\":\"WebPage\",\"@id\":\"https:\/\/lescreationsde.celineinmyworldmedium.com\/index.php\/produit\/bracelet-pour-la-serenite-interieure-en-bronzite-olivine-dumortierite-et-separateur-en-hematite\/\",\"url\":\"https:\/\/lescreationsde.celineinmyworldmedium.com\/index.php\/produit\/bracelet-pour-la-serenite-interieure-en-bronzite-olivine-dumortierite-et-separateur-en-hematite\/\",\"name\":\"Bracelet pour la s\u00e9r\u00e9nit\u00e9 int\u00e9rieure en Bronzite, Olivine...\",\"isPartOf\":{\"@id\":\"https:\/\/lescreationsde.celineinmyworldmedium.com\/#website\"},\"primaryImageOfPage\":{\"@id\":\"https:\/\/lescreationsde.celineinmyworldmedium.com\/index.php\/produit\/bracelet-pour-la-serenite-interieure-en-bronzite-olivine-dumortierite-et-separateur-en-hematite\/#primaryimage\"},\"image\":{\"@id\":\"https:\/\/lescreationsde.celineinmyworldmedium.com\/index.php\/produit\/bracelet-pour-la-serenite-interieure-en-bronzite-olivine-dumortierite-et-separateur-en-hematite\/#primaryimage\"},\"thumbnailUrl\":\"https:\/\/lescreationsde.celineinmyworldmedium.com\/wp-content\/uploads\/2024\/03\/Bracelet_pour_la_serenite_interieure_en-Bronzite_Olivine_Dumortierite_et_separateur_en_Hematite.jpg\",\"datePublished\":\"2024-03-22T21:27:21+00:00\",\"dateModified\":\"2024-10-23T15:17:20+00:00\",\"description\":\"Aide \u00e0 garder l\u2019esprit clair et la ma\u00eetrise de soi-m\u00eame en situation de stress permanent. \u00c9limine la col\u00e8re, la rage et les sentiments de culpabilit\u00e9.\",\"breadcrumb\":{\"@id\":\"https:\/\/lescreationsde.celineinmyworldmedium.com\/index.php\/produit\/bracelet-pour-la-serenite-interieure-en-bronzite-olivine-dumortierite-et-separateur-en-hematite\/#breadcrumb\"},\"inLanguage\":\"fr-FR\",\"potentialAction\":[{\"@type\":\"ReadAction\",\"target\":[\"https:\/\/lescreationsde.celineinmyworldmedium.com\/index.php\/produit\/bracelet-pour-la-serenite-interieure-en-bronzite-olivine-dumortierite-et-separateur-en-hematite\/\"]}]},{\"@type\":\"ImageObject\",\"inLanguage\":\"fr-FR\",\"@id\":\"https:\/\/lescreationsde.celineinmyworldmedium.com\/index.php\/produit\/bracelet-pour-la-serenite-interieure-en-bronzite-olivine-dumortierite-et-separateur-en-hematite\/#primaryimage\",\"url\":\"https:\/\/lescreationsde.celineinmyworldmedium.com\/wp-content\/uploads\/2024\/03\/Bracelet_pour_la_serenite_interieure_en-Bronzite_Olivine_Dumortierite_et_separateur_en_Hematite.jpg\",\"contentUrl\":\"https:\/\/lescreationsde.celineinmyworldmedium.com\/wp-content\/uploads\/2024\/03\/Bracelet_pour_la_serenite_interieure_en-Bronzite_Olivine_Dumortierite_et_separateur_en_Hematite.jpg\",\"width\":960,\"height\":960,\"caption\":\"Bracelet pour la s\u00e9r\u00e9nit\u00e9 int\u00e9rieure en Bronzite, Olivine, Dumorti\u00e9rite et s\u00e9parateur en H\u00e9matite\"},{\"@type\":\"BreadcrumbList\",\"@id\":\"https:\/\/lescreationsde.celineinmyworldmedium.com\/index.php\/produit\/bracelet-pour-la-serenite-interieure-en-bronzite-olivine-dumortierite-et-separateur-en-hematite\/#breadcrumb\",\"itemListElement\":[{\"@type\":\"ListItem\",\"position\":1,\"name\":\"Accueil\",\"item\":\"https:\/\/lescreationsde.celineinmyworldmedium.com\/\"},{\"@type\":\"ListItem\",\"position\":2,\"name\":\"Produits\",\"item\":\"https:\/\/lescreationsde.celineinmyworldmedium.com\/index.php\/boutique\/\"},{\"@type\":\"ListItem\",\"position\":3,\"name\":\"Bracelet pour la s\u00e9r\u00e9nit\u00e9 int\u00e9rieure en Bronzite, Olivine, Dumorti\u00e9rite et s\u00e9parateur en H\u00e9matite\"}]},{\"@type\":\"WebSite\",\"@id\":\"https:\/\/lescreationsde.celineinmyworldmedium.com\/#website\",\"url\":\"https:\/\/lescreationsde.celineinmyworldmedium.com\/\",\"name\":\"Les cr\u00e9ations de C\u00e9line Inmyworld\",\"description\":\"Cr\u00e9ation de bijoux personnalis\u00e9s, sur-mesure, en pierres semi-pr\u00e9cieuses de qualit\u00e9. Bracelets, boucles d&#039;oreilles, colliers, sautoirs, malas, cha\u00eenes de cheville, bagues...\u2764\",\"publisher\":{\"@id\":\"https:\/\/lescreationsde.celineinmyworldmedium.com\/#organization\"},\"potentialAction\":[{\"@type\":\"SearchAction\",\"target\":{\"@type\":\"EntryPoint\",\"urlTemplate\":\"https:\/\/lescreationsde.celineinmyworldmedium.com\/?s={search_term_string}\"},\"query-input\":{\"@type\":\"PropertyValueSpecification\",\"valueRequired\":true,\"valueName\":\"search_term_string\"}}],\"inLanguage\":\"fr-FR\"},{\"@type\":\"Organization\",\"@id\":\"https:\/\/lescreationsde.celineinmyworldmedium.com\/#organization\",\"name\":\"Les cr\u00e9ations de C\u00e9line Inmyworld\",\"url\":\"https:\/\/lescreationsde.celineinmyworldmedium.com\/\",\"logo\":{\"@type\":\"ImageObject\",\"inLanguage\":\"fr-FR\",\"@id\":\"https:\/\/lescreationsde.celineinmyworldmedium.com\/#\/schema\/logo\/image\/\",\"url\":\"https:\/\/lescreationsde.celineinmyworldmedium.com\/wp-content\/uploads\/2021\/03\/logo_creations3.png\",\"contentUrl\":\"https:\/\/lescreationsde.celineinmyworldmedium.com\/wp-content\/uploads\/2021\/03\/logo_creations3.png\",\"width\":613,\"height\":190,\"caption\":\"Les cr\u00e9ations de C\u00e9line Inmyworld\"},\"image\":{\"@id\":\"https:\/\/lescreationsde.celineinmyworldmedium.com\/#\/schema\/logo\/image\/\"}}]}<\/script>\n<!-- \/ Yoast SEO plugin. -->","yoast_head_json":{"title":"Bracelet pour la s\u00e9r\u00e9nit\u00e9 int\u00e9rieure en Bronzite, Olivine...","description":"Aide \u00e0 garder l\u2019esprit clair et la ma\u00eetrise de soi-m\u00eame en situation de stress permanent. \u00c9limine la col\u00e8re, la rage et les sentiments de culpabilit\u00e9.","robots":{"index":"index","follow":"follow","max-snippet":"max-snippet:-1","max-image-preview":"max-image-preview:large","max-video-preview":"max-video-preview:-1"},"canonical":"https:\/\/lescreationsde.celineinmyworldmedium.com\/index.php\/produit\/bracelet-pour-la-serenite-interieure-en-bronzite-olivine-dumortierite-et-separateur-en-hematite\/","og_locale":"fr_FR","og_type":"article","og_title":"Bracelet pour la s\u00e9r\u00e9nit\u00e9 int\u00e9rieure en Bronzite, Olivine...","og_description":"Aide \u00e0 garder l\u2019esprit clair et la ma\u00eetrise de soi-m\u00eame en situation de stress permanent. \u00c9limine la col\u00e8re, la rage et les sentiments de culpabilit\u00e9.","og_url":"https:\/\/lescreationsde.celineinmyworldmedium.com\/index.php\/produit\/bracelet-pour-la-serenite-interieure-en-bronzite-olivine-dumortierite-et-separateur-en-hematite\/","og_site_name":"Les cr\u00e9ations de C\u00e9line Inmyworld","article_modified_time":"2024-10-23T15:17:20+00:00","og_image":[{"width":960,"height":960,"url":"https:\/\/lescreationsde.celineinmyworldmedium.com\/wp-content\/uploads\/2024\/03\/Bracelet_pour_la_serenite_interieure_en-Bronzite_Olivine_Dumortierite_et_separateur_en_Hematite.jpg","type":"image\/jpeg"}],"twitter_card":"summary_large_image","twitter_misc":{"Dur\u00e9e de lecture estim\u00e9e":"3 minutes"},"schema":{"@context":"https:\/\/schema.org","@graph":[{"@type":"WebPage","@id":"https:\/\/lescreationsde.celineinmyworldmedium.com\/index.php\/produit\/bracelet-pour-la-serenite-interieure-en-bronzite-olivine-dumortierite-et-separateur-en-hematite\/","url":"https:\/\/lescreationsde.celineinmyworldmedium.com\/index.php\/produit\/bracelet-pour-la-serenite-interieure-en-bronzite-olivine-dumortierite-et-separateur-en-hematite\/","name":"Bracelet pour la s\u00e9r\u00e9nit\u00e9 int\u00e9rieure en Bronzite, Olivine...","isPartOf":{"@id":"https:\/\/lescreationsde.celineinmyworldmedium.com\/#website"},"primaryImageOfPage":{"@id":"https:\/\/lescreationsde.celineinmyworldmedium.com\/index.php\/produit\/bracelet-pour-la-serenite-interieure-en-bronzite-olivine-dumortierite-et-separateur-en-hematite\/#primaryimage"},"image":{"@id":"https:\/\/lescreationsde.celineinmyworldmedium.com\/index.php\/produit\/bracelet-pour-la-serenite-interieure-en-bronzite-olivine-dumortierite-et-separateur-en-hematite\/#primaryimage"},"thumbnailUrl":"https:\/\/lescreationsde.celineinmyworldmedium.com\/wp-content\/uploads\/2024\/03\/Bracelet_pour_la_serenite_interieure_en-Bronzite_Olivine_Dumortierite_et_separateur_en_Hematite.jpg","datePublished":"2024-03-22T21:27:21+00:00","dateModified":"2024-10-23T15:17:20+00:00","description":"Aide \u00e0 garder l\u2019esprit clair et la ma\u00eetrise de soi-m\u00eame en situation de stress permanent. \u00c9limine la col\u00e8re, la rage et les sentiments de culpabilit\u00e9.","breadcrumb":{"@id":"https:\/\/lescreationsde.celineinmyworldmedium.com\/index.php\/produit\/bracelet-pour-la-serenite-interieure-en-bronzite-olivine-dumortierite-et-separateur-en-hematite\/#breadcrumb"},"inLanguage":"fr-FR","potentialAction":[{"@type":"ReadAction","target":["https:\/\/lescreationsde.celineinmyworldmedium.com\/index.php\/produit\/bracelet-pour-la-serenite-interieure-en-bronzite-olivine-dumortierite-et-separateur-en-hematite\/"]}]},{"@type":"ImageObject","inLanguage":"fr-FR","@id":"https:\/\/lescreationsde.celineinmyworldmedium.com\/index.php\/produit\/bracelet-pour-la-serenite-interieure-en-bronzite-olivine-dumortierite-et-separateur-en-hematite\/#primaryimage","url":"https:\/\/lescreationsde.celineinmyworldmedium.com\/wp-content\/uploads\/2024\/03\/Bracelet_pour_la_serenite_interieure_en-Bronzite_Olivine_Dumortierite_et_separateur_en_Hematite.jpg","contentUrl":"https:\/\/lescreationsde.celineinmyworldmedium.com\/wp-content\/uploads\/2024\/03\/Bracelet_pour_la_serenite_interieure_en-Bronzite_Olivine_Dumortierite_et_separateur_en_Hematite.jpg","width":960,"height":960,"caption":"Bracelet pour la s\u00e9r\u00e9nit\u00e9 int\u00e9rieure en Bronzite, Olivine, Dumorti\u00e9rite et s\u00e9parateur en H\u00e9matite"},{"@type":"BreadcrumbList","@id":"https:\/\/lescreationsde.celineinmyworldmedium.com\/index.php\/produit\/bracelet-pour-la-serenite-interieure-en-bronzite-olivine-dumortierite-et-separateur-en-hematite\/#breadcrumb","itemListElement":[{"@type":"ListItem","position":1,"name":"Accueil","item":"https:\/\/lescreationsde.celineinmyworldmedium.com\/"},{"@type":"ListItem","position":2,"name":"Produits","item":"https:\/\/lescreationsde.celineinmyworldmedium.com\/index.php\/boutique\/"},{"@type":"ListItem","position":3,"name":"Bracelet pour la s\u00e9r\u00e9nit\u00e9 int\u00e9rieure en Bronzite, Olivine, Dumorti\u00e9rite et s\u00e9parateur en H\u00e9matite"}]},{"@type":"WebSite","@id":"https:\/\/lescreationsde.celineinmyworldmedium.com\/#website","url":"https:\/\/lescreationsde.celineinmyworldmedium.com\/","name":"Les cr\u00e9ations de C\u00e9line Inmyworld","description":"Cr\u00e9ation de bijoux personnalis\u00e9s, sur-mesure, en pierres semi-pr\u00e9cieuses de qualit\u00e9. Bracelets, boucles d&#039;oreilles, colliers, sautoirs, malas, cha\u00eenes de cheville, bagues...\u2764","publisher":{"@id":"https:\/\/lescreationsde.celineinmyworldmedium.com\/#organization"},"potentialAction":[{"@type":"SearchAction","target":{"@type":"EntryPoint","urlTemplate":"https:\/\/lescreationsde.celineinmyworldmedium.com\/?s={search_term_string}"},"query-input":{"@type":"PropertyValueSpecification","valueRequired":true,"valueName":"search_term_string"}}],"inLanguage":"fr-FR"},{"@type":"Organization","@id":"https:\/\/lescreationsde.celineinmyworldmedium.com\/#organization","name":"Les cr\u00e9ations de C\u00e9line Inmyworld","url":"https:\/\/lescreationsde.celineinmyworldmedium.com\/","logo":{"@type":"ImageObject","inLanguage":"fr-FR","@id":"https:\/\/lescreationsde.celineinmyworldmedium.com\/#\/schema\/logo\/image\/","url":"https:\/\/lescreationsde.celineinmyworldmedium.com\/wp-content\/uploads\/2021\/03\/logo_creations3.png","contentUrl":"https:\/\/lescreationsde.celineinmyworldmedium.com\/wp-content\/uploads\/2021\/03\/logo_creations3.png","width":613,"height":190,"caption":"Les cr\u00e9ations de C\u00e9line Inmyworld"},"image":{"@id":"https:\/\/lescreationsde.celineinmyworldmedium.com\/#\/schema\/logo\/image\/"}}]}},"jetpack_sharing_enabled":true,"_links":{"self":[{"href":"https:\/\/lescreationsde.celineinmyworldmedium.com\/index.php\/wp-json\/wp\/v2\/product\/7755","targetHints":{"allow":["GET"]}}],"collection":[{"href":"https:\/\/lescreationsde.celineinmyworldmedium.com\/index.php\/wp-json\/wp\/v2\/product"}],"about":[{"href":"https:\/\/lescreationsde.celineinmyworldmedium.com\/index.php\/wp-json\/wp\/v2\/types\/product"}],"replies":[{"embeddable":true,"href":"https:\/\/lescreationsde.celineinmyworldmedium.com\/index.php\/wp-json\/wp\/v2\/comments?post=7755"}],"wp:featuredmedia":[{"embeddable":true,"href":"https:\/\/lescreationsde.celineinmyworldmedium.com\/index.php\/wp-json\/wp\/v2\/media\/7759"}],"wp:attachment":[{"href":"https:\/\/lescreationsde.celineinmyworldmedium.com\/index.php\/wp-json\/wp\/v2\/media?parent=7755"}],"wp:term":[{"taxonomy":"product_brand","embeddable":true,"href":"https:\/\/lescreationsde.celineinmyworldmedium.com\/index.php\/wp-json\/wp\/v2\/product_brand?post=7755"},{"taxonomy":"product_cat","embeddable":true,"href":"https:\/\/lescreationsde.celineinmyworldmedium.com\/index.php\/wp-json\/wp\/v2\/product_cat?post=7755"},{"taxonomy":"product_tag","embeddable":true,"href":"https:\/\/lescreationsde.celineinmyworldmedium.com\/index.php\/wp-json\/wp\/v2\/product_tag?post=7755"}],"curies":[{"name":"wp","href":"https:\/\/api.w.org\/{rel}","templated":true}]}}