{"id":7726,"date":"2024-03-12T11:56:52","date_gmt":"2024-03-12T10:56:52","guid":{"rendered":"https:\/\/lescreationsde.celineinmyworldmedium.com\/?post_type=product&#038;p=7726"},"modified":"2024-10-23T17:15:20","modified_gmt":"2024-10-23T15:15:20","slug":"bracelet-chemin-de-vie-personnalise-en-ambre-rouge-jaspe-volcanique-fluorite-multicolore-teintee-larvikite-et-separateurs-en-hematite","status":"publish","type":"product","link":"https:\/\/lescreationsde.celineinmyworldmedium.com\/index.php\/produit\/bracelet-chemin-de-vie-personnalise-en-ambre-rouge-jaspe-volcanique-fluorite-multicolore-teintee-larvikite-et-separateurs-en-hematite\/","title":{"rendered":"Bracelet Chemin de Vie personnalis\u00e9 en Ambre rouge, Jaspe Volcanique, Fluorite multicolore (teint\u00e9e), Larvikite et s\u00e9parateurs en H\u00e9matite"},"content":{"rendered":"<h4>1 &#8211; Les vertus de la fluorite multicolore :<\/h4>\n<p><strong>Sur le domaine spirituel<\/strong>, celui de l\u2019\u00eatre humain avec ses intentions, ses buts ou ses pr\u00e9occupations existentielles :<br \/>\n<strong>Libert\u00e9 d\u2019esprit, mobilit\u00e9.<\/strong><\/p>\n<p><strong>Sur le domaine de l\u2019\u00e2me<\/strong> ou du subconscient, ainsi que les notions de temp\u00e9rament, de sentiments, de sensations, de r\u00eaves, de v\u00e9cu sur le plan animique, d\u2019habitudes et de r\u00e9actions inconscientes :<br \/>\n<strong>Procure du changement et une vivacit\u00e9 \u00e9motionnelle.<\/strong><\/p>\n<p><strong>Sur le domaine mental<\/strong> avec les id\u00e9es, la raison, les convictions, les consid\u00e9rations, ainsi que le mode de pens\u00e9e et d\u2019action consciente :<br \/>\n<strong>Favorise la libert\u00e9 d\u00e9cisionnelle et rend inventif.<\/strong><\/p>\n<p><strong>Sur le domaine physique<\/strong> ou corporel, l\u2019ensemble de l\u2019organisme avec les sens, les organes et les fonctions :<br \/>\n<strong>Excellent pour la peau, les muqueuses, les nerfs, les os et les dents, att\u00e9nue la toux s\u00e8che, rend les articulations souples.<\/strong><\/p>\n<p>&nbsp;<\/p>\n<h4><strong>2 &#8211; Les vertus de l\u2019ambre rouge :<\/strong><\/h4>\n<p><strong>Sur le domaine spirituel<\/strong>, celui de l\u2019\u00eatre humain avec ses intentions, ses buts ou ses pr\u00e9occupations existentielles :<br \/>\n<strong>Amour et courage.<\/strong><\/p>\n<p><strong>Sur le domaine de l\u2019\u00e2me<\/strong> ou du subconscient, ainsi que les notions de temp\u00e9rament, de sentiments, de sensations, de r\u00eaves, de v\u00e9cu sur le plan animique, d\u2019habitudes et de r\u00e9actions inconscientes :<br \/>\n<strong>Aide \u00e0 pr\u00e9server sa propre nature, afin qu\u2019elle reste forte et intacte.<\/strong><\/p>\n<p><strong>Sur le domaine mental<\/strong> avec les id\u00e9es, la raison, les convictions, les consid\u00e9rations, ainsi que le mode de pens\u00e9e et d\u2019action consciente :<br \/>\n<strong>Soutient la d\u00e9termination, le courage et le dynamisme.<\/strong><\/p>\n<p><strong>Sur le domaine physique<\/strong> ou corporel, l\u2019ensemble de l\u2019organisme avec les sens, les organes et les fonctions :<br \/>\n<strong>Soulage les troubles cardiaques, r\u00e9gule la pression art\u00e9rielle et aide dans les maladies des organes g\u00e9nitaux de l\u2019homme.<\/strong><\/p>\n<p>&nbsp;<\/p>\n<h4>3 &#8211; Les vertus du jaspe volcanique :<\/h4>\n<p><strong>Sur le domaine spirituel<\/strong>, celui de l\u2019\u00eatre humain avec ses intentions, ses buts ou ses pr\u00e9occupations existentielles :<br \/>\n<strong>Pr\u00e9caution, esprit consciencieux.<\/strong><\/p>\n<p><strong>Sur le domaine de l\u2019\u00e2me<\/strong> ou du subconscient, ainsi que les notions de temp\u00e9rament, de sentiments, de sensations, de r\u00eaves, de v\u00e9cu sur le plan animique, d\u2019habitudes et de r\u00e9actions inconscientes :<br \/>\n<strong>Stimule le septi\u00e8me sens vis-\u00e0-vis des dangers.<\/strong><\/p>\n<p><strong>Sur le domaine mental<\/strong> avec les id\u00e9es, la raison, les convictions, les consid\u00e9rations, ainsi que le mode de pens\u00e9e et d\u2019action consciente :<br \/>\n<strong>Aide \u00e0 agir calmement, rapidement et r\u00e9solument dans les situations critiques.<\/strong><\/p>\n<p><strong>Sur le domaine physique<\/strong> ou corporel, l\u2019ensemble de l\u2019organisme avec les sens, les organes et les fonctions :<br \/>\n<strong>Stimule la purification du tissu conjonctif, de la lymphe et du sang, active la rate, le foie, les reins et l\u2019intestin.<\/strong><\/p>\n<p>&nbsp;<\/p>\n<h4>4 &#8211; Les vertus de la larvikite :<\/h4>\n<p><strong>Sur le domaine spirituel<\/strong>, celui de l\u2019\u00eatre humain avec ses intentions, ses buts ou ses pr\u00e9occupations existentielles :<br \/>\n<strong>Estimation, caract\u00e8re direct.<\/strong><\/p>\n<p><strong>Sur le domaine de l\u2019\u00e2me<\/strong> ou du subconscient, ainsi que les notions de temp\u00e9rament, de sentiments, de sensations, de r\u00eaves, de v\u00e9cu sur le plan animique, d\u2019habitudes et de r\u00e9actions inconscientes :<br \/>\n<strong>R\u00e9duit les acc\u00e8s \u00e9motionnels, rend neutre et objectif.<\/strong><\/p>\n<p><strong>Sur le domaine mental<\/strong> avec les id\u00e9es, la raison, les convictions, les consid\u00e9rations, ainsi que le mode de pens\u00e9e et d\u2019action consciente :<br \/>\n<strong>Aide \u00e0 comprendre et \u00e0 analyser des donn\u00e9es compliqu\u00e9es.<\/strong><\/p>\n<p><strong>Sur le domaine physique<\/strong> ou corporel, l\u2019ensemble de l\u2019organisme avec les sens, les organes et les fonctions :<br \/>\n<strong>Draine les tissus, calme les nerfs, rafra\u00eechit et fait baisser la tension.<\/strong><\/p>\n","protected":false},"excerpt":{"rendered":"<table>\n<tbody>\n<tr>\n<td style=\"texte-align: left; color: gray; border: none;\"><strong>Hors frais d&rsquo;exp\u00e9dition<\/strong><\/td>\n<\/tr>\n<tr>\n<td style=\"texte-align: left; color: gray; border: none;\"><strong>Bijoux confectionn\u00e9s sur-mesure, sur commande<br \/>\nLes couleurs et motifs des pierres varient d&rsquo;un bijou \u00e0 un autre<br \/>\nD\u00e9lai de confection environ 30 jours<\/strong><\/td>\n<\/tr>\n<tr>\n<td style=\"texte-align: left; color: blue; border: none;\"><a style=\"color: #a15fe2;\" href=\"https:\/\/lescreationsde.celineinmyworldmedium.com\/index.php\/mesurer-son-tour-de-poignet-pour-bracelets\/\" target=\"_blank\" rel=\"noopener\"><strong>Comment mesurer son tour de poignet<\/strong><\/a><\/td>\n<\/tr>\n<\/tbody>\n<\/table>\n","protected":false},"featured_media":7729,"comment_status":"open","ping_status":"closed","template":"","meta":[],"product_brand":[],"product_cat":[31,818,102,52,1078],"product_tag":[826,152,106,42,44,38,47,43,41,40,39,23,25,701,36,34,26,37,35,16,24,45,17,33,269,310,332,32,27,22,28],"class_list":{"0":"post-7726","1":"product","2":"type-product","3":"status-publish","4":"has-post-thumbnail","6":"product_cat-bracelets","7":"product_cat-ambre","8":"product_cat-fluorite-pierres","9":"product_cat-jaspe-pierres","10":"product_cat-larvikite-pierres","11":"product_tag-ambre-rouge","12":"product_tag-amour","13":"product_tag-argent","14":"product_tag-bijou","15":"product_tag-bijou-energetique","16":"product_tag-bijoux","17":"product_tag-bijoux-anti-allergies","18":"product_tag-bijoux-energetiques","19":"product_tag-bijoux-fait-main","20":"product_tag-bijoux-personnalises","21":"product_tag-bijoux-sur-mesure","22":"product_tag-boucles-doreilles","23":"product_tag-bracelet","24":"product_tag-bracelet-chemin-de-vie-personnalise","25":"product_tag-bracelet-femme","26":"product_tag-bracelet-homme","27":"product_tag-bracelets","28":"product_tag-bracelets-femme","29":"product_tag-bracelets-homme","30":"product_tag-collier","31":"product_tag-collier-femme","32":"product_tag-collier-personnalise","33":"product_tag-colliers","34":"product_tag-energetique","35":"product_tag-fluorite-multicolore","36":"product_tag-jaspe-volcanique","37":"product_tag-larvikite","38":"product_tag-lithotherapie","39":"product_tag-pierre","40":"product_tag-pierre-semi-precieuse","41":"product_tag-pierres-naturelles","43":"first","44":"instock","45":"shipping-taxable","46":"purchasable","47":"product-type-variable"},"yoast_head":"<!-- This site is optimized with the Yoast SEO plugin v27.2 - https:\/\/yoast.com\/product\/yoast-seo-wordpress\/ -->\n<title>Bracelet Chemin de Vie personnalis\u00e9 en Ambre rouge, jaspe...<\/title>\n<meta name=\"description\" content=\"Soulage les troubles cardiaques, r\u00e9gule la pression art\u00e9rielle et aide dans les maladies des organes g\u00e9nitaux de l\u2019homme. Estimation, caract\u00e8re direct.\" \/>\n<meta name=\"robots\" content=\"index, follow, max-snippet:-1, max-image-preview:large, max-video-preview:-1\" \/>\n<link rel=\"canonical\" href=\"https:\/\/lescreationsde.celineinmyworldmedium.com\/index.php\/produit\/bracelet-chemin-de-vie-personnalise-en-ambre-rouge-jaspe-volcanique-fluorite-multicolore-teintee-larvikite-et-separateurs-en-hematite\/\" \/>\n<meta property=\"og:locale\" content=\"fr_FR\" \/>\n<meta property=\"og:type\" content=\"article\" \/>\n<meta property=\"og:title\" content=\"Bracelet Chemin de Vie personnalis\u00e9 en Ambre rouge, jaspe...\" \/>\n<meta property=\"og:description\" content=\"Soulage les troubles cardiaques, r\u00e9gule la pression art\u00e9rielle et aide dans les maladies des organes g\u00e9nitaux de l\u2019homme. Estimation, caract\u00e8re direct.\" \/>\n<meta property=\"og:url\" content=\"https:\/\/lescreationsde.celineinmyworldmedium.com\/index.php\/produit\/bracelet-chemin-de-vie-personnalise-en-ambre-rouge-jaspe-volcanique-fluorite-multicolore-teintee-larvikite-et-separateurs-en-hematite\/\" \/>\n<meta property=\"og:site_name\" content=\"Les cr\u00e9ations de C\u00e9line Inmyworld\" \/>\n<meta property=\"article:modified_time\" content=\"2024-10-23T15:15:20+00:00\" \/>\n<meta property=\"og:image\" content=\"https:\/\/lescreationsde.celineinmyworldmedium.com\/wp-content\/uploads\/2024\/03\/Bracelet_Chemin_de_Vie_personnalise_en_Ambre_rouge_Jaspe_Volcanique_Fluorite_multicolore_Larvikite_separateurs_en_Hematite.jpg\" \/>\n\t<meta property=\"og:image:width\" content=\"960\" \/>\n\t<meta property=\"og:image:height\" content=\"960\" \/>\n\t<meta property=\"og:image:type\" content=\"image\/jpeg\" \/>\n<meta name=\"twitter:card\" content=\"summary_large_image\" \/>\n<meta name=\"twitter:label1\" content=\"Dur\u00e9e de lecture estim\u00e9e\" \/>\n\t<meta name=\"twitter:data1\" content=\"3 minutes\" \/>\n<script type=\"application\/ld+json\" class=\"yoast-schema-graph\">{\"@context\":\"https:\/\/schema.org\",\"@graph\":[{\"@type\":\"WebPage\",\"@id\":\"https:\/\/lescreationsde.celineinmyworldmedium.com\/index.php\/produit\/bracelet-chemin-de-vie-personnalise-en-ambre-rouge-jaspe-volcanique-fluorite-multicolore-teintee-larvikite-et-separateurs-en-hematite\/\",\"url\":\"https:\/\/lescreationsde.celineinmyworldmedium.com\/index.php\/produit\/bracelet-chemin-de-vie-personnalise-en-ambre-rouge-jaspe-volcanique-fluorite-multicolore-teintee-larvikite-et-separateurs-en-hematite\/\",\"name\":\"Bracelet Chemin de Vie personnalis\u00e9 en Ambre rouge, jaspe...\",\"isPartOf\":{\"@id\":\"https:\/\/lescreationsde.celineinmyworldmedium.com\/#website\"},\"primaryImageOfPage\":{\"@id\":\"https:\/\/lescreationsde.celineinmyworldmedium.com\/index.php\/produit\/bracelet-chemin-de-vie-personnalise-en-ambre-rouge-jaspe-volcanique-fluorite-multicolore-teintee-larvikite-et-separateurs-en-hematite\/#primaryimage\"},\"image\":{\"@id\":\"https:\/\/lescreationsde.celineinmyworldmedium.com\/index.php\/produit\/bracelet-chemin-de-vie-personnalise-en-ambre-rouge-jaspe-volcanique-fluorite-multicolore-teintee-larvikite-et-separateurs-en-hematite\/#primaryimage\"},\"thumbnailUrl\":\"https:\/\/lescreationsde.celineinmyworldmedium.com\/wp-content\/uploads\/2024\/03\/Bracelet_Chemin_de_Vie_personnalise_en_Ambre_rouge_Jaspe_Volcanique_Fluorite_multicolore_Larvikite_separateurs_en_Hematite.jpg\",\"datePublished\":\"2024-03-12T10:56:52+00:00\",\"dateModified\":\"2024-10-23T15:15:20+00:00\",\"description\":\"Soulage les troubles cardiaques, r\u00e9gule la pression art\u00e9rielle et aide dans les maladies des organes g\u00e9nitaux de l\u2019homme. Estimation, caract\u00e8re direct.\",\"breadcrumb\":{\"@id\":\"https:\/\/lescreationsde.celineinmyworldmedium.com\/index.php\/produit\/bracelet-chemin-de-vie-personnalise-en-ambre-rouge-jaspe-volcanique-fluorite-multicolore-teintee-larvikite-et-separateurs-en-hematite\/#breadcrumb\"},\"inLanguage\":\"fr-FR\",\"potentialAction\":[{\"@type\":\"ReadAction\",\"target\":[\"https:\/\/lescreationsde.celineinmyworldmedium.com\/index.php\/produit\/bracelet-chemin-de-vie-personnalise-en-ambre-rouge-jaspe-volcanique-fluorite-multicolore-teintee-larvikite-et-separateurs-en-hematite\/\"]}]},{\"@type\":\"ImageObject\",\"inLanguage\":\"fr-FR\",\"@id\":\"https:\/\/lescreationsde.celineinmyworldmedium.com\/index.php\/produit\/bracelet-chemin-de-vie-personnalise-en-ambre-rouge-jaspe-volcanique-fluorite-multicolore-teintee-larvikite-et-separateurs-en-hematite\/#primaryimage\",\"url\":\"https:\/\/lescreationsde.celineinmyworldmedium.com\/wp-content\/uploads\/2024\/03\/Bracelet_Chemin_de_Vie_personnalise_en_Ambre_rouge_Jaspe_Volcanique_Fluorite_multicolore_Larvikite_separateurs_en_Hematite.jpg\",\"contentUrl\":\"https:\/\/lescreationsde.celineinmyworldmedium.com\/wp-content\/uploads\/2024\/03\/Bracelet_Chemin_de_Vie_personnalise_en_Ambre_rouge_Jaspe_Volcanique_Fluorite_multicolore_Larvikite_separateurs_en_Hematite.jpg\",\"width\":960,\"height\":960,\"caption\":\"Bracelet Chemin de Vie personnalis\u00e9 en Ambre rouge, Jaspe Volcanique, Fluorite multicolore (teint\u00e9e), Larvikite et s\u00e9parateurs en H\u00e9matite\"},{\"@type\":\"BreadcrumbList\",\"@id\":\"https:\/\/lescreationsde.celineinmyworldmedium.com\/index.php\/produit\/bracelet-chemin-de-vie-personnalise-en-ambre-rouge-jaspe-volcanique-fluorite-multicolore-teintee-larvikite-et-separateurs-en-hematite\/#breadcrumb\",\"itemListElement\":[{\"@type\":\"ListItem\",\"position\":1,\"name\":\"Accueil\",\"item\":\"https:\/\/lescreationsde.celineinmyworldmedium.com\/\"},{\"@type\":\"ListItem\",\"position\":2,\"name\":\"Produits\",\"item\":\"https:\/\/lescreationsde.celineinmyworldmedium.com\/index.php\/boutique\/\"},{\"@type\":\"ListItem\",\"position\":3,\"name\":\"Bracelet Chemin de Vie personnalis\u00e9 en Ambre rouge, Jaspe Volcanique, Fluorite multicolore (teint\u00e9e), Larvikite et s\u00e9parateurs en H\u00e9matite\"}]},{\"@type\":\"WebSite\",\"@id\":\"https:\/\/lescreationsde.celineinmyworldmedium.com\/#website\",\"url\":\"https:\/\/lescreationsde.celineinmyworldmedium.com\/\",\"name\":\"Les cr\u00e9ations de C\u00e9line Inmyworld\",\"description\":\"Cr\u00e9ation de bijoux personnalis\u00e9s, sur-mesure, en pierres semi-pr\u00e9cieuses de qualit\u00e9. Bracelets, boucles d&#039;oreilles, colliers, sautoirs, malas, cha\u00eenes de cheville, bagues...\u2764\",\"publisher\":{\"@id\":\"https:\/\/lescreationsde.celineinmyworldmedium.com\/#organization\"},\"potentialAction\":[{\"@type\":\"SearchAction\",\"target\":{\"@type\":\"EntryPoint\",\"urlTemplate\":\"https:\/\/lescreationsde.celineinmyworldmedium.com\/?s={search_term_string}\"},\"query-input\":{\"@type\":\"PropertyValueSpecification\",\"valueRequired\":true,\"valueName\":\"search_term_string\"}}],\"inLanguage\":\"fr-FR\"},{\"@type\":\"Organization\",\"@id\":\"https:\/\/lescreationsde.celineinmyworldmedium.com\/#organization\",\"name\":\"Les cr\u00e9ations de C\u00e9line Inmyworld\",\"url\":\"https:\/\/lescreationsde.celineinmyworldmedium.com\/\",\"logo\":{\"@type\":\"ImageObject\",\"inLanguage\":\"fr-FR\",\"@id\":\"https:\/\/lescreationsde.celineinmyworldmedium.com\/#\/schema\/logo\/image\/\",\"url\":\"https:\/\/lescreationsde.celineinmyworldmedium.com\/wp-content\/uploads\/2021\/03\/logo_creations3.png\",\"contentUrl\":\"https:\/\/lescreationsde.celineinmyworldmedium.com\/wp-content\/uploads\/2021\/03\/logo_creations3.png\",\"width\":613,\"height\":190,\"caption\":\"Les cr\u00e9ations de C\u00e9line Inmyworld\"},\"image\":{\"@id\":\"https:\/\/lescreationsde.celineinmyworldmedium.com\/#\/schema\/logo\/image\/\"}}]}<\/script>\n<!-- \/ Yoast SEO plugin. -->","yoast_head_json":{"title":"Bracelet Chemin de Vie personnalis\u00e9 en Ambre rouge, jaspe...","description":"Soulage les troubles cardiaques, r\u00e9gule la pression art\u00e9rielle et aide dans les maladies des organes g\u00e9nitaux de l\u2019homme. Estimation, caract\u00e8re direct.","robots":{"index":"index","follow":"follow","max-snippet":"max-snippet:-1","max-image-preview":"max-image-preview:large","max-video-preview":"max-video-preview:-1"},"canonical":"https:\/\/lescreationsde.celineinmyworldmedium.com\/index.php\/produit\/bracelet-chemin-de-vie-personnalise-en-ambre-rouge-jaspe-volcanique-fluorite-multicolore-teintee-larvikite-et-separateurs-en-hematite\/","og_locale":"fr_FR","og_type":"article","og_title":"Bracelet Chemin de Vie personnalis\u00e9 en Ambre rouge, jaspe...","og_description":"Soulage les troubles cardiaques, r\u00e9gule la pression art\u00e9rielle et aide dans les maladies des organes g\u00e9nitaux de l\u2019homme. Estimation, caract\u00e8re direct.","og_url":"https:\/\/lescreationsde.celineinmyworldmedium.com\/index.php\/produit\/bracelet-chemin-de-vie-personnalise-en-ambre-rouge-jaspe-volcanique-fluorite-multicolore-teintee-larvikite-et-separateurs-en-hematite\/","og_site_name":"Les cr\u00e9ations de C\u00e9line Inmyworld","article_modified_time":"2024-10-23T15:15:20+00:00","og_image":[{"width":960,"height":960,"url":"https:\/\/lescreationsde.celineinmyworldmedium.com\/wp-content\/uploads\/2024\/03\/Bracelet_Chemin_de_Vie_personnalise_en_Ambre_rouge_Jaspe_Volcanique_Fluorite_multicolore_Larvikite_separateurs_en_Hematite.jpg","type":"image\/jpeg"}],"twitter_card":"summary_large_image","twitter_misc":{"Dur\u00e9e de lecture estim\u00e9e":"3 minutes"},"schema":{"@context":"https:\/\/schema.org","@graph":[{"@type":"WebPage","@id":"https:\/\/lescreationsde.celineinmyworldmedium.com\/index.php\/produit\/bracelet-chemin-de-vie-personnalise-en-ambre-rouge-jaspe-volcanique-fluorite-multicolore-teintee-larvikite-et-separateurs-en-hematite\/","url":"https:\/\/lescreationsde.celineinmyworldmedium.com\/index.php\/produit\/bracelet-chemin-de-vie-personnalise-en-ambre-rouge-jaspe-volcanique-fluorite-multicolore-teintee-larvikite-et-separateurs-en-hematite\/","name":"Bracelet Chemin de Vie personnalis\u00e9 en Ambre rouge, jaspe...","isPartOf":{"@id":"https:\/\/lescreationsde.celineinmyworldmedium.com\/#website"},"primaryImageOfPage":{"@id":"https:\/\/lescreationsde.celineinmyworldmedium.com\/index.php\/produit\/bracelet-chemin-de-vie-personnalise-en-ambre-rouge-jaspe-volcanique-fluorite-multicolore-teintee-larvikite-et-separateurs-en-hematite\/#primaryimage"},"image":{"@id":"https:\/\/lescreationsde.celineinmyworldmedium.com\/index.php\/produit\/bracelet-chemin-de-vie-personnalise-en-ambre-rouge-jaspe-volcanique-fluorite-multicolore-teintee-larvikite-et-separateurs-en-hematite\/#primaryimage"},"thumbnailUrl":"https:\/\/lescreationsde.celineinmyworldmedium.com\/wp-content\/uploads\/2024\/03\/Bracelet_Chemin_de_Vie_personnalise_en_Ambre_rouge_Jaspe_Volcanique_Fluorite_multicolore_Larvikite_separateurs_en_Hematite.jpg","datePublished":"2024-03-12T10:56:52+00:00","dateModified":"2024-10-23T15:15:20+00:00","description":"Soulage les troubles cardiaques, r\u00e9gule la pression art\u00e9rielle et aide dans les maladies des organes g\u00e9nitaux de l\u2019homme. Estimation, caract\u00e8re direct.","breadcrumb":{"@id":"https:\/\/lescreationsde.celineinmyworldmedium.com\/index.php\/produit\/bracelet-chemin-de-vie-personnalise-en-ambre-rouge-jaspe-volcanique-fluorite-multicolore-teintee-larvikite-et-separateurs-en-hematite\/#breadcrumb"},"inLanguage":"fr-FR","potentialAction":[{"@type":"ReadAction","target":["https:\/\/lescreationsde.celineinmyworldmedium.com\/index.php\/produit\/bracelet-chemin-de-vie-personnalise-en-ambre-rouge-jaspe-volcanique-fluorite-multicolore-teintee-larvikite-et-separateurs-en-hematite\/"]}]},{"@type":"ImageObject","inLanguage":"fr-FR","@id":"https:\/\/lescreationsde.celineinmyworldmedium.com\/index.php\/produit\/bracelet-chemin-de-vie-personnalise-en-ambre-rouge-jaspe-volcanique-fluorite-multicolore-teintee-larvikite-et-separateurs-en-hematite\/#primaryimage","url":"https:\/\/lescreationsde.celineinmyworldmedium.com\/wp-content\/uploads\/2024\/03\/Bracelet_Chemin_de_Vie_personnalise_en_Ambre_rouge_Jaspe_Volcanique_Fluorite_multicolore_Larvikite_separateurs_en_Hematite.jpg","contentUrl":"https:\/\/lescreationsde.celineinmyworldmedium.com\/wp-content\/uploads\/2024\/03\/Bracelet_Chemin_de_Vie_personnalise_en_Ambre_rouge_Jaspe_Volcanique_Fluorite_multicolore_Larvikite_separateurs_en_Hematite.jpg","width":960,"height":960,"caption":"Bracelet Chemin de Vie personnalis\u00e9 en Ambre rouge, Jaspe Volcanique, Fluorite multicolore (teint\u00e9e), Larvikite et s\u00e9parateurs en H\u00e9matite"},{"@type":"BreadcrumbList","@id":"https:\/\/lescreationsde.celineinmyworldmedium.com\/index.php\/produit\/bracelet-chemin-de-vie-personnalise-en-ambre-rouge-jaspe-volcanique-fluorite-multicolore-teintee-larvikite-et-separateurs-en-hematite\/#breadcrumb","itemListElement":[{"@type":"ListItem","position":1,"name":"Accueil","item":"https:\/\/lescreationsde.celineinmyworldmedium.com\/"},{"@type":"ListItem","position":2,"name":"Produits","item":"https:\/\/lescreationsde.celineinmyworldmedium.com\/index.php\/boutique\/"},{"@type":"ListItem","position":3,"name":"Bracelet Chemin de Vie personnalis\u00e9 en Ambre rouge, Jaspe Volcanique, Fluorite multicolore (teint\u00e9e), Larvikite et s\u00e9parateurs en H\u00e9matite"}]},{"@type":"WebSite","@id":"https:\/\/lescreationsde.celineinmyworldmedium.com\/#website","url":"https:\/\/lescreationsde.celineinmyworldmedium.com\/","name":"Les cr\u00e9ations de C\u00e9line Inmyworld","description":"Cr\u00e9ation de bijoux personnalis\u00e9s, sur-mesure, en pierres semi-pr\u00e9cieuses de qualit\u00e9. Bracelets, boucles d&#039;oreilles, colliers, sautoirs, malas, cha\u00eenes de cheville, bagues...\u2764","publisher":{"@id":"https:\/\/lescreationsde.celineinmyworldmedium.com\/#organization"},"potentialAction":[{"@type":"SearchAction","target":{"@type":"EntryPoint","urlTemplate":"https:\/\/lescreationsde.celineinmyworldmedium.com\/?s={search_term_string}"},"query-input":{"@type":"PropertyValueSpecification","valueRequired":true,"valueName":"search_term_string"}}],"inLanguage":"fr-FR"},{"@type":"Organization","@id":"https:\/\/lescreationsde.celineinmyworldmedium.com\/#organization","name":"Les cr\u00e9ations de C\u00e9line Inmyworld","url":"https:\/\/lescreationsde.celineinmyworldmedium.com\/","logo":{"@type":"ImageObject","inLanguage":"fr-FR","@id":"https:\/\/lescreationsde.celineinmyworldmedium.com\/#\/schema\/logo\/image\/","url":"https:\/\/lescreationsde.celineinmyworldmedium.com\/wp-content\/uploads\/2021\/03\/logo_creations3.png","contentUrl":"https:\/\/lescreationsde.celineinmyworldmedium.com\/wp-content\/uploads\/2021\/03\/logo_creations3.png","width":613,"height":190,"caption":"Les cr\u00e9ations de C\u00e9line Inmyworld"},"image":{"@id":"https:\/\/lescreationsde.celineinmyworldmedium.com\/#\/schema\/logo\/image\/"}}]}},"jetpack_sharing_enabled":true,"_links":{"self":[{"href":"https:\/\/lescreationsde.celineinmyworldmedium.com\/index.php\/wp-json\/wp\/v2\/product\/7726","targetHints":{"allow":["GET"]}}],"collection":[{"href":"https:\/\/lescreationsde.celineinmyworldmedium.com\/index.php\/wp-json\/wp\/v2\/product"}],"about":[{"href":"https:\/\/lescreationsde.celineinmyworldmedium.com\/index.php\/wp-json\/wp\/v2\/types\/product"}],"replies":[{"embeddable":true,"href":"https:\/\/lescreationsde.celineinmyworldmedium.com\/index.php\/wp-json\/wp\/v2\/comments?post=7726"}],"wp:featuredmedia":[{"embeddable":true,"href":"https:\/\/lescreationsde.celineinmyworldmedium.com\/index.php\/wp-json\/wp\/v2\/media\/7729"}],"wp:attachment":[{"href":"https:\/\/lescreationsde.celineinmyworldmedium.com\/index.php\/wp-json\/wp\/v2\/media?parent=7726"}],"wp:term":[{"taxonomy":"product_brand","embeddable":true,"href":"https:\/\/lescreationsde.celineinmyworldmedium.com\/index.php\/wp-json\/wp\/v2\/product_brand?post=7726"},{"taxonomy":"product_cat","embeddable":true,"href":"https:\/\/lescreationsde.celineinmyworldmedium.com\/index.php\/wp-json\/wp\/v2\/product_cat?post=7726"},{"taxonomy":"product_tag","embeddable":true,"href":"https:\/\/lescreationsde.celineinmyworldmedium.com\/index.php\/wp-json\/wp\/v2\/product_tag?post=7726"}],"curies":[{"name":"wp","href":"https:\/\/api.w.org\/{rel}","templated":true}]}}