{"id":7722,"date":"2024-03-11T18:53:19","date_gmt":"2024-03-11T17:53:19","guid":{"rendered":"https:\/\/lescreationsde.celineinmyworldmedium.com\/?post_type=product&#038;p=7722"},"modified":"2024-10-23T17:15:41","modified_gmt":"2024-10-23T15:15:41","slug":"bracelet-de-protection-pour-aider-a-se-liberer-des-angoisses-en-charoite-grenat-marbre-zebre-graines-de-rudraksha-et-arbre-de-vie-en-hematite","status":"publish","type":"product","link":"https:\/\/lescreationsde.celineinmyworldmedium.com\/index.php\/produit\/bracelet-de-protection-pour-aider-a-se-liberer-des-angoisses-en-charoite-grenat-marbre-zebre-graines-de-rudraksha-et-arbre-de-vie-en-hematite\/","title":{"rendered":"Bracelet de protection pour aider \u00e0 se lib\u00e9rer des angoisses en Charo\u00efte, Grenat, Marbre Z\u00e8bre, Graines de Rudraksha et Arbre de vie en H\u00e9matite"},"content":{"rendered":"<h4>1 &#8211; Les vertus de la charo\u00efte :<\/h4>\n<p><strong>Sur le domaine spirituel<\/strong>, celui de l\u2019\u00eatre humain avec ses intentions, ses buts ou ses pr\u00e9occupations existentielles :<br \/>\n<strong>R\u00e9solution, \u00e9nergie.<\/strong><\/p>\n<p><strong>Sur le domaine de l\u2019\u00e2me<\/strong> ou du subconscient, ainsi que les notions de temp\u00e9rament, de sentiments, de sensations, de r\u00eaves, de v\u00e9cu sur le plan animique, d\u2019habitudes et de r\u00e9actions inconscientes :<br \/>\n<strong>Rend serein, aide \u00e0 d\u00e9passer les contraintes et les r\u00e9sistances.<\/strong><\/p>\n<p><strong>Sur le domaine mental<\/strong> avec les id\u00e9es, la raison, les convictions, les consid\u00e9rations, ainsi que le mode de pens\u00e9e et d\u2019action consciente :<br \/>\n<strong>Aide \u00e0 prendre des d\u00e9cisions importantes et \u00e0 faire face \u00e0 une montagne de travail.<\/strong><\/p>\n<p><strong>Sur le domaine physique<\/strong> ou corporel, l\u2019ensemble de l\u2019organisme avec les sens, les organes et les fonctions :<br \/>\n<strong>Calme les nerfs, att\u00e9nue les douleurs et \u00e9limine les crampes.<\/strong><\/p>\n<p>&nbsp;<\/p>\n<h4><strong> 2 &#8211; Les vertus du marbre z\u00e8bre :<\/strong><\/h4>\n<p><strong>Sur le domaine spirituel<\/strong>, celui de l\u2019\u00eatre humain avec ses intentions, ses buts ou ses pr\u00e9occupations existentielles :<br \/>\n<strong>Lib\u00e9ration de soi.<\/strong><\/p>\n<p><strong>Sur le domaine de l\u2019\u00e2me<\/strong> ou du subconscient, ainsi que les notions de temp\u00e9rament, de sentiments, de sensations, de r\u00eaves, de v\u00e9cu sur le plan animique, d\u2019habitudes et de r\u00e9actions inconscientes :<br \/>\n<strong>Aide \u00e0 se d\u00e9fendre contre l\u2019oppression, am\u00e9liore les \u00e9tats d\u2019insatisfaction permanente.<\/strong><\/p>\n<p><strong>Sur le domaine mental<\/strong> avec les id\u00e9es, la raison, les convictions, les consid\u00e9rations, ainsi que le mode de pens\u00e9e et d\u2019action consciente :<br \/>\n<strong>Permet de surmonter la r\u00e9signation.<\/strong><\/p>\n<p><strong>Sur le domaine physique<\/strong> ou corporel, l\u2019ensemble de l\u2019organisme avec les sens, les organes et les fonctions :<br \/>\n<strong>Favorise le drainage et l\u2019\u00e9limination, att\u00e9nue les allergies, fortifie la rate, les reins, l\u2019intestin, les tissus et la peau.<\/strong><\/p>\n<p>&nbsp;<\/p>\n<h4>3 &#8211; Les vertus du grenat (pyrope) :<\/h4>\n<p><strong>Sur le domaine spirituel<\/strong>, celui de l\u2019\u00eatre humain avec ses intentions, ses buts ou ses pr\u00e9occupations existentielles :<br \/>\n<strong>D\u00e9passement des crises, qualit\u00e9 de vie.<\/strong><\/p>\n<p><strong>Sur le domaine de l\u2019\u00e2me<\/strong> ou du subconscient, ainsi que les notions de temp\u00e9rament, de sentiments, de sensations, de r\u00eaves, de v\u00e9cu sur le plan animique, d\u2019habitudes et de r\u00e9actions inconscientes :<br \/>\n<strong>Favorise la s\u00e9r\u00e9nit\u00e9, le courage et l\u2019endurance, r\u00e9duit les blocages, stimule la sexualit\u00e9.<\/strong><\/p>\n<p><strong>Sur le domaine mental<\/strong> avec les id\u00e9es, la raison, les convictions, les consid\u00e9rations, ainsi que le mode de pens\u00e9e et d\u2019action consciente :<br \/>\n<strong>Encourage l\u2019aspiration \u00e0 s\u2019am\u00e9liorer.<\/strong><\/p>\n<p><strong>Sur le domaine physique<\/strong> ou corporel, l\u2019ensemble de l\u2019organisme avec les sens, les organes et les fonctions :<br \/>\n<strong>Am\u00e9liore la qualit\u00e9 du sang et l\u2019irrigation sanguine, aide en cas d\u2019affections de la vessie.<\/strong><\/p>\n<p>&nbsp;<\/p>\n<h4>4 &#8211; Les vertus des <span class=\"posted_in\">graines de rudraksha \/ bodhi<\/span> :<\/h4>\n<p><strong>Sur le domaine spirituel<\/strong>, celui de l\u2019\u00eatre humain avec ses intentions, ses buts ou ses pr\u00e9occupations existentielles :<br \/>\n<strong>La m\u00e9decine ayurv\u00e9dique attribue des vertus b\u00e9n\u00e9fiques et bienfaisantes au Rudraksha. Les graines ont un puissant rayonnement \u00e9lectromagn\u00e9tique qui renforce notre champ \u00e9nerg\u00e9tique. Le port de ces graines aide \u00e0 \u00e9quilibrer le fonctionnement de nos organes. Le 25\u00e8me chapitre de Vidyeshwar Samhita indique que le port du Rudraksha d\u00e9truit le mal et les d\u00e9mons.<\/strong><\/p>\n<p><strong>Sur le domaine de l\u2019\u00e2me<\/strong> ou du subconscient, ainsi que les notions de temp\u00e9rament, de sentiments, de sensations, de r\u00eaves, de v\u00e9cu sur le plan animique, d\u2019habitudes et de r\u00e9actions inconscientes :<br \/>\n<strong>Idem.<\/strong><\/p>\n<p><strong>Sur le domaine mental<\/strong> avec les id\u00e9es, la raison, les convictions, les consid\u00e9rations, ainsi que le mode de pens\u00e9e et d\u2019action consciente :<br \/>\n<strong>La m\u00e9decine ayurv\u00e9dique attribue des vertus b\u00e9n\u00e9fiques et bienfaisantes au Rudraksha. Les graines ont un puissant rayonnement \u00e9lectromagn\u00e9tique qui renforce notre champ \u00e9nerg\u00e9tique. Le port de ces graines aide \u00e0 \u00e9quilibrer le fonctionnement de nos organes. Le 25\u00e8me chapitre de Vidyeshwar Samhita indique que le port du Rudraksha d\u00e9truit le mal et les d\u00e9mons.<\/strong><\/p>\n<p><strong>Sur le domaine physique<\/strong> ou corporel, l\u2019ensemble de l\u2019organisme avec les sens, les organes et les fonctions :<br \/>\n<strong>Idem.<\/strong><\/p>\n<p><em><strong>L\u2019arbre de vie :<\/strong><br \/>\nSymbole d\u2019amour et de protection.<br \/>\nPr\u00e9sent dans les traditions religieuses, il incarne une plante d\u2019immortalit\u00e9 plac\u00e9e au milieu du Paradis : l\u2019arbre perd son feuillage l\u2019hiver et le retrouve au printemps. L\u2019arbre de vie est donc le symbole du cycle mort-r\u00e9surrection o\u00f9 la vie et l\u2019immortalit\u00e9 l\u2019emportent toujours sur la mort.<br \/>\nAvec ses racines fermement plant\u00e9es sous terre et ses branches dirig\u00e9es vers le ciel, il symbolise le lien entre le monde terrestre et l\u2019au del\u00e0. Faisant r\u00e9f\u00e9rence \u00e0 un sentiment d\u2019ancrage, il \u00e9voque la force de la vie et ses origines.<\/em><\/p>\n","protected":false},"excerpt":{"rendered":"<table>\n<tbody>\n<tr>\n<td style=\"texte-align: left; color: gray; border: none;\"><strong>Hors frais d&rsquo;exp\u00e9dition<\/strong><\/td>\n<\/tr>\n<tr>\n<td style=\"texte-align: left; color: gray; border: none;\"><strong>Bijoux confectionn\u00e9s sur-mesure, sur commande<br \/>\nLes couleurs et motifs des pierres varient d&rsquo;un bijou \u00e0 un autre<br \/>\nD\u00e9lai de confection environ 30 jours<\/strong><\/td>\n<\/tr>\n<tr>\n<td style=\"texte-align: left; color: blue; border: none;\"><a style=\"color: #a15fe2;\" href=\"https:\/\/lescreationsde.celineinmyworldmedium.com\/index.php\/mesurer-son-tour-de-poignet-pour-bracelets\/\" target=\"_blank\" rel=\"noopener\"><strong>Comment mesurer son tour de poignet<\/strong><\/a><\/td>\n<\/tr>\n<\/tbody>\n<\/table>\n","protected":false},"featured_media":7724,"comment_status":"open","ping_status":"closed","template":"","meta":[],"product_brand":[],"product_cat":[31,49,705,51,597],"product_tag":[152,106,42,44,38,47,43,41,40,39,23,25,1782,36,34,26,37,35,250,16,24,45,17,33,709,276,32,342,27,22,28],"class_list":{"0":"post-7722","1":"product","2":"type-product","3":"status-publish","4":"has-post-thumbnail","6":"product_cat-bracelets","7":"product_cat-charoite","8":"product_cat-graines-de-rudraksha-bodhi-pierres","9":"product_cat-grenat","10":"product_cat-marbre-pierres","11":"product_tag-amour","12":"product_tag-argent","13":"product_tag-bijou","14":"product_tag-bijou-energetique","15":"product_tag-bijoux","16":"product_tag-bijoux-anti-allergies","17":"product_tag-bijoux-energetiques","18":"product_tag-bijoux-fait-main","19":"product_tag-bijoux-personnalises","20":"product_tag-bijoux-sur-mesure","21":"product_tag-boucles-doreilles","22":"product_tag-bracelet","23":"product_tag-bracelet-de-protection-pour-aider-a-se-liberer-des-angoisses","24":"product_tag-bracelet-femme","25":"product_tag-bracelet-homme","26":"product_tag-bracelets","27":"product_tag-bracelets-femme","28":"product_tag-bracelets-homme","29":"product_tag-charoite","30":"product_tag-collier","31":"product_tag-collier-femme","32":"product_tag-collier-personnalise","33":"product_tag-colliers","34":"product_tag-energetique","35":"product_tag-graines-de-rudraksha-bodhi","36":"product_tag-grenat-pyrope","37":"product_tag-lithotherapie","38":"product_tag-marbre-zebre","39":"product_tag-pierre","40":"product_tag-pierre-semi-precieuse","41":"product_tag-pierres-naturelles","43":"first","44":"instock","45":"shipping-taxable","46":"purchasable","47":"product-type-variable"},"yoast_head":"<!-- This site is optimized with the Yoast SEO plugin v27.2 - https:\/\/yoast.com\/product\/yoast-seo-wordpress\/ -->\n<title>Bracelet de protection pour aider \u00e0 se lib\u00e9rer des angoisses...<\/title>\n<meta name=\"description\" content=\"R\u00e9solution, \u00e9nergie. Favorise le drainage et l\u2019\u00e9limination, att\u00e9nue les allergies, fortifie la rate, les reins, l\u2019intestin, les tissus et la peau.\" \/>\n<meta name=\"robots\" content=\"index, follow, max-snippet:-1, max-image-preview:large, max-video-preview:-1\" \/>\n<link rel=\"canonical\" href=\"https:\/\/lescreationsde.celineinmyworldmedium.com\/index.php\/produit\/bracelet-de-protection-pour-aider-a-se-liberer-des-angoisses-en-charoite-grenat-marbre-zebre-graines-de-rudraksha-et-arbre-de-vie-en-hematite\/\" \/>\n<meta property=\"og:locale\" content=\"fr_FR\" \/>\n<meta property=\"og:type\" content=\"article\" \/>\n<meta property=\"og:title\" content=\"Bracelet de protection pour aider \u00e0 se lib\u00e9rer des angoisses...\" \/>\n<meta property=\"og:description\" content=\"R\u00e9solution, \u00e9nergie. Favorise le drainage et l\u2019\u00e9limination, att\u00e9nue les allergies, fortifie la rate, les reins, l\u2019intestin, les tissus et la peau.\" \/>\n<meta property=\"og:url\" content=\"https:\/\/lescreationsde.celineinmyworldmedium.com\/index.php\/produit\/bracelet-de-protection-pour-aider-a-se-liberer-des-angoisses-en-charoite-grenat-marbre-zebre-graines-de-rudraksha-et-arbre-de-vie-en-hematite\/\" \/>\n<meta property=\"og:site_name\" content=\"Les cr\u00e9ations de C\u00e9line Inmyworld\" \/>\n<meta property=\"article:modified_time\" content=\"2024-10-23T15:15:41+00:00\" \/>\n<meta property=\"og:image\" content=\"https:\/\/lescreationsde.celineinmyworldmedium.com\/wp-content\/uploads\/2024\/03\/Bracelet_de_protection_pour_aider_a_se_liberer_des_angoisses_en_Charoite_Grenat_Marbre_zebre_etc.jpg\" \/>\n\t<meta property=\"og:image:width\" content=\"960\" \/>\n\t<meta property=\"og:image:height\" content=\"960\" \/>\n\t<meta property=\"og:image:type\" content=\"image\/jpeg\" \/>\n<meta name=\"twitter:card\" content=\"summary_large_image\" \/>\n<meta name=\"twitter:label1\" content=\"Dur\u00e9e de lecture estim\u00e9e\" \/>\n\t<meta name=\"twitter:data1\" content=\"4 minutes\" \/>\n<script type=\"application\/ld+json\" class=\"yoast-schema-graph\">{\"@context\":\"https:\/\/schema.org\",\"@graph\":[{\"@type\":\"WebPage\",\"@id\":\"https:\/\/lescreationsde.celineinmyworldmedium.com\/index.php\/produit\/bracelet-de-protection-pour-aider-a-se-liberer-des-angoisses-en-charoite-grenat-marbre-zebre-graines-de-rudraksha-et-arbre-de-vie-en-hematite\/\",\"url\":\"https:\/\/lescreationsde.celineinmyworldmedium.com\/index.php\/produit\/bracelet-de-protection-pour-aider-a-se-liberer-des-angoisses-en-charoite-grenat-marbre-zebre-graines-de-rudraksha-et-arbre-de-vie-en-hematite\/\",\"name\":\"Bracelet de protection pour aider \u00e0 se lib\u00e9rer des angoisses...\",\"isPartOf\":{\"@id\":\"https:\/\/lescreationsde.celineinmyworldmedium.com\/#website\"},\"primaryImageOfPage\":{\"@id\":\"https:\/\/lescreationsde.celineinmyworldmedium.com\/index.php\/produit\/bracelet-de-protection-pour-aider-a-se-liberer-des-angoisses-en-charoite-grenat-marbre-zebre-graines-de-rudraksha-et-arbre-de-vie-en-hematite\/#primaryimage\"},\"image\":{\"@id\":\"https:\/\/lescreationsde.celineinmyworldmedium.com\/index.php\/produit\/bracelet-de-protection-pour-aider-a-se-liberer-des-angoisses-en-charoite-grenat-marbre-zebre-graines-de-rudraksha-et-arbre-de-vie-en-hematite\/#primaryimage\"},\"thumbnailUrl\":\"https:\/\/lescreationsde.celineinmyworldmedium.com\/wp-content\/uploads\/2024\/03\/Bracelet_de_protection_pour_aider_a_se_liberer_des_angoisses_en_Charoite_Grenat_Marbre_zebre_etc.jpg\",\"datePublished\":\"2024-03-11T17:53:19+00:00\",\"dateModified\":\"2024-10-23T15:15:41+00:00\",\"description\":\"R\u00e9solution, \u00e9nergie. Favorise le drainage et l\u2019\u00e9limination, att\u00e9nue les allergies, fortifie la rate, les reins, l\u2019intestin, les tissus et la peau.\",\"breadcrumb\":{\"@id\":\"https:\/\/lescreationsde.celineinmyworldmedium.com\/index.php\/produit\/bracelet-de-protection-pour-aider-a-se-liberer-des-angoisses-en-charoite-grenat-marbre-zebre-graines-de-rudraksha-et-arbre-de-vie-en-hematite\/#breadcrumb\"},\"inLanguage\":\"fr-FR\",\"potentialAction\":[{\"@type\":\"ReadAction\",\"target\":[\"https:\/\/lescreationsde.celineinmyworldmedium.com\/index.php\/produit\/bracelet-de-protection-pour-aider-a-se-liberer-des-angoisses-en-charoite-grenat-marbre-zebre-graines-de-rudraksha-et-arbre-de-vie-en-hematite\/\"]}]},{\"@type\":\"ImageObject\",\"inLanguage\":\"fr-FR\",\"@id\":\"https:\/\/lescreationsde.celineinmyworldmedium.com\/index.php\/produit\/bracelet-de-protection-pour-aider-a-se-liberer-des-angoisses-en-charoite-grenat-marbre-zebre-graines-de-rudraksha-et-arbre-de-vie-en-hematite\/#primaryimage\",\"url\":\"https:\/\/lescreationsde.celineinmyworldmedium.com\/wp-content\/uploads\/2024\/03\/Bracelet_de_protection_pour_aider_a_se_liberer_des_angoisses_en_Charoite_Grenat_Marbre_zebre_etc.jpg\",\"contentUrl\":\"https:\/\/lescreationsde.celineinmyworldmedium.com\/wp-content\/uploads\/2024\/03\/Bracelet_de_protection_pour_aider_a_se_liberer_des_angoisses_en_Charoite_Grenat_Marbre_zebre_etc.jpg\",\"width\":960,\"height\":960,\"caption\":\"Bracelet de protection pour aider \u00e0 se lib\u00e9rer des angoisses En Charo\u00efte, Grenat, Marbre Z\u00e8bre, Graines de Rudraksha et Arbre de vie en H\u00e9matite\"},{\"@type\":\"BreadcrumbList\",\"@id\":\"https:\/\/lescreationsde.celineinmyworldmedium.com\/index.php\/produit\/bracelet-de-protection-pour-aider-a-se-liberer-des-angoisses-en-charoite-grenat-marbre-zebre-graines-de-rudraksha-et-arbre-de-vie-en-hematite\/#breadcrumb\",\"itemListElement\":[{\"@type\":\"ListItem\",\"position\":1,\"name\":\"Accueil\",\"item\":\"https:\/\/lescreationsde.celineinmyworldmedium.com\/\"},{\"@type\":\"ListItem\",\"position\":2,\"name\":\"Produits\",\"item\":\"https:\/\/lescreationsde.celineinmyworldmedium.com\/index.php\/boutique\/\"},{\"@type\":\"ListItem\",\"position\":3,\"name\":\"Bracelet de protection pour aider \u00e0 se lib\u00e9rer des angoisses en Charo\u00efte, Grenat, Marbre Z\u00e8bre, Graines de Rudraksha et Arbre de vie en H\u00e9matite\"}]},{\"@type\":\"WebSite\",\"@id\":\"https:\/\/lescreationsde.celineinmyworldmedium.com\/#website\",\"url\":\"https:\/\/lescreationsde.celineinmyworldmedium.com\/\",\"name\":\"Les cr\u00e9ations de C\u00e9line Inmyworld\",\"description\":\"Cr\u00e9ation de bijoux personnalis\u00e9s, sur-mesure, en pierres semi-pr\u00e9cieuses de qualit\u00e9. Bracelets, boucles d&#039;oreilles, colliers, sautoirs, malas, cha\u00eenes de cheville, bagues...\u2764\",\"publisher\":{\"@id\":\"https:\/\/lescreationsde.celineinmyworldmedium.com\/#organization\"},\"potentialAction\":[{\"@type\":\"SearchAction\",\"target\":{\"@type\":\"EntryPoint\",\"urlTemplate\":\"https:\/\/lescreationsde.celineinmyworldmedium.com\/?s={search_term_string}\"},\"query-input\":{\"@type\":\"PropertyValueSpecification\",\"valueRequired\":true,\"valueName\":\"search_term_string\"}}],\"inLanguage\":\"fr-FR\"},{\"@type\":\"Organization\",\"@id\":\"https:\/\/lescreationsde.celineinmyworldmedium.com\/#organization\",\"name\":\"Les cr\u00e9ations de C\u00e9line Inmyworld\",\"url\":\"https:\/\/lescreationsde.celineinmyworldmedium.com\/\",\"logo\":{\"@type\":\"ImageObject\",\"inLanguage\":\"fr-FR\",\"@id\":\"https:\/\/lescreationsde.celineinmyworldmedium.com\/#\/schema\/logo\/image\/\",\"url\":\"https:\/\/lescreationsde.celineinmyworldmedium.com\/wp-content\/uploads\/2021\/03\/logo_creations3.png\",\"contentUrl\":\"https:\/\/lescreationsde.celineinmyworldmedium.com\/wp-content\/uploads\/2021\/03\/logo_creations3.png\",\"width\":613,\"height\":190,\"caption\":\"Les cr\u00e9ations de C\u00e9line Inmyworld\"},\"image\":{\"@id\":\"https:\/\/lescreationsde.celineinmyworldmedium.com\/#\/schema\/logo\/image\/\"}}]}<\/script>\n<!-- \/ Yoast SEO plugin. -->","yoast_head_json":{"title":"Bracelet de protection pour aider \u00e0 se lib\u00e9rer des angoisses...","description":"R\u00e9solution, \u00e9nergie. Favorise le drainage et l\u2019\u00e9limination, att\u00e9nue les allergies, fortifie la rate, les reins, l\u2019intestin, les tissus et la peau.","robots":{"index":"index","follow":"follow","max-snippet":"max-snippet:-1","max-image-preview":"max-image-preview:large","max-video-preview":"max-video-preview:-1"},"canonical":"https:\/\/lescreationsde.celineinmyworldmedium.com\/index.php\/produit\/bracelet-de-protection-pour-aider-a-se-liberer-des-angoisses-en-charoite-grenat-marbre-zebre-graines-de-rudraksha-et-arbre-de-vie-en-hematite\/","og_locale":"fr_FR","og_type":"article","og_title":"Bracelet de protection pour aider \u00e0 se lib\u00e9rer des angoisses...","og_description":"R\u00e9solution, \u00e9nergie. Favorise le drainage et l\u2019\u00e9limination, att\u00e9nue les allergies, fortifie la rate, les reins, l\u2019intestin, les tissus et la peau.","og_url":"https:\/\/lescreationsde.celineinmyworldmedium.com\/index.php\/produit\/bracelet-de-protection-pour-aider-a-se-liberer-des-angoisses-en-charoite-grenat-marbre-zebre-graines-de-rudraksha-et-arbre-de-vie-en-hematite\/","og_site_name":"Les cr\u00e9ations de C\u00e9line Inmyworld","article_modified_time":"2024-10-23T15:15:41+00:00","og_image":[{"width":960,"height":960,"url":"https:\/\/lescreationsde.celineinmyworldmedium.com\/wp-content\/uploads\/2024\/03\/Bracelet_de_protection_pour_aider_a_se_liberer_des_angoisses_en_Charoite_Grenat_Marbre_zebre_etc.jpg","type":"image\/jpeg"}],"twitter_card":"summary_large_image","twitter_misc":{"Dur\u00e9e de lecture estim\u00e9e":"4 minutes"},"schema":{"@context":"https:\/\/schema.org","@graph":[{"@type":"WebPage","@id":"https:\/\/lescreationsde.celineinmyworldmedium.com\/index.php\/produit\/bracelet-de-protection-pour-aider-a-se-liberer-des-angoisses-en-charoite-grenat-marbre-zebre-graines-de-rudraksha-et-arbre-de-vie-en-hematite\/","url":"https:\/\/lescreationsde.celineinmyworldmedium.com\/index.php\/produit\/bracelet-de-protection-pour-aider-a-se-liberer-des-angoisses-en-charoite-grenat-marbre-zebre-graines-de-rudraksha-et-arbre-de-vie-en-hematite\/","name":"Bracelet de protection pour aider \u00e0 se lib\u00e9rer des angoisses...","isPartOf":{"@id":"https:\/\/lescreationsde.celineinmyworldmedium.com\/#website"},"primaryImageOfPage":{"@id":"https:\/\/lescreationsde.celineinmyworldmedium.com\/index.php\/produit\/bracelet-de-protection-pour-aider-a-se-liberer-des-angoisses-en-charoite-grenat-marbre-zebre-graines-de-rudraksha-et-arbre-de-vie-en-hematite\/#primaryimage"},"image":{"@id":"https:\/\/lescreationsde.celineinmyworldmedium.com\/index.php\/produit\/bracelet-de-protection-pour-aider-a-se-liberer-des-angoisses-en-charoite-grenat-marbre-zebre-graines-de-rudraksha-et-arbre-de-vie-en-hematite\/#primaryimage"},"thumbnailUrl":"https:\/\/lescreationsde.celineinmyworldmedium.com\/wp-content\/uploads\/2024\/03\/Bracelet_de_protection_pour_aider_a_se_liberer_des_angoisses_en_Charoite_Grenat_Marbre_zebre_etc.jpg","datePublished":"2024-03-11T17:53:19+00:00","dateModified":"2024-10-23T15:15:41+00:00","description":"R\u00e9solution, \u00e9nergie. Favorise le drainage et l\u2019\u00e9limination, att\u00e9nue les allergies, fortifie la rate, les reins, l\u2019intestin, les tissus et la peau.","breadcrumb":{"@id":"https:\/\/lescreationsde.celineinmyworldmedium.com\/index.php\/produit\/bracelet-de-protection-pour-aider-a-se-liberer-des-angoisses-en-charoite-grenat-marbre-zebre-graines-de-rudraksha-et-arbre-de-vie-en-hematite\/#breadcrumb"},"inLanguage":"fr-FR","potentialAction":[{"@type":"ReadAction","target":["https:\/\/lescreationsde.celineinmyworldmedium.com\/index.php\/produit\/bracelet-de-protection-pour-aider-a-se-liberer-des-angoisses-en-charoite-grenat-marbre-zebre-graines-de-rudraksha-et-arbre-de-vie-en-hematite\/"]}]},{"@type":"ImageObject","inLanguage":"fr-FR","@id":"https:\/\/lescreationsde.celineinmyworldmedium.com\/index.php\/produit\/bracelet-de-protection-pour-aider-a-se-liberer-des-angoisses-en-charoite-grenat-marbre-zebre-graines-de-rudraksha-et-arbre-de-vie-en-hematite\/#primaryimage","url":"https:\/\/lescreationsde.celineinmyworldmedium.com\/wp-content\/uploads\/2024\/03\/Bracelet_de_protection_pour_aider_a_se_liberer_des_angoisses_en_Charoite_Grenat_Marbre_zebre_etc.jpg","contentUrl":"https:\/\/lescreationsde.celineinmyworldmedium.com\/wp-content\/uploads\/2024\/03\/Bracelet_de_protection_pour_aider_a_se_liberer_des_angoisses_en_Charoite_Grenat_Marbre_zebre_etc.jpg","width":960,"height":960,"caption":"Bracelet de protection pour aider \u00e0 se lib\u00e9rer des angoisses En Charo\u00efte, Grenat, Marbre Z\u00e8bre, Graines de Rudraksha et Arbre de vie en H\u00e9matite"},{"@type":"BreadcrumbList","@id":"https:\/\/lescreationsde.celineinmyworldmedium.com\/index.php\/produit\/bracelet-de-protection-pour-aider-a-se-liberer-des-angoisses-en-charoite-grenat-marbre-zebre-graines-de-rudraksha-et-arbre-de-vie-en-hematite\/#breadcrumb","itemListElement":[{"@type":"ListItem","position":1,"name":"Accueil","item":"https:\/\/lescreationsde.celineinmyworldmedium.com\/"},{"@type":"ListItem","position":2,"name":"Produits","item":"https:\/\/lescreationsde.celineinmyworldmedium.com\/index.php\/boutique\/"},{"@type":"ListItem","position":3,"name":"Bracelet de protection pour aider \u00e0 se lib\u00e9rer des angoisses en Charo\u00efte, Grenat, Marbre Z\u00e8bre, Graines de Rudraksha et Arbre de vie en H\u00e9matite"}]},{"@type":"WebSite","@id":"https:\/\/lescreationsde.celineinmyworldmedium.com\/#website","url":"https:\/\/lescreationsde.celineinmyworldmedium.com\/","name":"Les cr\u00e9ations de C\u00e9line Inmyworld","description":"Cr\u00e9ation de bijoux personnalis\u00e9s, sur-mesure, en pierres semi-pr\u00e9cieuses de qualit\u00e9. Bracelets, boucles d&#039;oreilles, colliers, sautoirs, malas, cha\u00eenes de cheville, bagues...\u2764","publisher":{"@id":"https:\/\/lescreationsde.celineinmyworldmedium.com\/#organization"},"potentialAction":[{"@type":"SearchAction","target":{"@type":"EntryPoint","urlTemplate":"https:\/\/lescreationsde.celineinmyworldmedium.com\/?s={search_term_string}"},"query-input":{"@type":"PropertyValueSpecification","valueRequired":true,"valueName":"search_term_string"}}],"inLanguage":"fr-FR"},{"@type":"Organization","@id":"https:\/\/lescreationsde.celineinmyworldmedium.com\/#organization","name":"Les cr\u00e9ations de C\u00e9line Inmyworld","url":"https:\/\/lescreationsde.celineinmyworldmedium.com\/","logo":{"@type":"ImageObject","inLanguage":"fr-FR","@id":"https:\/\/lescreationsde.celineinmyworldmedium.com\/#\/schema\/logo\/image\/","url":"https:\/\/lescreationsde.celineinmyworldmedium.com\/wp-content\/uploads\/2021\/03\/logo_creations3.png","contentUrl":"https:\/\/lescreationsde.celineinmyworldmedium.com\/wp-content\/uploads\/2021\/03\/logo_creations3.png","width":613,"height":190,"caption":"Les cr\u00e9ations de C\u00e9line Inmyworld"},"image":{"@id":"https:\/\/lescreationsde.celineinmyworldmedium.com\/#\/schema\/logo\/image\/"}}]}},"jetpack_sharing_enabled":true,"_links":{"self":[{"href":"https:\/\/lescreationsde.celineinmyworldmedium.com\/index.php\/wp-json\/wp\/v2\/product\/7722","targetHints":{"allow":["GET"]}}],"collection":[{"href":"https:\/\/lescreationsde.celineinmyworldmedium.com\/index.php\/wp-json\/wp\/v2\/product"}],"about":[{"href":"https:\/\/lescreationsde.celineinmyworldmedium.com\/index.php\/wp-json\/wp\/v2\/types\/product"}],"replies":[{"embeddable":true,"href":"https:\/\/lescreationsde.celineinmyworldmedium.com\/index.php\/wp-json\/wp\/v2\/comments?post=7722"}],"wp:featuredmedia":[{"embeddable":true,"href":"https:\/\/lescreationsde.celineinmyworldmedium.com\/index.php\/wp-json\/wp\/v2\/media\/7724"}],"wp:attachment":[{"href":"https:\/\/lescreationsde.celineinmyworldmedium.com\/index.php\/wp-json\/wp\/v2\/media?parent=7722"}],"wp:term":[{"taxonomy":"product_brand","embeddable":true,"href":"https:\/\/lescreationsde.celineinmyworldmedium.com\/index.php\/wp-json\/wp\/v2\/product_brand?post=7722"},{"taxonomy":"product_cat","embeddable":true,"href":"https:\/\/lescreationsde.celineinmyworldmedium.com\/index.php\/wp-json\/wp\/v2\/product_cat?post=7722"},{"taxonomy":"product_tag","embeddable":true,"href":"https:\/\/lescreationsde.celineinmyworldmedium.com\/index.php\/wp-json\/wp\/v2\/product_tag?post=7722"}],"curies":[{"name":"wp","href":"https:\/\/api.w.org\/{rel}","templated":true}]}}