{"id":7517,"date":"2024-01-30T20:01:46","date_gmt":"2024-01-30T19:01:46","guid":{"rendered":"https:\/\/lescreationsde.celineinmyworldmedium.com\/?post_type=product&#038;p=7517"},"modified":"2024-10-23T17:17:02","modified_gmt":"2024-10-23T15:17:02","slug":"bracelet-pour-la-gaiete-la-joie-de-vivre-et-la-confiance-en-soi-en-malachite-et-ambre-jaune-avec-fleur-de-vie","status":"publish","type":"product","link":"https:\/\/lescreationsde.celineinmyworldmedium.com\/index.php\/produit\/bracelet-pour-la-gaiete-la-joie-de-vivre-et-la-confiance-en-soi-en-malachite-et-ambre-jaune-avec-fleur-de-vie\/","title":{"rendered":"Bracelet pour la gaiet\u00e9, la joie de vivre et la confiance en soi, en Malachite et Ambre jaune, avec Fleur de Vie"},"content":{"rendered":"<h4><strong>1 &#8211; <\/strong><strong>Les vertus de l\u2019ambre jaune :<\/strong><\/h4>\n<p><strong>Sur le domaine spirituel<\/strong>, celui de l\u2019\u00eatre humain avec ses intentions, ses buts ou ses pr\u00e9occupations existentielles :<br \/>\n<strong>Insouciance.<\/strong><\/p>\n<p><strong>Sur le domaine de l\u2019\u00e2me<\/strong> ou du subconscient, ainsi que les notions de temp\u00e9rament, de sentiments, de sensations, de r\u00eaves, de v\u00e9cu sur le plan animique, d\u2019habitudes et de r\u00e9actions inconscientes :<br \/>\n<strong>Pour la gaiet\u00e9 et la confiance.<\/strong><\/p>\n<p><strong>Sur le domaine mental<\/strong> avec les id\u00e9es, la raison, les convictions, les consid\u00e9rations, ainsi que le mode de pens\u00e9e et d\u2019action consciente :<br \/>\n<strong>Renforce la confiance en soi.<\/strong><\/p>\n<p><strong>Sur le domaine physique<\/strong> ou corporel, l\u2019ensemble de l\u2019organisme avec les sens, les organes et les fonctions :<br \/>\n<strong>Bon pour l\u2019estomac, la rate, la v\u00e9sicule, le foie, les articulations, la peau, les muqueuses, les glandes et l\u2019intestin, facilite la pousse des dents chez les enfants, aide en cas d\u2019allergies, de rhumatismes et de diab\u00e8te.<\/strong><\/p>\n<p>&nbsp;<\/p>\n<h4>2 &#8211; Les vertus de la malachite :<\/h4>\n<p><strong>Sur le domaine spirituel<\/strong>, celui de l\u2019\u00eatre humain avec ses intentions, ses buts ou ses pr\u00e9occupations existentielles :<br \/>\n<strong>Aventure, vie intense.<\/strong><\/p>\n<p><strong>Sur le domaine de l\u2019\u00e2me<\/strong> ou du subconscient, ainsi que les notions de temp\u00e9rament, de sentiments, de sensations, de r\u00eaves, de v\u00e9cu sur le plan animique, d\u2019habitudes et de r\u00e9actions inconscientes :<br \/>\n<strong>Approfondit la vie sentimentale, aide en cas de difficult\u00e9s sexuelles.<\/strong><\/p>\n<p><strong>Sur le domaine mental<\/strong> avec les id\u00e9es, la raison, les convictions, les consid\u00e9rations, ainsi que le mode de pens\u00e9e et d\u2019action consciente :<br \/>\n<strong>Favorise l\u2019imagination et la d\u00e9termination.<\/strong><\/p>\n<p><strong>Sur le domaine physique<\/strong> ou corporel, l\u2019ensemble de l\u2019organisme avec les sens, les organes et les fonctions :<br \/>\n<strong>Stimule le cerveau, les nerfs et le foie, d\u00e9toxique, utile en cas de rhumatismes, de crampes, de troubles menstruels.<\/strong><\/p>\n<p><em><strong>La Fleur de Vie<\/strong>, est un symbole universel de protection, d\u2019harmonie, de cr\u00e9ativit\u00e9, de fertilit\u00e9, d\u2019ancrage et d\u2019abondance.<\/em><\/p>\n<p><em>La fleur de vie est un symbole g\u00e9om\u00e9trique tr\u00e8s ancien. Bas\u00e9 sur une s\u00e9rie de cercles de m\u00eame dimension, ils s\u2019entrecroisent en rosace. On obtient une forme hexagonale. \u00c0 l\u2019int\u00e9rieur de laquelle le centre de chaque cercle est positionn\u00e9 sur la circonf\u00e9rence de six cercles qui l\u2019entourent. La fleur de vie est g\u00e9n\u00e9ralement repr\u00e9sent\u00e9e par 19 cercles.<\/em><\/p>\n","protected":false},"excerpt":{"rendered":"<table>\n<tbody>\n<tr>\n<td style=\"texte-align: left; color: gray; border: none;\"><strong>Hors frais d&rsquo;exp\u00e9dition<\/strong><\/td>\n<\/tr>\n<tr>\n<td style=\"texte-align: left; color: gray; border: none;\"><strong>Bijoux confectionn\u00e9s sur-mesure, sur commande<br \/>Les couleurs et motifs des pierres varient d&rsquo;un bijou \u00e0 un autre<br \/>D\u00e9lai de confection environ 30 jours<\/strong><\/td>\n<\/tr>\n<tr>\n<td style=\"texte-align: left; color: blue; border: none;\"><a style=\"color: #a15fe2;\" href=\"https:\/\/lescreationsde.celineinmyworldmedium.com\/index.php\/mesurer-son-tour-de-poignet-pour-bracelets\/\" target=\"_blank\" rel=\"noopener\"><strong>Comment mesurer son tour de poignet<\/strong><\/a><\/td>\n<\/tr>\n<\/tbody>\n<\/table>\n","protected":false},"featured_media":7559,"comment_status":"open","ping_status":"closed","template":"","meta":[],"product_brand":[],"product_cat":[31,818,73],"product_tag":[820,152,106,42,44,38,47,43,41,40,39,23,25,36,34,1766,26,37,35,16,24,45,17,33,32,81,27,22,28,149,154],"class_list":{"0":"post-7517","1":"product","2":"type-product","3":"status-publish","4":"has-post-thumbnail","6":"product_cat-bracelets","7":"product_cat-ambre","8":"product_cat-malachite","9":"product_tag-ambre-jaune","10":"product_tag-amour","11":"product_tag-argent","12":"product_tag-bijou","13":"product_tag-bijou-energetique","14":"product_tag-bijoux","15":"product_tag-bijoux-anti-allergies","16":"product_tag-bijoux-energetiques","17":"product_tag-bijoux-fait-main","18":"product_tag-bijoux-personnalises","19":"product_tag-bijoux-sur-mesure","20":"product_tag-boucles-doreilles","21":"product_tag-bracelet","22":"product_tag-bracelet-femme","23":"product_tag-bracelet-homme","24":"product_tag-bracelet-pour-la-gaiete-la-joie-de-vivre-et-la-confiance-en-soi","25":"product_tag-bracelets","26":"product_tag-bracelets-femme","27":"product_tag-bracelets-homme","28":"product_tag-collier","29":"product_tag-collier-femme","30":"product_tag-collier-personnalise","31":"product_tag-colliers","32":"product_tag-energetique","33":"product_tag-lithotherapie","34":"product_tag-malachite","35":"product_tag-pierre","36":"product_tag-pierre-semi-precieuse","37":"product_tag-pierres-naturelles","38":"product_tag-protection","39":"product_tag-stress","41":"first","42":"instock","43":"shipping-taxable","44":"purchasable","45":"product-type-variable"},"yoast_head":"<!-- This site is optimized with the Yoast SEO plugin v27.2 - https:\/\/yoast.com\/product\/yoast-seo-wordpress\/ -->\n<title>Bracelet pour la gaiet\u00e9, la joie de vivre et la confiance en soi...<\/title>\n<meta name=\"description\" content=\"Pour la gaiet\u00e9 et la confiance. Stimule le cerveau, les nerfs et le foie, d\u00e9toxique, utile en cas de rhumatismes, de crampes, de troubles menstruels.\" \/>\n<meta name=\"robots\" content=\"index, follow, max-snippet:-1, max-image-preview:large, max-video-preview:-1\" \/>\n<link rel=\"canonical\" href=\"https:\/\/lescreationsde.celineinmyworldmedium.com\/index.php\/produit\/bracelet-pour-la-gaiete-la-joie-de-vivre-et-la-confiance-en-soi-en-malachite-et-ambre-jaune-avec-fleur-de-vie\/\" \/>\n<meta property=\"og:locale\" content=\"fr_FR\" \/>\n<meta property=\"og:type\" content=\"article\" \/>\n<meta property=\"og:title\" content=\"Bracelet pour la gaiet\u00e9, la joie de vivre et la confiance en soi...\" \/>\n<meta property=\"og:description\" content=\"Pour la gaiet\u00e9 et la confiance. Stimule le cerveau, les nerfs et le foie, d\u00e9toxique, utile en cas de rhumatismes, de crampes, de troubles menstruels.\" \/>\n<meta property=\"og:url\" content=\"https:\/\/lescreationsde.celineinmyworldmedium.com\/index.php\/produit\/bracelet-pour-la-gaiete-la-joie-de-vivre-et-la-confiance-en-soi-en-malachite-et-ambre-jaune-avec-fleur-de-vie\/\" \/>\n<meta property=\"og:site_name\" content=\"Les cr\u00e9ations de C\u00e9line Inmyworld\" \/>\n<meta property=\"article:modified_time\" content=\"2024-10-23T15:17:02+00:00\" \/>\n<meta property=\"og:image\" content=\"https:\/\/lescreationsde.celineinmyworldmedium.com\/wp-content\/uploads\/2023\/11\/Bracelet_pour_la_gaiete_la_joie_de_vivre_et_la_confiance_en_soi_en_Malachite_et_Ambre_jaune_avec_Fleur_de_Vie.jpg\" \/>\n\t<meta property=\"og:image:width\" content=\"960\" \/>\n\t<meta property=\"og:image:height\" content=\"960\" \/>\n\t<meta property=\"og:image:type\" content=\"image\/jpeg\" \/>\n<meta name=\"twitter:card\" content=\"summary_large_image\" \/>\n<meta name=\"twitter:label1\" content=\"Dur\u00e9e de lecture estim\u00e9e\" \/>\n\t<meta name=\"twitter:data1\" content=\"2 minutes\" \/>\n<script type=\"application\/ld+json\" class=\"yoast-schema-graph\">{\"@context\":\"https:\/\/schema.org\",\"@graph\":[{\"@type\":\"WebPage\",\"@id\":\"https:\/\/lescreationsde.celineinmyworldmedium.com\/index.php\/produit\/bracelet-pour-la-gaiete-la-joie-de-vivre-et-la-confiance-en-soi-en-malachite-et-ambre-jaune-avec-fleur-de-vie\/\",\"url\":\"https:\/\/lescreationsde.celineinmyworldmedium.com\/index.php\/produit\/bracelet-pour-la-gaiete-la-joie-de-vivre-et-la-confiance-en-soi-en-malachite-et-ambre-jaune-avec-fleur-de-vie\/\",\"name\":\"Bracelet pour la gaiet\u00e9, la joie de vivre et la confiance en soi...\",\"isPartOf\":{\"@id\":\"https:\/\/lescreationsde.celineinmyworldmedium.com\/#website\"},\"primaryImageOfPage\":{\"@id\":\"https:\/\/lescreationsde.celineinmyworldmedium.com\/index.php\/produit\/bracelet-pour-la-gaiete-la-joie-de-vivre-et-la-confiance-en-soi-en-malachite-et-ambre-jaune-avec-fleur-de-vie\/#primaryimage\"},\"image\":{\"@id\":\"https:\/\/lescreationsde.celineinmyworldmedium.com\/index.php\/produit\/bracelet-pour-la-gaiete-la-joie-de-vivre-et-la-confiance-en-soi-en-malachite-et-ambre-jaune-avec-fleur-de-vie\/#primaryimage\"},\"thumbnailUrl\":\"https:\/\/lescreationsde.celineinmyworldmedium.com\/wp-content\/uploads\/2023\/11\/Bracelet_pour_la_gaiete_la_joie_de_vivre_et_la_confiance_en_soi_en_Malachite_et_Ambre_jaune_avec_Fleur_de_Vie.jpg\",\"datePublished\":\"2024-01-30T19:01:46+00:00\",\"dateModified\":\"2024-10-23T15:17:02+00:00\",\"description\":\"Pour la gaiet\u00e9 et la confiance. Stimule le cerveau, les nerfs et le foie, d\u00e9toxique, utile en cas de rhumatismes, de crampes, de troubles menstruels.\",\"breadcrumb\":{\"@id\":\"https:\/\/lescreationsde.celineinmyworldmedium.com\/index.php\/produit\/bracelet-pour-la-gaiete-la-joie-de-vivre-et-la-confiance-en-soi-en-malachite-et-ambre-jaune-avec-fleur-de-vie\/#breadcrumb\"},\"inLanguage\":\"fr-FR\",\"potentialAction\":[{\"@type\":\"ReadAction\",\"target\":[\"https:\/\/lescreationsde.celineinmyworldmedium.com\/index.php\/produit\/bracelet-pour-la-gaiete-la-joie-de-vivre-et-la-confiance-en-soi-en-malachite-et-ambre-jaune-avec-fleur-de-vie\/\"]}]},{\"@type\":\"ImageObject\",\"inLanguage\":\"fr-FR\",\"@id\":\"https:\/\/lescreationsde.celineinmyworldmedium.com\/index.php\/produit\/bracelet-pour-la-gaiete-la-joie-de-vivre-et-la-confiance-en-soi-en-malachite-et-ambre-jaune-avec-fleur-de-vie\/#primaryimage\",\"url\":\"https:\/\/lescreationsde.celineinmyworldmedium.com\/wp-content\/uploads\/2023\/11\/Bracelet_pour_la_gaiete_la_joie_de_vivre_et_la_confiance_en_soi_en_Malachite_et_Ambre_jaune_avec_Fleur_de_Vie.jpg\",\"contentUrl\":\"https:\/\/lescreationsde.celineinmyworldmedium.com\/wp-content\/uploads\/2023\/11\/Bracelet_pour_la_gaiete_la_joie_de_vivre_et_la_confiance_en_soi_en_Malachite_et_Ambre_jaune_avec_Fleur_de_Vie.jpg\",\"width\":960,\"height\":960,\"caption\":\"Bracelet pour la gaiet\u00e9, la joie de vivre et la confiance en soi, en Malachite et Ambre jaune, avec Fleur de Vie\"},{\"@type\":\"BreadcrumbList\",\"@id\":\"https:\/\/lescreationsde.celineinmyworldmedium.com\/index.php\/produit\/bracelet-pour-la-gaiete-la-joie-de-vivre-et-la-confiance-en-soi-en-malachite-et-ambre-jaune-avec-fleur-de-vie\/#breadcrumb\",\"itemListElement\":[{\"@type\":\"ListItem\",\"position\":1,\"name\":\"Accueil\",\"item\":\"https:\/\/lescreationsde.celineinmyworldmedium.com\/\"},{\"@type\":\"ListItem\",\"position\":2,\"name\":\"Produits\",\"item\":\"https:\/\/lescreationsde.celineinmyworldmedium.com\/index.php\/boutique\/\"},{\"@type\":\"ListItem\",\"position\":3,\"name\":\"Bracelet pour la gaiet\u00e9, la joie de vivre et la confiance en soi, en Malachite et Ambre jaune, avec Fleur de Vie\"}]},{\"@type\":\"WebSite\",\"@id\":\"https:\/\/lescreationsde.celineinmyworldmedium.com\/#website\",\"url\":\"https:\/\/lescreationsde.celineinmyworldmedium.com\/\",\"name\":\"Les cr\u00e9ations de C\u00e9line Inmyworld\",\"description\":\"Cr\u00e9ation de bijoux personnalis\u00e9s, sur-mesure, en pierres semi-pr\u00e9cieuses de qualit\u00e9. Bracelets, boucles d&#039;oreilles, colliers, sautoirs, malas, cha\u00eenes de cheville, bagues...\u2764\",\"publisher\":{\"@id\":\"https:\/\/lescreationsde.celineinmyworldmedium.com\/#organization\"},\"potentialAction\":[{\"@type\":\"SearchAction\",\"target\":{\"@type\":\"EntryPoint\",\"urlTemplate\":\"https:\/\/lescreationsde.celineinmyworldmedium.com\/?s={search_term_string}\"},\"query-input\":{\"@type\":\"PropertyValueSpecification\",\"valueRequired\":true,\"valueName\":\"search_term_string\"}}],\"inLanguage\":\"fr-FR\"},{\"@type\":\"Organization\",\"@id\":\"https:\/\/lescreationsde.celineinmyworldmedium.com\/#organization\",\"name\":\"Les cr\u00e9ations de C\u00e9line Inmyworld\",\"url\":\"https:\/\/lescreationsde.celineinmyworldmedium.com\/\",\"logo\":{\"@type\":\"ImageObject\",\"inLanguage\":\"fr-FR\",\"@id\":\"https:\/\/lescreationsde.celineinmyworldmedium.com\/#\/schema\/logo\/image\/\",\"url\":\"https:\/\/lescreationsde.celineinmyworldmedium.com\/wp-content\/uploads\/2021\/03\/logo_creations3.png\",\"contentUrl\":\"https:\/\/lescreationsde.celineinmyworldmedium.com\/wp-content\/uploads\/2021\/03\/logo_creations3.png\",\"width\":613,\"height\":190,\"caption\":\"Les cr\u00e9ations de C\u00e9line Inmyworld\"},\"image\":{\"@id\":\"https:\/\/lescreationsde.celineinmyworldmedium.com\/#\/schema\/logo\/image\/\"}}]}<\/script>\n<!-- \/ Yoast SEO plugin. -->","yoast_head_json":{"title":"Bracelet pour la gaiet\u00e9, la joie de vivre et la confiance en soi...","description":"Pour la gaiet\u00e9 et la confiance. Stimule le cerveau, les nerfs et le foie, d\u00e9toxique, utile en cas de rhumatismes, de crampes, de troubles menstruels.","robots":{"index":"index","follow":"follow","max-snippet":"max-snippet:-1","max-image-preview":"max-image-preview:large","max-video-preview":"max-video-preview:-1"},"canonical":"https:\/\/lescreationsde.celineinmyworldmedium.com\/index.php\/produit\/bracelet-pour-la-gaiete-la-joie-de-vivre-et-la-confiance-en-soi-en-malachite-et-ambre-jaune-avec-fleur-de-vie\/","og_locale":"fr_FR","og_type":"article","og_title":"Bracelet pour la gaiet\u00e9, la joie de vivre et la confiance en soi...","og_description":"Pour la gaiet\u00e9 et la confiance. Stimule le cerveau, les nerfs et le foie, d\u00e9toxique, utile en cas de rhumatismes, de crampes, de troubles menstruels.","og_url":"https:\/\/lescreationsde.celineinmyworldmedium.com\/index.php\/produit\/bracelet-pour-la-gaiete-la-joie-de-vivre-et-la-confiance-en-soi-en-malachite-et-ambre-jaune-avec-fleur-de-vie\/","og_site_name":"Les cr\u00e9ations de C\u00e9line Inmyworld","article_modified_time":"2024-10-23T15:17:02+00:00","og_image":[{"width":960,"height":960,"url":"https:\/\/lescreationsde.celineinmyworldmedium.com\/wp-content\/uploads\/2023\/11\/Bracelet_pour_la_gaiete_la_joie_de_vivre_et_la_confiance_en_soi_en_Malachite_et_Ambre_jaune_avec_Fleur_de_Vie.jpg","type":"image\/jpeg"}],"twitter_card":"summary_large_image","twitter_misc":{"Dur\u00e9e de lecture estim\u00e9e":"2 minutes"},"schema":{"@context":"https:\/\/schema.org","@graph":[{"@type":"WebPage","@id":"https:\/\/lescreationsde.celineinmyworldmedium.com\/index.php\/produit\/bracelet-pour-la-gaiete-la-joie-de-vivre-et-la-confiance-en-soi-en-malachite-et-ambre-jaune-avec-fleur-de-vie\/","url":"https:\/\/lescreationsde.celineinmyworldmedium.com\/index.php\/produit\/bracelet-pour-la-gaiete-la-joie-de-vivre-et-la-confiance-en-soi-en-malachite-et-ambre-jaune-avec-fleur-de-vie\/","name":"Bracelet pour la gaiet\u00e9, la joie de vivre et la confiance en soi...","isPartOf":{"@id":"https:\/\/lescreationsde.celineinmyworldmedium.com\/#website"},"primaryImageOfPage":{"@id":"https:\/\/lescreationsde.celineinmyworldmedium.com\/index.php\/produit\/bracelet-pour-la-gaiete-la-joie-de-vivre-et-la-confiance-en-soi-en-malachite-et-ambre-jaune-avec-fleur-de-vie\/#primaryimage"},"image":{"@id":"https:\/\/lescreationsde.celineinmyworldmedium.com\/index.php\/produit\/bracelet-pour-la-gaiete-la-joie-de-vivre-et-la-confiance-en-soi-en-malachite-et-ambre-jaune-avec-fleur-de-vie\/#primaryimage"},"thumbnailUrl":"https:\/\/lescreationsde.celineinmyworldmedium.com\/wp-content\/uploads\/2023\/11\/Bracelet_pour_la_gaiete_la_joie_de_vivre_et_la_confiance_en_soi_en_Malachite_et_Ambre_jaune_avec_Fleur_de_Vie.jpg","datePublished":"2024-01-30T19:01:46+00:00","dateModified":"2024-10-23T15:17:02+00:00","description":"Pour la gaiet\u00e9 et la confiance. Stimule le cerveau, les nerfs et le foie, d\u00e9toxique, utile en cas de rhumatismes, de crampes, de troubles menstruels.","breadcrumb":{"@id":"https:\/\/lescreationsde.celineinmyworldmedium.com\/index.php\/produit\/bracelet-pour-la-gaiete-la-joie-de-vivre-et-la-confiance-en-soi-en-malachite-et-ambre-jaune-avec-fleur-de-vie\/#breadcrumb"},"inLanguage":"fr-FR","potentialAction":[{"@type":"ReadAction","target":["https:\/\/lescreationsde.celineinmyworldmedium.com\/index.php\/produit\/bracelet-pour-la-gaiete-la-joie-de-vivre-et-la-confiance-en-soi-en-malachite-et-ambre-jaune-avec-fleur-de-vie\/"]}]},{"@type":"ImageObject","inLanguage":"fr-FR","@id":"https:\/\/lescreationsde.celineinmyworldmedium.com\/index.php\/produit\/bracelet-pour-la-gaiete-la-joie-de-vivre-et-la-confiance-en-soi-en-malachite-et-ambre-jaune-avec-fleur-de-vie\/#primaryimage","url":"https:\/\/lescreationsde.celineinmyworldmedium.com\/wp-content\/uploads\/2023\/11\/Bracelet_pour_la_gaiete_la_joie_de_vivre_et_la_confiance_en_soi_en_Malachite_et_Ambre_jaune_avec_Fleur_de_Vie.jpg","contentUrl":"https:\/\/lescreationsde.celineinmyworldmedium.com\/wp-content\/uploads\/2023\/11\/Bracelet_pour_la_gaiete_la_joie_de_vivre_et_la_confiance_en_soi_en_Malachite_et_Ambre_jaune_avec_Fleur_de_Vie.jpg","width":960,"height":960,"caption":"Bracelet pour la gaiet\u00e9, la joie de vivre et la confiance en soi, en Malachite et Ambre jaune, avec Fleur de Vie"},{"@type":"BreadcrumbList","@id":"https:\/\/lescreationsde.celineinmyworldmedium.com\/index.php\/produit\/bracelet-pour-la-gaiete-la-joie-de-vivre-et-la-confiance-en-soi-en-malachite-et-ambre-jaune-avec-fleur-de-vie\/#breadcrumb","itemListElement":[{"@type":"ListItem","position":1,"name":"Accueil","item":"https:\/\/lescreationsde.celineinmyworldmedium.com\/"},{"@type":"ListItem","position":2,"name":"Produits","item":"https:\/\/lescreationsde.celineinmyworldmedium.com\/index.php\/boutique\/"},{"@type":"ListItem","position":3,"name":"Bracelet pour la gaiet\u00e9, la joie de vivre et la confiance en soi, en Malachite et Ambre jaune, avec Fleur de Vie"}]},{"@type":"WebSite","@id":"https:\/\/lescreationsde.celineinmyworldmedium.com\/#website","url":"https:\/\/lescreationsde.celineinmyworldmedium.com\/","name":"Les cr\u00e9ations de C\u00e9line Inmyworld","description":"Cr\u00e9ation de bijoux personnalis\u00e9s, sur-mesure, en pierres semi-pr\u00e9cieuses de qualit\u00e9. Bracelets, boucles d&#039;oreilles, colliers, sautoirs, malas, cha\u00eenes de cheville, bagues...\u2764","publisher":{"@id":"https:\/\/lescreationsde.celineinmyworldmedium.com\/#organization"},"potentialAction":[{"@type":"SearchAction","target":{"@type":"EntryPoint","urlTemplate":"https:\/\/lescreationsde.celineinmyworldmedium.com\/?s={search_term_string}"},"query-input":{"@type":"PropertyValueSpecification","valueRequired":true,"valueName":"search_term_string"}}],"inLanguage":"fr-FR"},{"@type":"Organization","@id":"https:\/\/lescreationsde.celineinmyworldmedium.com\/#organization","name":"Les cr\u00e9ations de C\u00e9line Inmyworld","url":"https:\/\/lescreationsde.celineinmyworldmedium.com\/","logo":{"@type":"ImageObject","inLanguage":"fr-FR","@id":"https:\/\/lescreationsde.celineinmyworldmedium.com\/#\/schema\/logo\/image\/","url":"https:\/\/lescreationsde.celineinmyworldmedium.com\/wp-content\/uploads\/2021\/03\/logo_creations3.png","contentUrl":"https:\/\/lescreationsde.celineinmyworldmedium.com\/wp-content\/uploads\/2021\/03\/logo_creations3.png","width":613,"height":190,"caption":"Les cr\u00e9ations de C\u00e9line Inmyworld"},"image":{"@id":"https:\/\/lescreationsde.celineinmyworldmedium.com\/#\/schema\/logo\/image\/"}}]}},"jetpack_sharing_enabled":true,"_links":{"self":[{"href":"https:\/\/lescreationsde.celineinmyworldmedium.com\/index.php\/wp-json\/wp\/v2\/product\/7517","targetHints":{"allow":["GET"]}}],"collection":[{"href":"https:\/\/lescreationsde.celineinmyworldmedium.com\/index.php\/wp-json\/wp\/v2\/product"}],"about":[{"href":"https:\/\/lescreationsde.celineinmyworldmedium.com\/index.php\/wp-json\/wp\/v2\/types\/product"}],"replies":[{"embeddable":true,"href":"https:\/\/lescreationsde.celineinmyworldmedium.com\/index.php\/wp-json\/wp\/v2\/comments?post=7517"}],"wp:featuredmedia":[{"embeddable":true,"href":"https:\/\/lescreationsde.celineinmyworldmedium.com\/index.php\/wp-json\/wp\/v2\/media\/7559"}],"wp:attachment":[{"href":"https:\/\/lescreationsde.celineinmyworldmedium.com\/index.php\/wp-json\/wp\/v2\/media?parent=7517"}],"wp:term":[{"taxonomy":"product_brand","embeddable":true,"href":"https:\/\/lescreationsde.celineinmyworldmedium.com\/index.php\/wp-json\/wp\/v2\/product_brand?post=7517"},{"taxonomy":"product_cat","embeddable":true,"href":"https:\/\/lescreationsde.celineinmyworldmedium.com\/index.php\/wp-json\/wp\/v2\/product_cat?post=7517"},{"taxonomy":"product_tag","embeddable":true,"href":"https:\/\/lescreationsde.celineinmyworldmedium.com\/index.php\/wp-json\/wp\/v2\/product_tag?post=7517"}],"curies":[{"name":"wp","href":"https:\/\/api.w.org\/{rel}","templated":true}]}}