{"id":7452,"date":"2024-02-04T17:00:56","date_gmt":"2024-02-04T16:00:56","guid":{"rendered":"https:\/\/lescreationsde.celineinmyworldmedium.com\/?post_type=product&#038;p=7452"},"modified":"2024-10-23T17:16:49","modified_gmt":"2024-10-23T15:16:49","slug":"bracelet-pour-lhypertension-en-amethyste-foncee","status":"publish","type":"product","link":"https:\/\/lescreationsde.celineinmyworldmedium.com\/index.php\/produit\/bracelet-pour-lhypertension-en-amethyste-foncee\/","title":{"rendered":"Bracelet pour l&rsquo;hypertension, en Am\u00e9thyste fonc\u00e9e"},"content":{"rendered":"<h4>1 &#8211; Les vertus de l\u2019am\u00e9thyste fonc\u00e9e :<\/h4>\n<p><strong>Sur le domaine spirituel<\/strong>, celui de l\u2019\u00eatre humain avec ses intentions, ses buts ou ses pr\u00e9occupations existentielles :<br \/>\n<strong>\u00c9veil, sens de la justice, paix int\u00e9rieure.<\/strong><\/p>\n<p><strong>Sur le domaine de l\u2019\u00e2me<\/strong> ou du subconscient, ainsi que les notions de temp\u00e9rament, de sentiments, de sensations, de r\u00eaves, de v\u00e9cu sur le plan animique, d\u2019habitudes et de r\u00e9actions inconscientes :<br \/>\n<strong>D\u00e9passement du deuil et de la perte.<\/strong><\/p>\n<p><strong>Sur le domaine mental<\/strong> avec les id\u00e9es, la raison, les convictions, les consid\u00e9rations, ainsi que le mode de pens\u00e9e et d\u2019action consciente :<br \/>\n<strong>Conscience des choses, discernement, pens\u00e9e et action constructives.<\/strong><\/p>\n<p><strong>Sur le domaine physique<\/strong> ou corporel, l\u2019ensemble de l\u2019organisme avec les sens, les organes et les fonctions :<br \/>\n<strong>Excellente pour la peau ; att\u00e9nue les douleurs et les tensions, combat l\u2019hypertension.<\/strong><\/p>\n<p>&nbsp;<\/p>\n<h4>2 \u2013 Les vertus de l\u2019h\u00e9matite :<\/h4>\n<p><strong>Sur le domaine spirituel<\/strong>, celui de l\u2019\u00eatre humain avec ses intentions, ses buts ou ses pr\u00e9occupations existentielles :<br \/>\n<strong>Am\u00e9lioration.<\/strong><\/p>\n<p><strong>Sur le domaine de l\u2019\u00e2me<\/strong> ou du subconscient, ainsi que les notions de temp\u00e9rament, de sentiments, de sensations, de r\u00eaves, de v\u00e9cu sur le plan animique, d\u2019habitudes et de r\u00e9actions inconscientes :<br \/>\n<strong>Renforce la volont\u00e9 et met en lumi\u00e8re les d\u00e9sirs inassouvis.<\/strong><\/p>\n<p><strong>Sur le domaine mental<\/strong> avec les id\u00e9es, la raison, les convictions, les consid\u00e9rations, ainsi que le mode de pens\u00e9e et d\u2019action consciente :<br \/>\n<strong>Attire l\u2019attention sur les besoins \u00e9l\u00e9mentaires et le bien-\u00eatre du corps.<\/strong><\/p>\n<p><strong>Sur le domaine physique<\/strong> ou corporel, l\u2019ensemble de l\u2019organisme avec les sens, les organes et les fonctions :<br \/>\n<strong>Favorise l\u2019assimilation du fer et l\u2019h\u00e9matopo\u00ef\u00e8se, fortifie l\u2019intestin gr\u00eale, le gros intestin et les reins.<\/strong><\/p>\n","protected":false},"excerpt":{"rendered":"<table>\n<tbody>\n<tr>\n<td style=\"texte-align: left; color: gray; border: none;\"><strong>Hors frais d&rsquo;exp\u00e9dition<\/strong><\/td>\n<\/tr>\n<tr>\n<td style=\"texte-align: left; color: gray; border: none;\"><strong>Bijoux confectionn\u00e9s sur-mesure, sur commande<br \/>Les couleurs et motifs des pierres varient d&rsquo;un bijou \u00e0 un autre<br \/>D\u00e9lai de confection environ 30 jours<\/strong><\/td>\n<\/tr>\n<tr>\n<td style=\"texte-align: left; color: blue; border: none;\"><a style=\"color: #a15fe2;\" href=\"https:\/\/lescreationsde.celineinmyworldmedium.com\/index.php\/mesurer-son-tour-de-poignet-pour-bracelets\/\" target=\"_blank\" rel=\"noopener\"><strong>Comment mesurer son tour de poignet<\/strong><\/a><\/td>\n<\/tr>\n<\/tbody>\n<\/table>\n","protected":false},"featured_media":7454,"comment_status":"open","ping_status":"closed","template":"","meta":[],"product_brand":[],"product_cat":[31,67,617],"product_tag":[165,152,106,42,44,38,47,43,41,40,39,23,25,36,34,1732,26,37,35,16,24,45,17,33,105,32,27,22,28],"class_list":{"0":"post-7452","1":"product","2":"type-product","3":"status-publish","4":"has-post-thumbnail","6":"product_cat-bracelets","7":"product_cat-amethyste-pierres","8":"product_cat-hematite-pierres","9":"product_tag-amethyste-foncee","10":"product_tag-amour","11":"product_tag-argent","12":"product_tag-bijou","13":"product_tag-bijou-energetique","14":"product_tag-bijoux","15":"product_tag-bijoux-anti-allergies","16":"product_tag-bijoux-energetiques","17":"product_tag-bijoux-fait-main","18":"product_tag-bijoux-personnalises","19":"product_tag-bijoux-sur-mesure","20":"product_tag-boucles-doreilles","21":"product_tag-bracelet","22":"product_tag-bracelet-femme","23":"product_tag-bracelet-homme","24":"product_tag-bracelet-pour-lhypertension","25":"product_tag-bracelets","26":"product_tag-bracelets-femme","27":"product_tag-bracelets-homme","28":"product_tag-collier","29":"product_tag-collier-femme","30":"product_tag-collier-personnalise","31":"product_tag-colliers","32":"product_tag-energetique","33":"product_tag-hematite","34":"product_tag-lithotherapie","35":"product_tag-pierre","36":"product_tag-pierre-semi-precieuse","37":"product_tag-pierres-naturelles","39":"first","40":"instock","41":"shipping-taxable","42":"purchasable","43":"product-type-variable"},"yoast_head":"<!-- This site is optimized with the Yoast SEO plugin v27.2 - https:\/\/yoast.com\/product\/yoast-seo-wordpress\/ -->\n<title>Bracelet pour l&#039;hypertension, en Am\u00e9thyste fonc\u00e9e - La Boutique<\/title>\n<meta name=\"description\" content=\"\u00c9veil, sens de la justice, paix int\u00e9rieure. Excellente pour la peau ; att\u00e9nue les douleurs et les tensions, combat l\u2019hypertension.\" \/>\n<meta name=\"robots\" content=\"index, follow, max-snippet:-1, max-image-preview:large, max-video-preview:-1\" \/>\n<link rel=\"canonical\" href=\"https:\/\/lescreationsde.celineinmyworldmedium.com\/index.php\/produit\/bracelet-pour-lhypertension-en-amethyste-foncee\/\" \/>\n<meta property=\"og:locale\" content=\"fr_FR\" \/>\n<meta property=\"og:type\" content=\"article\" \/>\n<meta property=\"og:title\" content=\"Bracelet pour l&#039;hypertension, en Am\u00e9thyste fonc\u00e9e - La Boutique\" \/>\n<meta property=\"og:description\" content=\"\u00c9veil, sens de la justice, paix int\u00e9rieure. Excellente pour la peau ; att\u00e9nue les douleurs et les tensions, combat l\u2019hypertension.\" \/>\n<meta property=\"og:url\" content=\"https:\/\/lescreationsde.celineinmyworldmedium.com\/index.php\/produit\/bracelet-pour-lhypertension-en-amethyste-foncee\/\" \/>\n<meta property=\"og:site_name\" content=\"Les cr\u00e9ations de C\u00e9line Inmyworld\" \/>\n<meta property=\"article:modified_time\" content=\"2024-10-23T15:16:49+00:00\" \/>\n<meta property=\"og:image\" content=\"https:\/\/lescreationsde.celineinmyworldmedium.com\/wp-content\/uploads\/2023\/10\/Bracelet_pour_l-hypertension_en_Amethyste_foncee.jpg\" \/>\n\t<meta property=\"og:image:width\" content=\"960\" \/>\n\t<meta property=\"og:image:height\" content=\"960\" \/>\n\t<meta property=\"og:image:type\" content=\"image\/jpeg\" \/>\n<meta name=\"twitter:card\" content=\"summary_large_image\" \/>\n<meta name=\"twitter:label1\" content=\"Dur\u00e9e de lecture estim\u00e9e\" \/>\n\t<meta name=\"twitter:data1\" content=\"2 minutes\" \/>\n<script type=\"application\/ld+json\" class=\"yoast-schema-graph\">{\"@context\":\"https:\/\/schema.org\",\"@graph\":[{\"@type\":\"WebPage\",\"@id\":\"https:\/\/lescreationsde.celineinmyworldmedium.com\/index.php\/produit\/bracelet-pour-lhypertension-en-amethyste-foncee\/\",\"url\":\"https:\/\/lescreationsde.celineinmyworldmedium.com\/index.php\/produit\/bracelet-pour-lhypertension-en-amethyste-foncee\/\",\"name\":\"Bracelet pour l'hypertension, en Am\u00e9thyste fonc\u00e9e - La Boutique\",\"isPartOf\":{\"@id\":\"https:\/\/lescreationsde.celineinmyworldmedium.com\/#website\"},\"primaryImageOfPage\":{\"@id\":\"https:\/\/lescreationsde.celineinmyworldmedium.com\/index.php\/produit\/bracelet-pour-lhypertension-en-amethyste-foncee\/#primaryimage\"},\"image\":{\"@id\":\"https:\/\/lescreationsde.celineinmyworldmedium.com\/index.php\/produit\/bracelet-pour-lhypertension-en-amethyste-foncee\/#primaryimage\"},\"thumbnailUrl\":\"https:\/\/lescreationsde.celineinmyworldmedium.com\/wp-content\/uploads\/2023\/10\/Bracelet_pour_l-hypertension_en_Amethyste_foncee.jpg\",\"datePublished\":\"2024-02-04T16:00:56+00:00\",\"dateModified\":\"2024-10-23T15:16:49+00:00\",\"description\":\"\u00c9veil, sens de la justice, paix int\u00e9rieure. Excellente pour la peau ; att\u00e9nue les douleurs et les tensions, combat l\u2019hypertension.\",\"breadcrumb\":{\"@id\":\"https:\/\/lescreationsde.celineinmyworldmedium.com\/index.php\/produit\/bracelet-pour-lhypertension-en-amethyste-foncee\/#breadcrumb\"},\"inLanguage\":\"fr-FR\",\"potentialAction\":[{\"@type\":\"ReadAction\",\"target\":[\"https:\/\/lescreationsde.celineinmyworldmedium.com\/index.php\/produit\/bracelet-pour-lhypertension-en-amethyste-foncee\/\"]}]},{\"@type\":\"ImageObject\",\"inLanguage\":\"fr-FR\",\"@id\":\"https:\/\/lescreationsde.celineinmyworldmedium.com\/index.php\/produit\/bracelet-pour-lhypertension-en-amethyste-foncee\/#primaryimage\",\"url\":\"https:\/\/lescreationsde.celineinmyworldmedium.com\/wp-content\/uploads\/2023\/10\/Bracelet_pour_l-hypertension_en_Amethyste_foncee.jpg\",\"contentUrl\":\"https:\/\/lescreationsde.celineinmyworldmedium.com\/wp-content\/uploads\/2023\/10\/Bracelet_pour_l-hypertension_en_Amethyste_foncee.jpg\",\"width\":960,\"height\":960,\"caption\":\"Bracelet pour l'hypertension, en Am\u00e9thyste fonc\u00e9e\"},{\"@type\":\"BreadcrumbList\",\"@id\":\"https:\/\/lescreationsde.celineinmyworldmedium.com\/index.php\/produit\/bracelet-pour-lhypertension-en-amethyste-foncee\/#breadcrumb\",\"itemListElement\":[{\"@type\":\"ListItem\",\"position\":1,\"name\":\"Accueil\",\"item\":\"https:\/\/lescreationsde.celineinmyworldmedium.com\/\"},{\"@type\":\"ListItem\",\"position\":2,\"name\":\"Produits\",\"item\":\"https:\/\/lescreationsde.celineinmyworldmedium.com\/index.php\/boutique\/\"},{\"@type\":\"ListItem\",\"position\":3,\"name\":\"Bracelet pour l&#8217;hypertension, en Am\u00e9thyste fonc\u00e9e\"}]},{\"@type\":\"WebSite\",\"@id\":\"https:\/\/lescreationsde.celineinmyworldmedium.com\/#website\",\"url\":\"https:\/\/lescreationsde.celineinmyworldmedium.com\/\",\"name\":\"Les cr\u00e9ations de C\u00e9line Inmyworld\",\"description\":\"Cr\u00e9ation de bijoux personnalis\u00e9s, sur-mesure, en pierres semi-pr\u00e9cieuses de qualit\u00e9. Bracelets, boucles d&#039;oreilles, colliers, sautoirs, malas, cha\u00eenes de cheville, bagues...\u2764\",\"publisher\":{\"@id\":\"https:\/\/lescreationsde.celineinmyworldmedium.com\/#organization\"},\"potentialAction\":[{\"@type\":\"SearchAction\",\"target\":{\"@type\":\"EntryPoint\",\"urlTemplate\":\"https:\/\/lescreationsde.celineinmyworldmedium.com\/?s={search_term_string}\"},\"query-input\":{\"@type\":\"PropertyValueSpecification\",\"valueRequired\":true,\"valueName\":\"search_term_string\"}}],\"inLanguage\":\"fr-FR\"},{\"@type\":\"Organization\",\"@id\":\"https:\/\/lescreationsde.celineinmyworldmedium.com\/#organization\",\"name\":\"Les cr\u00e9ations de C\u00e9line Inmyworld\",\"url\":\"https:\/\/lescreationsde.celineinmyworldmedium.com\/\",\"logo\":{\"@type\":\"ImageObject\",\"inLanguage\":\"fr-FR\",\"@id\":\"https:\/\/lescreationsde.celineinmyworldmedium.com\/#\/schema\/logo\/image\/\",\"url\":\"https:\/\/lescreationsde.celineinmyworldmedium.com\/wp-content\/uploads\/2021\/03\/logo_creations3.png\",\"contentUrl\":\"https:\/\/lescreationsde.celineinmyworldmedium.com\/wp-content\/uploads\/2021\/03\/logo_creations3.png\",\"width\":613,\"height\":190,\"caption\":\"Les cr\u00e9ations de C\u00e9line Inmyworld\"},\"image\":{\"@id\":\"https:\/\/lescreationsde.celineinmyworldmedium.com\/#\/schema\/logo\/image\/\"}}]}<\/script>\n<!-- \/ Yoast SEO plugin. -->","yoast_head_json":{"title":"Bracelet pour l'hypertension, en Am\u00e9thyste fonc\u00e9e - La Boutique","description":"\u00c9veil, sens de la justice, paix int\u00e9rieure. Excellente pour la peau ; att\u00e9nue les douleurs et les tensions, combat l\u2019hypertension.","robots":{"index":"index","follow":"follow","max-snippet":"max-snippet:-1","max-image-preview":"max-image-preview:large","max-video-preview":"max-video-preview:-1"},"canonical":"https:\/\/lescreationsde.celineinmyworldmedium.com\/index.php\/produit\/bracelet-pour-lhypertension-en-amethyste-foncee\/","og_locale":"fr_FR","og_type":"article","og_title":"Bracelet pour l'hypertension, en Am\u00e9thyste fonc\u00e9e - La Boutique","og_description":"\u00c9veil, sens de la justice, paix int\u00e9rieure. Excellente pour la peau ; att\u00e9nue les douleurs et les tensions, combat l\u2019hypertension.","og_url":"https:\/\/lescreationsde.celineinmyworldmedium.com\/index.php\/produit\/bracelet-pour-lhypertension-en-amethyste-foncee\/","og_site_name":"Les cr\u00e9ations de C\u00e9line Inmyworld","article_modified_time":"2024-10-23T15:16:49+00:00","og_image":[{"width":960,"height":960,"url":"https:\/\/lescreationsde.celineinmyworldmedium.com\/wp-content\/uploads\/2023\/10\/Bracelet_pour_l-hypertension_en_Amethyste_foncee.jpg","type":"image\/jpeg"}],"twitter_card":"summary_large_image","twitter_misc":{"Dur\u00e9e de lecture estim\u00e9e":"2 minutes"},"schema":{"@context":"https:\/\/schema.org","@graph":[{"@type":"WebPage","@id":"https:\/\/lescreationsde.celineinmyworldmedium.com\/index.php\/produit\/bracelet-pour-lhypertension-en-amethyste-foncee\/","url":"https:\/\/lescreationsde.celineinmyworldmedium.com\/index.php\/produit\/bracelet-pour-lhypertension-en-amethyste-foncee\/","name":"Bracelet pour l'hypertension, en Am\u00e9thyste fonc\u00e9e - La Boutique","isPartOf":{"@id":"https:\/\/lescreationsde.celineinmyworldmedium.com\/#website"},"primaryImageOfPage":{"@id":"https:\/\/lescreationsde.celineinmyworldmedium.com\/index.php\/produit\/bracelet-pour-lhypertension-en-amethyste-foncee\/#primaryimage"},"image":{"@id":"https:\/\/lescreationsde.celineinmyworldmedium.com\/index.php\/produit\/bracelet-pour-lhypertension-en-amethyste-foncee\/#primaryimage"},"thumbnailUrl":"https:\/\/lescreationsde.celineinmyworldmedium.com\/wp-content\/uploads\/2023\/10\/Bracelet_pour_l-hypertension_en_Amethyste_foncee.jpg","datePublished":"2024-02-04T16:00:56+00:00","dateModified":"2024-10-23T15:16:49+00:00","description":"\u00c9veil, sens de la justice, paix int\u00e9rieure. Excellente pour la peau ; att\u00e9nue les douleurs et les tensions, combat l\u2019hypertension.","breadcrumb":{"@id":"https:\/\/lescreationsde.celineinmyworldmedium.com\/index.php\/produit\/bracelet-pour-lhypertension-en-amethyste-foncee\/#breadcrumb"},"inLanguage":"fr-FR","potentialAction":[{"@type":"ReadAction","target":["https:\/\/lescreationsde.celineinmyworldmedium.com\/index.php\/produit\/bracelet-pour-lhypertension-en-amethyste-foncee\/"]}]},{"@type":"ImageObject","inLanguage":"fr-FR","@id":"https:\/\/lescreationsde.celineinmyworldmedium.com\/index.php\/produit\/bracelet-pour-lhypertension-en-amethyste-foncee\/#primaryimage","url":"https:\/\/lescreationsde.celineinmyworldmedium.com\/wp-content\/uploads\/2023\/10\/Bracelet_pour_l-hypertension_en_Amethyste_foncee.jpg","contentUrl":"https:\/\/lescreationsde.celineinmyworldmedium.com\/wp-content\/uploads\/2023\/10\/Bracelet_pour_l-hypertension_en_Amethyste_foncee.jpg","width":960,"height":960,"caption":"Bracelet pour l'hypertension, en Am\u00e9thyste fonc\u00e9e"},{"@type":"BreadcrumbList","@id":"https:\/\/lescreationsde.celineinmyworldmedium.com\/index.php\/produit\/bracelet-pour-lhypertension-en-amethyste-foncee\/#breadcrumb","itemListElement":[{"@type":"ListItem","position":1,"name":"Accueil","item":"https:\/\/lescreationsde.celineinmyworldmedium.com\/"},{"@type":"ListItem","position":2,"name":"Produits","item":"https:\/\/lescreationsde.celineinmyworldmedium.com\/index.php\/boutique\/"},{"@type":"ListItem","position":3,"name":"Bracelet pour l&#8217;hypertension, en Am\u00e9thyste fonc\u00e9e"}]},{"@type":"WebSite","@id":"https:\/\/lescreationsde.celineinmyworldmedium.com\/#website","url":"https:\/\/lescreationsde.celineinmyworldmedium.com\/","name":"Les cr\u00e9ations de C\u00e9line Inmyworld","description":"Cr\u00e9ation de bijoux personnalis\u00e9s, sur-mesure, en pierres semi-pr\u00e9cieuses de qualit\u00e9. Bracelets, boucles d&#039;oreilles, colliers, sautoirs, malas, cha\u00eenes de cheville, bagues...\u2764","publisher":{"@id":"https:\/\/lescreationsde.celineinmyworldmedium.com\/#organization"},"potentialAction":[{"@type":"SearchAction","target":{"@type":"EntryPoint","urlTemplate":"https:\/\/lescreationsde.celineinmyworldmedium.com\/?s={search_term_string}"},"query-input":{"@type":"PropertyValueSpecification","valueRequired":true,"valueName":"search_term_string"}}],"inLanguage":"fr-FR"},{"@type":"Organization","@id":"https:\/\/lescreationsde.celineinmyworldmedium.com\/#organization","name":"Les cr\u00e9ations de C\u00e9line Inmyworld","url":"https:\/\/lescreationsde.celineinmyworldmedium.com\/","logo":{"@type":"ImageObject","inLanguage":"fr-FR","@id":"https:\/\/lescreationsde.celineinmyworldmedium.com\/#\/schema\/logo\/image\/","url":"https:\/\/lescreationsde.celineinmyworldmedium.com\/wp-content\/uploads\/2021\/03\/logo_creations3.png","contentUrl":"https:\/\/lescreationsde.celineinmyworldmedium.com\/wp-content\/uploads\/2021\/03\/logo_creations3.png","width":613,"height":190,"caption":"Les cr\u00e9ations de C\u00e9line Inmyworld"},"image":{"@id":"https:\/\/lescreationsde.celineinmyworldmedium.com\/#\/schema\/logo\/image\/"}}]}},"jetpack_sharing_enabled":true,"_links":{"self":[{"href":"https:\/\/lescreationsde.celineinmyworldmedium.com\/index.php\/wp-json\/wp\/v2\/product\/7452","targetHints":{"allow":["GET"]}}],"collection":[{"href":"https:\/\/lescreationsde.celineinmyworldmedium.com\/index.php\/wp-json\/wp\/v2\/product"}],"about":[{"href":"https:\/\/lescreationsde.celineinmyworldmedium.com\/index.php\/wp-json\/wp\/v2\/types\/product"}],"replies":[{"embeddable":true,"href":"https:\/\/lescreationsde.celineinmyworldmedium.com\/index.php\/wp-json\/wp\/v2\/comments?post=7452"}],"wp:featuredmedia":[{"embeddable":true,"href":"https:\/\/lescreationsde.celineinmyworldmedium.com\/index.php\/wp-json\/wp\/v2\/media\/7454"}],"wp:attachment":[{"href":"https:\/\/lescreationsde.celineinmyworldmedium.com\/index.php\/wp-json\/wp\/v2\/media?parent=7452"}],"wp:term":[{"taxonomy":"product_brand","embeddable":true,"href":"https:\/\/lescreationsde.celineinmyworldmedium.com\/index.php\/wp-json\/wp\/v2\/product_brand?post=7452"},{"taxonomy":"product_cat","embeddable":true,"href":"https:\/\/lescreationsde.celineinmyworldmedium.com\/index.php\/wp-json\/wp\/v2\/product_cat?post=7452"},{"taxonomy":"product_tag","embeddable":true,"href":"https:\/\/lescreationsde.celineinmyworldmedium.com\/index.php\/wp-json\/wp\/v2\/product_tag?post=7452"}],"curies":[{"name":"wp","href":"https:\/\/api.w.org\/{rel}","templated":true}]}}