{"id":7438,"date":"2023-10-23T19:56:54","date_gmt":"2023-10-23T17:56:54","guid":{"rendered":"https:\/\/lescreationsde.celineinmyworldmedium.com\/?post_type=product&#038;p=7438"},"modified":"2024-10-23T17:15:57","modified_gmt":"2024-10-23T15:15:57","slug":"bracelet-de-protection-pour-la-clairvoyance-en-graines-de-rudraksha-quartz-rose-et-aigue-marine-naturelle","status":"publish","type":"product","link":"https:\/\/lescreationsde.celineinmyworldmedium.com\/index.php\/produit\/bracelet-de-protection-pour-la-clairvoyance-en-graines-de-rudraksha-quartz-rose-et-aigue-marine-naturelle\/","title":{"rendered":"Bracelet de protection, pour la clairvoyance, en Graines de Rudraksha, Quartz rose et Aig\u00fce Marine naturelle"},"content":{"rendered":"<h4>1 &#8211; Les vertus du quartz rose :<\/h4>\n<p>Domaine <strong>spirituel<\/strong>, celui de l\u2019\u00eatre humain avec ses intentions, ses buts ou ses pr\u00e9occupations existentielles :<\/p>\n<p><strong>Sensibilit\u00e9.<\/strong><\/p>\n<p>Domaine de <strong>l\u2019\u00e2me<\/strong> ou du subconscient, ainsi que les notions de temp\u00e9rament, de sentiments, de sensations, de r\u00eaves, de v\u00e9cu sur le plan animique, d\u2019habitudes et de r\u00e9actions inconscientes :<\/p>\n<p><strong>Augmente la capacit\u00e9 intuitive, aide en cas de difficult\u00e9s sexuelles.<\/strong><\/p>\n<p>Domaine <strong>mental<\/strong> avec les id\u00e9es, la raison, les convictions, les consid\u00e9rations, ainsi que le mode de pens\u00e9e et d\u2019action consciente :<\/p>\n<p><strong>Met en lumi\u00e8re ses propres besoins et les d\u00e9sirs d\u2019autrui.<\/strong><\/p>\n<p>Domaine <strong>physique<\/strong> ou corporel, l\u2019ensemble de l\u2019organisme avec les sens, les organes et les fonctions :<\/p>\n<p><strong>Harmonise le rythme cardiaque, stimule les organes sexuels et la fertilit\u00e9.<\/strong><\/p>\n<h4>2 &#8211; Les vertus de l\u2019aigue-marine :<\/h4>\n<p>Domaine <strong>spirituel<\/strong>, celui de l\u2019\u00eatre humain avec ses intentions, ses buts ou ses pr\u00e9occupations existentielles :<\/p>\n<p><strong>Clairvoyance, pr\u00e9voyance.<\/strong><\/p>\n<p>Domaine de <strong>l\u2019\u00e2me<\/strong> ou du subconscient, ainsi que les notions de temp\u00e9rament, de sentiments, de sensations, de r\u00eaves, de v\u00e9cu sur le plan animique, d\u2019habitudes et de r\u00e9actions inconscientes :<\/p>\n<p><strong>Favorise l\u2019endurance, la discipline, la l\u00e9g\u00e8ret\u00e9 et la s\u00e9r\u00e9nit\u00e9.<\/strong><\/p>\n<p>Domaine <strong>mental<\/strong> avec les id\u00e9es, la raison, les convictions, les consid\u00e9rations, ainsi que le mode de pens\u00e9e et d\u2019action consciente :<\/p>\n<p><strong>Permet de sortir de la confusion, incite \u00e0 aller jusqu\u2019au bout de ce qui n\u2019a pas \u00e9t\u00e9 termin\u00e9.<\/strong><\/p>\n<p>Domaine <strong>physique<\/strong> ou corporel, l\u2019ensemble de l\u2019organisme avec les sens, les organes et les fonctions :<\/p>\n<p><strong>Aide en cas d\u2019allergies, de rhume des foins, de troubles des yeux et des voies respiratoires, de la thyro\u00efde et de la vessie.<\/strong><\/p>\n<p><em><strong>Les Graines de Rudraksha :<\/strong><\/em><br \/>\n<em>La m\u00e9decine ayurv\u00e9dique attribue des vertus b\u00e9n\u00e9fiques et bienfaisantes au Rudraksha. Les graines ont un puissant rayonnement \u00e9lectromagn\u00e9tique qui renforce notre champ \u00e9nerg\u00e9tique. Le port de ces graines aide \u00e0 \u00e9quilibrer le fonctionnement de nos organes. Le 25\u00e8me chapitre de Vidyeshwar Samhita indique que le port du Rudraksha d\u00e9truit le mal et les d\u00e9mons.<\/em><\/p>\n","protected":false},"excerpt":{"rendered":"<table>\n<tbody>\n<tr>\n<td style=\"texte-align: left; color: gray; border: none;\"><strong>Hors frais d&rsquo;exp\u00e9dition<\/strong><\/td>\n<\/tr>\n<tr>\n<td style=\"texte-align: left; color: gray; border: none;\"><strong>Bijoux confectionn\u00e9s sur-mesure, sur commande<br \/>Les couleurs et motifs des pierres varient d&rsquo;un bijou \u00e0 un autre<br \/>D\u00e9lai de confection environ 30 jours<\/strong><\/td>\n<\/tr>\n<tr>\n<td style=\"texte-align: left; color: blue; border: none;\"><a style=\"color: #a15fe2;\" href=\"https:\/\/lescreationsde.celineinmyworldmedium.com\/index.php\/mesurer-son-tour-de-poignet-pour-bracelets\/\" target=\"_blank\" rel=\"noopener\"><strong>Comment mesurer son tour de poignet<\/strong><\/a><\/td>\n<\/tr>\n<\/tbody>\n<\/table>\n","protected":false},"featured_media":7442,"comment_status":"open","ping_status":"closed","template":"","meta":[],"product_brand":[],"product_cat":[31,54,705,468],"product_tag":[58,152,106,42,44,38,47,43,41,40,39,23,25,1356,36,34,26,37,35,16,24,45,17,33,973,32,27,22,28,408],"class_list":{"0":"post-7438","1":"product","2":"type-product","3":"status-publish","4":"has-post-thumbnail","6":"product_cat-bracelets","7":"product_cat-aigue-marine","8":"product_cat-graines-de-rudraksha-bodhi-pierres","9":"product_cat-quartz-pierres","10":"product_tag-aigue-marine","11":"product_tag-amour","12":"product_tag-argent","13":"product_tag-bijou","14":"product_tag-bijou-energetique","15":"product_tag-bijoux","16":"product_tag-bijoux-anti-allergies","17":"product_tag-bijoux-energetiques","18":"product_tag-bijoux-fait-main","19":"product_tag-bijoux-personnalises","20":"product_tag-bijoux-sur-mesure","21":"product_tag-boucles-doreilles","22":"product_tag-bracelet","23":"product_tag-bracelet-de-protection-pour-la-clairvoyance","24":"product_tag-bracelet-femme","25":"product_tag-bracelet-homme","26":"product_tag-bracelets","27":"product_tag-bracelets-femme","28":"product_tag-bracelets-homme","29":"product_tag-collier","30":"product_tag-collier-femme","31":"product_tag-collier-personnalise","32":"product_tag-colliers","33":"product_tag-energetique","34":"product_tag-les-graines-de-rudraksha","35":"product_tag-lithotherapie","36":"product_tag-pierre","37":"product_tag-pierre-semi-precieuse","38":"product_tag-pierres-naturelles","39":"product_tag-quartz-rose","41":"first","42":"instock","43":"shipping-taxable","44":"purchasable","45":"product-type-variable"},"yoast_head":"<!-- This site is optimized with the Yoast SEO plugin v27.2 - https:\/\/yoast.com\/product\/yoast-seo-wordpress\/ -->\n<title>Bracelet de protection, pour la clairvoyance, en Graines...<\/title>\n<meta name=\"description\" content=\"Sensibilit\u00e9. Aide en cas d\u2019allergies, de rhume des foins, de troubles des yeux et des voies respiratoires, de la thyro\u00efde et de la vessie.\" \/>\n<meta name=\"robots\" content=\"index, follow, max-snippet:-1, max-image-preview:large, max-video-preview:-1\" \/>\n<link rel=\"canonical\" href=\"https:\/\/lescreationsde.celineinmyworldmedium.com\/index.php\/produit\/bracelet-de-protection-pour-la-clairvoyance-en-graines-de-rudraksha-quartz-rose-et-aigue-marine-naturelle\/\" \/>\n<meta property=\"og:locale\" content=\"fr_FR\" \/>\n<meta property=\"og:type\" content=\"article\" \/>\n<meta property=\"og:title\" content=\"Bracelet de protection, pour la clairvoyance, en Graines...\" \/>\n<meta property=\"og:description\" content=\"Sensibilit\u00e9. Aide en cas d\u2019allergies, de rhume des foins, de troubles des yeux et des voies respiratoires, de la thyro\u00efde et de la vessie.\" \/>\n<meta property=\"og:url\" content=\"https:\/\/lescreationsde.celineinmyworldmedium.com\/index.php\/produit\/bracelet-de-protection-pour-la-clairvoyance-en-graines-de-rudraksha-quartz-rose-et-aigue-marine-naturelle\/\" \/>\n<meta property=\"og:site_name\" content=\"Les cr\u00e9ations de C\u00e9line Inmyworld\" \/>\n<meta property=\"article:modified_time\" content=\"2024-10-23T15:15:57+00:00\" \/>\n<meta property=\"og:image\" content=\"https:\/\/lescreationsde.celineinmyworldmedium.com\/wp-content\/uploads\/2023\/10\/Bracelet_de_protection_pour_la_clairvoyance_en_Graines_de_Rudraksha_Quartz_rose_et_Aigue_Marine_naturelle.jpg\" \/>\n\t<meta property=\"og:image:width\" content=\"959\" \/>\n\t<meta property=\"og:image:height\" content=\"960\" \/>\n\t<meta property=\"og:image:type\" content=\"image\/jpeg\" \/>\n<meta name=\"twitter:card\" content=\"summary_large_image\" \/>\n<meta name=\"twitter:label1\" content=\"Dur\u00e9e de lecture estim\u00e9e\" \/>\n\t<meta name=\"twitter:data1\" content=\"2 minutes\" \/>\n<script type=\"application\/ld+json\" class=\"yoast-schema-graph\">{\"@context\":\"https:\/\/schema.org\",\"@graph\":[{\"@type\":\"WebPage\",\"@id\":\"https:\/\/lescreationsde.celineinmyworldmedium.com\/index.php\/produit\/bracelet-de-protection-pour-la-clairvoyance-en-graines-de-rudraksha-quartz-rose-et-aigue-marine-naturelle\/\",\"url\":\"https:\/\/lescreationsde.celineinmyworldmedium.com\/index.php\/produit\/bracelet-de-protection-pour-la-clairvoyance-en-graines-de-rudraksha-quartz-rose-et-aigue-marine-naturelle\/\",\"name\":\"Bracelet de protection, pour la clairvoyance, en Graines...\",\"isPartOf\":{\"@id\":\"https:\/\/lescreationsde.celineinmyworldmedium.com\/#website\"},\"primaryImageOfPage\":{\"@id\":\"https:\/\/lescreationsde.celineinmyworldmedium.com\/index.php\/produit\/bracelet-de-protection-pour-la-clairvoyance-en-graines-de-rudraksha-quartz-rose-et-aigue-marine-naturelle\/#primaryimage\"},\"image\":{\"@id\":\"https:\/\/lescreationsde.celineinmyworldmedium.com\/index.php\/produit\/bracelet-de-protection-pour-la-clairvoyance-en-graines-de-rudraksha-quartz-rose-et-aigue-marine-naturelle\/#primaryimage\"},\"thumbnailUrl\":\"https:\/\/lescreationsde.celineinmyworldmedium.com\/wp-content\/uploads\/2023\/10\/Bracelet_de_protection_pour_la_clairvoyance_en_Graines_de_Rudraksha_Quartz_rose_et_Aigue_Marine_naturelle.jpg\",\"datePublished\":\"2023-10-23T17:56:54+00:00\",\"dateModified\":\"2024-10-23T15:15:57+00:00\",\"description\":\"Sensibilit\u00e9. Aide en cas d\u2019allergies, de rhume des foins, de troubles des yeux et des voies respiratoires, de la thyro\u00efde et de la vessie.\",\"breadcrumb\":{\"@id\":\"https:\/\/lescreationsde.celineinmyworldmedium.com\/index.php\/produit\/bracelet-de-protection-pour-la-clairvoyance-en-graines-de-rudraksha-quartz-rose-et-aigue-marine-naturelle\/#breadcrumb\"},\"inLanguage\":\"fr-FR\",\"potentialAction\":[{\"@type\":\"ReadAction\",\"target\":[\"https:\/\/lescreationsde.celineinmyworldmedium.com\/index.php\/produit\/bracelet-de-protection-pour-la-clairvoyance-en-graines-de-rudraksha-quartz-rose-et-aigue-marine-naturelle\/\"]}]},{\"@type\":\"ImageObject\",\"inLanguage\":\"fr-FR\",\"@id\":\"https:\/\/lescreationsde.celineinmyworldmedium.com\/index.php\/produit\/bracelet-de-protection-pour-la-clairvoyance-en-graines-de-rudraksha-quartz-rose-et-aigue-marine-naturelle\/#primaryimage\",\"url\":\"https:\/\/lescreationsde.celineinmyworldmedium.com\/wp-content\/uploads\/2023\/10\/Bracelet_de_protection_pour_la_clairvoyance_en_Graines_de_Rudraksha_Quartz_rose_et_Aigue_Marine_naturelle.jpg\",\"contentUrl\":\"https:\/\/lescreationsde.celineinmyworldmedium.com\/wp-content\/uploads\/2023\/10\/Bracelet_de_protection_pour_la_clairvoyance_en_Graines_de_Rudraksha_Quartz_rose_et_Aigue_Marine_naturelle.jpg\",\"width\":959,\"height\":960,\"caption\":\"Bracelet de protection, pour la clairvoyance, en Graines de Rudraksha, Quartz rose et Aig\u00fce Marine naturelle\"},{\"@type\":\"BreadcrumbList\",\"@id\":\"https:\/\/lescreationsde.celineinmyworldmedium.com\/index.php\/produit\/bracelet-de-protection-pour-la-clairvoyance-en-graines-de-rudraksha-quartz-rose-et-aigue-marine-naturelle\/#breadcrumb\",\"itemListElement\":[{\"@type\":\"ListItem\",\"position\":1,\"name\":\"Accueil\",\"item\":\"https:\/\/lescreationsde.celineinmyworldmedium.com\/\"},{\"@type\":\"ListItem\",\"position\":2,\"name\":\"Produits\",\"item\":\"https:\/\/lescreationsde.celineinmyworldmedium.com\/index.php\/boutique\/\"},{\"@type\":\"ListItem\",\"position\":3,\"name\":\"Bracelet de protection, pour la clairvoyance, en Graines de Rudraksha, Quartz rose et Aig\u00fce Marine naturelle\"}]},{\"@type\":\"WebSite\",\"@id\":\"https:\/\/lescreationsde.celineinmyworldmedium.com\/#website\",\"url\":\"https:\/\/lescreationsde.celineinmyworldmedium.com\/\",\"name\":\"Les cr\u00e9ations de C\u00e9line Inmyworld\",\"description\":\"Cr\u00e9ation de bijoux personnalis\u00e9s, sur-mesure, en pierres semi-pr\u00e9cieuses de qualit\u00e9. Bracelets, boucles d&#039;oreilles, colliers, sautoirs, malas, cha\u00eenes de cheville, bagues...\u2764\",\"publisher\":{\"@id\":\"https:\/\/lescreationsde.celineinmyworldmedium.com\/#organization\"},\"potentialAction\":[{\"@type\":\"SearchAction\",\"target\":{\"@type\":\"EntryPoint\",\"urlTemplate\":\"https:\/\/lescreationsde.celineinmyworldmedium.com\/?s={search_term_string}\"},\"query-input\":{\"@type\":\"PropertyValueSpecification\",\"valueRequired\":true,\"valueName\":\"search_term_string\"}}],\"inLanguage\":\"fr-FR\"},{\"@type\":\"Organization\",\"@id\":\"https:\/\/lescreationsde.celineinmyworldmedium.com\/#organization\",\"name\":\"Les cr\u00e9ations de C\u00e9line Inmyworld\",\"url\":\"https:\/\/lescreationsde.celineinmyworldmedium.com\/\",\"logo\":{\"@type\":\"ImageObject\",\"inLanguage\":\"fr-FR\",\"@id\":\"https:\/\/lescreationsde.celineinmyworldmedium.com\/#\/schema\/logo\/image\/\",\"url\":\"https:\/\/lescreationsde.celineinmyworldmedium.com\/wp-content\/uploads\/2021\/03\/logo_creations3.png\",\"contentUrl\":\"https:\/\/lescreationsde.celineinmyworldmedium.com\/wp-content\/uploads\/2021\/03\/logo_creations3.png\",\"width\":613,\"height\":190,\"caption\":\"Les cr\u00e9ations de C\u00e9line Inmyworld\"},\"image\":{\"@id\":\"https:\/\/lescreationsde.celineinmyworldmedium.com\/#\/schema\/logo\/image\/\"}}]}<\/script>\n<!-- \/ Yoast SEO plugin. -->","yoast_head_json":{"title":"Bracelet de protection, pour la clairvoyance, en Graines...","description":"Sensibilit\u00e9. Aide en cas d\u2019allergies, de rhume des foins, de troubles des yeux et des voies respiratoires, de la thyro\u00efde et de la vessie.","robots":{"index":"index","follow":"follow","max-snippet":"max-snippet:-1","max-image-preview":"max-image-preview:large","max-video-preview":"max-video-preview:-1"},"canonical":"https:\/\/lescreationsde.celineinmyworldmedium.com\/index.php\/produit\/bracelet-de-protection-pour-la-clairvoyance-en-graines-de-rudraksha-quartz-rose-et-aigue-marine-naturelle\/","og_locale":"fr_FR","og_type":"article","og_title":"Bracelet de protection, pour la clairvoyance, en Graines...","og_description":"Sensibilit\u00e9. Aide en cas d\u2019allergies, de rhume des foins, de troubles des yeux et des voies respiratoires, de la thyro\u00efde et de la vessie.","og_url":"https:\/\/lescreationsde.celineinmyworldmedium.com\/index.php\/produit\/bracelet-de-protection-pour-la-clairvoyance-en-graines-de-rudraksha-quartz-rose-et-aigue-marine-naturelle\/","og_site_name":"Les cr\u00e9ations de C\u00e9line Inmyworld","article_modified_time":"2024-10-23T15:15:57+00:00","og_image":[{"width":959,"height":960,"url":"https:\/\/lescreationsde.celineinmyworldmedium.com\/wp-content\/uploads\/2023\/10\/Bracelet_de_protection_pour_la_clairvoyance_en_Graines_de_Rudraksha_Quartz_rose_et_Aigue_Marine_naturelle.jpg","type":"image\/jpeg"}],"twitter_card":"summary_large_image","twitter_misc":{"Dur\u00e9e de lecture estim\u00e9e":"2 minutes"},"schema":{"@context":"https:\/\/schema.org","@graph":[{"@type":"WebPage","@id":"https:\/\/lescreationsde.celineinmyworldmedium.com\/index.php\/produit\/bracelet-de-protection-pour-la-clairvoyance-en-graines-de-rudraksha-quartz-rose-et-aigue-marine-naturelle\/","url":"https:\/\/lescreationsde.celineinmyworldmedium.com\/index.php\/produit\/bracelet-de-protection-pour-la-clairvoyance-en-graines-de-rudraksha-quartz-rose-et-aigue-marine-naturelle\/","name":"Bracelet de protection, pour la clairvoyance, en Graines...","isPartOf":{"@id":"https:\/\/lescreationsde.celineinmyworldmedium.com\/#website"},"primaryImageOfPage":{"@id":"https:\/\/lescreationsde.celineinmyworldmedium.com\/index.php\/produit\/bracelet-de-protection-pour-la-clairvoyance-en-graines-de-rudraksha-quartz-rose-et-aigue-marine-naturelle\/#primaryimage"},"image":{"@id":"https:\/\/lescreationsde.celineinmyworldmedium.com\/index.php\/produit\/bracelet-de-protection-pour-la-clairvoyance-en-graines-de-rudraksha-quartz-rose-et-aigue-marine-naturelle\/#primaryimage"},"thumbnailUrl":"https:\/\/lescreationsde.celineinmyworldmedium.com\/wp-content\/uploads\/2023\/10\/Bracelet_de_protection_pour_la_clairvoyance_en_Graines_de_Rudraksha_Quartz_rose_et_Aigue_Marine_naturelle.jpg","datePublished":"2023-10-23T17:56:54+00:00","dateModified":"2024-10-23T15:15:57+00:00","description":"Sensibilit\u00e9. Aide en cas d\u2019allergies, de rhume des foins, de troubles des yeux et des voies respiratoires, de la thyro\u00efde et de la vessie.","breadcrumb":{"@id":"https:\/\/lescreationsde.celineinmyworldmedium.com\/index.php\/produit\/bracelet-de-protection-pour-la-clairvoyance-en-graines-de-rudraksha-quartz-rose-et-aigue-marine-naturelle\/#breadcrumb"},"inLanguage":"fr-FR","potentialAction":[{"@type":"ReadAction","target":["https:\/\/lescreationsde.celineinmyworldmedium.com\/index.php\/produit\/bracelet-de-protection-pour-la-clairvoyance-en-graines-de-rudraksha-quartz-rose-et-aigue-marine-naturelle\/"]}]},{"@type":"ImageObject","inLanguage":"fr-FR","@id":"https:\/\/lescreationsde.celineinmyworldmedium.com\/index.php\/produit\/bracelet-de-protection-pour-la-clairvoyance-en-graines-de-rudraksha-quartz-rose-et-aigue-marine-naturelle\/#primaryimage","url":"https:\/\/lescreationsde.celineinmyworldmedium.com\/wp-content\/uploads\/2023\/10\/Bracelet_de_protection_pour_la_clairvoyance_en_Graines_de_Rudraksha_Quartz_rose_et_Aigue_Marine_naturelle.jpg","contentUrl":"https:\/\/lescreationsde.celineinmyworldmedium.com\/wp-content\/uploads\/2023\/10\/Bracelet_de_protection_pour_la_clairvoyance_en_Graines_de_Rudraksha_Quartz_rose_et_Aigue_Marine_naturelle.jpg","width":959,"height":960,"caption":"Bracelet de protection, pour la clairvoyance, en Graines de Rudraksha, Quartz rose et Aig\u00fce Marine naturelle"},{"@type":"BreadcrumbList","@id":"https:\/\/lescreationsde.celineinmyworldmedium.com\/index.php\/produit\/bracelet-de-protection-pour-la-clairvoyance-en-graines-de-rudraksha-quartz-rose-et-aigue-marine-naturelle\/#breadcrumb","itemListElement":[{"@type":"ListItem","position":1,"name":"Accueil","item":"https:\/\/lescreationsde.celineinmyworldmedium.com\/"},{"@type":"ListItem","position":2,"name":"Produits","item":"https:\/\/lescreationsde.celineinmyworldmedium.com\/index.php\/boutique\/"},{"@type":"ListItem","position":3,"name":"Bracelet de protection, pour la clairvoyance, en Graines de Rudraksha, Quartz rose et Aig\u00fce Marine naturelle"}]},{"@type":"WebSite","@id":"https:\/\/lescreationsde.celineinmyworldmedium.com\/#website","url":"https:\/\/lescreationsde.celineinmyworldmedium.com\/","name":"Les cr\u00e9ations de C\u00e9line Inmyworld","description":"Cr\u00e9ation de bijoux personnalis\u00e9s, sur-mesure, en pierres semi-pr\u00e9cieuses de qualit\u00e9. Bracelets, boucles d&#039;oreilles, colliers, sautoirs, malas, cha\u00eenes de cheville, bagues...\u2764","publisher":{"@id":"https:\/\/lescreationsde.celineinmyworldmedium.com\/#organization"},"potentialAction":[{"@type":"SearchAction","target":{"@type":"EntryPoint","urlTemplate":"https:\/\/lescreationsde.celineinmyworldmedium.com\/?s={search_term_string}"},"query-input":{"@type":"PropertyValueSpecification","valueRequired":true,"valueName":"search_term_string"}}],"inLanguage":"fr-FR"},{"@type":"Organization","@id":"https:\/\/lescreationsde.celineinmyworldmedium.com\/#organization","name":"Les cr\u00e9ations de C\u00e9line Inmyworld","url":"https:\/\/lescreationsde.celineinmyworldmedium.com\/","logo":{"@type":"ImageObject","inLanguage":"fr-FR","@id":"https:\/\/lescreationsde.celineinmyworldmedium.com\/#\/schema\/logo\/image\/","url":"https:\/\/lescreationsde.celineinmyworldmedium.com\/wp-content\/uploads\/2021\/03\/logo_creations3.png","contentUrl":"https:\/\/lescreationsde.celineinmyworldmedium.com\/wp-content\/uploads\/2021\/03\/logo_creations3.png","width":613,"height":190,"caption":"Les cr\u00e9ations de C\u00e9line Inmyworld"},"image":{"@id":"https:\/\/lescreationsde.celineinmyworldmedium.com\/#\/schema\/logo\/image\/"}}]}},"jetpack_sharing_enabled":true,"_links":{"self":[{"href":"https:\/\/lescreationsde.celineinmyworldmedium.com\/index.php\/wp-json\/wp\/v2\/product\/7438","targetHints":{"allow":["GET"]}}],"collection":[{"href":"https:\/\/lescreationsde.celineinmyworldmedium.com\/index.php\/wp-json\/wp\/v2\/product"}],"about":[{"href":"https:\/\/lescreationsde.celineinmyworldmedium.com\/index.php\/wp-json\/wp\/v2\/types\/product"}],"replies":[{"embeddable":true,"href":"https:\/\/lescreationsde.celineinmyworldmedium.com\/index.php\/wp-json\/wp\/v2\/comments?post=7438"}],"wp:featuredmedia":[{"embeddable":true,"href":"https:\/\/lescreationsde.celineinmyworldmedium.com\/index.php\/wp-json\/wp\/v2\/media\/7442"}],"wp:attachment":[{"href":"https:\/\/lescreationsde.celineinmyworldmedium.com\/index.php\/wp-json\/wp\/v2\/media?parent=7438"}],"wp:term":[{"taxonomy":"product_brand","embeddable":true,"href":"https:\/\/lescreationsde.celineinmyworldmedium.com\/index.php\/wp-json\/wp\/v2\/product_brand?post=7438"},{"taxonomy":"product_cat","embeddable":true,"href":"https:\/\/lescreationsde.celineinmyworldmedium.com\/index.php\/wp-json\/wp\/v2\/product_cat?post=7438"},{"taxonomy":"product_tag","embeddable":true,"href":"https:\/\/lescreationsde.celineinmyworldmedium.com\/index.php\/wp-json\/wp\/v2\/product_tag?post=7438"}],"curies":[{"name":"wp","href":"https:\/\/api.w.org\/{rel}","templated":true}]}}