{"id":7410,"date":"2023-10-15T19:59:10","date_gmt":"2023-10-15T17:59:10","guid":{"rendered":"https:\/\/lescreationsde.celineinmyworldmedium.com\/?post_type=product&#038;p=7410"},"modified":"2024-10-23T17:16:40","modified_gmt":"2024-10-23T15:16:40","slug":"bracelet-pour-lancrage-et-tenir-bon-en-oeil-de-taureau-jaspe-kalahari-pierre-kabamba-et-turquoise-africaine","status":"publish","type":"product","link":"https:\/\/lescreationsde.celineinmyworldmedium.com\/index.php\/produit\/bracelet-pour-lancrage-et-tenir-bon-en-oeil-de-taureau-jaspe-kalahari-pierre-kabamba-et-turquoise-africaine\/","title":{"rendered":"Bracelet pour l&rsquo;ancrage et \u00ab\u00a0tenir bon\u00a0\u00bb, en Oeil-de-taureau, Jaspe Kalahari, Pierre Kabamba et Turquoise africaine"},"content":{"rendered":"<h4>1 &#8211; Les vertus de la turquoise africaine &#8211; jaspe (mate) :<\/h4>\n<p><strong>Sur le domaine spirituel<\/strong>, celui de l\u2019\u00eatre humain avec ses intentions, ses buts ou ses pr\u00e9occupations existentielles :<br \/>\n<strong>C\u2019est la pierre de l\u2019\u00e9volution par excellence. Celle-ci vous aidera \u00e0 accepter le changement et \u00e0 vous orienter vers le chemin que vous devez emprunter. La turquoise d\u2019Afrique poss\u00e8de comme bienfaits de vous apporter la confiance et l\u2019\u00e9quilibre n\u00e9cessaire pour votre d\u00e9veloppement personnel. Cette pierre vous aidera \u00e0 adopter une vision plus optimiste de la vie.<br \/>\nL\u2019une des vertus de la Turquoise d\u2019Afrique est Pierre de c\u0153ur. Elle vous aide \u00e0 vous accepter tel que vous \u00eates et \u00e0 vous rendre plus tol\u00e9rant.<\/strong><\/p>\n<p><strong>Sur le domaine de l\u2019\u00e2me<\/strong> ou du subconscient, ainsi que les notions de temp\u00e9rament, de sentiments, de sensations, de r\u00eaves, de v\u00e9cu sur le plan animique, d\u2019habitudes et de r\u00e9actions inconscientes :<br \/>\n<strong>Idem.<\/strong><\/p>\n<p><strong>Sur le domaine mental<\/strong> avec les id\u00e9es, la raison, les convictions, les consid\u00e9rations, ainsi que le mode de pens\u00e9e et d\u2019action consciente :<br \/>\n<strong>C\u2019est la pierre de l\u2019\u00e9volution par excellence. Celle-ci vous aidera \u00e0 accepter le changement et \u00e0 vous orienter vers le chemin que vous devez emprunter. La turquoise d\u2019Afrique poss\u00e8de comme bienfaits de vous apporter la confiance et l\u2019\u00e9quilibre n\u00e9cessaire pour votre d\u00e9veloppement personnel. Cette pierre vous aidera \u00e0 adopter une vision plus optimiste de la vie.<br \/>\nL\u2019une des vertus de la Turquoise d\u2019Afrique est Pierre de c\u0153ur. Elle vous aide \u00e0 vous accepter tel que vous \u00eates et \u00e0 vous rendre plus tol\u00e9rant.<\/strong><\/p>\n<p><strong>Sur le domaine physique<\/strong> ou corporel, l\u2019ensemble de l\u2019organisme avec les sens, les organes et les fonctions :<br \/>\n<strong>Idem.<\/strong><\/p>\n<p>&nbsp;<\/p>\n<h4>2 &#8211; Les vertus de l\u2019eldarite &#8211; pierre kabamba :<\/h4>\n<p><strong>Sur le domaine spirituel<\/strong>, celui de l\u2019\u00eatre humain avec ses intentions, ses buts ou ses pr\u00e9occupations existentielles :<br \/>\n<strong>Autoconservation, immunit\u00e9, protection.<\/strong><\/p>\n<p><strong>Sur le domaine de l\u2019\u00e2me<\/strong> ou du subconscient, ainsi que les notions de temp\u00e9rament, de sentiments, de sensations, de r\u00eaves, de v\u00e9cu sur le plan animique, d\u2019habitudes et de r\u00e9actions inconscientes :<br \/>\n<strong>Contre les ing\u00e9rences subliminales venant de l\u2019ext\u00e9rieur.<\/strong><\/p>\n<p><strong>Sur le domaine mental<\/strong> avec les id\u00e9es, la raison, les convictions, les consid\u00e9rations, ainsi que le mode de pens\u00e9e et d\u2019action consciente :<br \/>\n<strong>Efface les doutes et les soucis.<\/strong><\/p>\n<p><strong>Sur le domaine physique<\/strong> ou corporel, l\u2019ensemble de l\u2019organisme avec les sens, les organes et les fonctions :<br \/>\n<strong>Soutient les fonctions de la peau, des glandes sudoripares et des fluides corporels, rend le syst\u00e8me immunitaire plus fort pour se d\u00e9fendre contre les infections virales.<\/strong><\/p>\n<p>&nbsp;<\/p>\n<h4>3 &#8211; Les vertus du jaspe kalahari (mat) :<\/h4>\n<p><strong>Sur le domaine spirituel<\/strong>, celui de l\u2019\u00eatre humain avec ses intentions, ses buts ou ses pr\u00e9occupations existentielles :<br \/>\n<strong>Capacit\u00e9 de r\u00e9sistance.<\/strong><\/p>\n<p><strong>Sur le domaine de l\u2019\u00e2me<\/strong> ou du subconscient, ainsi que les notions de temp\u00e9rament, de sentiments, de sensations, de r\u00eaves, de v\u00e9cu sur le plan animique, d\u2019habitudes et de r\u00e9actions inconscientes :<br \/>\n<strong>Fortifie en cas d\u2019effort prolong\u00e9.<\/strong><\/p>\n<p><strong>Sur le domaine mental<\/strong> avec les id\u00e9es, la raison, les convictions, les consid\u00e9rations, ainsi que le mode de pens\u00e9e et d\u2019action consciente :<br \/>\n<strong>Aide \u00e0 renouveler ses tentatives sans cesse en cas d\u2019\u00e9chec.<\/strong><\/p>\n<p><strong>Sur le domaine physique<\/strong> ou corporel, l\u2019ensemble de l\u2019organisme avec les sens, les organes et les fonctions :<br \/>\n<strong>Stimule la digestion, le syst\u00e8me immunitaire et le nettoyage du tissu conjonctif, att\u00e9nue donc les allergies et le rhume des foins.<\/strong><\/p>\n","protected":false},"excerpt":{"rendered":"<table>\n<tbody>\n<tr>\n<td style=\"texte-align: left; color: gray; border: none;\"><strong>Hors frais d&rsquo;exp\u00e9dition<\/strong><\/td>\n<\/tr>\n<tr>\n<td style=\"texte-align: left; color: gray; border: none;\"><strong>Bijoux confectionn\u00e9s sur-mesure, sur commande<br \/>\nLes couleurs et motifs des pierres varient d&rsquo;un bijou \u00e0 un autre<br \/>\nD\u00e9lai de confection environ 30 jours<\/strong><\/td>\n<\/tr>\n<tr>\n<td style=\"texte-align: left; color: blue; border: none;\"><a style=\"color: #a15fe2;\" href=\"https:\/\/lescreationsde.celineinmyworldmedium.com\/index.php\/mesurer-son-tour-de-poignet-pour-bracelets\/\" target=\"_blank\" rel=\"noopener\"><strong>Comment mesurer son tour de poignet<\/strong><\/a><\/td>\n<\/tr>\n<\/tbody>\n<\/table>\n","protected":false},"featured_media":7413,"comment_status":"open","ping_status":"closed","template":"","meta":[],"product_brand":[],"product_cat":[31,623,52,472],"product_tag":[152,106,42,44,38,47,43,41,40,39,23,25,36,34,1725,26,37,35,16,24,45,17,265,33,306,32,27,22,28,443],"class_list":{"0":"post-7410","1":"product","2":"type-product","3":"status-publish","4":"has-post-thumbnail","6":"product_cat-bracelets","7":"product_cat-eldarite-pierres","8":"product_cat-jaspe-pierres","9":"product_cat-turquoise-pierres","10":"product_tag-amour","11":"product_tag-argent","12":"product_tag-bijou","13":"product_tag-bijou-energetique","14":"product_tag-bijoux","15":"product_tag-bijoux-anti-allergies","16":"product_tag-bijoux-energetiques","17":"product_tag-bijoux-fait-main","18":"product_tag-bijoux-personnalises","19":"product_tag-bijoux-sur-mesure","20":"product_tag-boucles-doreilles","21":"product_tag-bracelet","22":"product_tag-bracelet-femme","23":"product_tag-bracelet-homme","24":"product_tag-bracelet-pour-lancrage-et-tenir-bon","25":"product_tag-bracelets","26":"product_tag-bracelets-femme","27":"product_tag-bracelets-homme","28":"product_tag-collier","29":"product_tag-collier-femme","30":"product_tag-collier-personnalise","31":"product_tag-colliers","32":"product_tag-eldarite-pierre-kabamba","33":"product_tag-energetique","34":"product_tag-jaspe-kalahari-mat","35":"product_tag-lithotherapie","36":"product_tag-pierre","37":"product_tag-pierre-semi-precieuse","38":"product_tag-pierres-naturelles","39":"product_tag-turquoise-africaine-jaspe-mate","41":"first","42":"instock","43":"shipping-taxable","44":"purchasable","45":"product-type-variable"},"yoast_head":"<!-- This site is optimized with the Yoast SEO plugin v27.2 - https:\/\/yoast.com\/product\/yoast-seo-wordpress\/ -->\n<title>Bracelet pour l&#039;ancrage et &quot;tenir bon&quot;, en Oeil-de-taureau...<\/title>\n<meta name=\"description\" content=\"Stimule la digestion, le syst\u00e8me immunitaire et le nettoyage du tissu conjonctif, att\u00e9nue donc les allergies et le rhume des foins.\" \/>\n<meta name=\"robots\" content=\"index, follow, max-snippet:-1, max-image-preview:large, max-video-preview:-1\" \/>\n<link rel=\"canonical\" href=\"https:\/\/lescreationsde.celineinmyworldmedium.com\/index.php\/produit\/bracelet-pour-lancrage-et-tenir-bon-en-oeil-de-taureau-jaspe-kalahari-pierre-kabamba-et-turquoise-africaine\/\" \/>\n<meta property=\"og:locale\" content=\"fr_FR\" \/>\n<meta property=\"og:type\" content=\"article\" \/>\n<meta property=\"og:title\" content=\"Bracelet pour l&#039;ancrage et &quot;tenir bon&quot;, en Oeil-de-taureau...\" \/>\n<meta property=\"og:description\" content=\"Stimule la digestion, le syst\u00e8me immunitaire et le nettoyage du tissu conjonctif, att\u00e9nue donc les allergies et le rhume des foins.\" \/>\n<meta property=\"og:url\" content=\"https:\/\/lescreationsde.celineinmyworldmedium.com\/index.php\/produit\/bracelet-pour-lancrage-et-tenir-bon-en-oeil-de-taureau-jaspe-kalahari-pierre-kabamba-et-turquoise-africaine\/\" \/>\n<meta property=\"og:site_name\" content=\"Les cr\u00e9ations de C\u00e9line Inmyworld\" \/>\n<meta property=\"article:modified_time\" content=\"2024-10-23T15:16:40+00:00\" \/>\n<meta property=\"og:image\" content=\"https:\/\/lescreationsde.celineinmyworldmedium.com\/wp-content\/uploads\/2023\/10\/Bracelet_pour_l-ancrage_et_tenir_bon_en_Oeil-de-taureau_Jaspe_Kalahari_Pierre-Kabamba_et_Turquoise_africaine.jpg\" \/>\n\t<meta property=\"og:image:width\" content=\"960\" \/>\n\t<meta property=\"og:image:height\" content=\"960\" \/>\n\t<meta property=\"og:image:type\" content=\"image\/jpeg\" \/>\n<meta name=\"twitter:card\" content=\"summary_large_image\" \/>\n<meta name=\"twitter:label1\" content=\"Dur\u00e9e de lecture estim\u00e9e\" \/>\n\t<meta name=\"twitter:data1\" content=\"3 minutes\" \/>\n<script type=\"application\/ld+json\" class=\"yoast-schema-graph\">{\"@context\":\"https:\/\/schema.org\",\"@graph\":[{\"@type\":\"WebPage\",\"@id\":\"https:\/\/lescreationsde.celineinmyworldmedium.com\/index.php\/produit\/bracelet-pour-lancrage-et-tenir-bon-en-oeil-de-taureau-jaspe-kalahari-pierre-kabamba-et-turquoise-africaine\/\",\"url\":\"https:\/\/lescreationsde.celineinmyworldmedium.com\/index.php\/produit\/bracelet-pour-lancrage-et-tenir-bon-en-oeil-de-taureau-jaspe-kalahari-pierre-kabamba-et-turquoise-africaine\/\",\"name\":\"Bracelet pour l'ancrage et \\\"tenir bon\\\", en Oeil-de-taureau...\",\"isPartOf\":{\"@id\":\"https:\/\/lescreationsde.celineinmyworldmedium.com\/#website\"},\"primaryImageOfPage\":{\"@id\":\"https:\/\/lescreationsde.celineinmyworldmedium.com\/index.php\/produit\/bracelet-pour-lancrage-et-tenir-bon-en-oeil-de-taureau-jaspe-kalahari-pierre-kabamba-et-turquoise-africaine\/#primaryimage\"},\"image\":{\"@id\":\"https:\/\/lescreationsde.celineinmyworldmedium.com\/index.php\/produit\/bracelet-pour-lancrage-et-tenir-bon-en-oeil-de-taureau-jaspe-kalahari-pierre-kabamba-et-turquoise-africaine\/#primaryimage\"},\"thumbnailUrl\":\"https:\/\/lescreationsde.celineinmyworldmedium.com\/wp-content\/uploads\/2023\/10\/Bracelet_pour_l-ancrage_et_tenir_bon_en_Oeil-de-taureau_Jaspe_Kalahari_Pierre-Kabamba_et_Turquoise_africaine.jpg\",\"datePublished\":\"2023-10-15T17:59:10+00:00\",\"dateModified\":\"2024-10-23T15:16:40+00:00\",\"description\":\"Stimule la digestion, le syst\u00e8me immunitaire et le nettoyage du tissu conjonctif, att\u00e9nue donc les allergies et le rhume des foins.\",\"breadcrumb\":{\"@id\":\"https:\/\/lescreationsde.celineinmyworldmedium.com\/index.php\/produit\/bracelet-pour-lancrage-et-tenir-bon-en-oeil-de-taureau-jaspe-kalahari-pierre-kabamba-et-turquoise-africaine\/#breadcrumb\"},\"inLanguage\":\"fr-FR\",\"potentialAction\":[{\"@type\":\"ReadAction\",\"target\":[\"https:\/\/lescreationsde.celineinmyworldmedium.com\/index.php\/produit\/bracelet-pour-lancrage-et-tenir-bon-en-oeil-de-taureau-jaspe-kalahari-pierre-kabamba-et-turquoise-africaine\/\"]}]},{\"@type\":\"ImageObject\",\"inLanguage\":\"fr-FR\",\"@id\":\"https:\/\/lescreationsde.celineinmyworldmedium.com\/index.php\/produit\/bracelet-pour-lancrage-et-tenir-bon-en-oeil-de-taureau-jaspe-kalahari-pierre-kabamba-et-turquoise-africaine\/#primaryimage\",\"url\":\"https:\/\/lescreationsde.celineinmyworldmedium.com\/wp-content\/uploads\/2023\/10\/Bracelet_pour_l-ancrage_et_tenir_bon_en_Oeil-de-taureau_Jaspe_Kalahari_Pierre-Kabamba_et_Turquoise_africaine.jpg\",\"contentUrl\":\"https:\/\/lescreationsde.celineinmyworldmedium.com\/wp-content\/uploads\/2023\/10\/Bracelet_pour_l-ancrage_et_tenir_bon_en_Oeil-de-taureau_Jaspe_Kalahari_Pierre-Kabamba_et_Turquoise_africaine.jpg\",\"width\":960,\"height\":960,\"caption\":\"Bracelet pour l'ancrage et \\\"tenir bon\\\", en Oeil-de-taureau, Jaspe Kalahari, Pierre Kabamba et Turquoise africaine\"},{\"@type\":\"BreadcrumbList\",\"@id\":\"https:\/\/lescreationsde.celineinmyworldmedium.com\/index.php\/produit\/bracelet-pour-lancrage-et-tenir-bon-en-oeil-de-taureau-jaspe-kalahari-pierre-kabamba-et-turquoise-africaine\/#breadcrumb\",\"itemListElement\":[{\"@type\":\"ListItem\",\"position\":1,\"name\":\"Accueil\",\"item\":\"https:\/\/lescreationsde.celineinmyworldmedium.com\/\"},{\"@type\":\"ListItem\",\"position\":2,\"name\":\"Produits\",\"item\":\"https:\/\/lescreationsde.celineinmyworldmedium.com\/index.php\/boutique\/\"},{\"@type\":\"ListItem\",\"position\":3,\"name\":\"Bracelet pour l&#8217;ancrage et &#8220;tenir bon&#8221;, en Oeil-de-taureau, Jaspe Kalahari, Pierre Kabamba et Turquoise africaine\"}]},{\"@type\":\"WebSite\",\"@id\":\"https:\/\/lescreationsde.celineinmyworldmedium.com\/#website\",\"url\":\"https:\/\/lescreationsde.celineinmyworldmedium.com\/\",\"name\":\"Les cr\u00e9ations de C\u00e9line Inmyworld\",\"description\":\"Cr\u00e9ation de bijoux personnalis\u00e9s, sur-mesure, en pierres semi-pr\u00e9cieuses de qualit\u00e9. Bracelets, boucles d&#039;oreilles, colliers, sautoirs, malas, cha\u00eenes de cheville, bagues...\u2764\",\"publisher\":{\"@id\":\"https:\/\/lescreationsde.celineinmyworldmedium.com\/#organization\"},\"potentialAction\":[{\"@type\":\"SearchAction\",\"target\":{\"@type\":\"EntryPoint\",\"urlTemplate\":\"https:\/\/lescreationsde.celineinmyworldmedium.com\/?s={search_term_string}\"},\"query-input\":{\"@type\":\"PropertyValueSpecification\",\"valueRequired\":true,\"valueName\":\"search_term_string\"}}],\"inLanguage\":\"fr-FR\"},{\"@type\":\"Organization\",\"@id\":\"https:\/\/lescreationsde.celineinmyworldmedium.com\/#organization\",\"name\":\"Les cr\u00e9ations de C\u00e9line Inmyworld\",\"url\":\"https:\/\/lescreationsde.celineinmyworldmedium.com\/\",\"logo\":{\"@type\":\"ImageObject\",\"inLanguage\":\"fr-FR\",\"@id\":\"https:\/\/lescreationsde.celineinmyworldmedium.com\/#\/schema\/logo\/image\/\",\"url\":\"https:\/\/lescreationsde.celineinmyworldmedium.com\/wp-content\/uploads\/2021\/03\/logo_creations3.png\",\"contentUrl\":\"https:\/\/lescreationsde.celineinmyworldmedium.com\/wp-content\/uploads\/2021\/03\/logo_creations3.png\",\"width\":613,\"height\":190,\"caption\":\"Les cr\u00e9ations de C\u00e9line Inmyworld\"},\"image\":{\"@id\":\"https:\/\/lescreationsde.celineinmyworldmedium.com\/#\/schema\/logo\/image\/\"}}]}<\/script>\n<!-- \/ Yoast SEO plugin. -->","yoast_head_json":{"title":"Bracelet pour l'ancrage et \"tenir bon\", en Oeil-de-taureau...","description":"Stimule la digestion, le syst\u00e8me immunitaire et le nettoyage du tissu conjonctif, att\u00e9nue donc les allergies et le rhume des foins.","robots":{"index":"index","follow":"follow","max-snippet":"max-snippet:-1","max-image-preview":"max-image-preview:large","max-video-preview":"max-video-preview:-1"},"canonical":"https:\/\/lescreationsde.celineinmyworldmedium.com\/index.php\/produit\/bracelet-pour-lancrage-et-tenir-bon-en-oeil-de-taureau-jaspe-kalahari-pierre-kabamba-et-turquoise-africaine\/","og_locale":"fr_FR","og_type":"article","og_title":"Bracelet pour l'ancrage et \"tenir bon\", en Oeil-de-taureau...","og_description":"Stimule la digestion, le syst\u00e8me immunitaire et le nettoyage du tissu conjonctif, att\u00e9nue donc les allergies et le rhume des foins.","og_url":"https:\/\/lescreationsde.celineinmyworldmedium.com\/index.php\/produit\/bracelet-pour-lancrage-et-tenir-bon-en-oeil-de-taureau-jaspe-kalahari-pierre-kabamba-et-turquoise-africaine\/","og_site_name":"Les cr\u00e9ations de C\u00e9line Inmyworld","article_modified_time":"2024-10-23T15:16:40+00:00","og_image":[{"width":960,"height":960,"url":"https:\/\/lescreationsde.celineinmyworldmedium.com\/wp-content\/uploads\/2023\/10\/Bracelet_pour_l-ancrage_et_tenir_bon_en_Oeil-de-taureau_Jaspe_Kalahari_Pierre-Kabamba_et_Turquoise_africaine.jpg","type":"image\/jpeg"}],"twitter_card":"summary_large_image","twitter_misc":{"Dur\u00e9e de lecture estim\u00e9e":"3 minutes"},"schema":{"@context":"https:\/\/schema.org","@graph":[{"@type":"WebPage","@id":"https:\/\/lescreationsde.celineinmyworldmedium.com\/index.php\/produit\/bracelet-pour-lancrage-et-tenir-bon-en-oeil-de-taureau-jaspe-kalahari-pierre-kabamba-et-turquoise-africaine\/","url":"https:\/\/lescreationsde.celineinmyworldmedium.com\/index.php\/produit\/bracelet-pour-lancrage-et-tenir-bon-en-oeil-de-taureau-jaspe-kalahari-pierre-kabamba-et-turquoise-africaine\/","name":"Bracelet pour l'ancrage et \"tenir bon\", en Oeil-de-taureau...","isPartOf":{"@id":"https:\/\/lescreationsde.celineinmyworldmedium.com\/#website"},"primaryImageOfPage":{"@id":"https:\/\/lescreationsde.celineinmyworldmedium.com\/index.php\/produit\/bracelet-pour-lancrage-et-tenir-bon-en-oeil-de-taureau-jaspe-kalahari-pierre-kabamba-et-turquoise-africaine\/#primaryimage"},"image":{"@id":"https:\/\/lescreationsde.celineinmyworldmedium.com\/index.php\/produit\/bracelet-pour-lancrage-et-tenir-bon-en-oeil-de-taureau-jaspe-kalahari-pierre-kabamba-et-turquoise-africaine\/#primaryimage"},"thumbnailUrl":"https:\/\/lescreationsde.celineinmyworldmedium.com\/wp-content\/uploads\/2023\/10\/Bracelet_pour_l-ancrage_et_tenir_bon_en_Oeil-de-taureau_Jaspe_Kalahari_Pierre-Kabamba_et_Turquoise_africaine.jpg","datePublished":"2023-10-15T17:59:10+00:00","dateModified":"2024-10-23T15:16:40+00:00","description":"Stimule la digestion, le syst\u00e8me immunitaire et le nettoyage du tissu conjonctif, att\u00e9nue donc les allergies et le rhume des foins.","breadcrumb":{"@id":"https:\/\/lescreationsde.celineinmyworldmedium.com\/index.php\/produit\/bracelet-pour-lancrage-et-tenir-bon-en-oeil-de-taureau-jaspe-kalahari-pierre-kabamba-et-turquoise-africaine\/#breadcrumb"},"inLanguage":"fr-FR","potentialAction":[{"@type":"ReadAction","target":["https:\/\/lescreationsde.celineinmyworldmedium.com\/index.php\/produit\/bracelet-pour-lancrage-et-tenir-bon-en-oeil-de-taureau-jaspe-kalahari-pierre-kabamba-et-turquoise-africaine\/"]}]},{"@type":"ImageObject","inLanguage":"fr-FR","@id":"https:\/\/lescreationsde.celineinmyworldmedium.com\/index.php\/produit\/bracelet-pour-lancrage-et-tenir-bon-en-oeil-de-taureau-jaspe-kalahari-pierre-kabamba-et-turquoise-africaine\/#primaryimage","url":"https:\/\/lescreationsde.celineinmyworldmedium.com\/wp-content\/uploads\/2023\/10\/Bracelet_pour_l-ancrage_et_tenir_bon_en_Oeil-de-taureau_Jaspe_Kalahari_Pierre-Kabamba_et_Turquoise_africaine.jpg","contentUrl":"https:\/\/lescreationsde.celineinmyworldmedium.com\/wp-content\/uploads\/2023\/10\/Bracelet_pour_l-ancrage_et_tenir_bon_en_Oeil-de-taureau_Jaspe_Kalahari_Pierre-Kabamba_et_Turquoise_africaine.jpg","width":960,"height":960,"caption":"Bracelet pour l'ancrage et \"tenir bon\", en Oeil-de-taureau, Jaspe Kalahari, Pierre Kabamba et Turquoise africaine"},{"@type":"BreadcrumbList","@id":"https:\/\/lescreationsde.celineinmyworldmedium.com\/index.php\/produit\/bracelet-pour-lancrage-et-tenir-bon-en-oeil-de-taureau-jaspe-kalahari-pierre-kabamba-et-turquoise-africaine\/#breadcrumb","itemListElement":[{"@type":"ListItem","position":1,"name":"Accueil","item":"https:\/\/lescreationsde.celineinmyworldmedium.com\/"},{"@type":"ListItem","position":2,"name":"Produits","item":"https:\/\/lescreationsde.celineinmyworldmedium.com\/index.php\/boutique\/"},{"@type":"ListItem","position":3,"name":"Bracelet pour l&#8217;ancrage et &#8220;tenir bon&#8221;, en Oeil-de-taureau, Jaspe Kalahari, Pierre Kabamba et Turquoise africaine"}]},{"@type":"WebSite","@id":"https:\/\/lescreationsde.celineinmyworldmedium.com\/#website","url":"https:\/\/lescreationsde.celineinmyworldmedium.com\/","name":"Les cr\u00e9ations de C\u00e9line Inmyworld","description":"Cr\u00e9ation de bijoux personnalis\u00e9s, sur-mesure, en pierres semi-pr\u00e9cieuses de qualit\u00e9. Bracelets, boucles d&#039;oreilles, colliers, sautoirs, malas, cha\u00eenes de cheville, bagues...\u2764","publisher":{"@id":"https:\/\/lescreationsde.celineinmyworldmedium.com\/#organization"},"potentialAction":[{"@type":"SearchAction","target":{"@type":"EntryPoint","urlTemplate":"https:\/\/lescreationsde.celineinmyworldmedium.com\/?s={search_term_string}"},"query-input":{"@type":"PropertyValueSpecification","valueRequired":true,"valueName":"search_term_string"}}],"inLanguage":"fr-FR"},{"@type":"Organization","@id":"https:\/\/lescreationsde.celineinmyworldmedium.com\/#organization","name":"Les cr\u00e9ations de C\u00e9line Inmyworld","url":"https:\/\/lescreationsde.celineinmyworldmedium.com\/","logo":{"@type":"ImageObject","inLanguage":"fr-FR","@id":"https:\/\/lescreationsde.celineinmyworldmedium.com\/#\/schema\/logo\/image\/","url":"https:\/\/lescreationsde.celineinmyworldmedium.com\/wp-content\/uploads\/2021\/03\/logo_creations3.png","contentUrl":"https:\/\/lescreationsde.celineinmyworldmedium.com\/wp-content\/uploads\/2021\/03\/logo_creations3.png","width":613,"height":190,"caption":"Les cr\u00e9ations de C\u00e9line Inmyworld"},"image":{"@id":"https:\/\/lescreationsde.celineinmyworldmedium.com\/#\/schema\/logo\/image\/"}}]}},"jetpack_sharing_enabled":true,"_links":{"self":[{"href":"https:\/\/lescreationsde.celineinmyworldmedium.com\/index.php\/wp-json\/wp\/v2\/product\/7410","targetHints":{"allow":["GET"]}}],"collection":[{"href":"https:\/\/lescreationsde.celineinmyworldmedium.com\/index.php\/wp-json\/wp\/v2\/product"}],"about":[{"href":"https:\/\/lescreationsde.celineinmyworldmedium.com\/index.php\/wp-json\/wp\/v2\/types\/product"}],"replies":[{"embeddable":true,"href":"https:\/\/lescreationsde.celineinmyworldmedium.com\/index.php\/wp-json\/wp\/v2\/comments?post=7410"}],"wp:featuredmedia":[{"embeddable":true,"href":"https:\/\/lescreationsde.celineinmyworldmedium.com\/index.php\/wp-json\/wp\/v2\/media\/7413"}],"wp:attachment":[{"href":"https:\/\/lescreationsde.celineinmyworldmedium.com\/index.php\/wp-json\/wp\/v2\/media?parent=7410"}],"wp:term":[{"taxonomy":"product_brand","embeddable":true,"href":"https:\/\/lescreationsde.celineinmyworldmedium.com\/index.php\/wp-json\/wp\/v2\/product_brand?post=7410"},{"taxonomy":"product_cat","embeddable":true,"href":"https:\/\/lescreationsde.celineinmyworldmedium.com\/index.php\/wp-json\/wp\/v2\/product_cat?post=7410"},{"taxonomy":"product_tag","embeddable":true,"href":"https:\/\/lescreationsde.celineinmyworldmedium.com\/index.php\/wp-json\/wp\/v2\/product_tag?post=7410"}],"curies":[{"name":"wp","href":"https:\/\/api.w.org\/{rel}","templated":true}]}}