{"id":7345,"date":"2023-10-02T19:31:18","date_gmt":"2023-10-02T17:31:18","guid":{"rendered":"https:\/\/lescreationsde.celineinmyworldmedium.com\/?post_type=product&#038;p=7345"},"modified":"2024-10-23T17:17:32","modified_gmt":"2024-10-23T15:17:32","slug":"bracelet-pour-le-chakra-du-coeur-et-la-protection-en-azurite-malachite-agate-mousse-et-obsidienne-argentee-avec-arbre-de-vie-en-hematite","status":"publish","type":"product","link":"https:\/\/lescreationsde.celineinmyworldmedium.com\/index.php\/produit\/bracelet-pour-le-chakra-du-coeur-et-la-protection-en-azurite-malachite-agate-mousse-et-obsidienne-argentee-avec-arbre-de-vie-en-hematite\/","title":{"rendered":"Bracelet pour le chakra du coeur et la protection, en Azurite-Malachite, Agate Mousse et Obsidienne argent\u00e9e, avec Arbre de vie en H\u00e9matite"},"content":{"rendered":"<h4><strong>1 &#8211; <\/strong><strong>Les vertus de l\u2019azurite-malachite :<\/strong><\/h4>\n<p>Domaine <strong>spirituel<\/strong>, celui de l\u2019\u00eatre humain avec ses intentions, ses buts ou ses pr\u00e9occupations existentielles :<\/p>\n<p><strong>Harmonie, int\u00e9r\u00eat.<\/strong><\/p>\n<p>Domaine de <strong>l\u2019\u00e2me<\/strong> ou du subconscient, ainsi que les notions de temp\u00e9rament, de sentiments, de sensations, de r\u00eaves, de v\u00e9cu sur le plan animique, d\u2019habitudes et de r\u00e9actions inconscientes :<\/p>\n<p><strong>Ouvre sur les autres, rend serviable et \u00e9quilibre les \u00e9tats de d\u00e9chirements int\u00e9rieurs.<\/strong><\/p>\n<p>Domaine <strong>mental<\/strong> avec les id\u00e9es, la raison, les convictions, les consid\u00e9rations, ainsi que le mode de pens\u00e9e et d\u2019action consciente :<\/p>\n<p><strong>Harmonise raison et sentiments, aide \u00e0 r\u00e9soudre les conflits.<\/strong><\/p>\n<p>Domaine <strong>physique<\/strong> ou corporel, l\u2019ensemble de l\u2019organisme avec les sens, les organes et les fonctions :<\/p>\n<p><strong>R\u00e9gule la croissance disharmonieuse des cellules, combat les crampes, fortifie le foie et d\u00e9toxique.<\/strong><\/p>\n<h4><strong>2 &#8211; Les vertus de l\u2019agate mousse :<br \/>\n<\/strong><\/h4>\n<p>Domaine spirituel, celui de l\u2019\u00eatre humain avec ses intentions, ses buts ou ses pr\u00e9occupations existentielles :<\/p>\n<p><strong>Lib\u00e9ration.<\/strong><\/p>\n<p>Domaine de l\u2019\u00e2me ou du subconscient, ainsi que les notions de temp\u00e9rament, de sentiments, de sensations, de r\u00eaves, de v\u00e9cu sur le plan animique, d\u2019habitudes et de r\u00e9actions inconscientes :<\/p>\n<p><strong>\u00c9limine la pression et d\u00e9charge de certains poids.<\/strong><\/p>\n<p>Domaine mental avec les id\u00e9es, la raison, les convictions, les consid\u00e9rations, ainsi que le mode de pens\u00e9e et d\u2019action consciente :<\/p>\n<p><strong>Rend conscient, favorise la communication et la vivacit\u00e9 d\u2019esprit.<\/strong><\/p>\n<p>Domaine physique ou corporel, l\u2019ensemble de l\u2019organisme avec les sens, les organes et les fonctions :<\/p>\n<p><strong>Nettoie les tissus, la lymphe et les voies respiratoires, aide en cas de toux, de refroidissement et d\u2019infections tenaces, fait baisser la fi\u00e8vre.<\/strong><\/p>\n<h4>3 &#8211;\u00a0 Les vertus de l\u2019obsidienne argent\u00e9e :<\/h4>\n<p>Domaine <strong>spirituel<\/strong>, celui de l\u2019\u00eatre humain avec ses intentions, ses buts ou ses pr\u00e9occupations existentielles :<\/p>\n<p><strong>Conscience.<\/strong><\/p>\n<p>Domaine de <strong>l\u2019\u00e2me<\/strong> ou du subconscient, ainsi que les notions de temp\u00e9rament, de sentiments, de sensations, de r\u00eaves, de v\u00e9cu sur le plan animique, d\u2019habitudes et de r\u00e9actions inconscientes :<\/p>\n<p><strong>Met en lumi\u00e8re des \u00e9tats de consciences refoul\u00e9s, aide \u00e0 se d\u00e9fendre d\u2019attaques spirituelles.<\/strong><\/p>\n<p>Domaine <strong>mental<\/strong> avec les id\u00e9es, la raison, les convictions, les consid\u00e9rations, ainsi que le mode de pens\u00e9e et d\u2019action consciente :<\/p>\n<p><strong>Am\u00e9liore la perception, aiguise les sens et l\u2019esprit.<\/strong><\/p>\n<p>Domaine <strong>physique<\/strong> ou corporel, l\u2019ensemble de l\u2019organisme avec les sens, les organes et les fonctions :<\/p>\n<p><strong>\u00c9limine les chocs au niveau cellulaire et met en mouvement des processus de gu\u00e9rison bloqu\u00e9s.<\/strong><\/p>\n<p><em><strong>L\u2019arbre de vie : <\/strong><br \/>\nsymbole d\u2019amour et de protection.<br \/>\nPr\u00e9sent dans les traditions religieuses, il incarne une plante d\u2019immortalit\u00e9 plac\u00e9e au milieu du Paradis : l\u2019arbre perd son feuillage l\u2019hiver et le retrouve au printemps. L\u2019arbre de vie est donc le symbole du cycle mort-r\u00e9surrection o\u00f9 la vie et l\u2019immortalit\u00e9 l\u2019emportent toujours sur la mort.<br \/>\nAvec ses racines fermement plant\u00e9es sous terre et ses branches dirig\u00e9es vers le ciel, il symbolise le lien entre le monde terrestre et l\u2019au del\u00e0. Faisant r\u00e9f\u00e9rence \u00e0 un sentiment d\u2019ancrage, il \u00e9voque la force de la vie et ses origines.<\/em><\/p>\n","protected":false},"excerpt":{"rendered":"<table>\n<tbody>\n<tr>\n<td style=\"texte-align: left; color: gray; border: none;\"><strong>Hors frais d&rsquo;exp\u00e9dition<\/strong><\/td>\n<\/tr>\n<tr>\n<td style=\"texte-align: left; color: gray; border: none;\"><strong>Bijoux confectionn\u00e9s sur-mesure, sur commande<br \/>Les couleurs et motifs des pierres varient d&rsquo;un bijou \u00e0 un autre<br \/>D\u00e9lai de confection environ 30 jours<\/strong><\/td>\n<\/tr>\n<tr>\n<td style=\"texte-align: left; color: blue; border: none;\"><a style=\"color: #a15fe2;\" href=\"https:\/\/lescreationsde.celineinmyworldmedium.com\/index.php\/mesurer-son-tour-de-poignet-pour-bracelets\/\" target=\"_blank\" rel=\"noopener\"><strong>Comment mesurer son tour de poignet<\/strong><\/a><\/td>\n<\/tr>\n<\/tbody>\n<\/table>\n","protected":false},"featured_media":7348,"comment_status":"open","ping_status":"closed","template":"","meta":[],"product_brand":[],"product_cat":[31,459,1629,469],"product_tag":[153,152,84,106,1220,42,44,38,47,43,41,40,39,23,25,632,36,34,624,1711,26,37,35,16,24,45,17,33,32,354,27,22,28,149],"class_list":{"0":"post-7345","1":"product","2":"type-product","3":"status-publish","4":"has-post-thumbnail","6":"product_cat-bracelets","7":"product_cat-agate-pierres-boutique","8":"product_cat-azurite-malachite-pierres","9":"product_cat-obsidienne-pierres","10":"product_tag-agate-mousse","11":"product_tag-amour","12":"product_tag-arbre-de-vie","13":"product_tag-argent","14":"product_tag-azurite-malachite","15":"product_tag-bijou","16":"product_tag-bijou-energetique","17":"product_tag-bijoux","18":"product_tag-bijoux-anti-allergies","19":"product_tag-bijoux-energetiques","20":"product_tag-bijoux-fait-main","21":"product_tag-bijoux-personnalises","22":"product_tag-bijoux-sur-mesure","23":"product_tag-boucles-doreilles","24":"product_tag-bracelet","25":"product_tag-bracelet-anti-stress","26":"product_tag-bracelet-femme","27":"product_tag-bracelet-homme","28":"product_tag-bracelet-pour-limmunite","29":"product_tag-bracelet-pour-le-chakra-du-coeur-et-la-protection","30":"product_tag-bracelets","31":"product_tag-bracelets-femme","32":"product_tag-bracelets-homme","33":"product_tag-collier","34":"product_tag-collier-femme","35":"product_tag-collier-personnalise","36":"product_tag-colliers","37":"product_tag-energetique","38":"product_tag-lithotherapie","39":"product_tag-obsidienne-argentee","40":"product_tag-pierre","41":"product_tag-pierre-semi-precieuse","42":"product_tag-pierres-naturelles","43":"product_tag-protection","45":"first","46":"instock","47":"shipping-taxable","48":"purchasable","49":"product-type-variable"},"yoast_head":"<!-- This site is optimized with the Yoast SEO plugin v27.2 - https:\/\/yoast.com\/product\/yoast-seo-wordpress\/ -->\n<title>Bracelet pour le chakra du coeur et la protection, en Azurite...<\/title>\n<meta name=\"description\" content=\"Nettoie les tissus, la lymphe et les voies respiratoires, aide en cas de toux, de refroidissement et d\u2019infections tenaces, fait baisser la fi\u00e8vre.\" \/>\n<meta name=\"robots\" content=\"index, follow, max-snippet:-1, max-image-preview:large, max-video-preview:-1\" \/>\n<link rel=\"canonical\" href=\"https:\/\/lescreationsde.celineinmyworldmedium.com\/index.php\/produit\/bracelet-pour-le-chakra-du-coeur-et-la-protection-en-azurite-malachite-agate-mousse-et-obsidienne-argentee-avec-arbre-de-vie-en-hematite\/\" \/>\n<meta property=\"og:locale\" content=\"fr_FR\" \/>\n<meta property=\"og:type\" content=\"article\" \/>\n<meta property=\"og:title\" content=\"Bracelet pour le chakra du coeur et la protection, en Azurite...\" \/>\n<meta property=\"og:description\" content=\"Nettoie les tissus, la lymphe et les voies respiratoires, aide en cas de toux, de refroidissement et d\u2019infections tenaces, fait baisser la fi\u00e8vre.\" \/>\n<meta property=\"og:url\" content=\"https:\/\/lescreationsde.celineinmyworldmedium.com\/index.php\/produit\/bracelet-pour-le-chakra-du-coeur-et-la-protection-en-azurite-malachite-agate-mousse-et-obsidienne-argentee-avec-arbre-de-vie-en-hematite\/\" \/>\n<meta property=\"og:site_name\" content=\"Les cr\u00e9ations de C\u00e9line Inmyworld\" \/>\n<meta property=\"article:modified_time\" content=\"2024-10-23T15:17:32+00:00\" \/>\n<meta property=\"og:image\" content=\"https:\/\/lescreationsde.celineinmyworldmedium.com\/wp-content\/uploads\/2023\/10\/Bracelet_pour_le_chakra_du_coeur_et_la_protection_en_Azurite-Malachite_Agate_Mousse_et_Obsidienne_argentee_avec_Arbre_de_vie_en_Hematite.jpg\" \/>\n\t<meta property=\"og:image:width\" content=\"960\" \/>\n\t<meta property=\"og:image:height\" content=\"960\" \/>\n\t<meta property=\"og:image:type\" content=\"image\/jpeg\" \/>\n<meta name=\"twitter:card\" content=\"summary_large_image\" \/>\n<meta name=\"twitter:label1\" content=\"Dur\u00e9e de lecture estim\u00e9e\" \/>\n\t<meta name=\"twitter:data1\" content=\"3 minutes\" \/>\n<script type=\"application\/ld+json\" class=\"yoast-schema-graph\">{\"@context\":\"https:\/\/schema.org\",\"@graph\":[{\"@type\":\"WebPage\",\"@id\":\"https:\/\/lescreationsde.celineinmyworldmedium.com\/index.php\/produit\/bracelet-pour-le-chakra-du-coeur-et-la-protection-en-azurite-malachite-agate-mousse-et-obsidienne-argentee-avec-arbre-de-vie-en-hematite\/\",\"url\":\"https:\/\/lescreationsde.celineinmyworldmedium.com\/index.php\/produit\/bracelet-pour-le-chakra-du-coeur-et-la-protection-en-azurite-malachite-agate-mousse-et-obsidienne-argentee-avec-arbre-de-vie-en-hematite\/\",\"name\":\"Bracelet pour le chakra du coeur et la protection, en Azurite...\",\"isPartOf\":{\"@id\":\"https:\/\/lescreationsde.celineinmyworldmedium.com\/#website\"},\"primaryImageOfPage\":{\"@id\":\"https:\/\/lescreationsde.celineinmyworldmedium.com\/index.php\/produit\/bracelet-pour-le-chakra-du-coeur-et-la-protection-en-azurite-malachite-agate-mousse-et-obsidienne-argentee-avec-arbre-de-vie-en-hematite\/#primaryimage\"},\"image\":{\"@id\":\"https:\/\/lescreationsde.celineinmyworldmedium.com\/index.php\/produit\/bracelet-pour-le-chakra-du-coeur-et-la-protection-en-azurite-malachite-agate-mousse-et-obsidienne-argentee-avec-arbre-de-vie-en-hematite\/#primaryimage\"},\"thumbnailUrl\":\"https:\/\/lescreationsde.celineinmyworldmedium.com\/wp-content\/uploads\/2023\/10\/Bracelet_pour_le_chakra_du_coeur_et_la_protection_en_Azurite-Malachite_Agate_Mousse_et_Obsidienne_argentee_avec_Arbre_de_vie_en_Hematite.jpg\",\"datePublished\":\"2023-10-02T17:31:18+00:00\",\"dateModified\":\"2024-10-23T15:17:32+00:00\",\"description\":\"Nettoie les tissus, la lymphe et les voies respiratoires, aide en cas de toux, de refroidissement et d\u2019infections tenaces, fait baisser la fi\u00e8vre.\",\"breadcrumb\":{\"@id\":\"https:\/\/lescreationsde.celineinmyworldmedium.com\/index.php\/produit\/bracelet-pour-le-chakra-du-coeur-et-la-protection-en-azurite-malachite-agate-mousse-et-obsidienne-argentee-avec-arbre-de-vie-en-hematite\/#breadcrumb\"},\"inLanguage\":\"fr-FR\",\"potentialAction\":[{\"@type\":\"ReadAction\",\"target\":[\"https:\/\/lescreationsde.celineinmyworldmedium.com\/index.php\/produit\/bracelet-pour-le-chakra-du-coeur-et-la-protection-en-azurite-malachite-agate-mousse-et-obsidienne-argentee-avec-arbre-de-vie-en-hematite\/\"]}]},{\"@type\":\"ImageObject\",\"inLanguage\":\"fr-FR\",\"@id\":\"https:\/\/lescreationsde.celineinmyworldmedium.com\/index.php\/produit\/bracelet-pour-le-chakra-du-coeur-et-la-protection-en-azurite-malachite-agate-mousse-et-obsidienne-argentee-avec-arbre-de-vie-en-hematite\/#primaryimage\",\"url\":\"https:\/\/lescreationsde.celineinmyworldmedium.com\/wp-content\/uploads\/2023\/10\/Bracelet_pour_le_chakra_du_coeur_et_la_protection_en_Azurite-Malachite_Agate_Mousse_et_Obsidienne_argentee_avec_Arbre_de_vie_en_Hematite.jpg\",\"contentUrl\":\"https:\/\/lescreationsde.celineinmyworldmedium.com\/wp-content\/uploads\/2023\/10\/Bracelet_pour_le_chakra_du_coeur_et_la_protection_en_Azurite-Malachite_Agate_Mousse_et_Obsidienne_argentee_avec_Arbre_de_vie_en_Hematite.jpg\",\"width\":960,\"height\":960,\"caption\":\"Bracelet pour le chakra du coeur et la protection, en Azurite-Malachite, Agate Mousse et Obsidienne argent\u00e9e, avec Arbre de vie en H\u00e9matite\"},{\"@type\":\"BreadcrumbList\",\"@id\":\"https:\/\/lescreationsde.celineinmyworldmedium.com\/index.php\/produit\/bracelet-pour-le-chakra-du-coeur-et-la-protection-en-azurite-malachite-agate-mousse-et-obsidienne-argentee-avec-arbre-de-vie-en-hematite\/#breadcrumb\",\"itemListElement\":[{\"@type\":\"ListItem\",\"position\":1,\"name\":\"Accueil\",\"item\":\"https:\/\/lescreationsde.celineinmyworldmedium.com\/\"},{\"@type\":\"ListItem\",\"position\":2,\"name\":\"Produits\",\"item\":\"https:\/\/lescreationsde.celineinmyworldmedium.com\/index.php\/boutique\/\"},{\"@type\":\"ListItem\",\"position\":3,\"name\":\"Bracelet pour le chakra du coeur et la protection, en Azurite-Malachite, Agate Mousse et Obsidienne argent\u00e9e, avec Arbre de vie en H\u00e9matite\"}]},{\"@type\":\"WebSite\",\"@id\":\"https:\/\/lescreationsde.celineinmyworldmedium.com\/#website\",\"url\":\"https:\/\/lescreationsde.celineinmyworldmedium.com\/\",\"name\":\"Les cr\u00e9ations de C\u00e9line Inmyworld\",\"description\":\"Cr\u00e9ation de bijoux personnalis\u00e9s, sur-mesure, en pierres semi-pr\u00e9cieuses de qualit\u00e9. Bracelets, boucles d&#039;oreilles, colliers, sautoirs, malas, cha\u00eenes de cheville, bagues...\u2764\",\"publisher\":{\"@id\":\"https:\/\/lescreationsde.celineinmyworldmedium.com\/#organization\"},\"potentialAction\":[{\"@type\":\"SearchAction\",\"target\":{\"@type\":\"EntryPoint\",\"urlTemplate\":\"https:\/\/lescreationsde.celineinmyworldmedium.com\/?s={search_term_string}\"},\"query-input\":{\"@type\":\"PropertyValueSpecification\",\"valueRequired\":true,\"valueName\":\"search_term_string\"}}],\"inLanguage\":\"fr-FR\"},{\"@type\":\"Organization\",\"@id\":\"https:\/\/lescreationsde.celineinmyworldmedium.com\/#organization\",\"name\":\"Les cr\u00e9ations de C\u00e9line Inmyworld\",\"url\":\"https:\/\/lescreationsde.celineinmyworldmedium.com\/\",\"logo\":{\"@type\":\"ImageObject\",\"inLanguage\":\"fr-FR\",\"@id\":\"https:\/\/lescreationsde.celineinmyworldmedium.com\/#\/schema\/logo\/image\/\",\"url\":\"https:\/\/lescreationsde.celineinmyworldmedium.com\/wp-content\/uploads\/2021\/03\/logo_creations3.png\",\"contentUrl\":\"https:\/\/lescreationsde.celineinmyworldmedium.com\/wp-content\/uploads\/2021\/03\/logo_creations3.png\",\"width\":613,\"height\":190,\"caption\":\"Les cr\u00e9ations de C\u00e9line Inmyworld\"},\"image\":{\"@id\":\"https:\/\/lescreationsde.celineinmyworldmedium.com\/#\/schema\/logo\/image\/\"}}]}<\/script>\n<!-- \/ Yoast SEO plugin. -->","yoast_head_json":{"title":"Bracelet pour le chakra du coeur et la protection, en Azurite...","description":"Nettoie les tissus, la lymphe et les voies respiratoires, aide en cas de toux, de refroidissement et d\u2019infections tenaces, fait baisser la fi\u00e8vre.","robots":{"index":"index","follow":"follow","max-snippet":"max-snippet:-1","max-image-preview":"max-image-preview:large","max-video-preview":"max-video-preview:-1"},"canonical":"https:\/\/lescreationsde.celineinmyworldmedium.com\/index.php\/produit\/bracelet-pour-le-chakra-du-coeur-et-la-protection-en-azurite-malachite-agate-mousse-et-obsidienne-argentee-avec-arbre-de-vie-en-hematite\/","og_locale":"fr_FR","og_type":"article","og_title":"Bracelet pour le chakra du coeur et la protection, en Azurite...","og_description":"Nettoie les tissus, la lymphe et les voies respiratoires, aide en cas de toux, de refroidissement et d\u2019infections tenaces, fait baisser la fi\u00e8vre.","og_url":"https:\/\/lescreationsde.celineinmyworldmedium.com\/index.php\/produit\/bracelet-pour-le-chakra-du-coeur-et-la-protection-en-azurite-malachite-agate-mousse-et-obsidienne-argentee-avec-arbre-de-vie-en-hematite\/","og_site_name":"Les cr\u00e9ations de C\u00e9line Inmyworld","article_modified_time":"2024-10-23T15:17:32+00:00","og_image":[{"width":960,"height":960,"url":"https:\/\/lescreationsde.celineinmyworldmedium.com\/wp-content\/uploads\/2023\/10\/Bracelet_pour_le_chakra_du_coeur_et_la_protection_en_Azurite-Malachite_Agate_Mousse_et_Obsidienne_argentee_avec_Arbre_de_vie_en_Hematite.jpg","type":"image\/jpeg"}],"twitter_card":"summary_large_image","twitter_misc":{"Dur\u00e9e de lecture estim\u00e9e":"3 minutes"},"schema":{"@context":"https:\/\/schema.org","@graph":[{"@type":"WebPage","@id":"https:\/\/lescreationsde.celineinmyworldmedium.com\/index.php\/produit\/bracelet-pour-le-chakra-du-coeur-et-la-protection-en-azurite-malachite-agate-mousse-et-obsidienne-argentee-avec-arbre-de-vie-en-hematite\/","url":"https:\/\/lescreationsde.celineinmyworldmedium.com\/index.php\/produit\/bracelet-pour-le-chakra-du-coeur-et-la-protection-en-azurite-malachite-agate-mousse-et-obsidienne-argentee-avec-arbre-de-vie-en-hematite\/","name":"Bracelet pour le chakra du coeur et la protection, en Azurite...","isPartOf":{"@id":"https:\/\/lescreationsde.celineinmyworldmedium.com\/#website"},"primaryImageOfPage":{"@id":"https:\/\/lescreationsde.celineinmyworldmedium.com\/index.php\/produit\/bracelet-pour-le-chakra-du-coeur-et-la-protection-en-azurite-malachite-agate-mousse-et-obsidienne-argentee-avec-arbre-de-vie-en-hematite\/#primaryimage"},"image":{"@id":"https:\/\/lescreationsde.celineinmyworldmedium.com\/index.php\/produit\/bracelet-pour-le-chakra-du-coeur-et-la-protection-en-azurite-malachite-agate-mousse-et-obsidienne-argentee-avec-arbre-de-vie-en-hematite\/#primaryimage"},"thumbnailUrl":"https:\/\/lescreationsde.celineinmyworldmedium.com\/wp-content\/uploads\/2023\/10\/Bracelet_pour_le_chakra_du_coeur_et_la_protection_en_Azurite-Malachite_Agate_Mousse_et_Obsidienne_argentee_avec_Arbre_de_vie_en_Hematite.jpg","datePublished":"2023-10-02T17:31:18+00:00","dateModified":"2024-10-23T15:17:32+00:00","description":"Nettoie les tissus, la lymphe et les voies respiratoires, aide en cas de toux, de refroidissement et d\u2019infections tenaces, fait baisser la fi\u00e8vre.","breadcrumb":{"@id":"https:\/\/lescreationsde.celineinmyworldmedium.com\/index.php\/produit\/bracelet-pour-le-chakra-du-coeur-et-la-protection-en-azurite-malachite-agate-mousse-et-obsidienne-argentee-avec-arbre-de-vie-en-hematite\/#breadcrumb"},"inLanguage":"fr-FR","potentialAction":[{"@type":"ReadAction","target":["https:\/\/lescreationsde.celineinmyworldmedium.com\/index.php\/produit\/bracelet-pour-le-chakra-du-coeur-et-la-protection-en-azurite-malachite-agate-mousse-et-obsidienne-argentee-avec-arbre-de-vie-en-hematite\/"]}]},{"@type":"ImageObject","inLanguage":"fr-FR","@id":"https:\/\/lescreationsde.celineinmyworldmedium.com\/index.php\/produit\/bracelet-pour-le-chakra-du-coeur-et-la-protection-en-azurite-malachite-agate-mousse-et-obsidienne-argentee-avec-arbre-de-vie-en-hematite\/#primaryimage","url":"https:\/\/lescreationsde.celineinmyworldmedium.com\/wp-content\/uploads\/2023\/10\/Bracelet_pour_le_chakra_du_coeur_et_la_protection_en_Azurite-Malachite_Agate_Mousse_et_Obsidienne_argentee_avec_Arbre_de_vie_en_Hematite.jpg","contentUrl":"https:\/\/lescreationsde.celineinmyworldmedium.com\/wp-content\/uploads\/2023\/10\/Bracelet_pour_le_chakra_du_coeur_et_la_protection_en_Azurite-Malachite_Agate_Mousse_et_Obsidienne_argentee_avec_Arbre_de_vie_en_Hematite.jpg","width":960,"height":960,"caption":"Bracelet pour le chakra du coeur et la protection, en Azurite-Malachite, Agate Mousse et Obsidienne argent\u00e9e, avec Arbre de vie en H\u00e9matite"},{"@type":"BreadcrumbList","@id":"https:\/\/lescreationsde.celineinmyworldmedium.com\/index.php\/produit\/bracelet-pour-le-chakra-du-coeur-et-la-protection-en-azurite-malachite-agate-mousse-et-obsidienne-argentee-avec-arbre-de-vie-en-hematite\/#breadcrumb","itemListElement":[{"@type":"ListItem","position":1,"name":"Accueil","item":"https:\/\/lescreationsde.celineinmyworldmedium.com\/"},{"@type":"ListItem","position":2,"name":"Produits","item":"https:\/\/lescreationsde.celineinmyworldmedium.com\/index.php\/boutique\/"},{"@type":"ListItem","position":3,"name":"Bracelet pour le chakra du coeur et la protection, en Azurite-Malachite, Agate Mousse et Obsidienne argent\u00e9e, avec Arbre de vie en H\u00e9matite"}]},{"@type":"WebSite","@id":"https:\/\/lescreationsde.celineinmyworldmedium.com\/#website","url":"https:\/\/lescreationsde.celineinmyworldmedium.com\/","name":"Les cr\u00e9ations de C\u00e9line Inmyworld","description":"Cr\u00e9ation de bijoux personnalis\u00e9s, sur-mesure, en pierres semi-pr\u00e9cieuses de qualit\u00e9. Bracelets, boucles d&#039;oreilles, colliers, sautoirs, malas, cha\u00eenes de cheville, bagues...\u2764","publisher":{"@id":"https:\/\/lescreationsde.celineinmyworldmedium.com\/#organization"},"potentialAction":[{"@type":"SearchAction","target":{"@type":"EntryPoint","urlTemplate":"https:\/\/lescreationsde.celineinmyworldmedium.com\/?s={search_term_string}"},"query-input":{"@type":"PropertyValueSpecification","valueRequired":true,"valueName":"search_term_string"}}],"inLanguage":"fr-FR"},{"@type":"Organization","@id":"https:\/\/lescreationsde.celineinmyworldmedium.com\/#organization","name":"Les cr\u00e9ations de C\u00e9line Inmyworld","url":"https:\/\/lescreationsde.celineinmyworldmedium.com\/","logo":{"@type":"ImageObject","inLanguage":"fr-FR","@id":"https:\/\/lescreationsde.celineinmyworldmedium.com\/#\/schema\/logo\/image\/","url":"https:\/\/lescreationsde.celineinmyworldmedium.com\/wp-content\/uploads\/2021\/03\/logo_creations3.png","contentUrl":"https:\/\/lescreationsde.celineinmyworldmedium.com\/wp-content\/uploads\/2021\/03\/logo_creations3.png","width":613,"height":190,"caption":"Les cr\u00e9ations de C\u00e9line Inmyworld"},"image":{"@id":"https:\/\/lescreationsde.celineinmyworldmedium.com\/#\/schema\/logo\/image\/"}}]}},"jetpack_sharing_enabled":true,"_links":{"self":[{"href":"https:\/\/lescreationsde.celineinmyworldmedium.com\/index.php\/wp-json\/wp\/v2\/product\/7345","targetHints":{"allow":["GET"]}}],"collection":[{"href":"https:\/\/lescreationsde.celineinmyworldmedium.com\/index.php\/wp-json\/wp\/v2\/product"}],"about":[{"href":"https:\/\/lescreationsde.celineinmyworldmedium.com\/index.php\/wp-json\/wp\/v2\/types\/product"}],"replies":[{"embeddable":true,"href":"https:\/\/lescreationsde.celineinmyworldmedium.com\/index.php\/wp-json\/wp\/v2\/comments?post=7345"}],"wp:featuredmedia":[{"embeddable":true,"href":"https:\/\/lescreationsde.celineinmyworldmedium.com\/index.php\/wp-json\/wp\/v2\/media\/7348"}],"wp:attachment":[{"href":"https:\/\/lescreationsde.celineinmyworldmedium.com\/index.php\/wp-json\/wp\/v2\/media?parent=7345"}],"wp:term":[{"taxonomy":"product_brand","embeddable":true,"href":"https:\/\/lescreationsde.celineinmyworldmedium.com\/index.php\/wp-json\/wp\/v2\/product_brand?post=7345"},{"taxonomy":"product_cat","embeddable":true,"href":"https:\/\/lescreationsde.celineinmyworldmedium.com\/index.php\/wp-json\/wp\/v2\/product_cat?post=7345"},{"taxonomy":"product_tag","embeddable":true,"href":"https:\/\/lescreationsde.celineinmyworldmedium.com\/index.php\/wp-json\/wp\/v2\/product_tag?post=7345"}],"curies":[{"name":"wp","href":"https:\/\/api.w.org\/{rel}","templated":true}]}}