{"id":7255,"date":"2023-03-10T17:21:31","date_gmt":"2023-03-10T16:21:31","guid":{"rendered":"https:\/\/lescreationsde.celineinmyworldmedium.com\/?post_type=product&#038;p=7255"},"modified":"2023-09-19T19:09:31","modified_gmt":"2023-09-19T17:09:31","slug":"fermoir-en-plastique-noir-antiallergie","status":"publish","type":"product","link":"https:\/\/lescreationsde.celineinmyworldmedium.com\/index.php\/produit\/fermoir-en-plastique-noir-antiallergie\/","title":{"rendered":"Fermoir en plastique noir antiallergie"},"content":{"rendered":"<p><em>Accessoire bijou fermoir antiallergie pour bracelets ou colliers (<a href=\"https:\/\/lescreationsde.celineinmyworldmedium.com\/index.php\/categorie-produit\/bracelets\/\" target=\"_blank\" rel=\"noopener\">voir sur la boutique<\/a>), de couleur noir<\/em><em>. Ces fermoirs en plastique permettent de personnaliser vos bracelets ou colliers, pour qu\u2019ils soient uniques et \u00e0 votre go\u00fbt.<\/em><\/p>\n","protected":false},"excerpt":{"rendered":"<p>Accessoire bijou fermoir antiallergie pour bracelets ou colliers (voir sur la boutique), de couleur noir. Ces fermoirs en plastique permettent de personnaliser vos bracelets ou colliers, pour qu\u2019ils soient uniques et \u00e0 votre go\u00fbt.<\/p>\n","protected":false},"featured_media":7256,"comment_status":"open","ping_status":"closed","template":"","meta":[],"product_brand":[],"product_cat":[214,481,1657,90],"product_tag":[531,1228,528,42,38,25,1280,213,86,16,1274,1282,1227,1555,530,1658,105,1271,1284,79,532],"class_list":{"0":"post-7255","1":"product","2":"type-product","3":"status-publish","4":"has-post-thumbnail","6":"product_cat-accessoires","7":"product_cat-fermoirs","8":"product_cat-couleur-noire-plastique-antiallergie","9":"product_cat-catalogue","10":"product_tag-accessoire","11":"product_tag-anthracite","12":"product_tag-argente","13":"product_tag-bijou","14":"product_tag-bijoux","15":"product_tag-bracelet","16":"product_tag-bronze","17":"product_tag-charm","18":"product_tag-coeur","19":"product_tag-collier","20":"product_tag-couleur","21":"product_tag-cuivre","22":"product_tag-dore","23":"product_tag-doree","24":"product_tag-fantaisie","25":"product_tag-fermoir-plastique-antiallergie","26":"product_tag-hematite","27":"product_tag-metal","28":"product_tag-or-rose","29":"product_tag-perle","30":"product_tag-separateur","32":"first","33":"instock","34":"shipping-taxable","35":"purchasable","36":"product-type-simple"},"yoast_head":"<!-- This site is optimized with the Yoast SEO plugin v27.2 - https:\/\/yoast.com\/product\/yoast-seo-wordpress\/ -->\n<title>Fermoir en plastique noir antiallergie - La Boutique de C\u00e9line<\/title>\n<meta name=\"description\" content=\"Ces fermoirs magn\u00e9tique en m\u00e9tal permettent de personnaliser vos bracelets ou colliers, pour qu\u2019ils soient uniques et \u00e0 votre go\u00fbt.\" \/>\n<meta name=\"robots\" content=\"index, follow, max-snippet:-1, max-image-preview:large, max-video-preview:-1\" \/>\n<link rel=\"canonical\" href=\"https:\/\/lescreationsde.celineinmyworldmedium.com\/index.php\/produit\/fermoir-en-plastique-noir-antiallergie\/\" \/>\n<meta property=\"og:locale\" content=\"fr_FR\" \/>\n<meta property=\"og:type\" content=\"article\" \/>\n<meta property=\"og:title\" content=\"Fermoir en plastique noir antiallergie - La Boutique de C\u00e9line\" \/>\n<meta property=\"og:description\" content=\"Ces fermoirs magn\u00e9tique en m\u00e9tal permettent de personnaliser vos bracelets ou colliers, pour qu\u2019ils soient uniques et \u00e0 votre go\u00fbt.\" \/>\n<meta property=\"og:url\" content=\"https:\/\/lescreationsde.celineinmyworldmedium.com\/index.php\/produit\/fermoir-en-plastique-noir-antiallergie\/\" \/>\n<meta property=\"og:site_name\" content=\"Les cr\u00e9ations de C\u00e9line Inmyworld\" \/>\n<meta property=\"article:modified_time\" content=\"2023-09-19T17:09:31+00:00\" \/>\n<meta property=\"og:image\" content=\"https:\/\/lescreationsde.celineinmyworldmedium.com\/wp-content\/uploads\/2023\/06\/Fermoir_plastique_antiallergie_noir.jpg\" \/>\n\t<meta property=\"og:image:width\" content=\"1280\" \/>\n\t<meta property=\"og:image:height\" content=\"960\" \/>\n\t<meta property=\"og:image:type\" content=\"image\/jpeg\" \/>\n<meta name=\"twitter:card\" content=\"summary_large_image\" \/>\n<meta name=\"twitter:label1\" content=\"Dur\u00e9e de lecture estim\u00e9e\" \/>\n\t<meta name=\"twitter:data1\" content=\"1 minute\" \/>\n<script type=\"application\/ld+json\" class=\"yoast-schema-graph\">{\"@context\":\"https:\/\/schema.org\",\"@graph\":[{\"@type\":\"WebPage\",\"@id\":\"https:\/\/lescreationsde.celineinmyworldmedium.com\/index.php\/produit\/fermoir-en-plastique-noir-antiallergie\/\",\"url\":\"https:\/\/lescreationsde.celineinmyworldmedium.com\/index.php\/produit\/fermoir-en-plastique-noir-antiallergie\/\",\"name\":\"Fermoir en plastique noir antiallergie - La Boutique de C\u00e9line\",\"isPartOf\":{\"@id\":\"https:\/\/lescreationsde.celineinmyworldmedium.com\/#website\"},\"primaryImageOfPage\":{\"@id\":\"https:\/\/lescreationsde.celineinmyworldmedium.com\/index.php\/produit\/fermoir-en-plastique-noir-antiallergie\/#primaryimage\"},\"image\":{\"@id\":\"https:\/\/lescreationsde.celineinmyworldmedium.com\/index.php\/produit\/fermoir-en-plastique-noir-antiallergie\/#primaryimage\"},\"thumbnailUrl\":\"https:\/\/lescreationsde.celineinmyworldmedium.com\/wp-content\/uploads\/2023\/06\/Fermoir_plastique_antiallergie_noir.jpg\",\"datePublished\":\"2023-03-10T16:21:31+00:00\",\"dateModified\":\"2023-09-19T17:09:31+00:00\",\"description\":\"Ces fermoirs magn\u00e9tique en m\u00e9tal permettent de personnaliser vos bracelets ou colliers, pour qu\u2019ils soient uniques et \u00e0 votre go\u00fbt.\",\"breadcrumb\":{\"@id\":\"https:\/\/lescreationsde.celineinmyworldmedium.com\/index.php\/produit\/fermoir-en-plastique-noir-antiallergie\/#breadcrumb\"},\"inLanguage\":\"fr-FR\",\"potentialAction\":[{\"@type\":\"ReadAction\",\"target\":[\"https:\/\/lescreationsde.celineinmyworldmedium.com\/index.php\/produit\/fermoir-en-plastique-noir-antiallergie\/\"]}]},{\"@type\":\"ImageObject\",\"inLanguage\":\"fr-FR\",\"@id\":\"https:\/\/lescreationsde.celineinmyworldmedium.com\/index.php\/produit\/fermoir-en-plastique-noir-antiallergie\/#primaryimage\",\"url\":\"https:\/\/lescreationsde.celineinmyworldmedium.com\/wp-content\/uploads\/2023\/06\/Fermoir_plastique_antiallergie_noir.jpg\",\"contentUrl\":\"https:\/\/lescreationsde.celineinmyworldmedium.com\/wp-content\/uploads\/2023\/06\/Fermoir_plastique_antiallergie_noir.jpg\",\"width\":1280,\"height\":960,\"caption\":\"Fermoir en plastique noir antiallergie\"},{\"@type\":\"BreadcrumbList\",\"@id\":\"https:\/\/lescreationsde.celineinmyworldmedium.com\/index.php\/produit\/fermoir-en-plastique-noir-antiallergie\/#breadcrumb\",\"itemListElement\":[{\"@type\":\"ListItem\",\"position\":1,\"name\":\"Accueil\",\"item\":\"https:\/\/lescreationsde.celineinmyworldmedium.com\/\"},{\"@type\":\"ListItem\",\"position\":2,\"name\":\"Produits\",\"item\":\"https:\/\/lescreationsde.celineinmyworldmedium.com\/index.php\/boutique\/\"},{\"@type\":\"ListItem\",\"position\":3,\"name\":\"Fermoir en plastique noir antiallergie\"}]},{\"@type\":\"WebSite\",\"@id\":\"https:\/\/lescreationsde.celineinmyworldmedium.com\/#website\",\"url\":\"https:\/\/lescreationsde.celineinmyworldmedium.com\/\",\"name\":\"Les cr\u00e9ations de C\u00e9line Inmyworld\",\"description\":\"Cr\u00e9ation de bijoux personnalis\u00e9s, sur-mesure, en pierres semi-pr\u00e9cieuses de qualit\u00e9. Bracelets, boucles d&#039;oreilles, colliers, sautoirs, malas, cha\u00eenes de cheville, bagues...\u2764\",\"publisher\":{\"@id\":\"https:\/\/lescreationsde.celineinmyworldmedium.com\/#organization\"},\"potentialAction\":[{\"@type\":\"SearchAction\",\"target\":{\"@type\":\"EntryPoint\",\"urlTemplate\":\"https:\/\/lescreationsde.celineinmyworldmedium.com\/?s={search_term_string}\"},\"query-input\":{\"@type\":\"PropertyValueSpecification\",\"valueRequired\":true,\"valueName\":\"search_term_string\"}}],\"inLanguage\":\"fr-FR\"},{\"@type\":\"Organization\",\"@id\":\"https:\/\/lescreationsde.celineinmyworldmedium.com\/#organization\",\"name\":\"Les cr\u00e9ations de C\u00e9line Inmyworld\",\"url\":\"https:\/\/lescreationsde.celineinmyworldmedium.com\/\",\"logo\":{\"@type\":\"ImageObject\",\"inLanguage\":\"fr-FR\",\"@id\":\"https:\/\/lescreationsde.celineinmyworldmedium.com\/#\/schema\/logo\/image\/\",\"url\":\"https:\/\/lescreationsde.celineinmyworldmedium.com\/wp-content\/uploads\/2021\/03\/logo_creations3.png\",\"contentUrl\":\"https:\/\/lescreationsde.celineinmyworldmedium.com\/wp-content\/uploads\/2021\/03\/logo_creations3.png\",\"width\":613,\"height\":190,\"caption\":\"Les cr\u00e9ations de C\u00e9line Inmyworld\"},\"image\":{\"@id\":\"https:\/\/lescreationsde.celineinmyworldmedium.com\/#\/schema\/logo\/image\/\"}}]}<\/script>\n<!-- \/ Yoast SEO plugin. -->","yoast_head_json":{"title":"Fermoir en plastique noir antiallergie - La Boutique de C\u00e9line","description":"Ces fermoirs magn\u00e9tique en m\u00e9tal permettent de personnaliser vos bracelets ou colliers, pour qu\u2019ils soient uniques et \u00e0 votre go\u00fbt.","robots":{"index":"index","follow":"follow","max-snippet":"max-snippet:-1","max-image-preview":"max-image-preview:large","max-video-preview":"max-video-preview:-1"},"canonical":"https:\/\/lescreationsde.celineinmyworldmedium.com\/index.php\/produit\/fermoir-en-plastique-noir-antiallergie\/","og_locale":"fr_FR","og_type":"article","og_title":"Fermoir en plastique noir antiallergie - La Boutique de C\u00e9line","og_description":"Ces fermoirs magn\u00e9tique en m\u00e9tal permettent de personnaliser vos bracelets ou colliers, pour qu\u2019ils soient uniques et \u00e0 votre go\u00fbt.","og_url":"https:\/\/lescreationsde.celineinmyworldmedium.com\/index.php\/produit\/fermoir-en-plastique-noir-antiallergie\/","og_site_name":"Les cr\u00e9ations de C\u00e9line Inmyworld","article_modified_time":"2023-09-19T17:09:31+00:00","og_image":[{"width":1280,"height":960,"url":"https:\/\/lescreationsde.celineinmyworldmedium.com\/wp-content\/uploads\/2023\/06\/Fermoir_plastique_antiallergie_noir.jpg","type":"image\/jpeg"}],"twitter_card":"summary_large_image","twitter_misc":{"Dur\u00e9e de lecture estim\u00e9e":"1 minute"},"schema":{"@context":"https:\/\/schema.org","@graph":[{"@type":"WebPage","@id":"https:\/\/lescreationsde.celineinmyworldmedium.com\/index.php\/produit\/fermoir-en-plastique-noir-antiallergie\/","url":"https:\/\/lescreationsde.celineinmyworldmedium.com\/index.php\/produit\/fermoir-en-plastique-noir-antiallergie\/","name":"Fermoir en plastique noir antiallergie - La Boutique de C\u00e9line","isPartOf":{"@id":"https:\/\/lescreationsde.celineinmyworldmedium.com\/#website"},"primaryImageOfPage":{"@id":"https:\/\/lescreationsde.celineinmyworldmedium.com\/index.php\/produit\/fermoir-en-plastique-noir-antiallergie\/#primaryimage"},"image":{"@id":"https:\/\/lescreationsde.celineinmyworldmedium.com\/index.php\/produit\/fermoir-en-plastique-noir-antiallergie\/#primaryimage"},"thumbnailUrl":"https:\/\/lescreationsde.celineinmyworldmedium.com\/wp-content\/uploads\/2023\/06\/Fermoir_plastique_antiallergie_noir.jpg","datePublished":"2023-03-10T16:21:31+00:00","dateModified":"2023-09-19T17:09:31+00:00","description":"Ces fermoirs magn\u00e9tique en m\u00e9tal permettent de personnaliser vos bracelets ou colliers, pour qu\u2019ils soient uniques et \u00e0 votre go\u00fbt.","breadcrumb":{"@id":"https:\/\/lescreationsde.celineinmyworldmedium.com\/index.php\/produit\/fermoir-en-plastique-noir-antiallergie\/#breadcrumb"},"inLanguage":"fr-FR","potentialAction":[{"@type":"ReadAction","target":["https:\/\/lescreationsde.celineinmyworldmedium.com\/index.php\/produit\/fermoir-en-plastique-noir-antiallergie\/"]}]},{"@type":"ImageObject","inLanguage":"fr-FR","@id":"https:\/\/lescreationsde.celineinmyworldmedium.com\/index.php\/produit\/fermoir-en-plastique-noir-antiallergie\/#primaryimage","url":"https:\/\/lescreationsde.celineinmyworldmedium.com\/wp-content\/uploads\/2023\/06\/Fermoir_plastique_antiallergie_noir.jpg","contentUrl":"https:\/\/lescreationsde.celineinmyworldmedium.com\/wp-content\/uploads\/2023\/06\/Fermoir_plastique_antiallergie_noir.jpg","width":1280,"height":960,"caption":"Fermoir en plastique noir antiallergie"},{"@type":"BreadcrumbList","@id":"https:\/\/lescreationsde.celineinmyworldmedium.com\/index.php\/produit\/fermoir-en-plastique-noir-antiallergie\/#breadcrumb","itemListElement":[{"@type":"ListItem","position":1,"name":"Accueil","item":"https:\/\/lescreationsde.celineinmyworldmedium.com\/"},{"@type":"ListItem","position":2,"name":"Produits","item":"https:\/\/lescreationsde.celineinmyworldmedium.com\/index.php\/boutique\/"},{"@type":"ListItem","position":3,"name":"Fermoir en plastique noir antiallergie"}]},{"@type":"WebSite","@id":"https:\/\/lescreationsde.celineinmyworldmedium.com\/#website","url":"https:\/\/lescreationsde.celineinmyworldmedium.com\/","name":"Les cr\u00e9ations de C\u00e9line Inmyworld","description":"Cr\u00e9ation de bijoux personnalis\u00e9s, sur-mesure, en pierres semi-pr\u00e9cieuses de qualit\u00e9. Bracelets, boucles d&#039;oreilles, colliers, sautoirs, malas, cha\u00eenes de cheville, bagues...\u2764","publisher":{"@id":"https:\/\/lescreationsde.celineinmyworldmedium.com\/#organization"},"potentialAction":[{"@type":"SearchAction","target":{"@type":"EntryPoint","urlTemplate":"https:\/\/lescreationsde.celineinmyworldmedium.com\/?s={search_term_string}"},"query-input":{"@type":"PropertyValueSpecification","valueRequired":true,"valueName":"search_term_string"}}],"inLanguage":"fr-FR"},{"@type":"Organization","@id":"https:\/\/lescreationsde.celineinmyworldmedium.com\/#organization","name":"Les cr\u00e9ations de C\u00e9line Inmyworld","url":"https:\/\/lescreationsde.celineinmyworldmedium.com\/","logo":{"@type":"ImageObject","inLanguage":"fr-FR","@id":"https:\/\/lescreationsde.celineinmyworldmedium.com\/#\/schema\/logo\/image\/","url":"https:\/\/lescreationsde.celineinmyworldmedium.com\/wp-content\/uploads\/2021\/03\/logo_creations3.png","contentUrl":"https:\/\/lescreationsde.celineinmyworldmedium.com\/wp-content\/uploads\/2021\/03\/logo_creations3.png","width":613,"height":190,"caption":"Les cr\u00e9ations de C\u00e9line Inmyworld"},"image":{"@id":"https:\/\/lescreationsde.celineinmyworldmedium.com\/#\/schema\/logo\/image\/"}}]}},"jetpack_sharing_enabled":true,"_links":{"self":[{"href":"https:\/\/lescreationsde.celineinmyworldmedium.com\/index.php\/wp-json\/wp\/v2\/product\/7255","targetHints":{"allow":["GET"]}}],"collection":[{"href":"https:\/\/lescreationsde.celineinmyworldmedium.com\/index.php\/wp-json\/wp\/v2\/product"}],"about":[{"href":"https:\/\/lescreationsde.celineinmyworldmedium.com\/index.php\/wp-json\/wp\/v2\/types\/product"}],"replies":[{"embeddable":true,"href":"https:\/\/lescreationsde.celineinmyworldmedium.com\/index.php\/wp-json\/wp\/v2\/comments?post=7255"}],"wp:featuredmedia":[{"embeddable":true,"href":"https:\/\/lescreationsde.celineinmyworldmedium.com\/index.php\/wp-json\/wp\/v2\/media\/7256"}],"wp:attachment":[{"href":"https:\/\/lescreationsde.celineinmyworldmedium.com\/index.php\/wp-json\/wp\/v2\/media?parent=7255"}],"wp:term":[{"taxonomy":"product_brand","embeddable":true,"href":"https:\/\/lescreationsde.celineinmyworldmedium.com\/index.php\/wp-json\/wp\/v2\/product_brand?post=7255"},{"taxonomy":"product_cat","embeddable":true,"href":"https:\/\/lescreationsde.celineinmyworldmedium.com\/index.php\/wp-json\/wp\/v2\/product_cat?post=7255"},{"taxonomy":"product_tag","embeddable":true,"href":"https:\/\/lescreationsde.celineinmyworldmedium.com\/index.php\/wp-json\/wp\/v2\/product_tag?post=7255"}],"curies":[{"name":"wp","href":"https:\/\/api.w.org\/{rel}","templated":true}]}}