{"id":7143,"date":"2024-07-31T19:13:19","date_gmt":"2024-07-31T17:13:19","guid":{"rendered":"https:\/\/lescreationsde.celineinmyworldmedium.com\/?post_type=product&#038;p=7143"},"modified":"2024-10-23T18:00:52","modified_gmt":"2024-10-23T16:00:52","slug":"bracelet-pour-la-confiance-en-soi-en-jade-jaune-citrine-et-malachite","status":"publish","type":"product","link":"https:\/\/lescreationsde.celineinmyworldmedium.com\/index.php\/produit\/bracelet-pour-la-confiance-en-soi-en-jade-jaune-citrine-et-malachite\/","title":{"rendered":"Bracelet pour la confiance en soi, en Jade jaune, Citrine et Malachite"},"content":{"rendered":"<h4>1 &#8211; Les vertus du jade (jaune) :<\/h4>\n<p><strong>Sur le domaine spirituel<\/strong>, celui de l\u2019\u00eatre humain avec ses intentions, ses buts ou ses pr\u00e9occupations existentielles :<br \/>\n<strong>\u00c9quilibre.<\/strong><\/p>\n<p><strong>Sur le domaine de l\u2019\u00e2me<\/strong> ou du subconscient, ainsi que les notions de temp\u00e9rament, de sentiments, de sensations, de r\u00eaves, de v\u00e9cu sur le plan animique, d\u2019habitudes et de r\u00e9actions inconscientes :<br \/>\n<strong>Cr\u00e9e un \u00e9quilibre entre repos et activit\u00e9.<\/strong><\/p>\n<p><strong>Sur le domaine mental<\/strong> avec les id\u00e9es, la raison, les convictions, les consid\u00e9rations, ainsi que le mode de pens\u00e9e et d\u2019action consciente :<br \/>\n<strong>Facilite une r\u00e9alisation de soi de mani\u00e8re ludique.<\/strong><\/p>\n<p><strong>Sur le domaine physique<\/strong> ou corporel, l\u2019ensemble de l\u2019organisme avec les sens, les organes et les fonctions :<br \/>\n<strong>R\u00e9gule les nerfs, les reins et les glandes surr\u00e9nales (production d\u2019adr\u00e9naline), contribue \u00e0 harmoniser l\u2019organisme en eau, en sels min\u00e9raux et en acides\/bases.<\/strong><\/p>\n<p>&nbsp;<\/p>\n<h4>2 &#8211; Les vertus de la citrine (1) :<\/h4>\n<p><strong>Sur le domaine spirituel<\/strong>, celui de l\u2019\u00eatre humain avec ses intentions, ses buts ou ses pr\u00e9occupations existentielles :<br \/>\n<strong>Confiance en soi.<\/strong><\/p>\n<p><strong>Sur le domaine de l\u2019\u00e2me<\/strong> ou du subconscient, ainsi que les notions de temp\u00e9rament, de sentiments, de sensations, de r\u00eaves, de v\u00e9cu sur le plan animique, d\u2019habitudes et de r\u00e9actions inconscientes :<br \/>\n<strong>Rend extraverti et stimule l\u2019envie de faire de nouvelles exp\u00e9riences.<\/strong><\/p>\n<p><strong>Sur le domaine mental<\/strong> avec les id\u00e9es, la raison, les convictions, les consid\u00e9rations, ainsi que le mode de pens\u00e9e et d\u2019action consciente :<br \/>\n<strong>Permet d\u2019assimiler et de comprendre des impressions assimil\u00e9es.<\/strong><\/p>\n<p><strong>Sur le domaine physique<\/strong> ou corporel, l\u2019ensemble de l\u2019organisme avec les sens, les organes et les fonctions :<br \/>\n<strong>Fortifie les nerfs, att\u00e9nue la sensibilit\u00e9 au climat et peut aider en cas d\u2019\u00e9nur\u00e9sie.<\/strong><\/p>\n<p>&nbsp;<\/p>\n<h4>3 &#8211; Les vertus de la malachite :<\/h4>\n<p><strong>Sur le domaine spirituel<\/strong>, celui de l\u2019\u00eatre humain avec ses intentions, ses buts ou ses pr\u00e9occupations existentielles :<br \/>\n<strong>Aventure, vie intense.<\/strong><\/p>\n<p><strong>Sur le domaine de l\u2019\u00e2me<\/strong>\u00a0ou du subconscient, ainsi que les notions de temp\u00e9rament, de sentiments, de sensations, de r\u00eaves, de v\u00e9cu sur le plan animique, d\u2019habitudes et de r\u00e9actions inconscientes :<br \/>\n<strong>Approfondit la vie sentimentale, aide en cas de difficult\u00e9s sexuelles.<\/strong><\/p>\n<p><strong>Sur le domaine mental<\/strong>\u00a0avec les id\u00e9es, la raison, les convictions, les consid\u00e9rations, ainsi que le mode de pens\u00e9e et d\u2019action consciente :<br \/>\n<strong>Favorise l\u2019imagination et la d\u00e9termination.<\/strong><\/p>\n<p><strong>Sur le domaine physique<\/strong>\u00a0ou corporel, l\u2019ensemble de l\u2019organisme avec les sens, les organes et les fonctions :<br \/>\n<strong>Stimule le cerveau, les nerfs et le foie, d\u00e9toxique, utile en cas de rhumatismes, de crampes, de troubles menstruels.<\/strong><\/p>\n","protected":false},"excerpt":{"rendered":"<table>\n<tbody>\n<tr>\n<td style=\"texte-align: left; color: gray; border: none;\"><strong>Hors frais d&rsquo;exp\u00e9dition<\/strong><\/td>\n<\/tr>\n<tr>\n<td style=\"texte-align: left; color: gray; border: none;\"><strong>Bijoux confectionn\u00e9s sur-mesure, sur commande<br \/>\nLes couleurs et motifs des pierres varient d&rsquo;un bijou \u00e0 un autre<br \/>\nD\u00e9lai de confection environ 30 jours<\/strong><\/td>\n<\/tr>\n<tr>\n<td style=\"texte-align: left; color: blue; border: none;\"><a style=\"color: #a15fe2;\" href=\"https:\/\/lescreationsde.celineinmyworldmedium.com\/index.php\/mesurer-son-tour-de-poignet-pour-bracelets\/\" target=\"_blank\" rel=\"noopener\"><strong>Comment mesurer son tour de poignet<\/strong><\/a><\/td>\n<\/tr>\n<\/tbody>\n<\/table>\n","protected":false},"featured_media":7145,"comment_status":"open","ping_status":"closed","template":"","meta":[],"product_brand":[],"product_cat":[31,643,72,73,90],"product_tag":[106,42,44,38,47,43,41,40,39,23,25,36,34,819,26,37,35,737,16,24,45,17,33,298,32,81,27,22,28],"class_list":{"0":"post-7143","1":"product","2":"type-product","3":"status-publish","4":"has-post-thumbnail","6":"product_cat-bracelets","7":"product_cat-citrine-pierres","8":"product_cat-jade","9":"product_cat-malachite","10":"product_cat-catalogue","11":"product_tag-argent","12":"product_tag-bijou","13":"product_tag-bijou-energetique","14":"product_tag-bijoux","15":"product_tag-bijoux-anti-allergies","16":"product_tag-bijoux-energetiques","17":"product_tag-bijoux-fait-main","18":"product_tag-bijoux-personnalises","19":"product_tag-bijoux-sur-mesure","20":"product_tag-boucles-doreilles","21":"product_tag-bracelet","22":"product_tag-bracelet-femme","23":"product_tag-bracelet-homme","24":"product_tag-bracelet-pour-la-confiance-en-soi","25":"product_tag-bracelets","26":"product_tag-bracelets-femme","27":"product_tag-bracelets-homme","28":"product_tag-citrine-1","29":"product_tag-collier","30":"product_tag-collier-femme","31":"product_tag-collier-personnalise","32":"product_tag-colliers","33":"product_tag-energetique","34":"product_tag-jade-jaune","35":"product_tag-lithotherapie","36":"product_tag-malachite","37":"product_tag-pierre","38":"product_tag-pierre-semi-precieuse","39":"product_tag-pierres-naturelles","41":"first","42":"instock","43":"shipping-taxable","44":"purchasable","45":"product-type-variable"},"yoast_head":"<!-- This site is optimized with the Yoast SEO plugin v27.2 - https:\/\/yoast.com\/product\/yoast-seo-wordpress\/ -->\n<title>Bracelet pour la confiance en soi, en Jade jaune, Citrine...<\/title>\n<meta name=\"description\" content=\"Rend extraverti et stimule l\u2019envie de faire de nouvelles exp\u00e9riences. Approfondit la vie sentimentale, aide en cas de difficult\u00e9s sexuelles.\" \/>\n<meta name=\"robots\" content=\"index, follow, max-snippet:-1, max-image-preview:large, max-video-preview:-1\" \/>\n<link rel=\"canonical\" href=\"https:\/\/lescreationsde.celineinmyworldmedium.com\/index.php\/produit\/bracelet-pour-la-confiance-en-soi-en-jade-jaune-citrine-et-malachite\/\" \/>\n<meta property=\"og:locale\" content=\"fr_FR\" \/>\n<meta property=\"og:type\" content=\"article\" \/>\n<meta property=\"og:title\" content=\"Bracelet pour la confiance en soi, en Jade jaune, Citrine...\" \/>\n<meta property=\"og:description\" content=\"Rend extraverti et stimule l\u2019envie de faire de nouvelles exp\u00e9riences. Approfondit la vie sentimentale, aide en cas de difficult\u00e9s sexuelles.\" \/>\n<meta property=\"og:url\" content=\"https:\/\/lescreationsde.celineinmyworldmedium.com\/index.php\/produit\/bracelet-pour-la-confiance-en-soi-en-jade-jaune-citrine-et-malachite\/\" \/>\n<meta property=\"og:site_name\" content=\"Les cr\u00e9ations de C\u00e9line Inmyworld\" \/>\n<meta property=\"article:modified_time\" content=\"2024-10-23T16:00:52+00:00\" \/>\n<meta property=\"og:image\" content=\"https:\/\/lescreationsde.celineinmyworldmedium.com\/wp-content\/uploads\/2023\/05\/Bracelet_pour_le_bien-etre_et_la_confiance_en_soi_en_Jade_jaune_Citrine_et_Malachite.jpg\" \/>\n\t<meta property=\"og:image:width\" content=\"1280\" \/>\n\t<meta property=\"og:image:height\" content=\"1280\" \/>\n\t<meta property=\"og:image:type\" content=\"image\/jpeg\" \/>\n<meta name=\"twitter:card\" content=\"summary_large_image\" \/>\n<meta name=\"twitter:label1\" content=\"Dur\u00e9e de lecture estim\u00e9e\" \/>\n\t<meta name=\"twitter:data1\" content=\"3 minutes\" \/>\n<script type=\"application\/ld+json\" class=\"yoast-schema-graph\">{\"@context\":\"https:\/\/schema.org\",\"@graph\":[{\"@type\":\"WebPage\",\"@id\":\"https:\/\/lescreationsde.celineinmyworldmedium.com\/index.php\/produit\/bracelet-pour-la-confiance-en-soi-en-jade-jaune-citrine-et-malachite\/\",\"url\":\"https:\/\/lescreationsde.celineinmyworldmedium.com\/index.php\/produit\/bracelet-pour-la-confiance-en-soi-en-jade-jaune-citrine-et-malachite\/\",\"name\":\"Bracelet pour la confiance en soi, en Jade jaune, Citrine...\",\"isPartOf\":{\"@id\":\"https:\/\/lescreationsde.celineinmyworldmedium.com\/#website\"},\"primaryImageOfPage\":{\"@id\":\"https:\/\/lescreationsde.celineinmyworldmedium.com\/index.php\/produit\/bracelet-pour-la-confiance-en-soi-en-jade-jaune-citrine-et-malachite\/#primaryimage\"},\"image\":{\"@id\":\"https:\/\/lescreationsde.celineinmyworldmedium.com\/index.php\/produit\/bracelet-pour-la-confiance-en-soi-en-jade-jaune-citrine-et-malachite\/#primaryimage\"},\"thumbnailUrl\":\"https:\/\/lescreationsde.celineinmyworldmedium.com\/wp-content\/uploads\/2023\/05\/Bracelet_pour_le_bien-etre_et_la_confiance_en_soi_en_Jade_jaune_Citrine_et_Malachite.jpg\",\"datePublished\":\"2024-07-31T17:13:19+00:00\",\"dateModified\":\"2024-10-23T16:00:52+00:00\",\"description\":\"Rend extraverti et stimule l\u2019envie de faire de nouvelles exp\u00e9riences. Approfondit la vie sentimentale, aide en cas de difficult\u00e9s sexuelles.\",\"breadcrumb\":{\"@id\":\"https:\/\/lescreationsde.celineinmyworldmedium.com\/index.php\/produit\/bracelet-pour-la-confiance-en-soi-en-jade-jaune-citrine-et-malachite\/#breadcrumb\"},\"inLanguage\":\"fr-FR\",\"potentialAction\":[{\"@type\":\"ReadAction\",\"target\":[\"https:\/\/lescreationsde.celineinmyworldmedium.com\/index.php\/produit\/bracelet-pour-la-confiance-en-soi-en-jade-jaune-citrine-et-malachite\/\"]}]},{\"@type\":\"ImageObject\",\"inLanguage\":\"fr-FR\",\"@id\":\"https:\/\/lescreationsde.celineinmyworldmedium.com\/index.php\/produit\/bracelet-pour-la-confiance-en-soi-en-jade-jaune-citrine-et-malachite\/#primaryimage\",\"url\":\"https:\/\/lescreationsde.celineinmyworldmedium.com\/wp-content\/uploads\/2023\/05\/Bracelet_pour_le_bien-etre_et_la_confiance_en_soi_en_Jade_jaune_Citrine_et_Malachite.jpg\",\"contentUrl\":\"https:\/\/lescreationsde.celineinmyworldmedium.com\/wp-content\/uploads\/2023\/05\/Bracelet_pour_le_bien-etre_et_la_confiance_en_soi_en_Jade_jaune_Citrine_et_Malachite.jpg\",\"width\":1280,\"height\":1280,\"caption\":\"Bracelet pour le bien-\u00eatre et la confiance en soi, en Jade jaune, Citrine et Malachite\"},{\"@type\":\"BreadcrumbList\",\"@id\":\"https:\/\/lescreationsde.celineinmyworldmedium.com\/index.php\/produit\/bracelet-pour-la-confiance-en-soi-en-jade-jaune-citrine-et-malachite\/#breadcrumb\",\"itemListElement\":[{\"@type\":\"ListItem\",\"position\":1,\"name\":\"Accueil\",\"item\":\"https:\/\/lescreationsde.celineinmyworldmedium.com\/\"},{\"@type\":\"ListItem\",\"position\":2,\"name\":\"Produits\",\"item\":\"https:\/\/lescreationsde.celineinmyworldmedium.com\/index.php\/boutique\/\"},{\"@type\":\"ListItem\",\"position\":3,\"name\":\"Bracelet pour la confiance en soi, en Jade jaune, Citrine et Malachite\"}]},{\"@type\":\"WebSite\",\"@id\":\"https:\/\/lescreationsde.celineinmyworldmedium.com\/#website\",\"url\":\"https:\/\/lescreationsde.celineinmyworldmedium.com\/\",\"name\":\"Les cr\u00e9ations de C\u00e9line Inmyworld\",\"description\":\"Cr\u00e9ation de bijoux personnalis\u00e9s, sur-mesure, en pierres semi-pr\u00e9cieuses de qualit\u00e9. Bracelets, boucles d&#039;oreilles, colliers, sautoirs, malas, cha\u00eenes de cheville, bagues...\u2764\",\"publisher\":{\"@id\":\"https:\/\/lescreationsde.celineinmyworldmedium.com\/#organization\"},\"potentialAction\":[{\"@type\":\"SearchAction\",\"target\":{\"@type\":\"EntryPoint\",\"urlTemplate\":\"https:\/\/lescreationsde.celineinmyworldmedium.com\/?s={search_term_string}\"},\"query-input\":{\"@type\":\"PropertyValueSpecification\",\"valueRequired\":true,\"valueName\":\"search_term_string\"}}],\"inLanguage\":\"fr-FR\"},{\"@type\":\"Organization\",\"@id\":\"https:\/\/lescreationsde.celineinmyworldmedium.com\/#organization\",\"name\":\"Les cr\u00e9ations de C\u00e9line Inmyworld\",\"url\":\"https:\/\/lescreationsde.celineinmyworldmedium.com\/\",\"logo\":{\"@type\":\"ImageObject\",\"inLanguage\":\"fr-FR\",\"@id\":\"https:\/\/lescreationsde.celineinmyworldmedium.com\/#\/schema\/logo\/image\/\",\"url\":\"https:\/\/lescreationsde.celineinmyworldmedium.com\/wp-content\/uploads\/2021\/03\/logo_creations3.png\",\"contentUrl\":\"https:\/\/lescreationsde.celineinmyworldmedium.com\/wp-content\/uploads\/2021\/03\/logo_creations3.png\",\"width\":613,\"height\":190,\"caption\":\"Les cr\u00e9ations de C\u00e9line Inmyworld\"},\"image\":{\"@id\":\"https:\/\/lescreationsde.celineinmyworldmedium.com\/#\/schema\/logo\/image\/\"}}]}<\/script>\n<!-- \/ Yoast SEO plugin. -->","yoast_head_json":{"title":"Bracelet pour la confiance en soi, en Jade jaune, Citrine...","description":"Rend extraverti et stimule l\u2019envie de faire de nouvelles exp\u00e9riences. Approfondit la vie sentimentale, aide en cas de difficult\u00e9s sexuelles.","robots":{"index":"index","follow":"follow","max-snippet":"max-snippet:-1","max-image-preview":"max-image-preview:large","max-video-preview":"max-video-preview:-1"},"canonical":"https:\/\/lescreationsde.celineinmyworldmedium.com\/index.php\/produit\/bracelet-pour-la-confiance-en-soi-en-jade-jaune-citrine-et-malachite\/","og_locale":"fr_FR","og_type":"article","og_title":"Bracelet pour la confiance en soi, en Jade jaune, Citrine...","og_description":"Rend extraverti et stimule l\u2019envie de faire de nouvelles exp\u00e9riences. Approfondit la vie sentimentale, aide en cas de difficult\u00e9s sexuelles.","og_url":"https:\/\/lescreationsde.celineinmyworldmedium.com\/index.php\/produit\/bracelet-pour-la-confiance-en-soi-en-jade-jaune-citrine-et-malachite\/","og_site_name":"Les cr\u00e9ations de C\u00e9line Inmyworld","article_modified_time":"2024-10-23T16:00:52+00:00","og_image":[{"width":1280,"height":1280,"url":"https:\/\/lescreationsde.celineinmyworldmedium.com\/wp-content\/uploads\/2023\/05\/Bracelet_pour_le_bien-etre_et_la_confiance_en_soi_en_Jade_jaune_Citrine_et_Malachite.jpg","type":"image\/jpeg"}],"twitter_card":"summary_large_image","twitter_misc":{"Dur\u00e9e de lecture estim\u00e9e":"3 minutes"},"schema":{"@context":"https:\/\/schema.org","@graph":[{"@type":"WebPage","@id":"https:\/\/lescreationsde.celineinmyworldmedium.com\/index.php\/produit\/bracelet-pour-la-confiance-en-soi-en-jade-jaune-citrine-et-malachite\/","url":"https:\/\/lescreationsde.celineinmyworldmedium.com\/index.php\/produit\/bracelet-pour-la-confiance-en-soi-en-jade-jaune-citrine-et-malachite\/","name":"Bracelet pour la confiance en soi, en Jade jaune, Citrine...","isPartOf":{"@id":"https:\/\/lescreationsde.celineinmyworldmedium.com\/#website"},"primaryImageOfPage":{"@id":"https:\/\/lescreationsde.celineinmyworldmedium.com\/index.php\/produit\/bracelet-pour-la-confiance-en-soi-en-jade-jaune-citrine-et-malachite\/#primaryimage"},"image":{"@id":"https:\/\/lescreationsde.celineinmyworldmedium.com\/index.php\/produit\/bracelet-pour-la-confiance-en-soi-en-jade-jaune-citrine-et-malachite\/#primaryimage"},"thumbnailUrl":"https:\/\/lescreationsde.celineinmyworldmedium.com\/wp-content\/uploads\/2023\/05\/Bracelet_pour_le_bien-etre_et_la_confiance_en_soi_en_Jade_jaune_Citrine_et_Malachite.jpg","datePublished":"2024-07-31T17:13:19+00:00","dateModified":"2024-10-23T16:00:52+00:00","description":"Rend extraverti et stimule l\u2019envie de faire de nouvelles exp\u00e9riences. Approfondit la vie sentimentale, aide en cas de difficult\u00e9s sexuelles.","breadcrumb":{"@id":"https:\/\/lescreationsde.celineinmyworldmedium.com\/index.php\/produit\/bracelet-pour-la-confiance-en-soi-en-jade-jaune-citrine-et-malachite\/#breadcrumb"},"inLanguage":"fr-FR","potentialAction":[{"@type":"ReadAction","target":["https:\/\/lescreationsde.celineinmyworldmedium.com\/index.php\/produit\/bracelet-pour-la-confiance-en-soi-en-jade-jaune-citrine-et-malachite\/"]}]},{"@type":"ImageObject","inLanguage":"fr-FR","@id":"https:\/\/lescreationsde.celineinmyworldmedium.com\/index.php\/produit\/bracelet-pour-la-confiance-en-soi-en-jade-jaune-citrine-et-malachite\/#primaryimage","url":"https:\/\/lescreationsde.celineinmyworldmedium.com\/wp-content\/uploads\/2023\/05\/Bracelet_pour_le_bien-etre_et_la_confiance_en_soi_en_Jade_jaune_Citrine_et_Malachite.jpg","contentUrl":"https:\/\/lescreationsde.celineinmyworldmedium.com\/wp-content\/uploads\/2023\/05\/Bracelet_pour_le_bien-etre_et_la_confiance_en_soi_en_Jade_jaune_Citrine_et_Malachite.jpg","width":1280,"height":1280,"caption":"Bracelet pour le bien-\u00eatre et la confiance en soi, en Jade jaune, Citrine et Malachite"},{"@type":"BreadcrumbList","@id":"https:\/\/lescreationsde.celineinmyworldmedium.com\/index.php\/produit\/bracelet-pour-la-confiance-en-soi-en-jade-jaune-citrine-et-malachite\/#breadcrumb","itemListElement":[{"@type":"ListItem","position":1,"name":"Accueil","item":"https:\/\/lescreationsde.celineinmyworldmedium.com\/"},{"@type":"ListItem","position":2,"name":"Produits","item":"https:\/\/lescreationsde.celineinmyworldmedium.com\/index.php\/boutique\/"},{"@type":"ListItem","position":3,"name":"Bracelet pour la confiance en soi, en Jade jaune, Citrine et Malachite"}]},{"@type":"WebSite","@id":"https:\/\/lescreationsde.celineinmyworldmedium.com\/#website","url":"https:\/\/lescreationsde.celineinmyworldmedium.com\/","name":"Les cr\u00e9ations de C\u00e9line Inmyworld","description":"Cr\u00e9ation de bijoux personnalis\u00e9s, sur-mesure, en pierres semi-pr\u00e9cieuses de qualit\u00e9. Bracelets, boucles d&#039;oreilles, colliers, sautoirs, malas, cha\u00eenes de cheville, bagues...\u2764","publisher":{"@id":"https:\/\/lescreationsde.celineinmyworldmedium.com\/#organization"},"potentialAction":[{"@type":"SearchAction","target":{"@type":"EntryPoint","urlTemplate":"https:\/\/lescreationsde.celineinmyworldmedium.com\/?s={search_term_string}"},"query-input":{"@type":"PropertyValueSpecification","valueRequired":true,"valueName":"search_term_string"}}],"inLanguage":"fr-FR"},{"@type":"Organization","@id":"https:\/\/lescreationsde.celineinmyworldmedium.com\/#organization","name":"Les cr\u00e9ations de C\u00e9line Inmyworld","url":"https:\/\/lescreationsde.celineinmyworldmedium.com\/","logo":{"@type":"ImageObject","inLanguage":"fr-FR","@id":"https:\/\/lescreationsde.celineinmyworldmedium.com\/#\/schema\/logo\/image\/","url":"https:\/\/lescreationsde.celineinmyworldmedium.com\/wp-content\/uploads\/2021\/03\/logo_creations3.png","contentUrl":"https:\/\/lescreationsde.celineinmyworldmedium.com\/wp-content\/uploads\/2021\/03\/logo_creations3.png","width":613,"height":190,"caption":"Les cr\u00e9ations de C\u00e9line Inmyworld"},"image":{"@id":"https:\/\/lescreationsde.celineinmyworldmedium.com\/#\/schema\/logo\/image\/"}}]}},"jetpack_sharing_enabled":true,"_links":{"self":[{"href":"https:\/\/lescreationsde.celineinmyworldmedium.com\/index.php\/wp-json\/wp\/v2\/product\/7143","targetHints":{"allow":["GET"]}}],"collection":[{"href":"https:\/\/lescreationsde.celineinmyworldmedium.com\/index.php\/wp-json\/wp\/v2\/product"}],"about":[{"href":"https:\/\/lescreationsde.celineinmyworldmedium.com\/index.php\/wp-json\/wp\/v2\/types\/product"}],"replies":[{"embeddable":true,"href":"https:\/\/lescreationsde.celineinmyworldmedium.com\/index.php\/wp-json\/wp\/v2\/comments?post=7143"}],"wp:featuredmedia":[{"embeddable":true,"href":"https:\/\/lescreationsde.celineinmyworldmedium.com\/index.php\/wp-json\/wp\/v2\/media\/7145"}],"wp:attachment":[{"href":"https:\/\/lescreationsde.celineinmyworldmedium.com\/index.php\/wp-json\/wp\/v2\/media?parent=7143"}],"wp:term":[{"taxonomy":"product_brand","embeddable":true,"href":"https:\/\/lescreationsde.celineinmyworldmedium.com\/index.php\/wp-json\/wp\/v2\/product_brand?post=7143"},{"taxonomy":"product_cat","embeddable":true,"href":"https:\/\/lescreationsde.celineinmyworldmedium.com\/index.php\/wp-json\/wp\/v2\/product_cat?post=7143"},{"taxonomy":"product_tag","embeddable":true,"href":"https:\/\/lescreationsde.celineinmyworldmedium.com\/index.php\/wp-json\/wp\/v2\/product_tag?post=7143"}],"curies":[{"name":"wp","href":"https:\/\/api.w.org\/{rel}","templated":true}]}}