{"id":703,"date":"2020-11-30T21:08:02","date_gmt":"2020-11-30T20:08:02","guid":{"rendered":"https:\/\/lescreationsde.celineinmyworldmedium.com\/?post_type=product&#038;p=703"},"modified":"2023-09-19T22:39:53","modified_gmt":"2023-09-19T20:39:53","slug":"separateur-en-graines-de-rudraksha","status":"publish","type":"product","link":"https:\/\/lescreationsde.celineinmyworldmedium.com\/index.php\/produit\/separateur-en-graines-de-rudraksha\/","title":{"rendered":"S\u00e9parateur en graines de Rudraksha"},"content":{"rendered":"<p><em>La m\u00e9decine ayurv\u00e9dique attribue des vertus b\u00e9n\u00e9fiques et bienfaisantes au Rudraksha. Les graines ont un puissant rayonnement \u00e9lectromagn\u00e9tique qui renforce notre champ \u00e9nerg\u00e9tique. Le port de ces graines aide \u00e0 \u00e9quilibrer le fonctionnement de nos organes. Le 25\u00e8me chapitre de Vidyeshwar Samhita indique que le port du Rudraksha d\u00e9truit le mal et les d\u00e9mons.<\/em><\/p>\n","protected":false},"excerpt":{"rendered":"<p>La m\u00e9decine ayurv\u00e9dique attribue des vertus b\u00e9n\u00e9fiques et bienfaisantes au Rudraksha. Les graines ont un puissant rayonnement \u00e9lectromagn\u00e9tique qui renforce notre champ \u00e9nerg\u00e9tique. Le port de ces graines aide \u00e0 \u00e9quilibrer le fonctionnement de nos organes. Le 25\u00e8me chapitre de Vidyeshwar Samhita indique que le port du Rudraksha d\u00e9truit le mal et les d\u00e9mons.<\/p>\n","protected":false},"featured_media":707,"comment_status":"open","ping_status":"closed","template":"","meta":[],"product_brand":[],"product_cat":[214,215,1565,90],"product_tag":[138,232,123,151,23,25,136,86,16,253,161,143,142,275,157,122,234,79,116,235,62,148,149,141,532,233,154],"class_list":{"0":"post-703","1":"product","2":"type-product","3":"status-publish","4":"has-post-thumbnail","6":"product_cat-accessoires","7":"product_cat-separateurs","8":"product_cat-perles-en-bois","9":"product_cat-catalogue","10":"product_tag-3eme-oeil","11":"product_tag-ame","12":"product_tag-bleue","13":"product_tag-bonheur","14":"product_tag-boucles-doreilles","15":"product_tag-bracelet","16":"product_tag-chakra","17":"product_tag-coeur","18":"product_tag-collier","19":"product_tag-confiance-en-soi","20":"product_tag-couronne","21":"product_tag-energie","22":"product_tag-gorge","23":"product_tag-graines-de-rudraksha","24":"product_tag-lacher-prise","25":"product_tag-mate","26":"product_tag-mental","27":"product_tag-perle","28":"product_tag-perles","29":"product_tag-physique","30":"product_tag-pierres","31":"product_tag-plexus-solaire","32":"product_tag-protection","33":"product_tag-sacre","34":"product_tag-separateur","35":"product_tag-spirituel","36":"product_tag-stress","38":"first","39":"instock","40":"shipping-taxable","41":"purchasable","42":"product-type-variable"},"yoast_head":"<!-- This site is optimized with the Yoast SEO plugin v27.2 - https:\/\/yoast.com\/product\/yoast-seo-wordpress\/ -->\n<title>S\u00e9parateur en graines de Rudraksha - La Boutique de C\u00e9line<\/title>\n<meta name=\"description\" content=\"La m\u00e9decine ayurv\u00e9dique attribue des vertus b\u00e9n\u00e9fiques et bienfaisantes au Rudraksha. Cette graine \u00e9quilibre le fonctionnement de nos organes\" \/>\n<meta name=\"robots\" content=\"index, follow, max-snippet:-1, max-image-preview:large, max-video-preview:-1\" \/>\n<link rel=\"canonical\" href=\"https:\/\/lescreationsde.celineinmyworldmedium.com\/index.php\/produit\/separateur-en-graines-de-rudraksha\/\" \/>\n<meta property=\"og:locale\" content=\"fr_FR\" \/>\n<meta property=\"og:type\" content=\"article\" \/>\n<meta property=\"og:title\" content=\"S\u00e9parateur en graines de Rudraksha - La Boutique de C\u00e9line\" \/>\n<meta property=\"og:description\" content=\"La m\u00e9decine ayurv\u00e9dique attribue des vertus b\u00e9n\u00e9fiques et bienfaisantes au Rudraksha. Cette graine \u00e9quilibre le fonctionnement de nos organes\" \/>\n<meta property=\"og:url\" content=\"https:\/\/lescreationsde.celineinmyworldmedium.com\/index.php\/produit\/separateur-en-graines-de-rudraksha\/\" \/>\n<meta property=\"og:site_name\" content=\"Les cr\u00e9ations de C\u00e9line Inmyworld\" \/>\n<meta property=\"article:modified_time\" content=\"2023-09-19T20:39:53+00:00\" \/>\n<meta property=\"og:image\" content=\"https:\/\/lescreationsde.celineinmyworldmedium.com\/wp-content\/uploads\/2020\/11\/graines_de_rudraksha.jpg\" \/>\n\t<meta property=\"og:image:width\" content=\"1080\" \/>\n\t<meta property=\"og:image:height\" content=\"874\" \/>\n\t<meta property=\"og:image:type\" content=\"image\/jpeg\" \/>\n<meta name=\"twitter:card\" content=\"summary_large_image\" \/>\n<meta name=\"twitter:label1\" content=\"Dur\u00e9e de lecture estim\u00e9e\" \/>\n\t<meta name=\"twitter:data1\" content=\"1 minute\" \/>\n<script type=\"application\/ld+json\" class=\"yoast-schema-graph\">{\"@context\":\"https:\/\/schema.org\",\"@graph\":[{\"@type\":\"WebPage\",\"@id\":\"https:\/\/lescreationsde.celineinmyworldmedium.com\/index.php\/produit\/separateur-en-graines-de-rudraksha\/\",\"url\":\"https:\/\/lescreationsde.celineinmyworldmedium.com\/index.php\/produit\/separateur-en-graines-de-rudraksha\/\",\"name\":\"S\u00e9parateur en graines de Rudraksha - La Boutique de C\u00e9line\",\"isPartOf\":{\"@id\":\"https:\/\/lescreationsde.celineinmyworldmedium.com\/#website\"},\"primaryImageOfPage\":{\"@id\":\"https:\/\/lescreationsde.celineinmyworldmedium.com\/index.php\/produit\/separateur-en-graines-de-rudraksha\/#primaryimage\"},\"image\":{\"@id\":\"https:\/\/lescreationsde.celineinmyworldmedium.com\/index.php\/produit\/separateur-en-graines-de-rudraksha\/#primaryimage\"},\"thumbnailUrl\":\"https:\/\/lescreationsde.celineinmyworldmedium.com\/wp-content\/uploads\/2020\/11\/graines_de_rudraksha.jpg\",\"datePublished\":\"2020-11-30T20:08:02+00:00\",\"dateModified\":\"2023-09-19T20:39:53+00:00\",\"description\":\"La m\u00e9decine ayurv\u00e9dique attribue des vertus b\u00e9n\u00e9fiques et bienfaisantes au Rudraksha. Cette graine \u00e9quilibre le fonctionnement de nos organes\",\"breadcrumb\":{\"@id\":\"https:\/\/lescreationsde.celineinmyworldmedium.com\/index.php\/produit\/separateur-en-graines-de-rudraksha\/#breadcrumb\"},\"inLanguage\":\"fr-FR\",\"potentialAction\":[{\"@type\":\"ReadAction\",\"target\":[\"https:\/\/lescreationsde.celineinmyworldmedium.com\/index.php\/produit\/separateur-en-graines-de-rudraksha\/\"]}]},{\"@type\":\"ImageObject\",\"inLanguage\":\"fr-FR\",\"@id\":\"https:\/\/lescreationsde.celineinmyworldmedium.com\/index.php\/produit\/separateur-en-graines-de-rudraksha\/#primaryimage\",\"url\":\"https:\/\/lescreationsde.celineinmyworldmedium.com\/wp-content\/uploads\/2020\/11\/graines_de_rudraksha.jpg\",\"contentUrl\":\"https:\/\/lescreationsde.celineinmyworldmedium.com\/wp-content\/uploads\/2020\/11\/graines_de_rudraksha.jpg\",\"width\":1080,\"height\":874,\"caption\":\"S\u00e9parateur en graines de Rudraksha\"},{\"@type\":\"BreadcrumbList\",\"@id\":\"https:\/\/lescreationsde.celineinmyworldmedium.com\/index.php\/produit\/separateur-en-graines-de-rudraksha\/#breadcrumb\",\"itemListElement\":[{\"@type\":\"ListItem\",\"position\":1,\"name\":\"Accueil\",\"item\":\"https:\/\/lescreationsde.celineinmyworldmedium.com\/\"},{\"@type\":\"ListItem\",\"position\":2,\"name\":\"Produits\",\"item\":\"https:\/\/lescreationsde.celineinmyworldmedium.com\/index.php\/boutique\/\"},{\"@type\":\"ListItem\",\"position\":3,\"name\":\"S\u00e9parateur en graines de Rudraksha\"}]},{\"@type\":\"WebSite\",\"@id\":\"https:\/\/lescreationsde.celineinmyworldmedium.com\/#website\",\"url\":\"https:\/\/lescreationsde.celineinmyworldmedium.com\/\",\"name\":\"Les cr\u00e9ations de C\u00e9line Inmyworld\",\"description\":\"Cr\u00e9ation de bijoux personnalis\u00e9s, sur-mesure, en pierres semi-pr\u00e9cieuses de qualit\u00e9. Bracelets, boucles d&#039;oreilles, colliers, sautoirs, malas, cha\u00eenes de cheville, bagues...\u2764\",\"publisher\":{\"@id\":\"https:\/\/lescreationsde.celineinmyworldmedium.com\/#organization\"},\"potentialAction\":[{\"@type\":\"SearchAction\",\"target\":{\"@type\":\"EntryPoint\",\"urlTemplate\":\"https:\/\/lescreationsde.celineinmyworldmedium.com\/?s={search_term_string}\"},\"query-input\":{\"@type\":\"PropertyValueSpecification\",\"valueRequired\":true,\"valueName\":\"search_term_string\"}}],\"inLanguage\":\"fr-FR\"},{\"@type\":\"Organization\",\"@id\":\"https:\/\/lescreationsde.celineinmyworldmedium.com\/#organization\",\"name\":\"Les cr\u00e9ations de C\u00e9line Inmyworld\",\"url\":\"https:\/\/lescreationsde.celineinmyworldmedium.com\/\",\"logo\":{\"@type\":\"ImageObject\",\"inLanguage\":\"fr-FR\",\"@id\":\"https:\/\/lescreationsde.celineinmyworldmedium.com\/#\/schema\/logo\/image\/\",\"url\":\"https:\/\/lescreationsde.celineinmyworldmedium.com\/wp-content\/uploads\/2021\/03\/logo_creations3.png\",\"contentUrl\":\"https:\/\/lescreationsde.celineinmyworldmedium.com\/wp-content\/uploads\/2021\/03\/logo_creations3.png\",\"width\":613,\"height\":190,\"caption\":\"Les cr\u00e9ations de C\u00e9line Inmyworld\"},\"image\":{\"@id\":\"https:\/\/lescreationsde.celineinmyworldmedium.com\/#\/schema\/logo\/image\/\"}}]}<\/script>\n<!-- \/ Yoast SEO plugin. -->","yoast_head_json":{"title":"S\u00e9parateur en graines de Rudraksha - La Boutique de C\u00e9line","description":"La m\u00e9decine ayurv\u00e9dique attribue des vertus b\u00e9n\u00e9fiques et bienfaisantes au Rudraksha. Cette graine \u00e9quilibre le fonctionnement de nos organes","robots":{"index":"index","follow":"follow","max-snippet":"max-snippet:-1","max-image-preview":"max-image-preview:large","max-video-preview":"max-video-preview:-1"},"canonical":"https:\/\/lescreationsde.celineinmyworldmedium.com\/index.php\/produit\/separateur-en-graines-de-rudraksha\/","og_locale":"fr_FR","og_type":"article","og_title":"S\u00e9parateur en graines de Rudraksha - La Boutique de C\u00e9line","og_description":"La m\u00e9decine ayurv\u00e9dique attribue des vertus b\u00e9n\u00e9fiques et bienfaisantes au Rudraksha. Cette graine \u00e9quilibre le fonctionnement de nos organes","og_url":"https:\/\/lescreationsde.celineinmyworldmedium.com\/index.php\/produit\/separateur-en-graines-de-rudraksha\/","og_site_name":"Les cr\u00e9ations de C\u00e9line Inmyworld","article_modified_time":"2023-09-19T20:39:53+00:00","og_image":[{"width":1080,"height":874,"url":"https:\/\/lescreationsde.celineinmyworldmedium.com\/wp-content\/uploads\/2020\/11\/graines_de_rudraksha.jpg","type":"image\/jpeg"}],"twitter_card":"summary_large_image","twitter_misc":{"Dur\u00e9e de lecture estim\u00e9e":"1 minute"},"schema":{"@context":"https:\/\/schema.org","@graph":[{"@type":"WebPage","@id":"https:\/\/lescreationsde.celineinmyworldmedium.com\/index.php\/produit\/separateur-en-graines-de-rudraksha\/","url":"https:\/\/lescreationsde.celineinmyworldmedium.com\/index.php\/produit\/separateur-en-graines-de-rudraksha\/","name":"S\u00e9parateur en graines de Rudraksha - La Boutique de C\u00e9line","isPartOf":{"@id":"https:\/\/lescreationsde.celineinmyworldmedium.com\/#website"},"primaryImageOfPage":{"@id":"https:\/\/lescreationsde.celineinmyworldmedium.com\/index.php\/produit\/separateur-en-graines-de-rudraksha\/#primaryimage"},"image":{"@id":"https:\/\/lescreationsde.celineinmyworldmedium.com\/index.php\/produit\/separateur-en-graines-de-rudraksha\/#primaryimage"},"thumbnailUrl":"https:\/\/lescreationsde.celineinmyworldmedium.com\/wp-content\/uploads\/2020\/11\/graines_de_rudraksha.jpg","datePublished":"2020-11-30T20:08:02+00:00","dateModified":"2023-09-19T20:39:53+00:00","description":"La m\u00e9decine ayurv\u00e9dique attribue des vertus b\u00e9n\u00e9fiques et bienfaisantes au Rudraksha. Cette graine \u00e9quilibre le fonctionnement de nos organes","breadcrumb":{"@id":"https:\/\/lescreationsde.celineinmyworldmedium.com\/index.php\/produit\/separateur-en-graines-de-rudraksha\/#breadcrumb"},"inLanguage":"fr-FR","potentialAction":[{"@type":"ReadAction","target":["https:\/\/lescreationsde.celineinmyworldmedium.com\/index.php\/produit\/separateur-en-graines-de-rudraksha\/"]}]},{"@type":"ImageObject","inLanguage":"fr-FR","@id":"https:\/\/lescreationsde.celineinmyworldmedium.com\/index.php\/produit\/separateur-en-graines-de-rudraksha\/#primaryimage","url":"https:\/\/lescreationsde.celineinmyworldmedium.com\/wp-content\/uploads\/2020\/11\/graines_de_rudraksha.jpg","contentUrl":"https:\/\/lescreationsde.celineinmyworldmedium.com\/wp-content\/uploads\/2020\/11\/graines_de_rudraksha.jpg","width":1080,"height":874,"caption":"S\u00e9parateur en graines de Rudraksha"},{"@type":"BreadcrumbList","@id":"https:\/\/lescreationsde.celineinmyworldmedium.com\/index.php\/produit\/separateur-en-graines-de-rudraksha\/#breadcrumb","itemListElement":[{"@type":"ListItem","position":1,"name":"Accueil","item":"https:\/\/lescreationsde.celineinmyworldmedium.com\/"},{"@type":"ListItem","position":2,"name":"Produits","item":"https:\/\/lescreationsde.celineinmyworldmedium.com\/index.php\/boutique\/"},{"@type":"ListItem","position":3,"name":"S\u00e9parateur en graines de Rudraksha"}]},{"@type":"WebSite","@id":"https:\/\/lescreationsde.celineinmyworldmedium.com\/#website","url":"https:\/\/lescreationsde.celineinmyworldmedium.com\/","name":"Les cr\u00e9ations de C\u00e9line Inmyworld","description":"Cr\u00e9ation de bijoux personnalis\u00e9s, sur-mesure, en pierres semi-pr\u00e9cieuses de qualit\u00e9. Bracelets, boucles d&#039;oreilles, colliers, sautoirs, malas, cha\u00eenes de cheville, bagues...\u2764","publisher":{"@id":"https:\/\/lescreationsde.celineinmyworldmedium.com\/#organization"},"potentialAction":[{"@type":"SearchAction","target":{"@type":"EntryPoint","urlTemplate":"https:\/\/lescreationsde.celineinmyworldmedium.com\/?s={search_term_string}"},"query-input":{"@type":"PropertyValueSpecification","valueRequired":true,"valueName":"search_term_string"}}],"inLanguage":"fr-FR"},{"@type":"Organization","@id":"https:\/\/lescreationsde.celineinmyworldmedium.com\/#organization","name":"Les cr\u00e9ations de C\u00e9line Inmyworld","url":"https:\/\/lescreationsde.celineinmyworldmedium.com\/","logo":{"@type":"ImageObject","inLanguage":"fr-FR","@id":"https:\/\/lescreationsde.celineinmyworldmedium.com\/#\/schema\/logo\/image\/","url":"https:\/\/lescreationsde.celineinmyworldmedium.com\/wp-content\/uploads\/2021\/03\/logo_creations3.png","contentUrl":"https:\/\/lescreationsde.celineinmyworldmedium.com\/wp-content\/uploads\/2021\/03\/logo_creations3.png","width":613,"height":190,"caption":"Les cr\u00e9ations de C\u00e9line Inmyworld"},"image":{"@id":"https:\/\/lescreationsde.celineinmyworldmedium.com\/#\/schema\/logo\/image\/"}}]}},"jetpack_sharing_enabled":true,"_links":{"self":[{"href":"https:\/\/lescreationsde.celineinmyworldmedium.com\/index.php\/wp-json\/wp\/v2\/product\/703","targetHints":{"allow":["GET"]}}],"collection":[{"href":"https:\/\/lescreationsde.celineinmyworldmedium.com\/index.php\/wp-json\/wp\/v2\/product"}],"about":[{"href":"https:\/\/lescreationsde.celineinmyworldmedium.com\/index.php\/wp-json\/wp\/v2\/types\/product"}],"replies":[{"embeddable":true,"href":"https:\/\/lescreationsde.celineinmyworldmedium.com\/index.php\/wp-json\/wp\/v2\/comments?post=703"}],"wp:featuredmedia":[{"embeddable":true,"href":"https:\/\/lescreationsde.celineinmyworldmedium.com\/index.php\/wp-json\/wp\/v2\/media\/707"}],"wp:attachment":[{"href":"https:\/\/lescreationsde.celineinmyworldmedium.com\/index.php\/wp-json\/wp\/v2\/media?parent=703"}],"wp:term":[{"taxonomy":"product_brand","embeddable":true,"href":"https:\/\/lescreationsde.celineinmyworldmedium.com\/index.php\/wp-json\/wp\/v2\/product_brand?post=703"},{"taxonomy":"product_cat","embeddable":true,"href":"https:\/\/lescreationsde.celineinmyworldmedium.com\/index.php\/wp-json\/wp\/v2\/product_cat?post=703"},{"taxonomy":"product_tag","embeddable":true,"href":"https:\/\/lescreationsde.celineinmyworldmedium.com\/index.php\/wp-json\/wp\/v2\/product_tag?post=703"}],"curies":[{"name":"wp","href":"https:\/\/api.w.org\/{rel}","templated":true}]}}