{"id":5823,"date":"2022-04-24T22:45:46","date_gmt":"2022-04-24T20:45:46","guid":{"rendered":"https:\/\/lescreationsde.celineinmyworldmedium.com\/?post_type=product&#038;p=5823"},"modified":"2023-09-19T22:39:55","modified_gmt":"2023-09-19T20:39:55","slug":"separateur-synthetique-perles-noires-avec-dragon-dore","status":"publish","type":"product","link":"https:\/\/lescreationsde.celineinmyworldmedium.com\/index.php\/produit\/separateur-synthetique-perles-noires-avec-dragon-dore\/","title":{"rendered":"S\u00e9parateur synth\u00e9tique perles noires avec dragon dor\u00e9"},"content":{"rendered":"<p><em>Accessoire bijou espaceur\/s\u00e9parateur fantaisie. Celui-ci a la forme d&rsquo;une perle grav\u00e9e. Son diam\u00e8tre est de 8mm. Ce type d\u2019espaceurs permet de personnaliser vos colliers, boucles d\u2019oreilles ou bracelets pour qu\u2019ils soient uniques et \u00e0 votre go\u00fbt.\u00a0<\/em><\/p>\n<p>&nbsp;<\/p>\n<p><em>\u00a0<\/em><\/p>\n","protected":false},"excerpt":{"rendered":"<p>Accessoire bijou espaceur\/s\u00e9parateur fantaisie. Celui-ci a la forme d&rsquo;une perle grav\u00e9e. Son diam\u00e8tre est de 8mm. Ce type d\u2019espaceurs permet de personnaliser vos colliers, boucles d\u2019oreilles ou bracelets pour qu\u2019ils soient uniques et \u00e0 votre go\u00fbt.\u00a0 &nbsp; \u00a0<\/p>\n","protected":false},"featured_media":5825,"comment_status":"open","ping_status":"closed","template":"","meta":[],"product_brand":[],"product_cat":[214,215,1569,90],"product_tag":[232,151,23,25,136,86,16,253,161,1227,1575,143,142,157,605,122,234,79,116,235,62,148,149,141,532,233,154,1573],"class_list":{"0":"post-5823","1":"product","2":"type-product","3":"status-publish","4":"has-post-thumbnail","6":"product_cat-accessoires","7":"product_cat-separateurs","8":"product_cat-perles-en-synthetique","9":"product_cat-catalogue","10":"product_tag-ame","11":"product_tag-bonheur","12":"product_tag-boucles-doreilles","13":"product_tag-bracelet","14":"product_tag-chakra","15":"product_tag-coeur","16":"product_tag-collier","17":"product_tag-confiance-en-soi","18":"product_tag-couronne","19":"product_tag-dore","20":"product_tag-dragon","21":"product_tag-energie","22":"product_tag-gorge","23":"product_tag-lacher-prise","24":"product_tag-mantras","25":"product_tag-mate","26":"product_tag-mental","27":"product_tag-perle","28":"product_tag-perles","29":"product_tag-physique","30":"product_tag-pierres","31":"product_tag-plexus-solaire","32":"product_tag-protection","33":"product_tag-sacre","34":"product_tag-separateur","35":"product_tag-spirituel","36":"product_tag-stress","37":"product_tag-tibetain","39":"first","40":"instock","41":"shipping-taxable","42":"purchasable","43":"product-type-variable"},"yoast_head":"<!-- This site is optimized with the Yoast SEO plugin v27.2 - https:\/\/yoast.com\/product\/yoast-seo-wordpress\/ -->\n<title>S\u00e9parateur synth\u00e9tique perles noires avec dragon dor\u00e9 - Boutique<\/title>\n<meta name=\"description\" content=\"Il a la forme d&#039;une perle grav\u00e9e. Son diam\u00e8tre est de 8mm. Ce type d\u2019espaceurs permet de personnaliser vos colliers, boucles d\u2019oreilles ou bracelets.\" \/>\n<meta name=\"robots\" content=\"index, follow, max-snippet:-1, max-image-preview:large, max-video-preview:-1\" \/>\n<link rel=\"canonical\" href=\"https:\/\/lescreationsde.celineinmyworldmedium.com\/index.php\/produit\/separateur-synthetique-perles-noires-avec-dragon-dore\/\" \/>\n<meta property=\"og:locale\" content=\"fr_FR\" \/>\n<meta property=\"og:type\" content=\"article\" \/>\n<meta property=\"og:title\" content=\"S\u00e9parateur synth\u00e9tique perles noires avec dragon dor\u00e9 - Boutique\" \/>\n<meta property=\"og:description\" content=\"Il a la forme d&#039;une perle grav\u00e9e. Son diam\u00e8tre est de 8mm. Ce type d\u2019espaceurs permet de personnaliser vos colliers, boucles d\u2019oreilles ou bracelets.\" \/>\n<meta property=\"og:url\" content=\"https:\/\/lescreationsde.celineinmyworldmedium.com\/index.php\/produit\/separateur-synthetique-perles-noires-avec-dragon-dore\/\" \/>\n<meta property=\"og:site_name\" content=\"Les cr\u00e9ations de C\u00e9line Inmyworld\" \/>\n<meta property=\"article:modified_time\" content=\"2023-09-19T20:39:55+00:00\" \/>\n<meta property=\"og:image\" content=\"https:\/\/lescreationsde.celineinmyworldmedium.com\/wp-content\/uploads\/2022\/09\/Separateur_synthetique_perles_noires_avec_dragon_dore.jpg\" \/>\n\t<meta property=\"og:image:width\" content=\"1080\" \/>\n\t<meta property=\"og:image:height\" content=\"826\" \/>\n\t<meta property=\"og:image:type\" content=\"image\/jpeg\" \/>\n<meta name=\"twitter:card\" content=\"summary_large_image\" \/>\n<meta name=\"twitter:label1\" content=\"Dur\u00e9e de lecture estim\u00e9e\" \/>\n\t<meta name=\"twitter:data1\" content=\"1 minute\" \/>\n<script type=\"application\/ld+json\" class=\"yoast-schema-graph\">{\"@context\":\"https:\/\/schema.org\",\"@graph\":[{\"@type\":\"WebPage\",\"@id\":\"https:\/\/lescreationsde.celineinmyworldmedium.com\/index.php\/produit\/separateur-synthetique-perles-noires-avec-dragon-dore\/\",\"url\":\"https:\/\/lescreationsde.celineinmyworldmedium.com\/index.php\/produit\/separateur-synthetique-perles-noires-avec-dragon-dore\/\",\"name\":\"S\u00e9parateur synth\u00e9tique perles noires avec dragon dor\u00e9 - Boutique\",\"isPartOf\":{\"@id\":\"https:\/\/lescreationsde.celineinmyworldmedium.com\/#website\"},\"primaryImageOfPage\":{\"@id\":\"https:\/\/lescreationsde.celineinmyworldmedium.com\/index.php\/produit\/separateur-synthetique-perles-noires-avec-dragon-dore\/#primaryimage\"},\"image\":{\"@id\":\"https:\/\/lescreationsde.celineinmyworldmedium.com\/index.php\/produit\/separateur-synthetique-perles-noires-avec-dragon-dore\/#primaryimage\"},\"thumbnailUrl\":\"https:\/\/lescreationsde.celineinmyworldmedium.com\/wp-content\/uploads\/2022\/09\/Separateur_synthetique_perles_noires_avec_dragon_dore.jpg\",\"datePublished\":\"2022-04-24T20:45:46+00:00\",\"dateModified\":\"2023-09-19T20:39:55+00:00\",\"description\":\"Il a la forme d'une perle grav\u00e9e. Son diam\u00e8tre est de 8mm. Ce type d\u2019espaceurs permet de personnaliser vos colliers, boucles d\u2019oreilles ou bracelets.\",\"breadcrumb\":{\"@id\":\"https:\/\/lescreationsde.celineinmyworldmedium.com\/index.php\/produit\/separateur-synthetique-perles-noires-avec-dragon-dore\/#breadcrumb\"},\"inLanguage\":\"fr-FR\",\"potentialAction\":[{\"@type\":\"ReadAction\",\"target\":[\"https:\/\/lescreationsde.celineinmyworldmedium.com\/index.php\/produit\/separateur-synthetique-perles-noires-avec-dragon-dore\/\"]}]},{\"@type\":\"ImageObject\",\"inLanguage\":\"fr-FR\",\"@id\":\"https:\/\/lescreationsde.celineinmyworldmedium.com\/index.php\/produit\/separateur-synthetique-perles-noires-avec-dragon-dore\/#primaryimage\",\"url\":\"https:\/\/lescreationsde.celineinmyworldmedium.com\/wp-content\/uploads\/2022\/09\/Separateur_synthetique_perles_noires_avec_dragon_dore.jpg\",\"contentUrl\":\"https:\/\/lescreationsde.celineinmyworldmedium.com\/wp-content\/uploads\/2022\/09\/Separateur_synthetique_perles_noires_avec_dragon_dore.jpg\",\"width\":1080,\"height\":826,\"caption\":\"S\u00e9parateur synth\u00e9tique perles noires avec dragon dor\u00e9\"},{\"@type\":\"BreadcrumbList\",\"@id\":\"https:\/\/lescreationsde.celineinmyworldmedium.com\/index.php\/produit\/separateur-synthetique-perles-noires-avec-dragon-dore\/#breadcrumb\",\"itemListElement\":[{\"@type\":\"ListItem\",\"position\":1,\"name\":\"Accueil\",\"item\":\"https:\/\/lescreationsde.celineinmyworldmedium.com\/\"},{\"@type\":\"ListItem\",\"position\":2,\"name\":\"Produits\",\"item\":\"https:\/\/lescreationsde.celineinmyworldmedium.com\/index.php\/boutique\/\"},{\"@type\":\"ListItem\",\"position\":3,\"name\":\"S\u00e9parateur synth\u00e9tique perles noires avec dragon dor\u00e9\"}]},{\"@type\":\"WebSite\",\"@id\":\"https:\/\/lescreationsde.celineinmyworldmedium.com\/#website\",\"url\":\"https:\/\/lescreationsde.celineinmyworldmedium.com\/\",\"name\":\"Les cr\u00e9ations de C\u00e9line Inmyworld\",\"description\":\"Cr\u00e9ation de bijoux personnalis\u00e9s, sur-mesure, en pierres semi-pr\u00e9cieuses de qualit\u00e9. Bracelets, boucles d&#039;oreilles, colliers, sautoirs, malas, cha\u00eenes de cheville, bagues...\u2764\",\"publisher\":{\"@id\":\"https:\/\/lescreationsde.celineinmyworldmedium.com\/#organization\"},\"potentialAction\":[{\"@type\":\"SearchAction\",\"target\":{\"@type\":\"EntryPoint\",\"urlTemplate\":\"https:\/\/lescreationsde.celineinmyworldmedium.com\/?s={search_term_string}\"},\"query-input\":{\"@type\":\"PropertyValueSpecification\",\"valueRequired\":true,\"valueName\":\"search_term_string\"}}],\"inLanguage\":\"fr-FR\"},{\"@type\":\"Organization\",\"@id\":\"https:\/\/lescreationsde.celineinmyworldmedium.com\/#organization\",\"name\":\"Les cr\u00e9ations de C\u00e9line Inmyworld\",\"url\":\"https:\/\/lescreationsde.celineinmyworldmedium.com\/\",\"logo\":{\"@type\":\"ImageObject\",\"inLanguage\":\"fr-FR\",\"@id\":\"https:\/\/lescreationsde.celineinmyworldmedium.com\/#\/schema\/logo\/image\/\",\"url\":\"https:\/\/lescreationsde.celineinmyworldmedium.com\/wp-content\/uploads\/2021\/03\/logo_creations3.png\",\"contentUrl\":\"https:\/\/lescreationsde.celineinmyworldmedium.com\/wp-content\/uploads\/2021\/03\/logo_creations3.png\",\"width\":613,\"height\":190,\"caption\":\"Les cr\u00e9ations de C\u00e9line Inmyworld\"},\"image\":{\"@id\":\"https:\/\/lescreationsde.celineinmyworldmedium.com\/#\/schema\/logo\/image\/\"}}]}<\/script>\n<!-- \/ Yoast SEO plugin. -->","yoast_head_json":{"title":"S\u00e9parateur synth\u00e9tique perles noires avec dragon dor\u00e9 - Boutique","description":"Il a la forme d'une perle grav\u00e9e. Son diam\u00e8tre est de 8mm. Ce type d\u2019espaceurs permet de personnaliser vos colliers, boucles d\u2019oreilles ou bracelets.","robots":{"index":"index","follow":"follow","max-snippet":"max-snippet:-1","max-image-preview":"max-image-preview:large","max-video-preview":"max-video-preview:-1"},"canonical":"https:\/\/lescreationsde.celineinmyworldmedium.com\/index.php\/produit\/separateur-synthetique-perles-noires-avec-dragon-dore\/","og_locale":"fr_FR","og_type":"article","og_title":"S\u00e9parateur synth\u00e9tique perles noires avec dragon dor\u00e9 - Boutique","og_description":"Il a la forme d'une perle grav\u00e9e. Son diam\u00e8tre est de 8mm. Ce type d\u2019espaceurs permet de personnaliser vos colliers, boucles d\u2019oreilles ou bracelets.","og_url":"https:\/\/lescreationsde.celineinmyworldmedium.com\/index.php\/produit\/separateur-synthetique-perles-noires-avec-dragon-dore\/","og_site_name":"Les cr\u00e9ations de C\u00e9line Inmyworld","article_modified_time":"2023-09-19T20:39:55+00:00","og_image":[{"width":1080,"height":826,"url":"https:\/\/lescreationsde.celineinmyworldmedium.com\/wp-content\/uploads\/2022\/09\/Separateur_synthetique_perles_noires_avec_dragon_dore.jpg","type":"image\/jpeg"}],"twitter_card":"summary_large_image","twitter_misc":{"Dur\u00e9e de lecture estim\u00e9e":"1 minute"},"schema":{"@context":"https:\/\/schema.org","@graph":[{"@type":"WebPage","@id":"https:\/\/lescreationsde.celineinmyworldmedium.com\/index.php\/produit\/separateur-synthetique-perles-noires-avec-dragon-dore\/","url":"https:\/\/lescreationsde.celineinmyworldmedium.com\/index.php\/produit\/separateur-synthetique-perles-noires-avec-dragon-dore\/","name":"S\u00e9parateur synth\u00e9tique perles noires avec dragon dor\u00e9 - Boutique","isPartOf":{"@id":"https:\/\/lescreationsde.celineinmyworldmedium.com\/#website"},"primaryImageOfPage":{"@id":"https:\/\/lescreationsde.celineinmyworldmedium.com\/index.php\/produit\/separateur-synthetique-perles-noires-avec-dragon-dore\/#primaryimage"},"image":{"@id":"https:\/\/lescreationsde.celineinmyworldmedium.com\/index.php\/produit\/separateur-synthetique-perles-noires-avec-dragon-dore\/#primaryimage"},"thumbnailUrl":"https:\/\/lescreationsde.celineinmyworldmedium.com\/wp-content\/uploads\/2022\/09\/Separateur_synthetique_perles_noires_avec_dragon_dore.jpg","datePublished":"2022-04-24T20:45:46+00:00","dateModified":"2023-09-19T20:39:55+00:00","description":"Il a la forme d'une perle grav\u00e9e. Son diam\u00e8tre est de 8mm. Ce type d\u2019espaceurs permet de personnaliser vos colliers, boucles d\u2019oreilles ou bracelets.","breadcrumb":{"@id":"https:\/\/lescreationsde.celineinmyworldmedium.com\/index.php\/produit\/separateur-synthetique-perles-noires-avec-dragon-dore\/#breadcrumb"},"inLanguage":"fr-FR","potentialAction":[{"@type":"ReadAction","target":["https:\/\/lescreationsde.celineinmyworldmedium.com\/index.php\/produit\/separateur-synthetique-perles-noires-avec-dragon-dore\/"]}]},{"@type":"ImageObject","inLanguage":"fr-FR","@id":"https:\/\/lescreationsde.celineinmyworldmedium.com\/index.php\/produit\/separateur-synthetique-perles-noires-avec-dragon-dore\/#primaryimage","url":"https:\/\/lescreationsde.celineinmyworldmedium.com\/wp-content\/uploads\/2022\/09\/Separateur_synthetique_perles_noires_avec_dragon_dore.jpg","contentUrl":"https:\/\/lescreationsde.celineinmyworldmedium.com\/wp-content\/uploads\/2022\/09\/Separateur_synthetique_perles_noires_avec_dragon_dore.jpg","width":1080,"height":826,"caption":"S\u00e9parateur synth\u00e9tique perles noires avec dragon dor\u00e9"},{"@type":"BreadcrumbList","@id":"https:\/\/lescreationsde.celineinmyworldmedium.com\/index.php\/produit\/separateur-synthetique-perles-noires-avec-dragon-dore\/#breadcrumb","itemListElement":[{"@type":"ListItem","position":1,"name":"Accueil","item":"https:\/\/lescreationsde.celineinmyworldmedium.com\/"},{"@type":"ListItem","position":2,"name":"Produits","item":"https:\/\/lescreationsde.celineinmyworldmedium.com\/index.php\/boutique\/"},{"@type":"ListItem","position":3,"name":"S\u00e9parateur synth\u00e9tique perles noires avec dragon dor\u00e9"}]},{"@type":"WebSite","@id":"https:\/\/lescreationsde.celineinmyworldmedium.com\/#website","url":"https:\/\/lescreationsde.celineinmyworldmedium.com\/","name":"Les cr\u00e9ations de C\u00e9line Inmyworld","description":"Cr\u00e9ation de bijoux personnalis\u00e9s, sur-mesure, en pierres semi-pr\u00e9cieuses de qualit\u00e9. Bracelets, boucles d&#039;oreilles, colliers, sautoirs, malas, cha\u00eenes de cheville, bagues...\u2764","publisher":{"@id":"https:\/\/lescreationsde.celineinmyworldmedium.com\/#organization"},"potentialAction":[{"@type":"SearchAction","target":{"@type":"EntryPoint","urlTemplate":"https:\/\/lescreationsde.celineinmyworldmedium.com\/?s={search_term_string}"},"query-input":{"@type":"PropertyValueSpecification","valueRequired":true,"valueName":"search_term_string"}}],"inLanguage":"fr-FR"},{"@type":"Organization","@id":"https:\/\/lescreationsde.celineinmyworldmedium.com\/#organization","name":"Les cr\u00e9ations de C\u00e9line Inmyworld","url":"https:\/\/lescreationsde.celineinmyworldmedium.com\/","logo":{"@type":"ImageObject","inLanguage":"fr-FR","@id":"https:\/\/lescreationsde.celineinmyworldmedium.com\/#\/schema\/logo\/image\/","url":"https:\/\/lescreationsde.celineinmyworldmedium.com\/wp-content\/uploads\/2021\/03\/logo_creations3.png","contentUrl":"https:\/\/lescreationsde.celineinmyworldmedium.com\/wp-content\/uploads\/2021\/03\/logo_creations3.png","width":613,"height":190,"caption":"Les cr\u00e9ations de C\u00e9line Inmyworld"},"image":{"@id":"https:\/\/lescreationsde.celineinmyworldmedium.com\/#\/schema\/logo\/image\/"}}]}},"jetpack_sharing_enabled":true,"_links":{"self":[{"href":"https:\/\/lescreationsde.celineinmyworldmedium.com\/index.php\/wp-json\/wp\/v2\/product\/5823","targetHints":{"allow":["GET"]}}],"collection":[{"href":"https:\/\/lescreationsde.celineinmyworldmedium.com\/index.php\/wp-json\/wp\/v2\/product"}],"about":[{"href":"https:\/\/lescreationsde.celineinmyworldmedium.com\/index.php\/wp-json\/wp\/v2\/types\/product"}],"replies":[{"embeddable":true,"href":"https:\/\/lescreationsde.celineinmyworldmedium.com\/index.php\/wp-json\/wp\/v2\/comments?post=5823"}],"wp:featuredmedia":[{"embeddable":true,"href":"https:\/\/lescreationsde.celineinmyworldmedium.com\/index.php\/wp-json\/wp\/v2\/media\/5825"}],"wp:attachment":[{"href":"https:\/\/lescreationsde.celineinmyworldmedium.com\/index.php\/wp-json\/wp\/v2\/media?parent=5823"}],"wp:term":[{"taxonomy":"product_brand","embeddable":true,"href":"https:\/\/lescreationsde.celineinmyworldmedium.com\/index.php\/wp-json\/wp\/v2\/product_brand?post=5823"},{"taxonomy":"product_cat","embeddable":true,"href":"https:\/\/lescreationsde.celineinmyworldmedium.com\/index.php\/wp-json\/wp\/v2\/product_cat?post=5823"},{"taxonomy":"product_tag","embeddable":true,"href":"https:\/\/lescreationsde.celineinmyworldmedium.com\/index.php\/wp-json\/wp\/v2\/product_tag?post=5823"}],"curies":[{"name":"wp","href":"https:\/\/api.w.org\/{rel}","templated":true}]}}