{"id":5712,"date":"2022-04-09T21:53:37","date_gmt":"2022-04-09T19:53:37","guid":{"rendered":"https:\/\/lescreationsde.celineinmyworldmedium.com\/?post_type=product&#038;p=5712"},"modified":"2023-09-19T22:12:55","modified_gmt":"2023-09-19T20:12:55","slug":"separateur-6mm-argente-n6","status":"publish","type":"product","link":"https:\/\/lescreationsde.celineinmyworldmedium.com\/index.php\/produit\/separateur-6mm-argente-n6\/","title":{"rendered":"S\u00e9parateur 6mm argent\u00e9 N\u00b06"},"content":{"rendered":"<p><em>Accessoire bijou espaceur\/s\u00e9parateur fantaisie. Celui-ci a la forme d&rsquo;un anneau avec symboles. Son diam\u00e8tre est de 6mm. Ce type d&rsquo;espaceurs permet de personnaliser vos colliers, boucles d&rsquo;oreilles ou bracelets pour qu&rsquo;ils soient uniques et \u00e0 votre go\u00fbt.<\/em><\/p>\n","protected":false},"excerpt":{"rendered":"<p>Accessoire bijou espaceur\/s\u00e9parateur fantaisie. Celui-ci a la forme d&rsquo;un anneau avec symboles. Son diam\u00e8tre est de 6mm. Ce type d&rsquo;espaceurs permet de personnaliser vos colliers, boucles d&rsquo;oreilles ou bracelets pour qu&rsquo;ils soient uniques et \u00e0 votre go\u00fbt.<\/p>\n","protected":false},"featured_media":5713,"comment_status":"open","ping_status":"closed","template":"","meta":[],"product_brand":[],"product_cat":[214,215,509,90],"product_tag":[531,1228,528,42,38,25,213,16,1227,529,530,1319,105,79,116,532,1531,1532],"class_list":{"0":"post-5712","1":"product","2":"type-product","3":"status-publish","4":"has-post-thumbnail","6":"product_cat-accessoires","7":"product_cat-separateurs","8":"product_cat-couleur-argentee-espaceurs","9":"product_cat-catalogue","10":"product_tag-accessoire","11":"product_tag-anthracite","12":"product_tag-argente","13":"product_tag-bijou","14":"product_tag-bijoux","15":"product_tag-bracelet","16":"product_tag-charm","17":"product_tag-collier","18":"product_tag-dore","19":"product_tag-espaceur","20":"product_tag-fantaisie","21":"product_tag-fleur-denrobage-de-perles","22":"product_tag-hematite","23":"product_tag-perle","24":"product_tag-perles","25":"product_tag-separateur","26":"product_tag-separateur-6mm","27":"product_tag-symboles","29":"first","30":"instock","31":"shipping-taxable","32":"purchasable","33":"product-type-simple"},"yoast_head":"<!-- This site is optimized with the Yoast SEO plugin v27.2 - https:\/\/yoast.com\/product\/yoast-seo-wordpress\/ -->\n<title>S\u00e9parateur 6mm argent\u00e9 N\u00b06 - Les cr\u00e9ations de C\u00e9line Inmyworld<\/title>\n<meta name=\"description\" content=\"Il a la forme d&#039;un anneau avec symboles. Son diam\u00e8tre est de 6mm. Ce type d&#039;espaceurs apportent un cot\u00e9 fantaisiste au bracelet ou au collier choisi.\" \/>\n<meta name=\"robots\" content=\"index, follow, max-snippet:-1, max-image-preview:large, max-video-preview:-1\" \/>\n<link rel=\"canonical\" href=\"https:\/\/lescreationsde.celineinmyworldmedium.com\/index.php\/produit\/separateur-6mm-argente-n6\/\" \/>\n<meta property=\"og:locale\" content=\"fr_FR\" \/>\n<meta property=\"og:type\" content=\"article\" \/>\n<meta property=\"og:title\" content=\"S\u00e9parateur 6mm argent\u00e9 N\u00b06 - Les cr\u00e9ations de C\u00e9line Inmyworld\" \/>\n<meta property=\"og:description\" content=\"Il a la forme d&#039;un anneau avec symboles. Son diam\u00e8tre est de 6mm. Ce type d&#039;espaceurs apportent un cot\u00e9 fantaisiste au bracelet ou au collier choisi.\" \/>\n<meta property=\"og:url\" content=\"https:\/\/lescreationsde.celineinmyworldmedium.com\/index.php\/produit\/separateur-6mm-argente-n6\/\" \/>\n<meta property=\"og:site_name\" content=\"Les cr\u00e9ations de C\u00e9line Inmyworld\" \/>\n<meta property=\"article:modified_time\" content=\"2023-09-19T20:12:55+00:00\" \/>\n<meta property=\"og:image\" content=\"https:\/\/lescreationsde.celineinmyworldmedium.com\/wp-content\/uploads\/2022\/09\/Separateur_6mm_argente_6.jpg\" \/>\n\t<meta property=\"og:image:width\" content=\"1280\" \/>\n\t<meta property=\"og:image:height\" content=\"960\" \/>\n\t<meta property=\"og:image:type\" content=\"image\/jpeg\" \/>\n<meta name=\"twitter:card\" content=\"summary_large_image\" \/>\n<meta name=\"twitter:label1\" content=\"Dur\u00e9e de lecture estim\u00e9e\" \/>\n\t<meta name=\"twitter:data1\" content=\"1 minute\" \/>\n<script type=\"application\/ld+json\" class=\"yoast-schema-graph\">{\"@context\":\"https:\/\/schema.org\",\"@graph\":[{\"@type\":\"WebPage\",\"@id\":\"https:\/\/lescreationsde.celineinmyworldmedium.com\/index.php\/produit\/separateur-6mm-argente-n6\/\",\"url\":\"https:\/\/lescreationsde.celineinmyworldmedium.com\/index.php\/produit\/separateur-6mm-argente-n6\/\",\"name\":\"S\u00e9parateur 6mm argent\u00e9 N\u00b06 - Les cr\u00e9ations de C\u00e9line Inmyworld\",\"isPartOf\":{\"@id\":\"https:\/\/lescreationsde.celineinmyworldmedium.com\/#website\"},\"primaryImageOfPage\":{\"@id\":\"https:\/\/lescreationsde.celineinmyworldmedium.com\/index.php\/produit\/separateur-6mm-argente-n6\/#primaryimage\"},\"image\":{\"@id\":\"https:\/\/lescreationsde.celineinmyworldmedium.com\/index.php\/produit\/separateur-6mm-argente-n6\/#primaryimage\"},\"thumbnailUrl\":\"https:\/\/lescreationsde.celineinmyworldmedium.com\/wp-content\/uploads\/2022\/09\/Separateur_6mm_argente_6.jpg\",\"datePublished\":\"2022-04-09T19:53:37+00:00\",\"dateModified\":\"2023-09-19T20:12:55+00:00\",\"description\":\"Il a la forme d'un anneau avec symboles. Son diam\u00e8tre est de 6mm. Ce type d'espaceurs apportent un cot\u00e9 fantaisiste au bracelet ou au collier choisi.\",\"breadcrumb\":{\"@id\":\"https:\/\/lescreationsde.celineinmyworldmedium.com\/index.php\/produit\/separateur-6mm-argente-n6\/#breadcrumb\"},\"inLanguage\":\"fr-FR\",\"potentialAction\":[{\"@type\":\"ReadAction\",\"target\":[\"https:\/\/lescreationsde.celineinmyworldmedium.com\/index.php\/produit\/separateur-6mm-argente-n6\/\"]}]},{\"@type\":\"ImageObject\",\"inLanguage\":\"fr-FR\",\"@id\":\"https:\/\/lescreationsde.celineinmyworldmedium.com\/index.php\/produit\/separateur-6mm-argente-n6\/#primaryimage\",\"url\":\"https:\/\/lescreationsde.celineinmyworldmedium.com\/wp-content\/uploads\/2022\/09\/Separateur_6mm_argente_6.jpg\",\"contentUrl\":\"https:\/\/lescreationsde.celineinmyworldmedium.com\/wp-content\/uploads\/2022\/09\/Separateur_6mm_argente_6.jpg\",\"width\":1280,\"height\":960,\"caption\":\"S\u00e9parateur 6mm argent\u00e9 N\u00b06\"},{\"@type\":\"BreadcrumbList\",\"@id\":\"https:\/\/lescreationsde.celineinmyworldmedium.com\/index.php\/produit\/separateur-6mm-argente-n6\/#breadcrumb\",\"itemListElement\":[{\"@type\":\"ListItem\",\"position\":1,\"name\":\"Accueil\",\"item\":\"https:\/\/lescreationsde.celineinmyworldmedium.com\/\"},{\"@type\":\"ListItem\",\"position\":2,\"name\":\"Produits\",\"item\":\"https:\/\/lescreationsde.celineinmyworldmedium.com\/index.php\/boutique\/\"},{\"@type\":\"ListItem\",\"position\":3,\"name\":\"S\u00e9parateur 6mm argent\u00e9 N\u00b06\"}]},{\"@type\":\"WebSite\",\"@id\":\"https:\/\/lescreationsde.celineinmyworldmedium.com\/#website\",\"url\":\"https:\/\/lescreationsde.celineinmyworldmedium.com\/\",\"name\":\"Les cr\u00e9ations de C\u00e9line Inmyworld\",\"description\":\"Cr\u00e9ation de bijoux personnalis\u00e9s, sur-mesure, en pierres semi-pr\u00e9cieuses de qualit\u00e9. Bracelets, boucles d&#039;oreilles, colliers, sautoirs, malas, cha\u00eenes de cheville, bagues...\u2764\",\"publisher\":{\"@id\":\"https:\/\/lescreationsde.celineinmyworldmedium.com\/#organization\"},\"potentialAction\":[{\"@type\":\"SearchAction\",\"target\":{\"@type\":\"EntryPoint\",\"urlTemplate\":\"https:\/\/lescreationsde.celineinmyworldmedium.com\/?s={search_term_string}\"},\"query-input\":{\"@type\":\"PropertyValueSpecification\",\"valueRequired\":true,\"valueName\":\"search_term_string\"}}],\"inLanguage\":\"fr-FR\"},{\"@type\":\"Organization\",\"@id\":\"https:\/\/lescreationsde.celineinmyworldmedium.com\/#organization\",\"name\":\"Les cr\u00e9ations de C\u00e9line Inmyworld\",\"url\":\"https:\/\/lescreationsde.celineinmyworldmedium.com\/\",\"logo\":{\"@type\":\"ImageObject\",\"inLanguage\":\"fr-FR\",\"@id\":\"https:\/\/lescreationsde.celineinmyworldmedium.com\/#\/schema\/logo\/image\/\",\"url\":\"https:\/\/lescreationsde.celineinmyworldmedium.com\/wp-content\/uploads\/2021\/03\/logo_creations3.png\",\"contentUrl\":\"https:\/\/lescreationsde.celineinmyworldmedium.com\/wp-content\/uploads\/2021\/03\/logo_creations3.png\",\"width\":613,\"height\":190,\"caption\":\"Les cr\u00e9ations de C\u00e9line Inmyworld\"},\"image\":{\"@id\":\"https:\/\/lescreationsde.celineinmyworldmedium.com\/#\/schema\/logo\/image\/\"}}]}<\/script>\n<!-- \/ Yoast SEO plugin. -->","yoast_head_json":{"title":"S\u00e9parateur 6mm argent\u00e9 N\u00b06 - Les cr\u00e9ations de C\u00e9line Inmyworld","description":"Il a la forme d'un anneau avec symboles. Son diam\u00e8tre est de 6mm. Ce type d'espaceurs apportent un cot\u00e9 fantaisiste au bracelet ou au collier choisi.","robots":{"index":"index","follow":"follow","max-snippet":"max-snippet:-1","max-image-preview":"max-image-preview:large","max-video-preview":"max-video-preview:-1"},"canonical":"https:\/\/lescreationsde.celineinmyworldmedium.com\/index.php\/produit\/separateur-6mm-argente-n6\/","og_locale":"fr_FR","og_type":"article","og_title":"S\u00e9parateur 6mm argent\u00e9 N\u00b06 - Les cr\u00e9ations de C\u00e9line Inmyworld","og_description":"Il a la forme d'un anneau avec symboles. Son diam\u00e8tre est de 6mm. Ce type d'espaceurs apportent un cot\u00e9 fantaisiste au bracelet ou au collier choisi.","og_url":"https:\/\/lescreationsde.celineinmyworldmedium.com\/index.php\/produit\/separateur-6mm-argente-n6\/","og_site_name":"Les cr\u00e9ations de C\u00e9line Inmyworld","article_modified_time":"2023-09-19T20:12:55+00:00","og_image":[{"width":1280,"height":960,"url":"https:\/\/lescreationsde.celineinmyworldmedium.com\/wp-content\/uploads\/2022\/09\/Separateur_6mm_argente_6.jpg","type":"image\/jpeg"}],"twitter_card":"summary_large_image","twitter_misc":{"Dur\u00e9e de lecture estim\u00e9e":"1 minute"},"schema":{"@context":"https:\/\/schema.org","@graph":[{"@type":"WebPage","@id":"https:\/\/lescreationsde.celineinmyworldmedium.com\/index.php\/produit\/separateur-6mm-argente-n6\/","url":"https:\/\/lescreationsde.celineinmyworldmedium.com\/index.php\/produit\/separateur-6mm-argente-n6\/","name":"S\u00e9parateur 6mm argent\u00e9 N\u00b06 - Les cr\u00e9ations de C\u00e9line Inmyworld","isPartOf":{"@id":"https:\/\/lescreationsde.celineinmyworldmedium.com\/#website"},"primaryImageOfPage":{"@id":"https:\/\/lescreationsde.celineinmyworldmedium.com\/index.php\/produit\/separateur-6mm-argente-n6\/#primaryimage"},"image":{"@id":"https:\/\/lescreationsde.celineinmyworldmedium.com\/index.php\/produit\/separateur-6mm-argente-n6\/#primaryimage"},"thumbnailUrl":"https:\/\/lescreationsde.celineinmyworldmedium.com\/wp-content\/uploads\/2022\/09\/Separateur_6mm_argente_6.jpg","datePublished":"2022-04-09T19:53:37+00:00","dateModified":"2023-09-19T20:12:55+00:00","description":"Il a la forme d'un anneau avec symboles. Son diam\u00e8tre est de 6mm. Ce type d'espaceurs apportent un cot\u00e9 fantaisiste au bracelet ou au collier choisi.","breadcrumb":{"@id":"https:\/\/lescreationsde.celineinmyworldmedium.com\/index.php\/produit\/separateur-6mm-argente-n6\/#breadcrumb"},"inLanguage":"fr-FR","potentialAction":[{"@type":"ReadAction","target":["https:\/\/lescreationsde.celineinmyworldmedium.com\/index.php\/produit\/separateur-6mm-argente-n6\/"]}]},{"@type":"ImageObject","inLanguage":"fr-FR","@id":"https:\/\/lescreationsde.celineinmyworldmedium.com\/index.php\/produit\/separateur-6mm-argente-n6\/#primaryimage","url":"https:\/\/lescreationsde.celineinmyworldmedium.com\/wp-content\/uploads\/2022\/09\/Separateur_6mm_argente_6.jpg","contentUrl":"https:\/\/lescreationsde.celineinmyworldmedium.com\/wp-content\/uploads\/2022\/09\/Separateur_6mm_argente_6.jpg","width":1280,"height":960,"caption":"S\u00e9parateur 6mm argent\u00e9 N\u00b06"},{"@type":"BreadcrumbList","@id":"https:\/\/lescreationsde.celineinmyworldmedium.com\/index.php\/produit\/separateur-6mm-argente-n6\/#breadcrumb","itemListElement":[{"@type":"ListItem","position":1,"name":"Accueil","item":"https:\/\/lescreationsde.celineinmyworldmedium.com\/"},{"@type":"ListItem","position":2,"name":"Produits","item":"https:\/\/lescreationsde.celineinmyworldmedium.com\/index.php\/boutique\/"},{"@type":"ListItem","position":3,"name":"S\u00e9parateur 6mm argent\u00e9 N\u00b06"}]},{"@type":"WebSite","@id":"https:\/\/lescreationsde.celineinmyworldmedium.com\/#website","url":"https:\/\/lescreationsde.celineinmyworldmedium.com\/","name":"Les cr\u00e9ations de C\u00e9line Inmyworld","description":"Cr\u00e9ation de bijoux personnalis\u00e9s, sur-mesure, en pierres semi-pr\u00e9cieuses de qualit\u00e9. Bracelets, boucles d&#039;oreilles, colliers, sautoirs, malas, cha\u00eenes de cheville, bagues...\u2764","publisher":{"@id":"https:\/\/lescreationsde.celineinmyworldmedium.com\/#organization"},"potentialAction":[{"@type":"SearchAction","target":{"@type":"EntryPoint","urlTemplate":"https:\/\/lescreationsde.celineinmyworldmedium.com\/?s={search_term_string}"},"query-input":{"@type":"PropertyValueSpecification","valueRequired":true,"valueName":"search_term_string"}}],"inLanguage":"fr-FR"},{"@type":"Organization","@id":"https:\/\/lescreationsde.celineinmyworldmedium.com\/#organization","name":"Les cr\u00e9ations de C\u00e9line Inmyworld","url":"https:\/\/lescreationsde.celineinmyworldmedium.com\/","logo":{"@type":"ImageObject","inLanguage":"fr-FR","@id":"https:\/\/lescreationsde.celineinmyworldmedium.com\/#\/schema\/logo\/image\/","url":"https:\/\/lescreationsde.celineinmyworldmedium.com\/wp-content\/uploads\/2021\/03\/logo_creations3.png","contentUrl":"https:\/\/lescreationsde.celineinmyworldmedium.com\/wp-content\/uploads\/2021\/03\/logo_creations3.png","width":613,"height":190,"caption":"Les cr\u00e9ations de C\u00e9line Inmyworld"},"image":{"@id":"https:\/\/lescreationsde.celineinmyworldmedium.com\/#\/schema\/logo\/image\/"}}]}},"jetpack_sharing_enabled":true,"_links":{"self":[{"href":"https:\/\/lescreationsde.celineinmyworldmedium.com\/index.php\/wp-json\/wp\/v2\/product\/5712","targetHints":{"allow":["GET"]}}],"collection":[{"href":"https:\/\/lescreationsde.celineinmyworldmedium.com\/index.php\/wp-json\/wp\/v2\/product"}],"about":[{"href":"https:\/\/lescreationsde.celineinmyworldmedium.com\/index.php\/wp-json\/wp\/v2\/types\/product"}],"replies":[{"embeddable":true,"href":"https:\/\/lescreationsde.celineinmyworldmedium.com\/index.php\/wp-json\/wp\/v2\/comments?post=5712"}],"wp:featuredmedia":[{"embeddable":true,"href":"https:\/\/lescreationsde.celineinmyworldmedium.com\/index.php\/wp-json\/wp\/v2\/media\/5713"}],"wp:attachment":[{"href":"https:\/\/lescreationsde.celineinmyworldmedium.com\/index.php\/wp-json\/wp\/v2\/media?parent=5712"}],"wp:term":[{"taxonomy":"product_brand","embeddable":true,"href":"https:\/\/lescreationsde.celineinmyworldmedium.com\/index.php\/wp-json\/wp\/v2\/product_brand?post=5712"},{"taxonomy":"product_cat","embeddable":true,"href":"https:\/\/lescreationsde.celineinmyworldmedium.com\/index.php\/wp-json\/wp\/v2\/product_cat?post=5712"},{"taxonomy":"product_tag","embeddable":true,"href":"https:\/\/lescreationsde.celineinmyworldmedium.com\/index.php\/wp-json\/wp\/v2\/product_tag?post=5712"}],"curies":[{"name":"wp","href":"https:\/\/api.w.org\/{rel}","templated":true}]}}