{"id":5140,"date":"2024-02-07T14:21:24","date_gmt":"2024-02-07T13:21:24","guid":{"rendered":"https:\/\/lescreationsde.celineinmyworldmedium.com\/?post_type=product&#038;p=5140"},"modified":"2024-02-26T17:53:42","modified_gmt":"2024-02-26T16:53:42","slug":"pendentif-et-chaine-fleur-de-vie","status":"publish","type":"product","link":"https:\/\/lescreationsde.celineinmyworldmedium.com\/index.php\/produit\/pendentif-et-chaine-fleur-de-vie\/","title":{"rendered":"Pendentif et cha\u00eene Fleur de Vie"},"content":{"rendered":"<h4>La vertu de la fleur de vie :<\/h4>\n<p><strong><em>La Fleur de Vie, est un symbole universel de protection, d\u2019harmonie, de cr\u00e9ativit\u00e9, de fertilit\u00e9, d\u2019ancrage et d\u2019abondance.<\/em><\/strong><\/p>\n<p>La fleur de vie est un symbole g\u00e9om\u00e9trique tr\u00e8s ancien. Bas\u00e9 sur une s\u00e9rie de cercles de m\u00eame dimension, ils s\u2019entrecroisent en rosace. On obtient une forme hexagonale. \u00c0 l\u2019int\u00e9rieur de laquelle le centre de chaque cercle est positionn\u00e9 sur la circonf\u00e9rence de six cercles qui l\u2019entourent. La fleur de vie est g\u00e9n\u00e9ralement repr\u00e9sent\u00e9e par 19 cercles.<\/p>\n<p>Diam\u00e8tre de le Fleur 30 mm.<\/p>\n<p><em>(Cha\u00eenes disponibles dor\u00e9es ou argent\u00e9es.)<\/em><\/p>\n","protected":false},"excerpt":{"rendered":"<table>\n<tbody>\n<tr>\n<td style=\"texte-align: left; color: gray; border: none;\"><strong>Hors frais d\u2019exp\u00e9dition<\/strong><\/td>\n<\/tr>\n<tr>\n<td style=\"texte-align: left; color: gray; border: none;\"><strong>Bijoux confectionn\u00e9s sur-mesure, sur commande<\/strong><\/td>\n<\/tr>\n<tr>\n<td style=\"texte-align: left; color: gray; border: none;\"><strong>D\u00e9lai de confection environ 30 jours<\/strong><\/td>\n<\/tr>\n<tr>\n<td style=\"texte-align: left; color: gray; border: none;\"><strong>longeur de cha\u00eene au choix<\/strong><\/td>\n<\/tr>\n<p><!--\n\n\n<tr>\n\n\n<td style=\"texte-align: left; background: darkcyan; color: white; border: 2px;\"><strong>R\u00e9assort en f\u00e9vrier 2022<\/strong><\/td>\n\n\n<\/tr>\n\n\n--><\/tbody>\n<\/table>\n","protected":false},"featured_media":7588,"comment_status":"open","ping_status":"closed","template":"","meta":[],"product_brand":[],"product_cat":[607,967,202],"product_tag":[125,152,106,42,44,38,47,538,43,41,40,39,23,25,36,34,26,37,35,126,16,24,45,17,33,32,1772,27,638,22,28,149,18],"class_list":{"0":"post-5140","1":"product","2":"type-product","3":"status-publish","4":"has-post-thumbnail","6":"product_cat-pendentifs","7":"product_cat-pendentifs-creations","8":"product_cat-fleur-de-vie","9":"product_tag-abalone","10":"product_tag-amour","11":"product_tag-argent","12":"product_tag-bijou","13":"product_tag-bijou-energetique","14":"product_tag-bijoux","15":"product_tag-bijoux-anti-allergies","16":"product_tag-bijoux-antiallergies","17":"product_tag-bijoux-energetiques","18":"product_tag-bijoux-fait-main","19":"product_tag-bijoux-personnalises","20":"product_tag-bijoux-sur-mesure","21":"product_tag-boucles-doreilles","22":"product_tag-bracelet","23":"product_tag-bracelet-femme","24":"product_tag-bracelet-homme","25":"product_tag-bracelets","26":"product_tag-bracelets-femme","27":"product_tag-bracelets-homme","28":"product_tag-chakras","29":"product_tag-collier","30":"product_tag-collier-femme","31":"product_tag-collier-personnalise","32":"product_tag-colliers","33":"product_tag-energetique","34":"product_tag-lithotherapie","35":"product_tag-pendentif-et-chaine","36":"product_tag-pierre","37":"product_tag-pierre-de-lave-plaquee-dore","38":"product_tag-pierre-semi-precieuse","39":"product_tag-pierres-naturelles","40":"product_tag-protection","41":"product_tag-sautoir","43":"first","44":"instock","45":"sold-individually","46":"shipping-taxable","47":"purchasable","48":"product-type-variable"},"yoast_head":"<!-- This site is optimized with the Yoast SEO plugin v27.2 - https:\/\/yoast.com\/product\/yoast-seo-wordpress\/ -->\n<title>Pendentif et cha\u00eene Fleur de Vie - Les cr\u00e9ations de C\u00e9line Inmyworld<\/title>\n<meta name=\"description\" content=\"Pendentif Fleur de vie, pour l&#039;abondance, avec cordon. Bas\u00e9 sur une s\u00e9rie de cercles de m\u00eame dimension, ils s\u2019entrecroisent en rosace.\" \/>\n<meta name=\"robots\" content=\"index, follow, max-snippet:-1, max-image-preview:large, max-video-preview:-1\" \/>\n<link rel=\"canonical\" href=\"https:\/\/lescreationsde.celineinmyworldmedium.com\/index.php\/produit\/pendentif-et-chaine-fleur-de-vie\/\" \/>\n<meta property=\"og:locale\" content=\"fr_FR\" \/>\n<meta property=\"og:type\" content=\"article\" \/>\n<meta property=\"og:title\" content=\"Pendentif et cha\u00eene Fleur de Vie - Les cr\u00e9ations de C\u00e9line Inmyworld\" \/>\n<meta property=\"og:description\" content=\"Pendentif Fleur de vie, pour l&#039;abondance, avec cordon. Bas\u00e9 sur une s\u00e9rie de cercles de m\u00eame dimension, ils s\u2019entrecroisent en rosace.\" \/>\n<meta property=\"og:url\" content=\"https:\/\/lescreationsde.celineinmyworldmedium.com\/index.php\/produit\/pendentif-et-chaine-fleur-de-vie\/\" \/>\n<meta property=\"og:site_name\" content=\"Les cr\u00e9ations de C\u00e9line Inmyworld\" \/>\n<meta property=\"article:modified_time\" content=\"2024-02-26T16:53:42+00:00\" \/>\n<meta property=\"og:image\" content=\"https:\/\/lescreationsde.celineinmyworldmedium.com\/wp-content\/uploads\/2022\/07\/Pendentif_et_chaine_Fleur_de_Vie_doree.jpg\" \/>\n\t<meta property=\"og:image:width\" content=\"960\" \/>\n\t<meta property=\"og:image:height\" content=\"960\" \/>\n\t<meta property=\"og:image:type\" content=\"image\/jpeg\" \/>\n<meta name=\"twitter:card\" content=\"summary_large_image\" \/>\n<meta name=\"twitter:label1\" content=\"Dur\u00e9e de lecture estim\u00e9e\" \/>\n\t<meta name=\"twitter:data1\" content=\"1 minute\" \/>\n<script type=\"application\/ld+json\" class=\"yoast-schema-graph\">{\"@context\":\"https:\/\/schema.org\",\"@graph\":[{\"@type\":\"WebPage\",\"@id\":\"https:\/\/lescreationsde.celineinmyworldmedium.com\/index.php\/produit\/pendentif-et-chaine-fleur-de-vie\/\",\"url\":\"https:\/\/lescreationsde.celineinmyworldmedium.com\/index.php\/produit\/pendentif-et-chaine-fleur-de-vie\/\",\"name\":\"Pendentif et cha\u00eene Fleur de Vie - Les cr\u00e9ations de C\u00e9line Inmyworld\",\"isPartOf\":{\"@id\":\"https:\/\/lescreationsde.celineinmyworldmedium.com\/#website\"},\"primaryImageOfPage\":{\"@id\":\"https:\/\/lescreationsde.celineinmyworldmedium.com\/index.php\/produit\/pendentif-et-chaine-fleur-de-vie\/#primaryimage\"},\"image\":{\"@id\":\"https:\/\/lescreationsde.celineinmyworldmedium.com\/index.php\/produit\/pendentif-et-chaine-fleur-de-vie\/#primaryimage\"},\"thumbnailUrl\":\"https:\/\/lescreationsde.celineinmyworldmedium.com\/wp-content\/uploads\/2022\/07\/Pendentif_et_chaine_Fleur_de_Vie_doree.jpg\",\"datePublished\":\"2024-02-07T13:21:24+00:00\",\"dateModified\":\"2024-02-26T16:53:42+00:00\",\"description\":\"Pendentif Fleur de vie, pour l'abondance, avec cordon. Bas\u00e9 sur une s\u00e9rie de cercles de m\u00eame dimension, ils s\u2019entrecroisent en rosace.\",\"breadcrumb\":{\"@id\":\"https:\/\/lescreationsde.celineinmyworldmedium.com\/index.php\/produit\/pendentif-et-chaine-fleur-de-vie\/#breadcrumb\"},\"inLanguage\":\"fr-FR\",\"potentialAction\":[{\"@type\":\"ReadAction\",\"target\":[\"https:\/\/lescreationsde.celineinmyworldmedium.com\/index.php\/produit\/pendentif-et-chaine-fleur-de-vie\/\"]}]},{\"@type\":\"ImageObject\",\"inLanguage\":\"fr-FR\",\"@id\":\"https:\/\/lescreationsde.celineinmyworldmedium.com\/index.php\/produit\/pendentif-et-chaine-fleur-de-vie\/#primaryimage\",\"url\":\"https:\/\/lescreationsde.celineinmyworldmedium.com\/wp-content\/uploads\/2022\/07\/Pendentif_et_chaine_Fleur_de_Vie_doree.jpg\",\"contentUrl\":\"https:\/\/lescreationsde.celineinmyworldmedium.com\/wp-content\/uploads\/2022\/07\/Pendentif_et_chaine_Fleur_de_Vie_doree.jpg\",\"width\":960,\"height\":960,\"caption\":\"Pendentif et cha\u00eene Fleur de Vie dor\u00e9e\"},{\"@type\":\"BreadcrumbList\",\"@id\":\"https:\/\/lescreationsde.celineinmyworldmedium.com\/index.php\/produit\/pendentif-et-chaine-fleur-de-vie\/#breadcrumb\",\"itemListElement\":[{\"@type\":\"ListItem\",\"position\":1,\"name\":\"Accueil\",\"item\":\"https:\/\/lescreationsde.celineinmyworldmedium.com\/\"},{\"@type\":\"ListItem\",\"position\":2,\"name\":\"Produits\",\"item\":\"https:\/\/lescreationsde.celineinmyworldmedium.com\/index.php\/boutique\/\"},{\"@type\":\"ListItem\",\"position\":3,\"name\":\"Pendentif et cha\u00eene Fleur de Vie\"}]},{\"@type\":\"WebSite\",\"@id\":\"https:\/\/lescreationsde.celineinmyworldmedium.com\/#website\",\"url\":\"https:\/\/lescreationsde.celineinmyworldmedium.com\/\",\"name\":\"Les cr\u00e9ations de C\u00e9line Inmyworld\",\"description\":\"Cr\u00e9ation de bijoux personnalis\u00e9s, sur-mesure, en pierres semi-pr\u00e9cieuses de qualit\u00e9. Bracelets, boucles d&#039;oreilles, colliers, sautoirs, malas, cha\u00eenes de cheville, bagues...\u2764\",\"publisher\":{\"@id\":\"https:\/\/lescreationsde.celineinmyworldmedium.com\/#organization\"},\"potentialAction\":[{\"@type\":\"SearchAction\",\"target\":{\"@type\":\"EntryPoint\",\"urlTemplate\":\"https:\/\/lescreationsde.celineinmyworldmedium.com\/?s={search_term_string}\"},\"query-input\":{\"@type\":\"PropertyValueSpecification\",\"valueRequired\":true,\"valueName\":\"search_term_string\"}}],\"inLanguage\":\"fr-FR\"},{\"@type\":\"Organization\",\"@id\":\"https:\/\/lescreationsde.celineinmyworldmedium.com\/#organization\",\"name\":\"Les cr\u00e9ations de C\u00e9line Inmyworld\",\"url\":\"https:\/\/lescreationsde.celineinmyworldmedium.com\/\",\"logo\":{\"@type\":\"ImageObject\",\"inLanguage\":\"fr-FR\",\"@id\":\"https:\/\/lescreationsde.celineinmyworldmedium.com\/#\/schema\/logo\/image\/\",\"url\":\"https:\/\/lescreationsde.celineinmyworldmedium.com\/wp-content\/uploads\/2021\/03\/logo_creations3.png\",\"contentUrl\":\"https:\/\/lescreationsde.celineinmyworldmedium.com\/wp-content\/uploads\/2021\/03\/logo_creations3.png\",\"width\":613,\"height\":190,\"caption\":\"Les cr\u00e9ations de C\u00e9line Inmyworld\"},\"image\":{\"@id\":\"https:\/\/lescreationsde.celineinmyworldmedium.com\/#\/schema\/logo\/image\/\"}}]}<\/script>\n<!-- \/ Yoast SEO plugin. -->","yoast_head_json":{"title":"Pendentif et cha\u00eene Fleur de Vie - Les cr\u00e9ations de C\u00e9line Inmyworld","description":"Pendentif Fleur de vie, pour l'abondance, avec cordon. Bas\u00e9 sur une s\u00e9rie de cercles de m\u00eame dimension, ils s\u2019entrecroisent en rosace.","robots":{"index":"index","follow":"follow","max-snippet":"max-snippet:-1","max-image-preview":"max-image-preview:large","max-video-preview":"max-video-preview:-1"},"canonical":"https:\/\/lescreationsde.celineinmyworldmedium.com\/index.php\/produit\/pendentif-et-chaine-fleur-de-vie\/","og_locale":"fr_FR","og_type":"article","og_title":"Pendentif et cha\u00eene Fleur de Vie - Les cr\u00e9ations de C\u00e9line Inmyworld","og_description":"Pendentif Fleur de vie, pour l'abondance, avec cordon. Bas\u00e9 sur une s\u00e9rie de cercles de m\u00eame dimension, ils s\u2019entrecroisent en rosace.","og_url":"https:\/\/lescreationsde.celineinmyworldmedium.com\/index.php\/produit\/pendentif-et-chaine-fleur-de-vie\/","og_site_name":"Les cr\u00e9ations de C\u00e9line Inmyworld","article_modified_time":"2024-02-26T16:53:42+00:00","og_image":[{"width":960,"height":960,"url":"https:\/\/lescreationsde.celineinmyworldmedium.com\/wp-content\/uploads\/2022\/07\/Pendentif_et_chaine_Fleur_de_Vie_doree.jpg","type":"image\/jpeg"}],"twitter_card":"summary_large_image","twitter_misc":{"Dur\u00e9e de lecture estim\u00e9e":"1 minute"},"schema":{"@context":"https:\/\/schema.org","@graph":[{"@type":"WebPage","@id":"https:\/\/lescreationsde.celineinmyworldmedium.com\/index.php\/produit\/pendentif-et-chaine-fleur-de-vie\/","url":"https:\/\/lescreationsde.celineinmyworldmedium.com\/index.php\/produit\/pendentif-et-chaine-fleur-de-vie\/","name":"Pendentif et cha\u00eene Fleur de Vie - Les cr\u00e9ations de C\u00e9line Inmyworld","isPartOf":{"@id":"https:\/\/lescreationsde.celineinmyworldmedium.com\/#website"},"primaryImageOfPage":{"@id":"https:\/\/lescreationsde.celineinmyworldmedium.com\/index.php\/produit\/pendentif-et-chaine-fleur-de-vie\/#primaryimage"},"image":{"@id":"https:\/\/lescreationsde.celineinmyworldmedium.com\/index.php\/produit\/pendentif-et-chaine-fleur-de-vie\/#primaryimage"},"thumbnailUrl":"https:\/\/lescreationsde.celineinmyworldmedium.com\/wp-content\/uploads\/2022\/07\/Pendentif_et_chaine_Fleur_de_Vie_doree.jpg","datePublished":"2024-02-07T13:21:24+00:00","dateModified":"2024-02-26T16:53:42+00:00","description":"Pendentif Fleur de vie, pour l'abondance, avec cordon. Bas\u00e9 sur une s\u00e9rie de cercles de m\u00eame dimension, ils s\u2019entrecroisent en rosace.","breadcrumb":{"@id":"https:\/\/lescreationsde.celineinmyworldmedium.com\/index.php\/produit\/pendentif-et-chaine-fleur-de-vie\/#breadcrumb"},"inLanguage":"fr-FR","potentialAction":[{"@type":"ReadAction","target":["https:\/\/lescreationsde.celineinmyworldmedium.com\/index.php\/produit\/pendentif-et-chaine-fleur-de-vie\/"]}]},{"@type":"ImageObject","inLanguage":"fr-FR","@id":"https:\/\/lescreationsde.celineinmyworldmedium.com\/index.php\/produit\/pendentif-et-chaine-fleur-de-vie\/#primaryimage","url":"https:\/\/lescreationsde.celineinmyworldmedium.com\/wp-content\/uploads\/2022\/07\/Pendentif_et_chaine_Fleur_de_Vie_doree.jpg","contentUrl":"https:\/\/lescreationsde.celineinmyworldmedium.com\/wp-content\/uploads\/2022\/07\/Pendentif_et_chaine_Fleur_de_Vie_doree.jpg","width":960,"height":960,"caption":"Pendentif et cha\u00eene Fleur de Vie dor\u00e9e"},{"@type":"BreadcrumbList","@id":"https:\/\/lescreationsde.celineinmyworldmedium.com\/index.php\/produit\/pendentif-et-chaine-fleur-de-vie\/#breadcrumb","itemListElement":[{"@type":"ListItem","position":1,"name":"Accueil","item":"https:\/\/lescreationsde.celineinmyworldmedium.com\/"},{"@type":"ListItem","position":2,"name":"Produits","item":"https:\/\/lescreationsde.celineinmyworldmedium.com\/index.php\/boutique\/"},{"@type":"ListItem","position":3,"name":"Pendentif et cha\u00eene Fleur de Vie"}]},{"@type":"WebSite","@id":"https:\/\/lescreationsde.celineinmyworldmedium.com\/#website","url":"https:\/\/lescreationsde.celineinmyworldmedium.com\/","name":"Les cr\u00e9ations de C\u00e9line Inmyworld","description":"Cr\u00e9ation de bijoux personnalis\u00e9s, sur-mesure, en pierres semi-pr\u00e9cieuses de qualit\u00e9. Bracelets, boucles d&#039;oreilles, colliers, sautoirs, malas, cha\u00eenes de cheville, bagues...\u2764","publisher":{"@id":"https:\/\/lescreationsde.celineinmyworldmedium.com\/#organization"},"potentialAction":[{"@type":"SearchAction","target":{"@type":"EntryPoint","urlTemplate":"https:\/\/lescreationsde.celineinmyworldmedium.com\/?s={search_term_string}"},"query-input":{"@type":"PropertyValueSpecification","valueRequired":true,"valueName":"search_term_string"}}],"inLanguage":"fr-FR"},{"@type":"Organization","@id":"https:\/\/lescreationsde.celineinmyworldmedium.com\/#organization","name":"Les cr\u00e9ations de C\u00e9line Inmyworld","url":"https:\/\/lescreationsde.celineinmyworldmedium.com\/","logo":{"@type":"ImageObject","inLanguage":"fr-FR","@id":"https:\/\/lescreationsde.celineinmyworldmedium.com\/#\/schema\/logo\/image\/","url":"https:\/\/lescreationsde.celineinmyworldmedium.com\/wp-content\/uploads\/2021\/03\/logo_creations3.png","contentUrl":"https:\/\/lescreationsde.celineinmyworldmedium.com\/wp-content\/uploads\/2021\/03\/logo_creations3.png","width":613,"height":190,"caption":"Les cr\u00e9ations de C\u00e9line Inmyworld"},"image":{"@id":"https:\/\/lescreationsde.celineinmyworldmedium.com\/#\/schema\/logo\/image\/"}}]}},"jetpack_sharing_enabled":true,"_links":{"self":[{"href":"https:\/\/lescreationsde.celineinmyworldmedium.com\/index.php\/wp-json\/wp\/v2\/product\/5140","targetHints":{"allow":["GET"]}}],"collection":[{"href":"https:\/\/lescreationsde.celineinmyworldmedium.com\/index.php\/wp-json\/wp\/v2\/product"}],"about":[{"href":"https:\/\/lescreationsde.celineinmyworldmedium.com\/index.php\/wp-json\/wp\/v2\/types\/product"}],"replies":[{"embeddable":true,"href":"https:\/\/lescreationsde.celineinmyworldmedium.com\/index.php\/wp-json\/wp\/v2\/comments?post=5140"}],"wp:featuredmedia":[{"embeddable":true,"href":"https:\/\/lescreationsde.celineinmyworldmedium.com\/index.php\/wp-json\/wp\/v2\/media\/7588"}],"wp:attachment":[{"href":"https:\/\/lescreationsde.celineinmyworldmedium.com\/index.php\/wp-json\/wp\/v2\/media?parent=5140"}],"wp:term":[{"taxonomy":"product_brand","embeddable":true,"href":"https:\/\/lescreationsde.celineinmyworldmedium.com\/index.php\/wp-json\/wp\/v2\/product_brand?post=5140"},{"taxonomy":"product_cat","embeddable":true,"href":"https:\/\/lescreationsde.celineinmyworldmedium.com\/index.php\/wp-json\/wp\/v2\/product_cat?post=5140"},{"taxonomy":"product_tag","embeddable":true,"href":"https:\/\/lescreationsde.celineinmyworldmedium.com\/index.php\/wp-json\/wp\/v2\/product_tag?post=5140"}],"curies":[{"name":"wp","href":"https:\/\/api.w.org\/{rel}","templated":true}]}}