{"id":5037,"date":"2022-06-05T17:49:01","date_gmt":"2022-06-05T15:49:01","guid":{"rendered":"https:\/\/lescreationsde.celineinmyworldmedium.com\/?post_type=product&#038;p=5037"},"modified":"2024-03-11T19:25:32","modified_gmt":"2024-03-11T18:25:32","slug":"collier-de-protection-pour-lamour-et-le-chakra-du-coeur-en-quartz-rose-et-hematite-plaquee-doree-avec-cube-de-metatron","status":"publish","type":"product","link":"https:\/\/lescreationsde.celineinmyworldmedium.com\/index.php\/produit\/collier-de-protection-pour-lamour-et-le-chakra-du-coeur-en-quartz-rose-et-hematite-plaquee-doree-avec-cube-de-metatron\/","title":{"rendered":"Collier de protection pour l&rsquo;amour et le chakra du coeur, en Quartz rose et H\u00e9matite plaqu\u00e9e dor\u00e9e avec Cube de M\u00e9tatron"},"content":{"rendered":"<h4>1 &#8211; Les vertus du quartz rose :<\/h4>\n<p>Domaine\u00a0<strong>spirituel<\/strong>, celui de l\u2019\u00eatre humain avec ses intentions, ses buts ou ses pr\u00e9occupations existentielles :<\/p>\n<p><strong>Sensibilit\u00e9.<\/strong><\/p>\n<p>Domaine de\u00a0<strong>l\u2019\u00e2me<\/strong>\u00a0ou du subconscient, ainsi que les notions de temp\u00e9rament, de sentiments, de sensations, de r\u00eaves, de v\u00e9cu sur le plan animique, d\u2019habitudes et de r\u00e9actions inconscientes :<\/p>\n<p><strong>Augmente la capacit\u00e9 intuitive, aide en cas de difficult\u00e9s sexuelles.<\/strong><\/p>\n<p>Domaine\u00a0<strong>mental<\/strong>\u00a0avec les id\u00e9es, la raison, les convictions, les consid\u00e9rations, ainsi que le mode de pens\u00e9e et d\u2019action consciente :<\/p>\n<p><strong>Met en lumi\u00e8re ses propres besoins et les d\u00e9sirs d\u2019autrui.<\/strong><\/p>\n<p>Domaine\u00a0<strong>physique<\/strong>\u00a0ou corporel, l\u2019ensemble de l\u2019organisme avec les sens, les organes et les fonctions :<\/p>\n<p><strong>Harmonise le rythme cardiaque, stimule les organes sexuels et la fertilit\u00e9.<\/strong><\/p>\n<h4>2 &#8211; Les vertus de l\u2019h\u00e9matite :<\/h4>\n<p>Domaine\u00a0<strong>spirituel<\/strong>, celui de l\u2019\u00eatre humain avec ses intentions, ses buts ou ses pr\u00e9occupations existentielles :<\/p>\n<p><strong>Am\u00e9lioration.<\/strong><\/p>\n<p>Domaine de\u00a0<strong>l\u2019\u00e2me<\/strong>\u00a0ou du subconscient, ainsi que les notions de temp\u00e9rament, de sentiments, de sensations, de r\u00eaves, de v\u00e9cu sur le plan animique, d\u2019habitudes et de r\u00e9actions inconscientes :<\/p>\n<p><strong>Renforce la volont\u00e9 et met en lumi\u00e8re les d\u00e9sirs inassouvis.<\/strong><\/p>\n<p>Domaine\u00a0<strong>mental<\/strong>\u00a0avec les id\u00e9es, la raison, les convictions, les consid\u00e9rations, ainsi que le mode de pens\u00e9e et d\u2019action consciente :<\/p>\n<p><strong>Attire l\u2019attention sur les besoins \u00e9l\u00e9mentaires et le bien-\u00eatre du corps.<\/strong><\/p>\n<p>Domaine\u00a0<strong>physique<\/strong>\u00a0ou corporel, l\u2019ensemble de l\u2019organisme avec les sens, les organes et les fonctions :<\/p>\n<p><strong>Favorise l\u2019assimilation du fer et l\u2019h\u00e9matopo\u00ef\u00e8se, fortifie l\u2019intestin gr\u00eale, le gros intestin et les reins.<\/strong><\/p>\n<p><em><strong>Le cube de M\u00e9tatron :<\/strong><br \/>\nLe Cube de M\u00e9tatron est l\u2019un des symboles les plus puissants de la g\u00e9om\u00e9trique sacr\u00e9e qui superpose l\u2019ensemble des Solides de Platon ainsi que la Merkaba sur une seule et m\u00eame figure g\u00e9om\u00e9trique. Il r\u00e9v\u00e8le les secrets les mieux gard\u00e9s de l\u2019Univers et de sa cr\u00e9ation.<\/em><br \/>\n<em>Le cube de M\u00e9tatron est le symbole dont le taux vibratoire est le plus \u00e9lev\u00e9, ayant une action directe sur la personne ou sur un lieu quelconque. C\u2019est la protection la plus puissante contre toutes les \u00e9nergies n\u00e9gatives qui existent.<\/em><\/p>\n","protected":false},"excerpt":{"rendered":"<table>\n<tbody>\n<tr>\n<td style=\"texte-align: left; color: gray; border: none;\"><strong>Hors frais d\u2019exp\u00e9dition<\/strong><\/td>\n<\/tr>\n<tr>\n<td style=\"texte-align: left; color: gray; border: none;\"><strong>Bijoux confectionn\u00e9s sur-mesure, sur commande<br \/>Les couleurs et motifs des pierres varient d&rsquo;un bijou \u00e0 un autre<br \/>D\u00e9lai de confection environ 30 jours<\/strong><\/td>\n<\/tr>\n<tr>\n<td style=\"texte-align: left; color: green; border: none;\"><a href=\"https:\/\/lescreationsde.celineinmyworldmedium.com\/index.php\/categorie-produit\/pendentifs-grands\/\" target=\"_blank\" rel=\"noopener\"><strong>Voir les diff\u00e9rents pendentif (grands)<\/strong><\/a><\/td>\n<\/tr>\n<tr>\n<td style=\"texte-align: left; color: green; border: none;\"><a href=\"https:\/\/lescreationsde.celineinmyworldmedium.com\/index.php\/categorie-produit\/catalogue\/accessoires\/fermoirs\/\" target=\"_blank\" rel=\"noopener\"><strong>Voir les diff\u00e9rents fermoirs<\/strong><\/a><\/td>\n<\/tr>\n<tr>\n<td style=\"texte-align: left; color: green; border: none;\"><a href=\"https:\/\/lescreationsde.celineinmyworldmedium.com\/index.php\/categorie-produit\/catalogue\/accessoires\/mousquetons\/\" target=\"_blank\" rel=\"noopener\"><strong>Voir les diff\u00e9rents mousquetons<\/strong><\/a><\/td>\n<\/tr>\n<\/tbody>\n<\/table>\n","protected":false},"featured_media":5036,"comment_status":"open","ping_status":"closed","template":"","meta":[],"product_brand":[],"product_cat":[29,617,468],"product_tag":[152,106,42,44,38,47,538,43,41,40,39,23,25,36,34,26,37,35,16,1330,24,45,17,33,539,105,32,27,22,28,149,408,18],"class_list":{"0":"post-5037","1":"product","2":"type-product","3":"status-publish","4":"has-post-thumbnail","6":"product_cat-colliers","7":"product_cat-hematite-pierres","8":"product_cat-quartz-pierres","9":"product_tag-amour","10":"product_tag-argent","11":"product_tag-bijou","12":"product_tag-bijou-energetique","13":"product_tag-bijoux","14":"product_tag-bijoux-anti-allergies","15":"product_tag-bijoux-antiallergies","16":"product_tag-bijoux-energetiques","17":"product_tag-bijoux-fait-main","18":"product_tag-bijoux-personnalises","19":"product_tag-bijoux-sur-mesure","20":"product_tag-boucles-doreilles","21":"product_tag-bracelet","22":"product_tag-bracelet-femme","23":"product_tag-bracelet-homme","24":"product_tag-bracelets","25":"product_tag-bracelets-femme","26":"product_tag-bracelets-homme","27":"product_tag-collier","28":"product_tag-collier-de-protection-pour-lamour-et-le-chakra-du-coeur-avec-cube-de-metatron","29":"product_tag-collier-femme","30":"product_tag-collier-personnalise","31":"product_tag-colliers","32":"product_tag-energetique","33":"product_tag-fermoir-magnetique","34":"product_tag-hematite","35":"product_tag-lithotherapie","36":"product_tag-pierre","37":"product_tag-pierre-semi-precieuse","38":"product_tag-pierres-naturelles","39":"product_tag-protection","40":"product_tag-quartz-rose","41":"product_tag-sautoir","43":"first","44":"instock","45":"sold-individually","46":"shipping-taxable","47":"purchasable","48":"product-type-variable"},"yoast_head":"<!-- This site is optimized with the Yoast SEO plugin v27.2 - https:\/\/yoast.com\/product\/yoast-seo-wordpress\/ -->\n<title>Collier de protection pour l&#039;amour et le chakra du coeur, en Quartz<\/title>\n<meta name=\"description\" content=\"Motivation. Reconstituant, d\u00e9sacidifiant, combat le rachitisme, l\u2019arthrose, l\u2019ost\u00e9oporose et aide \u00e0 la gu\u00e9rison des fractures.\" \/>\n<meta name=\"robots\" content=\"index, follow, max-snippet:-1, max-image-preview:large, max-video-preview:-1\" \/>\n<link rel=\"canonical\" href=\"https:\/\/lescreationsde.celineinmyworldmedium.com\/index.php\/produit\/collier-de-protection-pour-lamour-et-le-chakra-du-coeur-en-quartz-rose-et-hematite-plaquee-doree-avec-cube-de-metatron\/\" \/>\n<meta property=\"og:locale\" content=\"fr_FR\" \/>\n<meta property=\"og:type\" content=\"article\" \/>\n<meta property=\"og:title\" content=\"Collier de protection pour l&#039;amour et le chakra du coeur, en Quartz\" \/>\n<meta property=\"og:description\" content=\"Motivation. Reconstituant, d\u00e9sacidifiant, combat le rachitisme, l\u2019arthrose, l\u2019ost\u00e9oporose et aide \u00e0 la gu\u00e9rison des fractures.\" \/>\n<meta property=\"og:url\" content=\"https:\/\/lescreationsde.celineinmyworldmedium.com\/index.php\/produit\/collier-de-protection-pour-lamour-et-le-chakra-du-coeur-en-quartz-rose-et-hematite-plaquee-doree-avec-cube-de-metatron\/\" \/>\n<meta property=\"og:site_name\" content=\"Les cr\u00e9ations de C\u00e9line Inmyworld\" \/>\n<meta property=\"article:modified_time\" content=\"2024-03-11T18:25:32+00:00\" \/>\n<meta property=\"og:image\" content=\"https:\/\/lescreationsde.celineinmyworldmedium.com\/wp-content\/uploads\/2022\/06\/Collier_de_protection_pour_l-chakra_du_coeur_en_Quartz_rose_et_Hematite_plaquee_doree_avec_Cube_de_Metatron.jpg\" \/>\n\t<meta property=\"og:image:width\" content=\"1046\" \/>\n\t<meta property=\"og:image:height\" content=\"1280\" \/>\n\t<meta property=\"og:image:type\" content=\"image\/jpeg\" \/>\n<meta name=\"twitter:card\" content=\"summary_large_image\" \/>\n<meta name=\"twitter:label1\" content=\"Dur\u00e9e de lecture estim\u00e9e\" \/>\n\t<meta name=\"twitter:data1\" content=\"2 minutes\" \/>\n<script type=\"application\/ld+json\" class=\"yoast-schema-graph\">{\"@context\":\"https:\/\/schema.org\",\"@graph\":[{\"@type\":\"WebPage\",\"@id\":\"https:\/\/lescreationsde.celineinmyworldmedium.com\/index.php\/produit\/collier-de-protection-pour-lamour-et-le-chakra-du-coeur-en-quartz-rose-et-hematite-plaquee-doree-avec-cube-de-metatron\/\",\"url\":\"https:\/\/lescreationsde.celineinmyworldmedium.com\/index.php\/produit\/collier-de-protection-pour-lamour-et-le-chakra-du-coeur-en-quartz-rose-et-hematite-plaquee-doree-avec-cube-de-metatron\/\",\"name\":\"Collier de protection pour l'amour et le chakra du coeur, en Quartz\",\"isPartOf\":{\"@id\":\"https:\/\/lescreationsde.celineinmyworldmedium.com\/#website\"},\"primaryImageOfPage\":{\"@id\":\"https:\/\/lescreationsde.celineinmyworldmedium.com\/index.php\/produit\/collier-de-protection-pour-lamour-et-le-chakra-du-coeur-en-quartz-rose-et-hematite-plaquee-doree-avec-cube-de-metatron\/#primaryimage\"},\"image\":{\"@id\":\"https:\/\/lescreationsde.celineinmyworldmedium.com\/index.php\/produit\/collier-de-protection-pour-lamour-et-le-chakra-du-coeur-en-quartz-rose-et-hematite-plaquee-doree-avec-cube-de-metatron\/#primaryimage\"},\"thumbnailUrl\":\"https:\/\/lescreationsde.celineinmyworldmedium.com\/wp-content\/uploads\/2022\/06\/Collier_de_protection_pour_l-chakra_du_coeur_en_Quartz_rose_et_Hematite_plaquee_doree_avec_Cube_de_Metatron.jpg\",\"datePublished\":\"2022-06-05T15:49:01+00:00\",\"dateModified\":\"2024-03-11T18:25:32+00:00\",\"description\":\"Motivation. Reconstituant, d\u00e9sacidifiant, combat le rachitisme, l\u2019arthrose, l\u2019ost\u00e9oporose et aide \u00e0 la gu\u00e9rison des fractures.\",\"breadcrumb\":{\"@id\":\"https:\/\/lescreationsde.celineinmyworldmedium.com\/index.php\/produit\/collier-de-protection-pour-lamour-et-le-chakra-du-coeur-en-quartz-rose-et-hematite-plaquee-doree-avec-cube-de-metatron\/#breadcrumb\"},\"inLanguage\":\"fr-FR\",\"potentialAction\":[{\"@type\":\"ReadAction\",\"target\":[\"https:\/\/lescreationsde.celineinmyworldmedium.com\/index.php\/produit\/collier-de-protection-pour-lamour-et-le-chakra-du-coeur-en-quartz-rose-et-hematite-plaquee-doree-avec-cube-de-metatron\/\"]}]},{\"@type\":\"ImageObject\",\"inLanguage\":\"fr-FR\",\"@id\":\"https:\/\/lescreationsde.celineinmyworldmedium.com\/index.php\/produit\/collier-de-protection-pour-lamour-et-le-chakra-du-coeur-en-quartz-rose-et-hematite-plaquee-doree-avec-cube-de-metatron\/#primaryimage\",\"url\":\"https:\/\/lescreationsde.celineinmyworldmedium.com\/wp-content\/uploads\/2022\/06\/Collier_de_protection_pour_l-chakra_du_coeur_en_Quartz_rose_et_Hematite_plaquee_doree_avec_Cube_de_Metatron.jpg\",\"contentUrl\":\"https:\/\/lescreationsde.celineinmyworldmedium.com\/wp-content\/uploads\/2022\/06\/Collier_de_protection_pour_l-chakra_du_coeur_en_Quartz_rose_et_Hematite_plaquee_doree_avec_Cube_de_Metatron.jpg\",\"width\":1046,\"height\":1280,\"caption\":\"Collier de protection pour l'amour et le chakra du coeur, en Quartz rose et H\u00e9matite plaqu\u00e9e dor\u00e9e avec Cube de M\u00e9tatron\"},{\"@type\":\"BreadcrumbList\",\"@id\":\"https:\/\/lescreationsde.celineinmyworldmedium.com\/index.php\/produit\/collier-de-protection-pour-lamour-et-le-chakra-du-coeur-en-quartz-rose-et-hematite-plaquee-doree-avec-cube-de-metatron\/#breadcrumb\",\"itemListElement\":[{\"@type\":\"ListItem\",\"position\":1,\"name\":\"Accueil\",\"item\":\"https:\/\/lescreationsde.celineinmyworldmedium.com\/\"},{\"@type\":\"ListItem\",\"position\":2,\"name\":\"Produits\",\"item\":\"https:\/\/lescreationsde.celineinmyworldmedium.com\/index.php\/boutique\/\"},{\"@type\":\"ListItem\",\"position\":3,\"name\":\"Collier de protection pour l&#8217;amour et le chakra du coeur, en Quartz rose et H\u00e9matite plaqu\u00e9e dor\u00e9e avec Cube de M\u00e9tatron\"}]},{\"@type\":\"WebSite\",\"@id\":\"https:\/\/lescreationsde.celineinmyworldmedium.com\/#website\",\"url\":\"https:\/\/lescreationsde.celineinmyworldmedium.com\/\",\"name\":\"Les cr\u00e9ations de C\u00e9line Inmyworld\",\"description\":\"Cr\u00e9ation de bijoux personnalis\u00e9s, sur-mesure, en pierres semi-pr\u00e9cieuses de qualit\u00e9. Bracelets, boucles d&#039;oreilles, colliers, sautoirs, malas, cha\u00eenes de cheville, bagues...\u2764\",\"publisher\":{\"@id\":\"https:\/\/lescreationsde.celineinmyworldmedium.com\/#organization\"},\"potentialAction\":[{\"@type\":\"SearchAction\",\"target\":{\"@type\":\"EntryPoint\",\"urlTemplate\":\"https:\/\/lescreationsde.celineinmyworldmedium.com\/?s={search_term_string}\"},\"query-input\":{\"@type\":\"PropertyValueSpecification\",\"valueRequired\":true,\"valueName\":\"search_term_string\"}}],\"inLanguage\":\"fr-FR\"},{\"@type\":\"Organization\",\"@id\":\"https:\/\/lescreationsde.celineinmyworldmedium.com\/#organization\",\"name\":\"Les cr\u00e9ations de C\u00e9line Inmyworld\",\"url\":\"https:\/\/lescreationsde.celineinmyworldmedium.com\/\",\"logo\":{\"@type\":\"ImageObject\",\"inLanguage\":\"fr-FR\",\"@id\":\"https:\/\/lescreationsde.celineinmyworldmedium.com\/#\/schema\/logo\/image\/\",\"url\":\"https:\/\/lescreationsde.celineinmyworldmedium.com\/wp-content\/uploads\/2021\/03\/logo_creations3.png\",\"contentUrl\":\"https:\/\/lescreationsde.celineinmyworldmedium.com\/wp-content\/uploads\/2021\/03\/logo_creations3.png\",\"width\":613,\"height\":190,\"caption\":\"Les cr\u00e9ations de C\u00e9line Inmyworld\"},\"image\":{\"@id\":\"https:\/\/lescreationsde.celineinmyworldmedium.com\/#\/schema\/logo\/image\/\"}}]}<\/script>\n<!-- \/ Yoast SEO plugin. -->","yoast_head_json":{"title":"Collier de protection pour l'amour et le chakra du coeur, en Quartz","description":"Motivation. Reconstituant, d\u00e9sacidifiant, combat le rachitisme, l\u2019arthrose, l\u2019ost\u00e9oporose et aide \u00e0 la gu\u00e9rison des fractures.","robots":{"index":"index","follow":"follow","max-snippet":"max-snippet:-1","max-image-preview":"max-image-preview:large","max-video-preview":"max-video-preview:-1"},"canonical":"https:\/\/lescreationsde.celineinmyworldmedium.com\/index.php\/produit\/collier-de-protection-pour-lamour-et-le-chakra-du-coeur-en-quartz-rose-et-hematite-plaquee-doree-avec-cube-de-metatron\/","og_locale":"fr_FR","og_type":"article","og_title":"Collier de protection pour l'amour et le chakra du coeur, en Quartz","og_description":"Motivation. Reconstituant, d\u00e9sacidifiant, combat le rachitisme, l\u2019arthrose, l\u2019ost\u00e9oporose et aide \u00e0 la gu\u00e9rison des fractures.","og_url":"https:\/\/lescreationsde.celineinmyworldmedium.com\/index.php\/produit\/collier-de-protection-pour-lamour-et-le-chakra-du-coeur-en-quartz-rose-et-hematite-plaquee-doree-avec-cube-de-metatron\/","og_site_name":"Les cr\u00e9ations de C\u00e9line Inmyworld","article_modified_time":"2024-03-11T18:25:32+00:00","og_image":[{"width":1046,"height":1280,"url":"https:\/\/lescreationsde.celineinmyworldmedium.com\/wp-content\/uploads\/2022\/06\/Collier_de_protection_pour_l-chakra_du_coeur_en_Quartz_rose_et_Hematite_plaquee_doree_avec_Cube_de_Metatron.jpg","type":"image\/jpeg"}],"twitter_card":"summary_large_image","twitter_misc":{"Dur\u00e9e de lecture estim\u00e9e":"2 minutes"},"schema":{"@context":"https:\/\/schema.org","@graph":[{"@type":"WebPage","@id":"https:\/\/lescreationsde.celineinmyworldmedium.com\/index.php\/produit\/collier-de-protection-pour-lamour-et-le-chakra-du-coeur-en-quartz-rose-et-hematite-plaquee-doree-avec-cube-de-metatron\/","url":"https:\/\/lescreationsde.celineinmyworldmedium.com\/index.php\/produit\/collier-de-protection-pour-lamour-et-le-chakra-du-coeur-en-quartz-rose-et-hematite-plaquee-doree-avec-cube-de-metatron\/","name":"Collier de protection pour l'amour et le chakra du coeur, en Quartz","isPartOf":{"@id":"https:\/\/lescreationsde.celineinmyworldmedium.com\/#website"},"primaryImageOfPage":{"@id":"https:\/\/lescreationsde.celineinmyworldmedium.com\/index.php\/produit\/collier-de-protection-pour-lamour-et-le-chakra-du-coeur-en-quartz-rose-et-hematite-plaquee-doree-avec-cube-de-metatron\/#primaryimage"},"image":{"@id":"https:\/\/lescreationsde.celineinmyworldmedium.com\/index.php\/produit\/collier-de-protection-pour-lamour-et-le-chakra-du-coeur-en-quartz-rose-et-hematite-plaquee-doree-avec-cube-de-metatron\/#primaryimage"},"thumbnailUrl":"https:\/\/lescreationsde.celineinmyworldmedium.com\/wp-content\/uploads\/2022\/06\/Collier_de_protection_pour_l-chakra_du_coeur_en_Quartz_rose_et_Hematite_plaquee_doree_avec_Cube_de_Metatron.jpg","datePublished":"2022-06-05T15:49:01+00:00","dateModified":"2024-03-11T18:25:32+00:00","description":"Motivation. Reconstituant, d\u00e9sacidifiant, combat le rachitisme, l\u2019arthrose, l\u2019ost\u00e9oporose et aide \u00e0 la gu\u00e9rison des fractures.","breadcrumb":{"@id":"https:\/\/lescreationsde.celineinmyworldmedium.com\/index.php\/produit\/collier-de-protection-pour-lamour-et-le-chakra-du-coeur-en-quartz-rose-et-hematite-plaquee-doree-avec-cube-de-metatron\/#breadcrumb"},"inLanguage":"fr-FR","potentialAction":[{"@type":"ReadAction","target":["https:\/\/lescreationsde.celineinmyworldmedium.com\/index.php\/produit\/collier-de-protection-pour-lamour-et-le-chakra-du-coeur-en-quartz-rose-et-hematite-plaquee-doree-avec-cube-de-metatron\/"]}]},{"@type":"ImageObject","inLanguage":"fr-FR","@id":"https:\/\/lescreationsde.celineinmyworldmedium.com\/index.php\/produit\/collier-de-protection-pour-lamour-et-le-chakra-du-coeur-en-quartz-rose-et-hematite-plaquee-doree-avec-cube-de-metatron\/#primaryimage","url":"https:\/\/lescreationsde.celineinmyworldmedium.com\/wp-content\/uploads\/2022\/06\/Collier_de_protection_pour_l-chakra_du_coeur_en_Quartz_rose_et_Hematite_plaquee_doree_avec_Cube_de_Metatron.jpg","contentUrl":"https:\/\/lescreationsde.celineinmyworldmedium.com\/wp-content\/uploads\/2022\/06\/Collier_de_protection_pour_l-chakra_du_coeur_en_Quartz_rose_et_Hematite_plaquee_doree_avec_Cube_de_Metatron.jpg","width":1046,"height":1280,"caption":"Collier de protection pour l'amour et le chakra du coeur, en Quartz rose et H\u00e9matite plaqu\u00e9e dor\u00e9e avec Cube de M\u00e9tatron"},{"@type":"BreadcrumbList","@id":"https:\/\/lescreationsde.celineinmyworldmedium.com\/index.php\/produit\/collier-de-protection-pour-lamour-et-le-chakra-du-coeur-en-quartz-rose-et-hematite-plaquee-doree-avec-cube-de-metatron\/#breadcrumb","itemListElement":[{"@type":"ListItem","position":1,"name":"Accueil","item":"https:\/\/lescreationsde.celineinmyworldmedium.com\/"},{"@type":"ListItem","position":2,"name":"Produits","item":"https:\/\/lescreationsde.celineinmyworldmedium.com\/index.php\/boutique\/"},{"@type":"ListItem","position":3,"name":"Collier de protection pour l&#8217;amour et le chakra du coeur, en Quartz rose et H\u00e9matite plaqu\u00e9e dor\u00e9e avec Cube de M\u00e9tatron"}]},{"@type":"WebSite","@id":"https:\/\/lescreationsde.celineinmyworldmedium.com\/#website","url":"https:\/\/lescreationsde.celineinmyworldmedium.com\/","name":"Les cr\u00e9ations de C\u00e9line Inmyworld","description":"Cr\u00e9ation de bijoux personnalis\u00e9s, sur-mesure, en pierres semi-pr\u00e9cieuses de qualit\u00e9. Bracelets, boucles d&#039;oreilles, colliers, sautoirs, malas, cha\u00eenes de cheville, bagues...\u2764","publisher":{"@id":"https:\/\/lescreationsde.celineinmyworldmedium.com\/#organization"},"potentialAction":[{"@type":"SearchAction","target":{"@type":"EntryPoint","urlTemplate":"https:\/\/lescreationsde.celineinmyworldmedium.com\/?s={search_term_string}"},"query-input":{"@type":"PropertyValueSpecification","valueRequired":true,"valueName":"search_term_string"}}],"inLanguage":"fr-FR"},{"@type":"Organization","@id":"https:\/\/lescreationsde.celineinmyworldmedium.com\/#organization","name":"Les cr\u00e9ations de C\u00e9line Inmyworld","url":"https:\/\/lescreationsde.celineinmyworldmedium.com\/","logo":{"@type":"ImageObject","inLanguage":"fr-FR","@id":"https:\/\/lescreationsde.celineinmyworldmedium.com\/#\/schema\/logo\/image\/","url":"https:\/\/lescreationsde.celineinmyworldmedium.com\/wp-content\/uploads\/2021\/03\/logo_creations3.png","contentUrl":"https:\/\/lescreationsde.celineinmyworldmedium.com\/wp-content\/uploads\/2021\/03\/logo_creations3.png","width":613,"height":190,"caption":"Les cr\u00e9ations de C\u00e9line Inmyworld"},"image":{"@id":"https:\/\/lescreationsde.celineinmyworldmedium.com\/#\/schema\/logo\/image\/"}}]}},"jetpack_sharing_enabled":true,"_links":{"self":[{"href":"https:\/\/lescreationsde.celineinmyworldmedium.com\/index.php\/wp-json\/wp\/v2\/product\/5037","targetHints":{"allow":["GET"]}}],"collection":[{"href":"https:\/\/lescreationsde.celineinmyworldmedium.com\/index.php\/wp-json\/wp\/v2\/product"}],"about":[{"href":"https:\/\/lescreationsde.celineinmyworldmedium.com\/index.php\/wp-json\/wp\/v2\/types\/product"}],"replies":[{"embeddable":true,"href":"https:\/\/lescreationsde.celineinmyworldmedium.com\/index.php\/wp-json\/wp\/v2\/comments?post=5037"}],"wp:featuredmedia":[{"embeddable":true,"href":"https:\/\/lescreationsde.celineinmyworldmedium.com\/index.php\/wp-json\/wp\/v2\/media\/5036"}],"wp:attachment":[{"href":"https:\/\/lescreationsde.celineinmyworldmedium.com\/index.php\/wp-json\/wp\/v2\/media?parent=5037"}],"wp:term":[{"taxonomy":"product_brand","embeddable":true,"href":"https:\/\/lescreationsde.celineinmyworldmedium.com\/index.php\/wp-json\/wp\/v2\/product_brand?post=5037"},{"taxonomy":"product_cat","embeddable":true,"href":"https:\/\/lescreationsde.celineinmyworldmedium.com\/index.php\/wp-json\/wp\/v2\/product_cat?post=5037"},{"taxonomy":"product_tag","embeddable":true,"href":"https:\/\/lescreationsde.celineinmyworldmedium.com\/index.php\/wp-json\/wp\/v2\/product_tag?post=5037"}],"curies":[{"name":"wp","href":"https:\/\/api.w.org\/{rel}","templated":true}]}}