{"id":4910,"date":"2022-05-08T09:05:23","date_gmt":"2022-05-08T07:05:23","guid":{"rendered":"https:\/\/lescreationsde.celineinmyworldmedium.com\/?post_type=product&#038;p=4910"},"modified":"2024-03-10T23:58:06","modified_gmt":"2024-03-10T22:58:06","slug":"bracelet-pour-la-serenite-interieure-et-les-problemes-danemie-en-oeil-de-fer-hematite-bronzite-grenat-et-rhodochrosite-avec-fleur-de-lotus","status":"publish","type":"product","link":"https:\/\/lescreationsde.celineinmyworldmedium.com\/index.php\/produit\/bracelet-pour-la-serenite-interieure-et-les-problemes-danemie-en-oeil-de-fer-hematite-bronzite-grenat-et-rhodochrosite-avec-fleur-de-lotus\/","title":{"rendered":"Bracelet pour la s\u00e9r\u00e9nit\u00e9 int\u00e9rieure et les probl\u00e8mes d&rsquo;an\u00e9mie, en Oeil de fer, H\u00e9matite, Bronzite, Grenat et Rhodochrosite avec fleur de lotus"},"content":{"rendered":"<h4>1 &#8211; Les vertus de la bronzite :<\/h4>\n<p>Domaine <strong>spirituel<\/strong>, celui de l\u2019\u00eatre humain avec ses intentions, ses buts ou ses pr\u00e9occupations existentielles :<\/p>\n<p><strong>S\u00e9r\u00e9nit\u00e9 int\u00e9rieure.<\/strong><\/p>\n<p>Domaine de <strong>l\u2019\u00e2me<\/strong> ou du subconscient, ainsi que les notions de temp\u00e9rament, de sentiments, de sensations, de r\u00eaves, de v\u00e9cu sur le plan animique, d\u2019habitudes et de r\u00e9actions inconscientes :<\/p>\n<p><strong>Procure \u00e9lan et en m\u00eame temps du calme int\u00e9rieur ainsi qu\u2019une sensation de r\u00e9cup\u00e9ration en cas de grande fatigue.<\/strong><\/p>\n<p>Domaine <strong>mental<\/strong> avec les id\u00e9es, la raison, les convictions, les consid\u00e9rations, ainsi que le mode de pens\u00e9e et d\u2019action consciente :<\/p>\n<p><strong>Aide \u00e0 garder l\u2019esprit clair et la ma\u00eetrise de soi-m\u00eame en situation de stress permanent.<\/strong><\/p>\n<p>Domaine <strong>physique<\/strong> ou corporel, l\u2019ensemble de l\u2019organisme avec les sens, les organes et les fonctions :<\/p>\n<p><strong>Fortifie les nerfs, a un effet antispasmodique et analg\u00e9sique.<\/strong><\/p>\n<h4>2 &#8211; <strong>Les vertus de l\u2019\u0153il-de-fer :<\/strong><\/h4>\n<p>Domaine <strong>spirituel<\/strong>, celui de l\u2019\u00eatre humain avec ses intentions, ses buts ou ses pr\u00e9occupations existentielles :<\/p>\n<p><strong>Force de vie.<\/strong><\/p>\n<p>Domaine de <strong>l\u2019\u00e2me<\/strong> ou du subconscient, ainsi que les notions de temp\u00e9rament, de sentiments, de sensations, de r\u00eaves, de v\u00e9cu sur le plan animique, d\u2019habitudes et de r\u00e9actions inconscientes :<\/p>\n<p><strong>Aide \u00e0 d\u00e9passer les difficult\u00e9s.<\/strong><\/p>\n<p>Domaine <strong>mental<\/strong> avec les id\u00e9es, la raison, les convictions, les consid\u00e9rations, ainsi que le mode de pens\u00e9e et d\u2019action consciente :<\/p>\n<p><strong>Incite \u00e0 concr\u00e9tiser rapidement et r\u00e9solument des solutions pragmatiques.<\/strong><\/p>\n<p>Domaine <strong>physique<\/strong> ou corporel, l\u2019ensemble de l\u2019organisme avec les sens, les organes et les fonctions :<\/p>\n<p><strong>Utile en cas d\u2019\u00e9puisement, de troubles circulatoires et de manque de fer, stimule l\u2019h\u00e9matopo\u00ef\u00e8se et le transport de l\u2019oxyg\u00e8ne.<\/strong><\/p>\n<h4>3 &#8211; Les vertus de l\u2019h\u00e9matite :<\/h4>\n<p>Domaine <strong>spirituel<\/strong>, celui de l\u2019\u00eatre humain avec ses intentions, ses buts ou ses pr\u00e9occupations existentielles :<\/p>\n<p><strong>Am\u00e9lioration.<\/strong><\/p>\n<p>Domaine de <strong>l\u2019\u00e2me<\/strong> ou du subconscient, ainsi que les notions de temp\u00e9rament, de sentiments, de sensations, de r\u00eaves, de v\u00e9cu sur le plan animique, d\u2019habitudes et de r\u00e9actions inconscientes :<\/p>\n<p><strong>Renforce la volont\u00e9 et met en lumi\u00e8re les d\u00e9sirs inassouvis.<\/strong><\/p>\n<p>Domaine <strong>mental<\/strong> avec les id\u00e9es, la raison, les convictions, les consid\u00e9rations, ainsi que le mode de pens\u00e9e et d\u2019action consciente :<\/p>\n<p><strong>Attire l\u2019attention sur les besoins \u00e9l\u00e9mentaires et le bien-\u00eatre du corps.<\/strong><\/p>\n<p>Domaine <strong>physique<\/strong> ou corporel, l\u2019ensemble de l\u2019organisme avec les sens, les organes et les fonctions :<\/p>\n<p><strong>Favorise l\u2019assimilation du fer et l\u2019h\u00e9matopo\u00ef\u00e8se, fortifie l\u2019intestin gr\u00eale, le gros intestin et les reins.<\/strong><\/p>\n<h4>4 &#8211; Les vertus du grenat (pyrope) :<\/h4>\n<p>Domaine <strong>spirituel<\/strong>, celui de l\u2019\u00eatre humain avec ses intentions, ses buts ou ses pr\u00e9occupations existentielles :<\/p>\n<p><strong>D\u00e9passement des crises, qualit\u00e9 de vie.<\/strong><\/p>\n<p>Domaine de <strong>l\u2019\u00e2me<\/strong> ou du subconscient, ainsi que les notions de temp\u00e9rament, de sentiments, de sensations, de r\u00eaves, de v\u00e9cu sur le plan animique, d\u2019habitudes et de r\u00e9actions inconscientes :<\/p>\n<p><strong>Favorise la s\u00e9r\u00e9nit\u00e9, le courage et l\u2019endurance, r\u00e9duit les blocages, stimule la sexualit\u00e9.<\/strong><\/p>\n<p>Domaine <strong>mental<\/strong> avec les id\u00e9es, la raison, les convictions, les consid\u00e9rations, ainsi que le mode de pens\u00e9e et d\u2019action consciente :<\/p>\n<p><strong>Encourage l\u2019aspiration \u00e0 s\u2019am\u00e9liorer.<\/strong><\/p>\n<p>Domaine <strong>physique<\/strong> ou corporel, l\u2019ensemble de l\u2019organisme avec les sens, les organes et les fonctions :<\/p>\n<p><strong>Am\u00e9liore la qualit\u00e9 du sang et l\u2019irrigation sanguine, aide en cas d\u2019affections de la vessie.<\/strong><\/p>\n<h4>5 &#8211; Les vertus de la rhodocrosite :<\/h4>\n<p>Domaine\u00a0<strong>spirituel<\/strong>, celui de l\u2019\u00eatre humain avec ses intentions, ses buts ou ses pr\u00e9occupations existentielles :<\/p>\n<p><strong>Activit\u00e9.<\/strong><\/p>\n<p>Domaine de\u00a0<strong>l\u2019\u00e2me<\/strong>\u00a0ou du subconscient, ainsi que les notions de temp\u00e9rament, de sentiments, de sensations, de r\u00eaves, de v\u00e9cu sur le plan animique, d\u2019habitudes et de r\u00e9actions inconscientes :<\/p>\n<p><strong>Rend joyeux et \u00e9veill\u00e9, stimule la sexualit\u00e9 et l\u2019\u00e9rotisme.<\/strong><\/p>\n<p>Domaine\u00a0<strong>mental<\/strong>\u00a0avec les id\u00e9es, la raison, les convictions, les consid\u00e9rations, ainsi que le mode de pens\u00e9e et d\u2019action consciente :<\/p>\n<p><strong>Rend dynamique, affair\u00e9, permet de s\u2019acquitter facilement des t\u00e2ches de travail.<\/strong><\/p>\n<p>Domaine\u00a0<strong>physique<\/strong>\u00a0ou corporel, l\u2019ensemble de l\u2019organisme avec les sens, les organes et les fonctions :<\/p>\n<p><strong>Stimule la circulation, augmente la pression art\u00e9rielle, aide en cas de troubles abdominaux et de migraine.<\/strong><\/p>\n<p><em><strong>La fleur de Lotus :<\/strong><br \/>\nDans le bouddhisme, la fleur de lotus symbolise la puret\u00e9 du corps et de l\u2019esprit. L\u2019eau boueuse qui accueille la plante est associ\u00e9e \u00e0 l\u2019attachement et aux d\u00e9sirs charnels, La fleur immacul\u00e9e qui fleurit sur l\u2019eau \u00e0 la recherche de lumi\u00e8re est la promesse de la puret\u00e9 et de l\u2019\u00e9l\u00e9vation spirituelle.<\/em><\/p>\n","protected":false},"excerpt":{"rendered":"<table>\n<tbody>\n<tr>\n<td style=\"texte-align: left; color: gray; border: none;\"><strong>Hors frais d&rsquo;exp\u00e9dition<\/strong><\/td>\n<\/tr>\n<tr>\n<td style=\"texte-align: left; color: gray; border: none;\"><strong>Bijoux confectionn\u00e9s sur-mesure, sur commande<br \/>Les couleurs et motifs des pierres varient d&rsquo;un bijou \u00e0 un autre<br \/>D\u00e9lai de confection environ 30 jours<\/strong><\/td>\n<\/tr>\n<tr>\n<td style=\"texte-align: left; color: blue; border: none;\"><a style=\"color: #a15fe2;\" href=\"https:\/\/lescreationsde.celineinmyworldmedium.com\/index.php\/mesurer-son-tour-de-poignet-pour-bracelets\/\" target=\"_blank\" rel=\"noopener\"><strong>Comment mesurer son tour de poignet<\/strong><\/a><\/td>\n<\/tr>\n<\/tbody>\n<\/table>\n","protected":false},"featured_media":4912,"comment_status":"open","ping_status":"closed","template":"","meta":[],"product_brand":[],"product_cat":[31,601,51,617,645,568],"product_tag":[152,106,42,44,38,47,43,41,40,39,23,25,36,34,1297,26,37,35,46,16,24,45,17,33,276,105,32,647,27,22,28,149,416],"class_list":{"0":"post-4910","1":"product","2":"type-product","3":"status-publish","4":"has-post-thumbnail","6":"product_cat-bracelets","7":"product_cat-bronzite-pierres","8":"product_cat-grenat","9":"product_cat-hematite-pierres","10":"product_cat-oeil-de-fer-pierres","11":"product_cat-rhodocrosite-pierres","12":"product_tag-amour","13":"product_tag-argent","14":"product_tag-bijou","15":"product_tag-bijou-energetique","16":"product_tag-bijoux","17":"product_tag-bijoux-anti-allergies","18":"product_tag-bijoux-energetiques","19":"product_tag-bijoux-fait-main","20":"product_tag-bijoux-personnalises","21":"product_tag-bijoux-sur-mesure","22":"product_tag-boucles-doreilles","23":"product_tag-bracelet","24":"product_tag-bracelet-femme","25":"product_tag-bracelet-homme","26":"product_tag-bracelet-pour-la-serenite-interieure-et-les-problemes-danemie-avec-fleur-de-lotus","27":"product_tag-bracelets","28":"product_tag-bracelets-femme","29":"product_tag-bracelets-homme","30":"product_tag-bronzite","31":"product_tag-collier","32":"product_tag-collier-femme","33":"product_tag-collier-personnalise","34":"product_tag-colliers","35":"product_tag-energetique","36":"product_tag-grenat-pyrope","37":"product_tag-hematite","38":"product_tag-lithotherapie","39":"product_tag-oeil-de-fer","40":"product_tag-pierre","41":"product_tag-pierre-semi-precieuse","42":"product_tag-pierres-naturelles","43":"product_tag-protection","44":"product_tag-rhodocrosite","46":"first","47":"instock","48":"shipping-taxable","49":"purchasable","50":"product-type-variable"},"yoast_head":"<!-- This site is optimized with the Yoast SEO plugin v27.2 - https:\/\/yoast.com\/product\/yoast-seo-wordpress\/ -->\n<title>Bracelet pour la s\u00e9r\u00e9nit\u00e9 int\u00e9rieure et les probl\u00e8mes d&#039;an\u00e9mie, en Oeil de...<\/title>\n<meta name=\"description\" content=\"Aide \u00e0 d\u00e9passer les difficult\u00e9s. Stimule la circulation, augmente la pression art\u00e9rielle, aide en cas de troubles abdominaux et de migraine.\" \/>\n<meta name=\"robots\" content=\"index, follow, max-snippet:-1, max-image-preview:large, max-video-preview:-1\" \/>\n<link rel=\"canonical\" href=\"https:\/\/lescreationsde.celineinmyworldmedium.com\/index.php\/produit\/bracelet-pour-la-serenite-interieure-et-les-problemes-danemie-en-oeil-de-fer-hematite-bronzite-grenat-et-rhodochrosite-avec-fleur-de-lotus\/\" \/>\n<meta property=\"og:locale\" content=\"fr_FR\" \/>\n<meta property=\"og:type\" content=\"article\" \/>\n<meta property=\"og:title\" content=\"Bracelet pour la s\u00e9r\u00e9nit\u00e9 int\u00e9rieure et les probl\u00e8mes d&#039;an\u00e9mie, en Oeil de...\" \/>\n<meta property=\"og:description\" content=\"Aide \u00e0 d\u00e9passer les difficult\u00e9s. Stimule la circulation, augmente la pression art\u00e9rielle, aide en cas de troubles abdominaux et de migraine.\" \/>\n<meta property=\"og:url\" content=\"https:\/\/lescreationsde.celineinmyworldmedium.com\/index.php\/produit\/bracelet-pour-la-serenite-interieure-et-les-problemes-danemie-en-oeil-de-fer-hematite-bronzite-grenat-et-rhodochrosite-avec-fleur-de-lotus\/\" \/>\n<meta property=\"og:site_name\" content=\"Les cr\u00e9ations de C\u00e9line Inmyworld\" \/>\n<meta property=\"article:modified_time\" content=\"2024-03-10T22:58:06+00:00\" \/>\n<meta property=\"og:image\" content=\"https:\/\/lescreationsde.celineinmyworldmedium.com\/wp-content\/uploads\/2022\/05\/Bracelet_pour_la_serenite_interieure_et_les_problemes_danemie_en_Oeil-de-fer_Hematite-Bronzite_Grenat_et_Rhodochrosite_avec_fleur_de_lotus.jpg\" \/>\n\t<meta property=\"og:image:width\" content=\"1011\" \/>\n\t<meta property=\"og:image:height\" content=\"1280\" \/>\n\t<meta property=\"og:image:type\" content=\"image\/jpeg\" \/>\n<meta name=\"twitter:card\" content=\"summary_large_image\" \/>\n<meta name=\"twitter:label1\" content=\"Dur\u00e9e de lecture estim\u00e9e\" \/>\n\t<meta name=\"twitter:data1\" content=\"4 minutes\" \/>\n<script type=\"application\/ld+json\" class=\"yoast-schema-graph\">{\"@context\":\"https:\/\/schema.org\",\"@graph\":[{\"@type\":\"WebPage\",\"@id\":\"https:\/\/lescreationsde.celineinmyworldmedium.com\/index.php\/produit\/bracelet-pour-la-serenite-interieure-et-les-problemes-danemie-en-oeil-de-fer-hematite-bronzite-grenat-et-rhodochrosite-avec-fleur-de-lotus\/\",\"url\":\"https:\/\/lescreationsde.celineinmyworldmedium.com\/index.php\/produit\/bracelet-pour-la-serenite-interieure-et-les-problemes-danemie-en-oeil-de-fer-hematite-bronzite-grenat-et-rhodochrosite-avec-fleur-de-lotus\/\",\"name\":\"Bracelet pour la s\u00e9r\u00e9nit\u00e9 int\u00e9rieure et les probl\u00e8mes d'an\u00e9mie, en Oeil de...\",\"isPartOf\":{\"@id\":\"https:\/\/lescreationsde.celineinmyworldmedium.com\/#website\"},\"primaryImageOfPage\":{\"@id\":\"https:\/\/lescreationsde.celineinmyworldmedium.com\/index.php\/produit\/bracelet-pour-la-serenite-interieure-et-les-problemes-danemie-en-oeil-de-fer-hematite-bronzite-grenat-et-rhodochrosite-avec-fleur-de-lotus\/#primaryimage\"},\"image\":{\"@id\":\"https:\/\/lescreationsde.celineinmyworldmedium.com\/index.php\/produit\/bracelet-pour-la-serenite-interieure-et-les-problemes-danemie-en-oeil-de-fer-hematite-bronzite-grenat-et-rhodochrosite-avec-fleur-de-lotus\/#primaryimage\"},\"thumbnailUrl\":\"https:\/\/lescreationsde.celineinmyworldmedium.com\/wp-content\/uploads\/2022\/05\/Bracelet_pour_la_serenite_interieure_et_les_problemes_danemie_en_Oeil-de-fer_Hematite-Bronzite_Grenat_et_Rhodochrosite_avec_fleur_de_lotus.jpg\",\"datePublished\":\"2022-05-08T07:05:23+00:00\",\"dateModified\":\"2024-03-10T22:58:06+00:00\",\"description\":\"Aide \u00e0 d\u00e9passer les difficult\u00e9s. Stimule la circulation, augmente la pression art\u00e9rielle, aide en cas de troubles abdominaux et de migraine.\",\"breadcrumb\":{\"@id\":\"https:\/\/lescreationsde.celineinmyworldmedium.com\/index.php\/produit\/bracelet-pour-la-serenite-interieure-et-les-problemes-danemie-en-oeil-de-fer-hematite-bronzite-grenat-et-rhodochrosite-avec-fleur-de-lotus\/#breadcrumb\"},\"inLanguage\":\"fr-FR\",\"potentialAction\":[{\"@type\":\"ReadAction\",\"target\":[\"https:\/\/lescreationsde.celineinmyworldmedium.com\/index.php\/produit\/bracelet-pour-la-serenite-interieure-et-les-problemes-danemie-en-oeil-de-fer-hematite-bronzite-grenat-et-rhodochrosite-avec-fleur-de-lotus\/\"]}]},{\"@type\":\"ImageObject\",\"inLanguage\":\"fr-FR\",\"@id\":\"https:\/\/lescreationsde.celineinmyworldmedium.com\/index.php\/produit\/bracelet-pour-la-serenite-interieure-et-les-problemes-danemie-en-oeil-de-fer-hematite-bronzite-grenat-et-rhodochrosite-avec-fleur-de-lotus\/#primaryimage\",\"url\":\"https:\/\/lescreationsde.celineinmyworldmedium.com\/wp-content\/uploads\/2022\/05\/Bracelet_pour_la_serenite_interieure_et_les_problemes_danemie_en_Oeil-de-fer_Hematite-Bronzite_Grenat_et_Rhodochrosite_avec_fleur_de_lotus.jpg\",\"contentUrl\":\"https:\/\/lescreationsde.celineinmyworldmedium.com\/wp-content\/uploads\/2022\/05\/Bracelet_pour_la_serenite_interieure_et_les_problemes_danemie_en_Oeil-de-fer_Hematite-Bronzite_Grenat_et_Rhodochrosite_avec_fleur_de_lotus.jpg\",\"width\":1011,\"height\":1280,\"caption\":\"Bracelet pour la s\u00e9r\u00e9nit\u00e9 int\u00e9rieure et les probl\u00e8mes d'an\u00e9mie, en Oeil-de-fer, H\u00e9matite, Bronzite, Grenat et Rhodochrosite avec fleur de lotus\"},{\"@type\":\"BreadcrumbList\",\"@id\":\"https:\/\/lescreationsde.celineinmyworldmedium.com\/index.php\/produit\/bracelet-pour-la-serenite-interieure-et-les-problemes-danemie-en-oeil-de-fer-hematite-bronzite-grenat-et-rhodochrosite-avec-fleur-de-lotus\/#breadcrumb\",\"itemListElement\":[{\"@type\":\"ListItem\",\"position\":1,\"name\":\"Accueil\",\"item\":\"https:\/\/lescreationsde.celineinmyworldmedium.com\/\"},{\"@type\":\"ListItem\",\"position\":2,\"name\":\"Produits\",\"item\":\"https:\/\/lescreationsde.celineinmyworldmedium.com\/index.php\/boutique\/\"},{\"@type\":\"ListItem\",\"position\":3,\"name\":\"Bracelet pour la s\u00e9r\u00e9nit\u00e9 int\u00e9rieure et les probl\u00e8mes d&#8217;an\u00e9mie, en Oeil de fer, H\u00e9matite, Bronzite, Grenat et Rhodochrosite avec fleur de lotus\"}]},{\"@type\":\"WebSite\",\"@id\":\"https:\/\/lescreationsde.celineinmyworldmedium.com\/#website\",\"url\":\"https:\/\/lescreationsde.celineinmyworldmedium.com\/\",\"name\":\"Les cr\u00e9ations de C\u00e9line Inmyworld\",\"description\":\"Cr\u00e9ation de bijoux personnalis\u00e9s, sur-mesure, en pierres semi-pr\u00e9cieuses de qualit\u00e9. Bracelets, boucles d&#039;oreilles, colliers, sautoirs, malas, cha\u00eenes de cheville, bagues...\u2764\",\"publisher\":{\"@id\":\"https:\/\/lescreationsde.celineinmyworldmedium.com\/#organization\"},\"potentialAction\":[{\"@type\":\"SearchAction\",\"target\":{\"@type\":\"EntryPoint\",\"urlTemplate\":\"https:\/\/lescreationsde.celineinmyworldmedium.com\/?s={search_term_string}\"},\"query-input\":{\"@type\":\"PropertyValueSpecification\",\"valueRequired\":true,\"valueName\":\"search_term_string\"}}],\"inLanguage\":\"fr-FR\"},{\"@type\":\"Organization\",\"@id\":\"https:\/\/lescreationsde.celineinmyworldmedium.com\/#organization\",\"name\":\"Les cr\u00e9ations de C\u00e9line Inmyworld\",\"url\":\"https:\/\/lescreationsde.celineinmyworldmedium.com\/\",\"logo\":{\"@type\":\"ImageObject\",\"inLanguage\":\"fr-FR\",\"@id\":\"https:\/\/lescreationsde.celineinmyworldmedium.com\/#\/schema\/logo\/image\/\",\"url\":\"https:\/\/lescreationsde.celineinmyworldmedium.com\/wp-content\/uploads\/2021\/03\/logo_creations3.png\",\"contentUrl\":\"https:\/\/lescreationsde.celineinmyworldmedium.com\/wp-content\/uploads\/2021\/03\/logo_creations3.png\",\"width\":613,\"height\":190,\"caption\":\"Les cr\u00e9ations de C\u00e9line Inmyworld\"},\"image\":{\"@id\":\"https:\/\/lescreationsde.celineinmyworldmedium.com\/#\/schema\/logo\/image\/\"}}]}<\/script>\n<!-- \/ Yoast SEO plugin. -->","yoast_head_json":{"title":"Bracelet pour la s\u00e9r\u00e9nit\u00e9 int\u00e9rieure et les probl\u00e8mes d'an\u00e9mie, en Oeil de...","description":"Aide \u00e0 d\u00e9passer les difficult\u00e9s. Stimule la circulation, augmente la pression art\u00e9rielle, aide en cas de troubles abdominaux et de migraine.","robots":{"index":"index","follow":"follow","max-snippet":"max-snippet:-1","max-image-preview":"max-image-preview:large","max-video-preview":"max-video-preview:-1"},"canonical":"https:\/\/lescreationsde.celineinmyworldmedium.com\/index.php\/produit\/bracelet-pour-la-serenite-interieure-et-les-problemes-danemie-en-oeil-de-fer-hematite-bronzite-grenat-et-rhodochrosite-avec-fleur-de-lotus\/","og_locale":"fr_FR","og_type":"article","og_title":"Bracelet pour la s\u00e9r\u00e9nit\u00e9 int\u00e9rieure et les probl\u00e8mes d'an\u00e9mie, en Oeil de...","og_description":"Aide \u00e0 d\u00e9passer les difficult\u00e9s. Stimule la circulation, augmente la pression art\u00e9rielle, aide en cas de troubles abdominaux et de migraine.","og_url":"https:\/\/lescreationsde.celineinmyworldmedium.com\/index.php\/produit\/bracelet-pour-la-serenite-interieure-et-les-problemes-danemie-en-oeil-de-fer-hematite-bronzite-grenat-et-rhodochrosite-avec-fleur-de-lotus\/","og_site_name":"Les cr\u00e9ations de C\u00e9line Inmyworld","article_modified_time":"2024-03-10T22:58:06+00:00","og_image":[{"width":1011,"height":1280,"url":"https:\/\/lescreationsde.celineinmyworldmedium.com\/wp-content\/uploads\/2022\/05\/Bracelet_pour_la_serenite_interieure_et_les_problemes_danemie_en_Oeil-de-fer_Hematite-Bronzite_Grenat_et_Rhodochrosite_avec_fleur_de_lotus.jpg","type":"image\/jpeg"}],"twitter_card":"summary_large_image","twitter_misc":{"Dur\u00e9e de lecture estim\u00e9e":"4 minutes"},"schema":{"@context":"https:\/\/schema.org","@graph":[{"@type":"WebPage","@id":"https:\/\/lescreationsde.celineinmyworldmedium.com\/index.php\/produit\/bracelet-pour-la-serenite-interieure-et-les-problemes-danemie-en-oeil-de-fer-hematite-bronzite-grenat-et-rhodochrosite-avec-fleur-de-lotus\/","url":"https:\/\/lescreationsde.celineinmyworldmedium.com\/index.php\/produit\/bracelet-pour-la-serenite-interieure-et-les-problemes-danemie-en-oeil-de-fer-hematite-bronzite-grenat-et-rhodochrosite-avec-fleur-de-lotus\/","name":"Bracelet pour la s\u00e9r\u00e9nit\u00e9 int\u00e9rieure et les probl\u00e8mes d'an\u00e9mie, en Oeil de...","isPartOf":{"@id":"https:\/\/lescreationsde.celineinmyworldmedium.com\/#website"},"primaryImageOfPage":{"@id":"https:\/\/lescreationsde.celineinmyworldmedium.com\/index.php\/produit\/bracelet-pour-la-serenite-interieure-et-les-problemes-danemie-en-oeil-de-fer-hematite-bronzite-grenat-et-rhodochrosite-avec-fleur-de-lotus\/#primaryimage"},"image":{"@id":"https:\/\/lescreationsde.celineinmyworldmedium.com\/index.php\/produit\/bracelet-pour-la-serenite-interieure-et-les-problemes-danemie-en-oeil-de-fer-hematite-bronzite-grenat-et-rhodochrosite-avec-fleur-de-lotus\/#primaryimage"},"thumbnailUrl":"https:\/\/lescreationsde.celineinmyworldmedium.com\/wp-content\/uploads\/2022\/05\/Bracelet_pour_la_serenite_interieure_et_les_problemes_danemie_en_Oeil-de-fer_Hematite-Bronzite_Grenat_et_Rhodochrosite_avec_fleur_de_lotus.jpg","datePublished":"2022-05-08T07:05:23+00:00","dateModified":"2024-03-10T22:58:06+00:00","description":"Aide \u00e0 d\u00e9passer les difficult\u00e9s. Stimule la circulation, augmente la pression art\u00e9rielle, aide en cas de troubles abdominaux et de migraine.","breadcrumb":{"@id":"https:\/\/lescreationsde.celineinmyworldmedium.com\/index.php\/produit\/bracelet-pour-la-serenite-interieure-et-les-problemes-danemie-en-oeil-de-fer-hematite-bronzite-grenat-et-rhodochrosite-avec-fleur-de-lotus\/#breadcrumb"},"inLanguage":"fr-FR","potentialAction":[{"@type":"ReadAction","target":["https:\/\/lescreationsde.celineinmyworldmedium.com\/index.php\/produit\/bracelet-pour-la-serenite-interieure-et-les-problemes-danemie-en-oeil-de-fer-hematite-bronzite-grenat-et-rhodochrosite-avec-fleur-de-lotus\/"]}]},{"@type":"ImageObject","inLanguage":"fr-FR","@id":"https:\/\/lescreationsde.celineinmyworldmedium.com\/index.php\/produit\/bracelet-pour-la-serenite-interieure-et-les-problemes-danemie-en-oeil-de-fer-hematite-bronzite-grenat-et-rhodochrosite-avec-fleur-de-lotus\/#primaryimage","url":"https:\/\/lescreationsde.celineinmyworldmedium.com\/wp-content\/uploads\/2022\/05\/Bracelet_pour_la_serenite_interieure_et_les_problemes_danemie_en_Oeil-de-fer_Hematite-Bronzite_Grenat_et_Rhodochrosite_avec_fleur_de_lotus.jpg","contentUrl":"https:\/\/lescreationsde.celineinmyworldmedium.com\/wp-content\/uploads\/2022\/05\/Bracelet_pour_la_serenite_interieure_et_les_problemes_danemie_en_Oeil-de-fer_Hematite-Bronzite_Grenat_et_Rhodochrosite_avec_fleur_de_lotus.jpg","width":1011,"height":1280,"caption":"Bracelet pour la s\u00e9r\u00e9nit\u00e9 int\u00e9rieure et les probl\u00e8mes d'an\u00e9mie, en Oeil-de-fer, H\u00e9matite, Bronzite, Grenat et Rhodochrosite avec fleur de lotus"},{"@type":"BreadcrumbList","@id":"https:\/\/lescreationsde.celineinmyworldmedium.com\/index.php\/produit\/bracelet-pour-la-serenite-interieure-et-les-problemes-danemie-en-oeil-de-fer-hematite-bronzite-grenat-et-rhodochrosite-avec-fleur-de-lotus\/#breadcrumb","itemListElement":[{"@type":"ListItem","position":1,"name":"Accueil","item":"https:\/\/lescreationsde.celineinmyworldmedium.com\/"},{"@type":"ListItem","position":2,"name":"Produits","item":"https:\/\/lescreationsde.celineinmyworldmedium.com\/index.php\/boutique\/"},{"@type":"ListItem","position":3,"name":"Bracelet pour la s\u00e9r\u00e9nit\u00e9 int\u00e9rieure et les probl\u00e8mes d&#8217;an\u00e9mie, en Oeil de fer, H\u00e9matite, Bronzite, Grenat et Rhodochrosite avec fleur de lotus"}]},{"@type":"WebSite","@id":"https:\/\/lescreationsde.celineinmyworldmedium.com\/#website","url":"https:\/\/lescreationsde.celineinmyworldmedium.com\/","name":"Les cr\u00e9ations de C\u00e9line Inmyworld","description":"Cr\u00e9ation de bijoux personnalis\u00e9s, sur-mesure, en pierres semi-pr\u00e9cieuses de qualit\u00e9. Bracelets, boucles d&#039;oreilles, colliers, sautoirs, malas, cha\u00eenes de cheville, bagues...\u2764","publisher":{"@id":"https:\/\/lescreationsde.celineinmyworldmedium.com\/#organization"},"potentialAction":[{"@type":"SearchAction","target":{"@type":"EntryPoint","urlTemplate":"https:\/\/lescreationsde.celineinmyworldmedium.com\/?s={search_term_string}"},"query-input":{"@type":"PropertyValueSpecification","valueRequired":true,"valueName":"search_term_string"}}],"inLanguage":"fr-FR"},{"@type":"Organization","@id":"https:\/\/lescreationsde.celineinmyworldmedium.com\/#organization","name":"Les cr\u00e9ations de C\u00e9line Inmyworld","url":"https:\/\/lescreationsde.celineinmyworldmedium.com\/","logo":{"@type":"ImageObject","inLanguage":"fr-FR","@id":"https:\/\/lescreationsde.celineinmyworldmedium.com\/#\/schema\/logo\/image\/","url":"https:\/\/lescreationsde.celineinmyworldmedium.com\/wp-content\/uploads\/2021\/03\/logo_creations3.png","contentUrl":"https:\/\/lescreationsde.celineinmyworldmedium.com\/wp-content\/uploads\/2021\/03\/logo_creations3.png","width":613,"height":190,"caption":"Les cr\u00e9ations de C\u00e9line Inmyworld"},"image":{"@id":"https:\/\/lescreationsde.celineinmyworldmedium.com\/#\/schema\/logo\/image\/"}}]}},"jetpack_sharing_enabled":true,"_links":{"self":[{"href":"https:\/\/lescreationsde.celineinmyworldmedium.com\/index.php\/wp-json\/wp\/v2\/product\/4910","targetHints":{"allow":["GET"]}}],"collection":[{"href":"https:\/\/lescreationsde.celineinmyworldmedium.com\/index.php\/wp-json\/wp\/v2\/product"}],"about":[{"href":"https:\/\/lescreationsde.celineinmyworldmedium.com\/index.php\/wp-json\/wp\/v2\/types\/product"}],"replies":[{"embeddable":true,"href":"https:\/\/lescreationsde.celineinmyworldmedium.com\/index.php\/wp-json\/wp\/v2\/comments?post=4910"}],"wp:featuredmedia":[{"embeddable":true,"href":"https:\/\/lescreationsde.celineinmyworldmedium.com\/index.php\/wp-json\/wp\/v2\/media\/4912"}],"wp:attachment":[{"href":"https:\/\/lescreationsde.celineinmyworldmedium.com\/index.php\/wp-json\/wp\/v2\/media?parent=4910"}],"wp:term":[{"taxonomy":"product_brand","embeddable":true,"href":"https:\/\/lescreationsde.celineinmyworldmedium.com\/index.php\/wp-json\/wp\/v2\/product_brand?post=4910"},{"taxonomy":"product_cat","embeddable":true,"href":"https:\/\/lescreationsde.celineinmyworldmedium.com\/index.php\/wp-json\/wp\/v2\/product_cat?post=4910"},{"taxonomy":"product_tag","embeddable":true,"href":"https:\/\/lescreationsde.celineinmyworldmedium.com\/index.php\/wp-json\/wp\/v2\/product_tag?post=4910"}],"curies":[{"name":"wp","href":"https:\/\/api.w.org\/{rel}","templated":true}]}}