{"id":4863,"date":"2022-04-30T23:52:41","date_gmt":"2022-04-30T21:52:41","guid":{"rendered":"https:\/\/lescreationsde.celineinmyworldmedium.com\/?post_type=product&#038;p=4863"},"modified":"2023-09-19T18:54:53","modified_gmt":"2023-09-19T16:54:53","slug":"crochets-boucles-doreilles-plastique-couleur-noir-antiallergie","status":"publish","type":"product","link":"https:\/\/lescreationsde.celineinmyworldmedium.com\/index.php\/produit\/crochets-boucles-doreilles-plastique-couleur-noir-antiallergie\/","title":{"rendered":"Crochets boucles d&rsquo;oreilles plastique couleur noir antiallergie"},"content":{"rendered":"<p><em>Accessoire bijou crochet pour boucles d&rsquo;oreilles (<a href=\"https:\/\/lescreationsde.celineinmyworldmedium.com\/index.php\/categorie-produit\/boucles-doreilles\/\" target=\"_blank\" rel=\"noopener\">voir sur la boutique<\/a>)<\/em><em>. Ces crochets en plastique semi-rigide, permettent d&rsquo;\u00e9viter les r\u00e9actions allergiques aux bijoux fantaisies. Vous pouvez ainsi personnaliser<\/em><em> vos boucles d&rsquo;oreilles, pour qu&rsquo;elles soient uniques et \u00e0 votre go\u00fbt.<\/em><\/p>\n","protected":false},"excerpt":{"rendered":"<p>Accessoire bijou crochet pour boucles d&rsquo;oreilles (voir sur la boutique). Ces crochets en plastique semi-rigide, permettent d&rsquo;\u00e9viter les r\u00e9actions allergiques aux bijoux fantaisies. Vous pouvez ainsi personnaliser vos boucles d&rsquo;oreilles, pour qu&rsquo;elles soient uniques et \u00e0 votre go\u00fbt.<\/p>\n","protected":false},"featured_media":4866,"comment_status":"open","ping_status":"closed","template":"","meta":[],"product_brand":[],"product_cat":[214,480,492,90],"product_tag":[531,42,38,25,213,86,16,1274,1273,530,105,1194,79,1287,532],"class_list":{"0":"post-4863","1":"product","2":"type-product","3":"status-publish","4":"has-post-thumbnail","6":"product_cat-accessoires","7":"product_cat-crochets-boucles-doreilles","8":"product_cat-plastique-noir-antiallergie","9":"product_cat-catalogue","10":"product_tag-accessoire","11":"product_tag-bijou","12":"product_tag-bijoux","13":"product_tag-bracelet","14":"product_tag-charm","15":"product_tag-coeur","16":"product_tag-collier","17":"product_tag-couleur","18":"product_tag-crochets-boucles-doreilles","19":"product_tag-fantaisie","20":"product_tag-hematite","21":"product_tag-noir","22":"product_tag-perle","23":"product_tag-plastique","24":"product_tag-separateur","26":"first","27":"instock","28":"shipping-taxable","29":"purchasable","30":"product-type-simple"},"yoast_head":"<!-- This site is optimized with the Yoast SEO plugin v27.2 - https:\/\/yoast.com\/product\/yoast-seo-wordpress\/ -->\n<title>Crochets boucles d&#039;oreilles plastique couleur noir antiallergie La Boutique<\/title>\n<meta name=\"description\" content=\"Accessoire bijou crochet pour boucles d&#039;oreilles. Vous pouvez ainsi personnaliser vos boucles d&#039;oreilles, pour qu&#039;elles soient uniques...\" \/>\n<meta name=\"robots\" content=\"index, follow, max-snippet:-1, max-image-preview:large, max-video-preview:-1\" \/>\n<link rel=\"canonical\" href=\"https:\/\/lescreationsde.celineinmyworldmedium.com\/index.php\/produit\/crochets-boucles-doreilles-plastique-couleur-noir-antiallergie\/\" \/>\n<meta property=\"og:locale\" content=\"fr_FR\" \/>\n<meta property=\"og:type\" content=\"article\" \/>\n<meta property=\"og:title\" content=\"Crochets boucles d&#039;oreilles plastique couleur noir antiallergie La Boutique\" \/>\n<meta property=\"og:description\" content=\"Accessoire bijou crochet pour boucles d&#039;oreilles. Vous pouvez ainsi personnaliser vos boucles d&#039;oreilles, pour qu&#039;elles soient uniques...\" \/>\n<meta property=\"og:url\" content=\"https:\/\/lescreationsde.celineinmyworldmedium.com\/index.php\/produit\/crochets-boucles-doreilles-plastique-couleur-noir-antiallergie\/\" \/>\n<meta property=\"og:site_name\" content=\"Les cr\u00e9ations de C\u00e9line Inmyworld\" \/>\n<meta property=\"article:modified_time\" content=\"2023-09-19T16:54:53+00:00\" \/>\n<meta property=\"og:image\" content=\"https:\/\/lescreationsde.celineinmyworldmedium.com\/wp-content\/uploads\/2022\/04\/Crochets_boucles_d-oreilles_plastique_couleur_noir_antiallergie.jpg\" \/>\n\t<meta property=\"og:image:width\" content=\"1280\" \/>\n\t<meta property=\"og:image:height\" content=\"960\" \/>\n\t<meta property=\"og:image:type\" content=\"image\/jpeg\" \/>\n<meta name=\"twitter:card\" content=\"summary_large_image\" \/>\n<meta name=\"twitter:label1\" content=\"Dur\u00e9e de lecture estim\u00e9e\" \/>\n\t<meta name=\"twitter:data1\" content=\"1 minute\" \/>\n<script type=\"application\/ld+json\" class=\"yoast-schema-graph\">{\"@context\":\"https:\/\/schema.org\",\"@graph\":[{\"@type\":\"WebPage\",\"@id\":\"https:\/\/lescreationsde.celineinmyworldmedium.com\/index.php\/produit\/crochets-boucles-doreilles-plastique-couleur-noir-antiallergie\/\",\"url\":\"https:\/\/lescreationsde.celineinmyworldmedium.com\/index.php\/produit\/crochets-boucles-doreilles-plastique-couleur-noir-antiallergie\/\",\"name\":\"Crochets boucles d'oreilles plastique couleur noir antiallergie La Boutique\",\"isPartOf\":{\"@id\":\"https:\/\/lescreationsde.celineinmyworldmedium.com\/#website\"},\"primaryImageOfPage\":{\"@id\":\"https:\/\/lescreationsde.celineinmyworldmedium.com\/index.php\/produit\/crochets-boucles-doreilles-plastique-couleur-noir-antiallergie\/#primaryimage\"},\"image\":{\"@id\":\"https:\/\/lescreationsde.celineinmyworldmedium.com\/index.php\/produit\/crochets-boucles-doreilles-plastique-couleur-noir-antiallergie\/#primaryimage\"},\"thumbnailUrl\":\"https:\/\/lescreationsde.celineinmyworldmedium.com\/wp-content\/uploads\/2022\/04\/Crochets_boucles_d-oreilles_plastique_couleur_noir_antiallergie.jpg\",\"datePublished\":\"2022-04-30T21:52:41+00:00\",\"dateModified\":\"2023-09-19T16:54:53+00:00\",\"description\":\"Accessoire bijou crochet pour boucles d'oreilles. Vous pouvez ainsi personnaliser vos boucles d'oreilles, pour qu'elles soient uniques...\",\"breadcrumb\":{\"@id\":\"https:\/\/lescreationsde.celineinmyworldmedium.com\/index.php\/produit\/crochets-boucles-doreilles-plastique-couleur-noir-antiallergie\/#breadcrumb\"},\"inLanguage\":\"fr-FR\",\"potentialAction\":[{\"@type\":\"ReadAction\",\"target\":[\"https:\/\/lescreationsde.celineinmyworldmedium.com\/index.php\/produit\/crochets-boucles-doreilles-plastique-couleur-noir-antiallergie\/\"]}]},{\"@type\":\"ImageObject\",\"inLanguage\":\"fr-FR\",\"@id\":\"https:\/\/lescreationsde.celineinmyworldmedium.com\/index.php\/produit\/crochets-boucles-doreilles-plastique-couleur-noir-antiallergie\/#primaryimage\",\"url\":\"https:\/\/lescreationsde.celineinmyworldmedium.com\/wp-content\/uploads\/2022\/04\/Crochets_boucles_d-oreilles_plastique_couleur_noir_antiallergie.jpg\",\"contentUrl\":\"https:\/\/lescreationsde.celineinmyworldmedium.com\/wp-content\/uploads\/2022\/04\/Crochets_boucles_d-oreilles_plastique_couleur_noir_antiallergie.jpg\",\"width\":1280,\"height\":960,\"caption\":\"Crochets boucles d'oreilles plastique couleur noir antiallergie\"},{\"@type\":\"BreadcrumbList\",\"@id\":\"https:\/\/lescreationsde.celineinmyworldmedium.com\/index.php\/produit\/crochets-boucles-doreilles-plastique-couleur-noir-antiallergie\/#breadcrumb\",\"itemListElement\":[{\"@type\":\"ListItem\",\"position\":1,\"name\":\"Accueil\",\"item\":\"https:\/\/lescreationsde.celineinmyworldmedium.com\/\"},{\"@type\":\"ListItem\",\"position\":2,\"name\":\"Produits\",\"item\":\"https:\/\/lescreationsde.celineinmyworldmedium.com\/index.php\/boutique\/\"},{\"@type\":\"ListItem\",\"position\":3,\"name\":\"Crochets boucles d&#8217;oreilles plastique couleur noir antiallergie\"}]},{\"@type\":\"WebSite\",\"@id\":\"https:\/\/lescreationsde.celineinmyworldmedium.com\/#website\",\"url\":\"https:\/\/lescreationsde.celineinmyworldmedium.com\/\",\"name\":\"Les cr\u00e9ations de C\u00e9line Inmyworld\",\"description\":\"Cr\u00e9ation de bijoux personnalis\u00e9s, sur-mesure, en pierres semi-pr\u00e9cieuses de qualit\u00e9. Bracelets, boucles d&#039;oreilles, colliers, sautoirs, malas, cha\u00eenes de cheville, bagues...\u2764\",\"publisher\":{\"@id\":\"https:\/\/lescreationsde.celineinmyworldmedium.com\/#organization\"},\"potentialAction\":[{\"@type\":\"SearchAction\",\"target\":{\"@type\":\"EntryPoint\",\"urlTemplate\":\"https:\/\/lescreationsde.celineinmyworldmedium.com\/?s={search_term_string}\"},\"query-input\":{\"@type\":\"PropertyValueSpecification\",\"valueRequired\":true,\"valueName\":\"search_term_string\"}}],\"inLanguage\":\"fr-FR\"},{\"@type\":\"Organization\",\"@id\":\"https:\/\/lescreationsde.celineinmyworldmedium.com\/#organization\",\"name\":\"Les cr\u00e9ations de C\u00e9line Inmyworld\",\"url\":\"https:\/\/lescreationsde.celineinmyworldmedium.com\/\",\"logo\":{\"@type\":\"ImageObject\",\"inLanguage\":\"fr-FR\",\"@id\":\"https:\/\/lescreationsde.celineinmyworldmedium.com\/#\/schema\/logo\/image\/\",\"url\":\"https:\/\/lescreationsde.celineinmyworldmedium.com\/wp-content\/uploads\/2021\/03\/logo_creations3.png\",\"contentUrl\":\"https:\/\/lescreationsde.celineinmyworldmedium.com\/wp-content\/uploads\/2021\/03\/logo_creations3.png\",\"width\":613,\"height\":190,\"caption\":\"Les cr\u00e9ations de C\u00e9line Inmyworld\"},\"image\":{\"@id\":\"https:\/\/lescreationsde.celineinmyworldmedium.com\/#\/schema\/logo\/image\/\"}}]}<\/script>\n<!-- \/ Yoast SEO plugin. -->","yoast_head_json":{"title":"Crochets boucles d'oreilles plastique couleur noir antiallergie La Boutique","description":"Accessoire bijou crochet pour boucles d'oreilles. Vous pouvez ainsi personnaliser vos boucles d'oreilles, pour qu'elles soient uniques...","robots":{"index":"index","follow":"follow","max-snippet":"max-snippet:-1","max-image-preview":"max-image-preview:large","max-video-preview":"max-video-preview:-1"},"canonical":"https:\/\/lescreationsde.celineinmyworldmedium.com\/index.php\/produit\/crochets-boucles-doreilles-plastique-couleur-noir-antiallergie\/","og_locale":"fr_FR","og_type":"article","og_title":"Crochets boucles d'oreilles plastique couleur noir antiallergie La Boutique","og_description":"Accessoire bijou crochet pour boucles d'oreilles. Vous pouvez ainsi personnaliser vos boucles d'oreilles, pour qu'elles soient uniques...","og_url":"https:\/\/lescreationsde.celineinmyworldmedium.com\/index.php\/produit\/crochets-boucles-doreilles-plastique-couleur-noir-antiallergie\/","og_site_name":"Les cr\u00e9ations de C\u00e9line Inmyworld","article_modified_time":"2023-09-19T16:54:53+00:00","og_image":[{"width":1280,"height":960,"url":"https:\/\/lescreationsde.celineinmyworldmedium.com\/wp-content\/uploads\/2022\/04\/Crochets_boucles_d-oreilles_plastique_couleur_noir_antiallergie.jpg","type":"image\/jpeg"}],"twitter_card":"summary_large_image","twitter_misc":{"Dur\u00e9e de lecture estim\u00e9e":"1 minute"},"schema":{"@context":"https:\/\/schema.org","@graph":[{"@type":"WebPage","@id":"https:\/\/lescreationsde.celineinmyworldmedium.com\/index.php\/produit\/crochets-boucles-doreilles-plastique-couleur-noir-antiallergie\/","url":"https:\/\/lescreationsde.celineinmyworldmedium.com\/index.php\/produit\/crochets-boucles-doreilles-plastique-couleur-noir-antiallergie\/","name":"Crochets boucles d'oreilles plastique couleur noir antiallergie La Boutique","isPartOf":{"@id":"https:\/\/lescreationsde.celineinmyworldmedium.com\/#website"},"primaryImageOfPage":{"@id":"https:\/\/lescreationsde.celineinmyworldmedium.com\/index.php\/produit\/crochets-boucles-doreilles-plastique-couleur-noir-antiallergie\/#primaryimage"},"image":{"@id":"https:\/\/lescreationsde.celineinmyworldmedium.com\/index.php\/produit\/crochets-boucles-doreilles-plastique-couleur-noir-antiallergie\/#primaryimage"},"thumbnailUrl":"https:\/\/lescreationsde.celineinmyworldmedium.com\/wp-content\/uploads\/2022\/04\/Crochets_boucles_d-oreilles_plastique_couleur_noir_antiallergie.jpg","datePublished":"2022-04-30T21:52:41+00:00","dateModified":"2023-09-19T16:54:53+00:00","description":"Accessoire bijou crochet pour boucles d'oreilles. Vous pouvez ainsi personnaliser vos boucles d'oreilles, pour qu'elles soient uniques...","breadcrumb":{"@id":"https:\/\/lescreationsde.celineinmyworldmedium.com\/index.php\/produit\/crochets-boucles-doreilles-plastique-couleur-noir-antiallergie\/#breadcrumb"},"inLanguage":"fr-FR","potentialAction":[{"@type":"ReadAction","target":["https:\/\/lescreationsde.celineinmyworldmedium.com\/index.php\/produit\/crochets-boucles-doreilles-plastique-couleur-noir-antiallergie\/"]}]},{"@type":"ImageObject","inLanguage":"fr-FR","@id":"https:\/\/lescreationsde.celineinmyworldmedium.com\/index.php\/produit\/crochets-boucles-doreilles-plastique-couleur-noir-antiallergie\/#primaryimage","url":"https:\/\/lescreationsde.celineinmyworldmedium.com\/wp-content\/uploads\/2022\/04\/Crochets_boucles_d-oreilles_plastique_couleur_noir_antiallergie.jpg","contentUrl":"https:\/\/lescreationsde.celineinmyworldmedium.com\/wp-content\/uploads\/2022\/04\/Crochets_boucles_d-oreilles_plastique_couleur_noir_antiallergie.jpg","width":1280,"height":960,"caption":"Crochets boucles d'oreilles plastique couleur noir antiallergie"},{"@type":"BreadcrumbList","@id":"https:\/\/lescreationsde.celineinmyworldmedium.com\/index.php\/produit\/crochets-boucles-doreilles-plastique-couleur-noir-antiallergie\/#breadcrumb","itemListElement":[{"@type":"ListItem","position":1,"name":"Accueil","item":"https:\/\/lescreationsde.celineinmyworldmedium.com\/"},{"@type":"ListItem","position":2,"name":"Produits","item":"https:\/\/lescreationsde.celineinmyworldmedium.com\/index.php\/boutique\/"},{"@type":"ListItem","position":3,"name":"Crochets boucles d&#8217;oreilles plastique couleur noir antiallergie"}]},{"@type":"WebSite","@id":"https:\/\/lescreationsde.celineinmyworldmedium.com\/#website","url":"https:\/\/lescreationsde.celineinmyworldmedium.com\/","name":"Les cr\u00e9ations de C\u00e9line Inmyworld","description":"Cr\u00e9ation de bijoux personnalis\u00e9s, sur-mesure, en pierres semi-pr\u00e9cieuses de qualit\u00e9. Bracelets, boucles d&#039;oreilles, colliers, sautoirs, malas, cha\u00eenes de cheville, bagues...\u2764","publisher":{"@id":"https:\/\/lescreationsde.celineinmyworldmedium.com\/#organization"},"potentialAction":[{"@type":"SearchAction","target":{"@type":"EntryPoint","urlTemplate":"https:\/\/lescreationsde.celineinmyworldmedium.com\/?s={search_term_string}"},"query-input":{"@type":"PropertyValueSpecification","valueRequired":true,"valueName":"search_term_string"}}],"inLanguage":"fr-FR"},{"@type":"Organization","@id":"https:\/\/lescreationsde.celineinmyworldmedium.com\/#organization","name":"Les cr\u00e9ations de C\u00e9line Inmyworld","url":"https:\/\/lescreationsde.celineinmyworldmedium.com\/","logo":{"@type":"ImageObject","inLanguage":"fr-FR","@id":"https:\/\/lescreationsde.celineinmyworldmedium.com\/#\/schema\/logo\/image\/","url":"https:\/\/lescreationsde.celineinmyworldmedium.com\/wp-content\/uploads\/2021\/03\/logo_creations3.png","contentUrl":"https:\/\/lescreationsde.celineinmyworldmedium.com\/wp-content\/uploads\/2021\/03\/logo_creations3.png","width":613,"height":190,"caption":"Les cr\u00e9ations de C\u00e9line Inmyworld"},"image":{"@id":"https:\/\/lescreationsde.celineinmyworldmedium.com\/#\/schema\/logo\/image\/"}}]}},"jetpack_sharing_enabled":true,"_links":{"self":[{"href":"https:\/\/lescreationsde.celineinmyworldmedium.com\/index.php\/wp-json\/wp\/v2\/product\/4863","targetHints":{"allow":["GET"]}}],"collection":[{"href":"https:\/\/lescreationsde.celineinmyworldmedium.com\/index.php\/wp-json\/wp\/v2\/product"}],"about":[{"href":"https:\/\/lescreationsde.celineinmyworldmedium.com\/index.php\/wp-json\/wp\/v2\/types\/product"}],"replies":[{"embeddable":true,"href":"https:\/\/lescreationsde.celineinmyworldmedium.com\/index.php\/wp-json\/wp\/v2\/comments?post=4863"}],"wp:featuredmedia":[{"embeddable":true,"href":"https:\/\/lescreationsde.celineinmyworldmedium.com\/index.php\/wp-json\/wp\/v2\/media\/4866"}],"wp:attachment":[{"href":"https:\/\/lescreationsde.celineinmyworldmedium.com\/index.php\/wp-json\/wp\/v2\/media?parent=4863"}],"wp:term":[{"taxonomy":"product_brand","embeddable":true,"href":"https:\/\/lescreationsde.celineinmyworldmedium.com\/index.php\/wp-json\/wp\/v2\/product_brand?post=4863"},{"taxonomy":"product_cat","embeddable":true,"href":"https:\/\/lescreationsde.celineinmyworldmedium.com\/index.php\/wp-json\/wp\/v2\/product_cat?post=4863"},{"taxonomy":"product_tag","embeddable":true,"href":"https:\/\/lescreationsde.celineinmyworldmedium.com\/index.php\/wp-json\/wp\/v2\/product_tag?post=4863"}],"curies":[{"name":"wp","href":"https:\/\/api.w.org\/{rel}","templated":true}]}}