{"id":4724,"date":"2022-04-09T21:48:26","date_gmt":"2022-04-09T19:48:26","guid":{"rendered":"https:\/\/lescreationsde.celineinmyworldmedium.com\/?post_type=product&#038;p=4724"},"modified":"2023-09-19T22:06:27","modified_gmt":"2023-09-19T20:06:27","slug":"separateur-4mm-anthracite-en-hematite-antiallergique","status":"publish","type":"product","link":"https:\/\/lescreationsde.celineinmyworldmedium.com\/index.php\/produit\/separateur-4mm-anthracite-en-hematite-antiallergique\/","title":{"rendered":"S\u00e9parateur 4mm anthracite en H\u00e9matite antiallergique"},"content":{"rendered":"<p><em>Accessoire bijou espaceur\/s\u00e9parateur fantaisie. Celui-ci a la forme d&rsquo;un anneau aux deux faces bomb\u00e9es. Son diam\u00e8tre est de 4mm. Ce type d&rsquo;espaceurs permet de personnaliser vos colliers, boucles d&rsquo;oreilles ou bracelets pour qu&rsquo;ils soient uniques et \u00e0 votre go\u00fbt.<\/em><\/p>\n<h4>Les vertus de l\u2019h\u00e9matite :<\/h4>\n<p>Domaine <strong>spirituel<\/strong>, celui de l\u2019\u00eatre humain avec ses intentions, ses buts ou ses pr\u00e9occupations existentielles :<\/p>\n<p><strong>Am\u00e9lioration.<\/strong><\/p>\n<p>Domaine de <strong>l\u2019\u00e2me<\/strong> ou du subconscient, ainsi que les notions de temp\u00e9rament, de sentiments, de sensations, de r\u00eaves, de v\u00e9cu sur le plan animique, d\u2019habitudes et de r\u00e9actions inconscientes :<\/p>\n<p><strong>Renforce la volont\u00e9 et met en lumi\u00e8re les d\u00e9sirs inassouvis.<\/strong><\/p>\n<p>Domaine <strong>mental<\/strong> avec les id\u00e9es, la raison, les convictions, les consid\u00e9rations, ainsi que le mode de pens\u00e9e et d\u2019action consciente :<\/p>\n<p><strong>Attire l\u2019attention sur les besoins \u00e9l\u00e9mentaires et le bien-\u00eatre du corps.<\/strong><\/p>\n<p>Domaine <strong>physique<\/strong> ou corporel, l\u2019ensemble de l\u2019organisme avec les sens, les organes et les fonctions :<\/p>\n<p><strong>Favorise l\u2019assimilation du fer et l\u2019h\u00e9matopo\u00ef\u00e8se, fortifie l\u2019intestin gr\u00eale, le gros intestin et les reins.<\/strong><\/p>\n","protected":false},"excerpt":{"rendered":"<p>Accessoire bijou espaceur\/s\u00e9parateur fantaisie. Celui-ci a la forme d&rsquo;un anneau aux deux faces bomb\u00e9es. Son diam\u00e8tre est de 4mm. Ce type d&rsquo;espaceurs permet de personnaliser vos colliers, boucles d&rsquo;oreilles ou bracelets pour qu&rsquo;ils soient uniques et \u00e0 votre go\u00fbt. Les vertus de l\u2019h\u00e9matite : Domaine spirituel, celui de l\u2019\u00eatre humain avec ses intentions, ses buts [&hellip;]<\/p>\n","protected":false},"featured_media":4738,"comment_status":"open","ping_status":"closed","template":"","meta":[],"product_brand":[],"product_cat":[214,215,513,90],"product_tag":[531,1228,528,42,38,25,213,86,16,1227,529,530,105,79,532,1529],"class_list":{"0":"post-4724","1":"product","2":"type-product","3":"status-publish","4":"has-post-thumbnail","6":"product_cat-accessoires","7":"product_cat-separateurs","8":"product_cat-couleur-anthracite-espaceurs","9":"product_cat-catalogue","10":"product_tag-accessoire","11":"product_tag-anthracite","12":"product_tag-argente","13":"product_tag-bijou","14":"product_tag-bijoux","15":"product_tag-bracelet","16":"product_tag-charm","17":"product_tag-coeur","18":"product_tag-collier","19":"product_tag-dore","20":"product_tag-espaceur","21":"product_tag-fantaisie","22":"product_tag-hematite","23":"product_tag-perle","24":"product_tag-separateur","25":"product_tag-separateur-4mm-antiallergique","27":"first","28":"instock","29":"shipping-taxable","30":"purchasable","31":"product-type-simple"},"yoast_head":"<!-- This site is optimized with the Yoast SEO plugin v27.2 - https:\/\/yoast.com\/product\/yoast-seo-wordpress\/ -->\n<title>S\u00e9parateur 4mm anthracite en H\u00e9matite antiallergique<\/title>\n<meta name=\"description\" content=\"Celui-ci a la forme d&#039;un anneau aux deux faces bomb\u00e9es. Son diam\u00e8tre est de 4mm. Ce type d&#039;espaceurs permet de personnaliser vos colliers ou bracelets.\" \/>\n<meta name=\"robots\" content=\"index, follow, max-snippet:-1, max-image-preview:large, max-video-preview:-1\" \/>\n<link rel=\"canonical\" href=\"https:\/\/lescreationsde.celineinmyworldmedium.com\/index.php\/produit\/separateur-4mm-anthracite-en-hematite-antiallergique\/\" \/>\n<meta property=\"og:locale\" content=\"fr_FR\" \/>\n<meta property=\"og:type\" content=\"article\" \/>\n<meta property=\"og:title\" content=\"S\u00e9parateur 4mm anthracite en H\u00e9matite antiallergique\" \/>\n<meta property=\"og:description\" content=\"Celui-ci a la forme d&#039;un anneau aux deux faces bomb\u00e9es. Son diam\u00e8tre est de 4mm. Ce type d&#039;espaceurs permet de personnaliser vos colliers ou bracelets.\" \/>\n<meta property=\"og:url\" content=\"https:\/\/lescreationsde.celineinmyworldmedium.com\/index.php\/produit\/separateur-4mm-anthracite-en-hematite-antiallergique\/\" \/>\n<meta property=\"og:site_name\" content=\"Les cr\u00e9ations de C\u00e9line Inmyworld\" \/>\n<meta property=\"article:modified_time\" content=\"2023-09-19T20:06:27+00:00\" \/>\n<meta property=\"og:image\" content=\"https:\/\/lescreationsde.celineinmyworldmedium.com\/wp-content\/uploads\/2022\/04\/Separateur_4mm_anthracite_hematite_antiallergie.jpg\" \/>\n\t<meta property=\"og:image:width\" content=\"800\" \/>\n\t<meta property=\"og:image:height\" content=\"600\" \/>\n\t<meta property=\"og:image:type\" content=\"image\/jpeg\" \/>\n<meta name=\"twitter:card\" content=\"summary_large_image\" \/>\n<meta name=\"twitter:label1\" content=\"Dur\u00e9e de lecture estim\u00e9e\" \/>\n\t<meta name=\"twitter:data1\" content=\"1 minute\" \/>\n<script type=\"application\/ld+json\" class=\"yoast-schema-graph\">{\"@context\":\"https:\/\/schema.org\",\"@graph\":[{\"@type\":\"WebPage\",\"@id\":\"https:\/\/lescreationsde.celineinmyworldmedium.com\/index.php\/produit\/separateur-4mm-anthracite-en-hematite-antiallergique\/\",\"url\":\"https:\/\/lescreationsde.celineinmyworldmedium.com\/index.php\/produit\/separateur-4mm-anthracite-en-hematite-antiallergique\/\",\"name\":\"S\u00e9parateur 4mm anthracite en H\u00e9matite antiallergique\",\"isPartOf\":{\"@id\":\"https:\/\/lescreationsde.celineinmyworldmedium.com\/#website\"},\"primaryImageOfPage\":{\"@id\":\"https:\/\/lescreationsde.celineinmyworldmedium.com\/index.php\/produit\/separateur-4mm-anthracite-en-hematite-antiallergique\/#primaryimage\"},\"image\":{\"@id\":\"https:\/\/lescreationsde.celineinmyworldmedium.com\/index.php\/produit\/separateur-4mm-anthracite-en-hematite-antiallergique\/#primaryimage\"},\"thumbnailUrl\":\"https:\/\/lescreationsde.celineinmyworldmedium.com\/wp-content\/uploads\/2022\/04\/Separateur_4mm_anthracite_hematite_antiallergie.jpg\",\"datePublished\":\"2022-04-09T19:48:26+00:00\",\"dateModified\":\"2023-09-19T20:06:27+00:00\",\"description\":\"Celui-ci a la forme d'un anneau aux deux faces bomb\u00e9es. Son diam\u00e8tre est de 4mm. Ce type d'espaceurs permet de personnaliser vos colliers ou bracelets.\",\"breadcrumb\":{\"@id\":\"https:\/\/lescreationsde.celineinmyworldmedium.com\/index.php\/produit\/separateur-4mm-anthracite-en-hematite-antiallergique\/#breadcrumb\"},\"inLanguage\":\"fr-FR\",\"potentialAction\":[{\"@type\":\"ReadAction\",\"target\":[\"https:\/\/lescreationsde.celineinmyworldmedium.com\/index.php\/produit\/separateur-4mm-anthracite-en-hematite-antiallergique\/\"]}]},{\"@type\":\"ImageObject\",\"inLanguage\":\"fr-FR\",\"@id\":\"https:\/\/lescreationsde.celineinmyworldmedium.com\/index.php\/produit\/separateur-4mm-anthracite-en-hematite-antiallergique\/#primaryimage\",\"url\":\"https:\/\/lescreationsde.celineinmyworldmedium.com\/wp-content\/uploads\/2022\/04\/Separateur_4mm_anthracite_hematite_antiallergie.jpg\",\"contentUrl\":\"https:\/\/lescreationsde.celineinmyworldmedium.com\/wp-content\/uploads\/2022\/04\/Separateur_4mm_anthracite_hematite_antiallergie.jpg\",\"width\":800,\"height\":600,\"caption\":\"S\u00e9parateur 4mm anthracite en H\u00e9matite antiallergique\"},{\"@type\":\"BreadcrumbList\",\"@id\":\"https:\/\/lescreationsde.celineinmyworldmedium.com\/index.php\/produit\/separateur-4mm-anthracite-en-hematite-antiallergique\/#breadcrumb\",\"itemListElement\":[{\"@type\":\"ListItem\",\"position\":1,\"name\":\"Accueil\",\"item\":\"https:\/\/lescreationsde.celineinmyworldmedium.com\/\"},{\"@type\":\"ListItem\",\"position\":2,\"name\":\"Produits\",\"item\":\"https:\/\/lescreationsde.celineinmyworldmedium.com\/index.php\/boutique\/\"},{\"@type\":\"ListItem\",\"position\":3,\"name\":\"S\u00e9parateur 4mm anthracite en H\u00e9matite antiallergique\"}]},{\"@type\":\"WebSite\",\"@id\":\"https:\/\/lescreationsde.celineinmyworldmedium.com\/#website\",\"url\":\"https:\/\/lescreationsde.celineinmyworldmedium.com\/\",\"name\":\"Les cr\u00e9ations de C\u00e9line Inmyworld\",\"description\":\"Cr\u00e9ation de bijoux personnalis\u00e9s, sur-mesure, en pierres semi-pr\u00e9cieuses de qualit\u00e9. Bracelets, boucles d&#039;oreilles, colliers, sautoirs, malas, cha\u00eenes de cheville, bagues...\u2764\",\"publisher\":{\"@id\":\"https:\/\/lescreationsde.celineinmyworldmedium.com\/#organization\"},\"potentialAction\":[{\"@type\":\"SearchAction\",\"target\":{\"@type\":\"EntryPoint\",\"urlTemplate\":\"https:\/\/lescreationsde.celineinmyworldmedium.com\/?s={search_term_string}\"},\"query-input\":{\"@type\":\"PropertyValueSpecification\",\"valueRequired\":true,\"valueName\":\"search_term_string\"}}],\"inLanguage\":\"fr-FR\"},{\"@type\":\"Organization\",\"@id\":\"https:\/\/lescreationsde.celineinmyworldmedium.com\/#organization\",\"name\":\"Les cr\u00e9ations de C\u00e9line Inmyworld\",\"url\":\"https:\/\/lescreationsde.celineinmyworldmedium.com\/\",\"logo\":{\"@type\":\"ImageObject\",\"inLanguage\":\"fr-FR\",\"@id\":\"https:\/\/lescreationsde.celineinmyworldmedium.com\/#\/schema\/logo\/image\/\",\"url\":\"https:\/\/lescreationsde.celineinmyworldmedium.com\/wp-content\/uploads\/2021\/03\/logo_creations3.png\",\"contentUrl\":\"https:\/\/lescreationsde.celineinmyworldmedium.com\/wp-content\/uploads\/2021\/03\/logo_creations3.png\",\"width\":613,\"height\":190,\"caption\":\"Les cr\u00e9ations de C\u00e9line Inmyworld\"},\"image\":{\"@id\":\"https:\/\/lescreationsde.celineinmyworldmedium.com\/#\/schema\/logo\/image\/\"}}]}<\/script>\n<!-- \/ Yoast SEO plugin. -->","yoast_head_json":{"title":"S\u00e9parateur 4mm anthracite en H\u00e9matite antiallergique","description":"Celui-ci a la forme d'un anneau aux deux faces bomb\u00e9es. Son diam\u00e8tre est de 4mm. Ce type d'espaceurs permet de personnaliser vos colliers ou bracelets.","robots":{"index":"index","follow":"follow","max-snippet":"max-snippet:-1","max-image-preview":"max-image-preview:large","max-video-preview":"max-video-preview:-1"},"canonical":"https:\/\/lescreationsde.celineinmyworldmedium.com\/index.php\/produit\/separateur-4mm-anthracite-en-hematite-antiallergique\/","og_locale":"fr_FR","og_type":"article","og_title":"S\u00e9parateur 4mm anthracite en H\u00e9matite antiallergique","og_description":"Celui-ci a la forme d'un anneau aux deux faces bomb\u00e9es. Son diam\u00e8tre est de 4mm. Ce type d'espaceurs permet de personnaliser vos colliers ou bracelets.","og_url":"https:\/\/lescreationsde.celineinmyworldmedium.com\/index.php\/produit\/separateur-4mm-anthracite-en-hematite-antiallergique\/","og_site_name":"Les cr\u00e9ations de C\u00e9line Inmyworld","article_modified_time":"2023-09-19T20:06:27+00:00","og_image":[{"width":800,"height":600,"url":"https:\/\/lescreationsde.celineinmyworldmedium.com\/wp-content\/uploads\/2022\/04\/Separateur_4mm_anthracite_hematite_antiallergie.jpg","type":"image\/jpeg"}],"twitter_card":"summary_large_image","twitter_misc":{"Dur\u00e9e de lecture estim\u00e9e":"1 minute"},"schema":{"@context":"https:\/\/schema.org","@graph":[{"@type":"WebPage","@id":"https:\/\/lescreationsde.celineinmyworldmedium.com\/index.php\/produit\/separateur-4mm-anthracite-en-hematite-antiallergique\/","url":"https:\/\/lescreationsde.celineinmyworldmedium.com\/index.php\/produit\/separateur-4mm-anthracite-en-hematite-antiallergique\/","name":"S\u00e9parateur 4mm anthracite en H\u00e9matite antiallergique","isPartOf":{"@id":"https:\/\/lescreationsde.celineinmyworldmedium.com\/#website"},"primaryImageOfPage":{"@id":"https:\/\/lescreationsde.celineinmyworldmedium.com\/index.php\/produit\/separateur-4mm-anthracite-en-hematite-antiallergique\/#primaryimage"},"image":{"@id":"https:\/\/lescreationsde.celineinmyworldmedium.com\/index.php\/produit\/separateur-4mm-anthracite-en-hematite-antiallergique\/#primaryimage"},"thumbnailUrl":"https:\/\/lescreationsde.celineinmyworldmedium.com\/wp-content\/uploads\/2022\/04\/Separateur_4mm_anthracite_hematite_antiallergie.jpg","datePublished":"2022-04-09T19:48:26+00:00","dateModified":"2023-09-19T20:06:27+00:00","description":"Celui-ci a la forme d'un anneau aux deux faces bomb\u00e9es. Son diam\u00e8tre est de 4mm. Ce type d'espaceurs permet de personnaliser vos colliers ou bracelets.","breadcrumb":{"@id":"https:\/\/lescreationsde.celineinmyworldmedium.com\/index.php\/produit\/separateur-4mm-anthracite-en-hematite-antiallergique\/#breadcrumb"},"inLanguage":"fr-FR","potentialAction":[{"@type":"ReadAction","target":["https:\/\/lescreationsde.celineinmyworldmedium.com\/index.php\/produit\/separateur-4mm-anthracite-en-hematite-antiallergique\/"]}]},{"@type":"ImageObject","inLanguage":"fr-FR","@id":"https:\/\/lescreationsde.celineinmyworldmedium.com\/index.php\/produit\/separateur-4mm-anthracite-en-hematite-antiallergique\/#primaryimage","url":"https:\/\/lescreationsde.celineinmyworldmedium.com\/wp-content\/uploads\/2022\/04\/Separateur_4mm_anthracite_hematite_antiallergie.jpg","contentUrl":"https:\/\/lescreationsde.celineinmyworldmedium.com\/wp-content\/uploads\/2022\/04\/Separateur_4mm_anthracite_hematite_antiallergie.jpg","width":800,"height":600,"caption":"S\u00e9parateur 4mm anthracite en H\u00e9matite antiallergique"},{"@type":"BreadcrumbList","@id":"https:\/\/lescreationsde.celineinmyworldmedium.com\/index.php\/produit\/separateur-4mm-anthracite-en-hematite-antiallergique\/#breadcrumb","itemListElement":[{"@type":"ListItem","position":1,"name":"Accueil","item":"https:\/\/lescreationsde.celineinmyworldmedium.com\/"},{"@type":"ListItem","position":2,"name":"Produits","item":"https:\/\/lescreationsde.celineinmyworldmedium.com\/index.php\/boutique\/"},{"@type":"ListItem","position":3,"name":"S\u00e9parateur 4mm anthracite en H\u00e9matite antiallergique"}]},{"@type":"WebSite","@id":"https:\/\/lescreationsde.celineinmyworldmedium.com\/#website","url":"https:\/\/lescreationsde.celineinmyworldmedium.com\/","name":"Les cr\u00e9ations de C\u00e9line Inmyworld","description":"Cr\u00e9ation de bijoux personnalis\u00e9s, sur-mesure, en pierres semi-pr\u00e9cieuses de qualit\u00e9. Bracelets, boucles d&#039;oreilles, colliers, sautoirs, malas, cha\u00eenes de cheville, bagues...\u2764","publisher":{"@id":"https:\/\/lescreationsde.celineinmyworldmedium.com\/#organization"},"potentialAction":[{"@type":"SearchAction","target":{"@type":"EntryPoint","urlTemplate":"https:\/\/lescreationsde.celineinmyworldmedium.com\/?s={search_term_string}"},"query-input":{"@type":"PropertyValueSpecification","valueRequired":true,"valueName":"search_term_string"}}],"inLanguage":"fr-FR"},{"@type":"Organization","@id":"https:\/\/lescreationsde.celineinmyworldmedium.com\/#organization","name":"Les cr\u00e9ations de C\u00e9line Inmyworld","url":"https:\/\/lescreationsde.celineinmyworldmedium.com\/","logo":{"@type":"ImageObject","inLanguage":"fr-FR","@id":"https:\/\/lescreationsde.celineinmyworldmedium.com\/#\/schema\/logo\/image\/","url":"https:\/\/lescreationsde.celineinmyworldmedium.com\/wp-content\/uploads\/2021\/03\/logo_creations3.png","contentUrl":"https:\/\/lescreationsde.celineinmyworldmedium.com\/wp-content\/uploads\/2021\/03\/logo_creations3.png","width":613,"height":190,"caption":"Les cr\u00e9ations de C\u00e9line Inmyworld"},"image":{"@id":"https:\/\/lescreationsde.celineinmyworldmedium.com\/#\/schema\/logo\/image\/"}}]}},"jetpack_sharing_enabled":true,"_links":{"self":[{"href":"https:\/\/lescreationsde.celineinmyworldmedium.com\/index.php\/wp-json\/wp\/v2\/product\/4724","targetHints":{"allow":["GET"]}}],"collection":[{"href":"https:\/\/lescreationsde.celineinmyworldmedium.com\/index.php\/wp-json\/wp\/v2\/product"}],"about":[{"href":"https:\/\/lescreationsde.celineinmyworldmedium.com\/index.php\/wp-json\/wp\/v2\/types\/product"}],"replies":[{"embeddable":true,"href":"https:\/\/lescreationsde.celineinmyworldmedium.com\/index.php\/wp-json\/wp\/v2\/comments?post=4724"}],"wp:featuredmedia":[{"embeddable":true,"href":"https:\/\/lescreationsde.celineinmyworldmedium.com\/index.php\/wp-json\/wp\/v2\/media\/4738"}],"wp:attachment":[{"href":"https:\/\/lescreationsde.celineinmyworldmedium.com\/index.php\/wp-json\/wp\/v2\/media?parent=4724"}],"wp:term":[{"taxonomy":"product_brand","embeddable":true,"href":"https:\/\/lescreationsde.celineinmyworldmedium.com\/index.php\/wp-json\/wp\/v2\/product_brand?post=4724"},{"taxonomy":"product_cat","embeddable":true,"href":"https:\/\/lescreationsde.celineinmyworldmedium.com\/index.php\/wp-json\/wp\/v2\/product_cat?post=4724"},{"taxonomy":"product_tag","embeddable":true,"href":"https:\/\/lescreationsde.celineinmyworldmedium.com\/index.php\/wp-json\/wp\/v2\/product_tag?post=4724"}],"curies":[{"name":"wp","href":"https:\/\/api.w.org\/{rel}","templated":true}]}}