{"id":4368,"date":"2022-02-10T18:58:59","date_gmt":"2022-02-10T17:58:59","guid":{"rendered":"https:\/\/lescreationsde.celineinmyworldmedium.com\/?post_type=product&#038;p=4368"},"modified":"2024-03-11T00:07:49","modified_gmt":"2024-03-10T23:07:49","slug":"bague-reglable-en-oeil-de-tigre-avec-arbre-de-vie-en-cuivre","status":"publish","type":"product","link":"https:\/\/lescreationsde.celineinmyworldmedium.com\/index.php\/produit\/bague-reglable-en-oeil-de-tigre-avec-arbre-de-vie-en-cuivre\/","title":{"rendered":"Bague r\u00e9glable en Oeil de tigre avec Arbre de vie en cuivre"},"content":{"rendered":"<h4><strong>Les vertus de l\u2019\u0153il de tigre :<\/strong><\/h4>\n<p>Domaine <strong>spirituel<\/strong>, celui de l\u2019\u00eatre humain avec ses intentions, ses buts ou ses pr\u00e9occupations existentielles :<\/p>\n<p><strong>Compr\u00e9hension, distance.<\/strong><\/p>\n<p>Domaine de <strong>l\u2019\u00e2me<\/strong> ou du subconscient, ainsi que les notions de temp\u00e9rament, de sentiments, de sensations, de r\u00eaves, de v\u00e9cu sur le plan animique, d\u2019habitudes et de r\u00e9actions inconscientes :<\/p>\n<p><strong>Aide en cas de stress, de situation pesante et d\u2019ambiance surgissant de l\u2019ext\u00e9rieur.<\/strong><\/p>\n<p>Domaine <strong>mental<\/strong> avec les id\u00e9es, la raison, les convictions, les consid\u00e9rations, ainsi que le mode de pens\u00e9e et d\u2019action consciente :<\/p>\n<p><strong>Aiguise les sens et aide \u00e0 comprendre les choses lorsque les \u00e9v\u00e8nements se pr\u00e9cipitent.<\/strong><\/p>\n<p>Domaine <strong>physique<\/strong> ou corporel, l\u2019ensemble de l\u2019organisme avec les sens, les organes et les fonctions :<\/p>\n<p><strong>R\u00e9gule les surr\u00e9nales et att\u00e9nue les crises d\u2019asthme.<\/strong><\/p>\n<p><strong>L\u2019arbre de vie : <\/strong><br \/>\n<em>symbole d\u2019amour et de protection.<br \/>\nPr\u00e9sent dans les traditions religieuses, il incarne une plante d\u2019immortalit\u00e9 plac\u00e9e au milieu du Paradis : l\u2019arbre perd son feuillage l\u2019hiver et le retrouve au printemps. L\u2019arbre de vie est donc le symbole du cycle mort-r\u00e9surrection o\u00f9 la vie et l\u2019immortalit\u00e9 l\u2019emportent toujours sur la mort.<\/em><br \/>\n<em>Avec ses racines fermement plant\u00e9es sous terre et ses branches dirig\u00e9es vers le ciel, il symbolise le lien entre le monde terrestre et l\u2019au del\u00e0. Faisant r\u00e9f\u00e9rence \u00e0 un sentiment d\u2019ancrage, il \u00e9voque la force de la vie et ses origines.<\/em><\/p>\n","protected":false},"excerpt":{"rendered":"<table>\n<tbody>\n<tr>\n<td style=\"texte-align: left; color: gray; border: none;\"><strong>Les couleurs et motifs des pierres varient d&rsquo;un bijou \u00e0 un autre<\/strong><\/td>\n<\/tr>\n<tr>\n<td style=\"texte-align: left; color: gray; border: none;\"><strong>Hors frais d\u2019exp\u00e9dition<\/strong><\/td>\n<\/tr>\n<p><!--\n\n\n<tr>\n\n\n<td style=\"texte-align: left; color: gray; border: none;\"><strong>Bijoux sur commande<\/strong><\/td>\n\n\n<\/tr>\n\n\n--><\/p>\n<tr>\n<td style=\"texte-align: left; color: purple; border: none;\"><em><strong>Poids de la bague : 13g<\/strong><\/em><\/td>\n<\/tr>\n<p><!--\n\n\n<tr>\n\n\n<td style=\"texte-align: left; background: orange; color: black; border: none;\"><em>(Exp\u00e9dition uniquement par Colissimo)<\/em><\/td>\n\n\n<\/tr>\n\n\n--><\/tbody>\n<\/table>\n","protected":false},"featured_media":4369,"comment_status":"open","ping_status":"closed","template":"","meta":[],"product_brand":[],"product_cat":[1162,55],"product_tag":[152,106,1163,42,44,38,47,43,41,40,39,23,25,36,34,26,37,35,16,24,45,17,33,32,60,27,89,22,28],"class_list":{"0":"post-4368","1":"product","2":"type-product","3":"status-publish","4":"has-post-thumbnail","6":"product_cat-bagues","7":"product_cat-oeil-de-tigre","8":"product_tag-amour","9":"product_tag-argent","10":"product_tag-bague-avec-arbre-de-vie","11":"product_tag-bijou","12":"product_tag-bijou-energetique","13":"product_tag-bijoux","14":"product_tag-bijoux-anti-allergies","15":"product_tag-bijoux-energetiques","16":"product_tag-bijoux-fait-main","17":"product_tag-bijoux-personnalises","18":"product_tag-bijoux-sur-mesure","19":"product_tag-boucles-doreilles","20":"product_tag-bracelet","21":"product_tag-bracelet-femme","22":"product_tag-bracelet-homme","23":"product_tag-bracelets","24":"product_tag-bracelets-femme","25":"product_tag-bracelets-homme","26":"product_tag-collier","27":"product_tag-collier-femme","28":"product_tag-collier-personnalise","29":"product_tag-colliers","30":"product_tag-energetique","31":"product_tag-lithotherapie","32":"product_tag-oeil-de-tigre","33":"product_tag-pierre","34":"product_tag-pierre-naturelle","35":"product_tag-pierre-semi-precieuse","36":"product_tag-pierres-naturelles","38":"first","39":"instock","40":"sold-individually","41":"shipping-taxable","42":"purchasable","43":"product-type-variable"},"yoast_head":"<!-- This site is optimized with the Yoast SEO plugin v27.2 - https:\/\/yoast.com\/product\/yoast-seo-wordpress\/ -->\n<title>Bague r\u00e9glable en Oeil de tigre avec Arbre de vie en cuivre -<\/title>\n<meta name=\"description\" content=\"Aiguise les sens et aide \u00e0 comprendre les choses lorsque les \u00e9v\u00e8nements se pr\u00e9cipitent. R\u00e9gule les surr\u00e9nales et att\u00e9nue les crises d\u2019asthme.\" \/>\n<meta name=\"robots\" content=\"index, follow, max-snippet:-1, max-image-preview:large, max-video-preview:-1\" \/>\n<link rel=\"canonical\" href=\"https:\/\/lescreationsde.celineinmyworldmedium.com\/index.php\/produit\/bague-reglable-en-oeil-de-tigre-avec-arbre-de-vie-en-cuivre\/\" \/>\n<meta property=\"og:locale\" content=\"fr_FR\" \/>\n<meta property=\"og:type\" content=\"article\" \/>\n<meta property=\"og:title\" content=\"Bague r\u00e9glable en Oeil de tigre avec Arbre de vie en cuivre -\" \/>\n<meta property=\"og:description\" content=\"Aiguise les sens et aide \u00e0 comprendre les choses lorsque les \u00e9v\u00e8nements se pr\u00e9cipitent. R\u00e9gule les surr\u00e9nales et att\u00e9nue les crises d\u2019asthme.\" \/>\n<meta property=\"og:url\" content=\"https:\/\/lescreationsde.celineinmyworldmedium.com\/index.php\/produit\/bague-reglable-en-oeil-de-tigre-avec-arbre-de-vie-en-cuivre\/\" \/>\n<meta property=\"og:site_name\" content=\"Les cr\u00e9ations de C\u00e9line Inmyworld\" \/>\n<meta property=\"article:modified_time\" content=\"2024-03-10T23:07:49+00:00\" \/>\n<meta property=\"og:image\" content=\"https:\/\/lescreationsde.celineinmyworldmedium.com\/wp-content\/uploads\/2022\/02\/bague_reglable_en_oeil_de_tigre_avec_arbre_de_vie_en_cuivre.jpg\" \/>\n\t<meta property=\"og:image:width\" content=\"1280\" \/>\n\t<meta property=\"og:image:height\" content=\"960\" \/>\n\t<meta property=\"og:image:type\" content=\"image\/jpeg\" \/>\n<meta name=\"twitter:card\" content=\"summary_large_image\" \/>\n<meta name=\"twitter:label1\" content=\"Dur\u00e9e de lecture estim\u00e9e\" \/>\n\t<meta name=\"twitter:data1\" content=\"2 minutes\" \/>\n<script type=\"application\/ld+json\" class=\"yoast-schema-graph\">{\"@context\":\"https:\/\/schema.org\",\"@graph\":[{\"@type\":\"WebPage\",\"@id\":\"https:\/\/lescreationsde.celineinmyworldmedium.com\/index.php\/produit\/bague-reglable-en-oeil-de-tigre-avec-arbre-de-vie-en-cuivre\/\",\"url\":\"https:\/\/lescreationsde.celineinmyworldmedium.com\/index.php\/produit\/bague-reglable-en-oeil-de-tigre-avec-arbre-de-vie-en-cuivre\/\",\"name\":\"Bague r\u00e9glable en Oeil de tigre avec Arbre de vie en cuivre -\",\"isPartOf\":{\"@id\":\"https:\/\/lescreationsde.celineinmyworldmedium.com\/#website\"},\"primaryImageOfPage\":{\"@id\":\"https:\/\/lescreationsde.celineinmyworldmedium.com\/index.php\/produit\/bague-reglable-en-oeil-de-tigre-avec-arbre-de-vie-en-cuivre\/#primaryimage\"},\"image\":{\"@id\":\"https:\/\/lescreationsde.celineinmyworldmedium.com\/index.php\/produit\/bague-reglable-en-oeil-de-tigre-avec-arbre-de-vie-en-cuivre\/#primaryimage\"},\"thumbnailUrl\":\"https:\/\/lescreationsde.celineinmyworldmedium.com\/wp-content\/uploads\/2022\/02\/bague_reglable_en_oeil_de_tigre_avec_arbre_de_vie_en_cuivre.jpg\",\"datePublished\":\"2022-02-10T17:58:59+00:00\",\"dateModified\":\"2024-03-10T23:07:49+00:00\",\"description\":\"Aiguise les sens et aide \u00e0 comprendre les choses lorsque les \u00e9v\u00e8nements se pr\u00e9cipitent. R\u00e9gule les surr\u00e9nales et att\u00e9nue les crises d\u2019asthme.\",\"breadcrumb\":{\"@id\":\"https:\/\/lescreationsde.celineinmyworldmedium.com\/index.php\/produit\/bague-reglable-en-oeil-de-tigre-avec-arbre-de-vie-en-cuivre\/#breadcrumb\"},\"inLanguage\":\"fr-FR\",\"potentialAction\":[{\"@type\":\"ReadAction\",\"target\":[\"https:\/\/lescreationsde.celineinmyworldmedium.com\/index.php\/produit\/bague-reglable-en-oeil-de-tigre-avec-arbre-de-vie-en-cuivre\/\"]}]},{\"@type\":\"ImageObject\",\"inLanguage\":\"fr-FR\",\"@id\":\"https:\/\/lescreationsde.celineinmyworldmedium.com\/index.php\/produit\/bague-reglable-en-oeil-de-tigre-avec-arbre-de-vie-en-cuivre\/#primaryimage\",\"url\":\"https:\/\/lescreationsde.celineinmyworldmedium.com\/wp-content\/uploads\/2022\/02\/bague_reglable_en_oeil_de_tigre_avec_arbre_de_vie_en_cuivre.jpg\",\"contentUrl\":\"https:\/\/lescreationsde.celineinmyworldmedium.com\/wp-content\/uploads\/2022\/02\/bague_reglable_en_oeil_de_tigre_avec_arbre_de_vie_en_cuivre.jpg\",\"width\":1280,\"height\":960,\"caption\":\"Bague r\u00e9glable en Oeil de tigre avec Arbre de vie en cuivre\"},{\"@type\":\"BreadcrumbList\",\"@id\":\"https:\/\/lescreationsde.celineinmyworldmedium.com\/index.php\/produit\/bague-reglable-en-oeil-de-tigre-avec-arbre-de-vie-en-cuivre\/#breadcrumb\",\"itemListElement\":[{\"@type\":\"ListItem\",\"position\":1,\"name\":\"Accueil\",\"item\":\"https:\/\/lescreationsde.celineinmyworldmedium.com\/\"},{\"@type\":\"ListItem\",\"position\":2,\"name\":\"Produits\",\"item\":\"https:\/\/lescreationsde.celineinmyworldmedium.com\/index.php\/boutique\/\"},{\"@type\":\"ListItem\",\"position\":3,\"name\":\"Bague r\u00e9glable en Oeil de tigre avec Arbre de vie en cuivre\"}]},{\"@type\":\"WebSite\",\"@id\":\"https:\/\/lescreationsde.celineinmyworldmedium.com\/#website\",\"url\":\"https:\/\/lescreationsde.celineinmyworldmedium.com\/\",\"name\":\"Les cr\u00e9ations de C\u00e9line Inmyworld\",\"description\":\"Cr\u00e9ation de bijoux personnalis\u00e9s, sur-mesure, en pierres semi-pr\u00e9cieuses de qualit\u00e9. Bracelets, boucles d&#039;oreilles, colliers, sautoirs, malas, cha\u00eenes de cheville, bagues...\u2764\",\"publisher\":{\"@id\":\"https:\/\/lescreationsde.celineinmyworldmedium.com\/#organization\"},\"potentialAction\":[{\"@type\":\"SearchAction\",\"target\":{\"@type\":\"EntryPoint\",\"urlTemplate\":\"https:\/\/lescreationsde.celineinmyworldmedium.com\/?s={search_term_string}\"},\"query-input\":{\"@type\":\"PropertyValueSpecification\",\"valueRequired\":true,\"valueName\":\"search_term_string\"}}],\"inLanguage\":\"fr-FR\"},{\"@type\":\"Organization\",\"@id\":\"https:\/\/lescreationsde.celineinmyworldmedium.com\/#organization\",\"name\":\"Les cr\u00e9ations de C\u00e9line Inmyworld\",\"url\":\"https:\/\/lescreationsde.celineinmyworldmedium.com\/\",\"logo\":{\"@type\":\"ImageObject\",\"inLanguage\":\"fr-FR\",\"@id\":\"https:\/\/lescreationsde.celineinmyworldmedium.com\/#\/schema\/logo\/image\/\",\"url\":\"https:\/\/lescreationsde.celineinmyworldmedium.com\/wp-content\/uploads\/2021\/03\/logo_creations3.png\",\"contentUrl\":\"https:\/\/lescreationsde.celineinmyworldmedium.com\/wp-content\/uploads\/2021\/03\/logo_creations3.png\",\"width\":613,\"height\":190,\"caption\":\"Les cr\u00e9ations de C\u00e9line Inmyworld\"},\"image\":{\"@id\":\"https:\/\/lescreationsde.celineinmyworldmedium.com\/#\/schema\/logo\/image\/\"}}]}<\/script>\n<!-- \/ Yoast SEO plugin. -->","yoast_head_json":{"title":"Bague r\u00e9glable en Oeil de tigre avec Arbre de vie en cuivre -","description":"Aiguise les sens et aide \u00e0 comprendre les choses lorsque les \u00e9v\u00e8nements se pr\u00e9cipitent. R\u00e9gule les surr\u00e9nales et att\u00e9nue les crises d\u2019asthme.","robots":{"index":"index","follow":"follow","max-snippet":"max-snippet:-1","max-image-preview":"max-image-preview:large","max-video-preview":"max-video-preview:-1"},"canonical":"https:\/\/lescreationsde.celineinmyworldmedium.com\/index.php\/produit\/bague-reglable-en-oeil-de-tigre-avec-arbre-de-vie-en-cuivre\/","og_locale":"fr_FR","og_type":"article","og_title":"Bague r\u00e9glable en Oeil de tigre avec Arbre de vie en cuivre -","og_description":"Aiguise les sens et aide \u00e0 comprendre les choses lorsque les \u00e9v\u00e8nements se pr\u00e9cipitent. R\u00e9gule les surr\u00e9nales et att\u00e9nue les crises d\u2019asthme.","og_url":"https:\/\/lescreationsde.celineinmyworldmedium.com\/index.php\/produit\/bague-reglable-en-oeil-de-tigre-avec-arbre-de-vie-en-cuivre\/","og_site_name":"Les cr\u00e9ations de C\u00e9line Inmyworld","article_modified_time":"2024-03-10T23:07:49+00:00","og_image":[{"width":1280,"height":960,"url":"https:\/\/lescreationsde.celineinmyworldmedium.com\/wp-content\/uploads\/2022\/02\/bague_reglable_en_oeil_de_tigre_avec_arbre_de_vie_en_cuivre.jpg","type":"image\/jpeg"}],"twitter_card":"summary_large_image","twitter_misc":{"Dur\u00e9e de lecture estim\u00e9e":"2 minutes"},"schema":{"@context":"https:\/\/schema.org","@graph":[{"@type":"WebPage","@id":"https:\/\/lescreationsde.celineinmyworldmedium.com\/index.php\/produit\/bague-reglable-en-oeil-de-tigre-avec-arbre-de-vie-en-cuivre\/","url":"https:\/\/lescreationsde.celineinmyworldmedium.com\/index.php\/produit\/bague-reglable-en-oeil-de-tigre-avec-arbre-de-vie-en-cuivre\/","name":"Bague r\u00e9glable en Oeil de tigre avec Arbre de vie en cuivre -","isPartOf":{"@id":"https:\/\/lescreationsde.celineinmyworldmedium.com\/#website"},"primaryImageOfPage":{"@id":"https:\/\/lescreationsde.celineinmyworldmedium.com\/index.php\/produit\/bague-reglable-en-oeil-de-tigre-avec-arbre-de-vie-en-cuivre\/#primaryimage"},"image":{"@id":"https:\/\/lescreationsde.celineinmyworldmedium.com\/index.php\/produit\/bague-reglable-en-oeil-de-tigre-avec-arbre-de-vie-en-cuivre\/#primaryimage"},"thumbnailUrl":"https:\/\/lescreationsde.celineinmyworldmedium.com\/wp-content\/uploads\/2022\/02\/bague_reglable_en_oeil_de_tigre_avec_arbre_de_vie_en_cuivre.jpg","datePublished":"2022-02-10T17:58:59+00:00","dateModified":"2024-03-10T23:07:49+00:00","description":"Aiguise les sens et aide \u00e0 comprendre les choses lorsque les \u00e9v\u00e8nements se pr\u00e9cipitent. R\u00e9gule les surr\u00e9nales et att\u00e9nue les crises d\u2019asthme.","breadcrumb":{"@id":"https:\/\/lescreationsde.celineinmyworldmedium.com\/index.php\/produit\/bague-reglable-en-oeil-de-tigre-avec-arbre-de-vie-en-cuivre\/#breadcrumb"},"inLanguage":"fr-FR","potentialAction":[{"@type":"ReadAction","target":["https:\/\/lescreationsde.celineinmyworldmedium.com\/index.php\/produit\/bague-reglable-en-oeil-de-tigre-avec-arbre-de-vie-en-cuivre\/"]}]},{"@type":"ImageObject","inLanguage":"fr-FR","@id":"https:\/\/lescreationsde.celineinmyworldmedium.com\/index.php\/produit\/bague-reglable-en-oeil-de-tigre-avec-arbre-de-vie-en-cuivre\/#primaryimage","url":"https:\/\/lescreationsde.celineinmyworldmedium.com\/wp-content\/uploads\/2022\/02\/bague_reglable_en_oeil_de_tigre_avec_arbre_de_vie_en_cuivre.jpg","contentUrl":"https:\/\/lescreationsde.celineinmyworldmedium.com\/wp-content\/uploads\/2022\/02\/bague_reglable_en_oeil_de_tigre_avec_arbre_de_vie_en_cuivre.jpg","width":1280,"height":960,"caption":"Bague r\u00e9glable en Oeil de tigre avec Arbre de vie en cuivre"},{"@type":"BreadcrumbList","@id":"https:\/\/lescreationsde.celineinmyworldmedium.com\/index.php\/produit\/bague-reglable-en-oeil-de-tigre-avec-arbre-de-vie-en-cuivre\/#breadcrumb","itemListElement":[{"@type":"ListItem","position":1,"name":"Accueil","item":"https:\/\/lescreationsde.celineinmyworldmedium.com\/"},{"@type":"ListItem","position":2,"name":"Produits","item":"https:\/\/lescreationsde.celineinmyworldmedium.com\/index.php\/boutique\/"},{"@type":"ListItem","position":3,"name":"Bague r\u00e9glable en Oeil de tigre avec Arbre de vie en cuivre"}]},{"@type":"WebSite","@id":"https:\/\/lescreationsde.celineinmyworldmedium.com\/#website","url":"https:\/\/lescreationsde.celineinmyworldmedium.com\/","name":"Les cr\u00e9ations de C\u00e9line Inmyworld","description":"Cr\u00e9ation de bijoux personnalis\u00e9s, sur-mesure, en pierres semi-pr\u00e9cieuses de qualit\u00e9. Bracelets, boucles d&#039;oreilles, colliers, sautoirs, malas, cha\u00eenes de cheville, bagues...\u2764","publisher":{"@id":"https:\/\/lescreationsde.celineinmyworldmedium.com\/#organization"},"potentialAction":[{"@type":"SearchAction","target":{"@type":"EntryPoint","urlTemplate":"https:\/\/lescreationsde.celineinmyworldmedium.com\/?s={search_term_string}"},"query-input":{"@type":"PropertyValueSpecification","valueRequired":true,"valueName":"search_term_string"}}],"inLanguage":"fr-FR"},{"@type":"Organization","@id":"https:\/\/lescreationsde.celineinmyworldmedium.com\/#organization","name":"Les cr\u00e9ations de C\u00e9line Inmyworld","url":"https:\/\/lescreationsde.celineinmyworldmedium.com\/","logo":{"@type":"ImageObject","inLanguage":"fr-FR","@id":"https:\/\/lescreationsde.celineinmyworldmedium.com\/#\/schema\/logo\/image\/","url":"https:\/\/lescreationsde.celineinmyworldmedium.com\/wp-content\/uploads\/2021\/03\/logo_creations3.png","contentUrl":"https:\/\/lescreationsde.celineinmyworldmedium.com\/wp-content\/uploads\/2021\/03\/logo_creations3.png","width":613,"height":190,"caption":"Les cr\u00e9ations de C\u00e9line Inmyworld"},"image":{"@id":"https:\/\/lescreationsde.celineinmyworldmedium.com\/#\/schema\/logo\/image\/"}}]}},"jetpack_sharing_enabled":true,"_links":{"self":[{"href":"https:\/\/lescreationsde.celineinmyworldmedium.com\/index.php\/wp-json\/wp\/v2\/product\/4368","targetHints":{"allow":["GET"]}}],"collection":[{"href":"https:\/\/lescreationsde.celineinmyworldmedium.com\/index.php\/wp-json\/wp\/v2\/product"}],"about":[{"href":"https:\/\/lescreationsde.celineinmyworldmedium.com\/index.php\/wp-json\/wp\/v2\/types\/product"}],"replies":[{"embeddable":true,"href":"https:\/\/lescreationsde.celineinmyworldmedium.com\/index.php\/wp-json\/wp\/v2\/comments?post=4368"}],"wp:featuredmedia":[{"embeddable":true,"href":"https:\/\/lescreationsde.celineinmyworldmedium.com\/index.php\/wp-json\/wp\/v2\/media\/4369"}],"wp:attachment":[{"href":"https:\/\/lescreationsde.celineinmyworldmedium.com\/index.php\/wp-json\/wp\/v2\/media?parent=4368"}],"wp:term":[{"taxonomy":"product_brand","embeddable":true,"href":"https:\/\/lescreationsde.celineinmyworldmedium.com\/index.php\/wp-json\/wp\/v2\/product_brand?post=4368"},{"taxonomy":"product_cat","embeddable":true,"href":"https:\/\/lescreationsde.celineinmyworldmedium.com\/index.php\/wp-json\/wp\/v2\/product_cat?post=4368"},{"taxonomy":"product_tag","embeddable":true,"href":"https:\/\/lescreationsde.celineinmyworldmedium.com\/index.php\/wp-json\/wp\/v2\/product_tag?post=4368"}],"curies":[{"name":"wp","href":"https:\/\/api.w.org\/{rel}","templated":true}]}}