{"id":414,"date":"2020-11-10T13:47:08","date_gmt":"2020-11-10T12:47:08","guid":{"rendered":"https:\/\/lescreationsde.celineinmyworldmedium.com\/?post_type=product&#038;p=414"},"modified":"2024-10-11T20:20:08","modified_gmt":"2024-10-11T18:20:08","slug":"amethyste-a-inclusions-de-goethite-cacoxenite-ou-super-seven","status":"publish","type":"product","link":"https:\/\/lescreationsde.celineinmyworldmedium.com\/index.php\/produit\/amethyste-a-inclusions-de-goethite-cacoxenite-ou-super-seven\/","title":{"rendered":"Am\u00e9thyste \u00e0 inclusions de Goethite (Cacox\u00e9nite ou Super Seven)"},"content":{"rendered":"<p>Domaine <strong>spirituel<\/strong>, celui de l&rsquo;\u00eatre humain avec ses intentions, ses buts ou ses pr\u00e9occupations existentielles :<\/p>\n<p><strong>Pierre vibratoirement tr\u00e8s \u00e9lev\u00e9e et de haute spiritualit\u00e9. Aide \u00e0 se lib\u00e9rer de la confusion mentale, des peurs, des angoisses, des doutes et des pr\u00e9jug\u00e9s. Conseill\u00e9e pour les moments de stress intense, pour la tristesse et la d\u00e9tresse \u00e9motionnelle. Apporte un sentiment de s\u00e9curit\u00e9 et protection. Forme un bouclier imp\u00e9n\u00e9trable \u00e0 toutes les \u00e9nergies n\u00e9gatives. Aide \u00e0 faire le pont entre l&rsquo;\u00e2me et la spiritualit\u00e9.<\/strong><\/p>\n<p>Domaine de<strong> l&rsquo;\u00e2me<\/strong> ou du subconscient, ainsi que les notions de temp\u00e9rament, de sentiments, de sensations, de r\u00eaves, de v\u00e9cu sur le plan animique, d&rsquo;habitudes et de r\u00e9actions inconscientes :<\/p>\n<p><strong>Idem<br \/>\n<\/strong><\/p>\n<p>Domaine <strong>mental<\/strong> avec les id\u00e9es, la raison, les convictions, les consid\u00e9rations, ainsi que le mode de pens\u00e9e et d&rsquo;action consciente :<\/p>\n<p><strong>Pierre vibratoirement tr\u00e8s \u00e9lev\u00e9e et de haute spiritualit\u00e9. Aide \u00e0 se lib\u00e9rer de la confusion mentale, des peurs, des angoisses, des doutes et des pr\u00e9jug\u00e9s. Conseill\u00e9e pour les moments de stress intense, pour la tristesse et la d\u00e9tresse \u00e9motionnelle. Apporte un sentiment de s\u00e9curit\u00e9 et protection. Forme un bouclier imp\u00e9n\u00e9trable \u00e0 toutes les \u00e9nergies n\u00e9gatives. Aide \u00e0 faire le pont entre l&rsquo;\u00e2me et la spiritualit\u00e9.<\/strong><\/p>\n<p>Domaine <strong>physique<\/strong> ou corporel, l&rsquo;ensemble de l&rsquo;organisme avec les sens, les organes et les fonctions :<\/p>\n<p><strong>Idem<\/strong><\/p>\n<ul>\n<li>Stress<\/li>\n<li>Protection<\/li>\n<li>Spiritualit\u00e9<\/li>\n<li>7\u00e8me chakra Couronne<\/li>\n<\/ul>\n","protected":false},"excerpt":{"rendered":"<table>\n<tbody>\n<tr>\n<td style=\"texte-align: left; color: gray; border: none;\"><strong>Hors frais d&rsquo;exp\u00e9dition<\/strong><\/td>\n<\/tr>\n<tr>\n<td style=\"texte-align: left; color: gray; border: none;\"><strong>Bijoux confectionn\u00e9s sur-mesure, sur commande<br \/>Les couleurs et motifs des pierres varient d&rsquo;un bijou \u00e0 un autre<\/strong><\/td>\n<\/tr>\n<tr>\n<td style=\"texte-align: left; color: blue; border: none;\"><a style=\"color: #a15fe2;\" href=\"https:\/\/lescreationsde.celineinmyworldmedium.com\/index.php\/mesurer-son-tour-de-poignet-pour-bracelets\/\" target=\"_blank\" rel=\"noopener\"><strong>Comment mesurer son tour de poignet<\/strong><\/a><\/td>\n<\/tr>\n<tr>\n<td style=\"texte-align: left; color: green; border: none;\"><a href=\"https:\/\/lescreationsde.celineinmyworldmedium.com\/index.php\/categorie-produit\/catalogue\/accessoires\/separateurs\/\" target=\"_blank\" rel=\"noopener\"><strong>Choix des s\u00e9parateurs<\/strong><\/a><\/td>\n<\/tr>\n<tr>\n<td style=\"texte-align: left; color: green; border: none;\"><a href=\"https:\/\/lescreationsde.celineinmyworldmedium.com\/index.php\/categorie-produit\/catalogue\/accessoires\/belieres\/\" target=\"_blank\" rel=\"noopener\"><strong>Choix des b\u00e9li\u00e8res<\/strong><\/a><\/td>\n<\/tr>\n<tr>\n<td style=\"texte-align: left; color: green; border: none;\"><a href=\"https:\/\/lescreationsde.celineinmyworldmedium.com\/index.php\/categorie-produit\/catalogue\/accessoires\/pendentifs-fantaisie-petits\/\" target=\"_blank\" rel=\"noopener\"><strong>Choix des petits pendentifs<\/strong><\/a><\/td>\n<\/tr>\n<\/tbody>\n<\/table>\n","protected":false},"featured_media":418,"comment_status":"open","ping_status":"closed","template":"","meta":[],"product_brand":[],"product_cat":[91,160],"product_tag":[152,151,23,25,136,150,86,16,144,161,143,157,122,134,116,62,148,140],"class_list":{"0":"post-414","1":"product","2":"type-product","3":"status-publish","4":"has-post-thumbnail","6":"product_cat-pierres-catalogue","7":"product_cat-amethyste","8":"product_tag-amour","9":"product_tag-bonheur","10":"product_tag-boucles-doreilles","11":"product_tag-bracelet","12":"product_tag-chakra","13":"product_tag-chance","14":"product_tag-coeur","15":"product_tag-collier","16":"product_tag-confiance","17":"product_tag-couronne","18":"product_tag-energie","19":"product_tag-lacher-prise","20":"product_tag-mate","21":"product_tag-orange","22":"product_tag-perles","23":"product_tag-pierres","24":"product_tag-plexus-solaire","25":"product_tag-racine","27":"first","28":"instock","29":"shipping-taxable","30":"purchasable","31":"product-type-variable"},"yoast_head":"<!-- This site is optimized with the Yoast SEO plugin v27.2 - https:\/\/yoast.com\/product\/yoast-seo-wordpress\/ -->\n<title>- Les cr\u00e9ations de C\u00e9line Inmyworld - Am\u00e9thyste \u00e0 inclusions de Goethite<\/title>\n<meta name=\"description\" content=\"Forme un bouclier imp\u00e9n\u00e9trable \u00e0 toutes les \u00e9nergies n\u00e9gatives. Aide \u00e0 faire le pont entre l&#039;\u00e2me et la spiritualit\u00e9.\" \/>\n<meta name=\"robots\" content=\"index, follow, max-snippet:-1, max-image-preview:large, max-video-preview:-1\" \/>\n<link rel=\"canonical\" href=\"https:\/\/lescreationsde.celineinmyworldmedium.com\/index.php\/produit\/amethyste-a-inclusions-de-goethite-cacoxenite-ou-super-seven\/\" \/>\n<meta property=\"og:locale\" content=\"fr_FR\" \/>\n<meta property=\"og:type\" content=\"article\" \/>\n<meta property=\"og:title\" content=\"- Les cr\u00e9ations de C\u00e9line Inmyworld - Am\u00e9thyste \u00e0 inclusions de Goethite\" \/>\n<meta property=\"og:description\" content=\"Forme un bouclier imp\u00e9n\u00e9trable \u00e0 toutes les \u00e9nergies n\u00e9gatives. Aide \u00e0 faire le pont entre l&#039;\u00e2me et la spiritualit\u00e9.\" \/>\n<meta property=\"og:url\" content=\"https:\/\/lescreationsde.celineinmyworldmedium.com\/index.php\/produit\/amethyste-a-inclusions-de-goethite-cacoxenite-ou-super-seven\/\" \/>\n<meta property=\"og:site_name\" content=\"Les cr\u00e9ations de C\u00e9line Inmyworld\" \/>\n<meta property=\"article:modified_time\" content=\"2024-10-11T18:20:08+00:00\" \/>\n<meta property=\"og:image\" content=\"https:\/\/lescreationsde.celineinmyworldmedium.com\/wp-content\/uploads\/2020\/11\/amethyste_a_inclusions_de_goethite.jpg\" \/>\n\t<meta property=\"og:image:width\" content=\"1080\" \/>\n\t<meta property=\"og:image:height\" content=\"823\" \/>\n\t<meta property=\"og:image:type\" content=\"image\/jpeg\" \/>\n<meta name=\"twitter:card\" content=\"summary_large_image\" \/>\n<meta name=\"twitter:label1\" content=\"Dur\u00e9e de lecture estim\u00e9e\" \/>\n\t<meta name=\"twitter:data1\" content=\"1 minute\" \/>\n<script type=\"application\/ld+json\" class=\"yoast-schema-graph\">{\"@context\":\"https:\/\/schema.org\",\"@graph\":[{\"@type\":\"WebPage\",\"@id\":\"https:\/\/lescreationsde.celineinmyworldmedium.com\/index.php\/produit\/amethyste-a-inclusions-de-goethite-cacoxenite-ou-super-seven\/\",\"url\":\"https:\/\/lescreationsde.celineinmyworldmedium.com\/index.php\/produit\/amethyste-a-inclusions-de-goethite-cacoxenite-ou-super-seven\/\",\"name\":\"- Les cr\u00e9ations de C\u00e9line Inmyworld - Am\u00e9thyste \u00e0 inclusions de Goethite\",\"isPartOf\":{\"@id\":\"https:\/\/lescreationsde.celineinmyworldmedium.com\/#website\"},\"primaryImageOfPage\":{\"@id\":\"https:\/\/lescreationsde.celineinmyworldmedium.com\/index.php\/produit\/amethyste-a-inclusions-de-goethite-cacoxenite-ou-super-seven\/#primaryimage\"},\"image\":{\"@id\":\"https:\/\/lescreationsde.celineinmyworldmedium.com\/index.php\/produit\/amethyste-a-inclusions-de-goethite-cacoxenite-ou-super-seven\/#primaryimage\"},\"thumbnailUrl\":\"https:\/\/lescreationsde.celineinmyworldmedium.com\/wp-content\/uploads\/2020\/11\/amethyste_a_inclusions_de_goethite.jpg\",\"datePublished\":\"2020-11-10T12:47:08+00:00\",\"dateModified\":\"2024-10-11T18:20:08+00:00\",\"description\":\"Forme un bouclier imp\u00e9n\u00e9trable \u00e0 toutes les \u00e9nergies n\u00e9gatives. Aide \u00e0 faire le pont entre l'\u00e2me et la spiritualit\u00e9.\",\"breadcrumb\":{\"@id\":\"https:\/\/lescreationsde.celineinmyworldmedium.com\/index.php\/produit\/amethyste-a-inclusions-de-goethite-cacoxenite-ou-super-seven\/#breadcrumb\"},\"inLanguage\":\"fr-FR\",\"potentialAction\":[{\"@type\":\"ReadAction\",\"target\":[\"https:\/\/lescreationsde.celineinmyworldmedium.com\/index.php\/produit\/amethyste-a-inclusions-de-goethite-cacoxenite-ou-super-seven\/\"]}]},{\"@type\":\"ImageObject\",\"inLanguage\":\"fr-FR\",\"@id\":\"https:\/\/lescreationsde.celineinmyworldmedium.com\/index.php\/produit\/amethyste-a-inclusions-de-goethite-cacoxenite-ou-super-seven\/#primaryimage\",\"url\":\"https:\/\/lescreationsde.celineinmyworldmedium.com\/wp-content\/uploads\/2020\/11\/amethyste_a_inclusions_de_goethite.jpg\",\"contentUrl\":\"https:\/\/lescreationsde.celineinmyworldmedium.com\/wp-content\/uploads\/2020\/11\/amethyste_a_inclusions_de_goethite.jpg\",\"width\":1080,\"height\":823,\"caption\":\"Am\u00e9thyste \u00e0 inclusions de Goethite (Cacox\u00e9nite ou Super Seven)\"},{\"@type\":\"BreadcrumbList\",\"@id\":\"https:\/\/lescreationsde.celineinmyworldmedium.com\/index.php\/produit\/amethyste-a-inclusions-de-goethite-cacoxenite-ou-super-seven\/#breadcrumb\",\"itemListElement\":[{\"@type\":\"ListItem\",\"position\":1,\"name\":\"Accueil\",\"item\":\"https:\/\/lescreationsde.celineinmyworldmedium.com\/\"},{\"@type\":\"ListItem\",\"position\":2,\"name\":\"Produits\",\"item\":\"https:\/\/lescreationsde.celineinmyworldmedium.com\/index.php\/boutique\/\"},{\"@type\":\"ListItem\",\"position\":3,\"name\":\"Am\u00e9thyste \u00e0 inclusions de Goethite (Cacox\u00e9nite ou Super Seven)\"}]},{\"@type\":\"WebSite\",\"@id\":\"https:\/\/lescreationsde.celineinmyworldmedium.com\/#website\",\"url\":\"https:\/\/lescreationsde.celineinmyworldmedium.com\/\",\"name\":\"Les cr\u00e9ations de C\u00e9line Inmyworld\",\"description\":\"Cr\u00e9ation de bijoux personnalis\u00e9s, sur-mesure, en pierres semi-pr\u00e9cieuses de qualit\u00e9. Bracelets, boucles d&#039;oreilles, colliers, sautoirs, malas, cha\u00eenes de cheville, bagues...\u2764\",\"publisher\":{\"@id\":\"https:\/\/lescreationsde.celineinmyworldmedium.com\/#organization\"},\"potentialAction\":[{\"@type\":\"SearchAction\",\"target\":{\"@type\":\"EntryPoint\",\"urlTemplate\":\"https:\/\/lescreationsde.celineinmyworldmedium.com\/?s={search_term_string}\"},\"query-input\":{\"@type\":\"PropertyValueSpecification\",\"valueRequired\":true,\"valueName\":\"search_term_string\"}}],\"inLanguage\":\"fr-FR\"},{\"@type\":\"Organization\",\"@id\":\"https:\/\/lescreationsde.celineinmyworldmedium.com\/#organization\",\"name\":\"Les cr\u00e9ations de C\u00e9line Inmyworld\",\"url\":\"https:\/\/lescreationsde.celineinmyworldmedium.com\/\",\"logo\":{\"@type\":\"ImageObject\",\"inLanguage\":\"fr-FR\",\"@id\":\"https:\/\/lescreationsde.celineinmyworldmedium.com\/#\/schema\/logo\/image\/\",\"url\":\"https:\/\/lescreationsde.celineinmyworldmedium.com\/wp-content\/uploads\/2021\/03\/logo_creations3.png\",\"contentUrl\":\"https:\/\/lescreationsde.celineinmyworldmedium.com\/wp-content\/uploads\/2021\/03\/logo_creations3.png\",\"width\":613,\"height\":190,\"caption\":\"Les cr\u00e9ations de C\u00e9line Inmyworld\"},\"image\":{\"@id\":\"https:\/\/lescreationsde.celineinmyworldmedium.com\/#\/schema\/logo\/image\/\"}}]}<\/script>\n<!-- \/ Yoast SEO plugin. -->","yoast_head_json":{"title":"- Les cr\u00e9ations de C\u00e9line Inmyworld - Am\u00e9thyste \u00e0 inclusions de Goethite","description":"Forme un bouclier imp\u00e9n\u00e9trable \u00e0 toutes les \u00e9nergies n\u00e9gatives. Aide \u00e0 faire le pont entre l'\u00e2me et la spiritualit\u00e9.","robots":{"index":"index","follow":"follow","max-snippet":"max-snippet:-1","max-image-preview":"max-image-preview:large","max-video-preview":"max-video-preview:-1"},"canonical":"https:\/\/lescreationsde.celineinmyworldmedium.com\/index.php\/produit\/amethyste-a-inclusions-de-goethite-cacoxenite-ou-super-seven\/","og_locale":"fr_FR","og_type":"article","og_title":"- Les cr\u00e9ations de C\u00e9line Inmyworld - Am\u00e9thyste \u00e0 inclusions de Goethite","og_description":"Forme un bouclier imp\u00e9n\u00e9trable \u00e0 toutes les \u00e9nergies n\u00e9gatives. Aide \u00e0 faire le pont entre l'\u00e2me et la spiritualit\u00e9.","og_url":"https:\/\/lescreationsde.celineinmyworldmedium.com\/index.php\/produit\/amethyste-a-inclusions-de-goethite-cacoxenite-ou-super-seven\/","og_site_name":"Les cr\u00e9ations de C\u00e9line Inmyworld","article_modified_time":"2024-10-11T18:20:08+00:00","og_image":[{"width":1080,"height":823,"url":"https:\/\/lescreationsde.celineinmyworldmedium.com\/wp-content\/uploads\/2020\/11\/amethyste_a_inclusions_de_goethite.jpg","type":"image\/jpeg"}],"twitter_card":"summary_large_image","twitter_misc":{"Dur\u00e9e de lecture estim\u00e9e":"1 minute"},"schema":{"@context":"https:\/\/schema.org","@graph":[{"@type":"WebPage","@id":"https:\/\/lescreationsde.celineinmyworldmedium.com\/index.php\/produit\/amethyste-a-inclusions-de-goethite-cacoxenite-ou-super-seven\/","url":"https:\/\/lescreationsde.celineinmyworldmedium.com\/index.php\/produit\/amethyste-a-inclusions-de-goethite-cacoxenite-ou-super-seven\/","name":"- Les cr\u00e9ations de C\u00e9line Inmyworld - Am\u00e9thyste \u00e0 inclusions de Goethite","isPartOf":{"@id":"https:\/\/lescreationsde.celineinmyworldmedium.com\/#website"},"primaryImageOfPage":{"@id":"https:\/\/lescreationsde.celineinmyworldmedium.com\/index.php\/produit\/amethyste-a-inclusions-de-goethite-cacoxenite-ou-super-seven\/#primaryimage"},"image":{"@id":"https:\/\/lescreationsde.celineinmyworldmedium.com\/index.php\/produit\/amethyste-a-inclusions-de-goethite-cacoxenite-ou-super-seven\/#primaryimage"},"thumbnailUrl":"https:\/\/lescreationsde.celineinmyworldmedium.com\/wp-content\/uploads\/2020\/11\/amethyste_a_inclusions_de_goethite.jpg","datePublished":"2020-11-10T12:47:08+00:00","dateModified":"2024-10-11T18:20:08+00:00","description":"Forme un bouclier imp\u00e9n\u00e9trable \u00e0 toutes les \u00e9nergies n\u00e9gatives. Aide \u00e0 faire le pont entre l'\u00e2me et la spiritualit\u00e9.","breadcrumb":{"@id":"https:\/\/lescreationsde.celineinmyworldmedium.com\/index.php\/produit\/amethyste-a-inclusions-de-goethite-cacoxenite-ou-super-seven\/#breadcrumb"},"inLanguage":"fr-FR","potentialAction":[{"@type":"ReadAction","target":["https:\/\/lescreationsde.celineinmyworldmedium.com\/index.php\/produit\/amethyste-a-inclusions-de-goethite-cacoxenite-ou-super-seven\/"]}]},{"@type":"ImageObject","inLanguage":"fr-FR","@id":"https:\/\/lescreationsde.celineinmyworldmedium.com\/index.php\/produit\/amethyste-a-inclusions-de-goethite-cacoxenite-ou-super-seven\/#primaryimage","url":"https:\/\/lescreationsde.celineinmyworldmedium.com\/wp-content\/uploads\/2020\/11\/amethyste_a_inclusions_de_goethite.jpg","contentUrl":"https:\/\/lescreationsde.celineinmyworldmedium.com\/wp-content\/uploads\/2020\/11\/amethyste_a_inclusions_de_goethite.jpg","width":1080,"height":823,"caption":"Am\u00e9thyste \u00e0 inclusions de Goethite (Cacox\u00e9nite ou Super Seven)"},{"@type":"BreadcrumbList","@id":"https:\/\/lescreationsde.celineinmyworldmedium.com\/index.php\/produit\/amethyste-a-inclusions-de-goethite-cacoxenite-ou-super-seven\/#breadcrumb","itemListElement":[{"@type":"ListItem","position":1,"name":"Accueil","item":"https:\/\/lescreationsde.celineinmyworldmedium.com\/"},{"@type":"ListItem","position":2,"name":"Produits","item":"https:\/\/lescreationsde.celineinmyworldmedium.com\/index.php\/boutique\/"},{"@type":"ListItem","position":3,"name":"Am\u00e9thyste \u00e0 inclusions de Goethite (Cacox\u00e9nite ou Super Seven)"}]},{"@type":"WebSite","@id":"https:\/\/lescreationsde.celineinmyworldmedium.com\/#website","url":"https:\/\/lescreationsde.celineinmyworldmedium.com\/","name":"Les cr\u00e9ations de C\u00e9line Inmyworld","description":"Cr\u00e9ation de bijoux personnalis\u00e9s, sur-mesure, en pierres semi-pr\u00e9cieuses de qualit\u00e9. Bracelets, boucles d&#039;oreilles, colliers, sautoirs, malas, cha\u00eenes de cheville, bagues...\u2764","publisher":{"@id":"https:\/\/lescreationsde.celineinmyworldmedium.com\/#organization"},"potentialAction":[{"@type":"SearchAction","target":{"@type":"EntryPoint","urlTemplate":"https:\/\/lescreationsde.celineinmyworldmedium.com\/?s={search_term_string}"},"query-input":{"@type":"PropertyValueSpecification","valueRequired":true,"valueName":"search_term_string"}}],"inLanguage":"fr-FR"},{"@type":"Organization","@id":"https:\/\/lescreationsde.celineinmyworldmedium.com\/#organization","name":"Les cr\u00e9ations de C\u00e9line Inmyworld","url":"https:\/\/lescreationsde.celineinmyworldmedium.com\/","logo":{"@type":"ImageObject","inLanguage":"fr-FR","@id":"https:\/\/lescreationsde.celineinmyworldmedium.com\/#\/schema\/logo\/image\/","url":"https:\/\/lescreationsde.celineinmyworldmedium.com\/wp-content\/uploads\/2021\/03\/logo_creations3.png","contentUrl":"https:\/\/lescreationsde.celineinmyworldmedium.com\/wp-content\/uploads\/2021\/03\/logo_creations3.png","width":613,"height":190,"caption":"Les cr\u00e9ations de C\u00e9line Inmyworld"},"image":{"@id":"https:\/\/lescreationsde.celineinmyworldmedium.com\/#\/schema\/logo\/image\/"}}]}},"jetpack_sharing_enabled":true,"_links":{"self":[{"href":"https:\/\/lescreationsde.celineinmyworldmedium.com\/index.php\/wp-json\/wp\/v2\/product\/414","targetHints":{"allow":["GET"]}}],"collection":[{"href":"https:\/\/lescreationsde.celineinmyworldmedium.com\/index.php\/wp-json\/wp\/v2\/product"}],"about":[{"href":"https:\/\/lescreationsde.celineinmyworldmedium.com\/index.php\/wp-json\/wp\/v2\/types\/product"}],"replies":[{"embeddable":true,"href":"https:\/\/lescreationsde.celineinmyworldmedium.com\/index.php\/wp-json\/wp\/v2\/comments?post=414"}],"wp:featuredmedia":[{"embeddable":true,"href":"https:\/\/lescreationsde.celineinmyworldmedium.com\/index.php\/wp-json\/wp\/v2\/media\/418"}],"wp:attachment":[{"href":"https:\/\/lescreationsde.celineinmyworldmedium.com\/index.php\/wp-json\/wp\/v2\/media?parent=414"}],"wp:term":[{"taxonomy":"product_brand","embeddable":true,"href":"https:\/\/lescreationsde.celineinmyworldmedium.com\/index.php\/wp-json\/wp\/v2\/product_brand?post=414"},{"taxonomy":"product_cat","embeddable":true,"href":"https:\/\/lescreationsde.celineinmyworldmedium.com\/index.php\/wp-json\/wp\/v2\/product_cat?post=414"},{"taxonomy":"product_tag","embeddable":true,"href":"https:\/\/lescreationsde.celineinmyworldmedium.com\/index.php\/wp-json\/wp\/v2\/product_tag?post=414"}],"curies":[{"name":"wp","href":"https:\/\/api.w.org\/{rel}","templated":true}]}}