{"id":3804,"date":"2021-11-28T14:43:38","date_gmt":"2021-11-28T13:43:38","guid":{"rendered":"https:\/\/lescreationsde.celineinmyworldmedium.com\/?post_type=product&#038;p=3804"},"modified":"2024-03-11T19:25:42","modified_gmt":"2024-03-11T18:25:42","slug":"collier-pour-bebe-pour-les-poussees-dentaires-en-ambre","status":"publish","type":"product","link":"https:\/\/lescreationsde.celineinmyworldmedium.com\/index.php\/produit\/collier-pour-bebe-pour-les-poussees-dentaires-en-ambre\/","title":{"rendered":"Collier pour b\u00e9b\u00e9, pour les pouss\u00e9es dentaires, en Ambre"},"content":{"rendered":"<h4>1 &#8211; Les vertus de l&rsquo;ambre brun :<\/h4>\n<p>Domaine <strong>spirituel<\/strong>, celui de l\u2019\u00eatre humain avec ses intentions, ses buts ou ses pr\u00e9occupations existentielles :<\/p>\n<p><strong>Force, prosp\u00e9rit\u00e9.<\/strong><\/p>\n<p>Domaine de <strong>l\u2019\u00e2me<\/strong> ou du subconscient, ainsi que les notions de temp\u00e9rament, de sentiments, de sensations, de r\u00eaves, de v\u00e9cu sur le plan animique, d\u2019habitudes et de r\u00e9actions inconscientes :<\/p>\n<p><strong>Apaise la col\u00e8re, l\u2019agressivit\u00e9, <span dir=\"ltr\">l\u2019insatisfaction, l\u2019envie, la soif de vengeance et la malveillance.<\/span><\/strong><\/p>\n<p>Domaine <strong>mental<\/strong> avec les id\u00e9es, la raison, les convictions, les consid\u00e9rations, ainsi que le mode de pens\u00e9e et d\u2019action consciente :<\/p>\n<p><strong>R\u00e9duit l\u2019ent\u00eatement et aide \u00e0 utiliser l\u2019\u00e9nergie avec intelligence.<\/strong><\/p>\n<p>Domaine <strong>physique<\/strong> ou corporel, l\u2019ensemble de l\u2019organisme avec les sens, les organes et les fonctions :<\/p>\n<p><strong>Bon pour l\u2019estomac, l\u2019intestin et la vessie, utile contre les douleurs dans le bas du dos.<\/strong><\/p>\n<h4><strong>2 &#8211; Les vertus de l\u2019ambre jaune :<\/strong><\/h4>\n<p>Domaine <strong>spirituel<\/strong>, celui de l\u2019\u00eatre humain avec ses intentions, ses buts ou ses pr\u00e9occupations existentielles :<\/p>\n<p><strong>Insouciance.<\/strong><\/p>\n<p>Domaine de <strong>l\u2019\u00e2me<\/strong> ou du subconscient, ainsi que les notions de temp\u00e9rament, de sentiments, de sensations, de r\u00eaves, de v\u00e9cu sur le plan animique, d\u2019habitudes et de r\u00e9actions inconscientes :<\/p>\n<p><strong>Pour la gaiet\u00e9 et la confiance.<\/strong><\/p>\n<p>Domaine <strong>mental<\/strong> avec les id\u00e9es, la raison, les convictions, les consid\u00e9rations, ainsi que le mode de pens\u00e9e et d\u2019action consciente :<\/p>\n<p><strong>Renforce la confiance en soi.<\/strong><\/p>\n<p>Domaine <strong>physique<\/strong> ou corporel, l\u2019ensemble de l\u2019organisme avec les sens, les organes et les fonctions :<\/p>\n<p><strong>Bon pour l\u2019estomac, la rate, la v\u00e9sicule, le foie, les articulations, la peau, les muqueuses, les glandes et l\u2019intestin, facilite la pousse des dents chez les enfants, aide en cas d\u2019allergies, de rhumatismes et de diab\u00e8te.<\/strong><\/p>\n<h4><strong>3 &#8211; Les vertus de l\u2019ambre rouge :<\/strong><\/h4>\n<p>Domaine <strong>spirituel<\/strong>, celui de l\u2019\u00eatre humain avec ses intentions, ses buts ou ses pr\u00e9occupations existentielles :<\/p>\n<p><strong>Amour et courage.<\/strong><\/p>\n<p>Domaine de <strong>l\u2019\u00e2me<\/strong> ou du subconscient, ainsi que les notions de temp\u00e9rament, de sentiments, de sensations, de r\u00eaves, de v\u00e9cu sur le plan animique, d\u2019habitudes et de r\u00e9actions inconscientes :<\/p>\n<p><strong>Aide \u00e0 pr\u00e9server sa propre nature, afin qu\u2019elle reste forte et intacte.<\/strong><\/p>\n<p>Domaine <strong>mental<\/strong> avec les id\u00e9es, la raison, les convictions, les consid\u00e9rations, ainsi que le mode de pens\u00e9e et d\u2019action consciente :<\/p>\n<p><strong>Soutient la d\u00e9termination, le courage et le dynamisme.<\/strong><\/p>\n<p>Domaine <strong>physique<\/strong> ou corporel, l\u2019ensemble de l\u2019organisme avec les sens, les organes et les fonctions :<\/p>\n<p><strong>Soulage les troubles cardiaques, r\u00e9gule la pression art\u00e9rielle et aide dans les maladies des organes g\u00e9nitaux de l\u2019homme.<\/strong><\/p>\n","protected":false},"excerpt":{"rendered":"<table>\n<tbody>\n<tr>\n<td style=\"texte-align: left; color: gray; border: none;\"><strong>Hors frais d\u2019exp\u00e9dition<\/strong><\/td>\n<\/tr>\n<tr>\n<td style=\"texte-align: left; color: gray; border: none;\"><strong>Bijoux confectionn\u00e9s sur-mesure, sur commande<br \/>Les couleurs et motifs des pierres varient d&rsquo;un bijou \u00e0 un autre<br \/>D\u00e9lai de confection environ 30 jours<\/strong><\/td>\n<\/tr>\n<tr>\n<td style=\"texte-align: left; color: green; border: none;\"><a href=\"https:\/\/lescreationsde.celineinmyworldmedium.com\/index.php\/categorie-produit\/pendentifs-grands\/\" target=\"_blank\" rel=\"noopener\"><strong>Voir les diff\u00e9rents pendentif (grands)<\/strong><\/a><\/td>\n<\/tr>\n<tr>\n<td style=\"texte-align: left; color: green; border: none;\"><a href=\"https:\/\/lescreationsde.celineinmyworldmedium.com\/index.php\/categorie-produit\/catalogue\/accessoires\/fermoirs\/\" target=\"_blank\" rel=\"noopener\"><strong>Voir les diff\u00e9rents fermoirs<\/strong><\/a><\/td>\n<\/tr>\n<tr>\n<td style=\"texte-align: left; color: green; border: none;\"><a href=\"https:\/\/lescreationsde.celineinmyworldmedium.com\/index.php\/categorie-produit\/catalogue\/accessoires\/mousquetons\/\" target=\"_blank\" rel=\"noopener\"><strong>Voir les diff\u00e9rents mousquetons<\/strong><\/a><\/td>\n<\/tr>\n<\/tbody>\n<\/table>\n","protected":false},"featured_media":3806,"comment_status":"open","ping_status":"closed","template":"","meta":[],"product_brand":[],"product_cat":[29,818],"product_tag":[825,820,826,152,106,42,44,38,47,538,43,41,40,39,23,25,36,34,26,37,35,126,16,24,45,1054,17,33,539,82,32,27,638,22,28,149,18],"class_list":{"0":"post-3804","1":"product","2":"type-product","3":"status-publish","4":"has-post-thumbnail","6":"product_cat-colliers","7":"product_cat-ambre","8":"product_tag-ambre-brun","9":"product_tag-ambre-jaune","10":"product_tag-ambre-rouge","11":"product_tag-amour","12":"product_tag-argent","13":"product_tag-bijou","14":"product_tag-bijou-energetique","15":"product_tag-bijoux","16":"product_tag-bijoux-anti-allergies","17":"product_tag-bijoux-antiallergies","18":"product_tag-bijoux-energetiques","19":"product_tag-bijoux-fait-main","20":"product_tag-bijoux-personnalises","21":"product_tag-bijoux-sur-mesure","22":"product_tag-boucles-doreilles","23":"product_tag-bracelet","24":"product_tag-bracelet-femme","25":"product_tag-bracelet-homme","26":"product_tag-bracelets","27":"product_tag-bracelets-femme","28":"product_tag-bracelets-homme","29":"product_tag-chakras","30":"product_tag-collier","31":"product_tag-collier-femme","32":"product_tag-collier-personnalise","33":"product_tag-collier-pour-bebe-pour-les-poussees","34":"product_tag-colliers","35":"product_tag-energetique","36":"product_tag-fermoir-magnetique","37":"product_tag-jaspe-rouge","38":"product_tag-lithotherapie","39":"product_tag-pierre","40":"product_tag-pierre-de-lave-plaquee-dore","41":"product_tag-pierre-semi-precieuse","42":"product_tag-pierres-naturelles","43":"product_tag-protection","44":"product_tag-sautoir","46":"first","47":"instock","48":"sold-individually","49":"shipping-taxable","50":"purchasable","51":"product-type-variable"},"yoast_head":"<!-- This site is optimized with the Yoast SEO plugin v27.2 - https:\/\/yoast.com\/product\/yoast-seo-wordpress\/ -->\n<title>La Boutique - Collier pour b\u00e9b\u00e9, pour les pouss\u00e9es dentaires, en Ambre<\/title>\n<meta name=\"description\" content=\"Amour et courage. Soulage les troubles cardiaques, r\u00e9gule la pression art\u00e9rielle et aide dans les maladies des organes g\u00e9nitaux de l\u2019homme.\" \/>\n<meta name=\"robots\" content=\"index, follow, max-snippet:-1, max-image-preview:large, max-video-preview:-1\" \/>\n<link rel=\"canonical\" href=\"https:\/\/lescreationsde.celineinmyworldmedium.com\/index.php\/produit\/collier-pour-bebe-pour-les-poussees-dentaires-en-ambre\/\" \/>\n<meta property=\"og:locale\" content=\"fr_FR\" \/>\n<meta property=\"og:type\" content=\"article\" \/>\n<meta property=\"og:title\" content=\"La Boutique - Collier pour b\u00e9b\u00e9, pour les pouss\u00e9es dentaires, en Ambre\" \/>\n<meta property=\"og:description\" content=\"Amour et courage. Soulage les troubles cardiaques, r\u00e9gule la pression art\u00e9rielle et aide dans les maladies des organes g\u00e9nitaux de l\u2019homme.\" \/>\n<meta property=\"og:url\" content=\"https:\/\/lescreationsde.celineinmyworldmedium.com\/index.php\/produit\/collier-pour-bebe-pour-les-poussees-dentaires-en-ambre\/\" \/>\n<meta property=\"og:site_name\" content=\"Les cr\u00e9ations de C\u00e9line Inmyworld\" \/>\n<meta property=\"article:modified_time\" content=\"2024-03-11T18:25:42+00:00\" \/>\n<meta property=\"og:image\" content=\"https:\/\/lescreationsde.celineinmyworldmedium.com\/wp-content\/uploads\/2021\/11\/Collier_pour_bebe_pour_les_poussees_dentaires_en_Ambre.jpg\" \/>\n\t<meta property=\"og:image:width\" content=\"1080\" \/>\n\t<meta property=\"og:image:height\" content=\"1244\" \/>\n\t<meta property=\"og:image:type\" content=\"image\/jpeg\" \/>\n<meta name=\"twitter:card\" content=\"summary_large_image\" \/>\n<meta name=\"twitter:label1\" content=\"Dur\u00e9e de lecture estim\u00e9e\" \/>\n\t<meta name=\"twitter:data1\" content=\"2 minutes\" \/>\n<script type=\"application\/ld+json\" class=\"yoast-schema-graph\">{\"@context\":\"https:\/\/schema.org\",\"@graph\":[{\"@type\":\"WebPage\",\"@id\":\"https:\/\/lescreationsde.celineinmyworldmedium.com\/index.php\/produit\/collier-pour-bebe-pour-les-poussees-dentaires-en-ambre\/\",\"url\":\"https:\/\/lescreationsde.celineinmyworldmedium.com\/index.php\/produit\/collier-pour-bebe-pour-les-poussees-dentaires-en-ambre\/\",\"name\":\"La Boutique - Collier pour b\u00e9b\u00e9, pour les pouss\u00e9es dentaires, en Ambre\",\"isPartOf\":{\"@id\":\"https:\/\/lescreationsde.celineinmyworldmedium.com\/#website\"},\"primaryImageOfPage\":{\"@id\":\"https:\/\/lescreationsde.celineinmyworldmedium.com\/index.php\/produit\/collier-pour-bebe-pour-les-poussees-dentaires-en-ambre\/#primaryimage\"},\"image\":{\"@id\":\"https:\/\/lescreationsde.celineinmyworldmedium.com\/index.php\/produit\/collier-pour-bebe-pour-les-poussees-dentaires-en-ambre\/#primaryimage\"},\"thumbnailUrl\":\"https:\/\/lescreationsde.celineinmyworldmedium.com\/wp-content\/uploads\/2021\/11\/Collier_pour_bebe_pour_les_poussees_dentaires_en_Ambre.jpg\",\"datePublished\":\"2021-11-28T13:43:38+00:00\",\"dateModified\":\"2024-03-11T18:25:42+00:00\",\"description\":\"Amour et courage. Soulage les troubles cardiaques, r\u00e9gule la pression art\u00e9rielle et aide dans les maladies des organes g\u00e9nitaux de l\u2019homme.\",\"breadcrumb\":{\"@id\":\"https:\/\/lescreationsde.celineinmyworldmedium.com\/index.php\/produit\/collier-pour-bebe-pour-les-poussees-dentaires-en-ambre\/#breadcrumb\"},\"inLanguage\":\"fr-FR\",\"potentialAction\":[{\"@type\":\"ReadAction\",\"target\":[\"https:\/\/lescreationsde.celineinmyworldmedium.com\/index.php\/produit\/collier-pour-bebe-pour-les-poussees-dentaires-en-ambre\/\"]}]},{\"@type\":\"ImageObject\",\"inLanguage\":\"fr-FR\",\"@id\":\"https:\/\/lescreationsde.celineinmyworldmedium.com\/index.php\/produit\/collier-pour-bebe-pour-les-poussees-dentaires-en-ambre\/#primaryimage\",\"url\":\"https:\/\/lescreationsde.celineinmyworldmedium.com\/wp-content\/uploads\/2021\/11\/Collier_pour_bebe_pour_les_poussees_dentaires_en_Ambre.jpg\",\"contentUrl\":\"https:\/\/lescreationsde.celineinmyworldmedium.com\/wp-content\/uploads\/2021\/11\/Collier_pour_bebe_pour_les_poussees_dentaires_en_Ambre.jpg\",\"width\":1080,\"height\":1244,\"caption\":\"Collier pour b\u00e9b\u00e9, pour les pouss\u00e9es dentaires, en Ambre\"},{\"@type\":\"BreadcrumbList\",\"@id\":\"https:\/\/lescreationsde.celineinmyworldmedium.com\/index.php\/produit\/collier-pour-bebe-pour-les-poussees-dentaires-en-ambre\/#breadcrumb\",\"itemListElement\":[{\"@type\":\"ListItem\",\"position\":1,\"name\":\"Accueil\",\"item\":\"https:\/\/lescreationsde.celineinmyworldmedium.com\/\"},{\"@type\":\"ListItem\",\"position\":2,\"name\":\"Produits\",\"item\":\"https:\/\/lescreationsde.celineinmyworldmedium.com\/index.php\/boutique\/\"},{\"@type\":\"ListItem\",\"position\":3,\"name\":\"Collier pour b\u00e9b\u00e9, pour les pouss\u00e9es dentaires, en Ambre\"}]},{\"@type\":\"WebSite\",\"@id\":\"https:\/\/lescreationsde.celineinmyworldmedium.com\/#website\",\"url\":\"https:\/\/lescreationsde.celineinmyworldmedium.com\/\",\"name\":\"Les cr\u00e9ations de C\u00e9line Inmyworld\",\"description\":\"Cr\u00e9ation de bijoux personnalis\u00e9s, sur-mesure, en pierres semi-pr\u00e9cieuses de qualit\u00e9. Bracelets, boucles d&#039;oreilles, colliers, sautoirs, malas, cha\u00eenes de cheville, bagues...\u2764\",\"publisher\":{\"@id\":\"https:\/\/lescreationsde.celineinmyworldmedium.com\/#organization\"},\"potentialAction\":[{\"@type\":\"SearchAction\",\"target\":{\"@type\":\"EntryPoint\",\"urlTemplate\":\"https:\/\/lescreationsde.celineinmyworldmedium.com\/?s={search_term_string}\"},\"query-input\":{\"@type\":\"PropertyValueSpecification\",\"valueRequired\":true,\"valueName\":\"search_term_string\"}}],\"inLanguage\":\"fr-FR\"},{\"@type\":\"Organization\",\"@id\":\"https:\/\/lescreationsde.celineinmyworldmedium.com\/#organization\",\"name\":\"Les cr\u00e9ations de C\u00e9line Inmyworld\",\"url\":\"https:\/\/lescreationsde.celineinmyworldmedium.com\/\",\"logo\":{\"@type\":\"ImageObject\",\"inLanguage\":\"fr-FR\",\"@id\":\"https:\/\/lescreationsde.celineinmyworldmedium.com\/#\/schema\/logo\/image\/\",\"url\":\"https:\/\/lescreationsde.celineinmyworldmedium.com\/wp-content\/uploads\/2021\/03\/logo_creations3.png\",\"contentUrl\":\"https:\/\/lescreationsde.celineinmyworldmedium.com\/wp-content\/uploads\/2021\/03\/logo_creations3.png\",\"width\":613,\"height\":190,\"caption\":\"Les cr\u00e9ations de C\u00e9line Inmyworld\"},\"image\":{\"@id\":\"https:\/\/lescreationsde.celineinmyworldmedium.com\/#\/schema\/logo\/image\/\"}}]}<\/script>\n<!-- \/ Yoast SEO plugin. -->","yoast_head_json":{"title":"La Boutique - Collier pour b\u00e9b\u00e9, pour les pouss\u00e9es dentaires, en Ambre","description":"Amour et courage. Soulage les troubles cardiaques, r\u00e9gule la pression art\u00e9rielle et aide dans les maladies des organes g\u00e9nitaux de l\u2019homme.","robots":{"index":"index","follow":"follow","max-snippet":"max-snippet:-1","max-image-preview":"max-image-preview:large","max-video-preview":"max-video-preview:-1"},"canonical":"https:\/\/lescreationsde.celineinmyworldmedium.com\/index.php\/produit\/collier-pour-bebe-pour-les-poussees-dentaires-en-ambre\/","og_locale":"fr_FR","og_type":"article","og_title":"La Boutique - Collier pour b\u00e9b\u00e9, pour les pouss\u00e9es dentaires, en Ambre","og_description":"Amour et courage. Soulage les troubles cardiaques, r\u00e9gule la pression art\u00e9rielle et aide dans les maladies des organes g\u00e9nitaux de l\u2019homme.","og_url":"https:\/\/lescreationsde.celineinmyworldmedium.com\/index.php\/produit\/collier-pour-bebe-pour-les-poussees-dentaires-en-ambre\/","og_site_name":"Les cr\u00e9ations de C\u00e9line Inmyworld","article_modified_time":"2024-03-11T18:25:42+00:00","og_image":[{"width":1080,"height":1244,"url":"https:\/\/lescreationsde.celineinmyworldmedium.com\/wp-content\/uploads\/2021\/11\/Collier_pour_bebe_pour_les_poussees_dentaires_en_Ambre.jpg","type":"image\/jpeg"}],"twitter_card":"summary_large_image","twitter_misc":{"Dur\u00e9e de lecture estim\u00e9e":"2 minutes"},"schema":{"@context":"https:\/\/schema.org","@graph":[{"@type":"WebPage","@id":"https:\/\/lescreationsde.celineinmyworldmedium.com\/index.php\/produit\/collier-pour-bebe-pour-les-poussees-dentaires-en-ambre\/","url":"https:\/\/lescreationsde.celineinmyworldmedium.com\/index.php\/produit\/collier-pour-bebe-pour-les-poussees-dentaires-en-ambre\/","name":"La Boutique - Collier pour b\u00e9b\u00e9, pour les pouss\u00e9es dentaires, en Ambre","isPartOf":{"@id":"https:\/\/lescreationsde.celineinmyworldmedium.com\/#website"},"primaryImageOfPage":{"@id":"https:\/\/lescreationsde.celineinmyworldmedium.com\/index.php\/produit\/collier-pour-bebe-pour-les-poussees-dentaires-en-ambre\/#primaryimage"},"image":{"@id":"https:\/\/lescreationsde.celineinmyworldmedium.com\/index.php\/produit\/collier-pour-bebe-pour-les-poussees-dentaires-en-ambre\/#primaryimage"},"thumbnailUrl":"https:\/\/lescreationsde.celineinmyworldmedium.com\/wp-content\/uploads\/2021\/11\/Collier_pour_bebe_pour_les_poussees_dentaires_en_Ambre.jpg","datePublished":"2021-11-28T13:43:38+00:00","dateModified":"2024-03-11T18:25:42+00:00","description":"Amour et courage. Soulage les troubles cardiaques, r\u00e9gule la pression art\u00e9rielle et aide dans les maladies des organes g\u00e9nitaux de l\u2019homme.","breadcrumb":{"@id":"https:\/\/lescreationsde.celineinmyworldmedium.com\/index.php\/produit\/collier-pour-bebe-pour-les-poussees-dentaires-en-ambre\/#breadcrumb"},"inLanguage":"fr-FR","potentialAction":[{"@type":"ReadAction","target":["https:\/\/lescreationsde.celineinmyworldmedium.com\/index.php\/produit\/collier-pour-bebe-pour-les-poussees-dentaires-en-ambre\/"]}]},{"@type":"ImageObject","inLanguage":"fr-FR","@id":"https:\/\/lescreationsde.celineinmyworldmedium.com\/index.php\/produit\/collier-pour-bebe-pour-les-poussees-dentaires-en-ambre\/#primaryimage","url":"https:\/\/lescreationsde.celineinmyworldmedium.com\/wp-content\/uploads\/2021\/11\/Collier_pour_bebe_pour_les_poussees_dentaires_en_Ambre.jpg","contentUrl":"https:\/\/lescreationsde.celineinmyworldmedium.com\/wp-content\/uploads\/2021\/11\/Collier_pour_bebe_pour_les_poussees_dentaires_en_Ambre.jpg","width":1080,"height":1244,"caption":"Collier pour b\u00e9b\u00e9, pour les pouss\u00e9es dentaires, en Ambre"},{"@type":"BreadcrumbList","@id":"https:\/\/lescreationsde.celineinmyworldmedium.com\/index.php\/produit\/collier-pour-bebe-pour-les-poussees-dentaires-en-ambre\/#breadcrumb","itemListElement":[{"@type":"ListItem","position":1,"name":"Accueil","item":"https:\/\/lescreationsde.celineinmyworldmedium.com\/"},{"@type":"ListItem","position":2,"name":"Produits","item":"https:\/\/lescreationsde.celineinmyworldmedium.com\/index.php\/boutique\/"},{"@type":"ListItem","position":3,"name":"Collier pour b\u00e9b\u00e9, pour les pouss\u00e9es dentaires, en Ambre"}]},{"@type":"WebSite","@id":"https:\/\/lescreationsde.celineinmyworldmedium.com\/#website","url":"https:\/\/lescreationsde.celineinmyworldmedium.com\/","name":"Les cr\u00e9ations de C\u00e9line Inmyworld","description":"Cr\u00e9ation de bijoux personnalis\u00e9s, sur-mesure, en pierres semi-pr\u00e9cieuses de qualit\u00e9. Bracelets, boucles d&#039;oreilles, colliers, sautoirs, malas, cha\u00eenes de cheville, bagues...\u2764","publisher":{"@id":"https:\/\/lescreationsde.celineinmyworldmedium.com\/#organization"},"potentialAction":[{"@type":"SearchAction","target":{"@type":"EntryPoint","urlTemplate":"https:\/\/lescreationsde.celineinmyworldmedium.com\/?s={search_term_string}"},"query-input":{"@type":"PropertyValueSpecification","valueRequired":true,"valueName":"search_term_string"}}],"inLanguage":"fr-FR"},{"@type":"Organization","@id":"https:\/\/lescreationsde.celineinmyworldmedium.com\/#organization","name":"Les cr\u00e9ations de C\u00e9line Inmyworld","url":"https:\/\/lescreationsde.celineinmyworldmedium.com\/","logo":{"@type":"ImageObject","inLanguage":"fr-FR","@id":"https:\/\/lescreationsde.celineinmyworldmedium.com\/#\/schema\/logo\/image\/","url":"https:\/\/lescreationsde.celineinmyworldmedium.com\/wp-content\/uploads\/2021\/03\/logo_creations3.png","contentUrl":"https:\/\/lescreationsde.celineinmyworldmedium.com\/wp-content\/uploads\/2021\/03\/logo_creations3.png","width":613,"height":190,"caption":"Les cr\u00e9ations de C\u00e9line Inmyworld"},"image":{"@id":"https:\/\/lescreationsde.celineinmyworldmedium.com\/#\/schema\/logo\/image\/"}}]}},"jetpack_sharing_enabled":true,"_links":{"self":[{"href":"https:\/\/lescreationsde.celineinmyworldmedium.com\/index.php\/wp-json\/wp\/v2\/product\/3804","targetHints":{"allow":["GET"]}}],"collection":[{"href":"https:\/\/lescreationsde.celineinmyworldmedium.com\/index.php\/wp-json\/wp\/v2\/product"}],"about":[{"href":"https:\/\/lescreationsde.celineinmyworldmedium.com\/index.php\/wp-json\/wp\/v2\/types\/product"}],"replies":[{"embeddable":true,"href":"https:\/\/lescreationsde.celineinmyworldmedium.com\/index.php\/wp-json\/wp\/v2\/comments?post=3804"}],"wp:featuredmedia":[{"embeddable":true,"href":"https:\/\/lescreationsde.celineinmyworldmedium.com\/index.php\/wp-json\/wp\/v2\/media\/3806"}],"wp:attachment":[{"href":"https:\/\/lescreationsde.celineinmyworldmedium.com\/index.php\/wp-json\/wp\/v2\/media?parent=3804"}],"wp:term":[{"taxonomy":"product_brand","embeddable":true,"href":"https:\/\/lescreationsde.celineinmyworldmedium.com\/index.php\/wp-json\/wp\/v2\/product_brand?post=3804"},{"taxonomy":"product_cat","embeddable":true,"href":"https:\/\/lescreationsde.celineinmyworldmedium.com\/index.php\/wp-json\/wp\/v2\/product_cat?post=3804"},{"taxonomy":"product_tag","embeddable":true,"href":"https:\/\/lescreationsde.celineinmyworldmedium.com\/index.php\/wp-json\/wp\/v2\/product_tag?post=3804"}],"curies":[{"name":"wp","href":"https:\/\/api.w.org\/{rel}","templated":true}]}}