{"id":3307,"date":"2021-11-06T13:38:57","date_gmt":"2021-11-06T12:38:57","guid":{"rendered":"https:\/\/lescreationsde.celineinmyworldmedium.com\/?post_type=product&#038;p=3307"},"modified":"2024-03-10T23:59:11","modified_gmt":"2024-03-10T22:59:11","slug":"bracelet-pour-les-etats-de-stress-permanent-et-pour-la-surcharge-de-travail-en-rhodocrosite-bronzite-et-aventurine-verte","status":"publish","type":"product","link":"https:\/\/lescreationsde.celineinmyworldmedium.com\/index.php\/produit\/bracelet-pour-les-etats-de-stress-permanent-et-pour-la-surcharge-de-travail-en-rhodocrosite-bronzite-et-aventurine-verte\/","title":{"rendered":"Bracelet pour les \u00e9tats de stress permanent et pour la surcharge de travail, en Rhodocrosite, Bronzite et Aventurine verte"},"content":{"rendered":"<p><em>Bracelet pour les \u00e9tats de stress permanent et pour la surcharge de travail, en Rhodocrosite, Bronzite et Aventurine verte avec t\u00eate de hibou, feuilles et fermoir.<\/em><\/p>\n<h4>1 &#8211; Les vertus de la bronzite :<\/h4>\n<p>Domaine <strong>spirituel<\/strong>, celui de l\u2019\u00eatre humain avec ses intentions, ses buts ou ses pr\u00e9occupations existentielles :<\/p>\n<p><strong>S\u00e9r\u00e9nit\u00e9 int\u00e9rieure.<\/strong><\/p>\n<p>Domaine de <strong>l\u2019\u00e2me<\/strong> ou du subconscient, ainsi que les notions de temp\u00e9rament, de sentiments, de sensations, de r\u00eaves, de v\u00e9cu sur le plan animique, d\u2019habitudes et de r\u00e9actions inconscientes :<\/p>\n<p><strong>Procure \u00e9lan et en m\u00eame temps du calme int\u00e9rieur ainsi qu\u2019une sensation de r\u00e9cup\u00e9ration en cas de grande fatigue.<\/strong><\/p>\n<p>Domaine <strong>mental<\/strong> avec les id\u00e9es, la raison, les convictions, les consid\u00e9rations, ainsi que le mode de pens\u00e9e et d\u2019action consciente :<\/p>\n<p><strong>Aide \u00e0 garder l\u2019esprit clair et la ma\u00eetrise de soi-m\u00eame en situation de stress permanent.<\/strong><\/p>\n<p>Domaine <strong>physique<\/strong> ou corporel, l\u2019ensemble de l\u2019organisme avec les sens, les organes et les fonctions :<\/p>\n<p><strong>Fortifie les nerfs, a un effet antispasmodique et analg\u00e9sique.<\/strong><\/p>\n<h4>2 &#8211; <strong>Les vertus de l\u2019aventurine verte :<\/strong><\/h4>\n<p>Domaine <strong>spirituel<\/strong>, celui de l\u2019\u00eatre humain avec ses intentions, ses buts ou ses pr\u00e9occupations existentielles :<\/p>\n<p><strong>Insouciance.<\/strong><\/p>\n<p>Domaine de <strong>l\u2019\u00e2me<\/strong> ou du subconscient, ainsi que les notions de temp\u00e9rament, de sentiments, de sensations, de r\u00eaves, de v\u00e9cu sur le plan animique, d\u2019habitudes et de r\u00e9actions inconscientes :<\/p>\n<p><strong>Aide en cas de nervosit\u00e9, de stress et de troubles du sommeil.<\/strong><\/p>\n<p>Domaine <strong>mental<\/strong> avec les id\u00e9es, la raison, les convictions, les consid\u00e9rations, ainsi que le mode de pens\u00e9e et d\u2019action consciente :<\/p>\n<p><strong>Permet de se d\u00e9barrasser des pens\u00e9es r\u00e9p\u00e9titives et des soucis.<\/strong><\/p>\n<p>Domaine <strong>physique<\/strong> ou corporel, l\u2019ensemble de l\u2019organisme avec les sens, les organes et les fonctions :<\/p>\n<p><strong>Pr\u00e9vention des infarctus, et de l\u2019art\u00e9rioscl\u00e9rose, att\u00e9nue les \u00e9ruptions, les inflammations, les coups de soleil et les coups de chaleur.<\/strong><\/p>\n<p><strong>3 &#8211; Les vertus de la rhodocrosite :<\/strong><\/p>\n<p>Domaine\u00a0<strong>spirituel<\/strong>, celui de l\u2019\u00eatre humain avec ses intentions, ses buts ou ses pr\u00e9occupations existentielles :<\/p>\n<p><strong>Activit\u00e9.<\/strong><\/p>\n<p>Domaine de\u00a0<strong>l\u2019\u00e2me<\/strong>\u00a0ou du subconscient, ainsi que les notions de temp\u00e9rament, de sentiments, de sensations, de r\u00eaves, de v\u00e9cu sur le plan animique, d\u2019habitudes et de r\u00e9actions inconscientes :<\/p>\n<p><strong>Rend joyeux et \u00e9veill\u00e9, stimule la sexualit\u00e9 et l\u2019\u00e9rotisme.<\/strong><\/p>\n<p>Domaine\u00a0<strong>mental<\/strong>\u00a0avec les id\u00e9es, la raison, les convictions, les consid\u00e9rations, ainsi que le mode de pens\u00e9e et d\u2019action consciente :<\/p>\n<p><strong>Rend dynamique, affair\u00e9, permet de s\u2019acquitter facilement des t\u00e2ches de travail.<\/strong><\/p>\n<p>Domaine\u00a0<strong>physique<\/strong>\u00a0ou corporel, l\u2019ensemble de l\u2019organisme avec les sens, les organes et les fonctions :<\/p>\n<p><strong>Stimule la circulation, augmente la pression art\u00e9rielle, aide en cas de troubles abdominaux et de migraine.<\/strong><\/p>\n","protected":false},"excerpt":{"rendered":"<table>\n<tbody>\n<tr>\n<td style=\"texte-align: left; color: gray; border: none;\"><strong>Hors frais d&rsquo;exp\u00e9dition<\/strong><\/td>\n<\/tr>\n<tr>\n<td style=\"texte-align: left; color: gray; border: none;\"><strong>Bijoux confectionn\u00e9s sur-mesure, sur commande<br \/>Les couleurs et motifs des pierres varient d&rsquo;un bijou \u00e0 un autre<br \/>D\u00e9lai de confection environ 30 jours<\/strong><\/td>\n<\/tr>\n<tr>\n<td style=\"texte-align: left; color: blue; border: none;\"><a style=\"color: #a15fe2;\" href=\"https:\/\/lescreationsde.celineinmyworldmedium.com\/index.php\/mesurer-son-tour-de-poignet-pour-bracelets\/\" target=\"_blank\" rel=\"noopener\"><strong>Comment mesurer son tour de poignet<\/strong><\/a><\/td>\n<\/tr>\n<\/tbody>\n<\/table>\n","protected":false},"featured_media":3309,"comment_status":"open","ping_status":"closed","template":"","meta":[],"product_brand":[],"product_cat":[31,533,601,568],"product_tag":[152,106,237,42,44,38,47,43,41,40,39,23,25,36,34,1030,26,37,35,46,16,24,45,17,33,32,27,22,28,416],"class_list":{"0":"post-3307","1":"product","2":"type-product","3":"status-publish","4":"has-post-thumbnail","6":"product_cat-bracelets","7":"product_cat-aventurine-pierres","8":"product_cat-bronzite-pierres","9":"product_cat-rhodocrosite-pierres","10":"product_tag-amour","11":"product_tag-argent","12":"product_tag-aventurine-verte","13":"product_tag-bijou","14":"product_tag-bijou-energetique","15":"product_tag-bijoux","16":"product_tag-bijoux-anti-allergies","17":"product_tag-bijoux-energetiques","18":"product_tag-bijoux-fait-main","19":"product_tag-bijoux-personnalises","20":"product_tag-bijoux-sur-mesure","21":"product_tag-boucles-doreilles","22":"product_tag-bracelet","23":"product_tag-bracelet-femme","24":"product_tag-bracelet-homme","25":"product_tag-bracelet-pour-les-etats-de-stress-permanent-et-pour-la-surcharge-de-travail","26":"product_tag-bracelets","27":"product_tag-bracelets-femme","28":"product_tag-bracelets-homme","29":"product_tag-bronzite","30":"product_tag-collier","31":"product_tag-collier-femme","32":"product_tag-collier-personnalise","33":"product_tag-colliers","34":"product_tag-energetique","35":"product_tag-lithotherapie","36":"product_tag-pierre","37":"product_tag-pierre-semi-precieuse","38":"product_tag-pierres-naturelles","39":"product_tag-rhodocrosite","41":"first","42":"instock","43":"shipping-taxable","44":"purchasable","45":"product-type-variable"},"yoast_head":"<!-- This site is optimized with the Yoast SEO plugin v27.2 - https:\/\/yoast.com\/product\/yoast-seo-wordpress\/ -->\n<title>Bracelet pour les \u00e9tats de stress permanent et pour la surcharge de travail.<\/title>\n<meta name=\"description\" content=\"Pr\u00e9vention des infarctus, et de l\u2019art\u00e9rioscl\u00e9rose, att\u00e9nue les \u00e9ruptions, les inflammations, les coups de soleil et les coups de chaleur.\" \/>\n<meta name=\"robots\" content=\"index, follow, max-snippet:-1, max-image-preview:large, max-video-preview:-1\" \/>\n<link rel=\"canonical\" href=\"https:\/\/lescreationsde.celineinmyworldmedium.com\/index.php\/produit\/bracelet-pour-les-etats-de-stress-permanent-et-pour-la-surcharge-de-travail-en-rhodocrosite-bronzite-et-aventurine-verte\/\" \/>\n<meta property=\"og:locale\" content=\"fr_FR\" \/>\n<meta property=\"og:type\" content=\"article\" \/>\n<meta property=\"og:title\" content=\"Bracelet pour les \u00e9tats de stress permanent et pour la surcharge de travail.\" \/>\n<meta property=\"og:description\" content=\"Pr\u00e9vention des infarctus, et de l\u2019art\u00e9rioscl\u00e9rose, att\u00e9nue les \u00e9ruptions, les inflammations, les coups de soleil et les coups de chaleur.\" \/>\n<meta property=\"og:url\" content=\"https:\/\/lescreationsde.celineinmyworldmedium.com\/index.php\/produit\/bracelet-pour-les-etats-de-stress-permanent-et-pour-la-surcharge-de-travail-en-rhodocrosite-bronzite-et-aventurine-verte\/\" \/>\n<meta property=\"og:site_name\" content=\"Les cr\u00e9ations de C\u00e9line Inmyworld\" \/>\n<meta property=\"article:modified_time\" content=\"2024-03-10T22:59:11+00:00\" \/>\n<meta property=\"og:image\" content=\"https:\/\/lescreationsde.celineinmyworldmedium.com\/wp-content\/uploads\/2021\/11\/Bracelet_pour_les_etats_de_stress_permanent_et_pour_la_surcharge_de_travail_en_Rhodocrosite_Bronzite_et_Aventurine_verte.jpg\" \/>\n\t<meta property=\"og:image:width\" content=\"2048\" \/>\n\t<meta property=\"og:image:height\" content=\"2048\" \/>\n\t<meta property=\"og:image:type\" content=\"image\/jpeg\" \/>\n<meta name=\"twitter:card\" content=\"summary_large_image\" \/>\n<meta name=\"twitter:label1\" content=\"Dur\u00e9e de lecture estim\u00e9e\" \/>\n\t<meta name=\"twitter:data1\" content=\"2 minutes\" \/>\n<script type=\"application\/ld+json\" class=\"yoast-schema-graph\">{\"@context\":\"https:\/\/schema.org\",\"@graph\":[{\"@type\":\"WebPage\",\"@id\":\"https:\/\/lescreationsde.celineinmyworldmedium.com\/index.php\/produit\/bracelet-pour-les-etats-de-stress-permanent-et-pour-la-surcharge-de-travail-en-rhodocrosite-bronzite-et-aventurine-verte\/\",\"url\":\"https:\/\/lescreationsde.celineinmyworldmedium.com\/index.php\/produit\/bracelet-pour-les-etats-de-stress-permanent-et-pour-la-surcharge-de-travail-en-rhodocrosite-bronzite-et-aventurine-verte\/\",\"name\":\"Bracelet pour les \u00e9tats de stress permanent et pour la surcharge de travail.\",\"isPartOf\":{\"@id\":\"https:\/\/lescreationsde.celineinmyworldmedium.com\/#website\"},\"primaryImageOfPage\":{\"@id\":\"https:\/\/lescreationsde.celineinmyworldmedium.com\/index.php\/produit\/bracelet-pour-les-etats-de-stress-permanent-et-pour-la-surcharge-de-travail-en-rhodocrosite-bronzite-et-aventurine-verte\/#primaryimage\"},\"image\":{\"@id\":\"https:\/\/lescreationsde.celineinmyworldmedium.com\/index.php\/produit\/bracelet-pour-les-etats-de-stress-permanent-et-pour-la-surcharge-de-travail-en-rhodocrosite-bronzite-et-aventurine-verte\/#primaryimage\"},\"thumbnailUrl\":\"https:\/\/lescreationsde.celineinmyworldmedium.com\/wp-content\/uploads\/2021\/11\/Bracelet_pour_les_etats_de_stress_permanent_et_pour_la_surcharge_de_travail_en_Rhodocrosite_Bronzite_et_Aventurine_verte.jpg\",\"datePublished\":\"2021-11-06T12:38:57+00:00\",\"dateModified\":\"2024-03-10T22:59:11+00:00\",\"description\":\"Pr\u00e9vention des infarctus, et de l\u2019art\u00e9rioscl\u00e9rose, att\u00e9nue les \u00e9ruptions, les inflammations, les coups de soleil et les coups de chaleur.\",\"breadcrumb\":{\"@id\":\"https:\/\/lescreationsde.celineinmyworldmedium.com\/index.php\/produit\/bracelet-pour-les-etats-de-stress-permanent-et-pour-la-surcharge-de-travail-en-rhodocrosite-bronzite-et-aventurine-verte\/#breadcrumb\"},\"inLanguage\":\"fr-FR\",\"potentialAction\":[{\"@type\":\"ReadAction\",\"target\":[\"https:\/\/lescreationsde.celineinmyworldmedium.com\/index.php\/produit\/bracelet-pour-les-etats-de-stress-permanent-et-pour-la-surcharge-de-travail-en-rhodocrosite-bronzite-et-aventurine-verte\/\"]}]},{\"@type\":\"ImageObject\",\"inLanguage\":\"fr-FR\",\"@id\":\"https:\/\/lescreationsde.celineinmyworldmedium.com\/index.php\/produit\/bracelet-pour-les-etats-de-stress-permanent-et-pour-la-surcharge-de-travail-en-rhodocrosite-bronzite-et-aventurine-verte\/#primaryimage\",\"url\":\"https:\/\/lescreationsde.celineinmyworldmedium.com\/wp-content\/uploads\/2021\/11\/Bracelet_pour_les_etats_de_stress_permanent_et_pour_la_surcharge_de_travail_en_Rhodocrosite_Bronzite_et_Aventurine_verte.jpg\",\"contentUrl\":\"https:\/\/lescreationsde.celineinmyworldmedium.com\/wp-content\/uploads\/2021\/11\/Bracelet_pour_les_etats_de_stress_permanent_et_pour_la_surcharge_de_travail_en_Rhodocrosite_Bronzite_et_Aventurine_verte.jpg\",\"width\":2048,\"height\":2048,\"caption\":\"Bracelet pour les \u00e9tats de stress permanent et pour la surcharge de travail, en Rhodocrosite, Bronzite et Aventurine verte\"},{\"@type\":\"BreadcrumbList\",\"@id\":\"https:\/\/lescreationsde.celineinmyworldmedium.com\/index.php\/produit\/bracelet-pour-les-etats-de-stress-permanent-et-pour-la-surcharge-de-travail-en-rhodocrosite-bronzite-et-aventurine-verte\/#breadcrumb\",\"itemListElement\":[{\"@type\":\"ListItem\",\"position\":1,\"name\":\"Accueil\",\"item\":\"https:\/\/lescreationsde.celineinmyworldmedium.com\/\"},{\"@type\":\"ListItem\",\"position\":2,\"name\":\"Produits\",\"item\":\"https:\/\/lescreationsde.celineinmyworldmedium.com\/index.php\/boutique\/\"},{\"@type\":\"ListItem\",\"position\":3,\"name\":\"Bracelet pour les \u00e9tats de stress permanent et pour la surcharge de travail, en Rhodocrosite, Bronzite et Aventurine verte\"}]},{\"@type\":\"WebSite\",\"@id\":\"https:\/\/lescreationsde.celineinmyworldmedium.com\/#website\",\"url\":\"https:\/\/lescreationsde.celineinmyworldmedium.com\/\",\"name\":\"Les cr\u00e9ations de C\u00e9line Inmyworld\",\"description\":\"Cr\u00e9ation de bijoux personnalis\u00e9s, sur-mesure, en pierres semi-pr\u00e9cieuses de qualit\u00e9. Bracelets, boucles d&#039;oreilles, colliers, sautoirs, malas, cha\u00eenes de cheville, bagues...\u2764\",\"publisher\":{\"@id\":\"https:\/\/lescreationsde.celineinmyworldmedium.com\/#organization\"},\"potentialAction\":[{\"@type\":\"SearchAction\",\"target\":{\"@type\":\"EntryPoint\",\"urlTemplate\":\"https:\/\/lescreationsde.celineinmyworldmedium.com\/?s={search_term_string}\"},\"query-input\":{\"@type\":\"PropertyValueSpecification\",\"valueRequired\":true,\"valueName\":\"search_term_string\"}}],\"inLanguage\":\"fr-FR\"},{\"@type\":\"Organization\",\"@id\":\"https:\/\/lescreationsde.celineinmyworldmedium.com\/#organization\",\"name\":\"Les cr\u00e9ations de C\u00e9line Inmyworld\",\"url\":\"https:\/\/lescreationsde.celineinmyworldmedium.com\/\",\"logo\":{\"@type\":\"ImageObject\",\"inLanguage\":\"fr-FR\",\"@id\":\"https:\/\/lescreationsde.celineinmyworldmedium.com\/#\/schema\/logo\/image\/\",\"url\":\"https:\/\/lescreationsde.celineinmyworldmedium.com\/wp-content\/uploads\/2021\/03\/logo_creations3.png\",\"contentUrl\":\"https:\/\/lescreationsde.celineinmyworldmedium.com\/wp-content\/uploads\/2021\/03\/logo_creations3.png\",\"width\":613,\"height\":190,\"caption\":\"Les cr\u00e9ations de C\u00e9line Inmyworld\"},\"image\":{\"@id\":\"https:\/\/lescreationsde.celineinmyworldmedium.com\/#\/schema\/logo\/image\/\"}}]}<\/script>\n<!-- \/ Yoast SEO plugin. -->","yoast_head_json":{"title":"Bracelet pour les \u00e9tats de stress permanent et pour la surcharge de travail.","description":"Pr\u00e9vention des infarctus, et de l\u2019art\u00e9rioscl\u00e9rose, att\u00e9nue les \u00e9ruptions, les inflammations, les coups de soleil et les coups de chaleur.","robots":{"index":"index","follow":"follow","max-snippet":"max-snippet:-1","max-image-preview":"max-image-preview:large","max-video-preview":"max-video-preview:-1"},"canonical":"https:\/\/lescreationsde.celineinmyworldmedium.com\/index.php\/produit\/bracelet-pour-les-etats-de-stress-permanent-et-pour-la-surcharge-de-travail-en-rhodocrosite-bronzite-et-aventurine-verte\/","og_locale":"fr_FR","og_type":"article","og_title":"Bracelet pour les \u00e9tats de stress permanent et pour la surcharge de travail.","og_description":"Pr\u00e9vention des infarctus, et de l\u2019art\u00e9rioscl\u00e9rose, att\u00e9nue les \u00e9ruptions, les inflammations, les coups de soleil et les coups de chaleur.","og_url":"https:\/\/lescreationsde.celineinmyworldmedium.com\/index.php\/produit\/bracelet-pour-les-etats-de-stress-permanent-et-pour-la-surcharge-de-travail-en-rhodocrosite-bronzite-et-aventurine-verte\/","og_site_name":"Les cr\u00e9ations de C\u00e9line Inmyworld","article_modified_time":"2024-03-10T22:59:11+00:00","og_image":[{"width":2048,"height":2048,"url":"https:\/\/lescreationsde.celineinmyworldmedium.com\/wp-content\/uploads\/2021\/11\/Bracelet_pour_les_etats_de_stress_permanent_et_pour_la_surcharge_de_travail_en_Rhodocrosite_Bronzite_et_Aventurine_verte.jpg","type":"image\/jpeg"}],"twitter_card":"summary_large_image","twitter_misc":{"Dur\u00e9e de lecture estim\u00e9e":"2 minutes"},"schema":{"@context":"https:\/\/schema.org","@graph":[{"@type":"WebPage","@id":"https:\/\/lescreationsde.celineinmyworldmedium.com\/index.php\/produit\/bracelet-pour-les-etats-de-stress-permanent-et-pour-la-surcharge-de-travail-en-rhodocrosite-bronzite-et-aventurine-verte\/","url":"https:\/\/lescreationsde.celineinmyworldmedium.com\/index.php\/produit\/bracelet-pour-les-etats-de-stress-permanent-et-pour-la-surcharge-de-travail-en-rhodocrosite-bronzite-et-aventurine-verte\/","name":"Bracelet pour les \u00e9tats de stress permanent et pour la surcharge de travail.","isPartOf":{"@id":"https:\/\/lescreationsde.celineinmyworldmedium.com\/#website"},"primaryImageOfPage":{"@id":"https:\/\/lescreationsde.celineinmyworldmedium.com\/index.php\/produit\/bracelet-pour-les-etats-de-stress-permanent-et-pour-la-surcharge-de-travail-en-rhodocrosite-bronzite-et-aventurine-verte\/#primaryimage"},"image":{"@id":"https:\/\/lescreationsde.celineinmyworldmedium.com\/index.php\/produit\/bracelet-pour-les-etats-de-stress-permanent-et-pour-la-surcharge-de-travail-en-rhodocrosite-bronzite-et-aventurine-verte\/#primaryimage"},"thumbnailUrl":"https:\/\/lescreationsde.celineinmyworldmedium.com\/wp-content\/uploads\/2021\/11\/Bracelet_pour_les_etats_de_stress_permanent_et_pour_la_surcharge_de_travail_en_Rhodocrosite_Bronzite_et_Aventurine_verte.jpg","datePublished":"2021-11-06T12:38:57+00:00","dateModified":"2024-03-10T22:59:11+00:00","description":"Pr\u00e9vention des infarctus, et de l\u2019art\u00e9rioscl\u00e9rose, att\u00e9nue les \u00e9ruptions, les inflammations, les coups de soleil et les coups de chaleur.","breadcrumb":{"@id":"https:\/\/lescreationsde.celineinmyworldmedium.com\/index.php\/produit\/bracelet-pour-les-etats-de-stress-permanent-et-pour-la-surcharge-de-travail-en-rhodocrosite-bronzite-et-aventurine-verte\/#breadcrumb"},"inLanguage":"fr-FR","potentialAction":[{"@type":"ReadAction","target":["https:\/\/lescreationsde.celineinmyworldmedium.com\/index.php\/produit\/bracelet-pour-les-etats-de-stress-permanent-et-pour-la-surcharge-de-travail-en-rhodocrosite-bronzite-et-aventurine-verte\/"]}]},{"@type":"ImageObject","inLanguage":"fr-FR","@id":"https:\/\/lescreationsde.celineinmyworldmedium.com\/index.php\/produit\/bracelet-pour-les-etats-de-stress-permanent-et-pour-la-surcharge-de-travail-en-rhodocrosite-bronzite-et-aventurine-verte\/#primaryimage","url":"https:\/\/lescreationsde.celineinmyworldmedium.com\/wp-content\/uploads\/2021\/11\/Bracelet_pour_les_etats_de_stress_permanent_et_pour_la_surcharge_de_travail_en_Rhodocrosite_Bronzite_et_Aventurine_verte.jpg","contentUrl":"https:\/\/lescreationsde.celineinmyworldmedium.com\/wp-content\/uploads\/2021\/11\/Bracelet_pour_les_etats_de_stress_permanent_et_pour_la_surcharge_de_travail_en_Rhodocrosite_Bronzite_et_Aventurine_verte.jpg","width":2048,"height":2048,"caption":"Bracelet pour les \u00e9tats de stress permanent et pour la surcharge de travail, en Rhodocrosite, Bronzite et Aventurine verte"},{"@type":"BreadcrumbList","@id":"https:\/\/lescreationsde.celineinmyworldmedium.com\/index.php\/produit\/bracelet-pour-les-etats-de-stress-permanent-et-pour-la-surcharge-de-travail-en-rhodocrosite-bronzite-et-aventurine-verte\/#breadcrumb","itemListElement":[{"@type":"ListItem","position":1,"name":"Accueil","item":"https:\/\/lescreationsde.celineinmyworldmedium.com\/"},{"@type":"ListItem","position":2,"name":"Produits","item":"https:\/\/lescreationsde.celineinmyworldmedium.com\/index.php\/boutique\/"},{"@type":"ListItem","position":3,"name":"Bracelet pour les \u00e9tats de stress permanent et pour la surcharge de travail, en Rhodocrosite, Bronzite et Aventurine verte"}]},{"@type":"WebSite","@id":"https:\/\/lescreationsde.celineinmyworldmedium.com\/#website","url":"https:\/\/lescreationsde.celineinmyworldmedium.com\/","name":"Les cr\u00e9ations de C\u00e9line Inmyworld","description":"Cr\u00e9ation de bijoux personnalis\u00e9s, sur-mesure, en pierres semi-pr\u00e9cieuses de qualit\u00e9. Bracelets, boucles d&#039;oreilles, colliers, sautoirs, malas, cha\u00eenes de cheville, bagues...\u2764","publisher":{"@id":"https:\/\/lescreationsde.celineinmyworldmedium.com\/#organization"},"potentialAction":[{"@type":"SearchAction","target":{"@type":"EntryPoint","urlTemplate":"https:\/\/lescreationsde.celineinmyworldmedium.com\/?s={search_term_string}"},"query-input":{"@type":"PropertyValueSpecification","valueRequired":true,"valueName":"search_term_string"}}],"inLanguage":"fr-FR"},{"@type":"Organization","@id":"https:\/\/lescreationsde.celineinmyworldmedium.com\/#organization","name":"Les cr\u00e9ations de C\u00e9line Inmyworld","url":"https:\/\/lescreationsde.celineinmyworldmedium.com\/","logo":{"@type":"ImageObject","inLanguage":"fr-FR","@id":"https:\/\/lescreationsde.celineinmyworldmedium.com\/#\/schema\/logo\/image\/","url":"https:\/\/lescreationsde.celineinmyworldmedium.com\/wp-content\/uploads\/2021\/03\/logo_creations3.png","contentUrl":"https:\/\/lescreationsde.celineinmyworldmedium.com\/wp-content\/uploads\/2021\/03\/logo_creations3.png","width":613,"height":190,"caption":"Les cr\u00e9ations de C\u00e9line Inmyworld"},"image":{"@id":"https:\/\/lescreationsde.celineinmyworldmedium.com\/#\/schema\/logo\/image\/"}}]}},"jetpack_sharing_enabled":true,"_links":{"self":[{"href":"https:\/\/lescreationsde.celineinmyworldmedium.com\/index.php\/wp-json\/wp\/v2\/product\/3307","targetHints":{"allow":["GET"]}}],"collection":[{"href":"https:\/\/lescreationsde.celineinmyworldmedium.com\/index.php\/wp-json\/wp\/v2\/product"}],"about":[{"href":"https:\/\/lescreationsde.celineinmyworldmedium.com\/index.php\/wp-json\/wp\/v2\/types\/product"}],"replies":[{"embeddable":true,"href":"https:\/\/lescreationsde.celineinmyworldmedium.com\/index.php\/wp-json\/wp\/v2\/comments?post=3307"}],"wp:featuredmedia":[{"embeddable":true,"href":"https:\/\/lescreationsde.celineinmyworldmedium.com\/index.php\/wp-json\/wp\/v2\/media\/3309"}],"wp:attachment":[{"href":"https:\/\/lescreationsde.celineinmyworldmedium.com\/index.php\/wp-json\/wp\/v2\/media?parent=3307"}],"wp:term":[{"taxonomy":"product_brand","embeddable":true,"href":"https:\/\/lescreationsde.celineinmyworldmedium.com\/index.php\/wp-json\/wp\/v2\/product_brand?post=3307"},{"taxonomy":"product_cat","embeddable":true,"href":"https:\/\/lescreationsde.celineinmyworldmedium.com\/index.php\/wp-json\/wp\/v2\/product_cat?post=3307"},{"taxonomy":"product_tag","embeddable":true,"href":"https:\/\/lescreationsde.celineinmyworldmedium.com\/index.php\/wp-json\/wp\/v2\/product_tag?post=3307"}],"curies":[{"name":"wp","href":"https:\/\/api.w.org\/{rel}","templated":true}]}}