{"id":3217,"date":"2024-06-30T10:05:19","date_gmt":"2024-06-30T08:05:19","guid":{"rendered":"https:\/\/lescreationsde.celineinmyworldmedium.com\/?post_type=product&#038;p=3217"},"modified":"2024-10-23T17:17:03","modified_gmt":"2024-10-23T15:17:03","slug":"bracelet-pour-la-gaiete-la-securite-et-la-protection-en-abalone","status":"publish","type":"product","link":"https:\/\/lescreationsde.celineinmyworldmedium.com\/index.php\/produit\/bracelet-pour-la-gaiete-la-securite-et-la-protection-en-abalone\/","title":{"rendered":"Bracelet pour la Gaiet\u00e9, la s\u00e9curit\u00e9 et la protection, en Abalone"},"content":{"rendered":"<h4>Les vertus de l\u2019abalone (1) :<\/h4>\n<p><strong>Sur le domaine spirituel<\/strong>, celui de l\u2019\u00eatre humain avec ses intentions, ses buts ou ses pr\u00e9occupations existentielles :<br \/>\n<strong>Gaiet\u00e9, s\u00e9curit\u00e9, protection.<\/strong><\/p>\n<p><strong>Sur le domaine de l\u2019\u00e2me<\/strong> ou du subconscient, ainsi que les notions de temp\u00e9rament, de sentiments, de sensations, de r\u00eaves, de v\u00e9cu sur le plan animique, d\u2019habitudes et de r\u00e9actions inconscientes :<br \/>\n<strong>D\u00e9passement d\u2019un \u00e9tat d\u2019abattement, de manque d\u2019assurance et de d\u00e9ception.<\/strong><\/p>\n<p><strong>Sur le domaine mental<\/strong> avec les id\u00e9es, la raison, les convictions, les consid\u00e9rations, ainsi que le mode de pens\u00e9e et d\u2019action consciente :<br \/>\n<strong>Relation vigilante avec soi-m\u00eame et les autres.<\/strong><\/p>\n<p><strong>Sur le domaine physique<\/strong> ou corporel, l\u2019ensemble de l\u2019organisme avec les sens, les organes et les fonctions :<br \/>\n<strong>Att\u00e9nue les d\u00e9mangeaisons et les inflammations de la peau, des muqueuses et des organes sensoriels.<\/strong><\/p>\n","protected":false},"excerpt":{"rendered":"<table>\n<tbody>\n<tr>\n<td style=\"texte-align: left; color: gray; border: none;\"><strong>Hors frais d&rsquo;exp\u00e9dition<\/strong><\/td>\n<\/tr>\n<tr>\n<td style=\"texte-align: left; color: gray; border: none;\"><strong>Bijoux confectionn\u00e9s sur-mesure, sur commande<br \/>\nLes couleurs et motifs des pierres varient d&rsquo;un bijou \u00e0 un autre<br \/>\nD\u00e9lai de confection environ 30 jours<\/strong><\/td>\n<\/tr>\n<tr>\n<td style=\"texte-align: left; color: blue; border: none;\"><a style=\"color: #a15fe2;\" href=\"https:\/\/lescreationsde.celineinmyworldmedium.com\/index.php\/mesurer-son-tour-de-poignet-pour-bracelets\/\" target=\"_blank\" rel=\"noopener\"><strong>Comment mesurer son tour de poignet<\/strong><\/a><\/td>\n<\/tr>\n<\/tbody>\n<\/table>\n","protected":false},"featured_media":7404,"comment_status":"open","ping_status":"closed","template":"","meta":[],"product_brand":[],"product_cat":[31,723],"product_tag":[1104,152,106,42,44,38,47,43,41,40,39,23,25,36,34,1021,26,37,35,16,24,45,17,33,32,27,22,28],"class_list":{"0":"post-3217","1":"product","2":"type-product","3":"status-publish","4":"has-post-thumbnail","6":"product_cat-bracelets","7":"product_cat-abalone-pierres","8":"product_tag-abalone-1","9":"product_tag-amour","10":"product_tag-argent","11":"product_tag-bijou","12":"product_tag-bijou-energetique","13":"product_tag-bijoux","14":"product_tag-bijoux-anti-allergies","15":"product_tag-bijoux-energetiques","16":"product_tag-bijoux-fait-main","17":"product_tag-bijoux-personnalises","18":"product_tag-bijoux-sur-mesure","19":"product_tag-boucles-doreilles","20":"product_tag-bracelet","21":"product_tag-bracelet-femme","22":"product_tag-bracelet-homme","23":"product_tag-bracelet-pour-la-gaiete-la-securite-et-la-protection","24":"product_tag-bracelets","25":"product_tag-bracelets-femme","26":"product_tag-bracelets-homme","27":"product_tag-collier","28":"product_tag-collier-femme","29":"product_tag-collier-personnalise","30":"product_tag-colliers","31":"product_tag-energetique","32":"product_tag-lithotherapie","33":"product_tag-pierre","34":"product_tag-pierre-semi-precieuse","35":"product_tag-pierres-naturelles","37":"first","38":"instock","39":"shipping-taxable","40":"purchasable","41":"product-type-variable"},"yoast_head":"<!-- This site is optimized with the Yoast SEO plugin v27.5 - https:\/\/yoast.com\/product\/yoast-seo-wordpress\/ -->\n<title>Bracelet pour la Gaiet\u00e9, la s\u00e9curit\u00e9 et la protection, en Abalone<\/title>\n<meta name=\"description\" content=\"Gaiet\u00e9, s\u00e9curit\u00e9, protection. Att\u00e9nue les d\u00e9mangeaisons et les inflammations de la peau, des muqueuses et des organes sensoriels.\" \/>\n<meta name=\"robots\" content=\"index, follow, max-snippet:-1, max-image-preview:large, max-video-preview:-1\" \/>\n<link rel=\"canonical\" href=\"https:\/\/lescreationsde.celineinmyworldmedium.com\/index.php\/produit\/bracelet-pour-la-gaiete-la-securite-et-la-protection-en-abalone\/\" \/>\n<meta property=\"og:locale\" content=\"fr_FR\" \/>\n<meta property=\"og:type\" content=\"article\" \/>\n<meta property=\"og:title\" content=\"Bracelet pour la Gaiet\u00e9, la s\u00e9curit\u00e9 et la protection, en Abalone\" \/>\n<meta property=\"og:description\" content=\"Gaiet\u00e9, s\u00e9curit\u00e9, protection. Att\u00e9nue les d\u00e9mangeaisons et les inflammations de la peau, des muqueuses et des organes sensoriels.\" \/>\n<meta property=\"og:url\" content=\"https:\/\/lescreationsde.celineinmyworldmedium.com\/index.php\/produit\/bracelet-pour-la-gaiete-la-securite-et-la-protection-en-abalone\/\" \/>\n<meta property=\"og:site_name\" content=\"Les cr\u00e9ations de C\u00e9line Inmyworld\" \/>\n<meta property=\"article:modified_time\" content=\"2024-10-23T15:17:03+00:00\" \/>\n<meta property=\"og:image\" content=\"https:\/\/lescreationsde.celineinmyworldmedium.com\/wp-content\/uploads\/2021\/10\/Bracelet_pour_la_gaiete_et_la_protection_en_Abalone.jpg\" \/>\n\t<meta property=\"og:image:width\" content=\"960\" \/>\n\t<meta property=\"og:image:height\" content=\"960\" \/>\n\t<meta property=\"og:image:type\" content=\"image\/jpeg\" \/>\n<meta name=\"twitter:card\" content=\"summary_large_image\" \/>\n<meta name=\"twitter:label1\" content=\"Dur\u00e9e de lecture estim\u00e9e\" \/>\n\t<meta name=\"twitter:data1\" content=\"1 minute\" \/>\n<script type=\"application\/ld+json\" class=\"yoast-schema-graph\">{\"@context\":\"https:\\\/\\\/schema.org\",\"@graph\":[{\"@type\":\"WebPage\",\"@id\":\"https:\\\/\\\/lescreationsde.celineinmyworldmedium.com\\\/index.php\\\/produit\\\/bracelet-pour-la-gaiete-la-securite-et-la-protection-en-abalone\\\/\",\"url\":\"https:\\\/\\\/lescreationsde.celineinmyworldmedium.com\\\/index.php\\\/produit\\\/bracelet-pour-la-gaiete-la-securite-et-la-protection-en-abalone\\\/\",\"name\":\"Bracelet pour la Gaiet\u00e9, la s\u00e9curit\u00e9 et la protection, en Abalone\",\"isPartOf\":{\"@id\":\"https:\\\/\\\/lescreationsde.celineinmyworldmedium.com\\\/#website\"},\"primaryImageOfPage\":{\"@id\":\"https:\\\/\\\/lescreationsde.celineinmyworldmedium.com\\\/index.php\\\/produit\\\/bracelet-pour-la-gaiete-la-securite-et-la-protection-en-abalone\\\/#primaryimage\"},\"image\":{\"@id\":\"https:\\\/\\\/lescreationsde.celineinmyworldmedium.com\\\/index.php\\\/produit\\\/bracelet-pour-la-gaiete-la-securite-et-la-protection-en-abalone\\\/#primaryimage\"},\"thumbnailUrl\":\"https:\\\/\\\/lescreationsde.celineinmyworldmedium.com\\\/wp-content\\\/uploads\\\/2021\\\/10\\\/Bracelet_pour_la_gaiete_et_la_protection_en_Abalone.jpg\",\"datePublished\":\"2024-06-30T08:05:19+00:00\",\"dateModified\":\"2024-10-23T15:17:03+00:00\",\"description\":\"Gaiet\u00e9, s\u00e9curit\u00e9, protection. Att\u00e9nue les d\u00e9mangeaisons et les inflammations de la peau, des muqueuses et des organes sensoriels.\",\"breadcrumb\":{\"@id\":\"https:\\\/\\\/lescreationsde.celineinmyworldmedium.com\\\/index.php\\\/produit\\\/bracelet-pour-la-gaiete-la-securite-et-la-protection-en-abalone\\\/#breadcrumb\"},\"inLanguage\":\"fr-FR\",\"potentialAction\":[{\"@type\":\"ReadAction\",\"target\":[\"https:\\\/\\\/lescreationsde.celineinmyworldmedium.com\\\/index.php\\\/produit\\\/bracelet-pour-la-gaiete-la-securite-et-la-protection-en-abalone\\\/\"]}]},{\"@type\":\"ImageObject\",\"inLanguage\":\"fr-FR\",\"@id\":\"https:\\\/\\\/lescreationsde.celineinmyworldmedium.com\\\/index.php\\\/produit\\\/bracelet-pour-la-gaiete-la-securite-et-la-protection-en-abalone\\\/#primaryimage\",\"url\":\"https:\\\/\\\/lescreationsde.celineinmyworldmedium.com\\\/wp-content\\\/uploads\\\/2021\\\/10\\\/Bracelet_pour_la_gaiete_et_la_protection_en_Abalone.jpg\",\"contentUrl\":\"https:\\\/\\\/lescreationsde.celineinmyworldmedium.com\\\/wp-content\\\/uploads\\\/2021\\\/10\\\/Bracelet_pour_la_gaiete_et_la_protection_en_Abalone.jpg\",\"width\":960,\"height\":960,\"caption\":\"Bracelet pour la Gaiet\u00e9, la s\u00e9curit\u00e9 et la protection, en Abalone\"},{\"@type\":\"BreadcrumbList\",\"@id\":\"https:\\\/\\\/lescreationsde.celineinmyworldmedium.com\\\/index.php\\\/produit\\\/bracelet-pour-la-gaiete-la-securite-et-la-protection-en-abalone\\\/#breadcrumb\",\"itemListElement\":[{\"@type\":\"ListItem\",\"position\":1,\"name\":\"Accueil\",\"item\":\"https:\\\/\\\/lescreationsde.celineinmyworldmedium.com\\\/\"},{\"@type\":\"ListItem\",\"position\":2,\"name\":\"Produits\",\"item\":\"https:\\\/\\\/lescreationsde.celineinmyworldmedium.com\\\/index.php\\\/boutique\\\/\"},{\"@type\":\"ListItem\",\"position\":3,\"name\":\"Bracelet pour la Gaiet\u00e9, la s\u00e9curit\u00e9 et la protection, en Abalone\"}]},{\"@type\":\"WebSite\",\"@id\":\"https:\\\/\\\/lescreationsde.celineinmyworldmedium.com\\\/#website\",\"url\":\"https:\\\/\\\/lescreationsde.celineinmyworldmedium.com\\\/\",\"name\":\"Les cr\u00e9ations de C\u00e9line Inmyworld\",\"description\":\"Cr\u00e9ation de bijoux personnalis\u00e9s, sur-mesure, en pierres semi-pr\u00e9cieuses de qualit\u00e9. Bracelets, boucles d&#039;oreilles, colliers, sautoirs, malas, cha\u00eenes de cheville, bagues...\u2764\",\"publisher\":{\"@id\":\"https:\\\/\\\/lescreationsde.celineinmyworldmedium.com\\\/#organization\"},\"potentialAction\":[{\"@type\":\"SearchAction\",\"target\":{\"@type\":\"EntryPoint\",\"urlTemplate\":\"https:\\\/\\\/lescreationsde.celineinmyworldmedium.com\\\/?s={search_term_string}\"},\"query-input\":{\"@type\":\"PropertyValueSpecification\",\"valueRequired\":true,\"valueName\":\"search_term_string\"}}],\"inLanguage\":\"fr-FR\"},{\"@type\":\"Organization\",\"@id\":\"https:\\\/\\\/lescreationsde.celineinmyworldmedium.com\\\/#organization\",\"name\":\"Les cr\u00e9ations de C\u00e9line Inmyworld\",\"url\":\"https:\\\/\\\/lescreationsde.celineinmyworldmedium.com\\\/\",\"logo\":{\"@type\":\"ImageObject\",\"inLanguage\":\"fr-FR\",\"@id\":\"https:\\\/\\\/lescreationsde.celineinmyworldmedium.com\\\/#\\\/schema\\\/logo\\\/image\\\/\",\"url\":\"https:\\\/\\\/lescreationsde.celineinmyworldmedium.com\\\/wp-content\\\/uploads\\\/2021\\\/03\\\/logo_creations3.png\",\"contentUrl\":\"https:\\\/\\\/lescreationsde.celineinmyworldmedium.com\\\/wp-content\\\/uploads\\\/2021\\\/03\\\/logo_creations3.png\",\"width\":613,\"height\":190,\"caption\":\"Les cr\u00e9ations de C\u00e9line Inmyworld\"},\"image\":{\"@id\":\"https:\\\/\\\/lescreationsde.celineinmyworldmedium.com\\\/#\\\/schema\\\/logo\\\/image\\\/\"}}]}<\/script>\n<!-- \/ Yoast SEO plugin. -->","yoast_head_json":{"title":"Bracelet pour la Gaiet\u00e9, la s\u00e9curit\u00e9 et la protection, en Abalone","description":"Gaiet\u00e9, s\u00e9curit\u00e9, protection. Att\u00e9nue les d\u00e9mangeaisons et les inflammations de la peau, des muqueuses et des organes sensoriels.","robots":{"index":"index","follow":"follow","max-snippet":"max-snippet:-1","max-image-preview":"max-image-preview:large","max-video-preview":"max-video-preview:-1"},"canonical":"https:\/\/lescreationsde.celineinmyworldmedium.com\/index.php\/produit\/bracelet-pour-la-gaiete-la-securite-et-la-protection-en-abalone\/","og_locale":"fr_FR","og_type":"article","og_title":"Bracelet pour la Gaiet\u00e9, la s\u00e9curit\u00e9 et la protection, en Abalone","og_description":"Gaiet\u00e9, s\u00e9curit\u00e9, protection. Att\u00e9nue les d\u00e9mangeaisons et les inflammations de la peau, des muqueuses et des organes sensoriels.","og_url":"https:\/\/lescreationsde.celineinmyworldmedium.com\/index.php\/produit\/bracelet-pour-la-gaiete-la-securite-et-la-protection-en-abalone\/","og_site_name":"Les cr\u00e9ations de C\u00e9line Inmyworld","article_modified_time":"2024-10-23T15:17:03+00:00","og_image":[{"width":960,"height":960,"url":"https:\/\/lescreationsde.celineinmyworldmedium.com\/wp-content\/uploads\/2021\/10\/Bracelet_pour_la_gaiete_et_la_protection_en_Abalone.jpg","type":"image\/jpeg"}],"twitter_card":"summary_large_image","twitter_misc":{"Dur\u00e9e de lecture estim\u00e9e":"1 minute"},"schema":{"@context":"https:\/\/schema.org","@graph":[{"@type":"WebPage","@id":"https:\/\/lescreationsde.celineinmyworldmedium.com\/index.php\/produit\/bracelet-pour-la-gaiete-la-securite-et-la-protection-en-abalone\/","url":"https:\/\/lescreationsde.celineinmyworldmedium.com\/index.php\/produit\/bracelet-pour-la-gaiete-la-securite-et-la-protection-en-abalone\/","name":"Bracelet pour la Gaiet\u00e9, la s\u00e9curit\u00e9 et la protection, en Abalone","isPartOf":{"@id":"https:\/\/lescreationsde.celineinmyworldmedium.com\/#website"},"primaryImageOfPage":{"@id":"https:\/\/lescreationsde.celineinmyworldmedium.com\/index.php\/produit\/bracelet-pour-la-gaiete-la-securite-et-la-protection-en-abalone\/#primaryimage"},"image":{"@id":"https:\/\/lescreationsde.celineinmyworldmedium.com\/index.php\/produit\/bracelet-pour-la-gaiete-la-securite-et-la-protection-en-abalone\/#primaryimage"},"thumbnailUrl":"https:\/\/lescreationsde.celineinmyworldmedium.com\/wp-content\/uploads\/2021\/10\/Bracelet_pour_la_gaiete_et_la_protection_en_Abalone.jpg","datePublished":"2024-06-30T08:05:19+00:00","dateModified":"2024-10-23T15:17:03+00:00","description":"Gaiet\u00e9, s\u00e9curit\u00e9, protection. Att\u00e9nue les d\u00e9mangeaisons et les inflammations de la peau, des muqueuses et des organes sensoriels.","breadcrumb":{"@id":"https:\/\/lescreationsde.celineinmyworldmedium.com\/index.php\/produit\/bracelet-pour-la-gaiete-la-securite-et-la-protection-en-abalone\/#breadcrumb"},"inLanguage":"fr-FR","potentialAction":[{"@type":"ReadAction","target":["https:\/\/lescreationsde.celineinmyworldmedium.com\/index.php\/produit\/bracelet-pour-la-gaiete-la-securite-et-la-protection-en-abalone\/"]}]},{"@type":"ImageObject","inLanguage":"fr-FR","@id":"https:\/\/lescreationsde.celineinmyworldmedium.com\/index.php\/produit\/bracelet-pour-la-gaiete-la-securite-et-la-protection-en-abalone\/#primaryimage","url":"https:\/\/lescreationsde.celineinmyworldmedium.com\/wp-content\/uploads\/2021\/10\/Bracelet_pour_la_gaiete_et_la_protection_en_Abalone.jpg","contentUrl":"https:\/\/lescreationsde.celineinmyworldmedium.com\/wp-content\/uploads\/2021\/10\/Bracelet_pour_la_gaiete_et_la_protection_en_Abalone.jpg","width":960,"height":960,"caption":"Bracelet pour la Gaiet\u00e9, la s\u00e9curit\u00e9 et la protection, en Abalone"},{"@type":"BreadcrumbList","@id":"https:\/\/lescreationsde.celineinmyworldmedium.com\/index.php\/produit\/bracelet-pour-la-gaiete-la-securite-et-la-protection-en-abalone\/#breadcrumb","itemListElement":[{"@type":"ListItem","position":1,"name":"Accueil","item":"https:\/\/lescreationsde.celineinmyworldmedium.com\/"},{"@type":"ListItem","position":2,"name":"Produits","item":"https:\/\/lescreationsde.celineinmyworldmedium.com\/index.php\/boutique\/"},{"@type":"ListItem","position":3,"name":"Bracelet pour la Gaiet\u00e9, la s\u00e9curit\u00e9 et la protection, en Abalone"}]},{"@type":"WebSite","@id":"https:\/\/lescreationsde.celineinmyworldmedium.com\/#website","url":"https:\/\/lescreationsde.celineinmyworldmedium.com\/","name":"Les cr\u00e9ations de C\u00e9line Inmyworld","description":"Cr\u00e9ation de bijoux personnalis\u00e9s, sur-mesure, en pierres semi-pr\u00e9cieuses de qualit\u00e9. Bracelets, boucles d&#039;oreilles, colliers, sautoirs, malas, cha\u00eenes de cheville, bagues...\u2764","publisher":{"@id":"https:\/\/lescreationsde.celineinmyworldmedium.com\/#organization"},"potentialAction":[{"@type":"SearchAction","target":{"@type":"EntryPoint","urlTemplate":"https:\/\/lescreationsde.celineinmyworldmedium.com\/?s={search_term_string}"},"query-input":{"@type":"PropertyValueSpecification","valueRequired":true,"valueName":"search_term_string"}}],"inLanguage":"fr-FR"},{"@type":"Organization","@id":"https:\/\/lescreationsde.celineinmyworldmedium.com\/#organization","name":"Les cr\u00e9ations de C\u00e9line Inmyworld","url":"https:\/\/lescreationsde.celineinmyworldmedium.com\/","logo":{"@type":"ImageObject","inLanguage":"fr-FR","@id":"https:\/\/lescreationsde.celineinmyworldmedium.com\/#\/schema\/logo\/image\/","url":"https:\/\/lescreationsde.celineinmyworldmedium.com\/wp-content\/uploads\/2021\/03\/logo_creations3.png","contentUrl":"https:\/\/lescreationsde.celineinmyworldmedium.com\/wp-content\/uploads\/2021\/03\/logo_creations3.png","width":613,"height":190,"caption":"Les cr\u00e9ations de C\u00e9line Inmyworld"},"image":{"@id":"https:\/\/lescreationsde.celineinmyworldmedium.com\/#\/schema\/logo\/image\/"}}]}},"jetpack_sharing_enabled":true,"_links":{"self":[{"href":"https:\/\/lescreationsde.celineinmyworldmedium.com\/index.php\/wp-json\/wp\/v2\/product\/3217","targetHints":{"allow":["GET"]}}],"collection":[{"href":"https:\/\/lescreationsde.celineinmyworldmedium.com\/index.php\/wp-json\/wp\/v2\/product"}],"about":[{"href":"https:\/\/lescreationsde.celineinmyworldmedium.com\/index.php\/wp-json\/wp\/v2\/types\/product"}],"replies":[{"embeddable":true,"href":"https:\/\/lescreationsde.celineinmyworldmedium.com\/index.php\/wp-json\/wp\/v2\/comments?post=3217"}],"wp:featuredmedia":[{"embeddable":true,"href":"https:\/\/lescreationsde.celineinmyworldmedium.com\/index.php\/wp-json\/wp\/v2\/media\/7404"}],"wp:attachment":[{"href":"https:\/\/lescreationsde.celineinmyworldmedium.com\/index.php\/wp-json\/wp\/v2\/media?parent=3217"}],"wp:term":[{"taxonomy":"product_brand","embeddable":true,"href":"https:\/\/lescreationsde.celineinmyworldmedium.com\/index.php\/wp-json\/wp\/v2\/product_brand?post=3217"},{"taxonomy":"product_cat","embeddable":true,"href":"https:\/\/lescreationsde.celineinmyworldmedium.com\/index.php\/wp-json\/wp\/v2\/product_cat?post=3217"},{"taxonomy":"product_tag","embeddable":true,"href":"https:\/\/lescreationsde.celineinmyworldmedium.com\/index.php\/wp-json\/wp\/v2\/product_tag?post=3217"}],"curies":[{"name":"wp","href":"https:\/\/api.w.org\/{rel}","templated":true}]}}