{"id":313,"date":"2020-11-05T19:22:43","date_gmt":"2020-11-05T18:22:43","guid":{"rendered":"https:\/\/lescreationsde.celineinmyworldmedium.com\/?post_type=product&#038;p=313"},"modified":"2024-10-11T19:45:50","modified_gmt":"2024-10-11T17:45:50","slug":"abalone-4","status":"publish","type":"product","link":"https:\/\/lescreationsde.celineinmyworldmedium.com\/index.php\/produit\/abalone-4\/","title":{"rendered":"Abalone (4)"},"content":{"rendered":"<p>Domaine <strong>spirituel<\/strong>, celui de l&rsquo;\u00eatre humain avec ses intentions, ses buts ou ses pr\u00e9occupations existentielles :<\/p>\n<p><strong>Gaiet\u00e9, s\u00e9curit\u00e9, protection.<\/strong><\/p>\n<p>Domaine de <strong>l&rsquo;\u00e2me<\/strong> ou du subconscient, ainsi que les notions de temp\u00e9rament, de sentiments, de sensations, de r\u00eaves, de v\u00e9cu sur le plan animique, d&rsquo;habitudes et de r\u00e9actions inconscientes :<\/p>\n<p><strong>D\u00e9passement d&rsquo;un \u00e9tat d&rsquo;abattement, de manque d&rsquo;assurance et de d\u00e9ception.<\/strong><\/p>\n<p>Domaine <strong>mental<\/strong> avec les id\u00e9es, la raison, les convictions, les consid\u00e9rations, ainsi que le mode de pens\u00e9e et d&rsquo;action consciente :<\/p>\n<p><strong>Relation vigilante avec soi-m\u00eame et les autres.<\/strong><\/p>\n<p>Domaine <strong>physique<\/strong> ou corporel, l&rsquo;ensemble de l&rsquo;organisme avec les sens, les organes et les fonctions :<\/p>\n<p><strong>Att\u00e9nue les d\u00e9mangeaisons et les inflammations de la peau, des muqueuses et des organes sensoriels.<\/strong><\/p>\n<ul>\n<li>Confiance en soi<\/li>\n<li>Protection<\/li>\n<li>Bonheur<\/li>\n<li>3\u00e8me chakra Plexus solaire<\/li>\n<li>4\u00e8me chakra du C\u0153ur<\/li>\n<li>5\u00e8me chakra de la Gorge<\/li>\n<li>6\u00e8me chakra 3\u00e8me \u0153il<\/li>\n<\/ul>\n","protected":false},"excerpt":{"rendered":"<table>\n<tbody>\n<tr>\n<td style=\"texte-align: left; color: gray; border: none;\"><strong>Hors frais d&rsquo;exp\u00e9dition<\/strong><\/td>\n<\/tr>\n<tr>\n<td style=\"texte-align: left; color: gray; border: none;\"><strong>Bijoux confectionn\u00e9s sur-mesure, sur commande<br \/>Les couleurs et motifs des pierres varient d&rsquo;un bijou \u00e0 un autre<\/strong><\/td>\n<\/tr>\n<tr>\n<td style=\"texte-align: left; color: blue; border: none;\"><a style=\"color: #a15fe2;\" href=\"https:\/\/lescreationsde.celineinmyworldmedium.com\/index.php\/mesurer-son-tour-de-poignet-pour-bracelets\/\" target=\"_blank\" rel=\"noopener\"><strong>Comment mesurer son tour de poignet<\/strong><\/a><\/td>\n<\/tr>\n<tr>\n<td style=\"texte-align: left; color: green; border: none;\"><a href=\"https:\/\/lescreationsde.celineinmyworldmedium.com\/index.php\/categorie-produit\/catalogue\/accessoires\/separateurs\/\" target=\"_blank\" rel=\"noopener\"><strong>Choix des s\u00e9parateurs<\/strong><\/a><\/td>\n<\/tr>\n<tr>\n<td style=\"texte-align: left; color: green; border: none;\"><a href=\"https:\/\/lescreationsde.celineinmyworldmedium.com\/index.php\/categorie-produit\/catalogue\/accessoires\/belieres\/\" target=\"_blank\" rel=\"noopener\"><strong>Choix des b\u00e9li\u00e8res<\/strong><\/a><\/td>\n<\/tr>\n<tr>\n<td style=\"texte-align: left; color: green; border: none;\"><a href=\"https:\/\/lescreationsde.celineinmyworldmedium.com\/index.php\/categorie-produit\/catalogue\/accessoires\/pendentifs-fantaisie-petits\/\" target=\"_blank\" rel=\"noopener\"><strong>Choix des petits pendentifs<\/strong><\/a><\/td>\n<\/tr>\n<\/tbody>\n<\/table>\n","protected":false},"featured_media":315,"comment_status":"open","ping_status":"closed","template":"","meta":[],"product_brand":[],"product_cat":[91,124],"product_tag":[125,23,25,126,16,122,116,62],"class_list":{"0":"post-313","1":"product","2":"type-product","3":"status-publish","4":"has-post-thumbnail","6":"product_cat-pierres-catalogue","7":"product_cat-abalone","8":"product_tag-abalone","9":"product_tag-boucles-doreilles","10":"product_tag-bracelet","11":"product_tag-chakras","12":"product_tag-collier","13":"product_tag-mate","14":"product_tag-perles","15":"product_tag-pierres","17":"first","18":"instock","19":"shipping-taxable","20":"purchasable","21":"product-type-variable"},"yoast_head":"<!-- This site is optimized with the Yoast SEO plugin v27.2 - https:\/\/yoast.com\/product\/yoast-seo-wordpress\/ -->\n<title>- Les cr\u00e9ations de C\u00e9line Inmyworld - Perles Abalone- Pierres<\/title>\n<meta name=\"description\" content=\"Domaine spirituel, celui de l&#039;\u00eatre humain avec ses intentions, ses buts ou ses pr\u00e9occupations existentielles : Gaiet\u00e9, s\u00e9curit\u00e9, protection.\" \/>\n<meta name=\"robots\" content=\"index, follow, max-snippet:-1, max-image-preview:large, max-video-preview:-1\" \/>\n<link rel=\"canonical\" href=\"https:\/\/lescreationsde.celineinmyworldmedium.com\/index.php\/produit\/abalone-4\/\" \/>\n<meta property=\"og:locale\" content=\"fr_FR\" \/>\n<meta property=\"og:type\" content=\"article\" \/>\n<meta property=\"og:title\" content=\"- Les cr\u00e9ations de C\u00e9line Inmyworld - Perles Abalone- Pierres\" \/>\n<meta property=\"og:description\" content=\"Domaine spirituel, celui de l&#039;\u00eatre humain avec ses intentions, ses buts ou ses pr\u00e9occupations existentielles : Gaiet\u00e9, s\u00e9curit\u00e9, protection.\" \/>\n<meta property=\"og:url\" content=\"https:\/\/lescreationsde.celineinmyworldmedium.com\/index.php\/produit\/abalone-4\/\" \/>\n<meta property=\"og:site_name\" content=\"Les cr\u00e9ations de C\u00e9line Inmyworld\" \/>\n<meta property=\"article:modified_time\" content=\"2024-10-11T17:45:50+00:00\" \/>\n<meta property=\"og:image\" content=\"https:\/\/lescreationsde.celineinmyworldmedium.com\/wp-content\/uploads\/2020\/11\/abalone_4.jpg\" \/>\n\t<meta property=\"og:image:width\" content=\"1080\" \/>\n\t<meta property=\"og:image:height\" content=\"1040\" \/>\n\t<meta property=\"og:image:type\" content=\"image\/jpeg\" \/>\n<meta name=\"twitter:card\" content=\"summary_large_image\" \/>\n<meta name=\"twitter:label1\" content=\"Dur\u00e9e de lecture estim\u00e9e\" \/>\n\t<meta name=\"twitter:data1\" content=\"1 minute\" \/>\n<script type=\"application\/ld+json\" class=\"yoast-schema-graph\">{\"@context\":\"https:\/\/schema.org\",\"@graph\":[{\"@type\":\"WebPage\",\"@id\":\"https:\/\/lescreationsde.celineinmyworldmedium.com\/index.php\/produit\/abalone-4\/\",\"url\":\"https:\/\/lescreationsde.celineinmyworldmedium.com\/index.php\/produit\/abalone-4\/\",\"name\":\"- Les cr\u00e9ations de C\u00e9line Inmyworld - Perles Abalone- Pierres\",\"isPartOf\":{\"@id\":\"https:\/\/lescreationsde.celineinmyworldmedium.com\/#website\"},\"primaryImageOfPage\":{\"@id\":\"https:\/\/lescreationsde.celineinmyworldmedium.com\/index.php\/produit\/abalone-4\/#primaryimage\"},\"image\":{\"@id\":\"https:\/\/lescreationsde.celineinmyworldmedium.com\/index.php\/produit\/abalone-4\/#primaryimage\"},\"thumbnailUrl\":\"https:\/\/lescreationsde.celineinmyworldmedium.com\/wp-content\/uploads\/2020\/11\/abalone_4.jpg\",\"datePublished\":\"2020-11-05T18:22:43+00:00\",\"dateModified\":\"2024-10-11T17:45:50+00:00\",\"description\":\"Domaine spirituel, celui de l'\u00eatre humain avec ses intentions, ses buts ou ses pr\u00e9occupations existentielles : Gaiet\u00e9, s\u00e9curit\u00e9, protection.\",\"breadcrumb\":{\"@id\":\"https:\/\/lescreationsde.celineinmyworldmedium.com\/index.php\/produit\/abalone-4\/#breadcrumb\"},\"inLanguage\":\"fr-FR\",\"potentialAction\":[{\"@type\":\"ReadAction\",\"target\":[\"https:\/\/lescreationsde.celineinmyworldmedium.com\/index.php\/produit\/abalone-4\/\"]}]},{\"@type\":\"ImageObject\",\"inLanguage\":\"fr-FR\",\"@id\":\"https:\/\/lescreationsde.celineinmyworldmedium.com\/index.php\/produit\/abalone-4\/#primaryimage\",\"url\":\"https:\/\/lescreationsde.celineinmyworldmedium.com\/wp-content\/uploads\/2020\/11\/abalone_4.jpg\",\"contentUrl\":\"https:\/\/lescreationsde.celineinmyworldmedium.com\/wp-content\/uploads\/2020\/11\/abalone_4.jpg\",\"width\":1080,\"height\":1040,\"caption\":\"Abalone\"},{\"@type\":\"BreadcrumbList\",\"@id\":\"https:\/\/lescreationsde.celineinmyworldmedium.com\/index.php\/produit\/abalone-4\/#breadcrumb\",\"itemListElement\":[{\"@type\":\"ListItem\",\"position\":1,\"name\":\"Accueil\",\"item\":\"https:\/\/lescreationsde.celineinmyworldmedium.com\/\"},{\"@type\":\"ListItem\",\"position\":2,\"name\":\"Produits\",\"item\":\"https:\/\/lescreationsde.celineinmyworldmedium.com\/index.php\/boutique\/\"},{\"@type\":\"ListItem\",\"position\":3,\"name\":\"Abalone (4)\"}]},{\"@type\":\"WebSite\",\"@id\":\"https:\/\/lescreationsde.celineinmyworldmedium.com\/#website\",\"url\":\"https:\/\/lescreationsde.celineinmyworldmedium.com\/\",\"name\":\"Les cr\u00e9ations de C\u00e9line Inmyworld\",\"description\":\"Cr\u00e9ation de bijoux personnalis\u00e9s, sur-mesure, en pierres semi-pr\u00e9cieuses de qualit\u00e9. Bracelets, boucles d&#039;oreilles, colliers, sautoirs, malas, cha\u00eenes de cheville, bagues...\u2764\",\"publisher\":{\"@id\":\"https:\/\/lescreationsde.celineinmyworldmedium.com\/#organization\"},\"potentialAction\":[{\"@type\":\"SearchAction\",\"target\":{\"@type\":\"EntryPoint\",\"urlTemplate\":\"https:\/\/lescreationsde.celineinmyworldmedium.com\/?s={search_term_string}\"},\"query-input\":{\"@type\":\"PropertyValueSpecification\",\"valueRequired\":true,\"valueName\":\"search_term_string\"}}],\"inLanguage\":\"fr-FR\"},{\"@type\":\"Organization\",\"@id\":\"https:\/\/lescreationsde.celineinmyworldmedium.com\/#organization\",\"name\":\"Les cr\u00e9ations de C\u00e9line Inmyworld\",\"url\":\"https:\/\/lescreationsde.celineinmyworldmedium.com\/\",\"logo\":{\"@type\":\"ImageObject\",\"inLanguage\":\"fr-FR\",\"@id\":\"https:\/\/lescreationsde.celineinmyworldmedium.com\/#\/schema\/logo\/image\/\",\"url\":\"https:\/\/lescreationsde.celineinmyworldmedium.com\/wp-content\/uploads\/2021\/03\/logo_creations3.png\",\"contentUrl\":\"https:\/\/lescreationsde.celineinmyworldmedium.com\/wp-content\/uploads\/2021\/03\/logo_creations3.png\",\"width\":613,\"height\":190,\"caption\":\"Les cr\u00e9ations de C\u00e9line Inmyworld\"},\"image\":{\"@id\":\"https:\/\/lescreationsde.celineinmyworldmedium.com\/#\/schema\/logo\/image\/\"}}]}<\/script>\n<!-- \/ Yoast SEO plugin. -->","yoast_head_json":{"title":"- Les cr\u00e9ations de C\u00e9line Inmyworld - Perles Abalone- Pierres","description":"Domaine spirituel, celui de l'\u00eatre humain avec ses intentions, ses buts ou ses pr\u00e9occupations existentielles : Gaiet\u00e9, s\u00e9curit\u00e9, protection.","robots":{"index":"index","follow":"follow","max-snippet":"max-snippet:-1","max-image-preview":"max-image-preview:large","max-video-preview":"max-video-preview:-1"},"canonical":"https:\/\/lescreationsde.celineinmyworldmedium.com\/index.php\/produit\/abalone-4\/","og_locale":"fr_FR","og_type":"article","og_title":"- Les cr\u00e9ations de C\u00e9line Inmyworld - Perles Abalone- Pierres","og_description":"Domaine spirituel, celui de l'\u00eatre humain avec ses intentions, ses buts ou ses pr\u00e9occupations existentielles : Gaiet\u00e9, s\u00e9curit\u00e9, protection.","og_url":"https:\/\/lescreationsde.celineinmyworldmedium.com\/index.php\/produit\/abalone-4\/","og_site_name":"Les cr\u00e9ations de C\u00e9line Inmyworld","article_modified_time":"2024-10-11T17:45:50+00:00","og_image":[{"width":1080,"height":1040,"url":"https:\/\/lescreationsde.celineinmyworldmedium.com\/wp-content\/uploads\/2020\/11\/abalone_4.jpg","type":"image\/jpeg"}],"twitter_card":"summary_large_image","twitter_misc":{"Dur\u00e9e de lecture estim\u00e9e":"1 minute"},"schema":{"@context":"https:\/\/schema.org","@graph":[{"@type":"WebPage","@id":"https:\/\/lescreationsde.celineinmyworldmedium.com\/index.php\/produit\/abalone-4\/","url":"https:\/\/lescreationsde.celineinmyworldmedium.com\/index.php\/produit\/abalone-4\/","name":"- Les cr\u00e9ations de C\u00e9line Inmyworld - Perles Abalone- Pierres","isPartOf":{"@id":"https:\/\/lescreationsde.celineinmyworldmedium.com\/#website"},"primaryImageOfPage":{"@id":"https:\/\/lescreationsde.celineinmyworldmedium.com\/index.php\/produit\/abalone-4\/#primaryimage"},"image":{"@id":"https:\/\/lescreationsde.celineinmyworldmedium.com\/index.php\/produit\/abalone-4\/#primaryimage"},"thumbnailUrl":"https:\/\/lescreationsde.celineinmyworldmedium.com\/wp-content\/uploads\/2020\/11\/abalone_4.jpg","datePublished":"2020-11-05T18:22:43+00:00","dateModified":"2024-10-11T17:45:50+00:00","description":"Domaine spirituel, celui de l'\u00eatre humain avec ses intentions, ses buts ou ses pr\u00e9occupations existentielles : Gaiet\u00e9, s\u00e9curit\u00e9, protection.","breadcrumb":{"@id":"https:\/\/lescreationsde.celineinmyworldmedium.com\/index.php\/produit\/abalone-4\/#breadcrumb"},"inLanguage":"fr-FR","potentialAction":[{"@type":"ReadAction","target":["https:\/\/lescreationsde.celineinmyworldmedium.com\/index.php\/produit\/abalone-4\/"]}]},{"@type":"ImageObject","inLanguage":"fr-FR","@id":"https:\/\/lescreationsde.celineinmyworldmedium.com\/index.php\/produit\/abalone-4\/#primaryimage","url":"https:\/\/lescreationsde.celineinmyworldmedium.com\/wp-content\/uploads\/2020\/11\/abalone_4.jpg","contentUrl":"https:\/\/lescreationsde.celineinmyworldmedium.com\/wp-content\/uploads\/2020\/11\/abalone_4.jpg","width":1080,"height":1040,"caption":"Abalone"},{"@type":"BreadcrumbList","@id":"https:\/\/lescreationsde.celineinmyworldmedium.com\/index.php\/produit\/abalone-4\/#breadcrumb","itemListElement":[{"@type":"ListItem","position":1,"name":"Accueil","item":"https:\/\/lescreationsde.celineinmyworldmedium.com\/"},{"@type":"ListItem","position":2,"name":"Produits","item":"https:\/\/lescreationsde.celineinmyworldmedium.com\/index.php\/boutique\/"},{"@type":"ListItem","position":3,"name":"Abalone (4)"}]},{"@type":"WebSite","@id":"https:\/\/lescreationsde.celineinmyworldmedium.com\/#website","url":"https:\/\/lescreationsde.celineinmyworldmedium.com\/","name":"Les cr\u00e9ations de C\u00e9line Inmyworld","description":"Cr\u00e9ation de bijoux personnalis\u00e9s, sur-mesure, en pierres semi-pr\u00e9cieuses de qualit\u00e9. Bracelets, boucles d&#039;oreilles, colliers, sautoirs, malas, cha\u00eenes de cheville, bagues...\u2764","publisher":{"@id":"https:\/\/lescreationsde.celineinmyworldmedium.com\/#organization"},"potentialAction":[{"@type":"SearchAction","target":{"@type":"EntryPoint","urlTemplate":"https:\/\/lescreationsde.celineinmyworldmedium.com\/?s={search_term_string}"},"query-input":{"@type":"PropertyValueSpecification","valueRequired":true,"valueName":"search_term_string"}}],"inLanguage":"fr-FR"},{"@type":"Organization","@id":"https:\/\/lescreationsde.celineinmyworldmedium.com\/#organization","name":"Les cr\u00e9ations de C\u00e9line Inmyworld","url":"https:\/\/lescreationsde.celineinmyworldmedium.com\/","logo":{"@type":"ImageObject","inLanguage":"fr-FR","@id":"https:\/\/lescreationsde.celineinmyworldmedium.com\/#\/schema\/logo\/image\/","url":"https:\/\/lescreationsde.celineinmyworldmedium.com\/wp-content\/uploads\/2021\/03\/logo_creations3.png","contentUrl":"https:\/\/lescreationsde.celineinmyworldmedium.com\/wp-content\/uploads\/2021\/03\/logo_creations3.png","width":613,"height":190,"caption":"Les cr\u00e9ations de C\u00e9line Inmyworld"},"image":{"@id":"https:\/\/lescreationsde.celineinmyworldmedium.com\/#\/schema\/logo\/image\/"}}]}},"jetpack_sharing_enabled":true,"_links":{"self":[{"href":"https:\/\/lescreationsde.celineinmyworldmedium.com\/index.php\/wp-json\/wp\/v2\/product\/313","targetHints":{"allow":["GET"]}}],"collection":[{"href":"https:\/\/lescreationsde.celineinmyworldmedium.com\/index.php\/wp-json\/wp\/v2\/product"}],"about":[{"href":"https:\/\/lescreationsde.celineinmyworldmedium.com\/index.php\/wp-json\/wp\/v2\/types\/product"}],"replies":[{"embeddable":true,"href":"https:\/\/lescreationsde.celineinmyworldmedium.com\/index.php\/wp-json\/wp\/v2\/comments?post=313"}],"wp:featuredmedia":[{"embeddable":true,"href":"https:\/\/lescreationsde.celineinmyworldmedium.com\/index.php\/wp-json\/wp\/v2\/media\/315"}],"wp:attachment":[{"href":"https:\/\/lescreationsde.celineinmyworldmedium.com\/index.php\/wp-json\/wp\/v2\/media?parent=313"}],"wp:term":[{"taxonomy":"product_brand","embeddable":true,"href":"https:\/\/lescreationsde.celineinmyworldmedium.com\/index.php\/wp-json\/wp\/v2\/product_brand?post=313"},{"taxonomy":"product_cat","embeddable":true,"href":"https:\/\/lescreationsde.celineinmyworldmedium.com\/index.php\/wp-json\/wp\/v2\/product_cat?post=313"},{"taxonomy":"product_tag","embeddable":true,"href":"https:\/\/lescreationsde.celineinmyworldmedium.com\/index.php\/wp-json\/wp\/v2\/product_tag?post=313"}],"curies":[{"name":"wp","href":"https:\/\/api.w.org\/{rel}","templated":true}]}}