{"id":3001,"date":"2022-09-09T22:15:26","date_gmt":"2022-09-09T20:15:26","guid":{"rendered":"https:\/\/lescreationsde.celineinmyworldmedium.com\/?post_type=product&#038;p=3001"},"modified":"2024-10-23T17:17:17","modified_gmt":"2024-10-23T15:17:17","slug":"bracelet-pour-la-serenite-et-la-colere-en-olivine-agate-noire-et-blanche-et-bois-de-santal-avec-tetes-de-dragons","status":"publish","type":"product","link":"https:\/\/lescreationsde.celineinmyworldmedium.com\/index.php\/produit\/bracelet-pour-la-serenite-et-la-colere-en-olivine-agate-noire-et-blanche-et-bois-de-santal-avec-tetes-de-dragons\/","title":{"rendered":"Bracelet pour la s\u00e9r\u00e9nit\u00e9 et la col\u00e8re, en Olivine, Agate noire et blanche et Bois de santal, avec t\u00eates de dragons"},"content":{"rendered":"<h4>1 &#8211; Les vertus de l\u2019olivine (p\u00e9ridot) :<\/h4>\n<p>Domaine <strong>spirituel<\/strong>, celui de l\u2019\u00eatre humain avec ses intentions, ses buts ou ses pr\u00e9occupations existentielles :<\/p>\n<p><strong>Ind\u00e9pendance.<\/strong><\/p>\n<p>Domaine de <strong>l\u2019\u00e2me<\/strong> ou du subconscient, ainsi que les notions de temp\u00e9rament, de sentiments, de sensations, de r\u00eaves, de v\u00e9cu sur le plan animique, d\u2019habitudes et de r\u00e9actions inconscientes :<\/p>\n<p><strong> \u00c9limine la col\u00e8re, la rage et les sentiments de culpabilit\u00e9.<\/strong><\/p>\n<p>Domaine <strong>mental<\/strong> avec les id\u00e9es, la raison, les convictions, les consid\u00e9rations, ainsi que le mode de pens\u00e9e et d\u2019action consciente :<\/p>\n<p><strong>Permet d\u2019\u00e9liminer les influences d\u2019autrui, \u00e0 reconna\u00eetre ses erreurs et \u00e0 les corriger.<\/strong><\/p>\n<p>Domaine <strong>physique<\/strong> ou corporel, l\u2019ensemble de l\u2019organisme avec les sens, les organes et les fonctions :<\/p>\n<p><strong>Renforce le foie, la v\u00e9sicule biliaire et l\u2019intestin gr\u00eale, d\u00e9toxique et aide en cas d\u2019infections, de mycoses et de verrues.<\/strong><\/p>\n<h4>2 &#8211; Les vertus de l\u2019agate noire et blanche (agate z\u00e9br\u00e9e) :<\/h4>\n<p>Domaine spirituel, celui de l\u2019\u00eatre humain avec ses intentions, ses buts ou ses pr\u00e9occupations existentielles :<\/p>\n<p><strong>Nouveau d\u00e9part, r\u00e9flexion, maturit\u00e9.<\/strong><\/p>\n<p>Domaine de l\u2019\u00e2me ou du subconscient, ainsi que les notions de temp\u00e9rament, de sentiments, de sensations, de r\u00eaves, de v\u00e9cu sur le plan animique, d\u2019habitudes et de r\u00e9actions inconscientes :<\/p>\n<p><strong>Permet l\u2019impartialit\u00e9 et la droiture.<\/strong><\/p>\n<p>Domaine mental avec les id\u00e9es, la raison, les convictions, les consid\u00e9rations, ainsi que le mode de pens\u00e9e et d\u2019action consciente :<\/p>\n<p><strong>Favorise la m\u00e9ticulosit\u00e9 et permet de mettre en ordre sa propre vie de mani\u00e8re pragmatique et sereine. <\/strong><\/p>\n<p>Domaine physique ou corporel, l\u2019ensemble de l\u2019organisme avec les sens, les organes et les fonctions :<\/p>\n<p><strong>Am\u00e9liore la motricit\u00e9, l\u2019ou\u00efe et le sens de l\u2019\u00e9quilibre.<\/strong><\/p>\n<p><em><strong>Le bois de santal<\/strong> a une odeur bois\u00e9e douce.<\/em><br \/>\n<em>Il a aussi des attributs non n\u00e9gligeables : relaxant, d\u00e9sinfectant, antiseptique, apaisant, calmant, il est un rem\u00e8de souvent utilis\u00e9 en Inde. Il est aussi antid\u00e9presseur, aphrodisiaque, astringent, diur\u00e9tique, fluidifiant. On dit aussi qu\u2019il suffit de respirer ou de sentir du santal pour se sentir plus calme et \u201czen\u201d dans les moments de stress ou d\u2019\u00e9nervement.<\/em><\/p>\n","protected":false},"excerpt":{"rendered":"<table>\n<tbody>\n<tr>\n<td style=\"texte-align: left; color: gray; border: none;\"><strong>Hors frais d&rsquo;exp\u00e9dition<\/strong><\/td>\n<\/tr>\n<tr>\n<td style=\"texte-align: left; color: gray; border: none;\"><strong>Bijoux confectionn\u00e9s sur-mesure, sur commande<br \/>Les couleurs et motifs des pierres varient d&rsquo;un bijou \u00e0 un autre<br \/>D\u00e9lai de confection environ 30 jours<\/strong><\/td>\n<\/tr>\n<tr>\n<td style=\"texte-align: left; color: blue; border: none;\"><a style=\"color: #a15fe2;\" href=\"https:\/\/lescreationsde.celineinmyworldmedium.com\/index.php\/mesurer-son-tour-de-poignet-pour-bracelets\/\" target=\"_blank\" rel=\"noopener\"><strong>Comment mesurer son tour de poignet<\/strong><\/a><\/td>\n<\/tr>\n<\/tbody>\n<\/table>\n","protected":false},"featured_media":5714,"comment_status":"open","ping_status":"closed","template":"","meta":[],"product_brand":[],"product_cat":[31,459,1466,68],"product_tag":[710,152,106,42,44,38,47,43,41,40,39,1458,23,25,36,34,1533,26,37,35,16,24,45,17,33,32,727,27,89,22,28],"class_list":{"0":"post-3001","1":"product","2":"type-product","3":"status-publish","4":"has-post-thumbnail","6":"product_cat-bracelets","7":"product_cat-agate-pierres-boutique","8":"product_cat-bois-de-santal","9":"product_cat-olivine","10":"product_tag-agate-noire-et-blanche-agate-zebree","11":"product_tag-amour","12":"product_tag-argent","13":"product_tag-bijou","14":"product_tag-bijou-energetique","15":"product_tag-bijoux","16":"product_tag-bijoux-anti-allergies","17":"product_tag-bijoux-energetiques","18":"product_tag-bijoux-fait-main","19":"product_tag-bijoux-personnalises","20":"product_tag-bijoux-sur-mesure","21":"product_tag-bois-de-santal","22":"product_tag-boucles-doreilles","23":"product_tag-bracelet","24":"product_tag-bracelet-femme","25":"product_tag-bracelet-homme","26":"product_tag-bracelet-pour-la-serenite-et-la-colere","27":"product_tag-bracelets","28":"product_tag-bracelets-femme","29":"product_tag-bracelets-homme","30":"product_tag-collier","31":"product_tag-collier-femme","32":"product_tag-collier-personnalise","33":"product_tag-colliers","34":"product_tag-energetique","35":"product_tag-lithotherapie","36":"product_tag-olivine-peridot","37":"product_tag-pierre","38":"product_tag-pierre-naturelle","39":"product_tag-pierre-semi-precieuse","40":"product_tag-pierres-naturelles","42":"first","43":"instock","44":"shipping-taxable","45":"purchasable","46":"product-type-variable"},"yoast_head":"<!-- This site is optimized with the Yoast SEO plugin v27.5 - https:\/\/yoast.com\/product\/yoast-seo-wordpress\/ -->\n<title>Bracelet pour la s\u00e9r\u00e9nit\u00e9 et la col\u00e8re, en Olivine, Agate noire et...<\/title>\n<meta name=\"description\" content=\"Nouveau d\u00e9part, r\u00e9flexion, maturit\u00e9. Favorise la m\u00e9ticulosit\u00e9 et permet de mettre en ordre sa propre vie de mani\u00e8re pragmatique et sereine.\" \/>\n<meta name=\"robots\" content=\"index, follow, max-snippet:-1, max-image-preview:large, max-video-preview:-1\" \/>\n<link rel=\"canonical\" href=\"https:\/\/lescreationsde.celineinmyworldmedium.com\/index.php\/produit\/bracelet-pour-la-serenite-et-la-colere-en-olivine-agate-noire-et-blanche-et-bois-de-santal-avec-tetes-de-dragons\/\" \/>\n<meta property=\"og:locale\" content=\"fr_FR\" \/>\n<meta property=\"og:type\" content=\"article\" \/>\n<meta property=\"og:title\" content=\"Bracelet pour la s\u00e9r\u00e9nit\u00e9 et la col\u00e8re, en Olivine, Agate noire et...\" \/>\n<meta property=\"og:description\" content=\"Nouveau d\u00e9part, r\u00e9flexion, maturit\u00e9. Favorise la m\u00e9ticulosit\u00e9 et permet de mettre en ordre sa propre vie de mani\u00e8re pragmatique et sereine.\" \/>\n<meta property=\"og:url\" content=\"https:\/\/lescreationsde.celineinmyworldmedium.com\/index.php\/produit\/bracelet-pour-la-serenite-et-la-colere-en-olivine-agate-noire-et-blanche-et-bois-de-santal-avec-tetes-de-dragons\/\" \/>\n<meta property=\"og:site_name\" content=\"Les cr\u00e9ations de C\u00e9line Inmyworld\" \/>\n<meta property=\"article:modified_time\" content=\"2024-10-23T15:17:17+00:00\" \/>\n<meta property=\"og:image\" content=\"https:\/\/lescreationsde.celineinmyworldmedium.com\/wp-content\/uploads\/2021\/10\/Bracelet_pour_la_serenite_et_la_colere_en_Olivine_Agate_noire_et_blanche_et_Bois_de_Santal_avec_tetes_de_dragons.jpg\" \/>\n\t<meta property=\"og:image:width\" content=\"960\" \/>\n\t<meta property=\"og:image:height\" content=\"960\" \/>\n\t<meta property=\"og:image:type\" content=\"image\/jpeg\" \/>\n<meta name=\"twitter:card\" content=\"summary_large_image\" \/>\n<meta name=\"twitter:label1\" content=\"Dur\u00e9e de lecture estim\u00e9e\" \/>\n\t<meta name=\"twitter:data1\" content=\"2 minutes\" \/>\n<script type=\"application\/ld+json\" class=\"yoast-schema-graph\">{\"@context\":\"https:\\\/\\\/schema.org\",\"@graph\":[{\"@type\":\"WebPage\",\"@id\":\"https:\\\/\\\/lescreationsde.celineinmyworldmedium.com\\\/index.php\\\/produit\\\/bracelet-pour-la-serenite-et-la-colere-en-olivine-agate-noire-et-blanche-et-bois-de-santal-avec-tetes-de-dragons\\\/\",\"url\":\"https:\\\/\\\/lescreationsde.celineinmyworldmedium.com\\\/index.php\\\/produit\\\/bracelet-pour-la-serenite-et-la-colere-en-olivine-agate-noire-et-blanche-et-bois-de-santal-avec-tetes-de-dragons\\\/\",\"name\":\"Bracelet pour la s\u00e9r\u00e9nit\u00e9 et la col\u00e8re, en Olivine, Agate noire et...\",\"isPartOf\":{\"@id\":\"https:\\\/\\\/lescreationsde.celineinmyworldmedium.com\\\/#website\"},\"primaryImageOfPage\":{\"@id\":\"https:\\\/\\\/lescreationsde.celineinmyworldmedium.com\\\/index.php\\\/produit\\\/bracelet-pour-la-serenite-et-la-colere-en-olivine-agate-noire-et-blanche-et-bois-de-santal-avec-tetes-de-dragons\\\/#primaryimage\"},\"image\":{\"@id\":\"https:\\\/\\\/lescreationsde.celineinmyworldmedium.com\\\/index.php\\\/produit\\\/bracelet-pour-la-serenite-et-la-colere-en-olivine-agate-noire-et-blanche-et-bois-de-santal-avec-tetes-de-dragons\\\/#primaryimage\"},\"thumbnailUrl\":\"https:\\\/\\\/lescreationsde.celineinmyworldmedium.com\\\/wp-content\\\/uploads\\\/2021\\\/10\\\/Bracelet_pour_la_serenite_et_la_colere_en_Olivine_Agate_noire_et_blanche_et_Bois_de_Santal_avec_tetes_de_dragons.jpg\",\"datePublished\":\"2022-09-09T20:15:26+00:00\",\"dateModified\":\"2024-10-23T15:17:17+00:00\",\"description\":\"Nouveau d\u00e9part, r\u00e9flexion, maturit\u00e9. Favorise la m\u00e9ticulosit\u00e9 et permet de mettre en ordre sa propre vie de mani\u00e8re pragmatique et sereine.\",\"breadcrumb\":{\"@id\":\"https:\\\/\\\/lescreationsde.celineinmyworldmedium.com\\\/index.php\\\/produit\\\/bracelet-pour-la-serenite-et-la-colere-en-olivine-agate-noire-et-blanche-et-bois-de-santal-avec-tetes-de-dragons\\\/#breadcrumb\"},\"inLanguage\":\"fr-FR\",\"potentialAction\":[{\"@type\":\"ReadAction\",\"target\":[\"https:\\\/\\\/lescreationsde.celineinmyworldmedium.com\\\/index.php\\\/produit\\\/bracelet-pour-la-serenite-et-la-colere-en-olivine-agate-noire-et-blanche-et-bois-de-santal-avec-tetes-de-dragons\\\/\"]}]},{\"@type\":\"ImageObject\",\"inLanguage\":\"fr-FR\",\"@id\":\"https:\\\/\\\/lescreationsde.celineinmyworldmedium.com\\\/index.php\\\/produit\\\/bracelet-pour-la-serenite-et-la-colere-en-olivine-agate-noire-et-blanche-et-bois-de-santal-avec-tetes-de-dragons\\\/#primaryimage\",\"url\":\"https:\\\/\\\/lescreationsde.celineinmyworldmedium.com\\\/wp-content\\\/uploads\\\/2021\\\/10\\\/Bracelet_pour_la_serenite_et_la_colere_en_Olivine_Agate_noire_et_blanche_et_Bois_de_Santal_avec_tetes_de_dragons.jpg\",\"contentUrl\":\"https:\\\/\\\/lescreationsde.celineinmyworldmedium.com\\\/wp-content\\\/uploads\\\/2021\\\/10\\\/Bracelet_pour_la_serenite_et_la_colere_en_Olivine_Agate_noire_et_blanche_et_Bois_de_Santal_avec_tetes_de_dragons.jpg\",\"width\":960,\"height\":960,\"caption\":\"Bracelet pour la s\u00e9r\u00e9nit\u00e9 et la col\u00e8re, en Olivine, Agate noire et blanche et Bois de Santal, avec t\u00eates de dragons\"},{\"@type\":\"BreadcrumbList\",\"@id\":\"https:\\\/\\\/lescreationsde.celineinmyworldmedium.com\\\/index.php\\\/produit\\\/bracelet-pour-la-serenite-et-la-colere-en-olivine-agate-noire-et-blanche-et-bois-de-santal-avec-tetes-de-dragons\\\/#breadcrumb\",\"itemListElement\":[{\"@type\":\"ListItem\",\"position\":1,\"name\":\"Accueil\",\"item\":\"https:\\\/\\\/lescreationsde.celineinmyworldmedium.com\\\/\"},{\"@type\":\"ListItem\",\"position\":2,\"name\":\"Produits\",\"item\":\"https:\\\/\\\/lescreationsde.celineinmyworldmedium.com\\\/index.php\\\/boutique\\\/\"},{\"@type\":\"ListItem\",\"position\":3,\"name\":\"Bracelet pour la s\u00e9r\u00e9nit\u00e9 et la col\u00e8re, en Olivine, Agate noire et blanche et Bois de santal, avec t\u00eates de dragons\"}]},{\"@type\":\"WebSite\",\"@id\":\"https:\\\/\\\/lescreationsde.celineinmyworldmedium.com\\\/#website\",\"url\":\"https:\\\/\\\/lescreationsde.celineinmyworldmedium.com\\\/\",\"name\":\"Les cr\u00e9ations de C\u00e9line Inmyworld\",\"description\":\"Cr\u00e9ation de bijoux personnalis\u00e9s, sur-mesure, en pierres semi-pr\u00e9cieuses de qualit\u00e9. Bracelets, boucles d&#039;oreilles, colliers, sautoirs, malas, cha\u00eenes de cheville, bagues...\u2764\",\"publisher\":{\"@id\":\"https:\\\/\\\/lescreationsde.celineinmyworldmedium.com\\\/#organization\"},\"potentialAction\":[{\"@type\":\"SearchAction\",\"target\":{\"@type\":\"EntryPoint\",\"urlTemplate\":\"https:\\\/\\\/lescreationsde.celineinmyworldmedium.com\\\/?s={search_term_string}\"},\"query-input\":{\"@type\":\"PropertyValueSpecification\",\"valueRequired\":true,\"valueName\":\"search_term_string\"}}],\"inLanguage\":\"fr-FR\"},{\"@type\":\"Organization\",\"@id\":\"https:\\\/\\\/lescreationsde.celineinmyworldmedium.com\\\/#organization\",\"name\":\"Les cr\u00e9ations de C\u00e9line Inmyworld\",\"url\":\"https:\\\/\\\/lescreationsde.celineinmyworldmedium.com\\\/\",\"logo\":{\"@type\":\"ImageObject\",\"inLanguage\":\"fr-FR\",\"@id\":\"https:\\\/\\\/lescreationsde.celineinmyworldmedium.com\\\/#\\\/schema\\\/logo\\\/image\\\/\",\"url\":\"https:\\\/\\\/lescreationsde.celineinmyworldmedium.com\\\/wp-content\\\/uploads\\\/2021\\\/03\\\/logo_creations3.png\",\"contentUrl\":\"https:\\\/\\\/lescreationsde.celineinmyworldmedium.com\\\/wp-content\\\/uploads\\\/2021\\\/03\\\/logo_creations3.png\",\"width\":613,\"height\":190,\"caption\":\"Les cr\u00e9ations de C\u00e9line Inmyworld\"},\"image\":{\"@id\":\"https:\\\/\\\/lescreationsde.celineinmyworldmedium.com\\\/#\\\/schema\\\/logo\\\/image\\\/\"}}]}<\/script>\n<!-- \/ Yoast SEO plugin. -->","yoast_head_json":{"title":"Bracelet pour la s\u00e9r\u00e9nit\u00e9 et la col\u00e8re, en Olivine, Agate noire et...","description":"Nouveau d\u00e9part, r\u00e9flexion, maturit\u00e9. Favorise la m\u00e9ticulosit\u00e9 et permet de mettre en ordre sa propre vie de mani\u00e8re pragmatique et sereine.","robots":{"index":"index","follow":"follow","max-snippet":"max-snippet:-1","max-image-preview":"max-image-preview:large","max-video-preview":"max-video-preview:-1"},"canonical":"https:\/\/lescreationsde.celineinmyworldmedium.com\/index.php\/produit\/bracelet-pour-la-serenite-et-la-colere-en-olivine-agate-noire-et-blanche-et-bois-de-santal-avec-tetes-de-dragons\/","og_locale":"fr_FR","og_type":"article","og_title":"Bracelet pour la s\u00e9r\u00e9nit\u00e9 et la col\u00e8re, en Olivine, Agate noire et...","og_description":"Nouveau d\u00e9part, r\u00e9flexion, maturit\u00e9. Favorise la m\u00e9ticulosit\u00e9 et permet de mettre en ordre sa propre vie de mani\u00e8re pragmatique et sereine.","og_url":"https:\/\/lescreationsde.celineinmyworldmedium.com\/index.php\/produit\/bracelet-pour-la-serenite-et-la-colere-en-olivine-agate-noire-et-blanche-et-bois-de-santal-avec-tetes-de-dragons\/","og_site_name":"Les cr\u00e9ations de C\u00e9line Inmyworld","article_modified_time":"2024-10-23T15:17:17+00:00","og_image":[{"width":960,"height":960,"url":"https:\/\/lescreationsde.celineinmyworldmedium.com\/wp-content\/uploads\/2021\/10\/Bracelet_pour_la_serenite_et_la_colere_en_Olivine_Agate_noire_et_blanche_et_Bois_de_Santal_avec_tetes_de_dragons.jpg","type":"image\/jpeg"}],"twitter_card":"summary_large_image","twitter_misc":{"Dur\u00e9e de lecture estim\u00e9e":"2 minutes"},"schema":{"@context":"https:\/\/schema.org","@graph":[{"@type":"WebPage","@id":"https:\/\/lescreationsde.celineinmyworldmedium.com\/index.php\/produit\/bracelet-pour-la-serenite-et-la-colere-en-olivine-agate-noire-et-blanche-et-bois-de-santal-avec-tetes-de-dragons\/","url":"https:\/\/lescreationsde.celineinmyworldmedium.com\/index.php\/produit\/bracelet-pour-la-serenite-et-la-colere-en-olivine-agate-noire-et-blanche-et-bois-de-santal-avec-tetes-de-dragons\/","name":"Bracelet pour la s\u00e9r\u00e9nit\u00e9 et la col\u00e8re, en Olivine, Agate noire et...","isPartOf":{"@id":"https:\/\/lescreationsde.celineinmyworldmedium.com\/#website"},"primaryImageOfPage":{"@id":"https:\/\/lescreationsde.celineinmyworldmedium.com\/index.php\/produit\/bracelet-pour-la-serenite-et-la-colere-en-olivine-agate-noire-et-blanche-et-bois-de-santal-avec-tetes-de-dragons\/#primaryimage"},"image":{"@id":"https:\/\/lescreationsde.celineinmyworldmedium.com\/index.php\/produit\/bracelet-pour-la-serenite-et-la-colere-en-olivine-agate-noire-et-blanche-et-bois-de-santal-avec-tetes-de-dragons\/#primaryimage"},"thumbnailUrl":"https:\/\/lescreationsde.celineinmyworldmedium.com\/wp-content\/uploads\/2021\/10\/Bracelet_pour_la_serenite_et_la_colere_en_Olivine_Agate_noire_et_blanche_et_Bois_de_Santal_avec_tetes_de_dragons.jpg","datePublished":"2022-09-09T20:15:26+00:00","dateModified":"2024-10-23T15:17:17+00:00","description":"Nouveau d\u00e9part, r\u00e9flexion, maturit\u00e9. Favorise la m\u00e9ticulosit\u00e9 et permet de mettre en ordre sa propre vie de mani\u00e8re pragmatique et sereine.","breadcrumb":{"@id":"https:\/\/lescreationsde.celineinmyworldmedium.com\/index.php\/produit\/bracelet-pour-la-serenite-et-la-colere-en-olivine-agate-noire-et-blanche-et-bois-de-santal-avec-tetes-de-dragons\/#breadcrumb"},"inLanguage":"fr-FR","potentialAction":[{"@type":"ReadAction","target":["https:\/\/lescreationsde.celineinmyworldmedium.com\/index.php\/produit\/bracelet-pour-la-serenite-et-la-colere-en-olivine-agate-noire-et-blanche-et-bois-de-santal-avec-tetes-de-dragons\/"]}]},{"@type":"ImageObject","inLanguage":"fr-FR","@id":"https:\/\/lescreationsde.celineinmyworldmedium.com\/index.php\/produit\/bracelet-pour-la-serenite-et-la-colere-en-olivine-agate-noire-et-blanche-et-bois-de-santal-avec-tetes-de-dragons\/#primaryimage","url":"https:\/\/lescreationsde.celineinmyworldmedium.com\/wp-content\/uploads\/2021\/10\/Bracelet_pour_la_serenite_et_la_colere_en_Olivine_Agate_noire_et_blanche_et_Bois_de_Santal_avec_tetes_de_dragons.jpg","contentUrl":"https:\/\/lescreationsde.celineinmyworldmedium.com\/wp-content\/uploads\/2021\/10\/Bracelet_pour_la_serenite_et_la_colere_en_Olivine_Agate_noire_et_blanche_et_Bois_de_Santal_avec_tetes_de_dragons.jpg","width":960,"height":960,"caption":"Bracelet pour la s\u00e9r\u00e9nit\u00e9 et la col\u00e8re, en Olivine, Agate noire et blanche et Bois de Santal, avec t\u00eates de dragons"},{"@type":"BreadcrumbList","@id":"https:\/\/lescreationsde.celineinmyworldmedium.com\/index.php\/produit\/bracelet-pour-la-serenite-et-la-colere-en-olivine-agate-noire-et-blanche-et-bois-de-santal-avec-tetes-de-dragons\/#breadcrumb","itemListElement":[{"@type":"ListItem","position":1,"name":"Accueil","item":"https:\/\/lescreationsde.celineinmyworldmedium.com\/"},{"@type":"ListItem","position":2,"name":"Produits","item":"https:\/\/lescreationsde.celineinmyworldmedium.com\/index.php\/boutique\/"},{"@type":"ListItem","position":3,"name":"Bracelet pour la s\u00e9r\u00e9nit\u00e9 et la col\u00e8re, en Olivine, Agate noire et blanche et Bois de santal, avec t\u00eates de dragons"}]},{"@type":"WebSite","@id":"https:\/\/lescreationsde.celineinmyworldmedium.com\/#website","url":"https:\/\/lescreationsde.celineinmyworldmedium.com\/","name":"Les cr\u00e9ations de C\u00e9line Inmyworld","description":"Cr\u00e9ation de bijoux personnalis\u00e9s, sur-mesure, en pierres semi-pr\u00e9cieuses de qualit\u00e9. Bracelets, boucles d&#039;oreilles, colliers, sautoirs, malas, cha\u00eenes de cheville, bagues...\u2764","publisher":{"@id":"https:\/\/lescreationsde.celineinmyworldmedium.com\/#organization"},"potentialAction":[{"@type":"SearchAction","target":{"@type":"EntryPoint","urlTemplate":"https:\/\/lescreationsde.celineinmyworldmedium.com\/?s={search_term_string}"},"query-input":{"@type":"PropertyValueSpecification","valueRequired":true,"valueName":"search_term_string"}}],"inLanguage":"fr-FR"},{"@type":"Organization","@id":"https:\/\/lescreationsde.celineinmyworldmedium.com\/#organization","name":"Les cr\u00e9ations de C\u00e9line Inmyworld","url":"https:\/\/lescreationsde.celineinmyworldmedium.com\/","logo":{"@type":"ImageObject","inLanguage":"fr-FR","@id":"https:\/\/lescreationsde.celineinmyworldmedium.com\/#\/schema\/logo\/image\/","url":"https:\/\/lescreationsde.celineinmyworldmedium.com\/wp-content\/uploads\/2021\/03\/logo_creations3.png","contentUrl":"https:\/\/lescreationsde.celineinmyworldmedium.com\/wp-content\/uploads\/2021\/03\/logo_creations3.png","width":613,"height":190,"caption":"Les cr\u00e9ations de C\u00e9line Inmyworld"},"image":{"@id":"https:\/\/lescreationsde.celineinmyworldmedium.com\/#\/schema\/logo\/image\/"}}]}},"jetpack_sharing_enabled":true,"_links":{"self":[{"href":"https:\/\/lescreationsde.celineinmyworldmedium.com\/index.php\/wp-json\/wp\/v2\/product\/3001","targetHints":{"allow":["GET"]}}],"collection":[{"href":"https:\/\/lescreationsde.celineinmyworldmedium.com\/index.php\/wp-json\/wp\/v2\/product"}],"about":[{"href":"https:\/\/lescreationsde.celineinmyworldmedium.com\/index.php\/wp-json\/wp\/v2\/types\/product"}],"replies":[{"embeddable":true,"href":"https:\/\/lescreationsde.celineinmyworldmedium.com\/index.php\/wp-json\/wp\/v2\/comments?post=3001"}],"wp:featuredmedia":[{"embeddable":true,"href":"https:\/\/lescreationsde.celineinmyworldmedium.com\/index.php\/wp-json\/wp\/v2\/media\/5714"}],"wp:attachment":[{"href":"https:\/\/lescreationsde.celineinmyworldmedium.com\/index.php\/wp-json\/wp\/v2\/media?parent=3001"}],"wp:term":[{"taxonomy":"product_brand","embeddable":true,"href":"https:\/\/lescreationsde.celineinmyworldmedium.com\/index.php\/wp-json\/wp\/v2\/product_brand?post=3001"},{"taxonomy":"product_cat","embeddable":true,"href":"https:\/\/lescreationsde.celineinmyworldmedium.com\/index.php\/wp-json\/wp\/v2\/product_cat?post=3001"},{"taxonomy":"product_tag","embeddable":true,"href":"https:\/\/lescreationsde.celineinmyworldmedium.com\/index.php\/wp-json\/wp\/v2\/product_tag?post=3001"}],"curies":[{"name":"wp","href":"https:\/\/api.w.org\/{rel}","templated":true}]}}