{"id":2980,"date":"2021-10-15T13:47:02","date_gmt":"2021-10-15T11:47:02","guid":{"rendered":"https:\/\/lescreationsde.celineinmyworldmedium.com\/?post_type=product&#038;p=2980"},"modified":"2024-02-26T18:09:22","modified_gmt":"2024-02-26T17:09:22","slug":"pendentif-orgonite-rond-avec-cube-de-metatron-en-grenat","status":"publish","type":"product","link":"https:\/\/lescreationsde.celineinmyworldmedium.com\/index.php\/produit\/pendentif-orgonite-rond-avec-cube-de-metatron-en-grenat\/","title":{"rendered":"Pendentif Orgonite rond avec Cube de M\u00e9tatron en Grenat"},"content":{"rendered":"<h4>Les vertus du grenat (pyrope) :<\/h4>\n<p>Domaine <strong>spirituel<\/strong>, celui de l\u2019\u00eatre humain avec ses intentions, ses buts ou ses pr\u00e9occupations existentielles :<\/p>\n<p><strong>D\u00e9passement des crises, qualit\u00e9 de vie.<\/strong><\/p>\n<p>Domaine de <strong>l\u2019\u00e2me<\/strong> ou du subconscient, ainsi que les notions de temp\u00e9rament, de sentiments, de sensations, de r\u00eaves, de v\u00e9cu sur le plan animique, d\u2019habitudes et de r\u00e9actions inconscientes :<\/p>\n<p><strong>Favorise la s\u00e9r\u00e9nit\u00e9, le courage et l\u2019endurance, r\u00e9duit les blocages, stimule la sexualit\u00e9.<\/strong><\/p>\n<p>Domaine <strong>mental<\/strong> avec les id\u00e9es, la raison, les convictions, les consid\u00e9rations, ainsi que le mode de pens\u00e9e et d\u2019action consciente :<\/p>\n<p><strong>Encourage l\u2019aspiration \u00e0 s\u2019am\u00e9liorer.<\/strong><\/p>\n<p>Domaine <strong>physique<\/strong> ou corporel, l\u2019ensemble de l\u2019organisme avec les sens, les organes et les fonctions :<\/p>\n<p><strong>Am\u00e9liore la qualit\u00e9 du sang et l\u2019irrigation sanguine, aide en cas d\u2019affections de la vessie.<\/strong><\/p>\n<p><em><strong>Le cube de M\u00e9tatron :<\/strong><br \/>\nLe Cube de M\u00e9tatron est l&rsquo;un des symboles les plus puissants de la g\u00e9om\u00e9trique sacr\u00e9e qui superpose l&rsquo;ensemble des Solides de Platon ainsi que la Merkaba sur une seule et m\u00eame figure g\u00e9om\u00e9trique. Il r\u00e9v\u00e8le les secrets les mieux gard\u00e9s de l&rsquo;Univers et de sa cr\u00e9ation.<\/em><br \/>\n<em>Le cube de M\u00e9tatron est le symbole dont le taux vibratoire est le plus \u00e9lev\u00e9, ayant une action directe sur la personne ou sur un lieu quelconque. C&rsquo;est la protection la plus puissante contre toutes les \u00e9nergies n\u00e9gatives qui existent.<\/em><\/p>\n<p><em><strong>La Merkaba :<\/strong><br \/>\nSymbole sacr\u00e9 permettant l\u2019activation des \u00e9nergies ou champ vibratoire puissant, la Merkaba prend diff\u00e9rentes significations dans la spiritualit\u00e9 traditionnelle et contemporaine. Dans la mystique juive, elle est m\u00eame \u00e9voqu\u00e9e comme un \u201cchar\u201d permettant \u00e0 l\u2019\u00eatre humain d\u2019acc\u00e9der au monde divin, ou \u00e0 d\u2019autres plans de conscience\u2026 Int\u00e9gr\u00e9 dans votre vie, ce motif \u00e9sot\u00e9rique vous apportera protection, vitalit\u00e9 et favorisera l\u2019\u00e9panouissement spirituel.<\/em><\/p>\n","protected":false},"excerpt":{"rendered":"<table>\n<tbody>\n<tr>\n<td style=\"texte-align: left; color: gray; border: none;\"><strong>Hors frais d\u2019exp\u00e9dition<\/strong><\/td>\n<\/tr>\n<tr>\n<td style=\"texte-align: left; color: gray; border: none;\"><strong>Bijoux sur commande<\/strong><\/td>\n<\/tr>\n<tr>\n<td style=\"texte-align: left; color: sienna; border: none;\"><strong>Cordon non interchangeable<\/strong><\/td>\n<\/tr>\n<\/tbody>\n<\/table>\n","protected":false},"featured_media":7067,"comment_status":"open","ping_status":"closed","template":"","meta":[],"product_brand":[],"product_cat":[607,200,51,503],"product_tag":[152,106,42,44,38,47,43,41,40,39,23,25,36,34,26,37,35,16,24,45,17,33,1001,27,89,22,28,408],"class_list":{"0":"post-2980","1":"product","2":"type-product","3":"status-publish","4":"has-post-thumbnail","6":"product_cat-pendentifs","7":"product_cat-pendentifs-grands","8":"product_cat-grenat","9":"product_cat-orgonites","10":"product_tag-amour","11":"product_tag-argent","12":"product_tag-bijou","13":"product_tag-bijou-energetique","14":"product_tag-bijoux","15":"product_tag-bijoux-anti-allergies","16":"product_tag-bijoux-energetiques","17":"product_tag-bijoux-fait-main","18":"product_tag-bijoux-personnalises","19":"product_tag-bijoux-sur-mesure","20":"product_tag-boucles-doreilles","21":"product_tag-bracelet","22":"product_tag-bracelet-femme","23":"product_tag-bracelet-homme","24":"product_tag-bracelets","25":"product_tag-bracelets-femme","26":"product_tag-bracelets-homme","27":"product_tag-collier","28":"product_tag-collier-femme","29":"product_tag-collier-personnalise","30":"product_tag-colliers","31":"product_tag-energetique","32":"product_tag-pendentif-orgonite-rond-cube-de-metatron","33":"product_tag-pierre","34":"product_tag-pierre-naturelle","35":"product_tag-pierre-semi-precieuse","36":"product_tag-pierres-naturelles","37":"product_tag-quartz-rose","39":"first","40":"outofstock","41":"shipping-taxable","42":"purchasable","43":"product-type-variable"},"yoast_head":"<!-- This site is optimized with the Yoast SEO plugin v27.2 - https:\/\/yoast.com\/product\/yoast-seo-wordpress\/ -->\n<title>Pendentif Orgonite rond avec Cube de M\u00e9tatron en Grenat<\/title>\n<meta name=\"description\" content=\"D\u00e9passement des crises, qualit\u00e9 de vie. Favorise la s\u00e9r\u00e9nit\u00e9, le courage et l\u2019endurance, r\u00e9duit les blocages, stimule la sexualit\u00e9.\" \/>\n<meta name=\"robots\" content=\"index, follow, max-snippet:-1, max-image-preview:large, max-video-preview:-1\" \/>\n<link rel=\"canonical\" href=\"https:\/\/lescreationsde.celineinmyworldmedium.com\/index.php\/produit\/pendentif-orgonite-rond-avec-cube-de-metatron-en-grenat\/\" \/>\n<meta property=\"og:locale\" content=\"fr_FR\" \/>\n<meta property=\"og:type\" content=\"article\" \/>\n<meta property=\"og:title\" content=\"Pendentif Orgonite rond avec Cube de M\u00e9tatron en Grenat\" \/>\n<meta property=\"og:description\" content=\"D\u00e9passement des crises, qualit\u00e9 de vie. Favorise la s\u00e9r\u00e9nit\u00e9, le courage et l\u2019endurance, r\u00e9duit les blocages, stimule la sexualit\u00e9.\" \/>\n<meta property=\"og:url\" content=\"https:\/\/lescreationsde.celineinmyworldmedium.com\/index.php\/produit\/pendentif-orgonite-rond-avec-cube-de-metatron-en-grenat\/\" \/>\n<meta property=\"og:site_name\" content=\"Les cr\u00e9ations de C\u00e9line Inmyworld\" \/>\n<meta property=\"article:modified_time\" content=\"2024-02-26T17:09:22+00:00\" \/>\n<meta property=\"og:image\" content=\"https:\/\/lescreationsde.celineinmyworldmedium.com\/wp-content\/uploads\/2021\/10\/Pendentif_orgonite_rond_cube_de_metatron_grenat_v.jpg\" \/>\n\t<meta property=\"og:image:width\" content=\"1080\" \/>\n\t<meta property=\"og:image:height\" content=\"1920\" \/>\n\t<meta property=\"og:image:type\" content=\"image\/jpeg\" \/>\n<meta name=\"twitter:card\" content=\"summary_large_image\" \/>\n<meta name=\"twitter:label1\" content=\"Dur\u00e9e de lecture estim\u00e9e\" \/>\n\t<meta name=\"twitter:data1\" content=\"2 minutes\" \/>\n<script type=\"application\/ld+json\" class=\"yoast-schema-graph\">{\"@context\":\"https:\/\/schema.org\",\"@graph\":[{\"@type\":\"WebPage\",\"@id\":\"https:\/\/lescreationsde.celineinmyworldmedium.com\/index.php\/produit\/pendentif-orgonite-rond-avec-cube-de-metatron-en-grenat\/\",\"url\":\"https:\/\/lescreationsde.celineinmyworldmedium.com\/index.php\/produit\/pendentif-orgonite-rond-avec-cube-de-metatron-en-grenat\/\",\"name\":\"Pendentif Orgonite rond avec Cube de M\u00e9tatron en Grenat\",\"isPartOf\":{\"@id\":\"https:\/\/lescreationsde.celineinmyworldmedium.com\/#website\"},\"primaryImageOfPage\":{\"@id\":\"https:\/\/lescreationsde.celineinmyworldmedium.com\/index.php\/produit\/pendentif-orgonite-rond-avec-cube-de-metatron-en-grenat\/#primaryimage\"},\"image\":{\"@id\":\"https:\/\/lescreationsde.celineinmyworldmedium.com\/index.php\/produit\/pendentif-orgonite-rond-avec-cube-de-metatron-en-grenat\/#primaryimage\"},\"thumbnailUrl\":\"https:\/\/lescreationsde.celineinmyworldmedium.com\/wp-content\/uploads\/2021\/10\/Pendentif_orgonite_rond_cube_de_metatron_grenat_v.jpg\",\"datePublished\":\"2021-10-15T11:47:02+00:00\",\"dateModified\":\"2024-02-26T17:09:22+00:00\",\"description\":\"D\u00e9passement des crises, qualit\u00e9 de vie. Favorise la s\u00e9r\u00e9nit\u00e9, le courage et l\u2019endurance, r\u00e9duit les blocages, stimule la sexualit\u00e9.\",\"breadcrumb\":{\"@id\":\"https:\/\/lescreationsde.celineinmyworldmedium.com\/index.php\/produit\/pendentif-orgonite-rond-avec-cube-de-metatron-en-grenat\/#breadcrumb\"},\"inLanguage\":\"fr-FR\",\"potentialAction\":[{\"@type\":\"ReadAction\",\"target\":[\"https:\/\/lescreationsde.celineinmyworldmedium.com\/index.php\/produit\/pendentif-orgonite-rond-avec-cube-de-metatron-en-grenat\/\"]}]},{\"@type\":\"ImageObject\",\"inLanguage\":\"fr-FR\",\"@id\":\"https:\/\/lescreationsde.celineinmyworldmedium.com\/index.php\/produit\/pendentif-orgonite-rond-avec-cube-de-metatron-en-grenat\/#primaryimage\",\"url\":\"https:\/\/lescreationsde.celineinmyworldmedium.com\/wp-content\/uploads\/2021\/10\/Pendentif_orgonite_rond_cube_de_metatron_grenat_v.jpg\",\"contentUrl\":\"https:\/\/lescreationsde.celineinmyworldmedium.com\/wp-content\/uploads\/2021\/10\/Pendentif_orgonite_rond_cube_de_metatron_grenat_v.jpg\",\"width\":1080,\"height\":1920,\"caption\":\"Pendentif Orgonite rond avec Cube de M\u00e9tatron en Grenat\"},{\"@type\":\"BreadcrumbList\",\"@id\":\"https:\/\/lescreationsde.celineinmyworldmedium.com\/index.php\/produit\/pendentif-orgonite-rond-avec-cube-de-metatron-en-grenat\/#breadcrumb\",\"itemListElement\":[{\"@type\":\"ListItem\",\"position\":1,\"name\":\"Accueil\",\"item\":\"https:\/\/lescreationsde.celineinmyworldmedium.com\/\"},{\"@type\":\"ListItem\",\"position\":2,\"name\":\"Produits\",\"item\":\"https:\/\/lescreationsde.celineinmyworldmedium.com\/index.php\/boutique\/\"},{\"@type\":\"ListItem\",\"position\":3,\"name\":\"Pendentif Orgonite rond avec Cube de M\u00e9tatron en Grenat\"}]},{\"@type\":\"WebSite\",\"@id\":\"https:\/\/lescreationsde.celineinmyworldmedium.com\/#website\",\"url\":\"https:\/\/lescreationsde.celineinmyworldmedium.com\/\",\"name\":\"Les cr\u00e9ations de C\u00e9line Inmyworld\",\"description\":\"Cr\u00e9ation de bijoux personnalis\u00e9s, sur-mesure, en pierres semi-pr\u00e9cieuses de qualit\u00e9. Bracelets, boucles d&#039;oreilles, colliers, sautoirs, malas, cha\u00eenes de cheville, bagues...\u2764\",\"publisher\":{\"@id\":\"https:\/\/lescreationsde.celineinmyworldmedium.com\/#organization\"},\"potentialAction\":[{\"@type\":\"SearchAction\",\"target\":{\"@type\":\"EntryPoint\",\"urlTemplate\":\"https:\/\/lescreationsde.celineinmyworldmedium.com\/?s={search_term_string}\"},\"query-input\":{\"@type\":\"PropertyValueSpecification\",\"valueRequired\":true,\"valueName\":\"search_term_string\"}}],\"inLanguage\":\"fr-FR\"},{\"@type\":\"Organization\",\"@id\":\"https:\/\/lescreationsde.celineinmyworldmedium.com\/#organization\",\"name\":\"Les cr\u00e9ations de C\u00e9line Inmyworld\",\"url\":\"https:\/\/lescreationsde.celineinmyworldmedium.com\/\",\"logo\":{\"@type\":\"ImageObject\",\"inLanguage\":\"fr-FR\",\"@id\":\"https:\/\/lescreationsde.celineinmyworldmedium.com\/#\/schema\/logo\/image\/\",\"url\":\"https:\/\/lescreationsde.celineinmyworldmedium.com\/wp-content\/uploads\/2021\/03\/logo_creations3.png\",\"contentUrl\":\"https:\/\/lescreationsde.celineinmyworldmedium.com\/wp-content\/uploads\/2021\/03\/logo_creations3.png\",\"width\":613,\"height\":190,\"caption\":\"Les cr\u00e9ations de C\u00e9line Inmyworld\"},\"image\":{\"@id\":\"https:\/\/lescreationsde.celineinmyworldmedium.com\/#\/schema\/logo\/image\/\"}}]}<\/script>\n<!-- \/ Yoast SEO plugin. -->","yoast_head_json":{"title":"Pendentif Orgonite rond avec Cube de M\u00e9tatron en Grenat","description":"D\u00e9passement des crises, qualit\u00e9 de vie. Favorise la s\u00e9r\u00e9nit\u00e9, le courage et l\u2019endurance, r\u00e9duit les blocages, stimule la sexualit\u00e9.","robots":{"index":"index","follow":"follow","max-snippet":"max-snippet:-1","max-image-preview":"max-image-preview:large","max-video-preview":"max-video-preview:-1"},"canonical":"https:\/\/lescreationsde.celineinmyworldmedium.com\/index.php\/produit\/pendentif-orgonite-rond-avec-cube-de-metatron-en-grenat\/","og_locale":"fr_FR","og_type":"article","og_title":"Pendentif Orgonite rond avec Cube de M\u00e9tatron en Grenat","og_description":"D\u00e9passement des crises, qualit\u00e9 de vie. Favorise la s\u00e9r\u00e9nit\u00e9, le courage et l\u2019endurance, r\u00e9duit les blocages, stimule la sexualit\u00e9.","og_url":"https:\/\/lescreationsde.celineinmyworldmedium.com\/index.php\/produit\/pendentif-orgonite-rond-avec-cube-de-metatron-en-grenat\/","og_site_name":"Les cr\u00e9ations de C\u00e9line Inmyworld","article_modified_time":"2024-02-26T17:09:22+00:00","og_image":[{"width":1080,"height":1920,"url":"https:\/\/lescreationsde.celineinmyworldmedium.com\/wp-content\/uploads\/2021\/10\/Pendentif_orgonite_rond_cube_de_metatron_grenat_v.jpg","type":"image\/jpeg"}],"twitter_card":"summary_large_image","twitter_misc":{"Dur\u00e9e de lecture estim\u00e9e":"2 minutes"},"schema":{"@context":"https:\/\/schema.org","@graph":[{"@type":"WebPage","@id":"https:\/\/lescreationsde.celineinmyworldmedium.com\/index.php\/produit\/pendentif-orgonite-rond-avec-cube-de-metatron-en-grenat\/","url":"https:\/\/lescreationsde.celineinmyworldmedium.com\/index.php\/produit\/pendentif-orgonite-rond-avec-cube-de-metatron-en-grenat\/","name":"Pendentif Orgonite rond avec Cube de M\u00e9tatron en Grenat","isPartOf":{"@id":"https:\/\/lescreationsde.celineinmyworldmedium.com\/#website"},"primaryImageOfPage":{"@id":"https:\/\/lescreationsde.celineinmyworldmedium.com\/index.php\/produit\/pendentif-orgonite-rond-avec-cube-de-metatron-en-grenat\/#primaryimage"},"image":{"@id":"https:\/\/lescreationsde.celineinmyworldmedium.com\/index.php\/produit\/pendentif-orgonite-rond-avec-cube-de-metatron-en-grenat\/#primaryimage"},"thumbnailUrl":"https:\/\/lescreationsde.celineinmyworldmedium.com\/wp-content\/uploads\/2021\/10\/Pendentif_orgonite_rond_cube_de_metatron_grenat_v.jpg","datePublished":"2021-10-15T11:47:02+00:00","dateModified":"2024-02-26T17:09:22+00:00","description":"D\u00e9passement des crises, qualit\u00e9 de vie. Favorise la s\u00e9r\u00e9nit\u00e9, le courage et l\u2019endurance, r\u00e9duit les blocages, stimule la sexualit\u00e9.","breadcrumb":{"@id":"https:\/\/lescreationsde.celineinmyworldmedium.com\/index.php\/produit\/pendentif-orgonite-rond-avec-cube-de-metatron-en-grenat\/#breadcrumb"},"inLanguage":"fr-FR","potentialAction":[{"@type":"ReadAction","target":["https:\/\/lescreationsde.celineinmyworldmedium.com\/index.php\/produit\/pendentif-orgonite-rond-avec-cube-de-metatron-en-grenat\/"]}]},{"@type":"ImageObject","inLanguage":"fr-FR","@id":"https:\/\/lescreationsde.celineinmyworldmedium.com\/index.php\/produit\/pendentif-orgonite-rond-avec-cube-de-metatron-en-grenat\/#primaryimage","url":"https:\/\/lescreationsde.celineinmyworldmedium.com\/wp-content\/uploads\/2021\/10\/Pendentif_orgonite_rond_cube_de_metatron_grenat_v.jpg","contentUrl":"https:\/\/lescreationsde.celineinmyworldmedium.com\/wp-content\/uploads\/2021\/10\/Pendentif_orgonite_rond_cube_de_metatron_grenat_v.jpg","width":1080,"height":1920,"caption":"Pendentif Orgonite rond avec Cube de M\u00e9tatron en Grenat"},{"@type":"BreadcrumbList","@id":"https:\/\/lescreationsde.celineinmyworldmedium.com\/index.php\/produit\/pendentif-orgonite-rond-avec-cube-de-metatron-en-grenat\/#breadcrumb","itemListElement":[{"@type":"ListItem","position":1,"name":"Accueil","item":"https:\/\/lescreationsde.celineinmyworldmedium.com\/"},{"@type":"ListItem","position":2,"name":"Produits","item":"https:\/\/lescreationsde.celineinmyworldmedium.com\/index.php\/boutique\/"},{"@type":"ListItem","position":3,"name":"Pendentif Orgonite rond avec Cube de M\u00e9tatron en Grenat"}]},{"@type":"WebSite","@id":"https:\/\/lescreationsde.celineinmyworldmedium.com\/#website","url":"https:\/\/lescreationsde.celineinmyworldmedium.com\/","name":"Les cr\u00e9ations de C\u00e9line Inmyworld","description":"Cr\u00e9ation de bijoux personnalis\u00e9s, sur-mesure, en pierres semi-pr\u00e9cieuses de qualit\u00e9. Bracelets, boucles d&#039;oreilles, colliers, sautoirs, malas, cha\u00eenes de cheville, bagues...\u2764","publisher":{"@id":"https:\/\/lescreationsde.celineinmyworldmedium.com\/#organization"},"potentialAction":[{"@type":"SearchAction","target":{"@type":"EntryPoint","urlTemplate":"https:\/\/lescreationsde.celineinmyworldmedium.com\/?s={search_term_string}"},"query-input":{"@type":"PropertyValueSpecification","valueRequired":true,"valueName":"search_term_string"}}],"inLanguage":"fr-FR"},{"@type":"Organization","@id":"https:\/\/lescreationsde.celineinmyworldmedium.com\/#organization","name":"Les cr\u00e9ations de C\u00e9line Inmyworld","url":"https:\/\/lescreationsde.celineinmyworldmedium.com\/","logo":{"@type":"ImageObject","inLanguage":"fr-FR","@id":"https:\/\/lescreationsde.celineinmyworldmedium.com\/#\/schema\/logo\/image\/","url":"https:\/\/lescreationsde.celineinmyworldmedium.com\/wp-content\/uploads\/2021\/03\/logo_creations3.png","contentUrl":"https:\/\/lescreationsde.celineinmyworldmedium.com\/wp-content\/uploads\/2021\/03\/logo_creations3.png","width":613,"height":190,"caption":"Les cr\u00e9ations de C\u00e9line Inmyworld"},"image":{"@id":"https:\/\/lescreationsde.celineinmyworldmedium.com\/#\/schema\/logo\/image\/"}}]}},"jetpack_sharing_enabled":true,"_links":{"self":[{"href":"https:\/\/lescreationsde.celineinmyworldmedium.com\/index.php\/wp-json\/wp\/v2\/product\/2980","targetHints":{"allow":["GET"]}}],"collection":[{"href":"https:\/\/lescreationsde.celineinmyworldmedium.com\/index.php\/wp-json\/wp\/v2\/product"}],"about":[{"href":"https:\/\/lescreationsde.celineinmyworldmedium.com\/index.php\/wp-json\/wp\/v2\/types\/product"}],"replies":[{"embeddable":true,"href":"https:\/\/lescreationsde.celineinmyworldmedium.com\/index.php\/wp-json\/wp\/v2\/comments?post=2980"}],"wp:featuredmedia":[{"embeddable":true,"href":"https:\/\/lescreationsde.celineinmyworldmedium.com\/index.php\/wp-json\/wp\/v2\/media\/7067"}],"wp:attachment":[{"href":"https:\/\/lescreationsde.celineinmyworldmedium.com\/index.php\/wp-json\/wp\/v2\/media?parent=2980"}],"wp:term":[{"taxonomy":"product_brand","embeddable":true,"href":"https:\/\/lescreationsde.celineinmyworldmedium.com\/index.php\/wp-json\/wp\/v2\/product_brand?post=2980"},{"taxonomy":"product_cat","embeddable":true,"href":"https:\/\/lescreationsde.celineinmyworldmedium.com\/index.php\/wp-json\/wp\/v2\/product_cat?post=2980"},{"taxonomy":"product_tag","embeddable":true,"href":"https:\/\/lescreationsde.celineinmyworldmedium.com\/index.php\/wp-json\/wp\/v2\/product_tag?post=2980"}],"curies":[{"name":"wp","href":"https:\/\/api.w.org\/{rel}","templated":true}]}}