{"id":2920,"date":"2024-03-13T21:15:42","date_gmt":"2024-03-13T20:15:42","guid":{"rendered":"https:\/\/lescreationsde.celineinmyworldmedium.com\/?post_type=product&#038;p=2920"},"modified":"2024-10-23T17:18:09","modified_gmt":"2024-10-23T15:18:09","slug":"bracelet-pour-retrouver-lenergie-de-vivre-sa-destinee-en-tanzanite-bronzite-amazonite-et-charoite","status":"publish","type":"product","link":"https:\/\/lescreationsde.celineinmyworldmedium.com\/index.php\/produit\/bracelet-pour-retrouver-lenergie-de-vivre-sa-destinee-en-tanzanite-bronzite-amazonite-et-charoite\/","title":{"rendered":"Bracelet pour retrouver l&rsquo;\u00e9nergie de vivre sa destin\u00e9e, en Tanzanite, Bronzite, Amazonite et Charo\u00efte"},"content":{"rendered":"<h4>1 &#8211; Les vertus de l\u2019amazonite :<\/h4>\n<p><strong>Sur le domaine spirituel<\/strong>, celui de l\u2019\u00eatre humain avec ses intentions, ses buts ou ses pr\u00e9occupations existentielles :<br \/>\n<strong>D\u00e9termination de son propre destin.<\/strong><\/p>\n<p><strong>Sur le domaine de l\u2019\u00e2me<\/strong> ou du subconscient, ainsi que les notions de temp\u00e9rament, de sentiments, de sensations, de r\u00eaves, de v\u00e9cu sur le plan animique, d\u2019habitudes et de r\u00e9actions inconscientes :<br \/>\n<strong>\u00c9quilibre l\u2019humeur.<\/strong><\/p>\n<p><strong>Sur le domaine mental<\/strong> avec les id\u00e9es, la raison, les convictions, les consid\u00e9rations, ainsi que le mode de pens\u00e9e et d\u2019action consciente :<br \/>\n<strong>Collaboration harmonieuse entre la raison et l\u2019intuition.<\/strong><\/p>\n<p><strong>Sur le domaine physique<\/strong> ou corporel, l\u2019ensemble de l\u2019organisme avec les sens, les organes et les fonctions :<br \/>\n<strong>R\u00e9gule les troubles du m\u00e9tabolisme (foie), harmonise le cerveau, le syst\u00e8me nerveux v\u00e9g\u00e9tatif, les organes internes ; aide \u00e0 l\u2019accouchement.<\/strong><\/p>\n<p>&nbsp;<\/p>\n<h4><strong>2 &#8211; Les vertus de la tanzanite :<\/strong><\/h4>\n<p><strong>Sur le domaine spirituel<\/strong>, celui de l\u2019\u00eatre humain avec ses intentions, ses buts ou ses pr\u00e9occupations existentielles :<br \/>\n<strong>Vocation, orientation.<\/strong><\/p>\n<p><strong>Sur le domaine de l\u2019\u00e2me<\/strong> ou du subconscient, ainsi que les notions de temp\u00e9rament, de sentiments, de sensations, de r\u00eaves, de v\u00e9cu sur le plan animique, d\u2019habitudes et de r\u00e9actions inconscientes :<br \/>\n<strong>Aide \u00e0 d\u00e9passer les peurs et les crises et \u00e0 d\u00e9velopper la confiance.<\/strong><\/p>\n<p><strong>Sur le domaine mental<\/strong> avec les id\u00e9es, la raison, les convictions, les consid\u00e9rations, ainsi que le mode de pens\u00e9e et d\u2019action consciente :<br \/>\n<strong>Permet de clarifier le sens des choses et d\u2019\u00eatre clair avec soi-m\u00eame.<\/strong><\/p>\n<p><strong>Sur le domaine physique<\/strong> ou corporel, l\u2019ensemble de l\u2019organisme avec les sens, les organes et les fonctions :<br \/>\n<strong>Stimule les reins, fortifie les nerfs et agit comme fortifiant et reconstituant.<\/strong><\/p>\n<p>&nbsp;<\/p>\n<h4><strong>3 &#8211; Les vertus de la charo\u00efte :<\/strong><\/h4>\n<p><strong>Sur le domaine spirituel<\/strong>, celui de l\u2019\u00eatre humain avec ses intentions, ses buts ou ses pr\u00e9occupations existentielles :<br \/>\n<strong>R\u00e9solution, \u00e9nergie.<\/strong><\/p>\n<p><strong>Sur le domaine de l\u2019\u00e2me<\/strong> ou du subconscient, ainsi que les notions de temp\u00e9rament, de sentiments, de sensations, de r\u00eaves, de v\u00e9cu sur le plan animique, d\u2019habitudes et de r\u00e9actions inconscientes :<br \/>\n<strong>Rend serein, aide \u00e0 d\u00e9passer les contraintes et les r\u00e9sistances.<\/strong><\/p>\n<p><strong>Sur le domaine mental<\/strong> avec les id\u00e9es, la raison, les convictions, les consid\u00e9rations, ainsi que le mode de pens\u00e9e et d\u2019action consciente :<br \/>\n<strong>Aide \u00e0 prendre des d\u00e9cisions importantes et \u00e0 faire face \u00e0 une montagne de travail.<\/strong><\/p>\n<p><strong>Sur le domaine physique<\/strong> ou corporel, l\u2019ensemble de l\u2019organisme avec les sens, les organes et les fonctions :<br \/>\n<strong>Calme les nerfs, att\u00e9nue les douleurs et \u00e9limine les crampes.<\/strong><\/p>\n<p>&nbsp;<\/p>\n<h4>4 &#8211; Les vertus de la bronzite :<\/h4>\n<p><strong>Sur le domaine spirituel<\/strong>, celui de l\u2019\u00eatre humain avec ses intentions, ses buts ou ses pr\u00e9occupations existentielles :<br \/>\n<strong>S\u00e9r\u00e9nit\u00e9 int\u00e9rieure.<\/strong><\/p>\n<p><strong>Sur le domaine de l\u2019\u00e2me<\/strong> ou du subconscient, ainsi que les notions de temp\u00e9rament, de sentiments, de sensations, de r\u00eaves, de v\u00e9cu sur le plan animique, d\u2019habitudes et de r\u00e9actions inconscientes :<br \/>\n<strong>Procure \u00e9lan et en m\u00eame temps du calme int\u00e9rieur ainsi qu\u2019une sensation de r\u00e9cup\u00e9ration en cas de grande fatigue.<\/strong><\/p>\n<p><strong>Sur le domaine mental<\/strong> avec les id\u00e9es, la raison, les convictions, les consid\u00e9rations, ainsi que le mode de pens\u00e9e et d\u2019action consciente :<br \/>\n<strong>Aide \u00e0 garder l\u2019esprit clair et la ma\u00eetrise de soi-m\u00eame en situation de stress permanent.<\/strong><\/p>\n<p><strong>Sur le domaine physique<\/strong> ou corporel, l\u2019ensemble de l\u2019organisme avec les sens, les organes et les fonctions :<br \/>\n<strong>Fortifie les nerfs, a un effet antispasmodique et analg\u00e9sique.<\/strong><\/p>\n","protected":false},"excerpt":{"rendered":"<table>\n<tbody>\n<tr>\n<td style=\"texte-align: left; color: gray; border: none;\"><strong>Hors frais d&rsquo;exp\u00e9dition<\/strong><\/td>\n<\/tr>\n<tr>\n<td style=\"texte-align: left; color: gray; border: none;\"><strong>Bijoux confectionn\u00e9s sur-mesure, sur commande<br \/>\nLes couleurs et motifs des pierres varient d&rsquo;un bijou \u00e0 un autre<br \/>\nD\u00e9lai de confection environ 30 jours<\/strong><\/td>\n<\/tr>\n<tr>\n<td style=\"texte-align: left; color: blue; border: none;\"><a style=\"color: #a15fe2;\" href=\"https:\/\/lescreationsde.celineinmyworldmedium.com\/index.php\/mesurer-son-tour-de-poignet-pour-bracelets\/\" target=\"_blank\" rel=\"noopener\"><strong>Comment mesurer son tour de poignet<\/strong><\/a><\/td>\n<\/tr>\n<\/tbody>\n<\/table>\n","protected":false},"featured_media":5793,"comment_status":"open","ping_status":"closed","template":"","meta":[],"product_brand":[],"product_cat":[31,562,601,49,800],"product_tag":[121,152,106,42,44,38,47,43,41,40,39,23,25,36,34,1567,26,37,35,46,250,16,24,45,17,33,32,27,89,22,28,435],"class_list":{"0":"post-2920","1":"product","2":"type-product","3":"status-publish","4":"has-post-thumbnail","6":"product_cat-bracelets","7":"product_cat-amazonite-pierres","8":"product_cat-bronzite-pierres","9":"product_cat-charoite","10":"product_cat-tanzanite-pierres","11":"product_tag-amazonite","12":"product_tag-amour","13":"product_tag-argent","14":"product_tag-bijou","15":"product_tag-bijou-energetique","16":"product_tag-bijoux","17":"product_tag-bijoux-anti-allergies","18":"product_tag-bijoux-energetiques","19":"product_tag-bijoux-fait-main","20":"product_tag-bijoux-personnalises","21":"product_tag-bijoux-sur-mesure","22":"product_tag-boucles-doreilles","23":"product_tag-bracelet","24":"product_tag-bracelet-femme","25":"product_tag-bracelet-homme","26":"product_tag-bracelet-pour-retrouver-lenergie-de-vivre-sa-destinee","27":"product_tag-bracelets","28":"product_tag-bracelets-femme","29":"product_tag-bracelets-homme","30":"product_tag-bronzite","31":"product_tag-charoite","32":"product_tag-collier","33":"product_tag-collier-femme","34":"product_tag-collier-personnalise","35":"product_tag-colliers","36":"product_tag-energetique","37":"product_tag-lithotherapie","38":"product_tag-pierre","39":"product_tag-pierre-naturelle","40":"product_tag-pierre-semi-precieuse","41":"product_tag-pierres-naturelles","42":"product_tag-tanzanite","44":"first","45":"instock","46":"shipping-taxable","47":"purchasable","48":"product-type-variable"},"yoast_head":"<!-- This site is optimized with the Yoast SEO plugin v27.2 - https:\/\/yoast.com\/product\/yoast-seo-wordpress\/ -->\n<title>Bracelet pour retrouver l&#039;\u00e9nergie de vivre sa destin\u00e9e, en Tanzanite<\/title>\n<meta name=\"description\" content=\"R\u00e9gule les troubles du m\u00e9tabolisme (foie), harmonise le cerveau, le syst\u00e8me nerveux v\u00e9g\u00e9tatif, les organes internes ; aide \u00e0 l\u2019accouchement.\" \/>\n<meta name=\"robots\" content=\"index, follow, max-snippet:-1, max-image-preview:large, max-video-preview:-1\" \/>\n<link rel=\"canonical\" href=\"https:\/\/lescreationsde.celineinmyworldmedium.com\/index.php\/produit\/bracelet-pour-retrouver-lenergie-de-vivre-sa-destinee-en-tanzanite-bronzite-amazonite-et-charoite\/\" \/>\n<meta property=\"og:locale\" content=\"fr_FR\" \/>\n<meta property=\"og:type\" content=\"article\" \/>\n<meta property=\"og:title\" content=\"Bracelet pour retrouver l&#039;\u00e9nergie de vivre sa destin\u00e9e, en Tanzanite\" \/>\n<meta property=\"og:description\" content=\"R\u00e9gule les troubles du m\u00e9tabolisme (foie), harmonise le cerveau, le syst\u00e8me nerveux v\u00e9g\u00e9tatif, les organes internes ; aide \u00e0 l\u2019accouchement.\" \/>\n<meta property=\"og:url\" content=\"https:\/\/lescreationsde.celineinmyworldmedium.com\/index.php\/produit\/bracelet-pour-retrouver-lenergie-de-vivre-sa-destinee-en-tanzanite-bronzite-amazonite-et-charoite\/\" \/>\n<meta property=\"og:site_name\" content=\"Les cr\u00e9ations de C\u00e9line Inmyworld\" \/>\n<meta property=\"article:modified_time\" content=\"2024-10-23T15:18:09+00:00\" \/>\n<meta property=\"og:image\" content=\"https:\/\/lescreationsde.celineinmyworldmedium.com\/wp-content\/uploads\/2021\/10\/Bracelet_pour_retrouver_l-energie_de_vivre_sa_destinee_en_Tanzanite_Bronzite_Amazonite_et_Charoite.jpg\" \/>\n\t<meta property=\"og:image:width\" content=\"960\" \/>\n\t<meta property=\"og:image:height\" content=\"960\" \/>\n\t<meta property=\"og:image:type\" content=\"image\/jpeg\" \/>\n<meta name=\"twitter:card\" content=\"summary_large_image\" \/>\n<meta name=\"twitter:label1\" content=\"Dur\u00e9e de lecture estim\u00e9e\" \/>\n\t<meta name=\"twitter:data1\" content=\"3 minutes\" \/>\n<script type=\"application\/ld+json\" class=\"yoast-schema-graph\">{\"@context\":\"https:\/\/schema.org\",\"@graph\":[{\"@type\":\"WebPage\",\"@id\":\"https:\/\/lescreationsde.celineinmyworldmedium.com\/index.php\/produit\/bracelet-pour-retrouver-lenergie-de-vivre-sa-destinee-en-tanzanite-bronzite-amazonite-et-charoite\/\",\"url\":\"https:\/\/lescreationsde.celineinmyworldmedium.com\/index.php\/produit\/bracelet-pour-retrouver-lenergie-de-vivre-sa-destinee-en-tanzanite-bronzite-amazonite-et-charoite\/\",\"name\":\"Bracelet pour retrouver l'\u00e9nergie de vivre sa destin\u00e9e, en Tanzanite\",\"isPartOf\":{\"@id\":\"https:\/\/lescreationsde.celineinmyworldmedium.com\/#website\"},\"primaryImageOfPage\":{\"@id\":\"https:\/\/lescreationsde.celineinmyworldmedium.com\/index.php\/produit\/bracelet-pour-retrouver-lenergie-de-vivre-sa-destinee-en-tanzanite-bronzite-amazonite-et-charoite\/#primaryimage\"},\"image\":{\"@id\":\"https:\/\/lescreationsde.celineinmyworldmedium.com\/index.php\/produit\/bracelet-pour-retrouver-lenergie-de-vivre-sa-destinee-en-tanzanite-bronzite-amazonite-et-charoite\/#primaryimage\"},\"thumbnailUrl\":\"https:\/\/lescreationsde.celineinmyworldmedium.com\/wp-content\/uploads\/2021\/10\/Bracelet_pour_retrouver_l-energie_de_vivre_sa_destinee_en_Tanzanite_Bronzite_Amazonite_et_Charoite.jpg\",\"datePublished\":\"2024-03-13T20:15:42+00:00\",\"dateModified\":\"2024-10-23T15:18:09+00:00\",\"description\":\"R\u00e9gule les troubles du m\u00e9tabolisme (foie), harmonise le cerveau, le syst\u00e8me nerveux v\u00e9g\u00e9tatif, les organes internes ; aide \u00e0 l\u2019accouchement.\",\"breadcrumb\":{\"@id\":\"https:\/\/lescreationsde.celineinmyworldmedium.com\/index.php\/produit\/bracelet-pour-retrouver-lenergie-de-vivre-sa-destinee-en-tanzanite-bronzite-amazonite-et-charoite\/#breadcrumb\"},\"inLanguage\":\"fr-FR\",\"potentialAction\":[{\"@type\":\"ReadAction\",\"target\":[\"https:\/\/lescreationsde.celineinmyworldmedium.com\/index.php\/produit\/bracelet-pour-retrouver-lenergie-de-vivre-sa-destinee-en-tanzanite-bronzite-amazonite-et-charoite\/\"]}]},{\"@type\":\"ImageObject\",\"inLanguage\":\"fr-FR\",\"@id\":\"https:\/\/lescreationsde.celineinmyworldmedium.com\/index.php\/produit\/bracelet-pour-retrouver-lenergie-de-vivre-sa-destinee-en-tanzanite-bronzite-amazonite-et-charoite\/#primaryimage\",\"url\":\"https:\/\/lescreationsde.celineinmyworldmedium.com\/wp-content\/uploads\/2021\/10\/Bracelet_pour_retrouver_l-energie_de_vivre_sa_destinee_en_Tanzanite_Bronzite_Amazonite_et_Charoite.jpg\",\"contentUrl\":\"https:\/\/lescreationsde.celineinmyworldmedium.com\/wp-content\/uploads\/2021\/10\/Bracelet_pour_retrouver_l-energie_de_vivre_sa_destinee_en_Tanzanite_Bronzite_Amazonite_et_Charoite.jpg\",\"width\":960,\"height\":960,\"caption\":\"Bracelet pour retrouver l'\u00e9nergie de vivre sa destin\u00e9e, en Tanzanite, Bronzite, Amazonite et Charo\u00efte\"},{\"@type\":\"BreadcrumbList\",\"@id\":\"https:\/\/lescreationsde.celineinmyworldmedium.com\/index.php\/produit\/bracelet-pour-retrouver-lenergie-de-vivre-sa-destinee-en-tanzanite-bronzite-amazonite-et-charoite\/#breadcrumb\",\"itemListElement\":[{\"@type\":\"ListItem\",\"position\":1,\"name\":\"Accueil\",\"item\":\"https:\/\/lescreationsde.celineinmyworldmedium.com\/\"},{\"@type\":\"ListItem\",\"position\":2,\"name\":\"Produits\",\"item\":\"https:\/\/lescreationsde.celineinmyworldmedium.com\/index.php\/boutique\/\"},{\"@type\":\"ListItem\",\"position\":3,\"name\":\"Bracelet pour retrouver l&#8217;\u00e9nergie de vivre sa destin\u00e9e, en Tanzanite, Bronzite, Amazonite et Charo\u00efte\"}]},{\"@type\":\"WebSite\",\"@id\":\"https:\/\/lescreationsde.celineinmyworldmedium.com\/#website\",\"url\":\"https:\/\/lescreationsde.celineinmyworldmedium.com\/\",\"name\":\"Les cr\u00e9ations de C\u00e9line Inmyworld\",\"description\":\"Cr\u00e9ation de bijoux personnalis\u00e9s, sur-mesure, en pierres semi-pr\u00e9cieuses de qualit\u00e9. Bracelets, boucles d&#039;oreilles, colliers, sautoirs, malas, cha\u00eenes de cheville, bagues...\u2764\",\"publisher\":{\"@id\":\"https:\/\/lescreationsde.celineinmyworldmedium.com\/#organization\"},\"potentialAction\":[{\"@type\":\"SearchAction\",\"target\":{\"@type\":\"EntryPoint\",\"urlTemplate\":\"https:\/\/lescreationsde.celineinmyworldmedium.com\/?s={search_term_string}\"},\"query-input\":{\"@type\":\"PropertyValueSpecification\",\"valueRequired\":true,\"valueName\":\"search_term_string\"}}],\"inLanguage\":\"fr-FR\"},{\"@type\":\"Organization\",\"@id\":\"https:\/\/lescreationsde.celineinmyworldmedium.com\/#organization\",\"name\":\"Les cr\u00e9ations de C\u00e9line Inmyworld\",\"url\":\"https:\/\/lescreationsde.celineinmyworldmedium.com\/\",\"logo\":{\"@type\":\"ImageObject\",\"inLanguage\":\"fr-FR\",\"@id\":\"https:\/\/lescreationsde.celineinmyworldmedium.com\/#\/schema\/logo\/image\/\",\"url\":\"https:\/\/lescreationsde.celineinmyworldmedium.com\/wp-content\/uploads\/2021\/03\/logo_creations3.png\",\"contentUrl\":\"https:\/\/lescreationsde.celineinmyworldmedium.com\/wp-content\/uploads\/2021\/03\/logo_creations3.png\",\"width\":613,\"height\":190,\"caption\":\"Les cr\u00e9ations de C\u00e9line Inmyworld\"},\"image\":{\"@id\":\"https:\/\/lescreationsde.celineinmyworldmedium.com\/#\/schema\/logo\/image\/\"}}]}<\/script>\n<!-- \/ Yoast SEO plugin. -->","yoast_head_json":{"title":"Bracelet pour retrouver l'\u00e9nergie de vivre sa destin\u00e9e, en Tanzanite","description":"R\u00e9gule les troubles du m\u00e9tabolisme (foie), harmonise le cerveau, le syst\u00e8me nerveux v\u00e9g\u00e9tatif, les organes internes ; aide \u00e0 l\u2019accouchement.","robots":{"index":"index","follow":"follow","max-snippet":"max-snippet:-1","max-image-preview":"max-image-preview:large","max-video-preview":"max-video-preview:-1"},"canonical":"https:\/\/lescreationsde.celineinmyworldmedium.com\/index.php\/produit\/bracelet-pour-retrouver-lenergie-de-vivre-sa-destinee-en-tanzanite-bronzite-amazonite-et-charoite\/","og_locale":"fr_FR","og_type":"article","og_title":"Bracelet pour retrouver l'\u00e9nergie de vivre sa destin\u00e9e, en Tanzanite","og_description":"R\u00e9gule les troubles du m\u00e9tabolisme (foie), harmonise le cerveau, le syst\u00e8me nerveux v\u00e9g\u00e9tatif, les organes internes ; aide \u00e0 l\u2019accouchement.","og_url":"https:\/\/lescreationsde.celineinmyworldmedium.com\/index.php\/produit\/bracelet-pour-retrouver-lenergie-de-vivre-sa-destinee-en-tanzanite-bronzite-amazonite-et-charoite\/","og_site_name":"Les cr\u00e9ations de C\u00e9line Inmyworld","article_modified_time":"2024-10-23T15:18:09+00:00","og_image":[{"width":960,"height":960,"url":"https:\/\/lescreationsde.celineinmyworldmedium.com\/wp-content\/uploads\/2021\/10\/Bracelet_pour_retrouver_l-energie_de_vivre_sa_destinee_en_Tanzanite_Bronzite_Amazonite_et_Charoite.jpg","type":"image\/jpeg"}],"twitter_card":"summary_large_image","twitter_misc":{"Dur\u00e9e de lecture estim\u00e9e":"3 minutes"},"schema":{"@context":"https:\/\/schema.org","@graph":[{"@type":"WebPage","@id":"https:\/\/lescreationsde.celineinmyworldmedium.com\/index.php\/produit\/bracelet-pour-retrouver-lenergie-de-vivre-sa-destinee-en-tanzanite-bronzite-amazonite-et-charoite\/","url":"https:\/\/lescreationsde.celineinmyworldmedium.com\/index.php\/produit\/bracelet-pour-retrouver-lenergie-de-vivre-sa-destinee-en-tanzanite-bronzite-amazonite-et-charoite\/","name":"Bracelet pour retrouver l'\u00e9nergie de vivre sa destin\u00e9e, en Tanzanite","isPartOf":{"@id":"https:\/\/lescreationsde.celineinmyworldmedium.com\/#website"},"primaryImageOfPage":{"@id":"https:\/\/lescreationsde.celineinmyworldmedium.com\/index.php\/produit\/bracelet-pour-retrouver-lenergie-de-vivre-sa-destinee-en-tanzanite-bronzite-amazonite-et-charoite\/#primaryimage"},"image":{"@id":"https:\/\/lescreationsde.celineinmyworldmedium.com\/index.php\/produit\/bracelet-pour-retrouver-lenergie-de-vivre-sa-destinee-en-tanzanite-bronzite-amazonite-et-charoite\/#primaryimage"},"thumbnailUrl":"https:\/\/lescreationsde.celineinmyworldmedium.com\/wp-content\/uploads\/2021\/10\/Bracelet_pour_retrouver_l-energie_de_vivre_sa_destinee_en_Tanzanite_Bronzite_Amazonite_et_Charoite.jpg","datePublished":"2024-03-13T20:15:42+00:00","dateModified":"2024-10-23T15:18:09+00:00","description":"R\u00e9gule les troubles du m\u00e9tabolisme (foie), harmonise le cerveau, le syst\u00e8me nerveux v\u00e9g\u00e9tatif, les organes internes ; aide \u00e0 l\u2019accouchement.","breadcrumb":{"@id":"https:\/\/lescreationsde.celineinmyworldmedium.com\/index.php\/produit\/bracelet-pour-retrouver-lenergie-de-vivre-sa-destinee-en-tanzanite-bronzite-amazonite-et-charoite\/#breadcrumb"},"inLanguage":"fr-FR","potentialAction":[{"@type":"ReadAction","target":["https:\/\/lescreationsde.celineinmyworldmedium.com\/index.php\/produit\/bracelet-pour-retrouver-lenergie-de-vivre-sa-destinee-en-tanzanite-bronzite-amazonite-et-charoite\/"]}]},{"@type":"ImageObject","inLanguage":"fr-FR","@id":"https:\/\/lescreationsde.celineinmyworldmedium.com\/index.php\/produit\/bracelet-pour-retrouver-lenergie-de-vivre-sa-destinee-en-tanzanite-bronzite-amazonite-et-charoite\/#primaryimage","url":"https:\/\/lescreationsde.celineinmyworldmedium.com\/wp-content\/uploads\/2021\/10\/Bracelet_pour_retrouver_l-energie_de_vivre_sa_destinee_en_Tanzanite_Bronzite_Amazonite_et_Charoite.jpg","contentUrl":"https:\/\/lescreationsde.celineinmyworldmedium.com\/wp-content\/uploads\/2021\/10\/Bracelet_pour_retrouver_l-energie_de_vivre_sa_destinee_en_Tanzanite_Bronzite_Amazonite_et_Charoite.jpg","width":960,"height":960,"caption":"Bracelet pour retrouver l'\u00e9nergie de vivre sa destin\u00e9e, en Tanzanite, Bronzite, Amazonite et Charo\u00efte"},{"@type":"BreadcrumbList","@id":"https:\/\/lescreationsde.celineinmyworldmedium.com\/index.php\/produit\/bracelet-pour-retrouver-lenergie-de-vivre-sa-destinee-en-tanzanite-bronzite-amazonite-et-charoite\/#breadcrumb","itemListElement":[{"@type":"ListItem","position":1,"name":"Accueil","item":"https:\/\/lescreationsde.celineinmyworldmedium.com\/"},{"@type":"ListItem","position":2,"name":"Produits","item":"https:\/\/lescreationsde.celineinmyworldmedium.com\/index.php\/boutique\/"},{"@type":"ListItem","position":3,"name":"Bracelet pour retrouver l&#8217;\u00e9nergie de vivre sa destin\u00e9e, en Tanzanite, Bronzite, Amazonite et Charo\u00efte"}]},{"@type":"WebSite","@id":"https:\/\/lescreationsde.celineinmyworldmedium.com\/#website","url":"https:\/\/lescreationsde.celineinmyworldmedium.com\/","name":"Les cr\u00e9ations de C\u00e9line Inmyworld","description":"Cr\u00e9ation de bijoux personnalis\u00e9s, sur-mesure, en pierres semi-pr\u00e9cieuses de qualit\u00e9. Bracelets, boucles d&#039;oreilles, colliers, sautoirs, malas, cha\u00eenes de cheville, bagues...\u2764","publisher":{"@id":"https:\/\/lescreationsde.celineinmyworldmedium.com\/#organization"},"potentialAction":[{"@type":"SearchAction","target":{"@type":"EntryPoint","urlTemplate":"https:\/\/lescreationsde.celineinmyworldmedium.com\/?s={search_term_string}"},"query-input":{"@type":"PropertyValueSpecification","valueRequired":true,"valueName":"search_term_string"}}],"inLanguage":"fr-FR"},{"@type":"Organization","@id":"https:\/\/lescreationsde.celineinmyworldmedium.com\/#organization","name":"Les cr\u00e9ations de C\u00e9line Inmyworld","url":"https:\/\/lescreationsde.celineinmyworldmedium.com\/","logo":{"@type":"ImageObject","inLanguage":"fr-FR","@id":"https:\/\/lescreationsde.celineinmyworldmedium.com\/#\/schema\/logo\/image\/","url":"https:\/\/lescreationsde.celineinmyworldmedium.com\/wp-content\/uploads\/2021\/03\/logo_creations3.png","contentUrl":"https:\/\/lescreationsde.celineinmyworldmedium.com\/wp-content\/uploads\/2021\/03\/logo_creations3.png","width":613,"height":190,"caption":"Les cr\u00e9ations de C\u00e9line Inmyworld"},"image":{"@id":"https:\/\/lescreationsde.celineinmyworldmedium.com\/#\/schema\/logo\/image\/"}}]}},"jetpack_sharing_enabled":true,"_links":{"self":[{"href":"https:\/\/lescreationsde.celineinmyworldmedium.com\/index.php\/wp-json\/wp\/v2\/product\/2920","targetHints":{"allow":["GET"]}}],"collection":[{"href":"https:\/\/lescreationsde.celineinmyworldmedium.com\/index.php\/wp-json\/wp\/v2\/product"}],"about":[{"href":"https:\/\/lescreationsde.celineinmyworldmedium.com\/index.php\/wp-json\/wp\/v2\/types\/product"}],"replies":[{"embeddable":true,"href":"https:\/\/lescreationsde.celineinmyworldmedium.com\/index.php\/wp-json\/wp\/v2\/comments?post=2920"}],"wp:featuredmedia":[{"embeddable":true,"href":"https:\/\/lescreationsde.celineinmyworldmedium.com\/index.php\/wp-json\/wp\/v2\/media\/5793"}],"wp:attachment":[{"href":"https:\/\/lescreationsde.celineinmyworldmedium.com\/index.php\/wp-json\/wp\/v2\/media?parent=2920"}],"wp:term":[{"taxonomy":"product_brand","embeddable":true,"href":"https:\/\/lescreationsde.celineinmyworldmedium.com\/index.php\/wp-json\/wp\/v2\/product_brand?post=2920"},{"taxonomy":"product_cat","embeddable":true,"href":"https:\/\/lescreationsde.celineinmyworldmedium.com\/index.php\/wp-json\/wp\/v2\/product_cat?post=2920"},{"taxonomy":"product_tag","embeddable":true,"href":"https:\/\/lescreationsde.celineinmyworldmedium.com\/index.php\/wp-json\/wp\/v2\/product_tag?post=2920"}],"curies":[{"name":"wp","href":"https:\/\/api.w.org\/{rel}","templated":true}]}}