{"id":2910,"date":"2022-09-25T19:30:07","date_gmt":"2022-09-25T17:30:07","guid":{"rendered":"https:\/\/lescreationsde.celineinmyworldmedium.com\/?post_type=product&#038;p=2910"},"modified":"2024-10-23T17:17:19","modified_gmt":"2024-10-23T15:17:19","slug":"bracelet-pour-la-serenite-et-se-liberer-du-stress-en-seraphinite-bronzite-tourmaline-noire-dumortierite-et-arbre-de-vie-en-hematite","status":"publish","type":"product","link":"https:\/\/lescreationsde.celineinmyworldmedium.com\/index.php\/produit\/bracelet-pour-la-serenite-et-se-liberer-du-stress-en-seraphinite-bronzite-tourmaline-noire-dumortierite-et-arbre-de-vie-en-hematite\/","title":{"rendered":"Bracelet pour la s\u00e9r\u00e9nit\u00e9 et se lib\u00e9rer du stress, en S\u00e9raphinite, Bronzite, Tourmaline noire, Dumorti\u00e9rite et Arbre de vie en H\u00e9matite"},"content":{"rendered":"<h4>1 &#8211; Les vertus de la bronzite :<\/h4>\n<p>Domaine <strong>spirituel<\/strong>, celui de l\u2019\u00eatre humain avec ses intentions, ses buts ou ses pr\u00e9occupations existentielles :<\/p>\n<p><strong>S\u00e9r\u00e9nit\u00e9 int\u00e9rieure.<\/strong><\/p>\n<p>Domaine de <strong>l\u2019\u00e2me<\/strong> ou du subconscient, ainsi que les notions de temp\u00e9rament, de sentiments, de sensations, de r\u00eaves, de v\u00e9cu sur le plan animique, d\u2019habitudes et de r\u00e9actions inconscientes :<\/p>\n<p><strong>Procure \u00e9lan et en m\u00eame temps du calme int\u00e9rieur ainsi qu\u2019une sensation de r\u00e9cup\u00e9ration en cas de grande fatigue.<\/strong><\/p>\n<p>Domaine <strong>mental<\/strong> avec les id\u00e9es, la raison, les convictions, les consid\u00e9rations, ainsi que le mode de pens\u00e9e et d\u2019action consciente :<\/p>\n<p><strong>Aide \u00e0 garder l\u2019esprit clair et la ma\u00eetrise de soi-m\u00eame en situation de stress permanent.<\/strong><\/p>\n<p>Domaine <strong>physique<\/strong> ou corporel, l\u2019ensemble de l\u2019organisme avec les sens, les organes et les fonctions :<\/p>\n<p><strong>Fortifie les nerfs, a un effet antispasmodique et analg\u00e9sique.<\/strong><\/p>\n<h4><strong>2 \u2013 Les vertus de s\u00e9raphinite \/ clinochlore:<\/strong><\/h4>\n<p>Domaine <strong>spirituel<\/strong>, celui de l\u2019\u00eatre humain avec ses intentions, ses buts ou ses pr\u00e9occupations existentielles :<\/p>\n<p><strong>Prudence, ouverture au contact avec autrui.<\/strong><\/p>\n<p>Domaine de <strong>l\u2019\u00e2me<\/strong> ou du subconscient, ainsi que les notions de temp\u00e9rament, de sentiments, de sensations, de r\u00eaves, de v\u00e9cu sur le plan animique, d\u2019habitudes et de r\u00e9actions inconscientes :<\/p>\n<p><strong>Aide \u00e0 dissoudre les programmations de souffrance.<\/strong><\/p>\n<p>Domaine <strong>mental<\/strong> avec les id\u00e9es, la raison, les convictions, les consid\u00e9rations, ainsi que le mode de pens\u00e9e et d\u2019action consciente :<\/p>\n<p><strong>Pour la r\u00e9solution de conflits, la r\u00e9conciliation et des compromis constructifs.<\/strong><\/p>\n<p>Domaine <strong>physique<\/strong> ou corporel, l\u2019ensemble de l\u2019organisme avec les sens, les organes et les fonctions :<\/p>\n<p><strong>Fortifie le foie et les reins, d\u00e9sintoxique, stimule le m\u00e9tabolisme, permet de maigrir, de se sentir bien dans son corps.<\/strong><\/p>\n<h4>3 &#8211; Les vertus de la dumorti\u00e9rite :<\/h4>\n<p>Domaine <strong>spirituel<\/strong>, celui de l\u2019\u00eatre humain avec ses intentions, ses buts ou ses pr\u00e9occupations existentielles :<\/p>\n<p><strong>D\u00e9tachement.<\/strong><\/p>\n<p>Domaine de <strong>l\u2019\u00e2me<\/strong> ou du subconscient, ainsi que les notions de temp\u00e9rament, de sentiments, de sensations, de r\u00eaves, de v\u00e9cu sur le plan animique, d\u2019habitudes et de r\u00e9actions inconscientes :<\/p>\n<p><strong>Aide \u00e0 prendre la vie de mani\u00e8re plus l\u00e9g\u00e8re et att\u00e9nue les angoisses, la d\u00e9pression, la nervosit\u00e9 et le stress.<\/strong><\/p>\n<p>Domaine <strong>mental<\/strong> avec les id\u00e9es, la raison, les convictions, les consid\u00e9rations, ainsi que le mode de pens\u00e9e et d\u2019action consciente :<\/p>\n<p><strong>Contribue \u00e0 se d\u00e9faire des comportements de d\u00e9pendance.<\/strong><\/p>\n<p>Domaine <strong>physique<\/strong> ou corporel, l\u2019ensemble de l\u2019organisme avec les sens, les organes et les fonctions :<\/p>\n<p><strong>Soulage les maux de t\u00eate, les crampes, les diarrh\u00e9es, les naus\u00e9es et les vomissements.<\/strong><\/p>\n<h4>4 &#8211; Les vertus de la tourmaline noire :<\/h4>\n<p>Domaine <strong>spirituel<\/strong>, celui de l\u2019\u00eatre humain avec ses intentions, ses buts ou ses pr\u00e9occupations existentielles :<\/p>\n<p><strong>Neutralit\u00e9.<\/strong><\/p>\n<p>Domaine de <strong>l\u2019\u00e2me<\/strong> ou du subconscient, ainsi que les notions de temp\u00e9rament, de sentiments, de sensations, de r\u00eaves, de v\u00e9cu sur le plan animique, d\u2019habitudes et de r\u00e9actions inconscientes :<\/p>\n<p><strong>Favorise la s\u00e9r\u00e9nit\u00e9, att\u00e9nue le stress, prot\u00e8ge des influences ext\u00e9rieures, am\u00e9liore le sommeil.<\/strong><\/p>\n<p>Domaine <strong>mental<\/strong> avec les id\u00e9es, la raison, les convictions, les consid\u00e9rations, ainsi que le mode de pens\u00e9e et d\u2019action consciente :<\/p>\n<p><strong>Rend sobre, clair, logique et rationnel.<\/strong><\/p>\n<p>Domaine <strong>physique<\/strong> ou corporel, l\u2019ensemble de l\u2019organisme avec les sens, les organes et les fonctions :<\/p>\n<p><strong>Aide en cas d\u2019exposition aux rayonnements, de douleurs, de tensions et de sensations d\u2019engourdissement, \u00e9limine les blocages \u00e9nerg\u00e9tiques dus aux cicatrices.<\/strong><\/p>\n<h4>5 &#8211; Les vertus de l\u2019h\u00e9matite :<\/h4>\n<p>Domaine <strong>spirituel<\/strong>, celui de l\u2019\u00eatre humain avec ses intentions, ses buts ou ses pr\u00e9occupations existentielles :<\/p>\n<p><strong>Am\u00e9lioration.<\/strong><\/p>\n<p>Domaine de <strong>l\u2019\u00e2me<\/strong> ou du subconscient, ainsi que les notions de temp\u00e9rament, de sentiments, de sensations, de r\u00eaves, de v\u00e9cu sur le plan animique, d\u2019habitudes et de r\u00e9actions inconscientes :<\/p>\n<p><strong>Renforce la volont\u00e9 et met en lumi\u00e8re les d\u00e9sirs inassouvis.<\/strong><\/p>\n<p>Domaine <strong>mental<\/strong> avec les id\u00e9es, la raison, les convictions, les consid\u00e9rations, ainsi que le mode de pens\u00e9e et d\u2019action consciente :<\/p>\n<p><strong>Attire l\u2019attention sur les besoins \u00e9l\u00e9mentaires et le bien-\u00eatre du corps.<\/strong><\/p>\n<p>Domaine <strong>physique<\/strong> ou corporel, l\u2019ensemble de l\u2019organisme avec les sens, les organes et les fonctions :<\/p>\n<p><strong>Favorise l\u2019assimilation du fer et l\u2019h\u00e9matopo\u00ef\u00e8se, fortifie l\u2019intestin gr\u00eale, le gros intestin et les reins.<\/strong><\/p>\n<p><em><strong>L\u2019arbre de vie :<\/strong><br \/>\nSymbole d\u2019amour et de protection.<br \/>\nPr\u00e9sent dans les traditions religieuses, il incarne une plante d\u2019immortalit\u00e9 plac\u00e9e au milieu du Paradis : l\u2019arbre perd son feuillage l\u2019hiver et le retrouve au printemps. L\u2019arbre de vie est donc le symbole du cycle mort-r\u00e9surrection o\u00f9 la vie et l\u2019immortalit\u00e9 l\u2019emportent toujours sur la mort.<br \/>\nAvec ses racines fermement plant\u00e9es sous terre et ses branches dirig\u00e9es vers le ciel, il symbolise le lien entre le monde terrestre et l\u2019au del\u00e0. Faisant r\u00e9f\u00e9rence \u00e0 un sentiment d\u2019ancrage, il \u00e9voque la force de la vie et ses origines.<\/em><\/p>\n","protected":false},"excerpt":{"rendered":"<table>\n<tbody>\n<tr>\n<td style=\"texte-align: left; color: gray; border: none;\"><strong>Hors frais d&rsquo;exp\u00e9dition<\/strong><\/td>\n<\/tr>\n<tr>\n<td style=\"texte-align: left; color: gray; border: none;\"><strong>Bijoux confectionn\u00e9s sur-mesure, sur commande<br \/>Les couleurs et motifs des pierres varient d&rsquo;un bijou \u00e0 un autre<br \/>D\u00e9lai de confection environ 30 jours<\/strong><\/td>\n<\/tr>\n<tr>\n<td style=\"texte-align: left; color: blue; border: none;\"><a style=\"color: #a15fe2;\" href=\"https:\/\/lescreationsde.celineinmyworldmedium.com\/index.php\/mesurer-son-tour-de-poignet-pour-bracelets\/\" target=\"_blank\" rel=\"noopener\"><strong>Comment mesurer son tour de poignet<\/strong><\/a><\/td>\n<\/tr>\n<\/tbody>\n<\/table>\n","protected":false},"featured_media":5826,"comment_status":"open","ping_status":"closed","template":"","meta":[],"product_brand":[],"product_cat":[31,601,985,617,69,540],"product_tag":[152,106,42,44,38,47,43,41,40,39,23,25,36,34,1576,26,37,35,46,16,24,45,17,263,33,105,32,27,89,22,28,423,439],"class_list":{"0":"post-2910","1":"product","2":"type-product","3":"status-publish","4":"has-post-thumbnail","6":"product_cat-bracelets","7":"product_cat-bronzite-pierres","8":"product_cat-dumortierite-pierres","9":"product_cat-hematite-pierres","10":"product_cat-seraphinite-pierres","11":"product_cat-tourmaline-pierres","12":"product_tag-amour","13":"product_tag-argent","14":"product_tag-bijou","15":"product_tag-bijou-energetique","16":"product_tag-bijoux","17":"product_tag-bijoux-anti-allergies","18":"product_tag-bijoux-energetiques","19":"product_tag-bijoux-fait-main","20":"product_tag-bijoux-personnalises","21":"product_tag-bijoux-sur-mesure","22":"product_tag-boucles-doreilles","23":"product_tag-bracelet","24":"product_tag-bracelet-femme","25":"product_tag-bracelet-homme","26":"product_tag-bracelet-pour-la-serenite-et-se-liberer-du-stress-avec-arbre-de-vie","27":"product_tag-bracelets","28":"product_tag-bracelets-femme","29":"product_tag-bracelets-homme","30":"product_tag-bronzite","31":"product_tag-collier","32":"product_tag-collier-femme","33":"product_tag-collier-personnalise","34":"product_tag-colliers","35":"product_tag-dumortierite","36":"product_tag-energetique","37":"product_tag-hematite","38":"product_tag-lithotherapie","39":"product_tag-pierre","40":"product_tag-pierre-naturelle","41":"product_tag-pierre-semi-precieuse","42":"product_tag-pierres-naturelles","43":"product_tag-seraphinite-clinochlore","44":"product_tag-tourmaline-noire","46":"first","47":"instock","48":"shipping-taxable","49":"purchasable","50":"product-type-variable"},"yoast_head":"<!-- This site is optimized with the Yoast SEO plugin v27.2 - https:\/\/yoast.com\/product\/yoast-seo-wordpress\/ -->\n<title>Bracelet pour la s\u00e9r\u00e9nit\u00e9 et se lib\u00e9rer du stress, en S\u00e9raphinite...<\/title>\n<meta name=\"description\" content=\"Aide \u00e0 prendre la vie de mani\u00e8re plus l\u00e9g\u00e8re et att\u00e9nue les angoisses, la d\u00e9pression, la nervosit\u00e9 et le stress. Rend sobre, clair, logique et rationnel.\" \/>\n<meta name=\"robots\" content=\"index, follow, max-snippet:-1, max-image-preview:large, max-video-preview:-1\" \/>\n<link rel=\"canonical\" href=\"https:\/\/lescreationsde.celineinmyworldmedium.com\/index.php\/produit\/bracelet-pour-la-serenite-et-se-liberer-du-stress-en-seraphinite-bronzite-tourmaline-noire-dumortierite-et-arbre-de-vie-en-hematite\/\" \/>\n<meta property=\"og:locale\" content=\"fr_FR\" \/>\n<meta property=\"og:type\" content=\"article\" \/>\n<meta property=\"og:title\" content=\"Bracelet pour la s\u00e9r\u00e9nit\u00e9 et se lib\u00e9rer du stress, en S\u00e9raphinite...\" \/>\n<meta property=\"og:description\" content=\"Aide \u00e0 prendre la vie de mani\u00e8re plus l\u00e9g\u00e8re et att\u00e9nue les angoisses, la d\u00e9pression, la nervosit\u00e9 et le stress. Rend sobre, clair, logique et rationnel.\" \/>\n<meta property=\"og:url\" content=\"https:\/\/lescreationsde.celineinmyworldmedium.com\/index.php\/produit\/bracelet-pour-la-serenite-et-se-liberer-du-stress-en-seraphinite-bronzite-tourmaline-noire-dumortierite-et-arbre-de-vie-en-hematite\/\" \/>\n<meta property=\"og:site_name\" content=\"Les cr\u00e9ations de C\u00e9line Inmyworld\" \/>\n<meta property=\"article:modified_time\" content=\"2024-10-23T15:17:19+00:00\" \/>\n<meta property=\"og:image\" content=\"https:\/\/lescreationsde.celineinmyworldmedium.com\/wp-content\/uploads\/2021\/10\/Bracelet_pour_la_serenite_et_se_liberer_du_stress_en_Seraphinite_Bronzite_Tourmaline_noire_Dumortierite_et_Arbre_de_vie_en_Hematite.jpg\" \/>\n\t<meta property=\"og:image:width\" content=\"960\" \/>\n\t<meta property=\"og:image:height\" content=\"959\" \/>\n\t<meta property=\"og:image:type\" content=\"image\/jpeg\" \/>\n<meta name=\"twitter:card\" content=\"summary_large_image\" \/>\n<meta name=\"twitter:label1\" content=\"Dur\u00e9e de lecture estim\u00e9e\" \/>\n\t<meta name=\"twitter:data1\" content=\"4 minutes\" \/>\n<script type=\"application\/ld+json\" class=\"yoast-schema-graph\">{\"@context\":\"https:\/\/schema.org\",\"@graph\":[{\"@type\":\"WebPage\",\"@id\":\"https:\/\/lescreationsde.celineinmyworldmedium.com\/index.php\/produit\/bracelet-pour-la-serenite-et-se-liberer-du-stress-en-seraphinite-bronzite-tourmaline-noire-dumortierite-et-arbre-de-vie-en-hematite\/\",\"url\":\"https:\/\/lescreationsde.celineinmyworldmedium.com\/index.php\/produit\/bracelet-pour-la-serenite-et-se-liberer-du-stress-en-seraphinite-bronzite-tourmaline-noire-dumortierite-et-arbre-de-vie-en-hematite\/\",\"name\":\"Bracelet pour la s\u00e9r\u00e9nit\u00e9 et se lib\u00e9rer du stress, en S\u00e9raphinite...\",\"isPartOf\":{\"@id\":\"https:\/\/lescreationsde.celineinmyworldmedium.com\/#website\"},\"primaryImageOfPage\":{\"@id\":\"https:\/\/lescreationsde.celineinmyworldmedium.com\/index.php\/produit\/bracelet-pour-la-serenite-et-se-liberer-du-stress-en-seraphinite-bronzite-tourmaline-noire-dumortierite-et-arbre-de-vie-en-hematite\/#primaryimage\"},\"image\":{\"@id\":\"https:\/\/lescreationsde.celineinmyworldmedium.com\/index.php\/produit\/bracelet-pour-la-serenite-et-se-liberer-du-stress-en-seraphinite-bronzite-tourmaline-noire-dumortierite-et-arbre-de-vie-en-hematite\/#primaryimage\"},\"thumbnailUrl\":\"https:\/\/lescreationsde.celineinmyworldmedium.com\/wp-content\/uploads\/2021\/10\/Bracelet_pour_la_serenite_et_se_liberer_du_stress_en_Seraphinite_Bronzite_Tourmaline_noire_Dumortierite_et_Arbre_de_vie_en_Hematite.jpg\",\"datePublished\":\"2022-09-25T17:30:07+00:00\",\"dateModified\":\"2024-10-23T15:17:19+00:00\",\"description\":\"Aide \u00e0 prendre la vie de mani\u00e8re plus l\u00e9g\u00e8re et att\u00e9nue les angoisses, la d\u00e9pression, la nervosit\u00e9 et le stress. Rend sobre, clair, logique et rationnel.\",\"breadcrumb\":{\"@id\":\"https:\/\/lescreationsde.celineinmyworldmedium.com\/index.php\/produit\/bracelet-pour-la-serenite-et-se-liberer-du-stress-en-seraphinite-bronzite-tourmaline-noire-dumortierite-et-arbre-de-vie-en-hematite\/#breadcrumb\"},\"inLanguage\":\"fr-FR\",\"potentialAction\":[{\"@type\":\"ReadAction\",\"target\":[\"https:\/\/lescreationsde.celineinmyworldmedium.com\/index.php\/produit\/bracelet-pour-la-serenite-et-se-liberer-du-stress-en-seraphinite-bronzite-tourmaline-noire-dumortierite-et-arbre-de-vie-en-hematite\/\"]}]},{\"@type\":\"ImageObject\",\"inLanguage\":\"fr-FR\",\"@id\":\"https:\/\/lescreationsde.celineinmyworldmedium.com\/index.php\/produit\/bracelet-pour-la-serenite-et-se-liberer-du-stress-en-seraphinite-bronzite-tourmaline-noire-dumortierite-et-arbre-de-vie-en-hematite\/#primaryimage\",\"url\":\"https:\/\/lescreationsde.celineinmyworldmedium.com\/wp-content\/uploads\/2021\/10\/Bracelet_pour_la_serenite_et_se_liberer_du_stress_en_Seraphinite_Bronzite_Tourmaline_noire_Dumortierite_et_Arbre_de_vie_en_Hematite.jpg\",\"contentUrl\":\"https:\/\/lescreationsde.celineinmyworldmedium.com\/wp-content\/uploads\/2021\/10\/Bracelet_pour_la_serenite_et_se_liberer_du_stress_en_Seraphinite_Bronzite_Tourmaline_noire_Dumortierite_et_Arbre_de_vie_en_Hematite.jpg\",\"width\":960,\"height\":959,\"caption\":\"Bracelet pour la s\u00e9r\u00e9nit\u00e9 et se lib\u00e9rer du stress, en S\u00e9raphinite, Bronzite, Tourmaline noire, Dumorti\u00e9rite et Arbre de vie en H\u00e9matite\"},{\"@type\":\"BreadcrumbList\",\"@id\":\"https:\/\/lescreationsde.celineinmyworldmedium.com\/index.php\/produit\/bracelet-pour-la-serenite-et-se-liberer-du-stress-en-seraphinite-bronzite-tourmaline-noire-dumortierite-et-arbre-de-vie-en-hematite\/#breadcrumb\",\"itemListElement\":[{\"@type\":\"ListItem\",\"position\":1,\"name\":\"Accueil\",\"item\":\"https:\/\/lescreationsde.celineinmyworldmedium.com\/\"},{\"@type\":\"ListItem\",\"position\":2,\"name\":\"Produits\",\"item\":\"https:\/\/lescreationsde.celineinmyworldmedium.com\/index.php\/boutique\/\"},{\"@type\":\"ListItem\",\"position\":3,\"name\":\"Bracelet pour la s\u00e9r\u00e9nit\u00e9 et se lib\u00e9rer du stress, en S\u00e9raphinite, Bronzite, Tourmaline noire, Dumorti\u00e9rite et Arbre de vie en H\u00e9matite\"}]},{\"@type\":\"WebSite\",\"@id\":\"https:\/\/lescreationsde.celineinmyworldmedium.com\/#website\",\"url\":\"https:\/\/lescreationsde.celineinmyworldmedium.com\/\",\"name\":\"Les cr\u00e9ations de C\u00e9line Inmyworld\",\"description\":\"Cr\u00e9ation de bijoux personnalis\u00e9s, sur-mesure, en pierres semi-pr\u00e9cieuses de qualit\u00e9. Bracelets, boucles d&#039;oreilles, colliers, sautoirs, malas, cha\u00eenes de cheville, bagues...\u2764\",\"publisher\":{\"@id\":\"https:\/\/lescreationsde.celineinmyworldmedium.com\/#organization\"},\"potentialAction\":[{\"@type\":\"SearchAction\",\"target\":{\"@type\":\"EntryPoint\",\"urlTemplate\":\"https:\/\/lescreationsde.celineinmyworldmedium.com\/?s={search_term_string}\"},\"query-input\":{\"@type\":\"PropertyValueSpecification\",\"valueRequired\":true,\"valueName\":\"search_term_string\"}}],\"inLanguage\":\"fr-FR\"},{\"@type\":\"Organization\",\"@id\":\"https:\/\/lescreationsde.celineinmyworldmedium.com\/#organization\",\"name\":\"Les cr\u00e9ations de C\u00e9line Inmyworld\",\"url\":\"https:\/\/lescreationsde.celineinmyworldmedium.com\/\",\"logo\":{\"@type\":\"ImageObject\",\"inLanguage\":\"fr-FR\",\"@id\":\"https:\/\/lescreationsde.celineinmyworldmedium.com\/#\/schema\/logo\/image\/\",\"url\":\"https:\/\/lescreationsde.celineinmyworldmedium.com\/wp-content\/uploads\/2021\/03\/logo_creations3.png\",\"contentUrl\":\"https:\/\/lescreationsde.celineinmyworldmedium.com\/wp-content\/uploads\/2021\/03\/logo_creations3.png\",\"width\":613,\"height\":190,\"caption\":\"Les cr\u00e9ations de C\u00e9line Inmyworld\"},\"image\":{\"@id\":\"https:\/\/lescreationsde.celineinmyworldmedium.com\/#\/schema\/logo\/image\/\"}}]}<\/script>\n<!-- \/ Yoast SEO plugin. -->","yoast_head_json":{"title":"Bracelet pour la s\u00e9r\u00e9nit\u00e9 et se lib\u00e9rer du stress, en S\u00e9raphinite...","description":"Aide \u00e0 prendre la vie de mani\u00e8re plus l\u00e9g\u00e8re et att\u00e9nue les angoisses, la d\u00e9pression, la nervosit\u00e9 et le stress. Rend sobre, clair, logique et rationnel.","robots":{"index":"index","follow":"follow","max-snippet":"max-snippet:-1","max-image-preview":"max-image-preview:large","max-video-preview":"max-video-preview:-1"},"canonical":"https:\/\/lescreationsde.celineinmyworldmedium.com\/index.php\/produit\/bracelet-pour-la-serenite-et-se-liberer-du-stress-en-seraphinite-bronzite-tourmaline-noire-dumortierite-et-arbre-de-vie-en-hematite\/","og_locale":"fr_FR","og_type":"article","og_title":"Bracelet pour la s\u00e9r\u00e9nit\u00e9 et se lib\u00e9rer du stress, en S\u00e9raphinite...","og_description":"Aide \u00e0 prendre la vie de mani\u00e8re plus l\u00e9g\u00e8re et att\u00e9nue les angoisses, la d\u00e9pression, la nervosit\u00e9 et le stress. Rend sobre, clair, logique et rationnel.","og_url":"https:\/\/lescreationsde.celineinmyworldmedium.com\/index.php\/produit\/bracelet-pour-la-serenite-et-se-liberer-du-stress-en-seraphinite-bronzite-tourmaline-noire-dumortierite-et-arbre-de-vie-en-hematite\/","og_site_name":"Les cr\u00e9ations de C\u00e9line Inmyworld","article_modified_time":"2024-10-23T15:17:19+00:00","og_image":[{"width":960,"height":959,"url":"https:\/\/lescreationsde.celineinmyworldmedium.com\/wp-content\/uploads\/2021\/10\/Bracelet_pour_la_serenite_et_se_liberer_du_stress_en_Seraphinite_Bronzite_Tourmaline_noire_Dumortierite_et_Arbre_de_vie_en_Hematite.jpg","type":"image\/jpeg"}],"twitter_card":"summary_large_image","twitter_misc":{"Dur\u00e9e de lecture estim\u00e9e":"4 minutes"},"schema":{"@context":"https:\/\/schema.org","@graph":[{"@type":"WebPage","@id":"https:\/\/lescreationsde.celineinmyworldmedium.com\/index.php\/produit\/bracelet-pour-la-serenite-et-se-liberer-du-stress-en-seraphinite-bronzite-tourmaline-noire-dumortierite-et-arbre-de-vie-en-hematite\/","url":"https:\/\/lescreationsde.celineinmyworldmedium.com\/index.php\/produit\/bracelet-pour-la-serenite-et-se-liberer-du-stress-en-seraphinite-bronzite-tourmaline-noire-dumortierite-et-arbre-de-vie-en-hematite\/","name":"Bracelet pour la s\u00e9r\u00e9nit\u00e9 et se lib\u00e9rer du stress, en S\u00e9raphinite...","isPartOf":{"@id":"https:\/\/lescreationsde.celineinmyworldmedium.com\/#website"},"primaryImageOfPage":{"@id":"https:\/\/lescreationsde.celineinmyworldmedium.com\/index.php\/produit\/bracelet-pour-la-serenite-et-se-liberer-du-stress-en-seraphinite-bronzite-tourmaline-noire-dumortierite-et-arbre-de-vie-en-hematite\/#primaryimage"},"image":{"@id":"https:\/\/lescreationsde.celineinmyworldmedium.com\/index.php\/produit\/bracelet-pour-la-serenite-et-se-liberer-du-stress-en-seraphinite-bronzite-tourmaline-noire-dumortierite-et-arbre-de-vie-en-hematite\/#primaryimage"},"thumbnailUrl":"https:\/\/lescreationsde.celineinmyworldmedium.com\/wp-content\/uploads\/2021\/10\/Bracelet_pour_la_serenite_et_se_liberer_du_stress_en_Seraphinite_Bronzite_Tourmaline_noire_Dumortierite_et_Arbre_de_vie_en_Hematite.jpg","datePublished":"2022-09-25T17:30:07+00:00","dateModified":"2024-10-23T15:17:19+00:00","description":"Aide \u00e0 prendre la vie de mani\u00e8re plus l\u00e9g\u00e8re et att\u00e9nue les angoisses, la d\u00e9pression, la nervosit\u00e9 et le stress. Rend sobre, clair, logique et rationnel.","breadcrumb":{"@id":"https:\/\/lescreationsde.celineinmyworldmedium.com\/index.php\/produit\/bracelet-pour-la-serenite-et-se-liberer-du-stress-en-seraphinite-bronzite-tourmaline-noire-dumortierite-et-arbre-de-vie-en-hematite\/#breadcrumb"},"inLanguage":"fr-FR","potentialAction":[{"@type":"ReadAction","target":["https:\/\/lescreationsde.celineinmyworldmedium.com\/index.php\/produit\/bracelet-pour-la-serenite-et-se-liberer-du-stress-en-seraphinite-bronzite-tourmaline-noire-dumortierite-et-arbre-de-vie-en-hematite\/"]}]},{"@type":"ImageObject","inLanguage":"fr-FR","@id":"https:\/\/lescreationsde.celineinmyworldmedium.com\/index.php\/produit\/bracelet-pour-la-serenite-et-se-liberer-du-stress-en-seraphinite-bronzite-tourmaline-noire-dumortierite-et-arbre-de-vie-en-hematite\/#primaryimage","url":"https:\/\/lescreationsde.celineinmyworldmedium.com\/wp-content\/uploads\/2021\/10\/Bracelet_pour_la_serenite_et_se_liberer_du_stress_en_Seraphinite_Bronzite_Tourmaline_noire_Dumortierite_et_Arbre_de_vie_en_Hematite.jpg","contentUrl":"https:\/\/lescreationsde.celineinmyworldmedium.com\/wp-content\/uploads\/2021\/10\/Bracelet_pour_la_serenite_et_se_liberer_du_stress_en_Seraphinite_Bronzite_Tourmaline_noire_Dumortierite_et_Arbre_de_vie_en_Hematite.jpg","width":960,"height":959,"caption":"Bracelet pour la s\u00e9r\u00e9nit\u00e9 et se lib\u00e9rer du stress, en S\u00e9raphinite, Bronzite, Tourmaline noire, Dumorti\u00e9rite et Arbre de vie en H\u00e9matite"},{"@type":"BreadcrumbList","@id":"https:\/\/lescreationsde.celineinmyworldmedium.com\/index.php\/produit\/bracelet-pour-la-serenite-et-se-liberer-du-stress-en-seraphinite-bronzite-tourmaline-noire-dumortierite-et-arbre-de-vie-en-hematite\/#breadcrumb","itemListElement":[{"@type":"ListItem","position":1,"name":"Accueil","item":"https:\/\/lescreationsde.celineinmyworldmedium.com\/"},{"@type":"ListItem","position":2,"name":"Produits","item":"https:\/\/lescreationsde.celineinmyworldmedium.com\/index.php\/boutique\/"},{"@type":"ListItem","position":3,"name":"Bracelet pour la s\u00e9r\u00e9nit\u00e9 et se lib\u00e9rer du stress, en S\u00e9raphinite, Bronzite, Tourmaline noire, Dumorti\u00e9rite et Arbre de vie en H\u00e9matite"}]},{"@type":"WebSite","@id":"https:\/\/lescreationsde.celineinmyworldmedium.com\/#website","url":"https:\/\/lescreationsde.celineinmyworldmedium.com\/","name":"Les cr\u00e9ations de C\u00e9line Inmyworld","description":"Cr\u00e9ation de bijoux personnalis\u00e9s, sur-mesure, en pierres semi-pr\u00e9cieuses de qualit\u00e9. Bracelets, boucles d&#039;oreilles, colliers, sautoirs, malas, cha\u00eenes de cheville, bagues...\u2764","publisher":{"@id":"https:\/\/lescreationsde.celineinmyworldmedium.com\/#organization"},"potentialAction":[{"@type":"SearchAction","target":{"@type":"EntryPoint","urlTemplate":"https:\/\/lescreationsde.celineinmyworldmedium.com\/?s={search_term_string}"},"query-input":{"@type":"PropertyValueSpecification","valueRequired":true,"valueName":"search_term_string"}}],"inLanguage":"fr-FR"},{"@type":"Organization","@id":"https:\/\/lescreationsde.celineinmyworldmedium.com\/#organization","name":"Les cr\u00e9ations de C\u00e9line Inmyworld","url":"https:\/\/lescreationsde.celineinmyworldmedium.com\/","logo":{"@type":"ImageObject","inLanguage":"fr-FR","@id":"https:\/\/lescreationsde.celineinmyworldmedium.com\/#\/schema\/logo\/image\/","url":"https:\/\/lescreationsde.celineinmyworldmedium.com\/wp-content\/uploads\/2021\/03\/logo_creations3.png","contentUrl":"https:\/\/lescreationsde.celineinmyworldmedium.com\/wp-content\/uploads\/2021\/03\/logo_creations3.png","width":613,"height":190,"caption":"Les cr\u00e9ations de C\u00e9line Inmyworld"},"image":{"@id":"https:\/\/lescreationsde.celineinmyworldmedium.com\/#\/schema\/logo\/image\/"}}]}},"jetpack_sharing_enabled":true,"_links":{"self":[{"href":"https:\/\/lescreationsde.celineinmyworldmedium.com\/index.php\/wp-json\/wp\/v2\/product\/2910","targetHints":{"allow":["GET"]}}],"collection":[{"href":"https:\/\/lescreationsde.celineinmyworldmedium.com\/index.php\/wp-json\/wp\/v2\/product"}],"about":[{"href":"https:\/\/lescreationsde.celineinmyworldmedium.com\/index.php\/wp-json\/wp\/v2\/types\/product"}],"replies":[{"embeddable":true,"href":"https:\/\/lescreationsde.celineinmyworldmedium.com\/index.php\/wp-json\/wp\/v2\/comments?post=2910"}],"wp:featuredmedia":[{"embeddable":true,"href":"https:\/\/lescreationsde.celineinmyworldmedium.com\/index.php\/wp-json\/wp\/v2\/media\/5826"}],"wp:attachment":[{"href":"https:\/\/lescreationsde.celineinmyworldmedium.com\/index.php\/wp-json\/wp\/v2\/media?parent=2910"}],"wp:term":[{"taxonomy":"product_brand","embeddable":true,"href":"https:\/\/lescreationsde.celineinmyworldmedium.com\/index.php\/wp-json\/wp\/v2\/product_brand?post=2910"},{"taxonomy":"product_cat","embeddable":true,"href":"https:\/\/lescreationsde.celineinmyworldmedium.com\/index.php\/wp-json\/wp\/v2\/product_cat?post=2910"},{"taxonomy":"product_tag","embeddable":true,"href":"https:\/\/lescreationsde.celineinmyworldmedium.com\/index.php\/wp-json\/wp\/v2\/product_tag?post=2910"}],"curies":[{"name":"wp","href":"https:\/\/api.w.org\/{rel}","templated":true}]}}