{"id":2906,"date":"2022-09-26T14:28:14","date_gmt":"2022-09-26T12:28:14","guid":{"rendered":"https:\/\/lescreationsde.celineinmyworldmedium.com\/?post_type=product&#038;p=2906"},"modified":"2024-10-23T17:15:22","modified_gmt":"2024-10-23T15:15:22","slug":"bracelet-chemin-de-vie-en-chrysocolle-aigue-marine-obsidienne-acajou-vulcanite-et-opale-du-honduras","status":"publish","type":"product","link":"https:\/\/lescreationsde.celineinmyworldmedium.com\/index.php\/produit\/bracelet-chemin-de-vie-en-chrysocolle-aigue-marine-obsidienne-acajou-vulcanite-et-opale-du-honduras\/","title":{"rendered":"Bracelet Chemin de vie, en Chrysocolle, Aigue-marine, Obsidienne Acajou, Vulcanite et Opale du Honduras"},"content":{"rendered":"<h4>1 &#8211; Les vertus de chrysocolle :<\/h4>\n<p>Domaine <strong>spirituel<\/strong>, celui de l\u2019\u00eatre humain avec ses intentions, ses buts ou ses pr\u00e9occupations existentielles :<\/p>\n<p><strong>\u00c9quilibre.<\/strong><\/p>\n<p>Domaine de <strong>l\u2019\u00e2me<\/strong> ou du subconscient, ainsi que les notions de temp\u00e9rament, de sentiments, de sensations, de r\u00eaves, de v\u00e9cu sur le plan animique, d\u2019habitudes et de r\u00e9actions inconscientes :<\/p>\n<p><strong>Aide en cas de stress et de changements d\u2019humeur.<\/strong><\/p>\n<p>Domaine <strong>mental<\/strong> avec les id\u00e9es, la raison, les convictions, les consid\u00e9rations, ainsi que le mode de pens\u00e9e et d\u2019action consciente :<\/p>\n<p><strong>Aide \u00e0 garder la t\u00eate froide.<\/strong><\/p>\n<p>Domaine <strong>physique<\/strong> ou corporel, l\u2019ensemble de l\u2019organisme avec les sens, les organes et les fonctions :<\/p>\n<p><strong>Fortifie le foie, d\u00e9tend, aide en cas d\u2019infections, de maux de gorge, de br\u00fblures, de cicatrices, de fi\u00e8vre, de crampes et de troubles menstruels.<\/strong><\/p>\n<h4>2 &#8211; Les vertus de l\u2019aigue-marine :<\/h4>\n<p>Domaine <strong>spirituel<\/strong>, celui de l\u2019\u00eatre humain avec ses intentions, ses buts ou ses pr\u00e9occupations existentielles :<\/p>\n<p><strong>Clairvoyance, pr\u00e9voyance.<\/strong><\/p>\n<p>Domaine de <strong>l\u2019\u00e2me<\/strong> ou du subconscient, ainsi que les notions de temp\u00e9rament, de sentiments, de sensations, de r\u00eaves, de v\u00e9cu sur le plan animique, d\u2019habitudes et de r\u00e9actions inconscientes :<\/p>\n<p><strong>Favorise l\u2019endurance, la discipline, la l\u00e9g\u00e8ret\u00e9 et la s\u00e9r\u00e9nit\u00e9.<\/strong><\/p>\n<p>Domaine <strong>mental<\/strong> avec les id\u00e9es, la raison, les convictions, les consid\u00e9rations, ainsi que le mode de pens\u00e9e et d\u2019action consciente :<\/p>\n<p><strong>Permet de sortir de la confusion, incite \u00e0 aller jusqu\u2019au bout de ce qui n\u2019a pas \u00e9t\u00e9 termin\u00e9.<\/strong><\/p>\n<p>Domaine <strong>physique<\/strong> ou corporel, l\u2019ensemble de l\u2019organisme avec les sens, les organes et les fonctions :<\/p>\n<p><strong>Aide en cas d\u2019allergies, de rhume des foins, de troubles des yeux et des voies respiratoires, de la thyro\u00efde et de la vessie.<\/strong><\/p>\n<h4>3 &#8211; Les vertus de l\u2019obsidienne acajou :<\/h4>\n<p>Domaine <strong>spirituel<\/strong>, celui de l\u2019\u00eatre humain avec ses intentions, ses buts ou ses pr\u00e9occupations existentielles :<\/p>\n<p><strong>\u00c9lan.<\/strong><\/p>\n<p>Domaine de <strong>l\u2019\u00e2me<\/strong> ou du subconscient, ainsi que les notions de temp\u00e9rament, de sentiments, de sensations, de r\u00eaves, de v\u00e9cu sur le plan animique, d\u2019habitudes et de r\u00e9actions inconscientes :<\/p>\n<p><strong>Donne la p\u00eache, favorise l\u2019initiative et un nouvel entrain.<\/strong><\/p>\n<p>Domaine <strong>mental<\/strong> avec les id\u00e9es, la raison, les convictions, les consid\u00e9rations, ainsi que le mode de pens\u00e9e et d\u2019action consciente :<\/p>\n<p><strong>Permet de conserver une vision d\u2019ensemble dans des situations complexes et aide en cas de difficult\u00e9s de prise de d\u00e9cision.<\/strong><\/p>\n<p>Domaine <strong>physique<\/strong> ou corporel, l\u2019ensemble de l\u2019organisme avec les sens, les organes et les fonctions :<\/p>\n<p><strong>Att\u00e9nue les douleurs, soulage en cas de tremblements et d\u2019hyperfonction hormonale.<\/strong><\/p>\n<h4>4 &#8211; Les vertus de la vulcanite \u2013 que sera :<\/h4>\n<p>Domaine <strong>spirituel<\/strong>, celui de l\u2019\u00eatre humain avec ses intentions, ses buts ou ses pr\u00e9occupations existentielles :<\/p>\n<p><strong>Calme, s\u00e9r\u00e9nit\u00e9.<\/strong><\/p>\n<p>Domaine de <strong>l\u2019\u00e2me<\/strong> ou du subconscient, ainsi que les notions de temp\u00e9rament, de sentiments, de sensations, de r\u00eaves, de v\u00e9cu sur le plan animique, d\u2019habitudes et de r\u00e9actions inconscientes :<\/p>\n<p><strong>Am\u00e9liore la clairaudience, les capacit\u00e9s psychiques, la t\u00e9l\u00e9pathie, l\u2019intuition, l\u2019auto-r\u00e9flexion, l\u2019expression de soi et la connaissance de soi.<\/strong><\/p>\n<p>Domaine <strong>mental<\/strong> avec les id\u00e9es, la raison, les convictions, les consid\u00e9rations, ainsi que le mode de pens\u00e9e et d\u2019action consciente :<\/p>\n<p><strong>Apaise les nerfs, calme l\u2019anxi\u00e9t\u00e9 et favorise le sommeil reposant.<\/strong><\/p>\n<p>Domaine <strong>physique<\/strong> ou corporel, l\u2019ensemble de l\u2019organisme avec les sens, les organes et les fonctions :<\/p>\n<p><strong>Dissipe la fatigue surr\u00e9nale.<\/strong><\/p>\n<h4>5 &#8211; Les vertus de l\u2019opale noble du honduras :<\/h4>\n<p>Domaine <strong>spirituel<\/strong>, celui de l\u2019\u00eatre humain avec ses intentions, ses buts ou ses pr\u00e9occupations existentielles :<\/p>\n<p><strong>Espoir.<\/strong><\/p>\n<p>Domaine de <strong>l\u2019\u00e2me<\/strong> ou du subconscient, ainsi que les notions de temp\u00e9rament, de sentiments, de sensations, de r\u00eaves, de v\u00e9cu sur le plan animique, d\u2019habitudes et de r\u00e9actions inconscientes :<\/p>\n<p><strong>Apporte de la joie dans les moments difficiles et aide \u00e0 surmonter les crises.<\/strong><\/p>\n<p>Domaine <strong>mental<\/strong> avec les id\u00e9es, la raison, les convictions, les consid\u00e9rations, ainsi que le mode de pens\u00e9e et d\u2019action consciente :<\/p>\n<p><strong>Permet de s\u2019orienter en fonction des lueurs d\u2019espoir de la vie.<\/strong><\/p>\n<p>Domaine <strong>physique<\/strong> ou corporel, l\u2019ensemble de l\u2019organisme avec les sens, les organes et les fonctions :<\/p>\n<p><strong>Stimule le nettoyage et l\u2019\u00e9limination, fortifie les nerfs et la r\u00e9g\u00e9n\u00e9ration, aide en cas de troubles cardiaques.<\/strong><\/p>\n","protected":false},"excerpt":{"rendered":"<table>\n<tbody>\n<tr>\n<td style=\"texte-align: left; color: gray; border: none;\"><strong>Hors frais d&rsquo;exp\u00e9dition<\/strong><\/td>\n<\/tr>\n<tr>\n<td style=\"texte-align: left; color: gray; border: none;\"><strong>Bijoux confectionn\u00e9s sur-mesure, sur commande<br \/>Les couleurs et motifs des pierres varient d&rsquo;un bijou \u00e0 un autre<br \/>D\u00e9lai de confection environ 30 jours<\/strong><\/td>\n<\/tr>\n<tr>\n<td style=\"texte-align: left; color: blue; border: none;\"><a style=\"color: #a15fe2;\" href=\"https:\/\/lescreationsde.celineinmyworldmedium.com\/index.php\/mesurer-son-tour-de-poignet-pour-bracelets\/\" target=\"_blank\" rel=\"noopener\"><strong>Comment mesurer son tour de poignet<\/strong><\/a><\/td>\n<\/tr>\n<\/tbody>\n<\/table>\n","protected":false},"featured_media":5829,"comment_status":"open","ping_status":"closed","template":"","meta":[],"product_brand":[],"product_cat":[31,54,74,469,906,619],"product_tag":[58,152,106,42,44,38,47,43,41,40,39,23,25,1597,36,34,26,37,35,78,16,24,45,17,33,32,956,909,27,89,22,28,447],"class_list":{"0":"post-2906","1":"product","2":"type-product","3":"status-publish","4":"has-post-thumbnail","6":"product_cat-bracelets","7":"product_cat-aigue-marine","8":"product_cat-chrysocolle","9":"product_cat-obsidienne-pierres","10":"product_cat-opale","11":"product_cat-vulcanite-pierres","12":"product_tag-aigue-marine","13":"product_tag-amour","14":"product_tag-argent","15":"product_tag-bijou","16":"product_tag-bijou-energetique","17":"product_tag-bijoux","18":"product_tag-bijoux-anti-allergies","19":"product_tag-bijoux-energetiques","20":"product_tag-bijoux-fait-main","21":"product_tag-bijoux-personnalises","22":"product_tag-bijoux-sur-mesure","23":"product_tag-boucles-doreilles","24":"product_tag-bracelet","25":"product_tag-bracelet-chemin-de-vie","26":"product_tag-bracelet-femme","27":"product_tag-bracelet-homme","28":"product_tag-bracelets","29":"product_tag-bracelets-femme","30":"product_tag-bracelets-homme","31":"product_tag-chrysocolle","32":"product_tag-collier","33":"product_tag-collier-femme","34":"product_tag-collier-personnalise","35":"product_tag-colliers","36":"product_tag-energetique","37":"product_tag-lithotherapie","38":"product_tag-obsidienne-acajou","39":"product_tag-opale-noble-du-honduras","40":"product_tag-pierre","41":"product_tag-pierre-naturelle","42":"product_tag-pierre-semi-precieuse","43":"product_tag-pierres-naturelles","44":"product_tag-vulcanite-que-sera","46":"first","47":"instock","48":"shipping-taxable","49":"purchasable","50":"product-type-variable"},"yoast_head":"<!-- This site is optimized with the Yoast SEO plugin v27.2 - https:\/\/yoast.com\/product\/yoast-seo-wordpress\/ -->\n<title>Bracelet Chemin de vie, en Chrysocolle, Aigue-marine, Obsidienne<\/title>\n<meta name=\"description\" content=\"Am\u00e9liore la clairaudience, les capacit\u00e9s psychiques, la t\u00e9l\u00e9pathie, l\u2019intuition, l\u2019auto-r\u00e9flexion, l\u2019expression de soi et la connaissance de soi.\" \/>\n<meta name=\"robots\" content=\"index, follow, max-snippet:-1, max-image-preview:large, max-video-preview:-1\" \/>\n<link rel=\"canonical\" href=\"https:\/\/lescreationsde.celineinmyworldmedium.com\/index.php\/produit\/bracelet-chemin-de-vie-en-chrysocolle-aigue-marine-obsidienne-acajou-vulcanite-et-opale-du-honduras\/\" \/>\n<meta property=\"og:locale\" content=\"fr_FR\" \/>\n<meta property=\"og:type\" content=\"article\" \/>\n<meta property=\"og:title\" content=\"Bracelet Chemin de vie, en Chrysocolle, Aigue-marine, Obsidienne\" \/>\n<meta property=\"og:description\" content=\"Am\u00e9liore la clairaudience, les capacit\u00e9s psychiques, la t\u00e9l\u00e9pathie, l\u2019intuition, l\u2019auto-r\u00e9flexion, l\u2019expression de soi et la connaissance de soi.\" \/>\n<meta property=\"og:url\" content=\"https:\/\/lescreationsde.celineinmyworldmedium.com\/index.php\/produit\/bracelet-chemin-de-vie-en-chrysocolle-aigue-marine-obsidienne-acajou-vulcanite-et-opale-du-honduras\/\" \/>\n<meta property=\"og:site_name\" content=\"Les cr\u00e9ations de C\u00e9line Inmyworld\" \/>\n<meta property=\"article:modified_time\" content=\"2024-10-23T15:15:22+00:00\" \/>\n<meta property=\"og:image\" content=\"https:\/\/lescreationsde.celineinmyworldmedium.com\/wp-content\/uploads\/2021\/10\/Bracelet_Chemin_de_vie_en_Chrysocolle_Aigue-marine_Obsidienne_Acajou_Vulcanite_et_Opale_du_Honduras.jpg\" \/>\n\t<meta property=\"og:image:width\" content=\"960\" \/>\n\t<meta property=\"og:image:height\" content=\"959\" \/>\n\t<meta property=\"og:image:type\" content=\"image\/jpeg\" \/>\n<meta name=\"twitter:card\" content=\"summary_large_image\" \/>\n<meta name=\"twitter:label1\" content=\"Dur\u00e9e de lecture estim\u00e9e\" \/>\n\t<meta name=\"twitter:data1\" content=\"4 minutes\" \/>\n<script type=\"application\/ld+json\" class=\"yoast-schema-graph\">{\"@context\":\"https:\/\/schema.org\",\"@graph\":[{\"@type\":\"WebPage\",\"@id\":\"https:\/\/lescreationsde.celineinmyworldmedium.com\/index.php\/produit\/bracelet-chemin-de-vie-en-chrysocolle-aigue-marine-obsidienne-acajou-vulcanite-et-opale-du-honduras\/\",\"url\":\"https:\/\/lescreationsde.celineinmyworldmedium.com\/index.php\/produit\/bracelet-chemin-de-vie-en-chrysocolle-aigue-marine-obsidienne-acajou-vulcanite-et-opale-du-honduras\/\",\"name\":\"Bracelet Chemin de vie, en Chrysocolle, Aigue-marine, Obsidienne\",\"isPartOf\":{\"@id\":\"https:\/\/lescreationsde.celineinmyworldmedium.com\/#website\"},\"primaryImageOfPage\":{\"@id\":\"https:\/\/lescreationsde.celineinmyworldmedium.com\/index.php\/produit\/bracelet-chemin-de-vie-en-chrysocolle-aigue-marine-obsidienne-acajou-vulcanite-et-opale-du-honduras\/#primaryimage\"},\"image\":{\"@id\":\"https:\/\/lescreationsde.celineinmyworldmedium.com\/index.php\/produit\/bracelet-chemin-de-vie-en-chrysocolle-aigue-marine-obsidienne-acajou-vulcanite-et-opale-du-honduras\/#primaryimage\"},\"thumbnailUrl\":\"https:\/\/lescreationsde.celineinmyworldmedium.com\/wp-content\/uploads\/2021\/10\/Bracelet_Chemin_de_vie_en_Chrysocolle_Aigue-marine_Obsidienne_Acajou_Vulcanite_et_Opale_du_Honduras.jpg\",\"datePublished\":\"2022-09-26T12:28:14+00:00\",\"dateModified\":\"2024-10-23T15:15:22+00:00\",\"description\":\"Am\u00e9liore la clairaudience, les capacit\u00e9s psychiques, la t\u00e9l\u00e9pathie, l\u2019intuition, l\u2019auto-r\u00e9flexion, l\u2019expression de soi et la connaissance de soi.\",\"breadcrumb\":{\"@id\":\"https:\/\/lescreationsde.celineinmyworldmedium.com\/index.php\/produit\/bracelet-chemin-de-vie-en-chrysocolle-aigue-marine-obsidienne-acajou-vulcanite-et-opale-du-honduras\/#breadcrumb\"},\"inLanguage\":\"fr-FR\",\"potentialAction\":[{\"@type\":\"ReadAction\",\"target\":[\"https:\/\/lescreationsde.celineinmyworldmedium.com\/index.php\/produit\/bracelet-chemin-de-vie-en-chrysocolle-aigue-marine-obsidienne-acajou-vulcanite-et-opale-du-honduras\/\"]}]},{\"@type\":\"ImageObject\",\"inLanguage\":\"fr-FR\",\"@id\":\"https:\/\/lescreationsde.celineinmyworldmedium.com\/index.php\/produit\/bracelet-chemin-de-vie-en-chrysocolle-aigue-marine-obsidienne-acajou-vulcanite-et-opale-du-honduras\/#primaryimage\",\"url\":\"https:\/\/lescreationsde.celineinmyworldmedium.com\/wp-content\/uploads\/2021\/10\/Bracelet_Chemin_de_vie_en_Chrysocolle_Aigue-marine_Obsidienne_Acajou_Vulcanite_et_Opale_du_Honduras.jpg\",\"contentUrl\":\"https:\/\/lescreationsde.celineinmyworldmedium.com\/wp-content\/uploads\/2021\/10\/Bracelet_Chemin_de_vie_en_Chrysocolle_Aigue-marine_Obsidienne_Acajou_Vulcanite_et_Opale_du_Honduras.jpg\",\"width\":960,\"height\":959,\"caption\":\"Bracelet Chemin de vie, en Chrysocolle, Aigue-marine, Obsidienne Acajou, Vulcanite et Opale du Honduras\"},{\"@type\":\"BreadcrumbList\",\"@id\":\"https:\/\/lescreationsde.celineinmyworldmedium.com\/index.php\/produit\/bracelet-chemin-de-vie-en-chrysocolle-aigue-marine-obsidienne-acajou-vulcanite-et-opale-du-honduras\/#breadcrumb\",\"itemListElement\":[{\"@type\":\"ListItem\",\"position\":1,\"name\":\"Accueil\",\"item\":\"https:\/\/lescreationsde.celineinmyworldmedium.com\/\"},{\"@type\":\"ListItem\",\"position\":2,\"name\":\"Produits\",\"item\":\"https:\/\/lescreationsde.celineinmyworldmedium.com\/index.php\/boutique\/\"},{\"@type\":\"ListItem\",\"position\":3,\"name\":\"Bracelet Chemin de vie, en Chrysocolle, Aigue-marine, Obsidienne Acajou, Vulcanite et Opale du Honduras\"}]},{\"@type\":\"WebSite\",\"@id\":\"https:\/\/lescreationsde.celineinmyworldmedium.com\/#website\",\"url\":\"https:\/\/lescreationsde.celineinmyworldmedium.com\/\",\"name\":\"Les cr\u00e9ations de C\u00e9line Inmyworld\",\"description\":\"Cr\u00e9ation de bijoux personnalis\u00e9s, sur-mesure, en pierres semi-pr\u00e9cieuses de qualit\u00e9. Bracelets, boucles d&#039;oreilles, colliers, sautoirs, malas, cha\u00eenes de cheville, bagues...\u2764\",\"publisher\":{\"@id\":\"https:\/\/lescreationsde.celineinmyworldmedium.com\/#organization\"},\"potentialAction\":[{\"@type\":\"SearchAction\",\"target\":{\"@type\":\"EntryPoint\",\"urlTemplate\":\"https:\/\/lescreationsde.celineinmyworldmedium.com\/?s={search_term_string}\"},\"query-input\":{\"@type\":\"PropertyValueSpecification\",\"valueRequired\":true,\"valueName\":\"search_term_string\"}}],\"inLanguage\":\"fr-FR\"},{\"@type\":\"Organization\",\"@id\":\"https:\/\/lescreationsde.celineinmyworldmedium.com\/#organization\",\"name\":\"Les cr\u00e9ations de C\u00e9line Inmyworld\",\"url\":\"https:\/\/lescreationsde.celineinmyworldmedium.com\/\",\"logo\":{\"@type\":\"ImageObject\",\"inLanguage\":\"fr-FR\",\"@id\":\"https:\/\/lescreationsde.celineinmyworldmedium.com\/#\/schema\/logo\/image\/\",\"url\":\"https:\/\/lescreationsde.celineinmyworldmedium.com\/wp-content\/uploads\/2021\/03\/logo_creations3.png\",\"contentUrl\":\"https:\/\/lescreationsde.celineinmyworldmedium.com\/wp-content\/uploads\/2021\/03\/logo_creations3.png\",\"width\":613,\"height\":190,\"caption\":\"Les cr\u00e9ations de C\u00e9line Inmyworld\"},\"image\":{\"@id\":\"https:\/\/lescreationsde.celineinmyworldmedium.com\/#\/schema\/logo\/image\/\"}}]}<\/script>\n<!-- \/ Yoast SEO plugin. -->","yoast_head_json":{"title":"Bracelet Chemin de vie, en Chrysocolle, Aigue-marine, Obsidienne","description":"Am\u00e9liore la clairaudience, les capacit\u00e9s psychiques, la t\u00e9l\u00e9pathie, l\u2019intuition, l\u2019auto-r\u00e9flexion, l\u2019expression de soi et la connaissance de soi.","robots":{"index":"index","follow":"follow","max-snippet":"max-snippet:-1","max-image-preview":"max-image-preview:large","max-video-preview":"max-video-preview:-1"},"canonical":"https:\/\/lescreationsde.celineinmyworldmedium.com\/index.php\/produit\/bracelet-chemin-de-vie-en-chrysocolle-aigue-marine-obsidienne-acajou-vulcanite-et-opale-du-honduras\/","og_locale":"fr_FR","og_type":"article","og_title":"Bracelet Chemin de vie, en Chrysocolle, Aigue-marine, Obsidienne","og_description":"Am\u00e9liore la clairaudience, les capacit\u00e9s psychiques, la t\u00e9l\u00e9pathie, l\u2019intuition, l\u2019auto-r\u00e9flexion, l\u2019expression de soi et la connaissance de soi.","og_url":"https:\/\/lescreationsde.celineinmyworldmedium.com\/index.php\/produit\/bracelet-chemin-de-vie-en-chrysocolle-aigue-marine-obsidienne-acajou-vulcanite-et-opale-du-honduras\/","og_site_name":"Les cr\u00e9ations de C\u00e9line Inmyworld","article_modified_time":"2024-10-23T15:15:22+00:00","og_image":[{"width":960,"height":959,"url":"https:\/\/lescreationsde.celineinmyworldmedium.com\/wp-content\/uploads\/2021\/10\/Bracelet_Chemin_de_vie_en_Chrysocolle_Aigue-marine_Obsidienne_Acajou_Vulcanite_et_Opale_du_Honduras.jpg","type":"image\/jpeg"}],"twitter_card":"summary_large_image","twitter_misc":{"Dur\u00e9e de lecture estim\u00e9e":"4 minutes"},"schema":{"@context":"https:\/\/schema.org","@graph":[{"@type":"WebPage","@id":"https:\/\/lescreationsde.celineinmyworldmedium.com\/index.php\/produit\/bracelet-chemin-de-vie-en-chrysocolle-aigue-marine-obsidienne-acajou-vulcanite-et-opale-du-honduras\/","url":"https:\/\/lescreationsde.celineinmyworldmedium.com\/index.php\/produit\/bracelet-chemin-de-vie-en-chrysocolle-aigue-marine-obsidienne-acajou-vulcanite-et-opale-du-honduras\/","name":"Bracelet Chemin de vie, en Chrysocolle, Aigue-marine, Obsidienne","isPartOf":{"@id":"https:\/\/lescreationsde.celineinmyworldmedium.com\/#website"},"primaryImageOfPage":{"@id":"https:\/\/lescreationsde.celineinmyworldmedium.com\/index.php\/produit\/bracelet-chemin-de-vie-en-chrysocolle-aigue-marine-obsidienne-acajou-vulcanite-et-opale-du-honduras\/#primaryimage"},"image":{"@id":"https:\/\/lescreationsde.celineinmyworldmedium.com\/index.php\/produit\/bracelet-chemin-de-vie-en-chrysocolle-aigue-marine-obsidienne-acajou-vulcanite-et-opale-du-honduras\/#primaryimage"},"thumbnailUrl":"https:\/\/lescreationsde.celineinmyworldmedium.com\/wp-content\/uploads\/2021\/10\/Bracelet_Chemin_de_vie_en_Chrysocolle_Aigue-marine_Obsidienne_Acajou_Vulcanite_et_Opale_du_Honduras.jpg","datePublished":"2022-09-26T12:28:14+00:00","dateModified":"2024-10-23T15:15:22+00:00","description":"Am\u00e9liore la clairaudience, les capacit\u00e9s psychiques, la t\u00e9l\u00e9pathie, l\u2019intuition, l\u2019auto-r\u00e9flexion, l\u2019expression de soi et la connaissance de soi.","breadcrumb":{"@id":"https:\/\/lescreationsde.celineinmyworldmedium.com\/index.php\/produit\/bracelet-chemin-de-vie-en-chrysocolle-aigue-marine-obsidienne-acajou-vulcanite-et-opale-du-honduras\/#breadcrumb"},"inLanguage":"fr-FR","potentialAction":[{"@type":"ReadAction","target":["https:\/\/lescreationsde.celineinmyworldmedium.com\/index.php\/produit\/bracelet-chemin-de-vie-en-chrysocolle-aigue-marine-obsidienne-acajou-vulcanite-et-opale-du-honduras\/"]}]},{"@type":"ImageObject","inLanguage":"fr-FR","@id":"https:\/\/lescreationsde.celineinmyworldmedium.com\/index.php\/produit\/bracelet-chemin-de-vie-en-chrysocolle-aigue-marine-obsidienne-acajou-vulcanite-et-opale-du-honduras\/#primaryimage","url":"https:\/\/lescreationsde.celineinmyworldmedium.com\/wp-content\/uploads\/2021\/10\/Bracelet_Chemin_de_vie_en_Chrysocolle_Aigue-marine_Obsidienne_Acajou_Vulcanite_et_Opale_du_Honduras.jpg","contentUrl":"https:\/\/lescreationsde.celineinmyworldmedium.com\/wp-content\/uploads\/2021\/10\/Bracelet_Chemin_de_vie_en_Chrysocolle_Aigue-marine_Obsidienne_Acajou_Vulcanite_et_Opale_du_Honduras.jpg","width":960,"height":959,"caption":"Bracelet Chemin de vie, en Chrysocolle, Aigue-marine, Obsidienne Acajou, Vulcanite et Opale du Honduras"},{"@type":"BreadcrumbList","@id":"https:\/\/lescreationsde.celineinmyworldmedium.com\/index.php\/produit\/bracelet-chemin-de-vie-en-chrysocolle-aigue-marine-obsidienne-acajou-vulcanite-et-opale-du-honduras\/#breadcrumb","itemListElement":[{"@type":"ListItem","position":1,"name":"Accueil","item":"https:\/\/lescreationsde.celineinmyworldmedium.com\/"},{"@type":"ListItem","position":2,"name":"Produits","item":"https:\/\/lescreationsde.celineinmyworldmedium.com\/index.php\/boutique\/"},{"@type":"ListItem","position":3,"name":"Bracelet Chemin de vie, en Chrysocolle, Aigue-marine, Obsidienne Acajou, Vulcanite et Opale du Honduras"}]},{"@type":"WebSite","@id":"https:\/\/lescreationsde.celineinmyworldmedium.com\/#website","url":"https:\/\/lescreationsde.celineinmyworldmedium.com\/","name":"Les cr\u00e9ations de C\u00e9line Inmyworld","description":"Cr\u00e9ation de bijoux personnalis\u00e9s, sur-mesure, en pierres semi-pr\u00e9cieuses de qualit\u00e9. Bracelets, boucles d&#039;oreilles, colliers, sautoirs, malas, cha\u00eenes de cheville, bagues...\u2764","publisher":{"@id":"https:\/\/lescreationsde.celineinmyworldmedium.com\/#organization"},"potentialAction":[{"@type":"SearchAction","target":{"@type":"EntryPoint","urlTemplate":"https:\/\/lescreationsde.celineinmyworldmedium.com\/?s={search_term_string}"},"query-input":{"@type":"PropertyValueSpecification","valueRequired":true,"valueName":"search_term_string"}}],"inLanguage":"fr-FR"},{"@type":"Organization","@id":"https:\/\/lescreationsde.celineinmyworldmedium.com\/#organization","name":"Les cr\u00e9ations de C\u00e9line Inmyworld","url":"https:\/\/lescreationsde.celineinmyworldmedium.com\/","logo":{"@type":"ImageObject","inLanguage":"fr-FR","@id":"https:\/\/lescreationsde.celineinmyworldmedium.com\/#\/schema\/logo\/image\/","url":"https:\/\/lescreationsde.celineinmyworldmedium.com\/wp-content\/uploads\/2021\/03\/logo_creations3.png","contentUrl":"https:\/\/lescreationsde.celineinmyworldmedium.com\/wp-content\/uploads\/2021\/03\/logo_creations3.png","width":613,"height":190,"caption":"Les cr\u00e9ations de C\u00e9line Inmyworld"},"image":{"@id":"https:\/\/lescreationsde.celineinmyworldmedium.com\/#\/schema\/logo\/image\/"}}]}},"jetpack_sharing_enabled":true,"_links":{"self":[{"href":"https:\/\/lescreationsde.celineinmyworldmedium.com\/index.php\/wp-json\/wp\/v2\/product\/2906","targetHints":{"allow":["GET"]}}],"collection":[{"href":"https:\/\/lescreationsde.celineinmyworldmedium.com\/index.php\/wp-json\/wp\/v2\/product"}],"about":[{"href":"https:\/\/lescreationsde.celineinmyworldmedium.com\/index.php\/wp-json\/wp\/v2\/types\/product"}],"replies":[{"embeddable":true,"href":"https:\/\/lescreationsde.celineinmyworldmedium.com\/index.php\/wp-json\/wp\/v2\/comments?post=2906"}],"wp:featuredmedia":[{"embeddable":true,"href":"https:\/\/lescreationsde.celineinmyworldmedium.com\/index.php\/wp-json\/wp\/v2\/media\/5829"}],"wp:attachment":[{"href":"https:\/\/lescreationsde.celineinmyworldmedium.com\/index.php\/wp-json\/wp\/v2\/media?parent=2906"}],"wp:term":[{"taxonomy":"product_brand","embeddable":true,"href":"https:\/\/lescreationsde.celineinmyworldmedium.com\/index.php\/wp-json\/wp\/v2\/product_brand?post=2906"},{"taxonomy":"product_cat","embeddable":true,"href":"https:\/\/lescreationsde.celineinmyworldmedium.com\/index.php\/wp-json\/wp\/v2\/product_cat?post=2906"},{"taxonomy":"product_tag","embeddable":true,"href":"https:\/\/lescreationsde.celineinmyworldmedium.com\/index.php\/wp-json\/wp\/v2\/product_tag?post=2906"}],"curies":[{"name":"wp","href":"https:\/\/api.w.org\/{rel}","templated":true}]}}