{"id":2887,"date":"2022-09-29T16:01:58","date_gmt":"2022-09-29T14:01:58","guid":{"rendered":"https:\/\/lescreationsde.celineinmyworldmedium.com\/?post_type=product&#038;p=2887"},"modified":"2024-10-23T17:17:14","modified_gmt":"2024-10-23T15:17:14","slug":"bracelet-pour-la-reussite-en-chrysoberyl-oeil-de-chat-quartz-rose-agate-indienne-auralite-23-et-fluorite-multicolore-avec-fleur-de-lotus-et-aum","status":"publish","type":"product","link":"https:\/\/lescreationsde.celineinmyworldmedium.com\/index.php\/produit\/bracelet-pour-la-reussite-en-chrysoberyl-oeil-de-chat-quartz-rose-agate-indienne-auralite-23-et-fluorite-multicolore-avec-fleur-de-lotus-et-aum\/","title":{"rendered":"Bracelet pour la r\u00e9ussite, en Chrysob\u00e9ryl oeil de chat, Quartz rose, Agate indienne, Auralite 23 et Fluorite multicolore, avec Fleur de lotus et Aum"},"content":{"rendered":"<p><strong>1 \u2013 Les vertus du chrysob\u00e9ryl oeil-de-chat :<\/strong><\/p>\n<p>Domaine <strong>spirituel<\/strong>, celui de l\u2019\u00eatre humain avec ses intentions, ses buts ou ses pr\u00e9occupations existentielles :<\/p>\n<p><strong>Libre arbitre, conviction.<\/strong><\/p>\n<p>Domaine de <strong>l\u2019\u00e2me<\/strong> ou du subconscient, ainsi que les notions de temp\u00e9rament, de sentiments, de sensations, de r\u00eaves, de v\u00e9cu sur le plan animique, d\u2019habitudes et de r\u00e9actions inconscientes :<\/p>\n<p><strong>Favorise l\u2019assurance, la conscience de soi et l\u2019autorit\u00e9.<\/strong><\/p>\n<p>Domaine <strong>mental<\/strong> avec les id\u00e9es, la raison, les convictions, les consid\u00e9rations, ainsi que le mode de pens\u00e9e et d\u2019action consciente :<\/p>\n<p><strong>Aide \u00e0 s\u2019en tenir fermement \u00e0 ses convictions et \u00e0 convaincre les autres.<\/strong><\/p>\n<p>Domaine <strong>physique<\/strong> ou corporel, l\u2019ensemble de l\u2019organisme avec les sens, les organes et les fonctions :<\/p>\n<p><strong>Fortifie le foie, le cerveau, les sens et le syst\u00e8me immunitaire.<\/strong><\/p>\n<h4>2 &#8211; Les vertus du quartz rose :<\/h4>\n<p>Domaine <strong>spirituel<\/strong>, celui de l\u2019\u00eatre humain avec ses intentions, ses buts ou ses pr\u00e9occupations existentielles :<\/p>\n<p><strong>Sensibilit\u00e9.<\/strong><\/p>\n<p>Domaine de <strong>l\u2019\u00e2me<\/strong> ou du subconscient, ainsi que les notions de temp\u00e9rament, de sentiments, de sensations, de r\u00eaves, de v\u00e9cu sur le plan animique, d\u2019habitudes et de r\u00e9actions inconscientes :<\/p>\n<p><strong>Augmente la capacit\u00e9 intuitive, aide en cas de difficult\u00e9s sexuelles.<\/strong><\/p>\n<p>Domaine <strong>mental<\/strong> avec les id\u00e9es, la raison, les convictions, les consid\u00e9rations, ainsi que le mode de pens\u00e9e et d\u2019action consciente :<\/p>\n<p><strong>Met en lumi\u00e8re ses propres besoins et les d\u00e9sirs d\u2019autrui.<\/strong><\/p>\n<p>Domaine <strong>physique<\/strong> ou corporel, l\u2019ensemble de l\u2019organisme avec les sens, les organes et les fonctions :<\/p>\n<p><strong>Harmonise le rythme cardiaque, stimule les organes sexuels et la fertilit\u00e9.<\/strong><\/p>\n<h4>3 &#8211; Les vertus de l\u2019agate indienne :<\/h4>\n<p>Domaine <strong>spirituel<\/strong>, celui de l\u2019\u00eatre humain avec ses intentions, ses buts ou ses pr\u00e9occupations existentielles :<\/p>\n<p><strong>Chance, abondance, courage.<\/strong><\/p>\n<p>Domaine de <strong>l\u2019\u00e2me<\/strong> ou du subconscient, ainsi que les notions de temp\u00e9rament, de sentiments, de sensations, de r\u00eaves, de v\u00e9cu sur le plan animique, d\u2019habitudes et de r\u00e9actions inconscientes :<\/p>\n<p><strong>Amour, protection, s\u00e9curit\u00e9.<\/strong><\/p>\n<p>Domaine <strong>mental<\/strong> avec les id\u00e9es, la raison, les convictions, les consid\u00e9rations, ainsi que le mode de pens\u00e9e et d\u2019action consciente :<\/p>\n<p><strong>Elle a pour r\u00f4le de dissiper tous les \u00e9l\u00e9ments int\u00e9rieurement perturbants et les chocs \u00e9motionnels pour instaurer un sentiment de s\u00e9curit\u00e9.<\/strong><\/p>\n<p>Domaine <strong>physique<\/strong> ou corporel, l\u2019ensemble de l\u2019organisme avec les sens, les organes et les fonctions :<\/p>\n<p><strong>Pallie \u00e0 tous type de blocage \u00e9nerg\u00e9tique en apportant un \u00e9quilibre sur le plan physique, \u00e9motionnel et intellectuel. Permet de stabiliser l\u2019aura et l\u2019\u00e9nergie du corps physique.<\/strong><\/p>\n<h4><strong>4 &#8211; Les vertus de l\u2019auralite 23 :<\/strong><\/h4>\n<p>Domaine <strong>spirituel<\/strong>, celui de l\u2019\u00eatre humain avec ses intentions, ses buts ou ses pr\u00e9occupations existentielles :<\/p>\n<p><strong>\u00c9nergie universelle. Extr\u00eame protection. Apporte un alignement Terre-Ciel, afin de mieux vivre son incarnation tout en restant connect\u00e9 \u00e0 notre origine c\u00e9leste. Aide notre \u00e2me \u00e0 mieux vivre son exp\u00e9rience terrestre dans l\u2019unit\u00e9 divine.<\/strong><\/p>\n<p>Domaine de <strong>l\u2019\u00e2me<\/strong> ou du subconscient, ainsi que les notions de temp\u00e9rament, de sentiments, de sensations, de r\u00eaves, de v\u00e9cu sur le plan animique, d\u2019habitudes et de r\u00e9actions inconscientes :<\/p>\n<p><strong>Idem.<\/strong><\/p>\n<p>Domaine <strong>mental<\/strong> avec les id\u00e9es, la raison, les convictions, les consid\u00e9rations, ainsi que le mode de pens\u00e9e et d\u2019action consciente :<\/p>\n<p><strong>\u00c9nergie universelle. Extr\u00eame protection. Apporte un alignement Terre-Ciel, afin de mieux vivre son incarnation tout en restant connect\u00e9 \u00e0 notre origine c\u00e9leste. Aide notre \u00e2me \u00e0 mieux vivre son exp\u00e9rience terrestre dans l\u2019unit\u00e9 divine.<\/strong><\/p>\n<p>Domaine <strong>physique<\/strong> ou corporel, l\u2019ensemble de l\u2019organisme avec les sens, les organes et les fonctions :<\/p>\n<p><strong>Idem.<\/strong><\/p>\n<h4>5 &#8211; Les vertus de la fluorite multicolore :<\/h4>\n<p>Domaine <strong>spirituel<\/strong>, celui de l\u2019\u00eatre humain avec ses intentions, ses buts ou ses pr\u00e9occupations existentielles :<\/p>\n<p><strong>Libert\u00e9 d\u2019esprit, mobilit\u00e9.<\/strong><\/p>\n<p>Domaine de <strong>l\u2019\u00e2me<\/strong> ou du subconscient, ainsi que les notions de temp\u00e9rament, de sentiments, de sensations, de r\u00eaves, de v\u00e9cu sur le plan animique, d\u2019habitudes et de r\u00e9actions inconscientes :<\/p>\n<p><strong>Procure du changement et une vivacit\u00e9 \u00e9motionnelle.<\/strong><\/p>\n<p>Domaine <strong>mental<\/strong> avec les id\u00e9es, la raison, les convictions, les consid\u00e9rations, ainsi que le mode de pens\u00e9e et d\u2019action consciente :<\/p>\n<p><strong>Favorise la libert\u00e9 d\u00e9cisionnelle et rend inventif.<\/strong><\/p>\n<p>Domaine <strong>physique<\/strong> ou corporel, l\u2019ensemble de l\u2019organisme avec les sens, les organes et les fonctions :<\/p>\n<p><strong>Excellent pour la peau, les muqueuses, les nerfs, les os et les dents, att\u00e9nue la toux s\u00e8che, rend les articulations souples.<\/strong><\/p>\n<p><strong><em>La fleur de Lotus :<\/em><\/strong><br \/>\n<em>Dans le bouddhisme, la fleur de lotus symbolise la puret\u00e9 du corps et de l\u2019esprit. L\u2019eau boueuse qui accueille la plante est associ\u00e9e \u00e0 l\u2019attachement et aux d\u00e9sirs charnels, La fleur immacul\u00e9e qui fleurit sur l\u2019eau \u00e0 la recherche de lumi\u00e8re est la promesse de la puret\u00e9 et de l\u2019\u00e9l\u00e9vation spirituelle.<\/em><\/p>\n<p><em><strong>Le Aum ou Ohm :<\/strong><br \/>\nSelon les Hindous c\u2019est le premier SON originel qui repr\u00e9sente la cr\u00e9ation de l\u2019univers suite au big bang. Le son est la vibration universelle, \u00ab le murmure de l\u2019univers \u00bb.<br \/>\nLe aum repr\u00e9sente la v\u00e9rit\u00e9 absolue.<br \/>\nLa r\u00e9p\u00e9tition de ce mantra \u00e0 plusieurs reprises nous met en harmonie avec la conscience Universelle ou tout simplement on se sent bien dans le corps.<\/em><\/p>\n","protected":false},"excerpt":{"rendered":"<table>\n<tbody>\n<tr>\n<td style=\"texte-align: left; color: gray; border: none;\"><strong>Hors frais d&rsquo;exp\u00e9dition<\/strong><\/td>\n<\/tr>\n<tr>\n<td style=\"texte-align: left; color: gray; border: none;\"><strong>Bijoux confectionn\u00e9s sur-mesure, sur commande<br \/>Les couleurs et motifs des pierres varient d&rsquo;un bijou \u00e0 un autre<br \/>D\u00e9lai de confection environ 30 jours<\/strong><\/td>\n<\/tr>\n<tr>\n<td style=\"texte-align: left; color: blue; border: none;\"><a style=\"color: #a15fe2;\" href=\"https:\/\/lescreationsde.celineinmyworldmedium.com\/index.php\/mesurer-son-tour-de-poignet-pour-bracelets\/\" target=\"_blank\" rel=\"noopener\"><strong>Comment mesurer son tour de poignet<\/strong><\/a><\/td>\n<\/tr>\n<\/tbody>\n<\/table>\n","protected":false},"featured_media":6882,"comment_status":"open","ping_status":"closed","template":"","meta":[],"product_brand":[],"product_cat":[31,459,736,544,102,468],"product_tag":[147,152,106,229,42,44,38,47,43,41,40,39,23,25,36,34,1598,26,37,35,984,16,24,45,17,33,269,32,27,89,22,28,408],"class_list":{"0":"post-2887","1":"product","2":"type-product","3":"status-publish","4":"has-post-thumbnail","6":"product_cat-bracelets","7":"product_cat-agate-pierres-boutique","8":"product_cat-auralite-23-pierres","9":"product_cat-chrysoberyl","10":"product_cat-fluorite-pierres","11":"product_cat-quartz-pierres","12":"product_tag-agate-indienne","13":"product_tag-amour","14":"product_tag-argent","15":"product_tag-auralite-23","16":"product_tag-bijou","17":"product_tag-bijou-energetique","18":"product_tag-bijoux","19":"product_tag-bijoux-anti-allergies","20":"product_tag-bijoux-energetiques","21":"product_tag-bijoux-fait-main","22":"product_tag-bijoux-personnalises","23":"product_tag-bijoux-sur-mesure","24":"product_tag-boucles-doreilles","25":"product_tag-bracelet","26":"product_tag-bracelet-femme","27":"product_tag-bracelet-homme","28":"product_tag-bracelet-pour-la-reussite-avec-fleur-de-lotus-et-aum","29":"product_tag-bracelets","30":"product_tag-bracelets-femme","31":"product_tag-bracelets-homme","32":"product_tag-chrysoberyl-oeil-de-chat","33":"product_tag-collier","34":"product_tag-collier-femme","35":"product_tag-collier-personnalise","36":"product_tag-colliers","37":"product_tag-energetique","38":"product_tag-fluorite-multicolore","39":"product_tag-lithotherapie","40":"product_tag-pierre","41":"product_tag-pierre-naturelle","42":"product_tag-pierre-semi-precieuse","43":"product_tag-pierres-naturelles","44":"product_tag-quartz-rose","46":"first","47":"instock","48":"shipping-taxable","49":"purchasable","50":"product-type-variable"},"yoast_head":"<!-- This site is optimized with the Yoast SEO plugin v27.2 - https:\/\/yoast.com\/product\/yoast-seo-wordpress\/ -->\n<title>Bracelet pour la r\u00e9ussite, en Chrysob\u00e9ryl oeil de chat, Quartz rose<\/title>\n<meta name=\"description\" content=\"Amour, protection, s\u00e9curit\u00e9. Excellent pour la peau, les muqueuses, les nerfs, les os et les dents, att\u00e9nue la toux s\u00e8che, rend les articulations souples.\" \/>\n<meta name=\"robots\" content=\"index, follow, max-snippet:-1, max-image-preview:large, max-video-preview:-1\" \/>\n<link rel=\"canonical\" href=\"https:\/\/lescreationsde.celineinmyworldmedium.com\/index.php\/produit\/bracelet-pour-la-reussite-en-chrysoberyl-oeil-de-chat-quartz-rose-agate-indienne-auralite-23-et-fluorite-multicolore-avec-fleur-de-lotus-et-aum\/\" \/>\n<meta property=\"og:locale\" content=\"fr_FR\" \/>\n<meta property=\"og:type\" content=\"article\" \/>\n<meta property=\"og:title\" content=\"Bracelet pour la r\u00e9ussite, en Chrysob\u00e9ryl oeil de chat, Quartz rose\" \/>\n<meta property=\"og:description\" content=\"Amour, protection, s\u00e9curit\u00e9. Excellent pour la peau, les muqueuses, les nerfs, les os et les dents, att\u00e9nue la toux s\u00e8che, rend les articulations souples.\" \/>\n<meta property=\"og:url\" content=\"https:\/\/lescreationsde.celineinmyworldmedium.com\/index.php\/produit\/bracelet-pour-la-reussite-en-chrysoberyl-oeil-de-chat-quartz-rose-agate-indienne-auralite-23-et-fluorite-multicolore-avec-fleur-de-lotus-et-aum\/\" \/>\n<meta property=\"og:site_name\" content=\"Les cr\u00e9ations de C\u00e9line Inmyworld\" \/>\n<meta property=\"article:modified_time\" content=\"2024-10-23T15:17:14+00:00\" \/>\n<meta property=\"og:image\" content=\"https:\/\/lescreationsde.celineinmyworldmedium.com\/wp-content\/uploads\/2021\/10\/Bracelet_pour_la_reussite_en_Chrysoberyl_oeil-de-chat_Quartz-rose_Agate-indienne_Auralite_23_et_Fluorite_multicolore_avec_Fleur_de_lotus_et_Aum.jpg\" \/>\n\t<meta property=\"og:image:width\" content=\"821\" \/>\n\t<meta property=\"og:image:height\" content=\"960\" \/>\n\t<meta property=\"og:image:type\" content=\"image\/jpeg\" \/>\n<meta name=\"twitter:card\" content=\"summary_large_image\" \/>\n<meta name=\"twitter:label1\" content=\"Dur\u00e9e de lecture estim\u00e9e\" \/>\n\t<meta name=\"twitter:data1\" content=\"5 minutes\" \/>\n<script type=\"application\/ld+json\" class=\"yoast-schema-graph\">{\"@context\":\"https:\/\/schema.org\",\"@graph\":[{\"@type\":\"WebPage\",\"@id\":\"https:\/\/lescreationsde.celineinmyworldmedium.com\/index.php\/produit\/bracelet-pour-la-reussite-en-chrysoberyl-oeil-de-chat-quartz-rose-agate-indienne-auralite-23-et-fluorite-multicolore-avec-fleur-de-lotus-et-aum\/\",\"url\":\"https:\/\/lescreationsde.celineinmyworldmedium.com\/index.php\/produit\/bracelet-pour-la-reussite-en-chrysoberyl-oeil-de-chat-quartz-rose-agate-indienne-auralite-23-et-fluorite-multicolore-avec-fleur-de-lotus-et-aum\/\",\"name\":\"Bracelet pour la r\u00e9ussite, en Chrysob\u00e9ryl oeil de chat, Quartz rose\",\"isPartOf\":{\"@id\":\"https:\/\/lescreationsde.celineinmyworldmedium.com\/#website\"},\"primaryImageOfPage\":{\"@id\":\"https:\/\/lescreationsde.celineinmyworldmedium.com\/index.php\/produit\/bracelet-pour-la-reussite-en-chrysoberyl-oeil-de-chat-quartz-rose-agate-indienne-auralite-23-et-fluorite-multicolore-avec-fleur-de-lotus-et-aum\/#primaryimage\"},\"image\":{\"@id\":\"https:\/\/lescreationsde.celineinmyworldmedium.com\/index.php\/produit\/bracelet-pour-la-reussite-en-chrysoberyl-oeil-de-chat-quartz-rose-agate-indienne-auralite-23-et-fluorite-multicolore-avec-fleur-de-lotus-et-aum\/#primaryimage\"},\"thumbnailUrl\":\"https:\/\/lescreationsde.celineinmyworldmedium.com\/wp-content\/uploads\/2021\/10\/Bracelet_pour_la_reussite_en_Chrysoberyl_oeil-de-chat_Quartz-rose_Agate-indienne_Auralite_23_et_Fluorite_multicolore_avec_Fleur_de_lotus_et_Aum.jpg\",\"datePublished\":\"2022-09-29T14:01:58+00:00\",\"dateModified\":\"2024-10-23T15:17:14+00:00\",\"description\":\"Amour, protection, s\u00e9curit\u00e9. Excellent pour la peau, les muqueuses, les nerfs, les os et les dents, att\u00e9nue la toux s\u00e8che, rend les articulations souples.\",\"breadcrumb\":{\"@id\":\"https:\/\/lescreationsde.celineinmyworldmedium.com\/index.php\/produit\/bracelet-pour-la-reussite-en-chrysoberyl-oeil-de-chat-quartz-rose-agate-indienne-auralite-23-et-fluorite-multicolore-avec-fleur-de-lotus-et-aum\/#breadcrumb\"},\"inLanguage\":\"fr-FR\",\"potentialAction\":[{\"@type\":\"ReadAction\",\"target\":[\"https:\/\/lescreationsde.celineinmyworldmedium.com\/index.php\/produit\/bracelet-pour-la-reussite-en-chrysoberyl-oeil-de-chat-quartz-rose-agate-indienne-auralite-23-et-fluorite-multicolore-avec-fleur-de-lotus-et-aum\/\"]}]},{\"@type\":\"ImageObject\",\"inLanguage\":\"fr-FR\",\"@id\":\"https:\/\/lescreationsde.celineinmyworldmedium.com\/index.php\/produit\/bracelet-pour-la-reussite-en-chrysoberyl-oeil-de-chat-quartz-rose-agate-indienne-auralite-23-et-fluorite-multicolore-avec-fleur-de-lotus-et-aum\/#primaryimage\",\"url\":\"https:\/\/lescreationsde.celineinmyworldmedium.com\/wp-content\/uploads\/2021\/10\/Bracelet_pour_la_reussite_en_Chrysoberyl_oeil-de-chat_Quartz-rose_Agate-indienne_Auralite_23_et_Fluorite_multicolore_avec_Fleur_de_lotus_et_Aum.jpg\",\"contentUrl\":\"https:\/\/lescreationsde.celineinmyworldmedium.com\/wp-content\/uploads\/2021\/10\/Bracelet_pour_la_reussite_en_Chrysoberyl_oeil-de-chat_Quartz-rose_Agate-indienne_Auralite_23_et_Fluorite_multicolore_avec_Fleur_de_lotus_et_Aum.jpg\",\"width\":821,\"height\":960,\"caption\":\"Bracelet pour la r\u00e9ussite, en Chrysob\u00e9ryl oeil-de-chat, Quartz rose, Agate indienne, Auralite 23 et Fluorite multicolore, avec Fleur de lotus et Aum\"},{\"@type\":\"BreadcrumbList\",\"@id\":\"https:\/\/lescreationsde.celineinmyworldmedium.com\/index.php\/produit\/bracelet-pour-la-reussite-en-chrysoberyl-oeil-de-chat-quartz-rose-agate-indienne-auralite-23-et-fluorite-multicolore-avec-fleur-de-lotus-et-aum\/#breadcrumb\",\"itemListElement\":[{\"@type\":\"ListItem\",\"position\":1,\"name\":\"Accueil\",\"item\":\"https:\/\/lescreationsde.celineinmyworldmedium.com\/\"},{\"@type\":\"ListItem\",\"position\":2,\"name\":\"Produits\",\"item\":\"https:\/\/lescreationsde.celineinmyworldmedium.com\/index.php\/boutique\/\"},{\"@type\":\"ListItem\",\"position\":3,\"name\":\"Bracelet pour la r\u00e9ussite, en Chrysob\u00e9ryl oeil de chat, Quartz rose, Agate indienne, Auralite 23 et Fluorite multicolore, avec Fleur de lotus et Aum\"}]},{\"@type\":\"WebSite\",\"@id\":\"https:\/\/lescreationsde.celineinmyworldmedium.com\/#website\",\"url\":\"https:\/\/lescreationsde.celineinmyworldmedium.com\/\",\"name\":\"Les cr\u00e9ations de C\u00e9line Inmyworld\",\"description\":\"Cr\u00e9ation de bijoux personnalis\u00e9s, sur-mesure, en pierres semi-pr\u00e9cieuses de qualit\u00e9. Bracelets, boucles d&#039;oreilles, colliers, sautoirs, malas, cha\u00eenes de cheville, bagues...\u2764\",\"publisher\":{\"@id\":\"https:\/\/lescreationsde.celineinmyworldmedium.com\/#organization\"},\"potentialAction\":[{\"@type\":\"SearchAction\",\"target\":{\"@type\":\"EntryPoint\",\"urlTemplate\":\"https:\/\/lescreationsde.celineinmyworldmedium.com\/?s={search_term_string}\"},\"query-input\":{\"@type\":\"PropertyValueSpecification\",\"valueRequired\":true,\"valueName\":\"search_term_string\"}}],\"inLanguage\":\"fr-FR\"},{\"@type\":\"Organization\",\"@id\":\"https:\/\/lescreationsde.celineinmyworldmedium.com\/#organization\",\"name\":\"Les cr\u00e9ations de C\u00e9line Inmyworld\",\"url\":\"https:\/\/lescreationsde.celineinmyworldmedium.com\/\",\"logo\":{\"@type\":\"ImageObject\",\"inLanguage\":\"fr-FR\",\"@id\":\"https:\/\/lescreationsde.celineinmyworldmedium.com\/#\/schema\/logo\/image\/\",\"url\":\"https:\/\/lescreationsde.celineinmyworldmedium.com\/wp-content\/uploads\/2021\/03\/logo_creations3.png\",\"contentUrl\":\"https:\/\/lescreationsde.celineinmyworldmedium.com\/wp-content\/uploads\/2021\/03\/logo_creations3.png\",\"width\":613,\"height\":190,\"caption\":\"Les cr\u00e9ations de C\u00e9line Inmyworld\"},\"image\":{\"@id\":\"https:\/\/lescreationsde.celineinmyworldmedium.com\/#\/schema\/logo\/image\/\"}}]}<\/script>\n<!-- \/ Yoast SEO plugin. -->","yoast_head_json":{"title":"Bracelet pour la r\u00e9ussite, en Chrysob\u00e9ryl oeil de chat, Quartz rose","description":"Amour, protection, s\u00e9curit\u00e9. Excellent pour la peau, les muqueuses, les nerfs, les os et les dents, att\u00e9nue la toux s\u00e8che, rend les articulations souples.","robots":{"index":"index","follow":"follow","max-snippet":"max-snippet:-1","max-image-preview":"max-image-preview:large","max-video-preview":"max-video-preview:-1"},"canonical":"https:\/\/lescreationsde.celineinmyworldmedium.com\/index.php\/produit\/bracelet-pour-la-reussite-en-chrysoberyl-oeil-de-chat-quartz-rose-agate-indienne-auralite-23-et-fluorite-multicolore-avec-fleur-de-lotus-et-aum\/","og_locale":"fr_FR","og_type":"article","og_title":"Bracelet pour la r\u00e9ussite, en Chrysob\u00e9ryl oeil de chat, Quartz rose","og_description":"Amour, protection, s\u00e9curit\u00e9. Excellent pour la peau, les muqueuses, les nerfs, les os et les dents, att\u00e9nue la toux s\u00e8che, rend les articulations souples.","og_url":"https:\/\/lescreationsde.celineinmyworldmedium.com\/index.php\/produit\/bracelet-pour-la-reussite-en-chrysoberyl-oeil-de-chat-quartz-rose-agate-indienne-auralite-23-et-fluorite-multicolore-avec-fleur-de-lotus-et-aum\/","og_site_name":"Les cr\u00e9ations de C\u00e9line Inmyworld","article_modified_time":"2024-10-23T15:17:14+00:00","og_image":[{"width":821,"height":960,"url":"https:\/\/lescreationsde.celineinmyworldmedium.com\/wp-content\/uploads\/2021\/10\/Bracelet_pour_la_reussite_en_Chrysoberyl_oeil-de-chat_Quartz-rose_Agate-indienne_Auralite_23_et_Fluorite_multicolore_avec_Fleur_de_lotus_et_Aum.jpg","type":"image\/jpeg"}],"twitter_card":"summary_large_image","twitter_misc":{"Dur\u00e9e de lecture estim\u00e9e":"5 minutes"},"schema":{"@context":"https:\/\/schema.org","@graph":[{"@type":"WebPage","@id":"https:\/\/lescreationsde.celineinmyworldmedium.com\/index.php\/produit\/bracelet-pour-la-reussite-en-chrysoberyl-oeil-de-chat-quartz-rose-agate-indienne-auralite-23-et-fluorite-multicolore-avec-fleur-de-lotus-et-aum\/","url":"https:\/\/lescreationsde.celineinmyworldmedium.com\/index.php\/produit\/bracelet-pour-la-reussite-en-chrysoberyl-oeil-de-chat-quartz-rose-agate-indienne-auralite-23-et-fluorite-multicolore-avec-fleur-de-lotus-et-aum\/","name":"Bracelet pour la r\u00e9ussite, en Chrysob\u00e9ryl oeil de chat, Quartz rose","isPartOf":{"@id":"https:\/\/lescreationsde.celineinmyworldmedium.com\/#website"},"primaryImageOfPage":{"@id":"https:\/\/lescreationsde.celineinmyworldmedium.com\/index.php\/produit\/bracelet-pour-la-reussite-en-chrysoberyl-oeil-de-chat-quartz-rose-agate-indienne-auralite-23-et-fluorite-multicolore-avec-fleur-de-lotus-et-aum\/#primaryimage"},"image":{"@id":"https:\/\/lescreationsde.celineinmyworldmedium.com\/index.php\/produit\/bracelet-pour-la-reussite-en-chrysoberyl-oeil-de-chat-quartz-rose-agate-indienne-auralite-23-et-fluorite-multicolore-avec-fleur-de-lotus-et-aum\/#primaryimage"},"thumbnailUrl":"https:\/\/lescreationsde.celineinmyworldmedium.com\/wp-content\/uploads\/2021\/10\/Bracelet_pour_la_reussite_en_Chrysoberyl_oeil-de-chat_Quartz-rose_Agate-indienne_Auralite_23_et_Fluorite_multicolore_avec_Fleur_de_lotus_et_Aum.jpg","datePublished":"2022-09-29T14:01:58+00:00","dateModified":"2024-10-23T15:17:14+00:00","description":"Amour, protection, s\u00e9curit\u00e9. Excellent pour la peau, les muqueuses, les nerfs, les os et les dents, att\u00e9nue la toux s\u00e8che, rend les articulations souples.","breadcrumb":{"@id":"https:\/\/lescreationsde.celineinmyworldmedium.com\/index.php\/produit\/bracelet-pour-la-reussite-en-chrysoberyl-oeil-de-chat-quartz-rose-agate-indienne-auralite-23-et-fluorite-multicolore-avec-fleur-de-lotus-et-aum\/#breadcrumb"},"inLanguage":"fr-FR","potentialAction":[{"@type":"ReadAction","target":["https:\/\/lescreationsde.celineinmyworldmedium.com\/index.php\/produit\/bracelet-pour-la-reussite-en-chrysoberyl-oeil-de-chat-quartz-rose-agate-indienne-auralite-23-et-fluorite-multicolore-avec-fleur-de-lotus-et-aum\/"]}]},{"@type":"ImageObject","inLanguage":"fr-FR","@id":"https:\/\/lescreationsde.celineinmyworldmedium.com\/index.php\/produit\/bracelet-pour-la-reussite-en-chrysoberyl-oeil-de-chat-quartz-rose-agate-indienne-auralite-23-et-fluorite-multicolore-avec-fleur-de-lotus-et-aum\/#primaryimage","url":"https:\/\/lescreationsde.celineinmyworldmedium.com\/wp-content\/uploads\/2021\/10\/Bracelet_pour_la_reussite_en_Chrysoberyl_oeil-de-chat_Quartz-rose_Agate-indienne_Auralite_23_et_Fluorite_multicolore_avec_Fleur_de_lotus_et_Aum.jpg","contentUrl":"https:\/\/lescreationsde.celineinmyworldmedium.com\/wp-content\/uploads\/2021\/10\/Bracelet_pour_la_reussite_en_Chrysoberyl_oeil-de-chat_Quartz-rose_Agate-indienne_Auralite_23_et_Fluorite_multicolore_avec_Fleur_de_lotus_et_Aum.jpg","width":821,"height":960,"caption":"Bracelet pour la r\u00e9ussite, en Chrysob\u00e9ryl oeil-de-chat, Quartz rose, Agate indienne, Auralite 23 et Fluorite multicolore, avec Fleur de lotus et Aum"},{"@type":"BreadcrumbList","@id":"https:\/\/lescreationsde.celineinmyworldmedium.com\/index.php\/produit\/bracelet-pour-la-reussite-en-chrysoberyl-oeil-de-chat-quartz-rose-agate-indienne-auralite-23-et-fluorite-multicolore-avec-fleur-de-lotus-et-aum\/#breadcrumb","itemListElement":[{"@type":"ListItem","position":1,"name":"Accueil","item":"https:\/\/lescreationsde.celineinmyworldmedium.com\/"},{"@type":"ListItem","position":2,"name":"Produits","item":"https:\/\/lescreationsde.celineinmyworldmedium.com\/index.php\/boutique\/"},{"@type":"ListItem","position":3,"name":"Bracelet pour la r\u00e9ussite, en Chrysob\u00e9ryl oeil de chat, Quartz rose, Agate indienne, Auralite 23 et Fluorite multicolore, avec Fleur de lotus et Aum"}]},{"@type":"WebSite","@id":"https:\/\/lescreationsde.celineinmyworldmedium.com\/#website","url":"https:\/\/lescreationsde.celineinmyworldmedium.com\/","name":"Les cr\u00e9ations de C\u00e9line Inmyworld","description":"Cr\u00e9ation de bijoux personnalis\u00e9s, sur-mesure, en pierres semi-pr\u00e9cieuses de qualit\u00e9. Bracelets, boucles d&#039;oreilles, colliers, sautoirs, malas, cha\u00eenes de cheville, bagues...\u2764","publisher":{"@id":"https:\/\/lescreationsde.celineinmyworldmedium.com\/#organization"},"potentialAction":[{"@type":"SearchAction","target":{"@type":"EntryPoint","urlTemplate":"https:\/\/lescreationsde.celineinmyworldmedium.com\/?s={search_term_string}"},"query-input":{"@type":"PropertyValueSpecification","valueRequired":true,"valueName":"search_term_string"}}],"inLanguage":"fr-FR"},{"@type":"Organization","@id":"https:\/\/lescreationsde.celineinmyworldmedium.com\/#organization","name":"Les cr\u00e9ations de C\u00e9line Inmyworld","url":"https:\/\/lescreationsde.celineinmyworldmedium.com\/","logo":{"@type":"ImageObject","inLanguage":"fr-FR","@id":"https:\/\/lescreationsde.celineinmyworldmedium.com\/#\/schema\/logo\/image\/","url":"https:\/\/lescreationsde.celineinmyworldmedium.com\/wp-content\/uploads\/2021\/03\/logo_creations3.png","contentUrl":"https:\/\/lescreationsde.celineinmyworldmedium.com\/wp-content\/uploads\/2021\/03\/logo_creations3.png","width":613,"height":190,"caption":"Les cr\u00e9ations de C\u00e9line Inmyworld"},"image":{"@id":"https:\/\/lescreationsde.celineinmyworldmedium.com\/#\/schema\/logo\/image\/"}}]}},"jetpack_sharing_enabled":true,"_links":{"self":[{"href":"https:\/\/lescreationsde.celineinmyworldmedium.com\/index.php\/wp-json\/wp\/v2\/product\/2887","targetHints":{"allow":["GET"]}}],"collection":[{"href":"https:\/\/lescreationsde.celineinmyworldmedium.com\/index.php\/wp-json\/wp\/v2\/product"}],"about":[{"href":"https:\/\/lescreationsde.celineinmyworldmedium.com\/index.php\/wp-json\/wp\/v2\/types\/product"}],"replies":[{"embeddable":true,"href":"https:\/\/lescreationsde.celineinmyworldmedium.com\/index.php\/wp-json\/wp\/v2\/comments?post=2887"}],"wp:featuredmedia":[{"embeddable":true,"href":"https:\/\/lescreationsde.celineinmyworldmedium.com\/index.php\/wp-json\/wp\/v2\/media\/6882"}],"wp:attachment":[{"href":"https:\/\/lescreationsde.celineinmyworldmedium.com\/index.php\/wp-json\/wp\/v2\/media?parent=2887"}],"wp:term":[{"taxonomy":"product_brand","embeddable":true,"href":"https:\/\/lescreationsde.celineinmyworldmedium.com\/index.php\/wp-json\/wp\/v2\/product_brand?post=2887"},{"taxonomy":"product_cat","embeddable":true,"href":"https:\/\/lescreationsde.celineinmyworldmedium.com\/index.php\/wp-json\/wp\/v2\/product_cat?post=2887"},{"taxonomy":"product_tag","embeddable":true,"href":"https:\/\/lescreationsde.celineinmyworldmedium.com\/index.php\/wp-json\/wp\/v2\/product_tag?post=2887"}],"curies":[{"name":"wp","href":"https:\/\/api.w.org\/{rel}","templated":true}]}}