{"id":2885,"date":"2022-09-30T14:30:17","date_gmt":"2022-09-30T12:30:17","guid":{"rendered":"https:\/\/lescreationsde.celineinmyworldmedium.com\/?post_type=product&#038;p=2885"},"modified":"2024-03-10T23:59:38","modified_gmt":"2024-03-10T22:59:38","slug":"bracelet-pour-se-reconnecter-a-soi-en-chrysoprase-tourmaline-polychrome-aigue-marine-pierre-de-lune-grise-et-topaze-avec-arbre-de-vie","status":"publish","type":"product","link":"https:\/\/lescreationsde.celineinmyworldmedium.com\/index.php\/produit\/bracelet-pour-se-reconnecter-a-soi-en-chrysoprase-tourmaline-polychrome-aigue-marine-pierre-de-lune-grise-et-topaze-avec-arbre-de-vie\/","title":{"rendered":"Bracelet pour se reconnecter \u00e0 soi, en Chrysoprase, Tourmaline Polychrome, Aigue-marine, Pierre de lune grise et Topaze, avec arbre de vie"},"content":{"rendered":"<h4><strong>1 &#8211; Les vertus de la topaze :<\/strong><\/h4>\n<p>Domaine <strong>spirituel<\/strong>, celui de l\u2019\u00eatre humain avec ses intentions, ses buts ou ses pr\u00e9occupations existentielles :<\/p>\n<p><strong>Amour et valeur de soi.<\/strong><\/p>\n<p>Domaine de <strong>l\u2019\u00e2me<\/strong> ou du subconscient, ainsi que les notions de temp\u00e9rament, de sentiments, de sensations, de r\u00eaves, de v\u00e9cu sur le plan animique, d\u2019habitudes et de r\u00e9actions inconscientes :<\/p>\n<p><strong>Permet d\u2019\u00eatre plus s\u00fbr de soi et favorise la conscience de sa propre importance. D\u00e9veloppe le charisme, la cordialit\u00e9, un esprit chaleureux et permet une vie affective \u00e9panouie.<\/strong><\/p>\n<p>Domaine <strong>mental<\/strong> avec les id\u00e9es, la raison, les convictions, les consid\u00e9rations, ainsi que le mode de pens\u00e9e et d\u2019action consciente :<\/p>\n<p><strong>Aide \u00e0 appr\u00e9cier les succ\u00e8s de sa vie et de ses actes. Stimule la serviabilit\u00e9 et l\u2019engagement social.<\/strong><\/p>\n<p>Domaine <strong>physique<\/strong> ou corporel, l\u2019ensemble de l\u2019organisme avec les sens, les organes et les fonctions :<\/p>\n<p><strong>Stimule la digestion et le m\u00e9tabolisme, fortifie l\u2019estomac, le pancr\u00e9as et l\u2019intestin gr\u00eale. Aide en cas de troubles nerveux, cardiaques et m\u00e9taboliques ainsi que d\u2019infertilit\u00e9.<\/strong><\/p>\n<h4>2 &#8211; Les vertus de l\u2019aigue-marine :<\/h4>\n<p>Domaine <strong>spirituel<\/strong>, celui de l\u2019\u00eatre humain avec ses intentions, ses buts ou ses pr\u00e9occupations existentielles :<\/p>\n<p><strong>Clairvoyance, pr\u00e9voyance.<\/strong><\/p>\n<p>Domaine de <strong>l\u2019\u00e2me<\/strong> ou du subconscient, ainsi que les notions de temp\u00e9rament, de sentiments, de sensations, de r\u00eaves, de v\u00e9cu sur le plan animique, d\u2019habitudes et de r\u00e9actions inconscientes :<\/p>\n<p><strong>Favorise l\u2019endurance, la discipline, la l\u00e9g\u00e8ret\u00e9 et la s\u00e9r\u00e9nit\u00e9.<\/strong><\/p>\n<p>Domaine <strong>mental<\/strong> avec les id\u00e9es, la raison, les convictions, les consid\u00e9rations, ainsi que le mode de pens\u00e9e et d\u2019action consciente :<\/p>\n<p><strong>Permet de sortir de la confusion, incite \u00e0 aller jusqu\u2019au bout de ce qui n\u2019a pas \u00e9t\u00e9 termin\u00e9.<\/strong><\/p>\n<p>Domaine <strong>physique<\/strong> ou corporel, l\u2019ensemble de l\u2019organisme avec les sens, les organes et les fonctions :<\/p>\n<p><strong>Aide en cas d\u2019allergies, de rhume des foins, de troubles des yeux et des voies respiratoires, de la thyro\u00efde et de la vessie.<\/strong><\/p>\n<h4>3 &#8211; Les vertus de la pierre de lune grise :<\/h4>\n<p>Domaine <strong>spirituel<\/strong>, celui de l\u2019\u00eatre humain avec ses intentions, ses buts ou ses pr\u00e9occupations existentielles :<\/p>\n<p><strong>Optimisme.<\/strong><\/p>\n<p>Domaine de <strong>l\u2019\u00e2me<\/strong> ou du subconscient, ainsi que les notions de temp\u00e9rament, de sentiments, de sensations, de r\u00eaves, de v\u00e9cu sur le plan animique, d\u2019habitudes et de r\u00e9actions inconscientes :<\/p>\n<p><strong>Aide \u00e0 dire \u201coui\u201d \u00e0 la vie, att\u00e9nue les peurs, les soucis et la d\u00e9pression.<\/strong><\/p>\n<p>Domaine <strong>mental<\/strong> avec les id\u00e9es, la raison, les convictions, les consid\u00e9rations, ainsi que le mode de pens\u00e9e et d\u2019action consciente :<\/p>\n<p><strong>Canalise le regard sur ses propres forces et sur les c\u00f4t\u00e9s ensoleill\u00e9s de la vie.<\/strong><\/p>\n<p>Domaine <strong>physique<\/strong> ou corporel, l\u2019ensemble de l\u2019organisme avec les sens, les organes et les fonctions :<\/p>\n<p><strong>Harmonise le syst\u00e8me nerveux v\u00e9g\u00e9tatif et l\u2019interaction entre les organes.<\/strong><\/p>\n<h4>4 &#8211; Les vertus de la tourmaline polychrome<span class=\"d2edcug0 hpfvmrgz qv66sw1b c1et5uql lr9zc1uh a8c37x1j keod5gw0 nxhoafnm aigsh9s9 d3f4x2em fe6kdd0r mau55g9w c8b282yb iv3no6db gfeo3gy3 a3bd9o3v knj5qynh oo9gr5id\" dir=\"auto\"> :<\/span><\/h4>\n<p>Domaine <strong>spirituel<\/strong>, celui de l\u2019\u00eatre humain avec ses intentions, ses buts ou ses pr\u00e9occupations existentielles :<\/p>\n<p><strong>Totalit\u00e9 : Aide \u00e0 relier l\u2019esprit, l\u2019\u00e2me, la raison et le corps pour former une unit\u00e9 harmonieuse.<\/strong><\/p>\n<p>Domaine de <strong>l\u2019\u00e2me<\/strong> ou du subconscient, ainsi que les notions de temp\u00e9rament, de sentiments, de sensations, de r\u00eaves, de v\u00e9cu sur le plan animique, d\u2019habitudes et de r\u00e9actions inconscientes :<\/p>\n<p><strong>Stimule l\u2019imagination et les r\u00eaves.<\/strong><\/p>\n<p>Domaine <strong>mental<\/strong> avec les id\u00e9es, la raison, les convictions, les consid\u00e9rations, ainsi que le mode de pens\u00e9e et d\u2019action consciente :<\/p>\n<p><strong>Aide \u00e0 identifier et \u00e0 diriger les \u00e9volutions.<\/strong><\/p>\n<p>Domaine <strong>physique<\/strong> ou corporel, l\u2019ensemble de l\u2019organisme avec les sens, les organes et les fonctions :<\/p>\n<p><strong>Harmonise les nerfs, le m\u00e9tabolisme, les glandes hormonales et le syst\u00e8me immunitaire.<\/strong><\/p>\n<h4><strong>5 &#8211; Les vertus de la chrysoprase <\/strong><strong>:<\/strong><\/h4>\n<p>Domaine <strong>spirituel<\/strong>, celui de l\u2019\u00eatre humain avec ses intentions, ses buts ou ses pr\u00e9occupations existentielles :<\/p>\n<p><strong>D\u00e9toxication.<\/strong><\/p>\n<p>Domaine de <strong>l\u2019\u00e2me<\/strong> ou du subconscient, ainsi que les notions de temp\u00e9rament, de sentiments, de sensations, de r\u00eaves, de v\u00e9cu sur le plan animique, d\u2019habitudes et de r\u00e9actions inconscientes :<\/p>\n<p><strong>Favorise la confiance et la s\u00e9curit\u00e9, aide en cas de d\u00e9ception amoureuse, de jalousie, cauchemars.<\/strong><\/p>\n<p>Domaine <strong>mental<\/strong> avec les id\u00e9es, la raison, les convictions, les consid\u00e9rations, ainsi que le mode de pens\u00e9e et d\u2019action consciente :<\/p>\n<p><strong>Permet de clarifier les probl\u00e8mes relationnels.<\/strong><\/p>\n<p>Domaine <strong>physique<\/strong> ou corporel, l\u2019ensemble de l\u2019organisme avec les sens, les organes et les fonctions :<\/p>\n<p><strong>\u00c9limine les scories, d\u00e9toxique et aide en cas d\u2019allergies, d\u2019\u00e9pilepsie, de maladies cutan\u00e9es, de mycose et de rhumatismes.<\/strong><\/p>\n<p><em><strong>L\u2019arbre de vie :<\/strong><br \/>\nSymbole d\u2019amour et de protection.<br \/>\nPr\u00e9sent dans les traditions religieuses, il incarne une plante d\u2019immortalit\u00e9 plac\u00e9e au milieu du Paradis : l\u2019arbre perd son feuillage l\u2019hiver et le retrouve au printemps. L\u2019arbre de vie est donc le symbole du cycle mort-r\u00e9surrection o\u00f9 la vie et l\u2019immortalit\u00e9 l\u2019emportent toujours sur la mort.<br \/>\nAvec ses racines fermement plant\u00e9es sous terre et ses branches dirig\u00e9es vers le ciel, il symbolise le lien entre le monde terrestre et l\u2019au del\u00e0. Faisant r\u00e9f\u00e9rence \u00e0 un sentiment d\u2019ancrage, il \u00e9voque la force de la vie et ses origines.<\/em><\/p>\n","protected":false},"excerpt":{"rendered":"<table>\n<tbody>\n<tr>\n<td style=\"texte-align: left; color: gray; border: none;\"><strong>Hors frais d&rsquo;exp\u00e9dition<\/strong><\/td>\n<\/tr>\n<tr>\n<td style=\"texte-align: left; color: gray; border: none;\"><strong>Bijoux confectionn\u00e9s sur-mesure, sur commande<br \/>Les couleurs et motifs des pierres varient d&rsquo;un bijou \u00e0 un autre<br \/>D\u00e9lai de confection environ 30 jours<\/strong><\/td>\n<\/tr>\n<tr>\n<td style=\"texte-align: left; color: blue; border: none;\"><a style=\"color: #a15fe2;\" href=\"https:\/\/lescreationsde.celineinmyworldmedium.com\/index.php\/mesurer-son-tour-de-poignet-pour-bracelets\/\" target=\"_blank\" rel=\"noopener\"><strong>Comment mesurer son tour de poignet<\/strong><\/a><\/td>\n<\/tr>\n<\/tbody>\n<\/table>\n","protected":false},"featured_media":6884,"comment_status":"open","ping_status":"closed","template":"","meta":[],"product_brand":[],"product_cat":[31,54,1216,454,57,540,110],"product_tag":[58,152,106,42,44,38,47,43,41,40,39,23,25,36,34,1599,26,37,35,1161,16,24,45,17,33,32,27,1328,89,22,28,437,440],"class_list":{"0":"post-2885","1":"product","2":"type-product","3":"status-publish","4":"has-post-thumbnail","6":"product_cat-bracelets","7":"product_cat-aigue-marine","8":"product_cat-chrysoprase-pierres","9":"product_cat-pierre-de-lune-pierres","10":"product_cat-topaze-pierres","11":"product_cat-tourmaline-pierres","12":"product_cat-boutique","13":"product_tag-aigue-marine","14":"product_tag-amour","15":"product_tag-argent","16":"product_tag-bijou","17":"product_tag-bijou-energetique","18":"product_tag-bijoux","19":"product_tag-bijoux-anti-allergies","20":"product_tag-bijoux-energetiques","21":"product_tag-bijoux-fait-main","22":"product_tag-bijoux-personnalises","23":"product_tag-bijoux-sur-mesure","24":"product_tag-boucles-doreilles","25":"product_tag-bracelet","26":"product_tag-bracelet-femme","27":"product_tag-bracelet-homme","28":"product_tag-bracelet-pour-se-reconnecter-a-soi-avec-arbre-de-vie","29":"product_tag-bracelets","30":"product_tag-bracelets-femme","31":"product_tag-bracelets-homme","32":"product_tag-chrysoprase","33":"product_tag-collier","34":"product_tag-collier-femme","35":"product_tag-collier-personnalise","36":"product_tag-colliers","37":"product_tag-energetique","38":"product_tag-lithotherapie","39":"product_tag-pierre","40":"product_tag-pierre-de-lune-grise","41":"product_tag-pierre-naturelle","42":"product_tag-pierre-semi-precieuse","43":"product_tag-pierres-naturelles","44":"product_tag-topaze","45":"product_tag-tourmaline-polychrome","47":"first","48":"instock","49":"shipping-taxable","50":"purchasable","51":"product-type-variable"},"yoast_head":"<!-- This site is optimized with the Yoast SEO plugin v27.2 - https:\/\/yoast.com\/product\/yoast-seo-wordpress\/ -->\n<title>Bracelet pour se reconnecter \u00e0 soi, en Chrysoprase, Tourmaline...<\/title>\n<meta name=\"description\" content=\"Clairvoyance, pr\u00e9voyance. Aide en cas d\u2019allergies, de rhume des foins, de troubles des yeux et des voies respiratoires, de la thyro\u00efde et de la vessie.\" \/>\n<meta name=\"robots\" content=\"index, follow, max-snippet:-1, max-image-preview:large, max-video-preview:-1\" \/>\n<link rel=\"canonical\" href=\"https:\/\/lescreationsde.celineinmyworldmedium.com\/index.php\/produit\/bracelet-pour-se-reconnecter-a-soi-en-chrysoprase-tourmaline-polychrome-aigue-marine-pierre-de-lune-grise-et-topaze-avec-arbre-de-vie\/\" \/>\n<meta property=\"og:locale\" content=\"fr_FR\" \/>\n<meta property=\"og:type\" content=\"article\" \/>\n<meta property=\"og:title\" content=\"Bracelet pour se reconnecter \u00e0 soi, en Chrysoprase, Tourmaline...\" \/>\n<meta property=\"og:description\" content=\"Clairvoyance, pr\u00e9voyance. Aide en cas d\u2019allergies, de rhume des foins, de troubles des yeux et des voies respiratoires, de la thyro\u00efde et de la vessie.\" \/>\n<meta property=\"og:url\" content=\"https:\/\/lescreationsde.celineinmyworldmedium.com\/index.php\/produit\/bracelet-pour-se-reconnecter-a-soi-en-chrysoprase-tourmaline-polychrome-aigue-marine-pierre-de-lune-grise-et-topaze-avec-arbre-de-vie\/\" \/>\n<meta property=\"og:site_name\" content=\"Les cr\u00e9ations de C\u00e9line Inmyworld\" \/>\n<meta property=\"article:modified_time\" content=\"2024-03-10T22:59:38+00:00\" \/>\n<meta property=\"og:image\" content=\"https:\/\/lescreationsde.celineinmyworldmedium.com\/wp-content\/uploads\/2021\/10\/Bracelet_pour_se_reconnecter_a_soi_en_Chrysoprase_Tourmaline_Polychrome_Aigue_marine_Pierre_de_lune_grise_et_Topaze_avec_arbre_de_vie.jpg\" \/>\n\t<meta property=\"og:image:width\" content=\"809\" \/>\n\t<meta property=\"og:image:height\" content=\"960\" \/>\n\t<meta property=\"og:image:type\" content=\"image\/jpeg\" \/>\n<meta name=\"twitter:card\" content=\"summary_large_image\" \/>\n<meta name=\"twitter:label1\" content=\"Dur\u00e9e de lecture estim\u00e9e\" \/>\n\t<meta name=\"twitter:data1\" content=\"4 minutes\" \/>\n<script type=\"application\/ld+json\" class=\"yoast-schema-graph\">{\"@context\":\"https:\/\/schema.org\",\"@graph\":[{\"@type\":\"WebPage\",\"@id\":\"https:\/\/lescreationsde.celineinmyworldmedium.com\/index.php\/produit\/bracelet-pour-se-reconnecter-a-soi-en-chrysoprase-tourmaline-polychrome-aigue-marine-pierre-de-lune-grise-et-topaze-avec-arbre-de-vie\/\",\"url\":\"https:\/\/lescreationsde.celineinmyworldmedium.com\/index.php\/produit\/bracelet-pour-se-reconnecter-a-soi-en-chrysoprase-tourmaline-polychrome-aigue-marine-pierre-de-lune-grise-et-topaze-avec-arbre-de-vie\/\",\"name\":\"Bracelet pour se reconnecter \u00e0 soi, en Chrysoprase, Tourmaline...\",\"isPartOf\":{\"@id\":\"https:\/\/lescreationsde.celineinmyworldmedium.com\/#website\"},\"primaryImageOfPage\":{\"@id\":\"https:\/\/lescreationsde.celineinmyworldmedium.com\/index.php\/produit\/bracelet-pour-se-reconnecter-a-soi-en-chrysoprase-tourmaline-polychrome-aigue-marine-pierre-de-lune-grise-et-topaze-avec-arbre-de-vie\/#primaryimage\"},\"image\":{\"@id\":\"https:\/\/lescreationsde.celineinmyworldmedium.com\/index.php\/produit\/bracelet-pour-se-reconnecter-a-soi-en-chrysoprase-tourmaline-polychrome-aigue-marine-pierre-de-lune-grise-et-topaze-avec-arbre-de-vie\/#primaryimage\"},\"thumbnailUrl\":\"https:\/\/lescreationsde.celineinmyworldmedium.com\/wp-content\/uploads\/2021\/10\/Bracelet_pour_se_reconnecter_a_soi_en_Chrysoprase_Tourmaline_Polychrome_Aigue_marine_Pierre_de_lune_grise_et_Topaze_avec_arbre_de_vie.jpg\",\"datePublished\":\"2022-09-30T12:30:17+00:00\",\"dateModified\":\"2024-03-10T22:59:38+00:00\",\"description\":\"Clairvoyance, pr\u00e9voyance. Aide en cas d\u2019allergies, de rhume des foins, de troubles des yeux et des voies respiratoires, de la thyro\u00efde et de la vessie.\",\"breadcrumb\":{\"@id\":\"https:\/\/lescreationsde.celineinmyworldmedium.com\/index.php\/produit\/bracelet-pour-se-reconnecter-a-soi-en-chrysoprase-tourmaline-polychrome-aigue-marine-pierre-de-lune-grise-et-topaze-avec-arbre-de-vie\/#breadcrumb\"},\"inLanguage\":\"fr-FR\",\"potentialAction\":[{\"@type\":\"ReadAction\",\"target\":[\"https:\/\/lescreationsde.celineinmyworldmedium.com\/index.php\/produit\/bracelet-pour-se-reconnecter-a-soi-en-chrysoprase-tourmaline-polychrome-aigue-marine-pierre-de-lune-grise-et-topaze-avec-arbre-de-vie\/\"]}]},{\"@type\":\"ImageObject\",\"inLanguage\":\"fr-FR\",\"@id\":\"https:\/\/lescreationsde.celineinmyworldmedium.com\/index.php\/produit\/bracelet-pour-se-reconnecter-a-soi-en-chrysoprase-tourmaline-polychrome-aigue-marine-pierre-de-lune-grise-et-topaze-avec-arbre-de-vie\/#primaryimage\",\"url\":\"https:\/\/lescreationsde.celineinmyworldmedium.com\/wp-content\/uploads\/2021\/10\/Bracelet_pour_se_reconnecter_a_soi_en_Chrysoprase_Tourmaline_Polychrome_Aigue_marine_Pierre_de_lune_grise_et_Topaze_avec_arbre_de_vie.jpg\",\"contentUrl\":\"https:\/\/lescreationsde.celineinmyworldmedium.com\/wp-content\/uploads\/2021\/10\/Bracelet_pour_se_reconnecter_a_soi_en_Chrysoprase_Tourmaline_Polychrome_Aigue_marine_Pierre_de_lune_grise_et_Topaze_avec_arbre_de_vie.jpg\",\"width\":809,\"height\":960,\"caption\":\"Bracelet pour se reconnecter \u00e0 soi, en Chrysoprase, Tourmaline Polychrome, Aigue-marine, Pierre de lune grise et Topaze, avec arbre de vie\"},{\"@type\":\"BreadcrumbList\",\"@id\":\"https:\/\/lescreationsde.celineinmyworldmedium.com\/index.php\/produit\/bracelet-pour-se-reconnecter-a-soi-en-chrysoprase-tourmaline-polychrome-aigue-marine-pierre-de-lune-grise-et-topaze-avec-arbre-de-vie\/#breadcrumb\",\"itemListElement\":[{\"@type\":\"ListItem\",\"position\":1,\"name\":\"Accueil\",\"item\":\"https:\/\/lescreationsde.celineinmyworldmedium.com\/\"},{\"@type\":\"ListItem\",\"position\":2,\"name\":\"Produits\",\"item\":\"https:\/\/lescreationsde.celineinmyworldmedium.com\/index.php\/boutique\/\"},{\"@type\":\"ListItem\",\"position\":3,\"name\":\"Bracelet pour se reconnecter \u00e0 soi, en Chrysoprase, Tourmaline Polychrome, Aigue-marine, Pierre de lune grise et Topaze, avec arbre de vie\"}]},{\"@type\":\"WebSite\",\"@id\":\"https:\/\/lescreationsde.celineinmyworldmedium.com\/#website\",\"url\":\"https:\/\/lescreationsde.celineinmyworldmedium.com\/\",\"name\":\"Les cr\u00e9ations de C\u00e9line Inmyworld\",\"description\":\"Cr\u00e9ation de bijoux personnalis\u00e9s, sur-mesure, en pierres semi-pr\u00e9cieuses de qualit\u00e9. Bracelets, boucles d&#039;oreilles, colliers, sautoirs, malas, cha\u00eenes de cheville, bagues...\u2764\",\"publisher\":{\"@id\":\"https:\/\/lescreationsde.celineinmyworldmedium.com\/#organization\"},\"potentialAction\":[{\"@type\":\"SearchAction\",\"target\":{\"@type\":\"EntryPoint\",\"urlTemplate\":\"https:\/\/lescreationsde.celineinmyworldmedium.com\/?s={search_term_string}\"},\"query-input\":{\"@type\":\"PropertyValueSpecification\",\"valueRequired\":true,\"valueName\":\"search_term_string\"}}],\"inLanguage\":\"fr-FR\"},{\"@type\":\"Organization\",\"@id\":\"https:\/\/lescreationsde.celineinmyworldmedium.com\/#organization\",\"name\":\"Les cr\u00e9ations de C\u00e9line Inmyworld\",\"url\":\"https:\/\/lescreationsde.celineinmyworldmedium.com\/\",\"logo\":{\"@type\":\"ImageObject\",\"inLanguage\":\"fr-FR\",\"@id\":\"https:\/\/lescreationsde.celineinmyworldmedium.com\/#\/schema\/logo\/image\/\",\"url\":\"https:\/\/lescreationsde.celineinmyworldmedium.com\/wp-content\/uploads\/2021\/03\/logo_creations3.png\",\"contentUrl\":\"https:\/\/lescreationsde.celineinmyworldmedium.com\/wp-content\/uploads\/2021\/03\/logo_creations3.png\",\"width\":613,\"height\":190,\"caption\":\"Les cr\u00e9ations de C\u00e9line Inmyworld\"},\"image\":{\"@id\":\"https:\/\/lescreationsde.celineinmyworldmedium.com\/#\/schema\/logo\/image\/\"}}]}<\/script>\n<!-- \/ Yoast SEO plugin. -->","yoast_head_json":{"title":"Bracelet pour se reconnecter \u00e0 soi, en Chrysoprase, Tourmaline...","description":"Clairvoyance, pr\u00e9voyance. Aide en cas d\u2019allergies, de rhume des foins, de troubles des yeux et des voies respiratoires, de la thyro\u00efde et de la vessie.","robots":{"index":"index","follow":"follow","max-snippet":"max-snippet:-1","max-image-preview":"max-image-preview:large","max-video-preview":"max-video-preview:-1"},"canonical":"https:\/\/lescreationsde.celineinmyworldmedium.com\/index.php\/produit\/bracelet-pour-se-reconnecter-a-soi-en-chrysoprase-tourmaline-polychrome-aigue-marine-pierre-de-lune-grise-et-topaze-avec-arbre-de-vie\/","og_locale":"fr_FR","og_type":"article","og_title":"Bracelet pour se reconnecter \u00e0 soi, en Chrysoprase, Tourmaline...","og_description":"Clairvoyance, pr\u00e9voyance. Aide en cas d\u2019allergies, de rhume des foins, de troubles des yeux et des voies respiratoires, de la thyro\u00efde et de la vessie.","og_url":"https:\/\/lescreationsde.celineinmyworldmedium.com\/index.php\/produit\/bracelet-pour-se-reconnecter-a-soi-en-chrysoprase-tourmaline-polychrome-aigue-marine-pierre-de-lune-grise-et-topaze-avec-arbre-de-vie\/","og_site_name":"Les cr\u00e9ations de C\u00e9line Inmyworld","article_modified_time":"2024-03-10T22:59:38+00:00","og_image":[{"width":809,"height":960,"url":"https:\/\/lescreationsde.celineinmyworldmedium.com\/wp-content\/uploads\/2021\/10\/Bracelet_pour_se_reconnecter_a_soi_en_Chrysoprase_Tourmaline_Polychrome_Aigue_marine_Pierre_de_lune_grise_et_Topaze_avec_arbre_de_vie.jpg","type":"image\/jpeg"}],"twitter_card":"summary_large_image","twitter_misc":{"Dur\u00e9e de lecture estim\u00e9e":"4 minutes"},"schema":{"@context":"https:\/\/schema.org","@graph":[{"@type":"WebPage","@id":"https:\/\/lescreationsde.celineinmyworldmedium.com\/index.php\/produit\/bracelet-pour-se-reconnecter-a-soi-en-chrysoprase-tourmaline-polychrome-aigue-marine-pierre-de-lune-grise-et-topaze-avec-arbre-de-vie\/","url":"https:\/\/lescreationsde.celineinmyworldmedium.com\/index.php\/produit\/bracelet-pour-se-reconnecter-a-soi-en-chrysoprase-tourmaline-polychrome-aigue-marine-pierre-de-lune-grise-et-topaze-avec-arbre-de-vie\/","name":"Bracelet pour se reconnecter \u00e0 soi, en Chrysoprase, Tourmaline...","isPartOf":{"@id":"https:\/\/lescreationsde.celineinmyworldmedium.com\/#website"},"primaryImageOfPage":{"@id":"https:\/\/lescreationsde.celineinmyworldmedium.com\/index.php\/produit\/bracelet-pour-se-reconnecter-a-soi-en-chrysoprase-tourmaline-polychrome-aigue-marine-pierre-de-lune-grise-et-topaze-avec-arbre-de-vie\/#primaryimage"},"image":{"@id":"https:\/\/lescreationsde.celineinmyworldmedium.com\/index.php\/produit\/bracelet-pour-se-reconnecter-a-soi-en-chrysoprase-tourmaline-polychrome-aigue-marine-pierre-de-lune-grise-et-topaze-avec-arbre-de-vie\/#primaryimage"},"thumbnailUrl":"https:\/\/lescreationsde.celineinmyworldmedium.com\/wp-content\/uploads\/2021\/10\/Bracelet_pour_se_reconnecter_a_soi_en_Chrysoprase_Tourmaline_Polychrome_Aigue_marine_Pierre_de_lune_grise_et_Topaze_avec_arbre_de_vie.jpg","datePublished":"2022-09-30T12:30:17+00:00","dateModified":"2024-03-10T22:59:38+00:00","description":"Clairvoyance, pr\u00e9voyance. Aide en cas d\u2019allergies, de rhume des foins, de troubles des yeux et des voies respiratoires, de la thyro\u00efde et de la vessie.","breadcrumb":{"@id":"https:\/\/lescreationsde.celineinmyworldmedium.com\/index.php\/produit\/bracelet-pour-se-reconnecter-a-soi-en-chrysoprase-tourmaline-polychrome-aigue-marine-pierre-de-lune-grise-et-topaze-avec-arbre-de-vie\/#breadcrumb"},"inLanguage":"fr-FR","potentialAction":[{"@type":"ReadAction","target":["https:\/\/lescreationsde.celineinmyworldmedium.com\/index.php\/produit\/bracelet-pour-se-reconnecter-a-soi-en-chrysoprase-tourmaline-polychrome-aigue-marine-pierre-de-lune-grise-et-topaze-avec-arbre-de-vie\/"]}]},{"@type":"ImageObject","inLanguage":"fr-FR","@id":"https:\/\/lescreationsde.celineinmyworldmedium.com\/index.php\/produit\/bracelet-pour-se-reconnecter-a-soi-en-chrysoprase-tourmaline-polychrome-aigue-marine-pierre-de-lune-grise-et-topaze-avec-arbre-de-vie\/#primaryimage","url":"https:\/\/lescreationsde.celineinmyworldmedium.com\/wp-content\/uploads\/2021\/10\/Bracelet_pour_se_reconnecter_a_soi_en_Chrysoprase_Tourmaline_Polychrome_Aigue_marine_Pierre_de_lune_grise_et_Topaze_avec_arbre_de_vie.jpg","contentUrl":"https:\/\/lescreationsde.celineinmyworldmedium.com\/wp-content\/uploads\/2021\/10\/Bracelet_pour_se_reconnecter_a_soi_en_Chrysoprase_Tourmaline_Polychrome_Aigue_marine_Pierre_de_lune_grise_et_Topaze_avec_arbre_de_vie.jpg","width":809,"height":960,"caption":"Bracelet pour se reconnecter \u00e0 soi, en Chrysoprase, Tourmaline Polychrome, Aigue-marine, Pierre de lune grise et Topaze, avec arbre de vie"},{"@type":"BreadcrumbList","@id":"https:\/\/lescreationsde.celineinmyworldmedium.com\/index.php\/produit\/bracelet-pour-se-reconnecter-a-soi-en-chrysoprase-tourmaline-polychrome-aigue-marine-pierre-de-lune-grise-et-topaze-avec-arbre-de-vie\/#breadcrumb","itemListElement":[{"@type":"ListItem","position":1,"name":"Accueil","item":"https:\/\/lescreationsde.celineinmyworldmedium.com\/"},{"@type":"ListItem","position":2,"name":"Produits","item":"https:\/\/lescreationsde.celineinmyworldmedium.com\/index.php\/boutique\/"},{"@type":"ListItem","position":3,"name":"Bracelet pour se reconnecter \u00e0 soi, en Chrysoprase, Tourmaline Polychrome, Aigue-marine, Pierre de lune grise et Topaze, avec arbre de vie"}]},{"@type":"WebSite","@id":"https:\/\/lescreationsde.celineinmyworldmedium.com\/#website","url":"https:\/\/lescreationsde.celineinmyworldmedium.com\/","name":"Les cr\u00e9ations de C\u00e9line Inmyworld","description":"Cr\u00e9ation de bijoux personnalis\u00e9s, sur-mesure, en pierres semi-pr\u00e9cieuses de qualit\u00e9. Bracelets, boucles d&#039;oreilles, colliers, sautoirs, malas, cha\u00eenes de cheville, bagues...\u2764","publisher":{"@id":"https:\/\/lescreationsde.celineinmyworldmedium.com\/#organization"},"potentialAction":[{"@type":"SearchAction","target":{"@type":"EntryPoint","urlTemplate":"https:\/\/lescreationsde.celineinmyworldmedium.com\/?s={search_term_string}"},"query-input":{"@type":"PropertyValueSpecification","valueRequired":true,"valueName":"search_term_string"}}],"inLanguage":"fr-FR"},{"@type":"Organization","@id":"https:\/\/lescreationsde.celineinmyworldmedium.com\/#organization","name":"Les cr\u00e9ations de C\u00e9line Inmyworld","url":"https:\/\/lescreationsde.celineinmyworldmedium.com\/","logo":{"@type":"ImageObject","inLanguage":"fr-FR","@id":"https:\/\/lescreationsde.celineinmyworldmedium.com\/#\/schema\/logo\/image\/","url":"https:\/\/lescreationsde.celineinmyworldmedium.com\/wp-content\/uploads\/2021\/03\/logo_creations3.png","contentUrl":"https:\/\/lescreationsde.celineinmyworldmedium.com\/wp-content\/uploads\/2021\/03\/logo_creations3.png","width":613,"height":190,"caption":"Les cr\u00e9ations de C\u00e9line Inmyworld"},"image":{"@id":"https:\/\/lescreationsde.celineinmyworldmedium.com\/#\/schema\/logo\/image\/"}}]}},"jetpack_sharing_enabled":true,"_links":{"self":[{"href":"https:\/\/lescreationsde.celineinmyworldmedium.com\/index.php\/wp-json\/wp\/v2\/product\/2885","targetHints":{"allow":["GET"]}}],"collection":[{"href":"https:\/\/lescreationsde.celineinmyworldmedium.com\/index.php\/wp-json\/wp\/v2\/product"}],"about":[{"href":"https:\/\/lescreationsde.celineinmyworldmedium.com\/index.php\/wp-json\/wp\/v2\/types\/product"}],"replies":[{"embeddable":true,"href":"https:\/\/lescreationsde.celineinmyworldmedium.com\/index.php\/wp-json\/wp\/v2\/comments?post=2885"}],"wp:featuredmedia":[{"embeddable":true,"href":"https:\/\/lescreationsde.celineinmyworldmedium.com\/index.php\/wp-json\/wp\/v2\/media\/6884"}],"wp:attachment":[{"href":"https:\/\/lescreationsde.celineinmyworldmedium.com\/index.php\/wp-json\/wp\/v2\/media?parent=2885"}],"wp:term":[{"taxonomy":"product_brand","embeddable":true,"href":"https:\/\/lescreationsde.celineinmyworldmedium.com\/index.php\/wp-json\/wp\/v2\/product_brand?post=2885"},{"taxonomy":"product_cat","embeddable":true,"href":"https:\/\/lescreationsde.celineinmyworldmedium.com\/index.php\/wp-json\/wp\/v2\/product_cat?post=2885"},{"taxonomy":"product_tag","embeddable":true,"href":"https:\/\/lescreationsde.celineinmyworldmedium.com\/index.php\/wp-json\/wp\/v2\/product_tag?post=2885"}],"curies":[{"name":"wp","href":"https:\/\/api.w.org\/{rel}","templated":true}]}}