{"id":2853,"date":"2022-10-16T19:35:16","date_gmt":"2022-10-16T17:35:16","guid":{"rendered":"https:\/\/lescreationsde.celineinmyworldmedium.com\/?post_type=product&#038;p=2853"},"modified":"2024-03-10T23:59:58","modified_gmt":"2024-03-10T22:59:58","slug":"bracelet-seul-pour-le-stress-la-protection-et-lenergie-en-chrysocolle-serpentine-et-charoite","status":"publish","type":"product","link":"https:\/\/lescreationsde.celineinmyworldmedium.com\/index.php\/produit\/bracelet-seul-pour-le-stress-la-protection-et-lenergie-en-chrysocolle-serpentine-et-charoite\/","title":{"rendered":"Bracelet seul pour le stress, la protection et l&rsquo;\u00e9nergie, en Chrysocolle, Serpentine et Charo\u00efte"},"content":{"rendered":"<h4>1 &#8211; Les vertus de chrysocolle :<\/h4>\n<p>Domaine <strong>spirituel<\/strong>, celui de l\u2019\u00eatre humain avec ses intentions, ses buts ou ses pr\u00e9occupations existentielles :<\/p>\n<p><strong>\u00c9quilibre.<\/strong><\/p>\n<p>Domaine de <strong>l\u2019\u00e2me<\/strong> ou du subconscient, ainsi que les notions de temp\u00e9rament, de sentiments, de sensations, de r\u00eaves, de v\u00e9cu sur le plan animique, d\u2019habitudes et de r\u00e9actions inconscientes :<\/p>\n<p><strong>Aide en cas de stress et de changements d\u2019humeur.<\/strong><\/p>\n<p>Domaine <strong>mental<\/strong> avec les id\u00e9es, la raison, les convictions, les consid\u00e9rations, ainsi que le mode de pens\u00e9e et d\u2019action consciente :<\/p>\n<p><strong>Aide \u00e0 garder la t\u00eate froide.<\/strong><\/p>\n<p>Domaine <strong>physique<\/strong> ou corporel, l\u2019ensemble de l\u2019organisme avec les sens, les organes et les fonctions :<\/p>\n<p><strong>Fortifie le foie, d\u00e9tend, aide en cas d\u2019infections, de maux de gorge, de br\u00fblures, de cicatrices, de fi\u00e8vre, de crampes et de troubles menstruels.<\/strong><\/p>\n<h4><strong>2 &#8211; Les vertus de la serpentine :<\/strong><\/h4>\n<p>Domaine <strong>spirituel<\/strong>, celui de l\u2019\u00eatre humain avec ses intentions, ses buts ou ses pr\u00e9occupations existentielles :<\/p>\n<p><strong>Protection.<\/strong><\/p>\n<p>Domaine de <strong>l\u2019\u00e2me<\/strong> ou du subconscient, ainsi que les notions de temp\u00e9rament, de sentiments, de sensations, de r\u00eaves, de v\u00e9cu sur le plan animique, d\u2019habitudes et de r\u00e9actions inconscientes :<\/p>\n<p><strong>Favorise la distanciation et la paix int\u00e9rieure, aide \u00e0 se d\u00e9faire des blocages de l\u2019orgasme lors de l\u2019acte sexuel.<\/strong><\/p>\n<p>Domaine <strong>mental<\/strong> avec les id\u00e9es, la raison, les convictions, les consid\u00e9rations, ainsi que le mode de pens\u00e9e et d\u2019action consciente :<\/p>\n<p><strong>Rend plus apte au compromis et amoindrit l\u2019animosit\u00e9.<\/strong><\/p>\n<p>Domaine <strong>physique<\/strong> ou corporel, l\u2019ensemble de l\u2019organisme avec les sens, les organes et les fonctions :<\/p>\n<p><strong>Utile en cas de troubles du rythme cardiaque, de crampes musculaires et de troubles menstruels.<\/strong><\/p>\n<h4>3 &#8211; Les vertus de la charo\u00efte :<\/h4>\n<p>Domaine <strong>spirituel<\/strong>, celui de l\u2019\u00eatre humain avec ses intentions, ses buts ou ses pr\u00e9occupations existentielles :<\/p>\n<p><strong>R\u00e9solution, \u00e9nergie.<\/strong><\/p>\n<p>Domaine de <strong>l\u2019\u00e2me<\/strong> ou du subconscient, ainsi que les notions de temp\u00e9rament, de sentiments, de sensations, de r\u00eaves, de v\u00e9cu sur le plan animique, d\u2019habitudes et de r\u00e9actions inconscientes :<\/p>\n<p><strong>Rend serein, aide \u00e0 d\u00e9passer les contraintes et les r\u00e9sistances.<\/strong><\/p>\n<p>Domaine <strong>mental<\/strong> avec les id\u00e9es, la raison, les convictions, les consid\u00e9rations, ainsi que le mode de pens\u00e9e et d\u2019action consciente :<\/p>\n<p><strong>Aide \u00e0 prendre des d\u00e9cisions importantes et \u00e0 faire face \u00e0 une montagne de travail.<\/strong><\/p>\n<p>Domaine <strong>physique<\/strong> ou corporel, l\u2019ensemble de l\u2019organisme avec les sens, les organes et les fonctions :<\/p>\n<p><strong>Calme les nerfs, att\u00e9nue les douleurs et \u00e9limine les crampes.<\/strong><\/p>\n","protected":false},"excerpt":{"rendered":"<table>\n<tbody>\n<tr>\n<td style=\"texte-align: left; color: gray; border: none;\"><strong>Hors frais d&rsquo;exp\u00e9dition<\/strong><\/td>\n<\/tr>\n<tr>\n<td style=\"texte-align: left; color: gray; border: none;\"><strong>Bijoux confectionn\u00e9s sur-mesure, sur commande<br \/>Les couleurs et motifs des pierres varient d&rsquo;un bijou \u00e0 un autre<br \/>D\u00e9lai de confection environ 30 jours<\/strong><\/td>\n<\/tr>\n<tr>\n<td style=\"texte-align: left; color: blue; border: none;\"><a style=\"color: #a15fe2;\" href=\"https:\/\/lescreationsde.celineinmyworldmedium.com\/index.php\/mesurer-son-tour-de-poignet-pour-bracelets\/\" target=\"_blank\" rel=\"noopener\"><strong>Comment mesurer son tour de poignet<\/strong><\/a><\/td>\n<\/tr>\n<\/tbody>\n<\/table>\n","protected":false},"featured_media":6935,"comment_status":"open","ping_status":"closed","template":"","meta":[],"product_brand":[],"product_cat":[31,49,74,1082,110],"product_tag":[152,106,42,44,38,47,43,41,40,39,23,25,36,34,1604,26,37,35,250,78,16,24,45,17,33,32,27,89,22,28,425],"class_list":{"0":"post-2853","1":"product","2":"type-product","3":"status-publish","4":"has-post-thumbnail","6":"product_cat-bracelets","7":"product_cat-charoite","8":"product_cat-chrysocolle","9":"product_cat-serpentine-pierres","10":"product_cat-boutique","11":"product_tag-amour","12":"product_tag-argent","13":"product_tag-bijou","14":"product_tag-bijou-energetique","15":"product_tag-bijoux","16":"product_tag-bijoux-anti-allergies","17":"product_tag-bijoux-energetiques","18":"product_tag-bijoux-fait-main","19":"product_tag-bijoux-personnalises","20":"product_tag-bijoux-sur-mesure","21":"product_tag-boucles-doreilles","22":"product_tag-bracelet","23":"product_tag-bracelet-femme","24":"product_tag-bracelet-homme","25":"product_tag-bracelet-pour-le-stress-la-protection-et-lenergie","26":"product_tag-bracelets","27":"product_tag-bracelets-femme","28":"product_tag-bracelets-homme","29":"product_tag-charoite","30":"product_tag-chrysocolle","31":"product_tag-collier","32":"product_tag-collier-femme","33":"product_tag-collier-personnalise","34":"product_tag-colliers","35":"product_tag-energetique","36":"product_tag-lithotherapie","37":"product_tag-pierre","38":"product_tag-pierre-naturelle","39":"product_tag-pierre-semi-precieuse","40":"product_tag-pierres-naturelles","41":"product_tag-serpentine","43":"first","44":"instock","45":"shipping-taxable","46":"purchasable","47":"product-type-variable"},"yoast_head":"<!-- This site is optimized with the Yoast SEO plugin v27.2 - https:\/\/yoast.com\/product\/yoast-seo-wordpress\/ -->\n<title>Bracelet seul pour le stress, la protection et l&#039;\u00e9nergie... - Boutique<\/title>\n<meta name=\"description\" content=\"Aide \u00e0 garder la t\u00eate froide. Favorise la distanciation et la paix int\u00e9rieure, aide \u00e0 se d\u00e9faire des blocages de l\u2019orgasme lors de l\u2019acte sexuel.\" \/>\n<meta name=\"robots\" content=\"index, follow, max-snippet:-1, max-image-preview:large, max-video-preview:-1\" \/>\n<link rel=\"canonical\" href=\"https:\/\/lescreationsde.celineinmyworldmedium.com\/index.php\/produit\/bracelet-seul-pour-le-stress-la-protection-et-lenergie-en-chrysocolle-serpentine-et-charoite\/\" \/>\n<meta property=\"og:locale\" content=\"fr_FR\" \/>\n<meta property=\"og:type\" content=\"article\" \/>\n<meta property=\"og:title\" content=\"Bracelet seul pour le stress, la protection et l&#039;\u00e9nergie... - Boutique\" \/>\n<meta property=\"og:description\" content=\"Aide \u00e0 garder la t\u00eate froide. Favorise la distanciation et la paix int\u00e9rieure, aide \u00e0 se d\u00e9faire des blocages de l\u2019orgasme lors de l\u2019acte sexuel.\" \/>\n<meta property=\"og:url\" content=\"https:\/\/lescreationsde.celineinmyworldmedium.com\/index.php\/produit\/bracelet-seul-pour-le-stress-la-protection-et-lenergie-en-chrysocolle-serpentine-et-charoite\/\" \/>\n<meta property=\"og:site_name\" content=\"Les cr\u00e9ations de C\u00e9line Inmyworld\" \/>\n<meta property=\"article:modified_time\" content=\"2024-03-10T22:59:58+00:00\" \/>\n<meta property=\"og:image\" content=\"https:\/\/lescreationsde.celineinmyworldmedium.com\/wp-content\/uploads\/2021\/09\/Bracelet_seul_pour_le_stress_la_protection_et_l-energie_en_Chrysocolle_Serpentine_et_Charoite.jpg\" \/>\n\t<meta property=\"og:image:width\" content=\"1280\" \/>\n\t<meta property=\"og:image:height\" content=\"1280\" \/>\n\t<meta property=\"og:image:type\" content=\"image\/jpeg\" \/>\n<meta name=\"twitter:card\" content=\"summary_large_image\" \/>\n<meta name=\"twitter:label1\" content=\"Dur\u00e9e de lecture estim\u00e9e\" \/>\n\t<meta name=\"twitter:data1\" content=\"2 minutes\" \/>\n<script type=\"application\/ld+json\" class=\"yoast-schema-graph\">{\"@context\":\"https:\/\/schema.org\",\"@graph\":[{\"@type\":\"WebPage\",\"@id\":\"https:\/\/lescreationsde.celineinmyworldmedium.com\/index.php\/produit\/bracelet-seul-pour-le-stress-la-protection-et-lenergie-en-chrysocolle-serpentine-et-charoite\/\",\"url\":\"https:\/\/lescreationsde.celineinmyworldmedium.com\/index.php\/produit\/bracelet-seul-pour-le-stress-la-protection-et-lenergie-en-chrysocolle-serpentine-et-charoite\/\",\"name\":\"Bracelet seul pour le stress, la protection et l'\u00e9nergie... - Boutique\",\"isPartOf\":{\"@id\":\"https:\/\/lescreationsde.celineinmyworldmedium.com\/#website\"},\"primaryImageOfPage\":{\"@id\":\"https:\/\/lescreationsde.celineinmyworldmedium.com\/index.php\/produit\/bracelet-seul-pour-le-stress-la-protection-et-lenergie-en-chrysocolle-serpentine-et-charoite\/#primaryimage\"},\"image\":{\"@id\":\"https:\/\/lescreationsde.celineinmyworldmedium.com\/index.php\/produit\/bracelet-seul-pour-le-stress-la-protection-et-lenergie-en-chrysocolle-serpentine-et-charoite\/#primaryimage\"},\"thumbnailUrl\":\"https:\/\/lescreationsde.celineinmyworldmedium.com\/wp-content\/uploads\/2021\/09\/Bracelet_seul_pour_le_stress_la_protection_et_l-energie_en_Chrysocolle_Serpentine_et_Charoite.jpg\",\"datePublished\":\"2022-10-16T17:35:16+00:00\",\"dateModified\":\"2024-03-10T22:59:58+00:00\",\"description\":\"Aide \u00e0 garder la t\u00eate froide. Favorise la distanciation et la paix int\u00e9rieure, aide \u00e0 se d\u00e9faire des blocages de l\u2019orgasme lors de l\u2019acte sexuel.\",\"breadcrumb\":{\"@id\":\"https:\/\/lescreationsde.celineinmyworldmedium.com\/index.php\/produit\/bracelet-seul-pour-le-stress-la-protection-et-lenergie-en-chrysocolle-serpentine-et-charoite\/#breadcrumb\"},\"inLanguage\":\"fr-FR\",\"potentialAction\":[{\"@type\":\"ReadAction\",\"target\":[\"https:\/\/lescreationsde.celineinmyworldmedium.com\/index.php\/produit\/bracelet-seul-pour-le-stress-la-protection-et-lenergie-en-chrysocolle-serpentine-et-charoite\/\"]}]},{\"@type\":\"ImageObject\",\"inLanguage\":\"fr-FR\",\"@id\":\"https:\/\/lescreationsde.celineinmyworldmedium.com\/index.php\/produit\/bracelet-seul-pour-le-stress-la-protection-et-lenergie-en-chrysocolle-serpentine-et-charoite\/#primaryimage\",\"url\":\"https:\/\/lescreationsde.celineinmyworldmedium.com\/wp-content\/uploads\/2021\/09\/Bracelet_seul_pour_le_stress_la_protection_et_l-energie_en_Chrysocolle_Serpentine_et_Charoite.jpg\",\"contentUrl\":\"https:\/\/lescreationsde.celineinmyworldmedium.com\/wp-content\/uploads\/2021\/09\/Bracelet_seul_pour_le_stress_la_protection_et_l-energie_en_Chrysocolle_Serpentine_et_Charoite.jpg\",\"width\":1280,\"height\":1280,\"caption\":\"Bracelet seul pour le stress, la protection et l'\u00e9nergie, en Chrysocolle, Serpentine et Charo\u00efte\"},{\"@type\":\"BreadcrumbList\",\"@id\":\"https:\/\/lescreationsde.celineinmyworldmedium.com\/index.php\/produit\/bracelet-seul-pour-le-stress-la-protection-et-lenergie-en-chrysocolle-serpentine-et-charoite\/#breadcrumb\",\"itemListElement\":[{\"@type\":\"ListItem\",\"position\":1,\"name\":\"Accueil\",\"item\":\"https:\/\/lescreationsde.celineinmyworldmedium.com\/\"},{\"@type\":\"ListItem\",\"position\":2,\"name\":\"Produits\",\"item\":\"https:\/\/lescreationsde.celineinmyworldmedium.com\/index.php\/boutique\/\"},{\"@type\":\"ListItem\",\"position\":3,\"name\":\"Bracelet seul pour le stress, la protection et l&#8217;\u00e9nergie, en Chrysocolle, Serpentine et Charo\u00efte\"}]},{\"@type\":\"WebSite\",\"@id\":\"https:\/\/lescreationsde.celineinmyworldmedium.com\/#website\",\"url\":\"https:\/\/lescreationsde.celineinmyworldmedium.com\/\",\"name\":\"Les cr\u00e9ations de C\u00e9line Inmyworld\",\"description\":\"Cr\u00e9ation de bijoux personnalis\u00e9s, sur-mesure, en pierres semi-pr\u00e9cieuses de qualit\u00e9. Bracelets, boucles d&#039;oreilles, colliers, sautoirs, malas, cha\u00eenes de cheville, bagues...\u2764\",\"publisher\":{\"@id\":\"https:\/\/lescreationsde.celineinmyworldmedium.com\/#organization\"},\"potentialAction\":[{\"@type\":\"SearchAction\",\"target\":{\"@type\":\"EntryPoint\",\"urlTemplate\":\"https:\/\/lescreationsde.celineinmyworldmedium.com\/?s={search_term_string}\"},\"query-input\":{\"@type\":\"PropertyValueSpecification\",\"valueRequired\":true,\"valueName\":\"search_term_string\"}}],\"inLanguage\":\"fr-FR\"},{\"@type\":\"Organization\",\"@id\":\"https:\/\/lescreationsde.celineinmyworldmedium.com\/#organization\",\"name\":\"Les cr\u00e9ations de C\u00e9line Inmyworld\",\"url\":\"https:\/\/lescreationsde.celineinmyworldmedium.com\/\",\"logo\":{\"@type\":\"ImageObject\",\"inLanguage\":\"fr-FR\",\"@id\":\"https:\/\/lescreationsde.celineinmyworldmedium.com\/#\/schema\/logo\/image\/\",\"url\":\"https:\/\/lescreationsde.celineinmyworldmedium.com\/wp-content\/uploads\/2021\/03\/logo_creations3.png\",\"contentUrl\":\"https:\/\/lescreationsde.celineinmyworldmedium.com\/wp-content\/uploads\/2021\/03\/logo_creations3.png\",\"width\":613,\"height\":190,\"caption\":\"Les cr\u00e9ations de C\u00e9line Inmyworld\"},\"image\":{\"@id\":\"https:\/\/lescreationsde.celineinmyworldmedium.com\/#\/schema\/logo\/image\/\"}}]}<\/script>\n<!-- \/ Yoast SEO plugin. -->","yoast_head_json":{"title":"Bracelet seul pour le stress, la protection et l'\u00e9nergie... - Boutique","description":"Aide \u00e0 garder la t\u00eate froide. Favorise la distanciation et la paix int\u00e9rieure, aide \u00e0 se d\u00e9faire des blocages de l\u2019orgasme lors de l\u2019acte sexuel.","robots":{"index":"index","follow":"follow","max-snippet":"max-snippet:-1","max-image-preview":"max-image-preview:large","max-video-preview":"max-video-preview:-1"},"canonical":"https:\/\/lescreationsde.celineinmyworldmedium.com\/index.php\/produit\/bracelet-seul-pour-le-stress-la-protection-et-lenergie-en-chrysocolle-serpentine-et-charoite\/","og_locale":"fr_FR","og_type":"article","og_title":"Bracelet seul pour le stress, la protection et l'\u00e9nergie... - Boutique","og_description":"Aide \u00e0 garder la t\u00eate froide. Favorise la distanciation et la paix int\u00e9rieure, aide \u00e0 se d\u00e9faire des blocages de l\u2019orgasme lors de l\u2019acte sexuel.","og_url":"https:\/\/lescreationsde.celineinmyworldmedium.com\/index.php\/produit\/bracelet-seul-pour-le-stress-la-protection-et-lenergie-en-chrysocolle-serpentine-et-charoite\/","og_site_name":"Les cr\u00e9ations de C\u00e9line Inmyworld","article_modified_time":"2024-03-10T22:59:58+00:00","og_image":[{"width":1280,"height":1280,"url":"https:\/\/lescreationsde.celineinmyworldmedium.com\/wp-content\/uploads\/2021\/09\/Bracelet_seul_pour_le_stress_la_protection_et_l-energie_en_Chrysocolle_Serpentine_et_Charoite.jpg","type":"image\/jpeg"}],"twitter_card":"summary_large_image","twitter_misc":{"Dur\u00e9e de lecture estim\u00e9e":"2 minutes"},"schema":{"@context":"https:\/\/schema.org","@graph":[{"@type":"WebPage","@id":"https:\/\/lescreationsde.celineinmyworldmedium.com\/index.php\/produit\/bracelet-seul-pour-le-stress-la-protection-et-lenergie-en-chrysocolle-serpentine-et-charoite\/","url":"https:\/\/lescreationsde.celineinmyworldmedium.com\/index.php\/produit\/bracelet-seul-pour-le-stress-la-protection-et-lenergie-en-chrysocolle-serpentine-et-charoite\/","name":"Bracelet seul pour le stress, la protection et l'\u00e9nergie... - Boutique","isPartOf":{"@id":"https:\/\/lescreationsde.celineinmyworldmedium.com\/#website"},"primaryImageOfPage":{"@id":"https:\/\/lescreationsde.celineinmyworldmedium.com\/index.php\/produit\/bracelet-seul-pour-le-stress-la-protection-et-lenergie-en-chrysocolle-serpentine-et-charoite\/#primaryimage"},"image":{"@id":"https:\/\/lescreationsde.celineinmyworldmedium.com\/index.php\/produit\/bracelet-seul-pour-le-stress-la-protection-et-lenergie-en-chrysocolle-serpentine-et-charoite\/#primaryimage"},"thumbnailUrl":"https:\/\/lescreationsde.celineinmyworldmedium.com\/wp-content\/uploads\/2021\/09\/Bracelet_seul_pour_le_stress_la_protection_et_l-energie_en_Chrysocolle_Serpentine_et_Charoite.jpg","datePublished":"2022-10-16T17:35:16+00:00","dateModified":"2024-03-10T22:59:58+00:00","description":"Aide \u00e0 garder la t\u00eate froide. Favorise la distanciation et la paix int\u00e9rieure, aide \u00e0 se d\u00e9faire des blocages de l\u2019orgasme lors de l\u2019acte sexuel.","breadcrumb":{"@id":"https:\/\/lescreationsde.celineinmyworldmedium.com\/index.php\/produit\/bracelet-seul-pour-le-stress-la-protection-et-lenergie-en-chrysocolle-serpentine-et-charoite\/#breadcrumb"},"inLanguage":"fr-FR","potentialAction":[{"@type":"ReadAction","target":["https:\/\/lescreationsde.celineinmyworldmedium.com\/index.php\/produit\/bracelet-seul-pour-le-stress-la-protection-et-lenergie-en-chrysocolle-serpentine-et-charoite\/"]}]},{"@type":"ImageObject","inLanguage":"fr-FR","@id":"https:\/\/lescreationsde.celineinmyworldmedium.com\/index.php\/produit\/bracelet-seul-pour-le-stress-la-protection-et-lenergie-en-chrysocolle-serpentine-et-charoite\/#primaryimage","url":"https:\/\/lescreationsde.celineinmyworldmedium.com\/wp-content\/uploads\/2021\/09\/Bracelet_seul_pour_le_stress_la_protection_et_l-energie_en_Chrysocolle_Serpentine_et_Charoite.jpg","contentUrl":"https:\/\/lescreationsde.celineinmyworldmedium.com\/wp-content\/uploads\/2021\/09\/Bracelet_seul_pour_le_stress_la_protection_et_l-energie_en_Chrysocolle_Serpentine_et_Charoite.jpg","width":1280,"height":1280,"caption":"Bracelet seul pour le stress, la protection et l'\u00e9nergie, en Chrysocolle, Serpentine et Charo\u00efte"},{"@type":"BreadcrumbList","@id":"https:\/\/lescreationsde.celineinmyworldmedium.com\/index.php\/produit\/bracelet-seul-pour-le-stress-la-protection-et-lenergie-en-chrysocolle-serpentine-et-charoite\/#breadcrumb","itemListElement":[{"@type":"ListItem","position":1,"name":"Accueil","item":"https:\/\/lescreationsde.celineinmyworldmedium.com\/"},{"@type":"ListItem","position":2,"name":"Produits","item":"https:\/\/lescreationsde.celineinmyworldmedium.com\/index.php\/boutique\/"},{"@type":"ListItem","position":3,"name":"Bracelet seul pour le stress, la protection et l&#8217;\u00e9nergie, en Chrysocolle, Serpentine et Charo\u00efte"}]},{"@type":"WebSite","@id":"https:\/\/lescreationsde.celineinmyworldmedium.com\/#website","url":"https:\/\/lescreationsde.celineinmyworldmedium.com\/","name":"Les cr\u00e9ations de C\u00e9line Inmyworld","description":"Cr\u00e9ation de bijoux personnalis\u00e9s, sur-mesure, en pierres semi-pr\u00e9cieuses de qualit\u00e9. Bracelets, boucles d&#039;oreilles, colliers, sautoirs, malas, cha\u00eenes de cheville, bagues...\u2764","publisher":{"@id":"https:\/\/lescreationsde.celineinmyworldmedium.com\/#organization"},"potentialAction":[{"@type":"SearchAction","target":{"@type":"EntryPoint","urlTemplate":"https:\/\/lescreationsde.celineinmyworldmedium.com\/?s={search_term_string}"},"query-input":{"@type":"PropertyValueSpecification","valueRequired":true,"valueName":"search_term_string"}}],"inLanguage":"fr-FR"},{"@type":"Organization","@id":"https:\/\/lescreationsde.celineinmyworldmedium.com\/#organization","name":"Les cr\u00e9ations de C\u00e9line Inmyworld","url":"https:\/\/lescreationsde.celineinmyworldmedium.com\/","logo":{"@type":"ImageObject","inLanguage":"fr-FR","@id":"https:\/\/lescreationsde.celineinmyworldmedium.com\/#\/schema\/logo\/image\/","url":"https:\/\/lescreationsde.celineinmyworldmedium.com\/wp-content\/uploads\/2021\/03\/logo_creations3.png","contentUrl":"https:\/\/lescreationsde.celineinmyworldmedium.com\/wp-content\/uploads\/2021\/03\/logo_creations3.png","width":613,"height":190,"caption":"Les cr\u00e9ations de C\u00e9line Inmyworld"},"image":{"@id":"https:\/\/lescreationsde.celineinmyworldmedium.com\/#\/schema\/logo\/image\/"}}]}},"jetpack_sharing_enabled":true,"_links":{"self":[{"href":"https:\/\/lescreationsde.celineinmyworldmedium.com\/index.php\/wp-json\/wp\/v2\/product\/2853","targetHints":{"allow":["GET"]}}],"collection":[{"href":"https:\/\/lescreationsde.celineinmyworldmedium.com\/index.php\/wp-json\/wp\/v2\/product"}],"about":[{"href":"https:\/\/lescreationsde.celineinmyworldmedium.com\/index.php\/wp-json\/wp\/v2\/types\/product"}],"replies":[{"embeddable":true,"href":"https:\/\/lescreationsde.celineinmyworldmedium.com\/index.php\/wp-json\/wp\/v2\/comments?post=2853"}],"wp:featuredmedia":[{"embeddable":true,"href":"https:\/\/lescreationsde.celineinmyworldmedium.com\/index.php\/wp-json\/wp\/v2\/media\/6935"}],"wp:attachment":[{"href":"https:\/\/lescreationsde.celineinmyworldmedium.com\/index.php\/wp-json\/wp\/v2\/media?parent=2853"}],"wp:term":[{"taxonomy":"product_brand","embeddable":true,"href":"https:\/\/lescreationsde.celineinmyworldmedium.com\/index.php\/wp-json\/wp\/v2\/product_brand?post=2853"},{"taxonomy":"product_cat","embeddable":true,"href":"https:\/\/lescreationsde.celineinmyworldmedium.com\/index.php\/wp-json\/wp\/v2\/product_cat?post=2853"},{"taxonomy":"product_tag","embeddable":true,"href":"https:\/\/lescreationsde.celineinmyworldmedium.com\/index.php\/wp-json\/wp\/v2\/product_tag?post=2853"}],"curies":[{"name":"wp","href":"https:\/\/api.w.org\/{rel}","templated":true}]}}