{"id":2821,"date":"2022-12-05T12:31:54","date_gmt":"2022-12-05T11:31:54","guid":{"rendered":"https:\/\/lescreationsde.celineinmyworldmedium.com\/?post_type=product&#038;p=2821"},"modified":"2024-10-23T17:17:53","modified_gmt":"2024-10-23T15:17:53","slug":"bracelet-pour-le-stress-et-la-protection-en-jaspe-sediments-et-oeil-de-faucon-teinte-violet-et-bleu-avec-symbole-aum","status":"publish","type":"product","link":"https:\/\/lescreationsde.celineinmyworldmedium.com\/index.php\/produit\/bracelet-pour-le-stress-et-la-protection-en-jaspe-sediments-et-oeil-de-faucon-teinte-violet-et-bleu-avec-symbole-aum\/","title":{"rendered":"Bracelet pour le stress et la protection, en Jaspe S\u00e9diments et Oeil de faucon teint\u00e9 violet et bleu, avec symbole Aum"},"content":{"rendered":"<h4><strong>1 &#8211; Les vertus du jaspe s\u00e9diments :<\/strong><\/h4>\n<p>Domaine <strong>spirituel<\/strong>, celui de l\u2019\u00eatre humain avec ses intentions, ses buts ou ses pr\u00e9occupations existentielles :<\/p>\n<p><strong>Tout d\u2019abord apporte s\u00e9r\u00e9nit\u00e9 et unit\u00e9, aide \u00e0 cr\u00e9er une coh\u00e9sion au sein d\u2019un groupe. Ensuite prot\u00e8ge et nettoie l\u2019aura des basses vibrations. Puis permet de nous rappeler de nous aider les uns et les autres. Enfin aide \u00e0 la prise de d\u00e9cisions rapides et permet de mettre les pens\u00e9es en actes tout en favorisant la concentration.<\/strong><\/p>\n<p>Domaine de <strong>l\u2019\u00e2me<\/strong> ou du subconscient, ainsi que les notions de temp\u00e9rament, de sentiments, de sensations, de r\u00eaves, de v\u00e9cu sur le plan animique, d\u2019habitudes et de r\u00e9actions inconscientes :<\/p>\n<p><strong>Idem.<\/strong><\/p>\n<p>Domaine <strong>mental<\/strong> avec les id\u00e9es, la raison, les convictions, les consid\u00e9rations, ainsi que le mode de pens\u00e9e et d\u2019action consciente :<\/p>\n<p><strong>Tout d\u2019abord apporte s\u00e9r\u00e9nit\u00e9 et unit\u00e9, aide \u00e0 cr\u00e9er une coh\u00e9sion au sein d\u2019un groupe. Ensuite prot\u00e8ge et nettoie l\u2019aura des basses vibrations. Puis permet de nous rappeler de nous aider les uns et les autres. Enfin aide \u00e0 la prise de d\u00e9cisions rapides et permet de mettre les pens\u00e9es en actes tout en favorisant la concentration.<\/strong><\/p>\n<p>Domaine <strong>physique<\/strong> ou corporel, l\u2019ensemble de l\u2019organisme avec les sens, les organes et les fonctions :<\/p>\n<p><strong>Idem.<\/strong><\/p>\n<h4>2 &#8211; Les vertus de l\u2019\u0153il de faucon :<\/h4>\n<p>Domaine <strong>spirituel<\/strong>, celui de l\u2019\u00eatre humain avec ses intentions, ses buts ou ses pr\u00e9occupations existentielles :<\/p>\n<p><strong>Distance, recul.<\/strong><\/p>\n<p>Domaine de <strong>l\u2019\u00e2me<\/strong> ou du subconscient, ainsi que les notions de temp\u00e9rament, de sentiments, de sensations, de r\u00eaves, de v\u00e9cu sur le plan animique, d\u2019habitudes et de r\u00e9actions inconscientes :<\/p>\n<p><strong>Aide en cas de nervosit\u00e9 et d\u2019agitation int\u00e9rieure.<\/strong><\/p>\n<p>Domaine <strong>mental<\/strong> avec les id\u00e9es, la raison, les convictions, les consid\u00e9rations, ainsi que le mode de pens\u00e9e et d\u2019action consciente :<\/p>\n<p><strong>Permet de conserver une vision d\u2019ensemble dans les situations complexes et aide en cas de difficult\u00e9 de prise de d\u00e9cision.<\/strong><\/p>\n<p>Domaine <strong>physique<\/strong> ou corporel, l\u2019ensemble de l\u2019organisme avec les sens, les organes et les fonctions :<\/p>\n<p><strong>Att\u00e9nue les douleurs, soulage en cas de tremblements et d\u2019hyperfonction hormonale.<\/strong><\/p>\n<p><em><strong>Le Aum ou Ohm :<\/strong><br \/>\nSelon les Hindous c\u2019est le premier SON originel qui repr\u00e9sente la cr\u00e9ation de l\u2019univers suite au big bang. Le son est la vibration universelle, \u00ab le murmure de l\u2019univers \u00bb.<br \/>\nLe aum repr\u00e9sente la v\u00e9rit\u00e9 absolue.<br \/>\nLa r\u00e9p\u00e9tition de ce mantra \u00e0 plusieurs reprises nous met en harmonie avec la conscience Universelle ou tout simplement on se sent bien dans le corps.<\/em><\/p>\n","protected":false},"excerpt":{"rendered":"<table>\n<tbody>\n<tr>\n<td style=\"texte-align: left; color: gray; border: none;\"><strong>Hors frais d&rsquo;exp\u00e9dition<\/strong><\/td>\n<\/tr>\n<tr>\n<td style=\"texte-align: left; color: gray; border: none;\"><strong>Bijoux confectionn\u00e9s sur-mesure, sur commande<br \/>Les couleurs et motifs des pierres varient d&rsquo;un bijou \u00e0 un autre<br \/>D\u00e9lai de confection environ 30 jours<\/strong><\/td>\n<\/tr>\n<tr>\n<td style=\"texte-align: left; color: blue; border: none;\"><a style=\"color: #a15fe2;\" href=\"https:\/\/lescreationsde.celineinmyworldmedium.com\/index.php\/mesurer-son-tour-de-poignet-pour-bracelets\/\" target=\"_blank\" rel=\"noopener\"><strong>Comment mesurer son tour de poignet<\/strong><\/a><\/td>\n<\/tr>\n<\/tbody>\n<\/table>\n","protected":false},"featured_media":6964,"comment_status":"open","ping_status":"closed","template":"","meta":[],"product_brand":[],"product_cat":[31,52,584],"product_tag":[152,106,42,44,38,47,43,41,40,39,23,25,36,34,1610,26,37,35,16,24,45,17,33,309,32,359,27,89,22,28],"class_list":{"0":"post-2821","1":"product","2":"type-product","3":"status-publish","4":"has-post-thumbnail","6":"product_cat-bracelets","7":"product_cat-jaspe-pierres","8":"product_cat-oeil-de-faucon-pierres-boutique","9":"product_tag-amour","10":"product_tag-argent","11":"product_tag-bijou","12":"product_tag-bijou-energetique","13":"product_tag-bijoux","14":"product_tag-bijoux-anti-allergies","15":"product_tag-bijoux-energetiques","16":"product_tag-bijoux-fait-main","17":"product_tag-bijoux-personnalises","18":"product_tag-bijoux-sur-mesure","19":"product_tag-boucles-doreilles","20":"product_tag-bracelet","21":"product_tag-bracelet-femme","22":"product_tag-bracelet-homme","23":"product_tag-bracelet-pour-le-stress-et-la-protection-avec-symbole-aum","24":"product_tag-bracelets","25":"product_tag-bracelets-femme","26":"product_tag-bracelets-homme","27":"product_tag-collier","28":"product_tag-collier-femme","29":"product_tag-collier-personnalise","30":"product_tag-colliers","31":"product_tag-energetique","32":"product_tag-jaspe-sediments","33":"product_tag-lithotherapie","34":"product_tag-oeil-de-faucon","35":"product_tag-pierre","36":"product_tag-pierre-naturelle","37":"product_tag-pierre-semi-precieuse","38":"product_tag-pierres-naturelles","40":"first","41":"instock","42":"shipping-taxable","43":"purchasable","44":"product-type-variable"},"yoast_head":"<!-- This site is optimized with the Yoast SEO plugin v27.5 - https:\/\/yoast.com\/product\/yoast-seo-wordpress\/ -->\n<title>Bracelet pour le stress et la protection en Jaspe S\u00e9diments<\/title>\n<meta name=\"description\" content=\"Distance, recul. Permet de conserver une vision d\u2019ensemble dans les situations complexes et aide en cas de difficult\u00e9 de prise de d\u00e9cision.\" \/>\n<meta name=\"robots\" content=\"index, follow, max-snippet:-1, max-image-preview:large, max-video-preview:-1\" \/>\n<link rel=\"canonical\" href=\"https:\/\/lescreationsde.celineinmyworldmedium.com\/index.php\/produit\/bracelet-pour-le-stress-et-la-protection-en-jaspe-sediments-et-oeil-de-faucon-teinte-violet-et-bleu-avec-symbole-aum\/\" \/>\n<meta property=\"og:locale\" content=\"fr_FR\" \/>\n<meta property=\"og:type\" content=\"article\" \/>\n<meta property=\"og:title\" content=\"Bracelet pour le stress et la protection en Jaspe S\u00e9diments\" \/>\n<meta property=\"og:description\" content=\"Distance, recul. Permet de conserver une vision d\u2019ensemble dans les situations complexes et aide en cas de difficult\u00e9 de prise de d\u00e9cision.\" \/>\n<meta property=\"og:url\" content=\"https:\/\/lescreationsde.celineinmyworldmedium.com\/index.php\/produit\/bracelet-pour-le-stress-et-la-protection-en-jaspe-sediments-et-oeil-de-faucon-teinte-violet-et-bleu-avec-symbole-aum\/\" \/>\n<meta property=\"og:site_name\" content=\"Les cr\u00e9ations de C\u00e9line Inmyworld\" \/>\n<meta property=\"article:modified_time\" content=\"2024-10-23T15:17:53+00:00\" \/>\n<meta property=\"og:image\" content=\"https:\/\/lescreationsde.celineinmyworldmedium.com\/wp-content\/uploads\/2021\/09\/Bracelet_pour_le_stress_et_la_protection_en_Jaspe_Sediments_et_Oeil-de-faucon_teinte_violet_et_bleu_avec_symbole_Aum.jpg\" \/>\n\t<meta property=\"og:image:width\" content=\"2048\" \/>\n\t<meta property=\"og:image:height\" content=\"2048\" \/>\n\t<meta property=\"og:image:type\" content=\"image\/jpeg\" \/>\n<meta name=\"twitter:card\" content=\"summary_large_image\" \/>\n<meta name=\"twitter:label1\" content=\"Dur\u00e9e de lecture estim\u00e9e\" \/>\n\t<meta name=\"twitter:data1\" content=\"3 minutes\" \/>\n<script type=\"application\/ld+json\" class=\"yoast-schema-graph\">{\"@context\":\"https:\\\/\\\/schema.org\",\"@graph\":[{\"@type\":\"WebPage\",\"@id\":\"https:\\\/\\\/lescreationsde.celineinmyworldmedium.com\\\/index.php\\\/produit\\\/bracelet-pour-le-stress-et-la-protection-en-jaspe-sediments-et-oeil-de-faucon-teinte-violet-et-bleu-avec-symbole-aum\\\/\",\"url\":\"https:\\\/\\\/lescreationsde.celineinmyworldmedium.com\\\/index.php\\\/produit\\\/bracelet-pour-le-stress-et-la-protection-en-jaspe-sediments-et-oeil-de-faucon-teinte-violet-et-bleu-avec-symbole-aum\\\/\",\"name\":\"Bracelet pour le stress et la protection en Jaspe S\u00e9diments\",\"isPartOf\":{\"@id\":\"https:\\\/\\\/lescreationsde.celineinmyworldmedium.com\\\/#website\"},\"primaryImageOfPage\":{\"@id\":\"https:\\\/\\\/lescreationsde.celineinmyworldmedium.com\\\/index.php\\\/produit\\\/bracelet-pour-le-stress-et-la-protection-en-jaspe-sediments-et-oeil-de-faucon-teinte-violet-et-bleu-avec-symbole-aum\\\/#primaryimage\"},\"image\":{\"@id\":\"https:\\\/\\\/lescreationsde.celineinmyworldmedium.com\\\/index.php\\\/produit\\\/bracelet-pour-le-stress-et-la-protection-en-jaspe-sediments-et-oeil-de-faucon-teinte-violet-et-bleu-avec-symbole-aum\\\/#primaryimage\"},\"thumbnailUrl\":\"https:\\\/\\\/lescreationsde.celineinmyworldmedium.com\\\/wp-content\\\/uploads\\\/2021\\\/09\\\/Bracelet_pour_le_stress_et_la_protection_en_Jaspe_Sediments_et_Oeil-de-faucon_teinte_violet_et_bleu_avec_symbole_Aum.jpg\",\"datePublished\":\"2022-12-05T11:31:54+00:00\",\"dateModified\":\"2024-10-23T15:17:53+00:00\",\"description\":\"Distance, recul. Permet de conserver une vision d\u2019ensemble dans les situations complexes et aide en cas de difficult\u00e9 de prise de d\u00e9cision.\",\"breadcrumb\":{\"@id\":\"https:\\\/\\\/lescreationsde.celineinmyworldmedium.com\\\/index.php\\\/produit\\\/bracelet-pour-le-stress-et-la-protection-en-jaspe-sediments-et-oeil-de-faucon-teinte-violet-et-bleu-avec-symbole-aum\\\/#breadcrumb\"},\"inLanguage\":\"fr-FR\",\"potentialAction\":[{\"@type\":\"ReadAction\",\"target\":[\"https:\\\/\\\/lescreationsde.celineinmyworldmedium.com\\\/index.php\\\/produit\\\/bracelet-pour-le-stress-et-la-protection-en-jaspe-sediments-et-oeil-de-faucon-teinte-violet-et-bleu-avec-symbole-aum\\\/\"]}]},{\"@type\":\"ImageObject\",\"inLanguage\":\"fr-FR\",\"@id\":\"https:\\\/\\\/lescreationsde.celineinmyworldmedium.com\\\/index.php\\\/produit\\\/bracelet-pour-le-stress-et-la-protection-en-jaspe-sediments-et-oeil-de-faucon-teinte-violet-et-bleu-avec-symbole-aum\\\/#primaryimage\",\"url\":\"https:\\\/\\\/lescreationsde.celineinmyworldmedium.com\\\/wp-content\\\/uploads\\\/2021\\\/09\\\/Bracelet_pour_le_stress_et_la_protection_en_Jaspe_Sediments_et_Oeil-de-faucon_teinte_violet_et_bleu_avec_symbole_Aum.jpg\",\"contentUrl\":\"https:\\\/\\\/lescreationsde.celineinmyworldmedium.com\\\/wp-content\\\/uploads\\\/2021\\\/09\\\/Bracelet_pour_le_stress_et_la_protection_en_Jaspe_Sediments_et_Oeil-de-faucon_teinte_violet_et_bleu_avec_symbole_Aum.jpg\",\"width\":2048,\"height\":2048,\"caption\":\"Bracelet pour le stress et la protection, en Jaspe S\u00e9diments et Oeil de faucon teint\u00e9 violet et bleu, avec symbole Aum\"},{\"@type\":\"BreadcrumbList\",\"@id\":\"https:\\\/\\\/lescreationsde.celineinmyworldmedium.com\\\/index.php\\\/produit\\\/bracelet-pour-le-stress-et-la-protection-en-jaspe-sediments-et-oeil-de-faucon-teinte-violet-et-bleu-avec-symbole-aum\\\/#breadcrumb\",\"itemListElement\":[{\"@type\":\"ListItem\",\"position\":1,\"name\":\"Accueil\",\"item\":\"https:\\\/\\\/lescreationsde.celineinmyworldmedium.com\\\/\"},{\"@type\":\"ListItem\",\"position\":2,\"name\":\"Produits\",\"item\":\"https:\\\/\\\/lescreationsde.celineinmyworldmedium.com\\\/index.php\\\/boutique\\\/\"},{\"@type\":\"ListItem\",\"position\":3,\"name\":\"Bracelet pour le stress et la protection, en Jaspe S\u00e9diments et Oeil de faucon teint\u00e9 violet et bleu, avec symbole Aum\"}]},{\"@type\":\"WebSite\",\"@id\":\"https:\\\/\\\/lescreationsde.celineinmyworldmedium.com\\\/#website\",\"url\":\"https:\\\/\\\/lescreationsde.celineinmyworldmedium.com\\\/\",\"name\":\"Les cr\u00e9ations de C\u00e9line Inmyworld\",\"description\":\"Cr\u00e9ation de bijoux personnalis\u00e9s, sur-mesure, en pierres semi-pr\u00e9cieuses de qualit\u00e9. Bracelets, boucles d&#039;oreilles, colliers, sautoirs, malas, cha\u00eenes de cheville, bagues...\u2764\",\"publisher\":{\"@id\":\"https:\\\/\\\/lescreationsde.celineinmyworldmedium.com\\\/#organization\"},\"potentialAction\":[{\"@type\":\"SearchAction\",\"target\":{\"@type\":\"EntryPoint\",\"urlTemplate\":\"https:\\\/\\\/lescreationsde.celineinmyworldmedium.com\\\/?s={search_term_string}\"},\"query-input\":{\"@type\":\"PropertyValueSpecification\",\"valueRequired\":true,\"valueName\":\"search_term_string\"}}],\"inLanguage\":\"fr-FR\"},{\"@type\":\"Organization\",\"@id\":\"https:\\\/\\\/lescreationsde.celineinmyworldmedium.com\\\/#organization\",\"name\":\"Les cr\u00e9ations de C\u00e9line Inmyworld\",\"url\":\"https:\\\/\\\/lescreationsde.celineinmyworldmedium.com\\\/\",\"logo\":{\"@type\":\"ImageObject\",\"inLanguage\":\"fr-FR\",\"@id\":\"https:\\\/\\\/lescreationsde.celineinmyworldmedium.com\\\/#\\\/schema\\\/logo\\\/image\\\/\",\"url\":\"https:\\\/\\\/lescreationsde.celineinmyworldmedium.com\\\/wp-content\\\/uploads\\\/2021\\\/03\\\/logo_creations3.png\",\"contentUrl\":\"https:\\\/\\\/lescreationsde.celineinmyworldmedium.com\\\/wp-content\\\/uploads\\\/2021\\\/03\\\/logo_creations3.png\",\"width\":613,\"height\":190,\"caption\":\"Les cr\u00e9ations de C\u00e9line Inmyworld\"},\"image\":{\"@id\":\"https:\\\/\\\/lescreationsde.celineinmyworldmedium.com\\\/#\\\/schema\\\/logo\\\/image\\\/\"}}]}<\/script>\n<!-- \/ Yoast SEO plugin. -->","yoast_head_json":{"title":"Bracelet pour le stress et la protection en Jaspe S\u00e9diments","description":"Distance, recul. Permet de conserver une vision d\u2019ensemble dans les situations complexes et aide en cas de difficult\u00e9 de prise de d\u00e9cision.","robots":{"index":"index","follow":"follow","max-snippet":"max-snippet:-1","max-image-preview":"max-image-preview:large","max-video-preview":"max-video-preview:-1"},"canonical":"https:\/\/lescreationsde.celineinmyworldmedium.com\/index.php\/produit\/bracelet-pour-le-stress-et-la-protection-en-jaspe-sediments-et-oeil-de-faucon-teinte-violet-et-bleu-avec-symbole-aum\/","og_locale":"fr_FR","og_type":"article","og_title":"Bracelet pour le stress et la protection en Jaspe S\u00e9diments","og_description":"Distance, recul. Permet de conserver une vision d\u2019ensemble dans les situations complexes et aide en cas de difficult\u00e9 de prise de d\u00e9cision.","og_url":"https:\/\/lescreationsde.celineinmyworldmedium.com\/index.php\/produit\/bracelet-pour-le-stress-et-la-protection-en-jaspe-sediments-et-oeil-de-faucon-teinte-violet-et-bleu-avec-symbole-aum\/","og_site_name":"Les cr\u00e9ations de C\u00e9line Inmyworld","article_modified_time":"2024-10-23T15:17:53+00:00","og_image":[{"width":2048,"height":2048,"url":"https:\/\/lescreationsde.celineinmyworldmedium.com\/wp-content\/uploads\/2021\/09\/Bracelet_pour_le_stress_et_la_protection_en_Jaspe_Sediments_et_Oeil-de-faucon_teinte_violet_et_bleu_avec_symbole_Aum.jpg","type":"image\/jpeg"}],"twitter_card":"summary_large_image","twitter_misc":{"Dur\u00e9e de lecture estim\u00e9e":"3 minutes"},"schema":{"@context":"https:\/\/schema.org","@graph":[{"@type":"WebPage","@id":"https:\/\/lescreationsde.celineinmyworldmedium.com\/index.php\/produit\/bracelet-pour-le-stress-et-la-protection-en-jaspe-sediments-et-oeil-de-faucon-teinte-violet-et-bleu-avec-symbole-aum\/","url":"https:\/\/lescreationsde.celineinmyworldmedium.com\/index.php\/produit\/bracelet-pour-le-stress-et-la-protection-en-jaspe-sediments-et-oeil-de-faucon-teinte-violet-et-bleu-avec-symbole-aum\/","name":"Bracelet pour le stress et la protection en Jaspe S\u00e9diments","isPartOf":{"@id":"https:\/\/lescreationsde.celineinmyworldmedium.com\/#website"},"primaryImageOfPage":{"@id":"https:\/\/lescreationsde.celineinmyworldmedium.com\/index.php\/produit\/bracelet-pour-le-stress-et-la-protection-en-jaspe-sediments-et-oeil-de-faucon-teinte-violet-et-bleu-avec-symbole-aum\/#primaryimage"},"image":{"@id":"https:\/\/lescreationsde.celineinmyworldmedium.com\/index.php\/produit\/bracelet-pour-le-stress-et-la-protection-en-jaspe-sediments-et-oeil-de-faucon-teinte-violet-et-bleu-avec-symbole-aum\/#primaryimage"},"thumbnailUrl":"https:\/\/lescreationsde.celineinmyworldmedium.com\/wp-content\/uploads\/2021\/09\/Bracelet_pour_le_stress_et_la_protection_en_Jaspe_Sediments_et_Oeil-de-faucon_teinte_violet_et_bleu_avec_symbole_Aum.jpg","datePublished":"2022-12-05T11:31:54+00:00","dateModified":"2024-10-23T15:17:53+00:00","description":"Distance, recul. Permet de conserver une vision d\u2019ensemble dans les situations complexes et aide en cas de difficult\u00e9 de prise de d\u00e9cision.","breadcrumb":{"@id":"https:\/\/lescreationsde.celineinmyworldmedium.com\/index.php\/produit\/bracelet-pour-le-stress-et-la-protection-en-jaspe-sediments-et-oeil-de-faucon-teinte-violet-et-bleu-avec-symbole-aum\/#breadcrumb"},"inLanguage":"fr-FR","potentialAction":[{"@type":"ReadAction","target":["https:\/\/lescreationsde.celineinmyworldmedium.com\/index.php\/produit\/bracelet-pour-le-stress-et-la-protection-en-jaspe-sediments-et-oeil-de-faucon-teinte-violet-et-bleu-avec-symbole-aum\/"]}]},{"@type":"ImageObject","inLanguage":"fr-FR","@id":"https:\/\/lescreationsde.celineinmyworldmedium.com\/index.php\/produit\/bracelet-pour-le-stress-et-la-protection-en-jaspe-sediments-et-oeil-de-faucon-teinte-violet-et-bleu-avec-symbole-aum\/#primaryimage","url":"https:\/\/lescreationsde.celineinmyworldmedium.com\/wp-content\/uploads\/2021\/09\/Bracelet_pour_le_stress_et_la_protection_en_Jaspe_Sediments_et_Oeil-de-faucon_teinte_violet_et_bleu_avec_symbole_Aum.jpg","contentUrl":"https:\/\/lescreationsde.celineinmyworldmedium.com\/wp-content\/uploads\/2021\/09\/Bracelet_pour_le_stress_et_la_protection_en_Jaspe_Sediments_et_Oeil-de-faucon_teinte_violet_et_bleu_avec_symbole_Aum.jpg","width":2048,"height":2048,"caption":"Bracelet pour le stress et la protection, en Jaspe S\u00e9diments et Oeil de faucon teint\u00e9 violet et bleu, avec symbole Aum"},{"@type":"BreadcrumbList","@id":"https:\/\/lescreationsde.celineinmyworldmedium.com\/index.php\/produit\/bracelet-pour-le-stress-et-la-protection-en-jaspe-sediments-et-oeil-de-faucon-teinte-violet-et-bleu-avec-symbole-aum\/#breadcrumb","itemListElement":[{"@type":"ListItem","position":1,"name":"Accueil","item":"https:\/\/lescreationsde.celineinmyworldmedium.com\/"},{"@type":"ListItem","position":2,"name":"Produits","item":"https:\/\/lescreationsde.celineinmyworldmedium.com\/index.php\/boutique\/"},{"@type":"ListItem","position":3,"name":"Bracelet pour le stress et la protection, en Jaspe S\u00e9diments et Oeil de faucon teint\u00e9 violet et bleu, avec symbole Aum"}]},{"@type":"WebSite","@id":"https:\/\/lescreationsde.celineinmyworldmedium.com\/#website","url":"https:\/\/lescreationsde.celineinmyworldmedium.com\/","name":"Les cr\u00e9ations de C\u00e9line Inmyworld","description":"Cr\u00e9ation de bijoux personnalis\u00e9s, sur-mesure, en pierres semi-pr\u00e9cieuses de qualit\u00e9. Bracelets, boucles d&#039;oreilles, colliers, sautoirs, malas, cha\u00eenes de cheville, bagues...\u2764","publisher":{"@id":"https:\/\/lescreationsde.celineinmyworldmedium.com\/#organization"},"potentialAction":[{"@type":"SearchAction","target":{"@type":"EntryPoint","urlTemplate":"https:\/\/lescreationsde.celineinmyworldmedium.com\/?s={search_term_string}"},"query-input":{"@type":"PropertyValueSpecification","valueRequired":true,"valueName":"search_term_string"}}],"inLanguage":"fr-FR"},{"@type":"Organization","@id":"https:\/\/lescreationsde.celineinmyworldmedium.com\/#organization","name":"Les cr\u00e9ations de C\u00e9line Inmyworld","url":"https:\/\/lescreationsde.celineinmyworldmedium.com\/","logo":{"@type":"ImageObject","inLanguage":"fr-FR","@id":"https:\/\/lescreationsde.celineinmyworldmedium.com\/#\/schema\/logo\/image\/","url":"https:\/\/lescreationsde.celineinmyworldmedium.com\/wp-content\/uploads\/2021\/03\/logo_creations3.png","contentUrl":"https:\/\/lescreationsde.celineinmyworldmedium.com\/wp-content\/uploads\/2021\/03\/logo_creations3.png","width":613,"height":190,"caption":"Les cr\u00e9ations de C\u00e9line Inmyworld"},"image":{"@id":"https:\/\/lescreationsde.celineinmyworldmedium.com\/#\/schema\/logo\/image\/"}}]}},"jetpack_sharing_enabled":true,"_links":{"self":[{"href":"https:\/\/lescreationsde.celineinmyworldmedium.com\/index.php\/wp-json\/wp\/v2\/product\/2821","targetHints":{"allow":["GET"]}}],"collection":[{"href":"https:\/\/lescreationsde.celineinmyworldmedium.com\/index.php\/wp-json\/wp\/v2\/product"}],"about":[{"href":"https:\/\/lescreationsde.celineinmyworldmedium.com\/index.php\/wp-json\/wp\/v2\/types\/product"}],"replies":[{"embeddable":true,"href":"https:\/\/lescreationsde.celineinmyworldmedium.com\/index.php\/wp-json\/wp\/v2\/comments?post=2821"}],"wp:featuredmedia":[{"embeddable":true,"href":"https:\/\/lescreationsde.celineinmyworldmedium.com\/index.php\/wp-json\/wp\/v2\/media\/6964"}],"wp:attachment":[{"href":"https:\/\/lescreationsde.celineinmyworldmedium.com\/index.php\/wp-json\/wp\/v2\/media?parent=2821"}],"wp:term":[{"taxonomy":"product_brand","embeddable":true,"href":"https:\/\/lescreationsde.celineinmyworldmedium.com\/index.php\/wp-json\/wp\/v2\/product_brand?post=2821"},{"taxonomy":"product_cat","embeddable":true,"href":"https:\/\/lescreationsde.celineinmyworldmedium.com\/index.php\/wp-json\/wp\/v2\/product_cat?post=2821"},{"taxonomy":"product_tag","embeddable":true,"href":"https:\/\/lescreationsde.celineinmyworldmedium.com\/index.php\/wp-json\/wp\/v2\/product_tag?post=2821"}],"curies":[{"name":"wp","href":"https:\/\/api.w.org\/{rel}","templated":true}]}}