{"id":2558,"date":"2021-09-09T12:03:59","date_gmt":"2021-09-09T10:03:59","guid":{"rendered":"https:\/\/lescreationsde.celineinmyworldmedium.com\/?post_type=product&#038;p=2558"},"modified":"2024-04-14T20:14:33","modified_gmt":"2024-04-14T18:14:33","slug":"boucles-doreilles-merkaba-pour-la-paix-et-lepanouissement-spirituel-en-amethyste-claire","status":"publish","type":"product","link":"https:\/\/lescreationsde.celineinmyworldmedium.com\/index.php\/produit\/boucles-doreilles-merkaba-pour-la-paix-et-lepanouissement-spirituel-en-amethyste-claire\/","title":{"rendered":"Boucles d&rsquo;oreilles Merkaba pour la paix et l&rsquo;\u00e9panouissement spirituel, en Am\u00e9thyste claire"},"content":{"rendered":"<h4>Les vertus de l\u2019am\u00e9thyste claire :<\/h4>\n<p><strong>Sur le domaine spirituel,<\/strong> celui de l\u2019\u00eatre humain avec ses intentions, ses buts ou ses pr\u00e9occupations existentielles :<br \/>\n<strong>Paix, spiritualit\u00e9, clarification, m\u00e9ditation.<\/strong><\/p>\n<p><strong>Sur le domaine de l\u2019\u00e2me<\/strong> ou du subconscient, ainsi que les notions de temp\u00e9rament, de sentiments, de sensations, de r\u00eaves, de v\u00e9cu sur le plan animique, d\u2019habitudes et de r\u00e9actions inconscientes :<br \/>\n<strong>Pour l\u2019intuition, pour faire de beaux r\u00eaves parfaitement clairs, am\u00e9liore le sommeil agit\u00e9.<\/strong><\/p>\n<p><strong>Sur le domaine mental<\/strong> avec les id\u00e9es, la raison, les convictions, les consid\u00e9rations, ainsi que le mode de pens\u00e9e et d\u2019action consciente :<br \/>\n<strong>Favorise la perception consciente, et l\u2019assimilation des exp\u00e9riences.<\/strong><\/p>\n<p><strong>Sur le domaine physique<\/strong> ou corporel, l\u2019ensemble de l\u2019organisme avec les sens, les organes et les fonctions :<br \/>\n<strong>Excellente contre les maux de t\u00eate, pour les poumons, la peau et les nerfs.<\/strong><\/p>\n<p><em><strong>La Merkaba :<\/strong><br \/>\nSymbole sacr\u00e9 permettant l\u2019activation des \u00e9nergies ou champ vibratoire puissant, la Merkaba prend diff\u00e9rentes significations dans la spiritualit\u00e9 traditionnelle et contemporaine. Dans la mystique juive, elle est m\u00eame \u00e9voqu\u00e9e comme un \u201cchar\u201d permettant \u00e0 l\u2019\u00eatre humain d\u2019acc\u00e9der au monde divin, ou \u00e0 d\u2019autres plans de conscience\u2026 Int\u00e9gr\u00e9 dans votre vie, ce motif \u00e9sot\u00e9rique vous apportera protection, vitalit\u00e9 et favorisera l\u2019\u00e9panouissement spirituel.<\/em><\/p>\n<p><em>(Fabriqu\u00e9es sur crochets argent\u00e9s. Possibilit\u00e9 de les confectionner sur crochets en plastique semi-rigide antiallerg\u00e8ne.)<\/em><\/p>\n","protected":false},"excerpt":{"rendered":"<table>\n<tbody>\n<tr>\n<td style=\"texte-align: left; color: gray; border: none;\"><strong>Hors frais d\u2019exp\u00e9dition<\/strong><\/td>\n<\/tr>\n<tr>\n<td style=\"texte-align: left; color: gray; border: none;\"><strong>Bijoux confectionn\u00e9s sur-mesure, sur commande<br \/>\nLes couleurs et motifs des pierres varient d&rsquo;un bijou \u00e0 un autre<br \/>\nD\u00e9lai de confection environ 30 jours<\/strong><\/td>\n<\/tr>\n<tr>\n<td style=\"texte-align: left; color: green; border: none;\"><a href=\"https:\/\/lescreationsde.celineinmyworldmedium.com\/index.php\/categorie-produit\/catalogue\/accessoires\/crochets-boucles-doreilles\/\" target=\"_blank\" rel=\"noopener\"><strong>Voir les diff\u00e9rents crochets<\/strong><\/a><\/td>\n<\/tr>\n<tr>\n<td style=\"texte-align: left; color: blue; border: none;\"><em>(Dimension de la Merkaba = 15 mm)<\/em><\/td>\n<\/tr>\n<\/tbody>\n<\/table>\n","protected":false},"featured_media":2559,"comment_status":"open","ping_status":"closed","template":"","meta":[],"product_brand":[],"product_cat":[48,67],"product_tag":[163,152,106,42,44,38,47,43,41,40,39,23,939,25,36,34,26,37,35,16,24,45,17,33,32,27,89,22,28],"class_list":{"0":"post-2558","1":"product","2":"type-product","3":"status-publish","4":"has-post-thumbnail","6":"product_cat-boucles-doreilles","7":"product_cat-amethyste-pierres","8":"product_tag-amethyste-claire","9":"product_tag-amour","10":"product_tag-argent","11":"product_tag-bijou","12":"product_tag-bijou-energetique","13":"product_tag-bijoux","14":"product_tag-bijoux-anti-allergies","15":"product_tag-bijoux-energetiques","16":"product_tag-bijoux-fait-main","17":"product_tag-bijoux-personnalises","18":"product_tag-bijoux-sur-mesure","19":"product_tag-boucles-doreilles","20":"product_tag-boucles-doreilles-merkaba-pour-la-paix-et-lepanouissement-spirituel","21":"product_tag-bracelet","22":"product_tag-bracelet-femme","23":"product_tag-bracelet-homme","24":"product_tag-bracelets","25":"product_tag-bracelets-femme","26":"product_tag-bracelets-homme","27":"product_tag-collier","28":"product_tag-collier-femme","29":"product_tag-collier-personnalise","30":"product_tag-colliers","31":"product_tag-energetique","32":"product_tag-lithotherapie","33":"product_tag-pierre","34":"product_tag-pierre-naturelle","35":"product_tag-pierre-semi-precieuse","36":"product_tag-pierres-naturelles","38":"first","39":"instock","40":"shipping-taxable","41":"purchasable","42":"product-type-variable"},"yoast_head":"<!-- This site is optimized with the Yoast SEO plugin v27.2 - https:\/\/yoast.com\/product\/yoast-seo-wordpress\/ -->\n<title>Boucles d&#039;oreilles Merkaba pour la paix et l&#039;\u00e9panouissement...<\/title>\n<meta name=\"description\" content=\"Paix, spiritualit\u00e9, clarification, m\u00e9ditation. Pour l\u2019intuition, pour faire de beaux r\u00eaves parfaitement clairs, am\u00e9liore le sommeil agit\u00e9.\" \/>\n<meta name=\"robots\" content=\"index, follow, max-snippet:-1, max-image-preview:large, max-video-preview:-1\" \/>\n<link rel=\"canonical\" href=\"https:\/\/lescreationsde.celineinmyworldmedium.com\/index.php\/produit\/boucles-doreilles-merkaba-pour-la-paix-et-lepanouissement-spirituel-en-amethyste-claire\/\" \/>\n<meta property=\"og:locale\" content=\"fr_FR\" \/>\n<meta property=\"og:type\" content=\"article\" \/>\n<meta property=\"og:title\" content=\"Boucles d&#039;oreilles Merkaba pour la paix et l&#039;\u00e9panouissement...\" \/>\n<meta property=\"og:description\" content=\"Paix, spiritualit\u00e9, clarification, m\u00e9ditation. Pour l\u2019intuition, pour faire de beaux r\u00eaves parfaitement clairs, am\u00e9liore le sommeil agit\u00e9.\" \/>\n<meta property=\"og:url\" content=\"https:\/\/lescreationsde.celineinmyworldmedium.com\/index.php\/produit\/boucles-doreilles-merkaba-pour-la-paix-et-lepanouissement-spirituel-en-amethyste-claire\/\" \/>\n<meta property=\"og:site_name\" content=\"Les cr\u00e9ations de C\u00e9line Inmyworld\" \/>\n<meta property=\"article:modified_time\" content=\"2024-04-14T18:14:33+00:00\" \/>\n<meta property=\"og:image\" content=\"https:\/\/lescreationsde.celineinmyworldmedium.com\/wp-content\/uploads\/2021\/09\/Boucles_d-oreilles_Merkaba_pour_la_paix_et_l-epanouissement_spirituel_en_Amethyste_claire.jpg\" \/>\n\t<meta property=\"og:image:width\" content=\"1536\" \/>\n\t<meta property=\"og:image:height\" content=\"2048\" \/>\n\t<meta property=\"og:image:type\" content=\"image\/jpeg\" \/>\n<meta name=\"twitter:card\" content=\"summary_large_image\" \/>\n<meta name=\"twitter:label1\" content=\"Dur\u00e9e de lecture estim\u00e9e\" \/>\n\t<meta name=\"twitter:data1\" content=\"2 minutes\" \/>\n<script type=\"application\/ld+json\" class=\"yoast-schema-graph\">{\"@context\":\"https:\/\/schema.org\",\"@graph\":[{\"@type\":\"WebPage\",\"@id\":\"https:\/\/lescreationsde.celineinmyworldmedium.com\/index.php\/produit\/boucles-doreilles-merkaba-pour-la-paix-et-lepanouissement-spirituel-en-amethyste-claire\/\",\"url\":\"https:\/\/lescreationsde.celineinmyworldmedium.com\/index.php\/produit\/boucles-doreilles-merkaba-pour-la-paix-et-lepanouissement-spirituel-en-amethyste-claire\/\",\"name\":\"Boucles d'oreilles Merkaba pour la paix et l'\u00e9panouissement...\",\"isPartOf\":{\"@id\":\"https:\/\/lescreationsde.celineinmyworldmedium.com\/#website\"},\"primaryImageOfPage\":{\"@id\":\"https:\/\/lescreationsde.celineinmyworldmedium.com\/index.php\/produit\/boucles-doreilles-merkaba-pour-la-paix-et-lepanouissement-spirituel-en-amethyste-claire\/#primaryimage\"},\"image\":{\"@id\":\"https:\/\/lescreationsde.celineinmyworldmedium.com\/index.php\/produit\/boucles-doreilles-merkaba-pour-la-paix-et-lepanouissement-spirituel-en-amethyste-claire\/#primaryimage\"},\"thumbnailUrl\":\"https:\/\/lescreationsde.celineinmyworldmedium.com\/wp-content\/uploads\/2021\/09\/Boucles_d-oreilles_Merkaba_pour_la_paix_et_l-epanouissement_spirituel_en_Amethyste_claire.jpg\",\"datePublished\":\"2021-09-09T10:03:59+00:00\",\"dateModified\":\"2024-04-14T18:14:33+00:00\",\"description\":\"Paix, spiritualit\u00e9, clarification, m\u00e9ditation. Pour l\u2019intuition, pour faire de beaux r\u00eaves parfaitement clairs, am\u00e9liore le sommeil agit\u00e9.\",\"breadcrumb\":{\"@id\":\"https:\/\/lescreationsde.celineinmyworldmedium.com\/index.php\/produit\/boucles-doreilles-merkaba-pour-la-paix-et-lepanouissement-spirituel-en-amethyste-claire\/#breadcrumb\"},\"inLanguage\":\"fr-FR\",\"potentialAction\":[{\"@type\":\"ReadAction\",\"target\":[\"https:\/\/lescreationsde.celineinmyworldmedium.com\/index.php\/produit\/boucles-doreilles-merkaba-pour-la-paix-et-lepanouissement-spirituel-en-amethyste-claire\/\"]}]},{\"@type\":\"ImageObject\",\"inLanguage\":\"fr-FR\",\"@id\":\"https:\/\/lescreationsde.celineinmyworldmedium.com\/index.php\/produit\/boucles-doreilles-merkaba-pour-la-paix-et-lepanouissement-spirituel-en-amethyste-claire\/#primaryimage\",\"url\":\"https:\/\/lescreationsde.celineinmyworldmedium.com\/wp-content\/uploads\/2021\/09\/Boucles_d-oreilles_Merkaba_pour_la_paix_et_l-epanouissement_spirituel_en_Amethyste_claire.jpg\",\"contentUrl\":\"https:\/\/lescreationsde.celineinmyworldmedium.com\/wp-content\/uploads\/2021\/09\/Boucles_d-oreilles_Merkaba_pour_la_paix_et_l-epanouissement_spirituel_en_Amethyste_claire.jpg\",\"width\":1536,\"height\":2048,\"caption\":\"Boucles d'oreilles Merkaba pour la paix et l'\u00e9panouissement spirituel, en Am\u00e9thyste claire\"},{\"@type\":\"BreadcrumbList\",\"@id\":\"https:\/\/lescreationsde.celineinmyworldmedium.com\/index.php\/produit\/boucles-doreilles-merkaba-pour-la-paix-et-lepanouissement-spirituel-en-amethyste-claire\/#breadcrumb\",\"itemListElement\":[{\"@type\":\"ListItem\",\"position\":1,\"name\":\"Accueil\",\"item\":\"https:\/\/lescreationsde.celineinmyworldmedium.com\/\"},{\"@type\":\"ListItem\",\"position\":2,\"name\":\"Produits\",\"item\":\"https:\/\/lescreationsde.celineinmyworldmedium.com\/index.php\/boutique\/\"},{\"@type\":\"ListItem\",\"position\":3,\"name\":\"Boucles d&#8217;oreilles Merkaba pour la paix et l&#8217;\u00e9panouissement spirituel, en Am\u00e9thyste claire\"}]},{\"@type\":\"WebSite\",\"@id\":\"https:\/\/lescreationsde.celineinmyworldmedium.com\/#website\",\"url\":\"https:\/\/lescreationsde.celineinmyworldmedium.com\/\",\"name\":\"Les cr\u00e9ations de C\u00e9line Inmyworld\",\"description\":\"Cr\u00e9ation de bijoux personnalis\u00e9s, sur-mesure, en pierres semi-pr\u00e9cieuses de qualit\u00e9. Bracelets, boucles d&#039;oreilles, colliers, sautoirs, malas, cha\u00eenes de cheville, bagues...\u2764\",\"publisher\":{\"@id\":\"https:\/\/lescreationsde.celineinmyworldmedium.com\/#organization\"},\"potentialAction\":[{\"@type\":\"SearchAction\",\"target\":{\"@type\":\"EntryPoint\",\"urlTemplate\":\"https:\/\/lescreationsde.celineinmyworldmedium.com\/?s={search_term_string}\"},\"query-input\":{\"@type\":\"PropertyValueSpecification\",\"valueRequired\":true,\"valueName\":\"search_term_string\"}}],\"inLanguage\":\"fr-FR\"},{\"@type\":\"Organization\",\"@id\":\"https:\/\/lescreationsde.celineinmyworldmedium.com\/#organization\",\"name\":\"Les cr\u00e9ations de C\u00e9line Inmyworld\",\"url\":\"https:\/\/lescreationsde.celineinmyworldmedium.com\/\",\"logo\":{\"@type\":\"ImageObject\",\"inLanguage\":\"fr-FR\",\"@id\":\"https:\/\/lescreationsde.celineinmyworldmedium.com\/#\/schema\/logo\/image\/\",\"url\":\"https:\/\/lescreationsde.celineinmyworldmedium.com\/wp-content\/uploads\/2021\/03\/logo_creations3.png\",\"contentUrl\":\"https:\/\/lescreationsde.celineinmyworldmedium.com\/wp-content\/uploads\/2021\/03\/logo_creations3.png\",\"width\":613,\"height\":190,\"caption\":\"Les cr\u00e9ations de C\u00e9line Inmyworld\"},\"image\":{\"@id\":\"https:\/\/lescreationsde.celineinmyworldmedium.com\/#\/schema\/logo\/image\/\"}}]}<\/script>\n<!-- \/ Yoast SEO plugin. -->","yoast_head_json":{"title":"Boucles d'oreilles Merkaba pour la paix et l'\u00e9panouissement...","description":"Paix, spiritualit\u00e9, clarification, m\u00e9ditation. Pour l\u2019intuition, pour faire de beaux r\u00eaves parfaitement clairs, am\u00e9liore le sommeil agit\u00e9.","robots":{"index":"index","follow":"follow","max-snippet":"max-snippet:-1","max-image-preview":"max-image-preview:large","max-video-preview":"max-video-preview:-1"},"canonical":"https:\/\/lescreationsde.celineinmyworldmedium.com\/index.php\/produit\/boucles-doreilles-merkaba-pour-la-paix-et-lepanouissement-spirituel-en-amethyste-claire\/","og_locale":"fr_FR","og_type":"article","og_title":"Boucles d'oreilles Merkaba pour la paix et l'\u00e9panouissement...","og_description":"Paix, spiritualit\u00e9, clarification, m\u00e9ditation. Pour l\u2019intuition, pour faire de beaux r\u00eaves parfaitement clairs, am\u00e9liore le sommeil agit\u00e9.","og_url":"https:\/\/lescreationsde.celineinmyworldmedium.com\/index.php\/produit\/boucles-doreilles-merkaba-pour-la-paix-et-lepanouissement-spirituel-en-amethyste-claire\/","og_site_name":"Les cr\u00e9ations de C\u00e9line Inmyworld","article_modified_time":"2024-04-14T18:14:33+00:00","og_image":[{"width":1536,"height":2048,"url":"https:\/\/lescreationsde.celineinmyworldmedium.com\/wp-content\/uploads\/2021\/09\/Boucles_d-oreilles_Merkaba_pour_la_paix_et_l-epanouissement_spirituel_en_Amethyste_claire.jpg","type":"image\/jpeg"}],"twitter_card":"summary_large_image","twitter_misc":{"Dur\u00e9e de lecture estim\u00e9e":"2 minutes"},"schema":{"@context":"https:\/\/schema.org","@graph":[{"@type":"WebPage","@id":"https:\/\/lescreationsde.celineinmyworldmedium.com\/index.php\/produit\/boucles-doreilles-merkaba-pour-la-paix-et-lepanouissement-spirituel-en-amethyste-claire\/","url":"https:\/\/lescreationsde.celineinmyworldmedium.com\/index.php\/produit\/boucles-doreilles-merkaba-pour-la-paix-et-lepanouissement-spirituel-en-amethyste-claire\/","name":"Boucles d'oreilles Merkaba pour la paix et l'\u00e9panouissement...","isPartOf":{"@id":"https:\/\/lescreationsde.celineinmyworldmedium.com\/#website"},"primaryImageOfPage":{"@id":"https:\/\/lescreationsde.celineinmyworldmedium.com\/index.php\/produit\/boucles-doreilles-merkaba-pour-la-paix-et-lepanouissement-spirituel-en-amethyste-claire\/#primaryimage"},"image":{"@id":"https:\/\/lescreationsde.celineinmyworldmedium.com\/index.php\/produit\/boucles-doreilles-merkaba-pour-la-paix-et-lepanouissement-spirituel-en-amethyste-claire\/#primaryimage"},"thumbnailUrl":"https:\/\/lescreationsde.celineinmyworldmedium.com\/wp-content\/uploads\/2021\/09\/Boucles_d-oreilles_Merkaba_pour_la_paix_et_l-epanouissement_spirituel_en_Amethyste_claire.jpg","datePublished":"2021-09-09T10:03:59+00:00","dateModified":"2024-04-14T18:14:33+00:00","description":"Paix, spiritualit\u00e9, clarification, m\u00e9ditation. Pour l\u2019intuition, pour faire de beaux r\u00eaves parfaitement clairs, am\u00e9liore le sommeil agit\u00e9.","breadcrumb":{"@id":"https:\/\/lescreationsde.celineinmyworldmedium.com\/index.php\/produit\/boucles-doreilles-merkaba-pour-la-paix-et-lepanouissement-spirituel-en-amethyste-claire\/#breadcrumb"},"inLanguage":"fr-FR","potentialAction":[{"@type":"ReadAction","target":["https:\/\/lescreationsde.celineinmyworldmedium.com\/index.php\/produit\/boucles-doreilles-merkaba-pour-la-paix-et-lepanouissement-spirituel-en-amethyste-claire\/"]}]},{"@type":"ImageObject","inLanguage":"fr-FR","@id":"https:\/\/lescreationsde.celineinmyworldmedium.com\/index.php\/produit\/boucles-doreilles-merkaba-pour-la-paix-et-lepanouissement-spirituel-en-amethyste-claire\/#primaryimage","url":"https:\/\/lescreationsde.celineinmyworldmedium.com\/wp-content\/uploads\/2021\/09\/Boucles_d-oreilles_Merkaba_pour_la_paix_et_l-epanouissement_spirituel_en_Amethyste_claire.jpg","contentUrl":"https:\/\/lescreationsde.celineinmyworldmedium.com\/wp-content\/uploads\/2021\/09\/Boucles_d-oreilles_Merkaba_pour_la_paix_et_l-epanouissement_spirituel_en_Amethyste_claire.jpg","width":1536,"height":2048,"caption":"Boucles d'oreilles Merkaba pour la paix et l'\u00e9panouissement spirituel, en Am\u00e9thyste claire"},{"@type":"BreadcrumbList","@id":"https:\/\/lescreationsde.celineinmyworldmedium.com\/index.php\/produit\/boucles-doreilles-merkaba-pour-la-paix-et-lepanouissement-spirituel-en-amethyste-claire\/#breadcrumb","itemListElement":[{"@type":"ListItem","position":1,"name":"Accueil","item":"https:\/\/lescreationsde.celineinmyworldmedium.com\/"},{"@type":"ListItem","position":2,"name":"Produits","item":"https:\/\/lescreationsde.celineinmyworldmedium.com\/index.php\/boutique\/"},{"@type":"ListItem","position":3,"name":"Boucles d&#8217;oreilles Merkaba pour la paix et l&#8217;\u00e9panouissement spirituel, en Am\u00e9thyste claire"}]},{"@type":"WebSite","@id":"https:\/\/lescreationsde.celineinmyworldmedium.com\/#website","url":"https:\/\/lescreationsde.celineinmyworldmedium.com\/","name":"Les cr\u00e9ations de C\u00e9line Inmyworld","description":"Cr\u00e9ation de bijoux personnalis\u00e9s, sur-mesure, en pierres semi-pr\u00e9cieuses de qualit\u00e9. Bracelets, boucles d&#039;oreilles, colliers, sautoirs, malas, cha\u00eenes de cheville, bagues...\u2764","publisher":{"@id":"https:\/\/lescreationsde.celineinmyworldmedium.com\/#organization"},"potentialAction":[{"@type":"SearchAction","target":{"@type":"EntryPoint","urlTemplate":"https:\/\/lescreationsde.celineinmyworldmedium.com\/?s={search_term_string}"},"query-input":{"@type":"PropertyValueSpecification","valueRequired":true,"valueName":"search_term_string"}}],"inLanguage":"fr-FR"},{"@type":"Organization","@id":"https:\/\/lescreationsde.celineinmyworldmedium.com\/#organization","name":"Les cr\u00e9ations de C\u00e9line Inmyworld","url":"https:\/\/lescreationsde.celineinmyworldmedium.com\/","logo":{"@type":"ImageObject","inLanguage":"fr-FR","@id":"https:\/\/lescreationsde.celineinmyworldmedium.com\/#\/schema\/logo\/image\/","url":"https:\/\/lescreationsde.celineinmyworldmedium.com\/wp-content\/uploads\/2021\/03\/logo_creations3.png","contentUrl":"https:\/\/lescreationsde.celineinmyworldmedium.com\/wp-content\/uploads\/2021\/03\/logo_creations3.png","width":613,"height":190,"caption":"Les cr\u00e9ations de C\u00e9line Inmyworld"},"image":{"@id":"https:\/\/lescreationsde.celineinmyworldmedium.com\/#\/schema\/logo\/image\/"}}]}},"jetpack_sharing_enabled":true,"_links":{"self":[{"href":"https:\/\/lescreationsde.celineinmyworldmedium.com\/index.php\/wp-json\/wp\/v2\/product\/2558","targetHints":{"allow":["GET"]}}],"collection":[{"href":"https:\/\/lescreationsde.celineinmyworldmedium.com\/index.php\/wp-json\/wp\/v2\/product"}],"about":[{"href":"https:\/\/lescreationsde.celineinmyworldmedium.com\/index.php\/wp-json\/wp\/v2\/types\/product"}],"replies":[{"embeddable":true,"href":"https:\/\/lescreationsde.celineinmyworldmedium.com\/index.php\/wp-json\/wp\/v2\/comments?post=2558"}],"wp:featuredmedia":[{"embeddable":true,"href":"https:\/\/lescreationsde.celineinmyworldmedium.com\/index.php\/wp-json\/wp\/v2\/media\/2559"}],"wp:attachment":[{"href":"https:\/\/lescreationsde.celineinmyworldmedium.com\/index.php\/wp-json\/wp\/v2\/media?parent=2558"}],"wp:term":[{"taxonomy":"product_brand","embeddable":true,"href":"https:\/\/lescreationsde.celineinmyworldmedium.com\/index.php\/wp-json\/wp\/v2\/product_brand?post=2558"},{"taxonomy":"product_cat","embeddable":true,"href":"https:\/\/lescreationsde.celineinmyworldmedium.com\/index.php\/wp-json\/wp\/v2\/product_cat?post=2558"},{"taxonomy":"product_tag","embeddable":true,"href":"https:\/\/lescreationsde.celineinmyworldmedium.com\/index.php\/wp-json\/wp\/v2\/product_tag?post=2558"}],"curies":[{"name":"wp","href":"https:\/\/api.w.org\/{rel}","templated":true}]}}