{"id":2519,"date":"2021-09-05T11:09:44","date_gmt":"2021-09-05T09:09:44","guid":{"rendered":"https:\/\/lescreationsde.celineinmyworldmedium.com\/?post_type=product&#038;p=2519"},"modified":"2024-02-26T17:53:47","modified_gmt":"2024-02-26T16:53:47","slug":"pendentif-pour-le-chakra-de-la-gorge-en-lapis-lazuli-sur-mousqueton","status":"publish","type":"product","link":"https:\/\/lescreationsde.celineinmyworldmedium.com\/index.php\/produit\/pendentif-pour-le-chakra-de-la-gorge-en-lapis-lazuli-sur-mousqueton\/","title":{"rendered":"Pendentif pour le chakra de la gorge, en Lapis-lazuli sur mousqueton"},"content":{"rendered":"<h4>Les vertus du lapis-lazuli :<\/h4>\n<p>Domaine <strong>spirituel<\/strong>, celui de l\u2019\u00eatre humain avec ses intentions, ses buts ou ses pr\u00e9occupations existentielles :<\/p>\n<p><strong>V\u00e9rit\u00e9.<\/strong><\/p>\n<p>Domaine de <strong>l\u2019\u00e2me<\/strong> ou du subconscient, ainsi que les notions de temp\u00e9rament, de sentiments, de sensations, de r\u00eaves, de v\u00e9cu sur le plan animique, d\u2019habitudes et de r\u00e9actions inconscientes :<\/p>\n<p><strong>Favorise l\u2019int\u00e9grit\u00e9, la dignit\u00e9, les contacts et l\u2019amiti\u00e9.<\/strong><\/p>\n<p>Domaine <strong>mental<\/strong> avec les id\u00e9es, la raison, les convictions, les consid\u00e9rations, ainsi que le mode de pens\u00e9e et d\u2019action consciente :<\/p>\n<p><strong>Contribue \u00e0 dire la v\u00e9rit\u00e9 et \u00e0 l\u2019accepter.<\/strong><\/p>\n<p>Domaine <strong>physique<\/strong> ou corporel, l\u2019ensemble de l\u2019organisme avec les sens, les organes et les fonctions :<\/p>\n<p><strong>Aide en cas de troubles de la gorge, du larynx, des cordes vocales, des nerfs et du cerveau, r\u00e9gule la thyro\u00efde.<\/strong><\/p>\n<p><em><strong>L\u2019arbre de vie : <\/strong><br \/>\nsymbole d\u2019amour et de protection.<br \/>\nPr\u00e9sent dans les traditions religieuses, il incarne une plante d\u2019immortalit\u00e9 plac\u00e9e au milieu du Paradis : l\u2019arbre perd son feuillage l\u2019hiver et le retrouve au printemps. L\u2019arbre de vie est donc le symbole du cycle mort-r\u00e9surrection o\u00f9 la vie et l\u2019immortalit\u00e9 l\u2019emportent toujours sur la mort.<br \/>\nAvec ses racines fermement plant\u00e9es sous terre et ses branches dirig\u00e9es vers le ciel, il symbolise le lien entre le monde terrestre et l\u2019au del\u00e0. Faisant r\u00e9f\u00e9rence \u00e0 un sentiment d\u2019ancrage, il \u00e9voque la force de la vie et ses origines.<\/em><\/p>\n","protected":false},"excerpt":{"rendered":"<table>\n<tbody>\n<tr>\n<td style=\"texte-align: left; color: gray; border: none;\"><strong>Hors frais d\u2019exp\u00e9dition<\/strong><\/td>\n<\/tr>\n<tr>\n<td style=\"texte-align: left; color: gray; border: none;\"><strong>Bijoux sur commande<br \/>D\u00e9lai de confection environ 30 jours<\/strong><\/td>\n<\/tr>\n<p><!--\n\n\n<tr>\n\n\n<td style=\"texte-align: left; background: darkcyan; color: white; border: 2px;\"><strong>R\u00e9assort en f\u00e9vrier 2022<\/strong><\/td>\n\n\n<\/tr>\n\n\n--><\/tbody>\n<\/table>\n","protected":false},"featured_media":2521,"comment_status":"open","ping_status":"closed","template":"","meta":[],"product_brand":[],"product_cat":[607,967,465],"product_tag":[84,42,44,38,47,43,41,40,39,23,25,36,34,26,37,35,16,24,45,17,33,53,323,32,934,27,89,22,28],"class_list":{"0":"post-2519","1":"product","2":"type-product","3":"status-publish","4":"has-post-thumbnail","6":"product_cat-pendentifs","7":"product_cat-pendentifs-creations","8":"product_cat-lapis-lazuli-pierres","9":"product_tag-arbre-de-vie","10":"product_tag-bijou","11":"product_tag-bijou-energetique","12":"product_tag-bijoux","13":"product_tag-bijoux-anti-allergies","14":"product_tag-bijoux-energetiques","15":"product_tag-bijoux-fait-main","16":"product_tag-bijoux-personnalises","17":"product_tag-bijoux-sur-mesure","18":"product_tag-boucles-doreilles","19":"product_tag-bracelet","20":"product_tag-bracelet-femme","21":"product_tag-bracelet-homme","22":"product_tag-bracelets","23":"product_tag-bracelets-femme","24":"product_tag-bracelets-homme","25":"product_tag-collier","26":"product_tag-collier-femme","27":"product_tag-collier-personnalise","28":"product_tag-colliers","29":"product_tag-energetique","30":"product_tag-fleur-de-vie","31":"product_tag-lapis-lazuli","32":"product_tag-lithotherapie","33":"product_tag-pendentif-pour-le-chakra-de-la-gorge","34":"product_tag-pierre","35":"product_tag-pierre-naturelle","36":"product_tag-pierre-semi-precieuse","37":"product_tag-pierres-naturelles","39":"first","40":"instock","41":"shipping-taxable","42":"purchasable","43":"product-type-variable"},"yoast_head":"<!-- This site is optimized with the Yoast SEO plugin v27.2 - https:\/\/yoast.com\/product\/yoast-seo-wordpress\/ -->\n<title>Pendentif pour le chakra de la gorge, en Lapis-lazuli sur mousqueton<\/title>\n<meta name=\"description\" content=\"Contribue \u00e0 dire la v\u00e9rit\u00e9. Aide en cas de troubles de la gorge, du larynx, des cordes vocales, des nerfs et du cerveau, r\u00e9gule la thyro\u00efde.\" \/>\n<meta name=\"robots\" content=\"index, follow, max-snippet:-1, max-image-preview:large, max-video-preview:-1\" \/>\n<link rel=\"canonical\" href=\"https:\/\/lescreationsde.celineinmyworldmedium.com\/index.php\/produit\/pendentif-pour-le-chakra-de-la-gorge-en-lapis-lazuli-sur-mousqueton\/\" \/>\n<meta property=\"og:locale\" content=\"fr_FR\" \/>\n<meta property=\"og:type\" content=\"article\" \/>\n<meta property=\"og:title\" content=\"Pendentif pour le chakra de la gorge, en Lapis-lazuli sur mousqueton\" \/>\n<meta property=\"og:description\" content=\"Contribue \u00e0 dire la v\u00e9rit\u00e9. Aide en cas de troubles de la gorge, du larynx, des cordes vocales, des nerfs et du cerveau, r\u00e9gule la thyro\u00efde.\" \/>\n<meta property=\"og:url\" content=\"https:\/\/lescreationsde.celineinmyworldmedium.com\/index.php\/produit\/pendentif-pour-le-chakra-de-la-gorge-en-lapis-lazuli-sur-mousqueton\/\" \/>\n<meta property=\"og:site_name\" content=\"Les cr\u00e9ations de C\u00e9line Inmyworld\" \/>\n<meta property=\"article:modified_time\" content=\"2024-02-26T16:53:47+00:00\" \/>\n<meta property=\"og:image\" content=\"https:\/\/lescreationsde.celineinmyworldmedium.com\/wp-content\/uploads\/2021\/09\/Pendentif_pour_le_chakra_de_la_gorge_en_Lapis-lazuli_sur_mousqueton.jpg\" \/>\n\t<meta property=\"og:image:width\" content=\"2047\" \/>\n\t<meta property=\"og:image:height\" content=\"2048\" \/>\n\t<meta property=\"og:image:type\" content=\"image\/jpeg\" \/>\n<meta name=\"twitter:card\" content=\"summary_large_image\" \/>\n<meta name=\"twitter:label1\" content=\"Dur\u00e9e de lecture estim\u00e9e\" \/>\n\t<meta name=\"twitter:data1\" content=\"1 minute\" \/>\n<script type=\"application\/ld+json\" class=\"yoast-schema-graph\">{\"@context\":\"https:\/\/schema.org\",\"@graph\":[{\"@type\":\"WebPage\",\"@id\":\"https:\/\/lescreationsde.celineinmyworldmedium.com\/index.php\/produit\/pendentif-pour-le-chakra-de-la-gorge-en-lapis-lazuli-sur-mousqueton\/\",\"url\":\"https:\/\/lescreationsde.celineinmyworldmedium.com\/index.php\/produit\/pendentif-pour-le-chakra-de-la-gorge-en-lapis-lazuli-sur-mousqueton\/\",\"name\":\"Pendentif pour le chakra de la gorge, en Lapis-lazuli sur mousqueton\",\"isPartOf\":{\"@id\":\"https:\/\/lescreationsde.celineinmyworldmedium.com\/#website\"},\"primaryImageOfPage\":{\"@id\":\"https:\/\/lescreationsde.celineinmyworldmedium.com\/index.php\/produit\/pendentif-pour-le-chakra-de-la-gorge-en-lapis-lazuli-sur-mousqueton\/#primaryimage\"},\"image\":{\"@id\":\"https:\/\/lescreationsde.celineinmyworldmedium.com\/index.php\/produit\/pendentif-pour-le-chakra-de-la-gorge-en-lapis-lazuli-sur-mousqueton\/#primaryimage\"},\"thumbnailUrl\":\"https:\/\/lescreationsde.celineinmyworldmedium.com\/wp-content\/uploads\/2021\/09\/Pendentif_pour_le_chakra_de_la_gorge_en_Lapis-lazuli_sur_mousqueton.jpg\",\"datePublished\":\"2021-09-05T09:09:44+00:00\",\"dateModified\":\"2024-02-26T16:53:47+00:00\",\"description\":\"Contribue \u00e0 dire la v\u00e9rit\u00e9. Aide en cas de troubles de la gorge, du larynx, des cordes vocales, des nerfs et du cerveau, r\u00e9gule la thyro\u00efde.\",\"breadcrumb\":{\"@id\":\"https:\/\/lescreationsde.celineinmyworldmedium.com\/index.php\/produit\/pendentif-pour-le-chakra-de-la-gorge-en-lapis-lazuli-sur-mousqueton\/#breadcrumb\"},\"inLanguage\":\"fr-FR\",\"potentialAction\":[{\"@type\":\"ReadAction\",\"target\":[\"https:\/\/lescreationsde.celineinmyworldmedium.com\/index.php\/produit\/pendentif-pour-le-chakra-de-la-gorge-en-lapis-lazuli-sur-mousqueton\/\"]}]},{\"@type\":\"ImageObject\",\"inLanguage\":\"fr-FR\",\"@id\":\"https:\/\/lescreationsde.celineinmyworldmedium.com\/index.php\/produit\/pendentif-pour-le-chakra-de-la-gorge-en-lapis-lazuli-sur-mousqueton\/#primaryimage\",\"url\":\"https:\/\/lescreationsde.celineinmyworldmedium.com\/wp-content\/uploads\/2021\/09\/Pendentif_pour_le_chakra_de_la_gorge_en_Lapis-lazuli_sur_mousqueton.jpg\",\"contentUrl\":\"https:\/\/lescreationsde.celineinmyworldmedium.com\/wp-content\/uploads\/2021\/09\/Pendentif_pour_le_chakra_de_la_gorge_en_Lapis-lazuli_sur_mousqueton.jpg\",\"width\":2047,\"height\":2048,\"caption\":\"Pendentif pour le chakra de la gorge, en Lapis-lazuli sur mousqueton\"},{\"@type\":\"BreadcrumbList\",\"@id\":\"https:\/\/lescreationsde.celineinmyworldmedium.com\/index.php\/produit\/pendentif-pour-le-chakra-de-la-gorge-en-lapis-lazuli-sur-mousqueton\/#breadcrumb\",\"itemListElement\":[{\"@type\":\"ListItem\",\"position\":1,\"name\":\"Accueil\",\"item\":\"https:\/\/lescreationsde.celineinmyworldmedium.com\/\"},{\"@type\":\"ListItem\",\"position\":2,\"name\":\"Produits\",\"item\":\"https:\/\/lescreationsde.celineinmyworldmedium.com\/index.php\/boutique\/\"},{\"@type\":\"ListItem\",\"position\":3,\"name\":\"Pendentif pour le chakra de la gorge, en Lapis-lazuli sur mousqueton\"}]},{\"@type\":\"WebSite\",\"@id\":\"https:\/\/lescreationsde.celineinmyworldmedium.com\/#website\",\"url\":\"https:\/\/lescreationsde.celineinmyworldmedium.com\/\",\"name\":\"Les cr\u00e9ations de C\u00e9line Inmyworld\",\"description\":\"Cr\u00e9ation de bijoux personnalis\u00e9s, sur-mesure, en pierres semi-pr\u00e9cieuses de qualit\u00e9. Bracelets, boucles d&#039;oreilles, colliers, sautoirs, malas, cha\u00eenes de cheville, bagues...\u2764\",\"publisher\":{\"@id\":\"https:\/\/lescreationsde.celineinmyworldmedium.com\/#organization\"},\"potentialAction\":[{\"@type\":\"SearchAction\",\"target\":{\"@type\":\"EntryPoint\",\"urlTemplate\":\"https:\/\/lescreationsde.celineinmyworldmedium.com\/?s={search_term_string}\"},\"query-input\":{\"@type\":\"PropertyValueSpecification\",\"valueRequired\":true,\"valueName\":\"search_term_string\"}}],\"inLanguage\":\"fr-FR\"},{\"@type\":\"Organization\",\"@id\":\"https:\/\/lescreationsde.celineinmyworldmedium.com\/#organization\",\"name\":\"Les cr\u00e9ations de C\u00e9line Inmyworld\",\"url\":\"https:\/\/lescreationsde.celineinmyworldmedium.com\/\",\"logo\":{\"@type\":\"ImageObject\",\"inLanguage\":\"fr-FR\",\"@id\":\"https:\/\/lescreationsde.celineinmyworldmedium.com\/#\/schema\/logo\/image\/\",\"url\":\"https:\/\/lescreationsde.celineinmyworldmedium.com\/wp-content\/uploads\/2021\/03\/logo_creations3.png\",\"contentUrl\":\"https:\/\/lescreationsde.celineinmyworldmedium.com\/wp-content\/uploads\/2021\/03\/logo_creations3.png\",\"width\":613,\"height\":190,\"caption\":\"Les cr\u00e9ations de C\u00e9line Inmyworld\"},\"image\":{\"@id\":\"https:\/\/lescreationsde.celineinmyworldmedium.com\/#\/schema\/logo\/image\/\"}}]}<\/script>\n<!-- \/ Yoast SEO plugin. -->","yoast_head_json":{"title":"Pendentif pour le chakra de la gorge, en Lapis-lazuli sur mousqueton","description":"Contribue \u00e0 dire la v\u00e9rit\u00e9. Aide en cas de troubles de la gorge, du larynx, des cordes vocales, des nerfs et du cerveau, r\u00e9gule la thyro\u00efde.","robots":{"index":"index","follow":"follow","max-snippet":"max-snippet:-1","max-image-preview":"max-image-preview:large","max-video-preview":"max-video-preview:-1"},"canonical":"https:\/\/lescreationsde.celineinmyworldmedium.com\/index.php\/produit\/pendentif-pour-le-chakra-de-la-gorge-en-lapis-lazuli-sur-mousqueton\/","og_locale":"fr_FR","og_type":"article","og_title":"Pendentif pour le chakra de la gorge, en Lapis-lazuli sur mousqueton","og_description":"Contribue \u00e0 dire la v\u00e9rit\u00e9. Aide en cas de troubles de la gorge, du larynx, des cordes vocales, des nerfs et du cerveau, r\u00e9gule la thyro\u00efde.","og_url":"https:\/\/lescreationsde.celineinmyworldmedium.com\/index.php\/produit\/pendentif-pour-le-chakra-de-la-gorge-en-lapis-lazuli-sur-mousqueton\/","og_site_name":"Les cr\u00e9ations de C\u00e9line Inmyworld","article_modified_time":"2024-02-26T16:53:47+00:00","og_image":[{"width":2047,"height":2048,"url":"https:\/\/lescreationsde.celineinmyworldmedium.com\/wp-content\/uploads\/2021\/09\/Pendentif_pour_le_chakra_de_la_gorge_en_Lapis-lazuli_sur_mousqueton.jpg","type":"image\/jpeg"}],"twitter_card":"summary_large_image","twitter_misc":{"Dur\u00e9e de lecture estim\u00e9e":"1 minute"},"schema":{"@context":"https:\/\/schema.org","@graph":[{"@type":"WebPage","@id":"https:\/\/lescreationsde.celineinmyworldmedium.com\/index.php\/produit\/pendentif-pour-le-chakra-de-la-gorge-en-lapis-lazuli-sur-mousqueton\/","url":"https:\/\/lescreationsde.celineinmyworldmedium.com\/index.php\/produit\/pendentif-pour-le-chakra-de-la-gorge-en-lapis-lazuli-sur-mousqueton\/","name":"Pendentif pour le chakra de la gorge, en Lapis-lazuli sur mousqueton","isPartOf":{"@id":"https:\/\/lescreationsde.celineinmyworldmedium.com\/#website"},"primaryImageOfPage":{"@id":"https:\/\/lescreationsde.celineinmyworldmedium.com\/index.php\/produit\/pendentif-pour-le-chakra-de-la-gorge-en-lapis-lazuli-sur-mousqueton\/#primaryimage"},"image":{"@id":"https:\/\/lescreationsde.celineinmyworldmedium.com\/index.php\/produit\/pendentif-pour-le-chakra-de-la-gorge-en-lapis-lazuli-sur-mousqueton\/#primaryimage"},"thumbnailUrl":"https:\/\/lescreationsde.celineinmyworldmedium.com\/wp-content\/uploads\/2021\/09\/Pendentif_pour_le_chakra_de_la_gorge_en_Lapis-lazuli_sur_mousqueton.jpg","datePublished":"2021-09-05T09:09:44+00:00","dateModified":"2024-02-26T16:53:47+00:00","description":"Contribue \u00e0 dire la v\u00e9rit\u00e9. Aide en cas de troubles de la gorge, du larynx, des cordes vocales, des nerfs et du cerveau, r\u00e9gule la thyro\u00efde.","breadcrumb":{"@id":"https:\/\/lescreationsde.celineinmyworldmedium.com\/index.php\/produit\/pendentif-pour-le-chakra-de-la-gorge-en-lapis-lazuli-sur-mousqueton\/#breadcrumb"},"inLanguage":"fr-FR","potentialAction":[{"@type":"ReadAction","target":["https:\/\/lescreationsde.celineinmyworldmedium.com\/index.php\/produit\/pendentif-pour-le-chakra-de-la-gorge-en-lapis-lazuli-sur-mousqueton\/"]}]},{"@type":"ImageObject","inLanguage":"fr-FR","@id":"https:\/\/lescreationsde.celineinmyworldmedium.com\/index.php\/produit\/pendentif-pour-le-chakra-de-la-gorge-en-lapis-lazuli-sur-mousqueton\/#primaryimage","url":"https:\/\/lescreationsde.celineinmyworldmedium.com\/wp-content\/uploads\/2021\/09\/Pendentif_pour_le_chakra_de_la_gorge_en_Lapis-lazuli_sur_mousqueton.jpg","contentUrl":"https:\/\/lescreationsde.celineinmyworldmedium.com\/wp-content\/uploads\/2021\/09\/Pendentif_pour_le_chakra_de_la_gorge_en_Lapis-lazuli_sur_mousqueton.jpg","width":2047,"height":2048,"caption":"Pendentif pour le chakra de la gorge, en Lapis-lazuli sur mousqueton"},{"@type":"BreadcrumbList","@id":"https:\/\/lescreationsde.celineinmyworldmedium.com\/index.php\/produit\/pendentif-pour-le-chakra-de-la-gorge-en-lapis-lazuli-sur-mousqueton\/#breadcrumb","itemListElement":[{"@type":"ListItem","position":1,"name":"Accueil","item":"https:\/\/lescreationsde.celineinmyworldmedium.com\/"},{"@type":"ListItem","position":2,"name":"Produits","item":"https:\/\/lescreationsde.celineinmyworldmedium.com\/index.php\/boutique\/"},{"@type":"ListItem","position":3,"name":"Pendentif pour le chakra de la gorge, en Lapis-lazuli sur mousqueton"}]},{"@type":"WebSite","@id":"https:\/\/lescreationsde.celineinmyworldmedium.com\/#website","url":"https:\/\/lescreationsde.celineinmyworldmedium.com\/","name":"Les cr\u00e9ations de C\u00e9line Inmyworld","description":"Cr\u00e9ation de bijoux personnalis\u00e9s, sur-mesure, en pierres semi-pr\u00e9cieuses de qualit\u00e9. Bracelets, boucles d&#039;oreilles, colliers, sautoirs, malas, cha\u00eenes de cheville, bagues...\u2764","publisher":{"@id":"https:\/\/lescreationsde.celineinmyworldmedium.com\/#organization"},"potentialAction":[{"@type":"SearchAction","target":{"@type":"EntryPoint","urlTemplate":"https:\/\/lescreationsde.celineinmyworldmedium.com\/?s={search_term_string}"},"query-input":{"@type":"PropertyValueSpecification","valueRequired":true,"valueName":"search_term_string"}}],"inLanguage":"fr-FR"},{"@type":"Organization","@id":"https:\/\/lescreationsde.celineinmyworldmedium.com\/#organization","name":"Les cr\u00e9ations de C\u00e9line Inmyworld","url":"https:\/\/lescreationsde.celineinmyworldmedium.com\/","logo":{"@type":"ImageObject","inLanguage":"fr-FR","@id":"https:\/\/lescreationsde.celineinmyworldmedium.com\/#\/schema\/logo\/image\/","url":"https:\/\/lescreationsde.celineinmyworldmedium.com\/wp-content\/uploads\/2021\/03\/logo_creations3.png","contentUrl":"https:\/\/lescreationsde.celineinmyworldmedium.com\/wp-content\/uploads\/2021\/03\/logo_creations3.png","width":613,"height":190,"caption":"Les cr\u00e9ations de C\u00e9line Inmyworld"},"image":{"@id":"https:\/\/lescreationsde.celineinmyworldmedium.com\/#\/schema\/logo\/image\/"}}]}},"jetpack_sharing_enabled":true,"_links":{"self":[{"href":"https:\/\/lescreationsde.celineinmyworldmedium.com\/index.php\/wp-json\/wp\/v2\/product\/2519","targetHints":{"allow":["GET"]}}],"collection":[{"href":"https:\/\/lescreationsde.celineinmyworldmedium.com\/index.php\/wp-json\/wp\/v2\/product"}],"about":[{"href":"https:\/\/lescreationsde.celineinmyworldmedium.com\/index.php\/wp-json\/wp\/v2\/types\/product"}],"replies":[{"embeddable":true,"href":"https:\/\/lescreationsde.celineinmyworldmedium.com\/index.php\/wp-json\/wp\/v2\/comments?post=2519"}],"wp:featuredmedia":[{"embeddable":true,"href":"https:\/\/lescreationsde.celineinmyworldmedium.com\/index.php\/wp-json\/wp\/v2\/media\/2521"}],"wp:attachment":[{"href":"https:\/\/lescreationsde.celineinmyworldmedium.com\/index.php\/wp-json\/wp\/v2\/media?parent=2519"}],"wp:term":[{"taxonomy":"product_brand","embeddable":true,"href":"https:\/\/lescreationsde.celineinmyworldmedium.com\/index.php\/wp-json\/wp\/v2\/product_brand?post=2519"},{"taxonomy":"product_cat","embeddable":true,"href":"https:\/\/lescreationsde.celineinmyworldmedium.com\/index.php\/wp-json\/wp\/v2\/product_cat?post=2519"},{"taxonomy":"product_tag","embeddable":true,"href":"https:\/\/lescreationsde.celineinmyworldmedium.com\/index.php\/wp-json\/wp\/v2\/product_tag?post=2519"}],"curies":[{"name":"wp","href":"https:\/\/api.w.org\/{rel}","templated":true}]}}