{"id":2503,"date":"2021-09-01T14:11:54","date_gmt":"2021-09-01T12:11:54","guid":{"rendered":"https:\/\/lescreationsde.celineinmyworldmedium.com\/?post_type=product&#038;p=2503"},"modified":"2024-03-11T19:36:33","modified_gmt":"2024-03-11T18:36:33","slug":"pendule-de-radiesthesie-confectionne-sur-mesure-en-pierre-de-soleil-pour-la-confiance-en-soi","status":"publish","type":"product","link":"https:\/\/lescreationsde.celineinmyworldmedium.com\/index.php\/produit\/pendule-de-radiesthesie-confectionne-sur-mesure-en-pierre-de-soleil-pour-la-confiance-en-soi\/","title":{"rendered":"Pendule de radiesth\u00e9sie confectionn\u00e9 sur-mesure en Pierre de soleil pour la confiance en soi"},"content":{"rendered":"<p><em>En plus de r\u00e9pondre \u00e0 toutes vos questions, le pendule en Pierre de soleil vous accompagne dans votre d\u00e9veloppement personnel gr\u00e2ce aux vertus de la pierre.<\/em><\/p>\n<h4>Les vertus de la pierre de soleil \/ goldstone rouge (quartz \/ silice avec poudre de cuivre) :<\/h4>\n<p><strong>Sur le domaine spirituel<\/strong>, celui de l\u2019\u00eatre humain avec ses intentions, ses buts ou ses pr\u00e9occupations existentielles :<br \/>\n<strong>Am\u00e9liore les capacit\u00e9s psychiques, de protection et de communication psychique.<\/strong><\/p>\n<p><strong>Sur le domaine de l\u2019\u00e2me<\/strong> ou du subconscient, ainsi que les notions de temp\u00e9rament, de sentiments, de sensations, de r\u00eaves, de v\u00e9cu sur le plan animique, d\u2019habitudes et de r\u00e9actions inconscientes :<br \/>\n<strong>Pouvoir calmant, procure confiance en soi, courage, \u00e9nergie, une attitude positive et l\u2019\u00e9l\u00e9vation.<\/strong><\/p>\n<p><strong>Sur le domaine mental<\/strong> avec les id\u00e9es, la raison, les convictions, les consid\u00e9rations, ainsi que le mode de pens\u00e9e et d\u2019action consciente :<br \/>\n<strong>Aide pour les avancements, procure de l\u2019ambition, am\u00e9liore le foyer.<\/strong><\/p>\n<p><strong>Sur le domaine physique<\/strong> ou corporel, l\u2019ensemble de l\u2019organisme avec les sens, les organes et les fonctions :<br \/>\n<strong>Soulage les os et les douleurs articulaires. Augmente la circulation et \u00e9quilibre le m\u00e9tabolisme et aide \u00e0 soigner les irritations cutan\u00e9es caus\u00e9es par les allergies alimentaires.<\/strong><\/p>\n<p><em>(Cha\u00eene de longueur variable suivant mon ressenti, entre 150 et 200 mm. Maille for\u00e7at de 2 mm, ronde pour \u00e9viter les n\u0153uds\u00a0 et faciliter l&rsquo;utilisation [le balancier] du pendule.)<\/em><\/p>\n","protected":false},"excerpt":{"rendered":"<table>\n<tbody>\n<tr>\n<td style=\"texte-align: left; color: gray; border: none;\"><strong>Hors frais d\u2019exp\u00e9dition<\/strong><\/td>\n<\/tr>\n<tr>\n<td style=\"texte-align: left; color: gray; border: none;\"><strong>Bijoux confectionn\u00e9s sur-mesure, sur commande<br \/>Les couleurs et motifs des pierres varient d&rsquo;un bijou \u00e0 un autre<br \/>D\u00e9lai de confection environ 30 jours<\/strong><\/td>\n<\/tr>\n<\/tbody>\n<\/table>\n","protected":false},"featured_media":2504,"comment_status":"open","ping_status":"closed","template":"","meta":[],"product_brand":[],"product_cat":[608,698],"product_tag":[152,106,42,44,38,47,43,41,40,39,23,25,36,34,26,37,35,16,24,45,17,33,32,931,27,395,89,22,28],"class_list":{"0":"post-2503","1":"product","2":"type-product","3":"status-publish","4":"has-post-thumbnail","6":"product_cat-pendules-creations","7":"product_cat-pierre-de-soleil-pierres","8":"product_tag-amour","9":"product_tag-argent","10":"product_tag-bijou","11":"product_tag-bijou-energetique","12":"product_tag-bijoux","13":"product_tag-bijoux-anti-allergies","14":"product_tag-bijoux-energetiques","15":"product_tag-bijoux-fait-main","16":"product_tag-bijoux-personnalises","17":"product_tag-bijoux-sur-mesure","18":"product_tag-boucles-doreilles","19":"product_tag-bracelet","20":"product_tag-bracelet-femme","21":"product_tag-bracelet-homme","22":"product_tag-bracelets","23":"product_tag-bracelets-femme","24":"product_tag-bracelets-homme","25":"product_tag-collier","26":"product_tag-collier-femme","27":"product_tag-collier-personnalise","28":"product_tag-colliers","29":"product_tag-energetique","30":"product_tag-lithotherapie","31":"product_tag-pendule-de-radiesthesie-confectionne-sur-mesure-modele-unique-pour-la-confiance-en-soi","32":"product_tag-pierre","33":"product_tag-pierre-de-soleil-goldstone-rouge-quartz-silice-avec-poudre-de-cuivre","34":"product_tag-pierre-naturelle","35":"product_tag-pierre-semi-precieuse","36":"product_tag-pierres-naturelles","38":"first","39":"instock","40":"shipping-taxable","41":"purchasable","42":"product-type-variable"},"yoast_head":"<!-- This site is optimized with the Yoast SEO plugin v27.2 - https:\/\/yoast.com\/product\/yoast-seo-wordpress\/ -->\n<title>Pendule de radiesth\u00e9sie confectionn\u00e9 sur-mesure en Pierre de...<\/title>\n<meta name=\"description\" content=\"Augmente la circulation et \u00e9quilibre le m\u00e9tabolisme et aide \u00e0 soigner les irritations cutan\u00e9es caus\u00e9es par les allergies alimentaires.\" \/>\n<meta name=\"robots\" content=\"index, follow, max-snippet:-1, max-image-preview:large, max-video-preview:-1\" \/>\n<link rel=\"canonical\" href=\"https:\/\/lescreationsde.celineinmyworldmedium.com\/index.php\/produit\/pendule-de-radiesthesie-confectionne-sur-mesure-en-pierre-de-soleil-pour-la-confiance-en-soi\/\" \/>\n<meta property=\"og:locale\" content=\"fr_FR\" \/>\n<meta property=\"og:type\" content=\"article\" \/>\n<meta property=\"og:title\" content=\"Pendule de radiesth\u00e9sie confectionn\u00e9 sur-mesure en Pierre de...\" \/>\n<meta property=\"og:description\" content=\"Augmente la circulation et \u00e9quilibre le m\u00e9tabolisme et aide \u00e0 soigner les irritations cutan\u00e9es caus\u00e9es par les allergies alimentaires.\" \/>\n<meta property=\"og:url\" content=\"https:\/\/lescreationsde.celineinmyworldmedium.com\/index.php\/produit\/pendule-de-radiesthesie-confectionne-sur-mesure-en-pierre-de-soleil-pour-la-confiance-en-soi\/\" \/>\n<meta property=\"og:site_name\" content=\"Les cr\u00e9ations de C\u00e9line Inmyworld\" \/>\n<meta property=\"article:modified_time\" content=\"2024-03-11T18:36:33+00:00\" \/>\n<meta property=\"og:image\" content=\"https:\/\/lescreationsde.celineinmyworldmedium.com\/wp-content\/uploads\/2021\/09\/Pendule_de_radiesthesie_confectionne_sur-mesure_Modele_unique_en_Pierre_de_soleil_pour_la_confiance_en_soi.jpg\" \/>\n\t<meta property=\"og:image:width\" content=\"2048\" \/>\n\t<meta property=\"og:image:height\" content=\"2048\" \/>\n\t<meta property=\"og:image:type\" content=\"image\/jpeg\" \/>\n<meta name=\"twitter:card\" content=\"summary_large_image\" \/>\n<meta name=\"twitter:label1\" content=\"Dur\u00e9e de lecture estim\u00e9e\" \/>\n\t<meta name=\"twitter:data1\" content=\"2 minutes\" \/>\n<script type=\"application\/ld+json\" class=\"yoast-schema-graph\">{\"@context\":\"https:\/\/schema.org\",\"@graph\":[{\"@type\":\"WebPage\",\"@id\":\"https:\/\/lescreationsde.celineinmyworldmedium.com\/index.php\/produit\/pendule-de-radiesthesie-confectionne-sur-mesure-en-pierre-de-soleil-pour-la-confiance-en-soi\/\",\"url\":\"https:\/\/lescreationsde.celineinmyworldmedium.com\/index.php\/produit\/pendule-de-radiesthesie-confectionne-sur-mesure-en-pierre-de-soleil-pour-la-confiance-en-soi\/\",\"name\":\"Pendule de radiesth\u00e9sie confectionn\u00e9 sur-mesure en Pierre de...\",\"isPartOf\":{\"@id\":\"https:\/\/lescreationsde.celineinmyworldmedium.com\/#website\"},\"primaryImageOfPage\":{\"@id\":\"https:\/\/lescreationsde.celineinmyworldmedium.com\/index.php\/produit\/pendule-de-radiesthesie-confectionne-sur-mesure-en-pierre-de-soleil-pour-la-confiance-en-soi\/#primaryimage\"},\"image\":{\"@id\":\"https:\/\/lescreationsde.celineinmyworldmedium.com\/index.php\/produit\/pendule-de-radiesthesie-confectionne-sur-mesure-en-pierre-de-soleil-pour-la-confiance-en-soi\/#primaryimage\"},\"thumbnailUrl\":\"https:\/\/lescreationsde.celineinmyworldmedium.com\/wp-content\/uploads\/2021\/09\/Pendule_de_radiesthesie_confectionne_sur-mesure_Modele_unique_en_Pierre_de_soleil_pour_la_confiance_en_soi.jpg\",\"datePublished\":\"2021-09-01T12:11:54+00:00\",\"dateModified\":\"2024-03-11T18:36:33+00:00\",\"description\":\"Augmente la circulation et \u00e9quilibre le m\u00e9tabolisme et aide \u00e0 soigner les irritations cutan\u00e9es caus\u00e9es par les allergies alimentaires.\",\"breadcrumb\":{\"@id\":\"https:\/\/lescreationsde.celineinmyworldmedium.com\/index.php\/produit\/pendule-de-radiesthesie-confectionne-sur-mesure-en-pierre-de-soleil-pour-la-confiance-en-soi\/#breadcrumb\"},\"inLanguage\":\"fr-FR\",\"potentialAction\":[{\"@type\":\"ReadAction\",\"target\":[\"https:\/\/lescreationsde.celineinmyworldmedium.com\/index.php\/produit\/pendule-de-radiesthesie-confectionne-sur-mesure-en-pierre-de-soleil-pour-la-confiance-en-soi\/\"]}]},{\"@type\":\"ImageObject\",\"inLanguage\":\"fr-FR\",\"@id\":\"https:\/\/lescreationsde.celineinmyworldmedium.com\/index.php\/produit\/pendule-de-radiesthesie-confectionne-sur-mesure-en-pierre-de-soleil-pour-la-confiance-en-soi\/#primaryimage\",\"url\":\"https:\/\/lescreationsde.celineinmyworldmedium.com\/wp-content\/uploads\/2021\/09\/Pendule_de_radiesthesie_confectionne_sur-mesure_Modele_unique_en_Pierre_de_soleil_pour_la_confiance_en_soi.jpg\",\"contentUrl\":\"https:\/\/lescreationsde.celineinmyworldmedium.com\/wp-content\/uploads\/2021\/09\/Pendule_de_radiesthesie_confectionne_sur-mesure_Modele_unique_en_Pierre_de_soleil_pour_la_confiance_en_soi.jpg\",\"width\":2048,\"height\":2048,\"caption\":\"Pendule de radiesth\u00e9sie confectionn\u00e9 sur-mesure. (Mod\u00e8le unique) en Pierre de soleil pour la confiance en soi\"},{\"@type\":\"BreadcrumbList\",\"@id\":\"https:\/\/lescreationsde.celineinmyworldmedium.com\/index.php\/produit\/pendule-de-radiesthesie-confectionne-sur-mesure-en-pierre-de-soleil-pour-la-confiance-en-soi\/#breadcrumb\",\"itemListElement\":[{\"@type\":\"ListItem\",\"position\":1,\"name\":\"Accueil\",\"item\":\"https:\/\/lescreationsde.celineinmyworldmedium.com\/\"},{\"@type\":\"ListItem\",\"position\":2,\"name\":\"Produits\",\"item\":\"https:\/\/lescreationsde.celineinmyworldmedium.com\/index.php\/boutique\/\"},{\"@type\":\"ListItem\",\"position\":3,\"name\":\"Pendule de radiesth\u00e9sie confectionn\u00e9 sur-mesure en Pierre de soleil pour la confiance en soi\"}]},{\"@type\":\"WebSite\",\"@id\":\"https:\/\/lescreationsde.celineinmyworldmedium.com\/#website\",\"url\":\"https:\/\/lescreationsde.celineinmyworldmedium.com\/\",\"name\":\"Les cr\u00e9ations de C\u00e9line Inmyworld\",\"description\":\"Cr\u00e9ation de bijoux personnalis\u00e9s, sur-mesure, en pierres semi-pr\u00e9cieuses de qualit\u00e9. Bracelets, boucles d&#039;oreilles, colliers, sautoirs, malas, cha\u00eenes de cheville, bagues...\u2764\",\"publisher\":{\"@id\":\"https:\/\/lescreationsde.celineinmyworldmedium.com\/#organization\"},\"potentialAction\":[{\"@type\":\"SearchAction\",\"target\":{\"@type\":\"EntryPoint\",\"urlTemplate\":\"https:\/\/lescreationsde.celineinmyworldmedium.com\/?s={search_term_string}\"},\"query-input\":{\"@type\":\"PropertyValueSpecification\",\"valueRequired\":true,\"valueName\":\"search_term_string\"}}],\"inLanguage\":\"fr-FR\"},{\"@type\":\"Organization\",\"@id\":\"https:\/\/lescreationsde.celineinmyworldmedium.com\/#organization\",\"name\":\"Les cr\u00e9ations de C\u00e9line Inmyworld\",\"url\":\"https:\/\/lescreationsde.celineinmyworldmedium.com\/\",\"logo\":{\"@type\":\"ImageObject\",\"inLanguage\":\"fr-FR\",\"@id\":\"https:\/\/lescreationsde.celineinmyworldmedium.com\/#\/schema\/logo\/image\/\",\"url\":\"https:\/\/lescreationsde.celineinmyworldmedium.com\/wp-content\/uploads\/2021\/03\/logo_creations3.png\",\"contentUrl\":\"https:\/\/lescreationsde.celineinmyworldmedium.com\/wp-content\/uploads\/2021\/03\/logo_creations3.png\",\"width\":613,\"height\":190,\"caption\":\"Les cr\u00e9ations de C\u00e9line Inmyworld\"},\"image\":{\"@id\":\"https:\/\/lescreationsde.celineinmyworldmedium.com\/#\/schema\/logo\/image\/\"}}]}<\/script>\n<!-- \/ Yoast SEO plugin. -->","yoast_head_json":{"title":"Pendule de radiesth\u00e9sie confectionn\u00e9 sur-mesure en Pierre de...","description":"Augmente la circulation et \u00e9quilibre le m\u00e9tabolisme et aide \u00e0 soigner les irritations cutan\u00e9es caus\u00e9es par les allergies alimentaires.","robots":{"index":"index","follow":"follow","max-snippet":"max-snippet:-1","max-image-preview":"max-image-preview:large","max-video-preview":"max-video-preview:-1"},"canonical":"https:\/\/lescreationsde.celineinmyworldmedium.com\/index.php\/produit\/pendule-de-radiesthesie-confectionne-sur-mesure-en-pierre-de-soleil-pour-la-confiance-en-soi\/","og_locale":"fr_FR","og_type":"article","og_title":"Pendule de radiesth\u00e9sie confectionn\u00e9 sur-mesure en Pierre de...","og_description":"Augmente la circulation et \u00e9quilibre le m\u00e9tabolisme et aide \u00e0 soigner les irritations cutan\u00e9es caus\u00e9es par les allergies alimentaires.","og_url":"https:\/\/lescreationsde.celineinmyworldmedium.com\/index.php\/produit\/pendule-de-radiesthesie-confectionne-sur-mesure-en-pierre-de-soleil-pour-la-confiance-en-soi\/","og_site_name":"Les cr\u00e9ations de C\u00e9line Inmyworld","article_modified_time":"2024-03-11T18:36:33+00:00","og_image":[{"width":2048,"height":2048,"url":"https:\/\/lescreationsde.celineinmyworldmedium.com\/wp-content\/uploads\/2021\/09\/Pendule_de_radiesthesie_confectionne_sur-mesure_Modele_unique_en_Pierre_de_soleil_pour_la_confiance_en_soi.jpg","type":"image\/jpeg"}],"twitter_card":"summary_large_image","twitter_misc":{"Dur\u00e9e de lecture estim\u00e9e":"2 minutes"},"schema":{"@context":"https:\/\/schema.org","@graph":[{"@type":"WebPage","@id":"https:\/\/lescreationsde.celineinmyworldmedium.com\/index.php\/produit\/pendule-de-radiesthesie-confectionne-sur-mesure-en-pierre-de-soleil-pour-la-confiance-en-soi\/","url":"https:\/\/lescreationsde.celineinmyworldmedium.com\/index.php\/produit\/pendule-de-radiesthesie-confectionne-sur-mesure-en-pierre-de-soleil-pour-la-confiance-en-soi\/","name":"Pendule de radiesth\u00e9sie confectionn\u00e9 sur-mesure en Pierre de...","isPartOf":{"@id":"https:\/\/lescreationsde.celineinmyworldmedium.com\/#website"},"primaryImageOfPage":{"@id":"https:\/\/lescreationsde.celineinmyworldmedium.com\/index.php\/produit\/pendule-de-radiesthesie-confectionne-sur-mesure-en-pierre-de-soleil-pour-la-confiance-en-soi\/#primaryimage"},"image":{"@id":"https:\/\/lescreationsde.celineinmyworldmedium.com\/index.php\/produit\/pendule-de-radiesthesie-confectionne-sur-mesure-en-pierre-de-soleil-pour-la-confiance-en-soi\/#primaryimage"},"thumbnailUrl":"https:\/\/lescreationsde.celineinmyworldmedium.com\/wp-content\/uploads\/2021\/09\/Pendule_de_radiesthesie_confectionne_sur-mesure_Modele_unique_en_Pierre_de_soleil_pour_la_confiance_en_soi.jpg","datePublished":"2021-09-01T12:11:54+00:00","dateModified":"2024-03-11T18:36:33+00:00","description":"Augmente la circulation et \u00e9quilibre le m\u00e9tabolisme et aide \u00e0 soigner les irritations cutan\u00e9es caus\u00e9es par les allergies alimentaires.","breadcrumb":{"@id":"https:\/\/lescreationsde.celineinmyworldmedium.com\/index.php\/produit\/pendule-de-radiesthesie-confectionne-sur-mesure-en-pierre-de-soleil-pour-la-confiance-en-soi\/#breadcrumb"},"inLanguage":"fr-FR","potentialAction":[{"@type":"ReadAction","target":["https:\/\/lescreationsde.celineinmyworldmedium.com\/index.php\/produit\/pendule-de-radiesthesie-confectionne-sur-mesure-en-pierre-de-soleil-pour-la-confiance-en-soi\/"]}]},{"@type":"ImageObject","inLanguage":"fr-FR","@id":"https:\/\/lescreationsde.celineinmyworldmedium.com\/index.php\/produit\/pendule-de-radiesthesie-confectionne-sur-mesure-en-pierre-de-soleil-pour-la-confiance-en-soi\/#primaryimage","url":"https:\/\/lescreationsde.celineinmyworldmedium.com\/wp-content\/uploads\/2021\/09\/Pendule_de_radiesthesie_confectionne_sur-mesure_Modele_unique_en_Pierre_de_soleil_pour_la_confiance_en_soi.jpg","contentUrl":"https:\/\/lescreationsde.celineinmyworldmedium.com\/wp-content\/uploads\/2021\/09\/Pendule_de_radiesthesie_confectionne_sur-mesure_Modele_unique_en_Pierre_de_soleil_pour_la_confiance_en_soi.jpg","width":2048,"height":2048,"caption":"Pendule de radiesth\u00e9sie confectionn\u00e9 sur-mesure. (Mod\u00e8le unique) en Pierre de soleil pour la confiance en soi"},{"@type":"BreadcrumbList","@id":"https:\/\/lescreationsde.celineinmyworldmedium.com\/index.php\/produit\/pendule-de-radiesthesie-confectionne-sur-mesure-en-pierre-de-soleil-pour-la-confiance-en-soi\/#breadcrumb","itemListElement":[{"@type":"ListItem","position":1,"name":"Accueil","item":"https:\/\/lescreationsde.celineinmyworldmedium.com\/"},{"@type":"ListItem","position":2,"name":"Produits","item":"https:\/\/lescreationsde.celineinmyworldmedium.com\/index.php\/boutique\/"},{"@type":"ListItem","position":3,"name":"Pendule de radiesth\u00e9sie confectionn\u00e9 sur-mesure en Pierre de soleil pour la confiance en soi"}]},{"@type":"WebSite","@id":"https:\/\/lescreationsde.celineinmyworldmedium.com\/#website","url":"https:\/\/lescreationsde.celineinmyworldmedium.com\/","name":"Les cr\u00e9ations de C\u00e9line Inmyworld","description":"Cr\u00e9ation de bijoux personnalis\u00e9s, sur-mesure, en pierres semi-pr\u00e9cieuses de qualit\u00e9. Bracelets, boucles d&#039;oreilles, colliers, sautoirs, malas, cha\u00eenes de cheville, bagues...\u2764","publisher":{"@id":"https:\/\/lescreationsde.celineinmyworldmedium.com\/#organization"},"potentialAction":[{"@type":"SearchAction","target":{"@type":"EntryPoint","urlTemplate":"https:\/\/lescreationsde.celineinmyworldmedium.com\/?s={search_term_string}"},"query-input":{"@type":"PropertyValueSpecification","valueRequired":true,"valueName":"search_term_string"}}],"inLanguage":"fr-FR"},{"@type":"Organization","@id":"https:\/\/lescreationsde.celineinmyworldmedium.com\/#organization","name":"Les cr\u00e9ations de C\u00e9line Inmyworld","url":"https:\/\/lescreationsde.celineinmyworldmedium.com\/","logo":{"@type":"ImageObject","inLanguage":"fr-FR","@id":"https:\/\/lescreationsde.celineinmyworldmedium.com\/#\/schema\/logo\/image\/","url":"https:\/\/lescreationsde.celineinmyworldmedium.com\/wp-content\/uploads\/2021\/03\/logo_creations3.png","contentUrl":"https:\/\/lescreationsde.celineinmyworldmedium.com\/wp-content\/uploads\/2021\/03\/logo_creations3.png","width":613,"height":190,"caption":"Les cr\u00e9ations de C\u00e9line Inmyworld"},"image":{"@id":"https:\/\/lescreationsde.celineinmyworldmedium.com\/#\/schema\/logo\/image\/"}}]}},"jetpack_sharing_enabled":true,"_links":{"self":[{"href":"https:\/\/lescreationsde.celineinmyworldmedium.com\/index.php\/wp-json\/wp\/v2\/product\/2503","targetHints":{"allow":["GET"]}}],"collection":[{"href":"https:\/\/lescreationsde.celineinmyworldmedium.com\/index.php\/wp-json\/wp\/v2\/product"}],"about":[{"href":"https:\/\/lescreationsde.celineinmyworldmedium.com\/index.php\/wp-json\/wp\/v2\/types\/product"}],"replies":[{"embeddable":true,"href":"https:\/\/lescreationsde.celineinmyworldmedium.com\/index.php\/wp-json\/wp\/v2\/comments?post=2503"}],"wp:featuredmedia":[{"embeddable":true,"href":"https:\/\/lescreationsde.celineinmyworldmedium.com\/index.php\/wp-json\/wp\/v2\/media\/2504"}],"wp:attachment":[{"href":"https:\/\/lescreationsde.celineinmyworldmedium.com\/index.php\/wp-json\/wp\/v2\/media?parent=2503"}],"wp:term":[{"taxonomy":"product_brand","embeddable":true,"href":"https:\/\/lescreationsde.celineinmyworldmedium.com\/index.php\/wp-json\/wp\/v2\/product_brand?post=2503"},{"taxonomy":"product_cat","embeddable":true,"href":"https:\/\/lescreationsde.celineinmyworldmedium.com\/index.php\/wp-json\/wp\/v2\/product_cat?post=2503"},{"taxonomy":"product_tag","embeddable":true,"href":"https:\/\/lescreationsde.celineinmyworldmedium.com\/index.php\/wp-json\/wp\/v2\/product_tag?post=2503"}],"curies":[{"name":"wp","href":"https:\/\/api.w.org\/{rel}","templated":true}]}}