{"id":2477,"date":"2021-08-25T22:37:42","date_gmt":"2021-08-25T20:37:42","guid":{"rendered":"https:\/\/lescreationsde.celineinmyworldmedium.com\/?post_type=product&#038;p=2477"},"modified":"2024-03-11T00:18:36","modified_gmt":"2024-03-10T23:18:36","slug":"boucles-doreilles-merkaba-pour-lepanouissement-spirituel-en-lapis-lazuli","status":"publish","type":"product","link":"https:\/\/lescreationsde.celineinmyworldmedium.com\/index.php\/produit\/boucles-doreilles-merkaba-pour-lepanouissement-spirituel-en-lapis-lazuli\/","title":{"rendered":"Boucles d&rsquo;oreilles Merkaba pour l&rsquo;\u00e9panouissement spirituel, en Lapis-Lazuli"},"content":{"rendered":"<h4>Les vertus du lapis-lazuli :<\/h4>\n<p>Domaine <strong>spirituel<\/strong>, celui de l\u2019\u00eatre humain avec ses intentions, ses buts ou ses pr\u00e9occupations existentielles :<\/p>\n<p><strong>V\u00e9rit\u00e9.<\/strong><\/p>\n<p>Domaine de <strong>l\u2019\u00e2me<\/strong> ou du subconscient, ainsi que les notions de temp\u00e9rament, de sentiments, de sensations, de r\u00eaves, de v\u00e9cu sur le plan animique, d\u2019habitudes et de r\u00e9actions inconscientes :<\/p>\n<p><strong>Favorise l\u2019int\u00e9grit\u00e9, la dignit\u00e9, les contacts et l\u2019amiti\u00e9.<\/strong><\/p>\n<p>Domaine <strong>mental<\/strong> avec les id\u00e9es, la raison, les convictions, les consid\u00e9rations, ainsi que le mode de pens\u00e9e et d\u2019action consciente :<\/p>\n<p><strong>Contribue \u00e0 dire la v\u00e9rit\u00e9 et \u00e0 l\u2019accepter.<\/strong><\/p>\n<p>Domaine <strong>physique<\/strong> ou corporel, l\u2019ensemble de l\u2019organisme avec les sens, les organes et les fonctions :<\/p>\n<p><strong>Aide en cas de troubles de la gorge, du larynx, des cordes vocales, des nerfs et du cerveau, r\u00e9gule la thyro\u00efde.<\/strong><\/p>\n<p><em><strong>La Merkaba :<\/strong><br \/>\nSymbole sacr\u00e9 permettant l\u2019activation des \u00e9nergies ou champ vibratoire puissant, la Merkaba prend diff\u00e9rentes significations dans la spiritualit\u00e9 traditionnelle et contemporaine. Dans la mystique juive, elle est m\u00eame \u00e9voqu\u00e9e comme un \u201cchar\u201d permettant \u00e0 l\u2019\u00eatre humain d\u2019acc\u00e9der au monde divin, ou \u00e0 d\u2019autres plans de conscience\u2026 Int\u00e9gr\u00e9 dans votre vie, ce motif \u00e9sot\u00e9rique vous apportera protection, vitalit\u00e9 et favorisera l\u2019\u00e9panouissement spirituel.<\/em><\/p>\n<p><em>(Fabriqu\u00e9es sur crochets en plastique semi-rigide antiallerg\u00e8ne. Possibilit\u00e9 de les confectionner sur crochets argent\u00e9s.)<\/em><\/p>\n","protected":false},"excerpt":{"rendered":"<table>\n<tbody>\n<tr>\n<td style=\"texte-align: left; color: gray; border: none;\"><strong>Hors frais d\u2019exp\u00e9dition<\/strong><\/td>\n<\/tr>\n<tr>\n<td style=\"texte-align: left; color: gray; border: none;\"><strong>Bijoux confectionn\u00e9s sur-mesure, sur commande<br \/>Les couleurs et motifs des pierres varient d&rsquo;un bijou \u00e0 un autre<br \/>D\u00e9lai de confection environ 30 jours<\/strong><\/td>\n<\/tr>\n<tr>\n<td style=\"texte-align: left; color: green; border: none;\"><a href=\"https:\/\/lescreationsde.celineinmyworldmedium.com\/index.php\/categorie-produit\/catalogue\/accessoires\/crochets-boucles-doreilles\/\" target=\"_blank\" rel=\"noopener\"><strong>Voir les diff\u00e9rents crochets<\/strong><\/a><\/td>\n<\/tr>\n<tr>\n<td style=\"texte-align: left; color: blue; border: none;\"><em>(Dimension de la Merkaba = 15 mm)<\/em><\/td>\n<\/tr>\n<\/tbody>\n<\/table>\n","protected":false},"featured_media":7068,"comment_status":"open","ping_status":"closed","template":"","meta":[],"product_brand":[],"product_cat":[48,465],"product_tag":[152,106,42,44,38,47,43,41,40,39,23,923,25,36,34,26,37,35,46,83,16,24,45,17,33,53,323,32,27,89,22,28],"class_list":{"0":"post-2477","1":"product","2":"type-product","3":"status-publish","4":"has-post-thumbnail","6":"product_cat-boucles-doreilles","7":"product_cat-lapis-lazuli-pierres","8":"product_tag-amour","9":"product_tag-argent","10":"product_tag-bijou","11":"product_tag-bijou-energetique","12":"product_tag-bijoux","13":"product_tag-bijoux-anti-allergies","14":"product_tag-bijoux-energetiques","15":"product_tag-bijoux-fait-main","16":"product_tag-bijoux-personnalises","17":"product_tag-bijoux-sur-mesure","18":"product_tag-boucles-doreilles","19":"product_tag-boucles-doreilles-merkaba-pour-lepanouissement-spirituel","20":"product_tag-bracelet","21":"product_tag-bracelet-femme","22":"product_tag-bracelet-homme","23":"product_tag-bracelets","24":"product_tag-bracelets-femme","25":"product_tag-bracelets-homme","26":"product_tag-bronzite","27":"product_tag-chakkra","28":"product_tag-collier","29":"product_tag-collier-femme","30":"product_tag-collier-personnalise","31":"product_tag-colliers","32":"product_tag-energetique","33":"product_tag-fleur-de-vie","34":"product_tag-lapis-lazuli","35":"product_tag-lithotherapie","36":"product_tag-pierre","37":"product_tag-pierre-naturelle","38":"product_tag-pierre-semi-precieuse","39":"product_tag-pierres-naturelles","41":"first","42":"outofstock","43":"shipping-taxable","44":"purchasable","45":"product-type-variable"},"yoast_head":"<!-- This site is optimized with the Yoast SEO plugin v27.2 - https:\/\/yoast.com\/product\/yoast-seo-wordpress\/ -->\n<title>Boucles d&#039;oreilles Merkaba pour l&#039;\u00e9panouissement en Lapis-Lazuli<\/title>\n<meta name=\"description\" content=\"Contribue \u00e0 dire la v\u00e9rit\u00e9 et \u00e0 l\u2019accepter. Aide en cas de troubles de la gorge, du larynx, des cordes vocales, des nerfs et du cerveau, r\u00e9gule la thyro\u00efde.\" \/>\n<meta name=\"robots\" content=\"index, follow, max-snippet:-1, max-image-preview:large, max-video-preview:-1\" \/>\n<link rel=\"canonical\" href=\"https:\/\/lescreationsde.celineinmyworldmedium.com\/index.php\/produit\/boucles-doreilles-merkaba-pour-lepanouissement-spirituel-en-lapis-lazuli\/\" \/>\n<meta property=\"og:locale\" content=\"fr_FR\" \/>\n<meta property=\"og:type\" content=\"article\" \/>\n<meta property=\"og:title\" content=\"Boucles d&#039;oreilles Merkaba pour l&#039;\u00e9panouissement en Lapis-Lazuli\" \/>\n<meta property=\"og:description\" content=\"Contribue \u00e0 dire la v\u00e9rit\u00e9 et \u00e0 l\u2019accepter. Aide en cas de troubles de la gorge, du larynx, des cordes vocales, des nerfs et du cerveau, r\u00e9gule la thyro\u00efde.\" \/>\n<meta property=\"og:url\" content=\"https:\/\/lescreationsde.celineinmyworldmedium.com\/index.php\/produit\/boucles-doreilles-merkaba-pour-lepanouissement-spirituel-en-lapis-lazuli\/\" \/>\n<meta property=\"og:site_name\" content=\"Les cr\u00e9ations de C\u00e9line Inmyworld\" \/>\n<meta property=\"article:modified_time\" content=\"2024-03-10T23:18:36+00:00\" \/>\n<meta property=\"og:image\" content=\"https:\/\/lescreationsde.celineinmyworldmedium.com\/wp-content\/uploads\/2021\/08\/Boucles_d-oreilles_Merkaba_pour_l-epanouissement_spirituel_en_Lapis_Lazuli_v.jpg\" \/>\n\t<meta property=\"og:image:width\" content=\"1536\" \/>\n\t<meta property=\"og:image:height\" content=\"2048\" \/>\n\t<meta property=\"og:image:type\" content=\"image\/jpeg\" \/>\n<meta name=\"twitter:card\" content=\"summary_large_image\" \/>\n<meta name=\"twitter:label1\" content=\"Dur\u00e9e de lecture estim\u00e9e\" \/>\n\t<meta name=\"twitter:data1\" content=\"2 minutes\" \/>\n<script type=\"application\/ld+json\" class=\"yoast-schema-graph\">{\"@context\":\"https:\/\/schema.org\",\"@graph\":[{\"@type\":\"WebPage\",\"@id\":\"https:\/\/lescreationsde.celineinmyworldmedium.com\/index.php\/produit\/boucles-doreilles-merkaba-pour-lepanouissement-spirituel-en-lapis-lazuli\/\",\"url\":\"https:\/\/lescreationsde.celineinmyworldmedium.com\/index.php\/produit\/boucles-doreilles-merkaba-pour-lepanouissement-spirituel-en-lapis-lazuli\/\",\"name\":\"Boucles d'oreilles Merkaba pour l'\u00e9panouissement en Lapis-Lazuli\",\"isPartOf\":{\"@id\":\"https:\/\/lescreationsde.celineinmyworldmedium.com\/#website\"},\"primaryImageOfPage\":{\"@id\":\"https:\/\/lescreationsde.celineinmyworldmedium.com\/index.php\/produit\/boucles-doreilles-merkaba-pour-lepanouissement-spirituel-en-lapis-lazuli\/#primaryimage\"},\"image\":{\"@id\":\"https:\/\/lescreationsde.celineinmyworldmedium.com\/index.php\/produit\/boucles-doreilles-merkaba-pour-lepanouissement-spirituel-en-lapis-lazuli\/#primaryimage\"},\"thumbnailUrl\":\"https:\/\/lescreationsde.celineinmyworldmedium.com\/wp-content\/uploads\/2021\/08\/Boucles_d-oreilles_Merkaba_pour_l-epanouissement_spirituel_en_Lapis_Lazuli_v.jpg\",\"datePublished\":\"2021-08-25T20:37:42+00:00\",\"dateModified\":\"2024-03-10T23:18:36+00:00\",\"description\":\"Contribue \u00e0 dire la v\u00e9rit\u00e9 et \u00e0 l\u2019accepter. Aide en cas de troubles de la gorge, du larynx, des cordes vocales, des nerfs et du cerveau, r\u00e9gule la thyro\u00efde.\",\"breadcrumb\":{\"@id\":\"https:\/\/lescreationsde.celineinmyworldmedium.com\/index.php\/produit\/boucles-doreilles-merkaba-pour-lepanouissement-spirituel-en-lapis-lazuli\/#breadcrumb\"},\"inLanguage\":\"fr-FR\",\"potentialAction\":[{\"@type\":\"ReadAction\",\"target\":[\"https:\/\/lescreationsde.celineinmyworldmedium.com\/index.php\/produit\/boucles-doreilles-merkaba-pour-lepanouissement-spirituel-en-lapis-lazuli\/\"]}]},{\"@type\":\"ImageObject\",\"inLanguage\":\"fr-FR\",\"@id\":\"https:\/\/lescreationsde.celineinmyworldmedium.com\/index.php\/produit\/boucles-doreilles-merkaba-pour-lepanouissement-spirituel-en-lapis-lazuli\/#primaryimage\",\"url\":\"https:\/\/lescreationsde.celineinmyworldmedium.com\/wp-content\/uploads\/2021\/08\/Boucles_d-oreilles_Merkaba_pour_l-epanouissement_spirituel_en_Lapis_Lazuli_v.jpg\",\"contentUrl\":\"https:\/\/lescreationsde.celineinmyworldmedium.com\/wp-content\/uploads\/2021\/08\/Boucles_d-oreilles_Merkaba_pour_l-epanouissement_spirituel_en_Lapis_Lazuli_v.jpg\",\"width\":1536,\"height\":2048,\"caption\":\"Boucles d'oreilles Merkaba pour l'\u00e9panouissement spirituel, en Lapis Lazuli\"},{\"@type\":\"BreadcrumbList\",\"@id\":\"https:\/\/lescreationsde.celineinmyworldmedium.com\/index.php\/produit\/boucles-doreilles-merkaba-pour-lepanouissement-spirituel-en-lapis-lazuli\/#breadcrumb\",\"itemListElement\":[{\"@type\":\"ListItem\",\"position\":1,\"name\":\"Accueil\",\"item\":\"https:\/\/lescreationsde.celineinmyworldmedium.com\/\"},{\"@type\":\"ListItem\",\"position\":2,\"name\":\"Produits\",\"item\":\"https:\/\/lescreationsde.celineinmyworldmedium.com\/index.php\/boutique\/\"},{\"@type\":\"ListItem\",\"position\":3,\"name\":\"Boucles d&#8217;oreilles Merkaba pour l&#8217;\u00e9panouissement spirituel, en Lapis-Lazuli\"}]},{\"@type\":\"WebSite\",\"@id\":\"https:\/\/lescreationsde.celineinmyworldmedium.com\/#website\",\"url\":\"https:\/\/lescreationsde.celineinmyworldmedium.com\/\",\"name\":\"Les cr\u00e9ations de C\u00e9line Inmyworld\",\"description\":\"Cr\u00e9ation de bijoux personnalis\u00e9s, sur-mesure, en pierres semi-pr\u00e9cieuses de qualit\u00e9. Bracelets, boucles d&#039;oreilles, colliers, sautoirs, malas, cha\u00eenes de cheville, bagues...\u2764\",\"publisher\":{\"@id\":\"https:\/\/lescreationsde.celineinmyworldmedium.com\/#organization\"},\"potentialAction\":[{\"@type\":\"SearchAction\",\"target\":{\"@type\":\"EntryPoint\",\"urlTemplate\":\"https:\/\/lescreationsde.celineinmyworldmedium.com\/?s={search_term_string}\"},\"query-input\":{\"@type\":\"PropertyValueSpecification\",\"valueRequired\":true,\"valueName\":\"search_term_string\"}}],\"inLanguage\":\"fr-FR\"},{\"@type\":\"Organization\",\"@id\":\"https:\/\/lescreationsde.celineinmyworldmedium.com\/#organization\",\"name\":\"Les cr\u00e9ations de C\u00e9line Inmyworld\",\"url\":\"https:\/\/lescreationsde.celineinmyworldmedium.com\/\",\"logo\":{\"@type\":\"ImageObject\",\"inLanguage\":\"fr-FR\",\"@id\":\"https:\/\/lescreationsde.celineinmyworldmedium.com\/#\/schema\/logo\/image\/\",\"url\":\"https:\/\/lescreationsde.celineinmyworldmedium.com\/wp-content\/uploads\/2021\/03\/logo_creations3.png\",\"contentUrl\":\"https:\/\/lescreationsde.celineinmyworldmedium.com\/wp-content\/uploads\/2021\/03\/logo_creations3.png\",\"width\":613,\"height\":190,\"caption\":\"Les cr\u00e9ations de C\u00e9line Inmyworld\"},\"image\":{\"@id\":\"https:\/\/lescreationsde.celineinmyworldmedium.com\/#\/schema\/logo\/image\/\"}}]}<\/script>\n<!-- \/ Yoast SEO plugin. -->","yoast_head_json":{"title":"Boucles d'oreilles Merkaba pour l'\u00e9panouissement en Lapis-Lazuli","description":"Contribue \u00e0 dire la v\u00e9rit\u00e9 et \u00e0 l\u2019accepter. Aide en cas de troubles de la gorge, du larynx, des cordes vocales, des nerfs et du cerveau, r\u00e9gule la thyro\u00efde.","robots":{"index":"index","follow":"follow","max-snippet":"max-snippet:-1","max-image-preview":"max-image-preview:large","max-video-preview":"max-video-preview:-1"},"canonical":"https:\/\/lescreationsde.celineinmyworldmedium.com\/index.php\/produit\/boucles-doreilles-merkaba-pour-lepanouissement-spirituel-en-lapis-lazuli\/","og_locale":"fr_FR","og_type":"article","og_title":"Boucles d'oreilles Merkaba pour l'\u00e9panouissement en Lapis-Lazuli","og_description":"Contribue \u00e0 dire la v\u00e9rit\u00e9 et \u00e0 l\u2019accepter. Aide en cas de troubles de la gorge, du larynx, des cordes vocales, des nerfs et du cerveau, r\u00e9gule la thyro\u00efde.","og_url":"https:\/\/lescreationsde.celineinmyworldmedium.com\/index.php\/produit\/boucles-doreilles-merkaba-pour-lepanouissement-spirituel-en-lapis-lazuli\/","og_site_name":"Les cr\u00e9ations de C\u00e9line Inmyworld","article_modified_time":"2024-03-10T23:18:36+00:00","og_image":[{"width":1536,"height":2048,"url":"https:\/\/lescreationsde.celineinmyworldmedium.com\/wp-content\/uploads\/2021\/08\/Boucles_d-oreilles_Merkaba_pour_l-epanouissement_spirituel_en_Lapis_Lazuli_v.jpg","type":"image\/jpeg"}],"twitter_card":"summary_large_image","twitter_misc":{"Dur\u00e9e de lecture estim\u00e9e":"2 minutes"},"schema":{"@context":"https:\/\/schema.org","@graph":[{"@type":"WebPage","@id":"https:\/\/lescreationsde.celineinmyworldmedium.com\/index.php\/produit\/boucles-doreilles-merkaba-pour-lepanouissement-spirituel-en-lapis-lazuli\/","url":"https:\/\/lescreationsde.celineinmyworldmedium.com\/index.php\/produit\/boucles-doreilles-merkaba-pour-lepanouissement-spirituel-en-lapis-lazuli\/","name":"Boucles d'oreilles Merkaba pour l'\u00e9panouissement en Lapis-Lazuli","isPartOf":{"@id":"https:\/\/lescreationsde.celineinmyworldmedium.com\/#website"},"primaryImageOfPage":{"@id":"https:\/\/lescreationsde.celineinmyworldmedium.com\/index.php\/produit\/boucles-doreilles-merkaba-pour-lepanouissement-spirituel-en-lapis-lazuli\/#primaryimage"},"image":{"@id":"https:\/\/lescreationsde.celineinmyworldmedium.com\/index.php\/produit\/boucles-doreilles-merkaba-pour-lepanouissement-spirituel-en-lapis-lazuli\/#primaryimage"},"thumbnailUrl":"https:\/\/lescreationsde.celineinmyworldmedium.com\/wp-content\/uploads\/2021\/08\/Boucles_d-oreilles_Merkaba_pour_l-epanouissement_spirituel_en_Lapis_Lazuli_v.jpg","datePublished":"2021-08-25T20:37:42+00:00","dateModified":"2024-03-10T23:18:36+00:00","description":"Contribue \u00e0 dire la v\u00e9rit\u00e9 et \u00e0 l\u2019accepter. Aide en cas de troubles de la gorge, du larynx, des cordes vocales, des nerfs et du cerveau, r\u00e9gule la thyro\u00efde.","breadcrumb":{"@id":"https:\/\/lescreationsde.celineinmyworldmedium.com\/index.php\/produit\/boucles-doreilles-merkaba-pour-lepanouissement-spirituel-en-lapis-lazuli\/#breadcrumb"},"inLanguage":"fr-FR","potentialAction":[{"@type":"ReadAction","target":["https:\/\/lescreationsde.celineinmyworldmedium.com\/index.php\/produit\/boucles-doreilles-merkaba-pour-lepanouissement-spirituel-en-lapis-lazuli\/"]}]},{"@type":"ImageObject","inLanguage":"fr-FR","@id":"https:\/\/lescreationsde.celineinmyworldmedium.com\/index.php\/produit\/boucles-doreilles-merkaba-pour-lepanouissement-spirituel-en-lapis-lazuli\/#primaryimage","url":"https:\/\/lescreationsde.celineinmyworldmedium.com\/wp-content\/uploads\/2021\/08\/Boucles_d-oreilles_Merkaba_pour_l-epanouissement_spirituel_en_Lapis_Lazuli_v.jpg","contentUrl":"https:\/\/lescreationsde.celineinmyworldmedium.com\/wp-content\/uploads\/2021\/08\/Boucles_d-oreilles_Merkaba_pour_l-epanouissement_spirituel_en_Lapis_Lazuli_v.jpg","width":1536,"height":2048,"caption":"Boucles d'oreilles Merkaba pour l'\u00e9panouissement spirituel, en Lapis Lazuli"},{"@type":"BreadcrumbList","@id":"https:\/\/lescreationsde.celineinmyworldmedium.com\/index.php\/produit\/boucles-doreilles-merkaba-pour-lepanouissement-spirituel-en-lapis-lazuli\/#breadcrumb","itemListElement":[{"@type":"ListItem","position":1,"name":"Accueil","item":"https:\/\/lescreationsde.celineinmyworldmedium.com\/"},{"@type":"ListItem","position":2,"name":"Produits","item":"https:\/\/lescreationsde.celineinmyworldmedium.com\/index.php\/boutique\/"},{"@type":"ListItem","position":3,"name":"Boucles d&#8217;oreilles Merkaba pour l&#8217;\u00e9panouissement spirituel, en Lapis-Lazuli"}]},{"@type":"WebSite","@id":"https:\/\/lescreationsde.celineinmyworldmedium.com\/#website","url":"https:\/\/lescreationsde.celineinmyworldmedium.com\/","name":"Les cr\u00e9ations de C\u00e9line Inmyworld","description":"Cr\u00e9ation de bijoux personnalis\u00e9s, sur-mesure, en pierres semi-pr\u00e9cieuses de qualit\u00e9. Bracelets, boucles d&#039;oreilles, colliers, sautoirs, malas, cha\u00eenes de cheville, bagues...\u2764","publisher":{"@id":"https:\/\/lescreationsde.celineinmyworldmedium.com\/#organization"},"potentialAction":[{"@type":"SearchAction","target":{"@type":"EntryPoint","urlTemplate":"https:\/\/lescreationsde.celineinmyworldmedium.com\/?s={search_term_string}"},"query-input":{"@type":"PropertyValueSpecification","valueRequired":true,"valueName":"search_term_string"}}],"inLanguage":"fr-FR"},{"@type":"Organization","@id":"https:\/\/lescreationsde.celineinmyworldmedium.com\/#organization","name":"Les cr\u00e9ations de C\u00e9line Inmyworld","url":"https:\/\/lescreationsde.celineinmyworldmedium.com\/","logo":{"@type":"ImageObject","inLanguage":"fr-FR","@id":"https:\/\/lescreationsde.celineinmyworldmedium.com\/#\/schema\/logo\/image\/","url":"https:\/\/lescreationsde.celineinmyworldmedium.com\/wp-content\/uploads\/2021\/03\/logo_creations3.png","contentUrl":"https:\/\/lescreationsde.celineinmyworldmedium.com\/wp-content\/uploads\/2021\/03\/logo_creations3.png","width":613,"height":190,"caption":"Les cr\u00e9ations de C\u00e9line Inmyworld"},"image":{"@id":"https:\/\/lescreationsde.celineinmyworldmedium.com\/#\/schema\/logo\/image\/"}}]}},"jetpack_sharing_enabled":true,"_links":{"self":[{"href":"https:\/\/lescreationsde.celineinmyworldmedium.com\/index.php\/wp-json\/wp\/v2\/product\/2477","targetHints":{"allow":["GET"]}}],"collection":[{"href":"https:\/\/lescreationsde.celineinmyworldmedium.com\/index.php\/wp-json\/wp\/v2\/product"}],"about":[{"href":"https:\/\/lescreationsde.celineinmyworldmedium.com\/index.php\/wp-json\/wp\/v2\/types\/product"}],"replies":[{"embeddable":true,"href":"https:\/\/lescreationsde.celineinmyworldmedium.com\/index.php\/wp-json\/wp\/v2\/comments?post=2477"}],"wp:featuredmedia":[{"embeddable":true,"href":"https:\/\/lescreationsde.celineinmyworldmedium.com\/index.php\/wp-json\/wp\/v2\/media\/7068"}],"wp:attachment":[{"href":"https:\/\/lescreationsde.celineinmyworldmedium.com\/index.php\/wp-json\/wp\/v2\/media?parent=2477"}],"wp:term":[{"taxonomy":"product_brand","embeddable":true,"href":"https:\/\/lescreationsde.celineinmyworldmedium.com\/index.php\/wp-json\/wp\/v2\/product_brand?post=2477"},{"taxonomy":"product_cat","embeddable":true,"href":"https:\/\/lescreationsde.celineinmyworldmedium.com\/index.php\/wp-json\/wp\/v2\/product_cat?post=2477"},{"taxonomy":"product_tag","embeddable":true,"href":"https:\/\/lescreationsde.celineinmyworldmedium.com\/index.php\/wp-json\/wp\/v2\/product_tag?post=2477"}],"curies":[{"name":"wp","href":"https:\/\/api.w.org\/{rel}","templated":true}]}}