{"id":2412,"date":"2021-08-10T22:20:33","date_gmt":"2021-08-10T20:20:33","guid":{"rendered":"https:\/\/lescreationsde.celineinmyworldmedium.com\/?post_type=product&#038;p=2412"},"modified":"2024-03-10T23:55:02","modified_gmt":"2024-03-10T22:55:02","slug":"bracelet-pour-attirer-la-chance-et-le-bonheur-en-jade-avec-arbre-de-vie","status":"publish","type":"product","link":"https:\/\/lescreationsde.celineinmyworldmedium.com\/index.php\/produit\/bracelet-pour-attirer-la-chance-et-le-bonheur-en-jade-avec-arbre-de-vie\/","title":{"rendered":"Bracelet pour attirer la chance et le bonheur, en Jade avec Arbre de vie"},"content":{"rendered":"<h4><strong>Les vertus du jade :<\/strong><\/h4>\n<p>Domaine <strong>spirituel<\/strong>, celui de l\u2019\u00eatre humain avec ses intentions, ses buts ou ses pr\u00e9occupations existentielles :<\/p>\n<p><strong>\u00c9quilibre.<\/strong><\/p>\n<p>Domaine de <strong>l\u2019\u00e2me<\/strong> ou du subconscient, ainsi que les notions de temp\u00e9rament, de sentiments, de sensations, de r\u00eaves, de v\u00e9cu sur le plan animique, d\u2019habitudes et de r\u00e9actions inconscientes :<\/p>\n<p><strong>Cr\u00e9e un \u00e9quilibre entre repos et activit\u00e9.<\/strong><\/p>\n<p>Domaine <strong>mental<\/strong> avec les id\u00e9es, la raison, les convictions, les consid\u00e9rations, ainsi que le mode de pens\u00e9e et d\u2019action consciente :<\/p>\n<p><strong>Facilite une r\u00e9alisation de soi de mani\u00e8re ludique.<\/strong><\/p>\n<p>Domaine <strong>physique<\/strong> ou corporel, l\u2019ensemble de l\u2019organisme avec les sens, les organes et les fonctions :<\/p>\n<p><strong>R\u00e9gule les nerfs, les reins et les glandes surr\u00e9nales (production d\u2019adr\u00e9naline), contribue \u00e0 harmoniser l\u2019organisme en eau, en sels min\u00e9raux et en acides\/bases.<\/strong><\/p>\n<p><em><strong>L\u2019arbre de vie :<\/strong><br \/>\nSymbole d\u2019amour et de protection.<br \/>\nPr\u00e9sent dans les traditions religieuses, il incarne une plante d\u2019immortalit\u00e9 plac\u00e9e au milieu du Paradis : l\u2019arbre perd son feuillage l\u2019hiver et le retrouve au printemps. L\u2019arbre de vie est donc le symbole du cycle mort-r\u00e9surrection o\u00f9 la vie et l\u2019immortalit\u00e9 l\u2019emportent toujours sur la mort.<br \/>\nAvec ses racines fermement plant\u00e9es sous terre et ses branches dirig\u00e9es vers le ciel, il symbolise le lien entre le monde terrestre et l\u2019au del\u00e0. Faisant r\u00e9f\u00e9rence \u00e0 un sentiment d\u2019ancrage, il \u00e9voque la force de la vie et ses origines.<\/em><\/p>\n","protected":false},"excerpt":{"rendered":"<table>\n<tbody>\n<tr>\n<td style=\"texte-align: left; color: gray; border: none;\"><strong>Hors frais d&rsquo;exp\u00e9dition<\/strong><\/td>\n<\/tr>\n<tr>\n<td style=\"texte-align: left; color: gray; border: none;\"><strong>Bijoux confectionn\u00e9s sur-mesure, sur commande<br \/>Les couleurs et motifs des pierres varient d&rsquo;un bijou \u00e0 un autre<br \/>D\u00e9lai de confection environ 30 jours<\/strong><\/td>\n<\/tr>\n<tr>\n<td style=\"texte-align: left; color: blue; border: none;\"><a style=\"color: #a15fe2;\" href=\"https:\/\/lescreationsde.celineinmyworldmedium.com\/index.php\/mesurer-son-tour-de-poignet-pour-bracelets\/\" target=\"_blank\" rel=\"noopener\"><strong>Comment mesurer son tour de poignet<\/strong><\/a><\/td>\n<\/tr>\n<\/tbody>\n<\/table>\n","protected":false},"featured_media":2414,"comment_status":"open","ping_status":"closed","template":"","meta":[],"product_brand":[],"product_cat":[31,72],"product_tag":[152,42,44,38,47,43,41,40,39,23,25,36,34,902,26,37,35,16,24,45,17,33,75,32,27,22,28],"class_list":{"0":"post-2412","1":"product","2":"type-product","3":"status-publish","4":"has-post-thumbnail","6":"product_cat-bracelets","7":"product_cat-jade","8":"product_tag-amour","9":"product_tag-bijou","10":"product_tag-bijou-energetique","11":"product_tag-bijoux","12":"product_tag-bijoux-anti-allergies","13":"product_tag-bijoux-energetiques","14":"product_tag-bijoux-fait-main","15":"product_tag-bijoux-personnalises","16":"product_tag-bijoux-sur-mesure","17":"product_tag-boucles-doreilles","18":"product_tag-bracelet","19":"product_tag-bracelet-femme","20":"product_tag-bracelet-homme","21":"product_tag-bracelet-pour-attirer-la-chance-et-le-bonheur-avec-arbre-de-vie","22":"product_tag-bracelets","23":"product_tag-bracelets-femme","24":"product_tag-bracelets-homme","25":"product_tag-collier","26":"product_tag-collier-femme","27":"product_tag-collier-personnalise","28":"product_tag-colliers","29":"product_tag-energetique","30":"product_tag-jade","31":"product_tag-lithotherapie","32":"product_tag-pierre","33":"product_tag-pierre-semi-precieuse","34":"product_tag-pierres-naturelles","36":"first","37":"instock","38":"shipping-taxable","39":"purchasable","40":"product-type-variable"},"yoast_head":"<!-- This site is optimized with the Yoast SEO plugin v27.5 - https:\/\/yoast.com\/product\/yoast-seo-wordpress\/ -->\n<title>Les cr\u00e9ations de C\u00e9line Inmyworld - Les cr\u00e9ations de C\u00e9line Inmyworld<\/title>\n<meta name=\"description\" content=\"Les vertus du jade : \u00c9quilibre. Cr\u00e9e un \u00e9quilibre entre repos et activit\u00e9. Facilite une r\u00e9alisation de soi de mani\u00e8re ludique.\" \/>\n<meta name=\"robots\" content=\"index, follow, max-snippet:-1, max-image-preview:large, max-video-preview:-1\" \/>\n<link rel=\"canonical\" href=\"https:\/\/lescreationsde.celineinmyworldmedium.com\/index.php\/produit\/bracelet-pour-attirer-la-chance-et-le-bonheur-en-jade-avec-arbre-de-vie\/\" \/>\n<meta property=\"og:locale\" content=\"fr_FR\" \/>\n<meta property=\"og:type\" content=\"article\" \/>\n<meta property=\"og:title\" content=\"Les cr\u00e9ations de C\u00e9line Inmyworld - Les cr\u00e9ations de C\u00e9line Inmyworld\" \/>\n<meta property=\"og:description\" content=\"Les vertus du jade : \u00c9quilibre. Cr\u00e9e un \u00e9quilibre entre repos et activit\u00e9. Facilite une r\u00e9alisation de soi de mani\u00e8re ludique.\" \/>\n<meta property=\"og:url\" content=\"https:\/\/lescreationsde.celineinmyworldmedium.com\/index.php\/produit\/bracelet-pour-attirer-la-chance-et-le-bonheur-en-jade-avec-arbre-de-vie\/\" \/>\n<meta property=\"og:site_name\" content=\"Les cr\u00e9ations de C\u00e9line Inmyworld\" \/>\n<meta property=\"article:modified_time\" content=\"2024-03-10T22:55:02+00:00\" \/>\n<meta property=\"og:image\" content=\"https:\/\/lescreationsde.celineinmyworldmedium.com\/wp-content\/uploads\/2021\/08\/Bracelet_pour_attirer_la_chance_et_le_bonheur_en_Jade_avec_Arbre_de_vie.jpg\" \/>\n\t<meta property=\"og:image:width\" content=\"1080\" \/>\n\t<meta property=\"og:image:height\" content=\"1080\" \/>\n\t<meta property=\"og:image:type\" content=\"image\/jpeg\" \/>\n<meta name=\"twitter:card\" content=\"summary_large_image\" \/>\n<meta name=\"twitter:label1\" content=\"Dur\u00e9e de lecture estim\u00e9e\" \/>\n\t<meta name=\"twitter:data1\" content=\"1 minute\" \/>\n<script type=\"application\/ld+json\" class=\"yoast-schema-graph\">{\"@context\":\"https:\\\/\\\/schema.org\",\"@graph\":[{\"@type\":\"WebPage\",\"@id\":\"https:\\\/\\\/lescreationsde.celineinmyworldmedium.com\\\/index.php\\\/produit\\\/bracelet-pour-attirer-la-chance-et-le-bonheur-en-jade-avec-arbre-de-vie\\\/\",\"url\":\"https:\\\/\\\/lescreationsde.celineinmyworldmedium.com\\\/index.php\\\/produit\\\/bracelet-pour-attirer-la-chance-et-le-bonheur-en-jade-avec-arbre-de-vie\\\/\",\"name\":\"Les cr\u00e9ations de C\u00e9line Inmyworld - Les cr\u00e9ations de C\u00e9line Inmyworld\",\"isPartOf\":{\"@id\":\"https:\\\/\\\/lescreationsde.celineinmyworldmedium.com\\\/#website\"},\"primaryImageOfPage\":{\"@id\":\"https:\\\/\\\/lescreationsde.celineinmyworldmedium.com\\\/index.php\\\/produit\\\/bracelet-pour-attirer-la-chance-et-le-bonheur-en-jade-avec-arbre-de-vie\\\/#primaryimage\"},\"image\":{\"@id\":\"https:\\\/\\\/lescreationsde.celineinmyworldmedium.com\\\/index.php\\\/produit\\\/bracelet-pour-attirer-la-chance-et-le-bonheur-en-jade-avec-arbre-de-vie\\\/#primaryimage\"},\"thumbnailUrl\":\"https:\\\/\\\/lescreationsde.celineinmyworldmedium.com\\\/wp-content\\\/uploads\\\/2021\\\/08\\\/Bracelet_pour_attirer_la_chance_et_le_bonheur_en_Jade_avec_Arbre_de_vie.jpg\",\"datePublished\":\"2021-08-10T20:20:33+00:00\",\"dateModified\":\"2024-03-10T22:55:02+00:00\",\"description\":\"Les vertus du jade : \u00c9quilibre. Cr\u00e9e un \u00e9quilibre entre repos et activit\u00e9. Facilite une r\u00e9alisation de soi de mani\u00e8re ludique.\",\"breadcrumb\":{\"@id\":\"https:\\\/\\\/lescreationsde.celineinmyworldmedium.com\\\/index.php\\\/produit\\\/bracelet-pour-attirer-la-chance-et-le-bonheur-en-jade-avec-arbre-de-vie\\\/#breadcrumb\"},\"inLanguage\":\"fr-FR\",\"potentialAction\":[{\"@type\":\"ReadAction\",\"target\":[\"https:\\\/\\\/lescreationsde.celineinmyworldmedium.com\\\/index.php\\\/produit\\\/bracelet-pour-attirer-la-chance-et-le-bonheur-en-jade-avec-arbre-de-vie\\\/\"]}]},{\"@type\":\"ImageObject\",\"inLanguage\":\"fr-FR\",\"@id\":\"https:\\\/\\\/lescreationsde.celineinmyworldmedium.com\\\/index.php\\\/produit\\\/bracelet-pour-attirer-la-chance-et-le-bonheur-en-jade-avec-arbre-de-vie\\\/#primaryimage\",\"url\":\"https:\\\/\\\/lescreationsde.celineinmyworldmedium.com\\\/wp-content\\\/uploads\\\/2021\\\/08\\\/Bracelet_pour_attirer_la_chance_et_le_bonheur_en_Jade_avec_Arbre_de_vie.jpg\",\"contentUrl\":\"https:\\\/\\\/lescreationsde.celineinmyworldmedium.com\\\/wp-content\\\/uploads\\\/2021\\\/08\\\/Bracelet_pour_attirer_la_chance_et_le_bonheur_en_Jade_avec_Arbre_de_vie.jpg\",\"width\":1080,\"height\":1080,\"caption\":\"Bracelet pour attirer la chance et le bonheur, en Jade avec Arbre de vie\"},{\"@type\":\"BreadcrumbList\",\"@id\":\"https:\\\/\\\/lescreationsde.celineinmyworldmedium.com\\\/index.php\\\/produit\\\/bracelet-pour-attirer-la-chance-et-le-bonheur-en-jade-avec-arbre-de-vie\\\/#breadcrumb\",\"itemListElement\":[{\"@type\":\"ListItem\",\"position\":1,\"name\":\"Accueil\",\"item\":\"https:\\\/\\\/lescreationsde.celineinmyworldmedium.com\\\/\"},{\"@type\":\"ListItem\",\"position\":2,\"name\":\"Produits\",\"item\":\"https:\\\/\\\/lescreationsde.celineinmyworldmedium.com\\\/index.php\\\/boutique\\\/\"},{\"@type\":\"ListItem\",\"position\":3,\"name\":\"Bracelet pour attirer la chance et le bonheur, en Jade avec Arbre de vie\"}]},{\"@type\":\"WebSite\",\"@id\":\"https:\\\/\\\/lescreationsde.celineinmyworldmedium.com\\\/#website\",\"url\":\"https:\\\/\\\/lescreationsde.celineinmyworldmedium.com\\\/\",\"name\":\"Les cr\u00e9ations de C\u00e9line Inmyworld\",\"description\":\"Cr\u00e9ation de bijoux personnalis\u00e9s, sur-mesure, en pierres semi-pr\u00e9cieuses de qualit\u00e9. Bracelets, boucles d&#039;oreilles, colliers, sautoirs, malas, cha\u00eenes de cheville, bagues...\u2764\",\"publisher\":{\"@id\":\"https:\\\/\\\/lescreationsde.celineinmyworldmedium.com\\\/#organization\"},\"potentialAction\":[{\"@type\":\"SearchAction\",\"target\":{\"@type\":\"EntryPoint\",\"urlTemplate\":\"https:\\\/\\\/lescreationsde.celineinmyworldmedium.com\\\/?s={search_term_string}\"},\"query-input\":{\"@type\":\"PropertyValueSpecification\",\"valueRequired\":true,\"valueName\":\"search_term_string\"}}],\"inLanguage\":\"fr-FR\"},{\"@type\":\"Organization\",\"@id\":\"https:\\\/\\\/lescreationsde.celineinmyworldmedium.com\\\/#organization\",\"name\":\"Les cr\u00e9ations de C\u00e9line Inmyworld\",\"url\":\"https:\\\/\\\/lescreationsde.celineinmyworldmedium.com\\\/\",\"logo\":{\"@type\":\"ImageObject\",\"inLanguage\":\"fr-FR\",\"@id\":\"https:\\\/\\\/lescreationsde.celineinmyworldmedium.com\\\/#\\\/schema\\\/logo\\\/image\\\/\",\"url\":\"https:\\\/\\\/lescreationsde.celineinmyworldmedium.com\\\/wp-content\\\/uploads\\\/2021\\\/03\\\/logo_creations3.png\",\"contentUrl\":\"https:\\\/\\\/lescreationsde.celineinmyworldmedium.com\\\/wp-content\\\/uploads\\\/2021\\\/03\\\/logo_creations3.png\",\"width\":613,\"height\":190,\"caption\":\"Les cr\u00e9ations de C\u00e9line Inmyworld\"},\"image\":{\"@id\":\"https:\\\/\\\/lescreationsde.celineinmyworldmedium.com\\\/#\\\/schema\\\/logo\\\/image\\\/\"}}]}<\/script>\n<!-- \/ Yoast SEO plugin. -->","yoast_head_json":{"title":"Les cr\u00e9ations de C\u00e9line Inmyworld - Les cr\u00e9ations de C\u00e9line Inmyworld","description":"Les vertus du jade : \u00c9quilibre. Cr\u00e9e un \u00e9quilibre entre repos et activit\u00e9. Facilite une r\u00e9alisation de soi de mani\u00e8re ludique.","robots":{"index":"index","follow":"follow","max-snippet":"max-snippet:-1","max-image-preview":"max-image-preview:large","max-video-preview":"max-video-preview:-1"},"canonical":"https:\/\/lescreationsde.celineinmyworldmedium.com\/index.php\/produit\/bracelet-pour-attirer-la-chance-et-le-bonheur-en-jade-avec-arbre-de-vie\/","og_locale":"fr_FR","og_type":"article","og_title":"Les cr\u00e9ations de C\u00e9line Inmyworld - Les cr\u00e9ations de C\u00e9line Inmyworld","og_description":"Les vertus du jade : \u00c9quilibre. Cr\u00e9e un \u00e9quilibre entre repos et activit\u00e9. Facilite une r\u00e9alisation de soi de mani\u00e8re ludique.","og_url":"https:\/\/lescreationsde.celineinmyworldmedium.com\/index.php\/produit\/bracelet-pour-attirer-la-chance-et-le-bonheur-en-jade-avec-arbre-de-vie\/","og_site_name":"Les cr\u00e9ations de C\u00e9line Inmyworld","article_modified_time":"2024-03-10T22:55:02+00:00","og_image":[{"width":1080,"height":1080,"url":"https:\/\/lescreationsde.celineinmyworldmedium.com\/wp-content\/uploads\/2021\/08\/Bracelet_pour_attirer_la_chance_et_le_bonheur_en_Jade_avec_Arbre_de_vie.jpg","type":"image\/jpeg"}],"twitter_card":"summary_large_image","twitter_misc":{"Dur\u00e9e de lecture estim\u00e9e":"1 minute"},"schema":{"@context":"https:\/\/schema.org","@graph":[{"@type":"WebPage","@id":"https:\/\/lescreationsde.celineinmyworldmedium.com\/index.php\/produit\/bracelet-pour-attirer-la-chance-et-le-bonheur-en-jade-avec-arbre-de-vie\/","url":"https:\/\/lescreationsde.celineinmyworldmedium.com\/index.php\/produit\/bracelet-pour-attirer-la-chance-et-le-bonheur-en-jade-avec-arbre-de-vie\/","name":"Les cr\u00e9ations de C\u00e9line Inmyworld - Les cr\u00e9ations de C\u00e9line Inmyworld","isPartOf":{"@id":"https:\/\/lescreationsde.celineinmyworldmedium.com\/#website"},"primaryImageOfPage":{"@id":"https:\/\/lescreationsde.celineinmyworldmedium.com\/index.php\/produit\/bracelet-pour-attirer-la-chance-et-le-bonheur-en-jade-avec-arbre-de-vie\/#primaryimage"},"image":{"@id":"https:\/\/lescreationsde.celineinmyworldmedium.com\/index.php\/produit\/bracelet-pour-attirer-la-chance-et-le-bonheur-en-jade-avec-arbre-de-vie\/#primaryimage"},"thumbnailUrl":"https:\/\/lescreationsde.celineinmyworldmedium.com\/wp-content\/uploads\/2021\/08\/Bracelet_pour_attirer_la_chance_et_le_bonheur_en_Jade_avec_Arbre_de_vie.jpg","datePublished":"2021-08-10T20:20:33+00:00","dateModified":"2024-03-10T22:55:02+00:00","description":"Les vertus du jade : \u00c9quilibre. Cr\u00e9e un \u00e9quilibre entre repos et activit\u00e9. Facilite une r\u00e9alisation de soi de mani\u00e8re ludique.","breadcrumb":{"@id":"https:\/\/lescreationsde.celineinmyworldmedium.com\/index.php\/produit\/bracelet-pour-attirer-la-chance-et-le-bonheur-en-jade-avec-arbre-de-vie\/#breadcrumb"},"inLanguage":"fr-FR","potentialAction":[{"@type":"ReadAction","target":["https:\/\/lescreationsde.celineinmyworldmedium.com\/index.php\/produit\/bracelet-pour-attirer-la-chance-et-le-bonheur-en-jade-avec-arbre-de-vie\/"]}]},{"@type":"ImageObject","inLanguage":"fr-FR","@id":"https:\/\/lescreationsde.celineinmyworldmedium.com\/index.php\/produit\/bracelet-pour-attirer-la-chance-et-le-bonheur-en-jade-avec-arbre-de-vie\/#primaryimage","url":"https:\/\/lescreationsde.celineinmyworldmedium.com\/wp-content\/uploads\/2021\/08\/Bracelet_pour_attirer_la_chance_et_le_bonheur_en_Jade_avec_Arbre_de_vie.jpg","contentUrl":"https:\/\/lescreationsde.celineinmyworldmedium.com\/wp-content\/uploads\/2021\/08\/Bracelet_pour_attirer_la_chance_et_le_bonheur_en_Jade_avec_Arbre_de_vie.jpg","width":1080,"height":1080,"caption":"Bracelet pour attirer la chance et le bonheur, en Jade avec Arbre de vie"},{"@type":"BreadcrumbList","@id":"https:\/\/lescreationsde.celineinmyworldmedium.com\/index.php\/produit\/bracelet-pour-attirer-la-chance-et-le-bonheur-en-jade-avec-arbre-de-vie\/#breadcrumb","itemListElement":[{"@type":"ListItem","position":1,"name":"Accueil","item":"https:\/\/lescreationsde.celineinmyworldmedium.com\/"},{"@type":"ListItem","position":2,"name":"Produits","item":"https:\/\/lescreationsde.celineinmyworldmedium.com\/index.php\/boutique\/"},{"@type":"ListItem","position":3,"name":"Bracelet pour attirer la chance et le bonheur, en Jade avec Arbre de vie"}]},{"@type":"WebSite","@id":"https:\/\/lescreationsde.celineinmyworldmedium.com\/#website","url":"https:\/\/lescreationsde.celineinmyworldmedium.com\/","name":"Les cr\u00e9ations de C\u00e9line Inmyworld","description":"Cr\u00e9ation de bijoux personnalis\u00e9s, sur-mesure, en pierres semi-pr\u00e9cieuses de qualit\u00e9. Bracelets, boucles d&#039;oreilles, colliers, sautoirs, malas, cha\u00eenes de cheville, bagues...\u2764","publisher":{"@id":"https:\/\/lescreationsde.celineinmyworldmedium.com\/#organization"},"potentialAction":[{"@type":"SearchAction","target":{"@type":"EntryPoint","urlTemplate":"https:\/\/lescreationsde.celineinmyworldmedium.com\/?s={search_term_string}"},"query-input":{"@type":"PropertyValueSpecification","valueRequired":true,"valueName":"search_term_string"}}],"inLanguage":"fr-FR"},{"@type":"Organization","@id":"https:\/\/lescreationsde.celineinmyworldmedium.com\/#organization","name":"Les cr\u00e9ations de C\u00e9line Inmyworld","url":"https:\/\/lescreationsde.celineinmyworldmedium.com\/","logo":{"@type":"ImageObject","inLanguage":"fr-FR","@id":"https:\/\/lescreationsde.celineinmyworldmedium.com\/#\/schema\/logo\/image\/","url":"https:\/\/lescreationsde.celineinmyworldmedium.com\/wp-content\/uploads\/2021\/03\/logo_creations3.png","contentUrl":"https:\/\/lescreationsde.celineinmyworldmedium.com\/wp-content\/uploads\/2021\/03\/logo_creations3.png","width":613,"height":190,"caption":"Les cr\u00e9ations de C\u00e9line Inmyworld"},"image":{"@id":"https:\/\/lescreationsde.celineinmyworldmedium.com\/#\/schema\/logo\/image\/"}}]}},"jetpack_sharing_enabled":true,"_links":{"self":[{"href":"https:\/\/lescreationsde.celineinmyworldmedium.com\/index.php\/wp-json\/wp\/v2\/product\/2412","targetHints":{"allow":["GET"]}}],"collection":[{"href":"https:\/\/lescreationsde.celineinmyworldmedium.com\/index.php\/wp-json\/wp\/v2\/product"}],"about":[{"href":"https:\/\/lescreationsde.celineinmyworldmedium.com\/index.php\/wp-json\/wp\/v2\/types\/product"}],"replies":[{"embeddable":true,"href":"https:\/\/lescreationsde.celineinmyworldmedium.com\/index.php\/wp-json\/wp\/v2\/comments?post=2412"}],"wp:featuredmedia":[{"embeddable":true,"href":"https:\/\/lescreationsde.celineinmyworldmedium.com\/index.php\/wp-json\/wp\/v2\/media\/2414"}],"wp:attachment":[{"href":"https:\/\/lescreationsde.celineinmyworldmedium.com\/index.php\/wp-json\/wp\/v2\/media?parent=2412"}],"wp:term":[{"taxonomy":"product_brand","embeddable":true,"href":"https:\/\/lescreationsde.celineinmyworldmedium.com\/index.php\/wp-json\/wp\/v2\/product_brand?post=2412"},{"taxonomy":"product_cat","embeddable":true,"href":"https:\/\/lescreationsde.celineinmyworldmedium.com\/index.php\/wp-json\/wp\/v2\/product_cat?post=2412"},{"taxonomy":"product_tag","embeddable":true,"href":"https:\/\/lescreationsde.celineinmyworldmedium.com\/index.php\/wp-json\/wp\/v2\/product_tag?post=2412"}],"curies":[{"name":"wp","href":"https:\/\/api.w.org\/{rel}","templated":true}]}}