{"id":2393,"date":"2021-08-06T12:55:20","date_gmt":"2021-08-06T10:55:20","guid":{"rendered":"https:\/\/lescreationsde.celineinmyworldmedium.com\/?post_type=product&#038;p=2393"},"modified":"2024-03-11T00:18:12","modified_gmt":"2024-03-10T23:18:12","slug":"boucles-doreilles-coeurs-en-jaspe-sediments-et-perles-damethyste-claire-pour-la-serenite-et-la-paix","status":"publish","type":"product","link":"https:\/\/lescreationsde.celineinmyworldmedium.com\/index.php\/produit\/boucles-doreilles-coeurs-en-jaspe-sediments-et-perles-damethyste-claire-pour-la-serenite-et-la-paix\/","title":{"rendered":"Boucles d&rsquo;oreilles c\u0153urs en Jaspe s\u00e9diments et perles d&rsquo;Am\u00e9thyste claire pour la s\u00e9r\u00e9nit\u00e9 et la paix"},"content":{"rendered":"<h4><strong>1 &#8211; Les vertus du jaspe s\u00e9diments :<\/strong><\/h4>\n<p>Domaine <strong>spirituel<\/strong>, celui de l\u2019\u00eatre humain avec ses intentions, ses buts ou ses pr\u00e9occupations existentielles :<\/p>\n<p><strong>Tout d\u2019abord apporte s\u00e9r\u00e9nit\u00e9 et unit\u00e9, aide \u00e0 cr\u00e9er une coh\u00e9sion au sein d\u2019un groupe. Ensuite prot\u00e8ge et nettoie l\u2019aura des basses vibrations. Puis permet de nous rappeler de nous aider les uns et les autres. Enfin aide \u00e0 la prise de d\u00e9cisions rapides et permet de mettre les pens\u00e9es en actes tout en favorisant la concentration.<\/strong><\/p>\n<p>Domaine de <strong>l\u2019\u00e2me<\/strong> ou du subconscient, ainsi que les notions de temp\u00e9rament, de sentiments, de sensations, de r\u00eaves, de v\u00e9cu sur le plan animique, d\u2019habitudes et de r\u00e9actions inconscientes :<\/p>\n<p><strong>Idem.<\/strong><\/p>\n<p>Domaine <strong>mental<\/strong> avec les id\u00e9es, la raison, les convictions, les consid\u00e9rations, ainsi que le mode de pens\u00e9e et d\u2019action consciente :<\/p>\n<p><strong>Tout d\u2019abord apporte s\u00e9r\u00e9nit\u00e9 et unit\u00e9, aide \u00e0 cr\u00e9er une coh\u00e9sion au sein d\u2019un groupe. Ensuite prot\u00e8ge et nettoie l\u2019aura des basses vibrations. Puis permet de nous rappeler de nous aider les uns et les autres. Enfin aide \u00e0 la prise de d\u00e9cisions rapides et permet de mettre les pens\u00e9es en actes tout en favorisant la concentration.<\/strong><\/p>\n<p>Domaine <strong>physique<\/strong> ou corporel, l\u2019ensemble de l\u2019organisme avec les sens, les organes et les fonctions :<\/p>\n<p><strong>Idem.<\/strong><\/p>\n<h4>2 &#8211; Les vertus de l\u2019am\u00e9thyste claire :<\/h4>\n<p>Domaine <strong>spirituel<\/strong>, celui de l\u2019\u00eatre humain avec ses intentions, ses buts ou ses pr\u00e9occupations existentielles :<\/p>\n<p><strong>Paix, spiritualit\u00e9, clarification, m\u00e9ditation.<\/strong><\/p>\n<p>Domaine de <strong>l\u2019\u00e2me<\/strong> ou du subconscient, ainsi que les notions de temp\u00e9rament, de sentiments, de sensations, de r\u00eaves, de v\u00e9cu sur le plan animique, d\u2019habitudes et de r\u00e9actions inconscientes :<\/p>\n<p><strong>Pour l\u2019intuition, pour faire de beaux r\u00eaves parfaitement clairs, am\u00e9liore le sommeil agit\u00e9.<\/strong><\/p>\n<p>Domaine <strong>mental<\/strong> avec les id\u00e9es, la raison, les convictions, les consid\u00e9rations, ainsi que le mode de pens\u00e9e et d\u2019action consciente :<\/p>\n<p><strong>Favorise la perception consciente, et l\u2019assimilation des exp\u00e9riences.<\/strong><\/p>\n<p>Domaine <strong>physique<\/strong> ou corporel, l\u2019ensemble de l\u2019organisme avec les sens, les organes et les fonctions :<\/p>\n<p><strong>Excellente contre les maux de t\u00eate, pour les poumons, la peau et les nerfs.<\/strong><\/p>\n<p><em>(Fabriqu\u00e9es sur crochets en plastique semi-rigide antiallerg\u00e8ne. Possibilit\u00e9 de les confectionner sur crochets argent\u00e9s.)<\/em><\/p>\n","protected":false},"excerpt":{"rendered":"<table>\n<tbody>\n<tr>\n<td style=\"texte-align: left; color: gray; border: none;\"><strong>Hors frais d\u2019exp\u00e9dition<\/strong><\/td>\n<\/tr>\n<tr>\n<td style=\"texte-align: left; color: gray; border: none;\"><strong>Bijoux confectionn\u00e9s sur-mesure, sur commande<br \/>Les couleurs et motifs des pierres varient d&rsquo;un bijou \u00e0 un autre<br \/>D\u00e9lai de confection environ 30 jours<\/strong><\/td>\n<\/tr>\n<tr>\n<td style=\"texte-align: left; color: green; border: none;\"><a href=\"https:\/\/lescreationsde.celineinmyworldmedium.com\/index.php\/categorie-produit\/catalogue\/accessoires\/crochets-boucles-doreilles\/\" target=\"_blank\" rel=\"noopener\"><strong>Voir les diff\u00e9rents crochets<\/strong><\/a><\/td>\n<\/tr>\n<tr>\n<td style=\"texte-align: left; color: blue; border: none;\"><em>(Dimension du coeur = 15 mm)<\/em><\/td>\n<\/tr>\n<\/tbody>\n<\/table>\n","protected":false},"featured_media":2395,"comment_status":"open","ping_status":"closed","template":"","meta":[],"product_brand":[],"product_cat":[48,67,52],"product_tag":[163,152,106,42,44,38,47,43,41,40,39,23,897,25,36,34,26,37,35,16,24,45,17,33,309,32,27,89,22,28],"class_list":{"0":"post-2393","1":"product","2":"type-product","3":"status-publish","4":"has-post-thumbnail","6":"product_cat-boucles-doreilles","7":"product_cat-amethyste-pierres","8":"product_cat-jaspe-pierres","9":"product_tag-amethyste-claire","10":"product_tag-amour","11":"product_tag-argent","12":"product_tag-bijou","13":"product_tag-bijou-energetique","14":"product_tag-bijoux","15":"product_tag-bijoux-anti-allergies","16":"product_tag-bijoux-energetiques","17":"product_tag-bijoux-fait-main","18":"product_tag-bijoux-personnalises","19":"product_tag-bijoux-sur-mesure","20":"product_tag-boucles-doreilles","21":"product_tag-boucles-doreilles-coeurs-sur-crochets-plastique-semi-rigide-antiallergie-pour-la-serenite-et-la-paix","22":"product_tag-bracelet","23":"product_tag-bracelet-femme","24":"product_tag-bracelet-homme","25":"product_tag-bracelets","26":"product_tag-bracelets-femme","27":"product_tag-bracelets-homme","28":"product_tag-collier","29":"product_tag-collier-femme","30":"product_tag-collier-personnalise","31":"product_tag-colliers","32":"product_tag-energetique","33":"product_tag-jaspe-sediments","34":"product_tag-lithotherapie","35":"product_tag-pierre","36":"product_tag-pierre-naturelle","37":"product_tag-pierre-semi-precieuse","38":"product_tag-pierres-naturelles","40":"first","41":"instock","42":"shipping-taxable","43":"purchasable","44":"product-type-variable"},"yoast_head":"<!-- This site is optimized with the Yoast SEO plugin v27.2 - https:\/\/yoast.com\/product\/yoast-seo-wordpress\/ -->\n<title>Boucles d&#039;oreilles c\u0153urs en Jaspe s\u00e9diments et perles d&#039;Am\u00e9thyste claire.<\/title>\n<meta name=\"description\" content=\"Favorise la perception consciente, l\u2019assimilation des exp\u00e9riences. Excellente contre les maux de t\u00eate, pour les poumons, la peau, les nerfs.\" \/>\n<meta name=\"robots\" content=\"index, follow, max-snippet:-1, max-image-preview:large, max-video-preview:-1\" \/>\n<link rel=\"canonical\" href=\"https:\/\/lescreationsde.celineinmyworldmedium.com\/index.php\/produit\/boucles-doreilles-coeurs-en-jaspe-sediments-et-perles-damethyste-claire-pour-la-serenite-et-la-paix\/\" \/>\n<meta property=\"og:locale\" content=\"fr_FR\" \/>\n<meta property=\"og:type\" content=\"article\" \/>\n<meta property=\"og:title\" content=\"Boucles d&#039;oreilles c\u0153urs en Jaspe s\u00e9diments et perles d&#039;Am\u00e9thyste claire.\" \/>\n<meta property=\"og:description\" content=\"Favorise la perception consciente, l\u2019assimilation des exp\u00e9riences. Excellente contre les maux de t\u00eate, pour les poumons, la peau, les nerfs.\" \/>\n<meta property=\"og:url\" content=\"https:\/\/lescreationsde.celineinmyworldmedium.com\/index.php\/produit\/boucles-doreilles-coeurs-en-jaspe-sediments-et-perles-damethyste-claire-pour-la-serenite-et-la-paix\/\" \/>\n<meta property=\"og:site_name\" content=\"Les cr\u00e9ations de C\u00e9line Inmyworld\" \/>\n<meta property=\"article:modified_time\" content=\"2024-03-10T23:18:12+00:00\" \/>\n<meta property=\"og:image\" content=\"https:\/\/lescreationsde.celineinmyworldmedium.com\/wp-content\/uploads\/2021\/08\/Boucles_d-oreilles_coeurs_en_Jaspe_sediments_et_perles_d-Amethyste_claire_pour_la_serenite_et_la_paix.jpg\" \/>\n\t<meta property=\"og:image:width\" content=\"1536\" \/>\n\t<meta property=\"og:image:height\" content=\"2048\" \/>\n\t<meta property=\"og:image:type\" content=\"image\/jpeg\" \/>\n<meta name=\"twitter:card\" content=\"summary_large_image\" \/>\n<meta name=\"twitter:label1\" content=\"Dur\u00e9e de lecture estim\u00e9e\" \/>\n\t<meta name=\"twitter:data1\" content=\"2 minutes\" \/>\n<script type=\"application\/ld+json\" class=\"yoast-schema-graph\">{\"@context\":\"https:\/\/schema.org\",\"@graph\":[{\"@type\":\"WebPage\",\"@id\":\"https:\/\/lescreationsde.celineinmyworldmedium.com\/index.php\/produit\/boucles-doreilles-coeurs-en-jaspe-sediments-et-perles-damethyste-claire-pour-la-serenite-et-la-paix\/\",\"url\":\"https:\/\/lescreationsde.celineinmyworldmedium.com\/index.php\/produit\/boucles-doreilles-coeurs-en-jaspe-sediments-et-perles-damethyste-claire-pour-la-serenite-et-la-paix\/\",\"name\":\"Boucles d'oreilles c\u0153urs en Jaspe s\u00e9diments et perles d'Am\u00e9thyste claire.\",\"isPartOf\":{\"@id\":\"https:\/\/lescreationsde.celineinmyworldmedium.com\/#website\"},\"primaryImageOfPage\":{\"@id\":\"https:\/\/lescreationsde.celineinmyworldmedium.com\/index.php\/produit\/boucles-doreilles-coeurs-en-jaspe-sediments-et-perles-damethyste-claire-pour-la-serenite-et-la-paix\/#primaryimage\"},\"image\":{\"@id\":\"https:\/\/lescreationsde.celineinmyworldmedium.com\/index.php\/produit\/boucles-doreilles-coeurs-en-jaspe-sediments-et-perles-damethyste-claire-pour-la-serenite-et-la-paix\/#primaryimage\"},\"thumbnailUrl\":\"https:\/\/lescreationsde.celineinmyworldmedium.com\/wp-content\/uploads\/2021\/08\/Boucles_d-oreilles_coeurs_en_Jaspe_sediments_et_perles_d-Amethyste_claire_pour_la_serenite_et_la_paix.jpg\",\"datePublished\":\"2021-08-06T10:55:20+00:00\",\"dateModified\":\"2024-03-10T23:18:12+00:00\",\"description\":\"Favorise la perception consciente, l\u2019assimilation des exp\u00e9riences. Excellente contre les maux de t\u00eate, pour les poumons, la peau, les nerfs.\",\"breadcrumb\":{\"@id\":\"https:\/\/lescreationsde.celineinmyworldmedium.com\/index.php\/produit\/boucles-doreilles-coeurs-en-jaspe-sediments-et-perles-damethyste-claire-pour-la-serenite-et-la-paix\/#breadcrumb\"},\"inLanguage\":\"fr-FR\",\"potentialAction\":[{\"@type\":\"ReadAction\",\"target\":[\"https:\/\/lescreationsde.celineinmyworldmedium.com\/index.php\/produit\/boucles-doreilles-coeurs-en-jaspe-sediments-et-perles-damethyste-claire-pour-la-serenite-et-la-paix\/\"]}]},{\"@type\":\"ImageObject\",\"inLanguage\":\"fr-FR\",\"@id\":\"https:\/\/lescreationsde.celineinmyworldmedium.com\/index.php\/produit\/boucles-doreilles-coeurs-en-jaspe-sediments-et-perles-damethyste-claire-pour-la-serenite-et-la-paix\/#primaryimage\",\"url\":\"https:\/\/lescreationsde.celineinmyworldmedium.com\/wp-content\/uploads\/2021\/08\/Boucles_d-oreilles_coeurs_en_Jaspe_sediments_et_perles_d-Amethyste_claire_pour_la_serenite_et_la_paix.jpg\",\"contentUrl\":\"https:\/\/lescreationsde.celineinmyworldmedium.com\/wp-content\/uploads\/2021\/08\/Boucles_d-oreilles_coeurs_en_Jaspe_sediments_et_perles_d-Amethyste_claire_pour_la_serenite_et_la_paix.jpg\",\"width\":1536,\"height\":2048,\"caption\":\"Boucles d'oreilles c\u0153urs en Jaspe s\u00e9diments et perles d'Am\u00e9thyste claire pour la s\u00e9r\u00e9nit\u00e9 et la paix\"},{\"@type\":\"BreadcrumbList\",\"@id\":\"https:\/\/lescreationsde.celineinmyworldmedium.com\/index.php\/produit\/boucles-doreilles-coeurs-en-jaspe-sediments-et-perles-damethyste-claire-pour-la-serenite-et-la-paix\/#breadcrumb\",\"itemListElement\":[{\"@type\":\"ListItem\",\"position\":1,\"name\":\"Accueil\",\"item\":\"https:\/\/lescreationsde.celineinmyworldmedium.com\/\"},{\"@type\":\"ListItem\",\"position\":2,\"name\":\"Produits\",\"item\":\"https:\/\/lescreationsde.celineinmyworldmedium.com\/index.php\/boutique\/\"},{\"@type\":\"ListItem\",\"position\":3,\"name\":\"Boucles d&#8217;oreilles c\u0153urs en Jaspe s\u00e9diments et perles d&#8217;Am\u00e9thyste claire pour la s\u00e9r\u00e9nit\u00e9 et la paix\"}]},{\"@type\":\"WebSite\",\"@id\":\"https:\/\/lescreationsde.celineinmyworldmedium.com\/#website\",\"url\":\"https:\/\/lescreationsde.celineinmyworldmedium.com\/\",\"name\":\"Les cr\u00e9ations de C\u00e9line Inmyworld\",\"description\":\"Cr\u00e9ation de bijoux personnalis\u00e9s, sur-mesure, en pierres semi-pr\u00e9cieuses de qualit\u00e9. Bracelets, boucles d&#039;oreilles, colliers, sautoirs, malas, cha\u00eenes de cheville, bagues...\u2764\",\"publisher\":{\"@id\":\"https:\/\/lescreationsde.celineinmyworldmedium.com\/#organization\"},\"potentialAction\":[{\"@type\":\"SearchAction\",\"target\":{\"@type\":\"EntryPoint\",\"urlTemplate\":\"https:\/\/lescreationsde.celineinmyworldmedium.com\/?s={search_term_string}\"},\"query-input\":{\"@type\":\"PropertyValueSpecification\",\"valueRequired\":true,\"valueName\":\"search_term_string\"}}],\"inLanguage\":\"fr-FR\"},{\"@type\":\"Organization\",\"@id\":\"https:\/\/lescreationsde.celineinmyworldmedium.com\/#organization\",\"name\":\"Les cr\u00e9ations de C\u00e9line Inmyworld\",\"url\":\"https:\/\/lescreationsde.celineinmyworldmedium.com\/\",\"logo\":{\"@type\":\"ImageObject\",\"inLanguage\":\"fr-FR\",\"@id\":\"https:\/\/lescreationsde.celineinmyworldmedium.com\/#\/schema\/logo\/image\/\",\"url\":\"https:\/\/lescreationsde.celineinmyworldmedium.com\/wp-content\/uploads\/2021\/03\/logo_creations3.png\",\"contentUrl\":\"https:\/\/lescreationsde.celineinmyworldmedium.com\/wp-content\/uploads\/2021\/03\/logo_creations3.png\",\"width\":613,\"height\":190,\"caption\":\"Les cr\u00e9ations de C\u00e9line Inmyworld\"},\"image\":{\"@id\":\"https:\/\/lescreationsde.celineinmyworldmedium.com\/#\/schema\/logo\/image\/\"}}]}<\/script>\n<!-- \/ Yoast SEO plugin. -->","yoast_head_json":{"title":"Boucles d'oreilles c\u0153urs en Jaspe s\u00e9diments et perles d'Am\u00e9thyste claire.","description":"Favorise la perception consciente, l\u2019assimilation des exp\u00e9riences. Excellente contre les maux de t\u00eate, pour les poumons, la peau, les nerfs.","robots":{"index":"index","follow":"follow","max-snippet":"max-snippet:-1","max-image-preview":"max-image-preview:large","max-video-preview":"max-video-preview:-1"},"canonical":"https:\/\/lescreationsde.celineinmyworldmedium.com\/index.php\/produit\/boucles-doreilles-coeurs-en-jaspe-sediments-et-perles-damethyste-claire-pour-la-serenite-et-la-paix\/","og_locale":"fr_FR","og_type":"article","og_title":"Boucles d'oreilles c\u0153urs en Jaspe s\u00e9diments et perles d'Am\u00e9thyste claire.","og_description":"Favorise la perception consciente, l\u2019assimilation des exp\u00e9riences. Excellente contre les maux de t\u00eate, pour les poumons, la peau, les nerfs.","og_url":"https:\/\/lescreationsde.celineinmyworldmedium.com\/index.php\/produit\/boucles-doreilles-coeurs-en-jaspe-sediments-et-perles-damethyste-claire-pour-la-serenite-et-la-paix\/","og_site_name":"Les cr\u00e9ations de C\u00e9line Inmyworld","article_modified_time":"2024-03-10T23:18:12+00:00","og_image":[{"width":1536,"height":2048,"url":"https:\/\/lescreationsde.celineinmyworldmedium.com\/wp-content\/uploads\/2021\/08\/Boucles_d-oreilles_coeurs_en_Jaspe_sediments_et_perles_d-Amethyste_claire_pour_la_serenite_et_la_paix.jpg","type":"image\/jpeg"}],"twitter_card":"summary_large_image","twitter_misc":{"Dur\u00e9e de lecture estim\u00e9e":"2 minutes"},"schema":{"@context":"https:\/\/schema.org","@graph":[{"@type":"WebPage","@id":"https:\/\/lescreationsde.celineinmyworldmedium.com\/index.php\/produit\/boucles-doreilles-coeurs-en-jaspe-sediments-et-perles-damethyste-claire-pour-la-serenite-et-la-paix\/","url":"https:\/\/lescreationsde.celineinmyworldmedium.com\/index.php\/produit\/boucles-doreilles-coeurs-en-jaspe-sediments-et-perles-damethyste-claire-pour-la-serenite-et-la-paix\/","name":"Boucles d'oreilles c\u0153urs en Jaspe s\u00e9diments et perles d'Am\u00e9thyste claire.","isPartOf":{"@id":"https:\/\/lescreationsde.celineinmyworldmedium.com\/#website"},"primaryImageOfPage":{"@id":"https:\/\/lescreationsde.celineinmyworldmedium.com\/index.php\/produit\/boucles-doreilles-coeurs-en-jaspe-sediments-et-perles-damethyste-claire-pour-la-serenite-et-la-paix\/#primaryimage"},"image":{"@id":"https:\/\/lescreationsde.celineinmyworldmedium.com\/index.php\/produit\/boucles-doreilles-coeurs-en-jaspe-sediments-et-perles-damethyste-claire-pour-la-serenite-et-la-paix\/#primaryimage"},"thumbnailUrl":"https:\/\/lescreationsde.celineinmyworldmedium.com\/wp-content\/uploads\/2021\/08\/Boucles_d-oreilles_coeurs_en_Jaspe_sediments_et_perles_d-Amethyste_claire_pour_la_serenite_et_la_paix.jpg","datePublished":"2021-08-06T10:55:20+00:00","dateModified":"2024-03-10T23:18:12+00:00","description":"Favorise la perception consciente, l\u2019assimilation des exp\u00e9riences. Excellente contre les maux de t\u00eate, pour les poumons, la peau, les nerfs.","breadcrumb":{"@id":"https:\/\/lescreationsde.celineinmyworldmedium.com\/index.php\/produit\/boucles-doreilles-coeurs-en-jaspe-sediments-et-perles-damethyste-claire-pour-la-serenite-et-la-paix\/#breadcrumb"},"inLanguage":"fr-FR","potentialAction":[{"@type":"ReadAction","target":["https:\/\/lescreationsde.celineinmyworldmedium.com\/index.php\/produit\/boucles-doreilles-coeurs-en-jaspe-sediments-et-perles-damethyste-claire-pour-la-serenite-et-la-paix\/"]}]},{"@type":"ImageObject","inLanguage":"fr-FR","@id":"https:\/\/lescreationsde.celineinmyworldmedium.com\/index.php\/produit\/boucles-doreilles-coeurs-en-jaspe-sediments-et-perles-damethyste-claire-pour-la-serenite-et-la-paix\/#primaryimage","url":"https:\/\/lescreationsde.celineinmyworldmedium.com\/wp-content\/uploads\/2021\/08\/Boucles_d-oreilles_coeurs_en_Jaspe_sediments_et_perles_d-Amethyste_claire_pour_la_serenite_et_la_paix.jpg","contentUrl":"https:\/\/lescreationsde.celineinmyworldmedium.com\/wp-content\/uploads\/2021\/08\/Boucles_d-oreilles_coeurs_en_Jaspe_sediments_et_perles_d-Amethyste_claire_pour_la_serenite_et_la_paix.jpg","width":1536,"height":2048,"caption":"Boucles d'oreilles c\u0153urs en Jaspe s\u00e9diments et perles d'Am\u00e9thyste claire pour la s\u00e9r\u00e9nit\u00e9 et la paix"},{"@type":"BreadcrumbList","@id":"https:\/\/lescreationsde.celineinmyworldmedium.com\/index.php\/produit\/boucles-doreilles-coeurs-en-jaspe-sediments-et-perles-damethyste-claire-pour-la-serenite-et-la-paix\/#breadcrumb","itemListElement":[{"@type":"ListItem","position":1,"name":"Accueil","item":"https:\/\/lescreationsde.celineinmyworldmedium.com\/"},{"@type":"ListItem","position":2,"name":"Produits","item":"https:\/\/lescreationsde.celineinmyworldmedium.com\/index.php\/boutique\/"},{"@type":"ListItem","position":3,"name":"Boucles d&#8217;oreilles c\u0153urs en Jaspe s\u00e9diments et perles d&#8217;Am\u00e9thyste claire pour la s\u00e9r\u00e9nit\u00e9 et la paix"}]},{"@type":"WebSite","@id":"https:\/\/lescreationsde.celineinmyworldmedium.com\/#website","url":"https:\/\/lescreationsde.celineinmyworldmedium.com\/","name":"Les cr\u00e9ations de C\u00e9line Inmyworld","description":"Cr\u00e9ation de bijoux personnalis\u00e9s, sur-mesure, en pierres semi-pr\u00e9cieuses de qualit\u00e9. Bracelets, boucles d&#039;oreilles, colliers, sautoirs, malas, cha\u00eenes de cheville, bagues...\u2764","publisher":{"@id":"https:\/\/lescreationsde.celineinmyworldmedium.com\/#organization"},"potentialAction":[{"@type":"SearchAction","target":{"@type":"EntryPoint","urlTemplate":"https:\/\/lescreationsde.celineinmyworldmedium.com\/?s={search_term_string}"},"query-input":{"@type":"PropertyValueSpecification","valueRequired":true,"valueName":"search_term_string"}}],"inLanguage":"fr-FR"},{"@type":"Organization","@id":"https:\/\/lescreationsde.celineinmyworldmedium.com\/#organization","name":"Les cr\u00e9ations de C\u00e9line Inmyworld","url":"https:\/\/lescreationsde.celineinmyworldmedium.com\/","logo":{"@type":"ImageObject","inLanguage":"fr-FR","@id":"https:\/\/lescreationsde.celineinmyworldmedium.com\/#\/schema\/logo\/image\/","url":"https:\/\/lescreationsde.celineinmyworldmedium.com\/wp-content\/uploads\/2021\/03\/logo_creations3.png","contentUrl":"https:\/\/lescreationsde.celineinmyworldmedium.com\/wp-content\/uploads\/2021\/03\/logo_creations3.png","width":613,"height":190,"caption":"Les cr\u00e9ations de C\u00e9line Inmyworld"},"image":{"@id":"https:\/\/lescreationsde.celineinmyworldmedium.com\/#\/schema\/logo\/image\/"}}]}},"jetpack_sharing_enabled":true,"_links":{"self":[{"href":"https:\/\/lescreationsde.celineinmyworldmedium.com\/index.php\/wp-json\/wp\/v2\/product\/2393","targetHints":{"allow":["GET"]}}],"collection":[{"href":"https:\/\/lescreationsde.celineinmyworldmedium.com\/index.php\/wp-json\/wp\/v2\/product"}],"about":[{"href":"https:\/\/lescreationsde.celineinmyworldmedium.com\/index.php\/wp-json\/wp\/v2\/types\/product"}],"replies":[{"embeddable":true,"href":"https:\/\/lescreationsde.celineinmyworldmedium.com\/index.php\/wp-json\/wp\/v2\/comments?post=2393"}],"wp:featuredmedia":[{"embeddable":true,"href":"https:\/\/lescreationsde.celineinmyworldmedium.com\/index.php\/wp-json\/wp\/v2\/media\/2395"}],"wp:attachment":[{"href":"https:\/\/lescreationsde.celineinmyworldmedium.com\/index.php\/wp-json\/wp\/v2\/media?parent=2393"}],"wp:term":[{"taxonomy":"product_brand","embeddable":true,"href":"https:\/\/lescreationsde.celineinmyworldmedium.com\/index.php\/wp-json\/wp\/v2\/product_brand?post=2393"},{"taxonomy":"product_cat","embeddable":true,"href":"https:\/\/lescreationsde.celineinmyworldmedium.com\/index.php\/wp-json\/wp\/v2\/product_cat?post=2393"},{"taxonomy":"product_tag","embeddable":true,"href":"https:\/\/lescreationsde.celineinmyworldmedium.com\/index.php\/wp-json\/wp\/v2\/product_tag?post=2393"}],"curies":[{"name":"wp","href":"https:\/\/api.w.org\/{rel}","templated":true}]}}