{"id":2291,"date":"2021-07-06T15:59:58","date_gmt":"2021-07-06T13:59:58","guid":{"rendered":"https:\/\/lescreationsde.celineinmyworldmedium.com\/?post_type=product&#038;p=2291"},"modified":"2024-03-10T23:54:27","modified_gmt":"2024-03-10T22:54:27","slug":"bracelet-pour-aider-a-depasser-les-peurs-et-les-crises-et-a-developper-la-confiance-en-tanzanite-et-amethyste-a-inclusions-de-goethite-avec-arbre-de-vie-e","status":"publish","type":"product","link":"https:\/\/lescreationsde.celineinmyworldmedium.com\/index.php\/produit\/bracelet-pour-aider-a-depasser-les-peurs-et-les-crises-et-a-developper-la-confiance-en-tanzanite-et-amethyste-a-inclusions-de-goethite-avec-arbre-de-vie-e\/","title":{"rendered":"Bracelet pour aider \u00e0 d\u00e9passer les peurs et les crises et \u00e0 d\u00e9velopper la confiance, en Tanzanite et Am\u00e9thyste \u00e0 inclusions de Goethite, avec Arbre de vie  e"},"content":{"rendered":"<h4>1 &#8211; Les vertus de l\u2019am\u00e9thyste \u00e0 inclusions de goethite (cacox\u00e9nite ou super seven) :<\/h4>\n<p>Domaine <strong>spirituel<\/strong>, celui de l\u2019\u00eatre humain avec ses intentions, ses buts ou ses pr\u00e9occupations existentielles :<\/p>\n<p><strong>Pierre vibratoirement tr\u00e8s \u00e9lev\u00e9e et de haute spiritualit\u00e9. Aide \u00e0 se lib\u00e9rer de la confusion mentale, des peurs, des angoisses, des doutes et des pr\u00e9jug\u00e9s. Conseill\u00e9e pour les moments de stress intense, pour la tristesse et la d\u00e9tresse \u00e9motionnelle. Apporte un sentiment de s\u00e9curit\u00e9 et protection. Forme un bouclier imp\u00e9n\u00e9trable \u00e0 toutes les \u00e9nergies n\u00e9gatives. Aide \u00e0 faire le pont entre l\u2019\u00e2me et la spiritualit\u00e9.<\/strong><\/p>\n<p>Domaine de <strong>l\u2019\u00e2me<\/strong> ou du subconscient, ainsi que les notions de temp\u00e9rament, de sentiments, de sensations, de r\u00eaves, de v\u00e9cu sur le plan animique, d\u2019habitudes et de r\u00e9actions inconscientes :<\/p>\n<p><strong>Idem.<br \/>\n<\/strong><\/p>\n<p>Domaine <strong>mental<\/strong> avec les id\u00e9es, la raison, les convictions, les consid\u00e9rations, ainsi que le mode de pens\u00e9e et d\u2019action consciente :<\/p>\n<p><strong>Pierre vibratoirement tr\u00e8s \u00e9lev\u00e9e et de haute spiritualit\u00e9. Aide \u00e0 se lib\u00e9rer de la confusion mentale, des peurs, des angoisses, des doutes et des pr\u00e9jug\u00e9s. Conseill\u00e9e pour les moments de stress intense, pour la tristesse et la d\u00e9tresse \u00e9motionnelle. Apporte un sentiment de s\u00e9curit\u00e9 et protection. Forme un bouclier imp\u00e9n\u00e9trable \u00e0 toutes les \u00e9nergies n\u00e9gatives. Aide \u00e0 faire le pont entre l\u2019\u00e2me et la spiritualit\u00e9.<\/strong><\/p>\n<p>Domaine <strong>physique<\/strong> ou corporel, l\u2019ensemble de l\u2019organisme avec les sens, les organes et les fonctions :<\/p>\n<p><strong>Idem.<\/strong><\/p>\n<h4><strong>2 &#8211; Les vertus de la tanzanite :<\/strong><\/h4>\n<p>Domaine <strong>spirituel<\/strong>, celui de l\u2019\u00eatre humain avec ses intentions, ses buts ou ses pr\u00e9occupations existentielles :<\/p>\n<p><strong>Vocation, orientation.<\/strong><\/p>\n<p>Domaine de <strong>l\u2019\u00e2me<\/strong> ou du subconscient, ainsi que les notions de temp\u00e9rament, de sentiments, de sensations, de r\u00eaves, de v\u00e9cu sur le plan animique, d\u2019habitudes et de r\u00e9actions inconscientes :<\/p>\n<p><strong>Aide \u00e0 d\u00e9passer les peurs et les crises et \u00e0 d\u00e9velopper la confiance.<\/strong><\/p>\n<p>Domaine <strong>mental<\/strong> avec les id\u00e9es, la raison, les convictions, les consid\u00e9rations, ainsi que le mode de pens\u00e9e et d\u2019action consciente :<\/p>\n<p><strong>Permet de clarifier le sens des choses et d\u2019\u00eatre clair avec soi-m\u00eame.<\/strong><\/p>\n<p>Domaine <strong>physique<\/strong> ou corporel, l\u2019ensemble de l\u2019organisme avec les sens, les organes et les fonctions :<\/p>\n<p><strong>Stimule les reins, fortifie les nerfs et agit comme fortifiant et reconstituant.<\/strong><\/p>\n<p><em><strong>L\u2019arbre de vie :<\/strong><br \/>\nSymbole d\u2019amour et de protection.<br \/>\nPr\u00e9sent dans les traditions religieuses, il incarne une plante d\u2019immortalit\u00e9 plac\u00e9e au milieu du Paradis : l\u2019arbre perd son feuillage l\u2019hiver et le retrouve au printemps. L\u2019arbre de vie est donc le symbole du cycle mort-r\u00e9surrection o\u00f9 la vie et l\u2019immortalit\u00e9 l\u2019emportent toujours sur la mort.<br \/>\nAvec ses racines fermement plant\u00e9es sous terre et ses branches dirig\u00e9es vers le ciel, il symbolise le lien entre le monde terrestre et l\u2019au del\u00e0. Faisant r\u00e9f\u00e9rence \u00e0 un sentiment d\u2019ancrage, il \u00e9voque la force de la vie et ses origines.<\/em><\/p>\n","protected":false},"excerpt":{"rendered":"<table>\n<tbody>\n<tr>\n<td style=\"texte-align: left; color: gray; border: none;\"><strong>Hors frais d&rsquo;exp\u00e9dition<\/strong><\/td>\n<\/tr>\n<tr>\n<td style=\"texte-align: left; color: gray; border: none;\"><strong>Bijoux confectionn\u00e9s sur-mesure, sur commande<br \/>Les couleurs et motifs des pierres varient d&rsquo;un bijou \u00e0 un autre<br \/>D\u00e9lai de confection environ 30 jours<\/strong><\/td>\n<\/tr>\n<tr>\n<td style=\"texte-align: left; color: blue; border: none;\"><a style=\"color: #a15fe2;\" href=\"https:\/\/lescreationsde.celineinmyworldmedium.com\/index.php\/mesurer-son-tour-de-poignet-pour-bracelets\/\" target=\"_blank\" rel=\"noopener\"><strong>Comment mesurer son tour de poignet<\/strong><\/a><\/td>\n<\/tr>\n<\/tbody>\n<\/table>\n","protected":false},"featured_media":2306,"comment_status":"open","ping_status":"closed","template":"","meta":[],"product_brand":[],"product_cat":[31,67,800],"product_tag":[726,152,106,42,44,38,47,43,41,40,39,23,25,36,34,874,26,37,35,16,24,45,17,33,32,27,22,28,435],"class_list":{"0":"post-2291","1":"product","2":"type-product","3":"status-publish","4":"has-post-thumbnail","6":"product_cat-bracelets","7":"product_cat-amethyste-pierres","8":"product_cat-tanzanite-pierres","9":"product_tag-amethyste-a-inclusions-de-goethite-cacoxenite-ou-super-seven","10":"product_tag-amour","11":"product_tag-argent","12":"product_tag-bijou","13":"product_tag-bijou-energetique","14":"product_tag-bijoux","15":"product_tag-bijoux-anti-allergies","16":"product_tag-bijoux-energetiques","17":"product_tag-bijoux-fait-main","18":"product_tag-bijoux-personnalises","19":"product_tag-bijoux-sur-mesure","20":"product_tag-boucles-doreilles","21":"product_tag-bracelet","22":"product_tag-bracelet-femme","23":"product_tag-bracelet-homme","24":"product_tag-bracelet-pour-aider-a-depasser-les-peurs-et-les-crises-et-a-developper-la-confiance-avec-arbre-de-vie","25":"product_tag-bracelets","26":"product_tag-bracelets-femme","27":"product_tag-bracelets-homme","28":"product_tag-collier","29":"product_tag-collier-femme","30":"product_tag-collier-personnalise","31":"product_tag-colliers","32":"product_tag-energetique","33":"product_tag-lithotherapie","34":"product_tag-pierre","35":"product_tag-pierre-semi-precieuse","36":"product_tag-pierres-naturelles","37":"product_tag-tanzanite","39":"first","40":"instock","41":"shipping-taxable","42":"purchasable","43":"product-type-variable"},"yoast_head":"<!-- This site is optimized with the Yoast SEO plugin v27.2 - https:\/\/yoast.com\/product\/yoast-seo-wordpress\/ -->\n<title>Bracelet pour aider \u00e0 d\u00e9passer les peurs et les crises, etc... en Tanzanite<\/title>\n<meta name=\"description\" content=\"Pierre vibratoirement tr\u00e8s \u00e9lev\u00e9e et de haute spiritualit\u00e9. Aide \u00e0 se lib\u00e9rer de la confusion mentale, des peurs, des angoisses, des doutes.\" \/>\n<meta name=\"robots\" content=\"index, follow, max-snippet:-1, max-image-preview:large, max-video-preview:-1\" \/>\n<link rel=\"canonical\" href=\"https:\/\/lescreationsde.celineinmyworldmedium.com\/index.php\/produit\/bracelet-pour-aider-a-depasser-les-peurs-et-les-crises-et-a-developper-la-confiance-en-tanzanite-et-amethyste-a-inclusions-de-goethite-avec-arbre-de-vie-e\/\" \/>\n<meta property=\"og:locale\" content=\"fr_FR\" \/>\n<meta property=\"og:type\" content=\"article\" \/>\n<meta property=\"og:title\" content=\"Bracelet pour aider \u00e0 d\u00e9passer les peurs et les crises, etc... en Tanzanite\" \/>\n<meta property=\"og:description\" content=\"Pierre vibratoirement tr\u00e8s \u00e9lev\u00e9e et de haute spiritualit\u00e9. Aide \u00e0 se lib\u00e9rer de la confusion mentale, des peurs, des angoisses, des doutes.\" \/>\n<meta property=\"og:url\" content=\"https:\/\/lescreationsde.celineinmyworldmedium.com\/index.php\/produit\/bracelet-pour-aider-a-depasser-les-peurs-et-les-crises-et-a-developper-la-confiance-en-tanzanite-et-amethyste-a-inclusions-de-goethite-avec-arbre-de-vie-e\/\" \/>\n<meta property=\"og:site_name\" content=\"Les cr\u00e9ations de C\u00e9line Inmyworld\" \/>\n<meta property=\"article:modified_time\" content=\"2024-03-10T22:54:27+00:00\" \/>\n<meta property=\"og:image\" content=\"https:\/\/lescreationsde.celineinmyworldmedium.com\/wp-content\/uploads\/2021\/07\/bracelet_pour_aider_a_depasser_les_peurs_et_les_crises_et_a_developper_la_confiance_en_Tanzanite-_etc.jpg\" \/>\n\t<meta property=\"og:image:width\" content=\"2048\" \/>\n\t<meta property=\"og:image:height\" content=\"2048\" \/>\n\t<meta property=\"og:image:type\" content=\"image\/jpeg\" \/>\n<meta name=\"twitter:card\" content=\"summary_large_image\" \/>\n<meta name=\"twitter:label1\" content=\"Dur\u00e9e de lecture estim\u00e9e\" \/>\n\t<meta name=\"twitter:data1\" content=\"2 minutes\" \/>\n<script type=\"application\/ld+json\" class=\"yoast-schema-graph\">{\"@context\":\"https:\/\/schema.org\",\"@graph\":[{\"@type\":\"WebPage\",\"@id\":\"https:\/\/lescreationsde.celineinmyworldmedium.com\/index.php\/produit\/bracelet-pour-aider-a-depasser-les-peurs-et-les-crises-et-a-developper-la-confiance-en-tanzanite-et-amethyste-a-inclusions-de-goethite-avec-arbre-de-vie-e\/\",\"url\":\"https:\/\/lescreationsde.celineinmyworldmedium.com\/index.php\/produit\/bracelet-pour-aider-a-depasser-les-peurs-et-les-crises-et-a-developper-la-confiance-en-tanzanite-et-amethyste-a-inclusions-de-goethite-avec-arbre-de-vie-e\/\",\"name\":\"Bracelet pour aider \u00e0 d\u00e9passer les peurs et les crises, etc... en Tanzanite\",\"isPartOf\":{\"@id\":\"https:\/\/lescreationsde.celineinmyworldmedium.com\/#website\"},\"primaryImageOfPage\":{\"@id\":\"https:\/\/lescreationsde.celineinmyworldmedium.com\/index.php\/produit\/bracelet-pour-aider-a-depasser-les-peurs-et-les-crises-et-a-developper-la-confiance-en-tanzanite-et-amethyste-a-inclusions-de-goethite-avec-arbre-de-vie-e\/#primaryimage\"},\"image\":{\"@id\":\"https:\/\/lescreationsde.celineinmyworldmedium.com\/index.php\/produit\/bracelet-pour-aider-a-depasser-les-peurs-et-les-crises-et-a-developper-la-confiance-en-tanzanite-et-amethyste-a-inclusions-de-goethite-avec-arbre-de-vie-e\/#primaryimage\"},\"thumbnailUrl\":\"https:\/\/lescreationsde.celineinmyworldmedium.com\/wp-content\/uploads\/2021\/07\/bracelet_pour_aider_a_depasser_les_peurs_et_les_crises_et_a_developper_la_confiance_en_Tanzanite-_etc.jpg\",\"datePublished\":\"2021-07-06T13:59:58+00:00\",\"dateModified\":\"2024-03-10T22:54:27+00:00\",\"description\":\"Pierre vibratoirement tr\u00e8s \u00e9lev\u00e9e et de haute spiritualit\u00e9. Aide \u00e0 se lib\u00e9rer de la confusion mentale, des peurs, des angoisses, des doutes.\",\"breadcrumb\":{\"@id\":\"https:\/\/lescreationsde.celineinmyworldmedium.com\/index.php\/produit\/bracelet-pour-aider-a-depasser-les-peurs-et-les-crises-et-a-developper-la-confiance-en-tanzanite-et-amethyste-a-inclusions-de-goethite-avec-arbre-de-vie-e\/#breadcrumb\"},\"inLanguage\":\"fr-FR\",\"potentialAction\":[{\"@type\":\"ReadAction\",\"target\":[\"https:\/\/lescreationsde.celineinmyworldmedium.com\/index.php\/produit\/bracelet-pour-aider-a-depasser-les-peurs-et-les-crises-et-a-developper-la-confiance-en-tanzanite-et-amethyste-a-inclusions-de-goethite-avec-arbre-de-vie-e\/\"]}]},{\"@type\":\"ImageObject\",\"inLanguage\":\"fr-FR\",\"@id\":\"https:\/\/lescreationsde.celineinmyworldmedium.com\/index.php\/produit\/bracelet-pour-aider-a-depasser-les-peurs-et-les-crises-et-a-developper-la-confiance-en-tanzanite-et-amethyste-a-inclusions-de-goethite-avec-arbre-de-vie-e\/#primaryimage\",\"url\":\"https:\/\/lescreationsde.celineinmyworldmedium.com\/wp-content\/uploads\/2021\/07\/bracelet_pour_aider_a_depasser_les_peurs_et_les_crises_et_a_developper_la_confiance_en_Tanzanite-_etc.jpg\",\"contentUrl\":\"https:\/\/lescreationsde.celineinmyworldmedium.com\/wp-content\/uploads\/2021\/07\/bracelet_pour_aider_a_depasser_les_peurs_et_les_crises_et_a_developper_la_confiance_en_Tanzanite-_etc.jpg\",\"width\":2048,\"height\":2048,\"caption\":\"Bracelet pour aider \u00e0 d\u00e9passer les peurs et les crises et \u00e0 d\u00e9velopper la confiance, en Tanzanite et Am\u00e9thyste \u00e0 inclusions de Goethite, avec Arbre de vie\"},{\"@type\":\"BreadcrumbList\",\"@id\":\"https:\/\/lescreationsde.celineinmyworldmedium.com\/index.php\/produit\/bracelet-pour-aider-a-depasser-les-peurs-et-les-crises-et-a-developper-la-confiance-en-tanzanite-et-amethyste-a-inclusions-de-goethite-avec-arbre-de-vie-e\/#breadcrumb\",\"itemListElement\":[{\"@type\":\"ListItem\",\"position\":1,\"name\":\"Accueil\",\"item\":\"https:\/\/lescreationsde.celineinmyworldmedium.com\/\"},{\"@type\":\"ListItem\",\"position\":2,\"name\":\"Produits\",\"item\":\"https:\/\/lescreationsde.celineinmyworldmedium.com\/index.php\/boutique\/\"},{\"@type\":\"ListItem\",\"position\":3,\"name\":\"Bracelet pour aider \u00e0 d\u00e9passer les peurs et les crises et \u00e0 d\u00e9velopper la confiance, en Tanzanite et Am\u00e9thyste \u00e0 inclusions de Goethite, avec Arbre de vie e\"}]},{\"@type\":\"WebSite\",\"@id\":\"https:\/\/lescreationsde.celineinmyworldmedium.com\/#website\",\"url\":\"https:\/\/lescreationsde.celineinmyworldmedium.com\/\",\"name\":\"Les cr\u00e9ations de C\u00e9line Inmyworld\",\"description\":\"Cr\u00e9ation de bijoux personnalis\u00e9s, sur-mesure, en pierres semi-pr\u00e9cieuses de qualit\u00e9. Bracelets, boucles d&#039;oreilles, colliers, sautoirs, malas, cha\u00eenes de cheville, bagues...\u2764\",\"publisher\":{\"@id\":\"https:\/\/lescreationsde.celineinmyworldmedium.com\/#organization\"},\"potentialAction\":[{\"@type\":\"SearchAction\",\"target\":{\"@type\":\"EntryPoint\",\"urlTemplate\":\"https:\/\/lescreationsde.celineinmyworldmedium.com\/?s={search_term_string}\"},\"query-input\":{\"@type\":\"PropertyValueSpecification\",\"valueRequired\":true,\"valueName\":\"search_term_string\"}}],\"inLanguage\":\"fr-FR\"},{\"@type\":\"Organization\",\"@id\":\"https:\/\/lescreationsde.celineinmyworldmedium.com\/#organization\",\"name\":\"Les cr\u00e9ations de C\u00e9line Inmyworld\",\"url\":\"https:\/\/lescreationsde.celineinmyworldmedium.com\/\",\"logo\":{\"@type\":\"ImageObject\",\"inLanguage\":\"fr-FR\",\"@id\":\"https:\/\/lescreationsde.celineinmyworldmedium.com\/#\/schema\/logo\/image\/\",\"url\":\"https:\/\/lescreationsde.celineinmyworldmedium.com\/wp-content\/uploads\/2021\/03\/logo_creations3.png\",\"contentUrl\":\"https:\/\/lescreationsde.celineinmyworldmedium.com\/wp-content\/uploads\/2021\/03\/logo_creations3.png\",\"width\":613,\"height\":190,\"caption\":\"Les cr\u00e9ations de C\u00e9line Inmyworld\"},\"image\":{\"@id\":\"https:\/\/lescreationsde.celineinmyworldmedium.com\/#\/schema\/logo\/image\/\"}}]}<\/script>\n<!-- \/ Yoast SEO plugin. -->","yoast_head_json":{"title":"Bracelet pour aider \u00e0 d\u00e9passer les peurs et les crises, etc... en Tanzanite","description":"Pierre vibratoirement tr\u00e8s \u00e9lev\u00e9e et de haute spiritualit\u00e9. Aide \u00e0 se lib\u00e9rer de la confusion mentale, des peurs, des angoisses, des doutes.","robots":{"index":"index","follow":"follow","max-snippet":"max-snippet:-1","max-image-preview":"max-image-preview:large","max-video-preview":"max-video-preview:-1"},"canonical":"https:\/\/lescreationsde.celineinmyworldmedium.com\/index.php\/produit\/bracelet-pour-aider-a-depasser-les-peurs-et-les-crises-et-a-developper-la-confiance-en-tanzanite-et-amethyste-a-inclusions-de-goethite-avec-arbre-de-vie-e\/","og_locale":"fr_FR","og_type":"article","og_title":"Bracelet pour aider \u00e0 d\u00e9passer les peurs et les crises, etc... en Tanzanite","og_description":"Pierre vibratoirement tr\u00e8s \u00e9lev\u00e9e et de haute spiritualit\u00e9. Aide \u00e0 se lib\u00e9rer de la confusion mentale, des peurs, des angoisses, des doutes.","og_url":"https:\/\/lescreationsde.celineinmyworldmedium.com\/index.php\/produit\/bracelet-pour-aider-a-depasser-les-peurs-et-les-crises-et-a-developper-la-confiance-en-tanzanite-et-amethyste-a-inclusions-de-goethite-avec-arbre-de-vie-e\/","og_site_name":"Les cr\u00e9ations de C\u00e9line Inmyworld","article_modified_time":"2024-03-10T22:54:27+00:00","og_image":[{"width":2048,"height":2048,"url":"https:\/\/lescreationsde.celineinmyworldmedium.com\/wp-content\/uploads\/2021\/07\/bracelet_pour_aider_a_depasser_les_peurs_et_les_crises_et_a_developper_la_confiance_en_Tanzanite-_etc.jpg","type":"image\/jpeg"}],"twitter_card":"summary_large_image","twitter_misc":{"Dur\u00e9e de lecture estim\u00e9e":"2 minutes"},"schema":{"@context":"https:\/\/schema.org","@graph":[{"@type":"WebPage","@id":"https:\/\/lescreationsde.celineinmyworldmedium.com\/index.php\/produit\/bracelet-pour-aider-a-depasser-les-peurs-et-les-crises-et-a-developper-la-confiance-en-tanzanite-et-amethyste-a-inclusions-de-goethite-avec-arbre-de-vie-e\/","url":"https:\/\/lescreationsde.celineinmyworldmedium.com\/index.php\/produit\/bracelet-pour-aider-a-depasser-les-peurs-et-les-crises-et-a-developper-la-confiance-en-tanzanite-et-amethyste-a-inclusions-de-goethite-avec-arbre-de-vie-e\/","name":"Bracelet pour aider \u00e0 d\u00e9passer les peurs et les crises, etc... en Tanzanite","isPartOf":{"@id":"https:\/\/lescreationsde.celineinmyworldmedium.com\/#website"},"primaryImageOfPage":{"@id":"https:\/\/lescreationsde.celineinmyworldmedium.com\/index.php\/produit\/bracelet-pour-aider-a-depasser-les-peurs-et-les-crises-et-a-developper-la-confiance-en-tanzanite-et-amethyste-a-inclusions-de-goethite-avec-arbre-de-vie-e\/#primaryimage"},"image":{"@id":"https:\/\/lescreationsde.celineinmyworldmedium.com\/index.php\/produit\/bracelet-pour-aider-a-depasser-les-peurs-et-les-crises-et-a-developper-la-confiance-en-tanzanite-et-amethyste-a-inclusions-de-goethite-avec-arbre-de-vie-e\/#primaryimage"},"thumbnailUrl":"https:\/\/lescreationsde.celineinmyworldmedium.com\/wp-content\/uploads\/2021\/07\/bracelet_pour_aider_a_depasser_les_peurs_et_les_crises_et_a_developper_la_confiance_en_Tanzanite-_etc.jpg","datePublished":"2021-07-06T13:59:58+00:00","dateModified":"2024-03-10T22:54:27+00:00","description":"Pierre vibratoirement tr\u00e8s \u00e9lev\u00e9e et de haute spiritualit\u00e9. Aide \u00e0 se lib\u00e9rer de la confusion mentale, des peurs, des angoisses, des doutes.","breadcrumb":{"@id":"https:\/\/lescreationsde.celineinmyworldmedium.com\/index.php\/produit\/bracelet-pour-aider-a-depasser-les-peurs-et-les-crises-et-a-developper-la-confiance-en-tanzanite-et-amethyste-a-inclusions-de-goethite-avec-arbre-de-vie-e\/#breadcrumb"},"inLanguage":"fr-FR","potentialAction":[{"@type":"ReadAction","target":["https:\/\/lescreationsde.celineinmyworldmedium.com\/index.php\/produit\/bracelet-pour-aider-a-depasser-les-peurs-et-les-crises-et-a-developper-la-confiance-en-tanzanite-et-amethyste-a-inclusions-de-goethite-avec-arbre-de-vie-e\/"]}]},{"@type":"ImageObject","inLanguage":"fr-FR","@id":"https:\/\/lescreationsde.celineinmyworldmedium.com\/index.php\/produit\/bracelet-pour-aider-a-depasser-les-peurs-et-les-crises-et-a-developper-la-confiance-en-tanzanite-et-amethyste-a-inclusions-de-goethite-avec-arbre-de-vie-e\/#primaryimage","url":"https:\/\/lescreationsde.celineinmyworldmedium.com\/wp-content\/uploads\/2021\/07\/bracelet_pour_aider_a_depasser_les_peurs_et_les_crises_et_a_developper_la_confiance_en_Tanzanite-_etc.jpg","contentUrl":"https:\/\/lescreationsde.celineinmyworldmedium.com\/wp-content\/uploads\/2021\/07\/bracelet_pour_aider_a_depasser_les_peurs_et_les_crises_et_a_developper_la_confiance_en_Tanzanite-_etc.jpg","width":2048,"height":2048,"caption":"Bracelet pour aider \u00e0 d\u00e9passer les peurs et les crises et \u00e0 d\u00e9velopper la confiance, en Tanzanite et Am\u00e9thyste \u00e0 inclusions de Goethite, avec Arbre de vie"},{"@type":"BreadcrumbList","@id":"https:\/\/lescreationsde.celineinmyworldmedium.com\/index.php\/produit\/bracelet-pour-aider-a-depasser-les-peurs-et-les-crises-et-a-developper-la-confiance-en-tanzanite-et-amethyste-a-inclusions-de-goethite-avec-arbre-de-vie-e\/#breadcrumb","itemListElement":[{"@type":"ListItem","position":1,"name":"Accueil","item":"https:\/\/lescreationsde.celineinmyworldmedium.com\/"},{"@type":"ListItem","position":2,"name":"Produits","item":"https:\/\/lescreationsde.celineinmyworldmedium.com\/index.php\/boutique\/"},{"@type":"ListItem","position":3,"name":"Bracelet pour aider \u00e0 d\u00e9passer les peurs et les crises et \u00e0 d\u00e9velopper la confiance, en Tanzanite et Am\u00e9thyste \u00e0 inclusions de Goethite, avec Arbre de vie e"}]},{"@type":"WebSite","@id":"https:\/\/lescreationsde.celineinmyworldmedium.com\/#website","url":"https:\/\/lescreationsde.celineinmyworldmedium.com\/","name":"Les cr\u00e9ations de C\u00e9line Inmyworld","description":"Cr\u00e9ation de bijoux personnalis\u00e9s, sur-mesure, en pierres semi-pr\u00e9cieuses de qualit\u00e9. Bracelets, boucles d&#039;oreilles, colliers, sautoirs, malas, cha\u00eenes de cheville, bagues...\u2764","publisher":{"@id":"https:\/\/lescreationsde.celineinmyworldmedium.com\/#organization"},"potentialAction":[{"@type":"SearchAction","target":{"@type":"EntryPoint","urlTemplate":"https:\/\/lescreationsde.celineinmyworldmedium.com\/?s={search_term_string}"},"query-input":{"@type":"PropertyValueSpecification","valueRequired":true,"valueName":"search_term_string"}}],"inLanguage":"fr-FR"},{"@type":"Organization","@id":"https:\/\/lescreationsde.celineinmyworldmedium.com\/#organization","name":"Les cr\u00e9ations de C\u00e9line Inmyworld","url":"https:\/\/lescreationsde.celineinmyworldmedium.com\/","logo":{"@type":"ImageObject","inLanguage":"fr-FR","@id":"https:\/\/lescreationsde.celineinmyworldmedium.com\/#\/schema\/logo\/image\/","url":"https:\/\/lescreationsde.celineinmyworldmedium.com\/wp-content\/uploads\/2021\/03\/logo_creations3.png","contentUrl":"https:\/\/lescreationsde.celineinmyworldmedium.com\/wp-content\/uploads\/2021\/03\/logo_creations3.png","width":613,"height":190,"caption":"Les cr\u00e9ations de C\u00e9line Inmyworld"},"image":{"@id":"https:\/\/lescreationsde.celineinmyworldmedium.com\/#\/schema\/logo\/image\/"}}]}},"jetpack_sharing_enabled":true,"_links":{"self":[{"href":"https:\/\/lescreationsde.celineinmyworldmedium.com\/index.php\/wp-json\/wp\/v2\/product\/2291","targetHints":{"allow":["GET"]}}],"collection":[{"href":"https:\/\/lescreationsde.celineinmyworldmedium.com\/index.php\/wp-json\/wp\/v2\/product"}],"about":[{"href":"https:\/\/lescreationsde.celineinmyworldmedium.com\/index.php\/wp-json\/wp\/v2\/types\/product"}],"replies":[{"embeddable":true,"href":"https:\/\/lescreationsde.celineinmyworldmedium.com\/index.php\/wp-json\/wp\/v2\/comments?post=2291"}],"wp:featuredmedia":[{"embeddable":true,"href":"https:\/\/lescreationsde.celineinmyworldmedium.com\/index.php\/wp-json\/wp\/v2\/media\/2306"}],"wp:attachment":[{"href":"https:\/\/lescreationsde.celineinmyworldmedium.com\/index.php\/wp-json\/wp\/v2\/media?parent=2291"}],"wp:term":[{"taxonomy":"product_brand","embeddable":true,"href":"https:\/\/lescreationsde.celineinmyworldmedium.com\/index.php\/wp-json\/wp\/v2\/product_brand?post=2291"},{"taxonomy":"product_cat","embeddable":true,"href":"https:\/\/lescreationsde.celineinmyworldmedium.com\/index.php\/wp-json\/wp\/v2\/product_cat?post=2291"},{"taxonomy":"product_tag","embeddable":true,"href":"https:\/\/lescreationsde.celineinmyworldmedium.com\/index.php\/wp-json\/wp\/v2\/product_tag?post=2291"}],"curies":[{"name":"wp","href":"https:\/\/api.w.org\/{rel}","templated":true}]}}