{"id":2273,"date":"2022-07-28T21:30:44","date_gmt":"2022-07-28T19:30:44","guid":{"rendered":"https:\/\/lescreationsde.celineinmyworldmedium.com\/?post_type=product&#038;p=2273"},"modified":"2024-03-10T23:58:09","modified_gmt":"2024-03-10T22:58:09","slug":"bracelet-pour-la-serenite-interieure-le-calme-les-peurs-et-le-stress-en-aventurine-verte-bronzite-vulcanite-shungite-et-arbres-de-vie-en-hematite","status":"publish","type":"product","link":"https:\/\/lescreationsde.celineinmyworldmedium.com\/index.php\/produit\/bracelet-pour-la-serenite-interieure-le-calme-les-peurs-et-le-stress-en-aventurine-verte-bronzite-vulcanite-shungite-et-arbres-de-vie-en-hematite\/","title":{"rendered":"Bracelet pour la s\u00e9r\u00e9nit\u00e9 int\u00e9rieure, le calme, les peurs et le stress, en Aventurine verte, Bronzite, Vulcanite, Shungite et Arbres de vie en H\u00e9matite"},"content":{"rendered":"<h4><strong>1 &#8211; Les vertus de l\u2019aventurine verte :<\/strong><\/h4>\n<p>Domaine <strong>spirituel<\/strong>, celui de l\u2019\u00eatre humain avec ses intentions, ses buts ou ses pr\u00e9occupations existentielles :<\/p>\n<p><strong>Insouciance.<\/strong><\/p>\n<p>Domaine de <strong>l\u2019\u00e2me<\/strong> ou du subconscient, ainsi que les notions de temp\u00e9rament, de sentiments, de sensations, de r\u00eaves, de v\u00e9cu sur le plan animique, d\u2019habitudes et de r\u00e9actions inconscientes :<\/p>\n<p><strong>Aide en cas de nervosit\u00e9, de stress et de troubles du sommeil.<\/strong><\/p>\n<p>Domaine <strong>mental<\/strong> avec les id\u00e9es, la raison, les convictions, les consid\u00e9rations, ainsi que le mode de pens\u00e9e et d\u2019action consciente :<\/p>\n<p><strong>Permet de se d\u00e9barrasser des pens\u00e9es r\u00e9p\u00e9titives et des soucis.<\/strong><\/p>\n<p>Domaine <strong>physique<\/strong> ou corporel, l\u2019ensemble de l\u2019organisme avec les sens, les organes et les fonctions :<\/p>\n<p><strong>Pr\u00e9vention des infarctus, et de l\u2019art\u00e9rioscl\u00e9rose, att\u00e9nue les \u00e9ruptions, les inflammations, les coups de soleil et les coups de chaleur.<\/strong><\/p>\n<h4>2 &#8211; Les vertus de la bronzite :<\/h4>\n<p>Domaine <strong>spirituel<\/strong>, celui de l\u2019\u00eatre humain avec ses intentions, ses buts ou ses pr\u00e9occupations existentielles :<\/p>\n<p><strong>S\u00e9r\u00e9nit\u00e9 int\u00e9rieure.<\/strong><\/p>\n<p>Domaine de <strong>l\u2019\u00e2me<\/strong> ou du subconscient, ainsi que les notions de temp\u00e9rament, de sentiments, de sensations, de r\u00eaves, de v\u00e9cu sur le plan animique, d\u2019habitudes et de r\u00e9actions inconscientes :<\/p>\n<p><strong>Procure \u00e9lan et en m\u00eame temps du calme int\u00e9rieur ainsi qu\u2019une sensation de r\u00e9cup\u00e9ration en cas de grande fatigue.<\/strong><\/p>\n<p>Domaine <strong>mental<\/strong> avec les id\u00e9es, la raison, les convictions, les consid\u00e9rations, ainsi que le mode de pens\u00e9e et d\u2019action consciente :<\/p>\n<p><strong>Aide \u00e0 garder l\u2019esprit clair et la ma\u00eetrise de soi-m\u00eame en situation de stress permanent.<\/strong><\/p>\n<p>Domaine <strong>physique<\/strong> ou corporel, l\u2019ensemble de l\u2019organisme avec les sens, les organes et les fonctions :<\/p>\n<p><strong>Fortifie les nerfs, a un effet antispasmodique et analg\u00e9sique.<\/strong><\/p>\n<h4>3 &#8211; Les vertus de la shungite :<\/h4>\n<p>Domaine <strong>spirituel<\/strong>, celui de l\u2019\u00eatre humain avec ses intentions, ses buts ou ses pr\u00e9occupations existentielles :<\/p>\n<p><strong>R\u00e9alisation.<\/strong><\/p>\n<p>Domaine de <strong>l\u2019\u00e2me<\/strong> ou du subconscient, ainsi que les notions de temp\u00e9rament, de sentiments, de sensations, de r\u00eaves, de v\u00e9cu sur le plan animique, d\u2019habitudes et de r\u00e9actions inconscientes :<\/p>\n<p><strong>Aide \u00e0 surmonter la peur de la perte, de l\u2019isolement et des dommages mat\u00e9riels.<\/strong><\/p>\n<p>Domaine <strong>mental<\/strong> avec les id\u00e9es, la raison, les convictions, les consid\u00e9rations, ainsi que le mode de pens\u00e9e et d\u2019action consciente :<\/p>\n<p><strong>Permet de se lib\u00e9rer de vieilles habitudes et d\u2019id\u00e9es destructrices.<\/strong><\/p>\n<p>Domaine <strong>physique<\/strong> ou corporel, l\u2019ensemble de l\u2019organisme avec les sens, les organes et les fonctions :<\/p>\n<p><strong>Stimule la digestion, le m\u00e9tabolisme et l\u2019excr\u00e9tion, nettoie l\u2019intestin.<\/strong><\/p>\n<h4>4 &#8211; Les vertus de la vulcanite &#8211; que sera (1) :<\/h4>\n<p>Domaine <strong>spirituel<\/strong>, celui de l\u2019\u00eatre humain avec ses intentions, ses buts ou ses pr\u00e9occupations existentielles :<\/p>\n<p><strong>Calme, s\u00e9r\u00e9nit\u00e9.<\/strong><\/p>\n<p>Domaine de <strong>l\u2019\u00e2me<\/strong> ou du subconscient, ainsi que les notions de temp\u00e9rament, de sentiments, de sensations, de r\u00eaves, de v\u00e9cu sur le plan animique, d\u2019habitudes et de r\u00e9actions inconscientes :<\/p>\n<p><strong>Am\u00e9liore la clairaudience, les capacit\u00e9s psychiques, la t\u00e9l\u00e9pathie, l\u2019intuition, l\u2019auto-r\u00e9flexion, l\u2019expression de soi et la connaissance de soi.<\/strong><\/p>\n<p>Domaine <strong>mental<\/strong> avec les id\u00e9es, la raison, les convictions, les consid\u00e9rations, ainsi que le mode de pens\u00e9e et d\u2019action consciente :<\/p>\n<p><strong>Apaise les nerfs, calme l\u2019anxi\u00e9t\u00e9 et favorise le sommeil reposant.<\/strong><\/p>\n<p>Domaine <strong>physique<\/strong> ou corporel, l\u2019ensemble de l\u2019organisme avec les sens, les organes et les fonctions :<\/p>\n<p><strong>Dissipe la fatigue surr\u00e9nale.<\/strong><\/p>\n<h4>5 &#8211; Les vertus de l\u2019h\u00e9matite :<\/h4>\n<p>Domaine <strong>spirituel<\/strong>, celui de l\u2019\u00eatre humain avec ses intentions, ses buts ou ses pr\u00e9occupations existentielles :<\/p>\n<p><strong>Am\u00e9lioration.<\/strong><\/p>\n<p>Domaine de <strong>l\u2019\u00e2me<\/strong> ou du subconscient, ainsi que les notions de temp\u00e9rament, de sentiments, de sensations, de r\u00eaves, de v\u00e9cu sur le plan animique, d\u2019habitudes et de r\u00e9actions inconscientes :<\/p>\n<p><strong>Renforce la volont\u00e9 et met en lumi\u00e8re les d\u00e9sirs inassouvis.<\/strong><\/p>\n<p>Domaine <strong>mental<\/strong> avec les id\u00e9es, la raison, les convictions, les consid\u00e9rations, ainsi que le mode de pens\u00e9e et d\u2019action consciente :<\/p>\n<p><strong>Attire l\u2019attention sur les besoins \u00e9l\u00e9mentaires et le bien-\u00eatre du corps.<\/strong><\/p>\n<p>Domaine <strong>physique<\/strong> ou corporel, l\u2019ensemble de l\u2019organisme avec les sens, les organes et les fonctions :<\/p>\n<p><strong>Favorise l\u2019assimilation du fer et l\u2019h\u00e9matopo\u00ef\u00e8se, fortifie l\u2019intestin gr\u00eale, le gros intestin et les reins.<\/strong><\/p>\n<p><em><strong>L\u2019arbre de vie :<\/strong><br \/>\nSymbole d\u2019amour et de protection.<br \/>\nPr\u00e9sent dans les traditions religieuses, il incarne une plante d\u2019immortalit\u00e9 plac\u00e9e au milieu du Paradis : l\u2019arbre perd son feuillage l\u2019hiver et le retrouve au printemps. L\u2019arbre de vie est donc le symbole du cycle mort-r\u00e9surrection o\u00f9 la vie et l\u2019immortalit\u00e9 l\u2019emportent toujours sur la mort.<br \/>\nAvec ses racines fermement plant\u00e9es sous terre et ses branches dirig\u00e9es vers le ciel, il symbolise le lien entre le monde terrestre et l\u2019au del\u00e0. Faisant r\u00e9f\u00e9rence \u00e0 un sentiment d\u2019ancrage, il \u00e9voque la force de la vie et ses origines.<\/em><\/p>\n","protected":false},"excerpt":{"rendered":"<table>\n<tbody>\n<tr>\n<td style=\"texte-align: left; color: gray; border: none;\"><strong>Hors frais d&rsquo;exp\u00e9dition<\/strong><\/td>\n<\/tr>\n<tr>\n<td style=\"texte-align: left; color: gray; border: none;\"><strong>Bijoux confectionn\u00e9s sur-mesure, sur commande<br \/>Les couleurs et motifs des pierres varient d&rsquo;un bijou \u00e0 un autre<br \/>D\u00e9lai de confection environ 30 jours<\/strong><\/td>\n<\/tr>\n<tr>\n<td style=\"texte-align: left; color: blue; border: none;\"><a style=\"color: #a15fe2;\" href=\"https:\/\/lescreationsde.celineinmyworldmedium.com\/index.php\/mesurer-son-tour-de-poignet-pour-bracelets\/\" target=\"_blank\" rel=\"noopener\"><strong>Comment mesurer son tour de poignet<\/strong><\/a><\/td>\n<\/tr>\n<\/tbody>\n<\/table>\n","protected":false},"featured_media":5465,"comment_status":"open","ping_status":"closed","template":"","meta":[],"product_brand":[],"product_cat":[31,533,601,617,453,619],"product_tag":[152,106,237,42,44,38,47,43,41,40,39,23,25,36,34,1449,26,37,35,46,16,24,45,17,33,105,32,27,22,28,427,1035],"class_list":{"0":"post-2273","1":"product","2":"type-product","3":"status-publish","4":"has-post-thumbnail","6":"product_cat-bracelets","7":"product_cat-aventurine-pierres","8":"product_cat-bronzite-pierres","9":"product_cat-hematite-pierres","10":"product_cat-shungite-pierres","11":"product_cat-vulcanite-pierres","12":"product_tag-amour","13":"product_tag-argent","14":"product_tag-aventurine-verte","15":"product_tag-bijou","16":"product_tag-bijou-energetique","17":"product_tag-bijoux","18":"product_tag-bijoux-anti-allergies","19":"product_tag-bijoux-energetiques","20":"product_tag-bijoux-fait-main","21":"product_tag-bijoux-personnalises","22":"product_tag-bijoux-sur-mesure","23":"product_tag-boucles-doreilles","24":"product_tag-bracelet","25":"product_tag-bracelet-femme","26":"product_tag-bracelet-homme","27":"product_tag-bracelet-pour-la-serenite-interieure-le-calme-les-peurs-et-le-stress","28":"product_tag-bracelets","29":"product_tag-bracelets-femme","30":"product_tag-bracelets-homme","31":"product_tag-bronzite","32":"product_tag-collier","33":"product_tag-collier-femme","34":"product_tag-collier-personnalise","35":"product_tag-colliers","36":"product_tag-energetique","37":"product_tag-hematite","38":"product_tag-lithotherapie","39":"product_tag-pierre","40":"product_tag-pierre-semi-precieuse","41":"product_tag-pierres-naturelles","42":"product_tag-shungite","43":"product_tag-vulcanite-que-sera-1","45":"first","46":"instock","47":"shipping-taxable","48":"purchasable","49":"product-type-variable"},"yoast_head":"<!-- This site is optimized with the Yoast SEO plugin v27.2 - https:\/\/yoast.com\/product\/yoast-seo-wordpress\/ -->\n<title>Bracelet pour la s\u00e9r\u00e9nit\u00e9 int\u00e9rieure, le calme, les peurs et le stress,.<\/title>\n<meta name=\"description\" content=\"Am\u00e9liore la clairaudience, les capacit\u00e9s psychiques, la t\u00e9l\u00e9pathie, l\u2019intuition, l\u2019auto-r\u00e9flexion, l\u2019expression de soi et la connaissance de soi.\" \/>\n<meta name=\"robots\" content=\"index, follow, max-snippet:-1, max-image-preview:large, max-video-preview:-1\" \/>\n<link rel=\"canonical\" href=\"https:\/\/lescreationsde.celineinmyworldmedium.com\/index.php\/produit\/bracelet-pour-la-serenite-interieure-le-calme-les-peurs-et-le-stress-en-aventurine-verte-bronzite-vulcanite-shungite-et-arbres-de-vie-en-hematite\/\" \/>\n<meta property=\"og:locale\" content=\"fr_FR\" \/>\n<meta property=\"og:type\" content=\"article\" \/>\n<meta property=\"og:title\" content=\"Bracelet pour la s\u00e9r\u00e9nit\u00e9 int\u00e9rieure, le calme, les peurs et le stress,.\" \/>\n<meta property=\"og:description\" content=\"Am\u00e9liore la clairaudience, les capacit\u00e9s psychiques, la t\u00e9l\u00e9pathie, l\u2019intuition, l\u2019auto-r\u00e9flexion, l\u2019expression de soi et la connaissance de soi.\" \/>\n<meta property=\"og:url\" content=\"https:\/\/lescreationsde.celineinmyworldmedium.com\/index.php\/produit\/bracelet-pour-la-serenite-interieure-le-calme-les-peurs-et-le-stress-en-aventurine-verte-bronzite-vulcanite-shungite-et-arbres-de-vie-en-hematite\/\" \/>\n<meta property=\"og:site_name\" content=\"Les cr\u00e9ations de C\u00e9line Inmyworld\" \/>\n<meta property=\"article:modified_time\" content=\"2024-03-10T22:58:09+00:00\" \/>\n<meta property=\"og:image\" content=\"https:\/\/lescreationsde.celineinmyworldmedium.com\/wp-content\/uploads\/2022\/07\/Bracelet_pour_la_serenite_interieure_le_calme_les_peurs_et_le_stress_en_Aventurine_verte_Bronzite_Vulcanite_Shungite_et_Arbres_de_vie_en_Hematite.jpg\" \/>\n\t<meta property=\"og:image:width\" content=\"960\" \/>\n\t<meta property=\"og:image:height\" content=\"960\" \/>\n\t<meta property=\"og:image:type\" content=\"image\/jpeg\" \/>\n<meta name=\"twitter:card\" content=\"summary_large_image\" \/>\n<meta name=\"twitter:label1\" content=\"Dur\u00e9e de lecture estim\u00e9e\" \/>\n\t<meta name=\"twitter:data1\" content=\"4 minutes\" \/>\n<script type=\"application\/ld+json\" class=\"yoast-schema-graph\">{\"@context\":\"https:\/\/schema.org\",\"@graph\":[{\"@type\":\"WebPage\",\"@id\":\"https:\/\/lescreationsde.celineinmyworldmedium.com\/index.php\/produit\/bracelet-pour-la-serenite-interieure-le-calme-les-peurs-et-le-stress-en-aventurine-verte-bronzite-vulcanite-shungite-et-arbres-de-vie-en-hematite\/\",\"url\":\"https:\/\/lescreationsde.celineinmyworldmedium.com\/index.php\/produit\/bracelet-pour-la-serenite-interieure-le-calme-les-peurs-et-le-stress-en-aventurine-verte-bronzite-vulcanite-shungite-et-arbres-de-vie-en-hematite\/\",\"name\":\"Bracelet pour la s\u00e9r\u00e9nit\u00e9 int\u00e9rieure, le calme, les peurs et le stress,.\",\"isPartOf\":{\"@id\":\"https:\/\/lescreationsde.celineinmyworldmedium.com\/#website\"},\"primaryImageOfPage\":{\"@id\":\"https:\/\/lescreationsde.celineinmyworldmedium.com\/index.php\/produit\/bracelet-pour-la-serenite-interieure-le-calme-les-peurs-et-le-stress-en-aventurine-verte-bronzite-vulcanite-shungite-et-arbres-de-vie-en-hematite\/#primaryimage\"},\"image\":{\"@id\":\"https:\/\/lescreationsde.celineinmyworldmedium.com\/index.php\/produit\/bracelet-pour-la-serenite-interieure-le-calme-les-peurs-et-le-stress-en-aventurine-verte-bronzite-vulcanite-shungite-et-arbres-de-vie-en-hematite\/#primaryimage\"},\"thumbnailUrl\":\"https:\/\/lescreationsde.celineinmyworldmedium.com\/wp-content\/uploads\/2022\/07\/Bracelet_pour_la_serenite_interieure_le_calme_les_peurs_et_le_stress_en_Aventurine_verte_Bronzite_Vulcanite_Shungite_et_Arbres_de_vie_en_Hematite.jpg\",\"datePublished\":\"2022-07-28T19:30:44+00:00\",\"dateModified\":\"2024-03-10T22:58:09+00:00\",\"description\":\"Am\u00e9liore la clairaudience, les capacit\u00e9s psychiques, la t\u00e9l\u00e9pathie, l\u2019intuition, l\u2019auto-r\u00e9flexion, l\u2019expression de soi et la connaissance de soi.\",\"breadcrumb\":{\"@id\":\"https:\/\/lescreationsde.celineinmyworldmedium.com\/index.php\/produit\/bracelet-pour-la-serenite-interieure-le-calme-les-peurs-et-le-stress-en-aventurine-verte-bronzite-vulcanite-shungite-et-arbres-de-vie-en-hematite\/#breadcrumb\"},\"inLanguage\":\"fr-FR\",\"potentialAction\":[{\"@type\":\"ReadAction\",\"target\":[\"https:\/\/lescreationsde.celineinmyworldmedium.com\/index.php\/produit\/bracelet-pour-la-serenite-interieure-le-calme-les-peurs-et-le-stress-en-aventurine-verte-bronzite-vulcanite-shungite-et-arbres-de-vie-en-hematite\/\"]}]},{\"@type\":\"ImageObject\",\"inLanguage\":\"fr-FR\",\"@id\":\"https:\/\/lescreationsde.celineinmyworldmedium.com\/index.php\/produit\/bracelet-pour-la-serenite-interieure-le-calme-les-peurs-et-le-stress-en-aventurine-verte-bronzite-vulcanite-shungite-et-arbres-de-vie-en-hematite\/#primaryimage\",\"url\":\"https:\/\/lescreationsde.celineinmyworldmedium.com\/wp-content\/uploads\/2022\/07\/Bracelet_pour_la_serenite_interieure_le_calme_les_peurs_et_le_stress_en_Aventurine_verte_Bronzite_Vulcanite_Shungite_et_Arbres_de_vie_en_Hematite.jpg\",\"contentUrl\":\"https:\/\/lescreationsde.celineinmyworldmedium.com\/wp-content\/uploads\/2022\/07\/Bracelet_pour_la_serenite_interieure_le_calme_les_peurs_et_le_stress_en_Aventurine_verte_Bronzite_Vulcanite_Shungite_et_Arbres_de_vie_en_Hematite.jpg\",\"width\":960,\"height\":960,\"caption\":\"Bracelet pour la s\u00e9r\u00e9nit\u00e9 int\u00e9rieure, le calme, les peurs et le stress, en Aventurine verte, Bronzite, Vulcanite, Shungite et Arbres de vie en H\u00e9matite\"},{\"@type\":\"BreadcrumbList\",\"@id\":\"https:\/\/lescreationsde.celineinmyworldmedium.com\/index.php\/produit\/bracelet-pour-la-serenite-interieure-le-calme-les-peurs-et-le-stress-en-aventurine-verte-bronzite-vulcanite-shungite-et-arbres-de-vie-en-hematite\/#breadcrumb\",\"itemListElement\":[{\"@type\":\"ListItem\",\"position\":1,\"name\":\"Accueil\",\"item\":\"https:\/\/lescreationsde.celineinmyworldmedium.com\/\"},{\"@type\":\"ListItem\",\"position\":2,\"name\":\"Produits\",\"item\":\"https:\/\/lescreationsde.celineinmyworldmedium.com\/index.php\/boutique\/\"},{\"@type\":\"ListItem\",\"position\":3,\"name\":\"Bracelet pour la s\u00e9r\u00e9nit\u00e9 int\u00e9rieure, le calme, les peurs et le stress, en Aventurine verte, Bronzite, Vulcanite, Shungite et Arbres de vie en H\u00e9matite\"}]},{\"@type\":\"WebSite\",\"@id\":\"https:\/\/lescreationsde.celineinmyworldmedium.com\/#website\",\"url\":\"https:\/\/lescreationsde.celineinmyworldmedium.com\/\",\"name\":\"Les cr\u00e9ations de C\u00e9line Inmyworld\",\"description\":\"Cr\u00e9ation de bijoux personnalis\u00e9s, sur-mesure, en pierres semi-pr\u00e9cieuses de qualit\u00e9. Bracelets, boucles d&#039;oreilles, colliers, sautoirs, malas, cha\u00eenes de cheville, bagues...\u2764\",\"publisher\":{\"@id\":\"https:\/\/lescreationsde.celineinmyworldmedium.com\/#organization\"},\"potentialAction\":[{\"@type\":\"SearchAction\",\"target\":{\"@type\":\"EntryPoint\",\"urlTemplate\":\"https:\/\/lescreationsde.celineinmyworldmedium.com\/?s={search_term_string}\"},\"query-input\":{\"@type\":\"PropertyValueSpecification\",\"valueRequired\":true,\"valueName\":\"search_term_string\"}}],\"inLanguage\":\"fr-FR\"},{\"@type\":\"Organization\",\"@id\":\"https:\/\/lescreationsde.celineinmyworldmedium.com\/#organization\",\"name\":\"Les cr\u00e9ations de C\u00e9line Inmyworld\",\"url\":\"https:\/\/lescreationsde.celineinmyworldmedium.com\/\",\"logo\":{\"@type\":\"ImageObject\",\"inLanguage\":\"fr-FR\",\"@id\":\"https:\/\/lescreationsde.celineinmyworldmedium.com\/#\/schema\/logo\/image\/\",\"url\":\"https:\/\/lescreationsde.celineinmyworldmedium.com\/wp-content\/uploads\/2021\/03\/logo_creations3.png\",\"contentUrl\":\"https:\/\/lescreationsde.celineinmyworldmedium.com\/wp-content\/uploads\/2021\/03\/logo_creations3.png\",\"width\":613,\"height\":190,\"caption\":\"Les cr\u00e9ations de C\u00e9line Inmyworld\"},\"image\":{\"@id\":\"https:\/\/lescreationsde.celineinmyworldmedium.com\/#\/schema\/logo\/image\/\"}}]}<\/script>\n<!-- \/ Yoast SEO plugin. -->","yoast_head_json":{"title":"Bracelet pour la s\u00e9r\u00e9nit\u00e9 int\u00e9rieure, le calme, les peurs et le stress,.","description":"Am\u00e9liore la clairaudience, les capacit\u00e9s psychiques, la t\u00e9l\u00e9pathie, l\u2019intuition, l\u2019auto-r\u00e9flexion, l\u2019expression de soi et la connaissance de soi.","robots":{"index":"index","follow":"follow","max-snippet":"max-snippet:-1","max-image-preview":"max-image-preview:large","max-video-preview":"max-video-preview:-1"},"canonical":"https:\/\/lescreationsde.celineinmyworldmedium.com\/index.php\/produit\/bracelet-pour-la-serenite-interieure-le-calme-les-peurs-et-le-stress-en-aventurine-verte-bronzite-vulcanite-shungite-et-arbres-de-vie-en-hematite\/","og_locale":"fr_FR","og_type":"article","og_title":"Bracelet pour la s\u00e9r\u00e9nit\u00e9 int\u00e9rieure, le calme, les peurs et le stress,.","og_description":"Am\u00e9liore la clairaudience, les capacit\u00e9s psychiques, la t\u00e9l\u00e9pathie, l\u2019intuition, l\u2019auto-r\u00e9flexion, l\u2019expression de soi et la connaissance de soi.","og_url":"https:\/\/lescreationsde.celineinmyworldmedium.com\/index.php\/produit\/bracelet-pour-la-serenite-interieure-le-calme-les-peurs-et-le-stress-en-aventurine-verte-bronzite-vulcanite-shungite-et-arbres-de-vie-en-hematite\/","og_site_name":"Les cr\u00e9ations de C\u00e9line Inmyworld","article_modified_time":"2024-03-10T22:58:09+00:00","og_image":[{"width":960,"height":960,"url":"https:\/\/lescreationsde.celineinmyworldmedium.com\/wp-content\/uploads\/2022\/07\/Bracelet_pour_la_serenite_interieure_le_calme_les_peurs_et_le_stress_en_Aventurine_verte_Bronzite_Vulcanite_Shungite_et_Arbres_de_vie_en_Hematite.jpg","type":"image\/jpeg"}],"twitter_card":"summary_large_image","twitter_misc":{"Dur\u00e9e de lecture estim\u00e9e":"4 minutes"},"schema":{"@context":"https:\/\/schema.org","@graph":[{"@type":"WebPage","@id":"https:\/\/lescreationsde.celineinmyworldmedium.com\/index.php\/produit\/bracelet-pour-la-serenite-interieure-le-calme-les-peurs-et-le-stress-en-aventurine-verte-bronzite-vulcanite-shungite-et-arbres-de-vie-en-hematite\/","url":"https:\/\/lescreationsde.celineinmyworldmedium.com\/index.php\/produit\/bracelet-pour-la-serenite-interieure-le-calme-les-peurs-et-le-stress-en-aventurine-verte-bronzite-vulcanite-shungite-et-arbres-de-vie-en-hematite\/","name":"Bracelet pour la s\u00e9r\u00e9nit\u00e9 int\u00e9rieure, le calme, les peurs et le stress,.","isPartOf":{"@id":"https:\/\/lescreationsde.celineinmyworldmedium.com\/#website"},"primaryImageOfPage":{"@id":"https:\/\/lescreationsde.celineinmyworldmedium.com\/index.php\/produit\/bracelet-pour-la-serenite-interieure-le-calme-les-peurs-et-le-stress-en-aventurine-verte-bronzite-vulcanite-shungite-et-arbres-de-vie-en-hematite\/#primaryimage"},"image":{"@id":"https:\/\/lescreationsde.celineinmyworldmedium.com\/index.php\/produit\/bracelet-pour-la-serenite-interieure-le-calme-les-peurs-et-le-stress-en-aventurine-verte-bronzite-vulcanite-shungite-et-arbres-de-vie-en-hematite\/#primaryimage"},"thumbnailUrl":"https:\/\/lescreationsde.celineinmyworldmedium.com\/wp-content\/uploads\/2022\/07\/Bracelet_pour_la_serenite_interieure_le_calme_les_peurs_et_le_stress_en_Aventurine_verte_Bronzite_Vulcanite_Shungite_et_Arbres_de_vie_en_Hematite.jpg","datePublished":"2022-07-28T19:30:44+00:00","dateModified":"2024-03-10T22:58:09+00:00","description":"Am\u00e9liore la clairaudience, les capacit\u00e9s psychiques, la t\u00e9l\u00e9pathie, l\u2019intuition, l\u2019auto-r\u00e9flexion, l\u2019expression de soi et la connaissance de soi.","breadcrumb":{"@id":"https:\/\/lescreationsde.celineinmyworldmedium.com\/index.php\/produit\/bracelet-pour-la-serenite-interieure-le-calme-les-peurs-et-le-stress-en-aventurine-verte-bronzite-vulcanite-shungite-et-arbres-de-vie-en-hematite\/#breadcrumb"},"inLanguage":"fr-FR","potentialAction":[{"@type":"ReadAction","target":["https:\/\/lescreationsde.celineinmyworldmedium.com\/index.php\/produit\/bracelet-pour-la-serenite-interieure-le-calme-les-peurs-et-le-stress-en-aventurine-verte-bronzite-vulcanite-shungite-et-arbres-de-vie-en-hematite\/"]}]},{"@type":"ImageObject","inLanguage":"fr-FR","@id":"https:\/\/lescreationsde.celineinmyworldmedium.com\/index.php\/produit\/bracelet-pour-la-serenite-interieure-le-calme-les-peurs-et-le-stress-en-aventurine-verte-bronzite-vulcanite-shungite-et-arbres-de-vie-en-hematite\/#primaryimage","url":"https:\/\/lescreationsde.celineinmyworldmedium.com\/wp-content\/uploads\/2022\/07\/Bracelet_pour_la_serenite_interieure_le_calme_les_peurs_et_le_stress_en_Aventurine_verte_Bronzite_Vulcanite_Shungite_et_Arbres_de_vie_en_Hematite.jpg","contentUrl":"https:\/\/lescreationsde.celineinmyworldmedium.com\/wp-content\/uploads\/2022\/07\/Bracelet_pour_la_serenite_interieure_le_calme_les_peurs_et_le_stress_en_Aventurine_verte_Bronzite_Vulcanite_Shungite_et_Arbres_de_vie_en_Hematite.jpg","width":960,"height":960,"caption":"Bracelet pour la s\u00e9r\u00e9nit\u00e9 int\u00e9rieure, le calme, les peurs et le stress, en Aventurine verte, Bronzite, Vulcanite, Shungite et Arbres de vie en H\u00e9matite"},{"@type":"BreadcrumbList","@id":"https:\/\/lescreationsde.celineinmyworldmedium.com\/index.php\/produit\/bracelet-pour-la-serenite-interieure-le-calme-les-peurs-et-le-stress-en-aventurine-verte-bronzite-vulcanite-shungite-et-arbres-de-vie-en-hematite\/#breadcrumb","itemListElement":[{"@type":"ListItem","position":1,"name":"Accueil","item":"https:\/\/lescreationsde.celineinmyworldmedium.com\/"},{"@type":"ListItem","position":2,"name":"Produits","item":"https:\/\/lescreationsde.celineinmyworldmedium.com\/index.php\/boutique\/"},{"@type":"ListItem","position":3,"name":"Bracelet pour la s\u00e9r\u00e9nit\u00e9 int\u00e9rieure, le calme, les peurs et le stress, en Aventurine verte, Bronzite, Vulcanite, Shungite et Arbres de vie en H\u00e9matite"}]},{"@type":"WebSite","@id":"https:\/\/lescreationsde.celineinmyworldmedium.com\/#website","url":"https:\/\/lescreationsde.celineinmyworldmedium.com\/","name":"Les cr\u00e9ations de C\u00e9line Inmyworld","description":"Cr\u00e9ation de bijoux personnalis\u00e9s, sur-mesure, en pierres semi-pr\u00e9cieuses de qualit\u00e9. Bracelets, boucles d&#039;oreilles, colliers, sautoirs, malas, cha\u00eenes de cheville, bagues...\u2764","publisher":{"@id":"https:\/\/lescreationsde.celineinmyworldmedium.com\/#organization"},"potentialAction":[{"@type":"SearchAction","target":{"@type":"EntryPoint","urlTemplate":"https:\/\/lescreationsde.celineinmyworldmedium.com\/?s={search_term_string}"},"query-input":{"@type":"PropertyValueSpecification","valueRequired":true,"valueName":"search_term_string"}}],"inLanguage":"fr-FR"},{"@type":"Organization","@id":"https:\/\/lescreationsde.celineinmyworldmedium.com\/#organization","name":"Les cr\u00e9ations de C\u00e9line Inmyworld","url":"https:\/\/lescreationsde.celineinmyworldmedium.com\/","logo":{"@type":"ImageObject","inLanguage":"fr-FR","@id":"https:\/\/lescreationsde.celineinmyworldmedium.com\/#\/schema\/logo\/image\/","url":"https:\/\/lescreationsde.celineinmyworldmedium.com\/wp-content\/uploads\/2021\/03\/logo_creations3.png","contentUrl":"https:\/\/lescreationsde.celineinmyworldmedium.com\/wp-content\/uploads\/2021\/03\/logo_creations3.png","width":613,"height":190,"caption":"Les cr\u00e9ations de C\u00e9line Inmyworld"},"image":{"@id":"https:\/\/lescreationsde.celineinmyworldmedium.com\/#\/schema\/logo\/image\/"}}]}},"jetpack_sharing_enabled":true,"_links":{"self":[{"href":"https:\/\/lescreationsde.celineinmyworldmedium.com\/index.php\/wp-json\/wp\/v2\/product\/2273","targetHints":{"allow":["GET"]}}],"collection":[{"href":"https:\/\/lescreationsde.celineinmyworldmedium.com\/index.php\/wp-json\/wp\/v2\/product"}],"about":[{"href":"https:\/\/lescreationsde.celineinmyworldmedium.com\/index.php\/wp-json\/wp\/v2\/types\/product"}],"replies":[{"embeddable":true,"href":"https:\/\/lescreationsde.celineinmyworldmedium.com\/index.php\/wp-json\/wp\/v2\/comments?post=2273"}],"wp:featuredmedia":[{"embeddable":true,"href":"https:\/\/lescreationsde.celineinmyworldmedium.com\/index.php\/wp-json\/wp\/v2\/media\/5465"}],"wp:attachment":[{"href":"https:\/\/lescreationsde.celineinmyworldmedium.com\/index.php\/wp-json\/wp\/v2\/media?parent=2273"}],"wp:term":[{"taxonomy":"product_brand","embeddable":true,"href":"https:\/\/lescreationsde.celineinmyworldmedium.com\/index.php\/wp-json\/wp\/v2\/product_brand?post=2273"},{"taxonomy":"product_cat","embeddable":true,"href":"https:\/\/lescreationsde.celineinmyworldmedium.com\/index.php\/wp-json\/wp\/v2\/product_cat?post=2273"},{"taxonomy":"product_tag","embeddable":true,"href":"https:\/\/lescreationsde.celineinmyworldmedium.com\/index.php\/wp-json\/wp\/v2\/product_tag?post=2273"}],"curies":[{"name":"wp","href":"https:\/\/api.w.org\/{rel}","templated":true}]}}