{"id":2263,"date":"2021-06-28T19:54:51","date_gmt":"2021-06-28T17:54:51","guid":{"rendered":"https:\/\/lescreationsde.celineinmyworldmedium.com\/?post_type=product&#038;p=2263"},"modified":"2024-02-26T18:46:31","modified_gmt":"2024-02-26T17:46:31","slug":"fleur-de-vie-6-pour-purification-des-pierres","status":"publish","type":"product","link":"https:\/\/lescreationsde.celineinmyworldmedium.com\/index.php\/produit\/fleur-de-vie-6-pour-purification-des-pierres\/","title":{"rendered":"Fleur de Vie 6 pour purification des pierres"},"content":{"rendered":"<p>La fleur de vie, par son onde de forme tr\u00e8s puissante et ancestrale, nettoie, purifie et recharge vos pierres de fa\u00e7on \u00e9nerg\u00e9tique.<br \/>\nLorsque vous ressentez qu&rsquo;il est temps de nettoyer ou recharger vos bijoux, il vous suffit de les d\u00e9poser sur votre fleur de vie le temps d&rsquo;une nuit. Vous pouvez \u00e9galement les d\u00e9poser lorsque vous ne les portez pas et les laisser entre chaque utilisation.<br \/>\nEn r\u00e8gle g\u00e9n\u00e9rale, selon les pierres, la purification se fait de maintes et maintes fa\u00e7ons&#8230; Cela est parfois tr\u00e8s contraignant et on s&rsquo;y perd&#8230; Il vous sera ainsi plus facile de purifier vos pierres. \u00c9vitant de ce fait, l\u2019utilisation de l\u2019eau, du Soleil, de la Lune ou toute autre m\u00e9thode contraignante.<\/p>\n<p><em>La fleur de vie est imprim\u00e9e sur feuille cartonn\u00e9e au format A5. Elle a \u00e9t\u00e9 plastifi\u00e9e, permettant l&rsquo;utilisation de celle-ci sur le long terme. Vous pouvez \u00e9galement magn\u00e9tiser vos aliments ou votre eau. Exemple : en y d\u00e9posant votre assiette, votre coupe de fruit, votre verre, votre carafe d&rsquo;eau&#8230;<\/em><\/p>\n","protected":false},"excerpt":{"rendered":"<table>\n<tbody>\n<tr>\n<td style=\"texte-align: left; color: gray; border: none;\"><strong>Hors frais d\u2019exp\u00e9dition<\/strong><\/td>\n<\/tr>\n<\/tbody>\n<\/table>\n","protected":false},"featured_media":2264,"comment_status":"open","ping_status":"closed","template":"","meta":[],"product_brand":[],"product_cat":[846],"product_tag":[844,42,38,23,842,25,16,834,840,835,837,838,62,845,836,839,843,841],"class_list":{"0":"post-2263","1":"product","2":"type-product","3":"status-publish","4":"has-post-thumbnail","6":"product_cat-purification-des-pierres","7":"product_tag-844","8":"product_tag-bijou","9":"product_tag-bijoux","10":"product_tag-boucles-doreilles","11":"product_tag-bovis","12":"product_tag-bracelet","13":"product_tag-collier","14":"product_tag-fleur-de-vie-1-pour-nettoyage","15":"product_tag-frequence","16":"product_tag-nettoyage","17":"product_tag-parure","18":"product_tag-pendule","19":"product_tag-pierres","20":"product_tag-purification","21":"product_tag-purifier","22":"product_tag-symbole","23":"product_tag-unites","24":"product_tag-vibration","26":"first","27":"instock","28":"shipping-taxable","29":"purchasable","30":"product-type-simple"},"yoast_head":"<!-- This site is optimized with the Yoast SEO plugin v27.2 - https:\/\/yoast.com\/product\/yoast-seo-wordpress\/ -->\n<title>La boutique de C\u00e9line- Fleur de Vie 6 pour purification des pierres<\/title>\n<meta name=\"description\" content=\"Cela devient impossible lorsque cette m\u00e9thode n&#039;est pas la m\u00eame d&#039;une pierre \u00e0 l&#039;autre et que celle-ci se trouvent sur le m\u00eame bijou.\" \/>\n<meta name=\"robots\" content=\"index, follow, max-snippet:-1, max-image-preview:large, max-video-preview:-1\" \/>\n<link rel=\"canonical\" href=\"https:\/\/lescreationsde.celineinmyworldmedium.com\/index.php\/produit\/fleur-de-vie-6-pour-purification-des-pierres\/\" \/>\n<meta property=\"og:locale\" content=\"fr_FR\" \/>\n<meta property=\"og:type\" content=\"article\" \/>\n<meta property=\"og:title\" content=\"La boutique de C\u00e9line- Fleur de Vie 6 pour purification des pierres\" \/>\n<meta property=\"og:description\" content=\"Cela devient impossible lorsque cette m\u00e9thode n&#039;est pas la m\u00eame d&#039;une pierre \u00e0 l&#039;autre et que celle-ci se trouvent sur le m\u00eame bijou.\" \/>\n<meta property=\"og:url\" content=\"https:\/\/lescreationsde.celineinmyworldmedium.com\/index.php\/produit\/fleur-de-vie-6-pour-purification-des-pierres\/\" \/>\n<meta property=\"og:site_name\" content=\"Les cr\u00e9ations de C\u00e9line Inmyworld\" \/>\n<meta property=\"article:modified_time\" content=\"2024-02-26T17:46:31+00:00\" \/>\n<meta property=\"og:image\" content=\"https:\/\/lescreationsde.celineinmyworldmedium.com\/wp-content\/uploads\/2021\/06\/Fleur_de_Vie_6.jpg\" \/>\n\t<meta property=\"og:image:width\" content=\"1293\" \/>\n\t<meta property=\"og:image:height\" content=\"1599\" \/>\n\t<meta property=\"og:image:type\" content=\"image\/jpeg\" \/>\n<meta name=\"twitter:card\" content=\"summary_large_image\" \/>\n<meta name=\"twitter:label1\" content=\"Dur\u00e9e de lecture estim\u00e9e\" \/>\n\t<meta name=\"twitter:data1\" content=\"1 minute\" \/>\n<script type=\"application\/ld+json\" class=\"yoast-schema-graph\">{\"@context\":\"https:\/\/schema.org\",\"@graph\":[{\"@type\":\"WebPage\",\"@id\":\"https:\/\/lescreationsde.celineinmyworldmedium.com\/index.php\/produit\/fleur-de-vie-6-pour-purification-des-pierres\/\",\"url\":\"https:\/\/lescreationsde.celineinmyworldmedium.com\/index.php\/produit\/fleur-de-vie-6-pour-purification-des-pierres\/\",\"name\":\"La boutique de C\u00e9line- Fleur de Vie 6 pour purification des pierres\",\"isPartOf\":{\"@id\":\"https:\/\/lescreationsde.celineinmyworldmedium.com\/#website\"},\"primaryImageOfPage\":{\"@id\":\"https:\/\/lescreationsde.celineinmyworldmedium.com\/index.php\/produit\/fleur-de-vie-6-pour-purification-des-pierres\/#primaryimage\"},\"image\":{\"@id\":\"https:\/\/lescreationsde.celineinmyworldmedium.com\/index.php\/produit\/fleur-de-vie-6-pour-purification-des-pierres\/#primaryimage\"},\"thumbnailUrl\":\"https:\/\/lescreationsde.celineinmyworldmedium.com\/wp-content\/uploads\/2021\/06\/Fleur_de_Vie_6.jpg\",\"datePublished\":\"2021-06-28T17:54:51+00:00\",\"dateModified\":\"2024-02-26T17:46:31+00:00\",\"description\":\"Cela devient impossible lorsque cette m\u00e9thode n'est pas la m\u00eame d'une pierre \u00e0 l'autre et que celle-ci se trouvent sur le m\u00eame bijou.\",\"breadcrumb\":{\"@id\":\"https:\/\/lescreationsde.celineinmyworldmedium.com\/index.php\/produit\/fleur-de-vie-6-pour-purification-des-pierres\/#breadcrumb\"},\"inLanguage\":\"fr-FR\",\"potentialAction\":[{\"@type\":\"ReadAction\",\"target\":[\"https:\/\/lescreationsde.celineinmyworldmedium.com\/index.php\/produit\/fleur-de-vie-6-pour-purification-des-pierres\/\"]}]},{\"@type\":\"ImageObject\",\"inLanguage\":\"fr-FR\",\"@id\":\"https:\/\/lescreationsde.celineinmyworldmedium.com\/index.php\/produit\/fleur-de-vie-6-pour-purification-des-pierres\/#primaryimage\",\"url\":\"https:\/\/lescreationsde.celineinmyworldmedium.com\/wp-content\/uploads\/2021\/06\/Fleur_de_Vie_6.jpg\",\"contentUrl\":\"https:\/\/lescreationsde.celineinmyworldmedium.com\/wp-content\/uploads\/2021\/06\/Fleur_de_Vie_6.jpg\",\"width\":1293,\"height\":1599,\"caption\":\"Fleur de Vie 6 pour purification des pierres\"},{\"@type\":\"BreadcrumbList\",\"@id\":\"https:\/\/lescreationsde.celineinmyworldmedium.com\/index.php\/produit\/fleur-de-vie-6-pour-purification-des-pierres\/#breadcrumb\",\"itemListElement\":[{\"@type\":\"ListItem\",\"position\":1,\"name\":\"Accueil\",\"item\":\"https:\/\/lescreationsde.celineinmyworldmedium.com\/\"},{\"@type\":\"ListItem\",\"position\":2,\"name\":\"Produits\",\"item\":\"https:\/\/lescreationsde.celineinmyworldmedium.com\/index.php\/boutique\/\"},{\"@type\":\"ListItem\",\"position\":3,\"name\":\"Fleur de Vie 6 pour purification des pierres\"}]},{\"@type\":\"WebSite\",\"@id\":\"https:\/\/lescreationsde.celineinmyworldmedium.com\/#website\",\"url\":\"https:\/\/lescreationsde.celineinmyworldmedium.com\/\",\"name\":\"Les cr\u00e9ations de C\u00e9line Inmyworld\",\"description\":\"Cr\u00e9ation de bijoux personnalis\u00e9s, sur-mesure, en pierres semi-pr\u00e9cieuses de qualit\u00e9. Bracelets, boucles d&#039;oreilles, colliers, sautoirs, malas, cha\u00eenes de cheville, bagues...\u2764\",\"publisher\":{\"@id\":\"https:\/\/lescreationsde.celineinmyworldmedium.com\/#organization\"},\"potentialAction\":[{\"@type\":\"SearchAction\",\"target\":{\"@type\":\"EntryPoint\",\"urlTemplate\":\"https:\/\/lescreationsde.celineinmyworldmedium.com\/?s={search_term_string}\"},\"query-input\":{\"@type\":\"PropertyValueSpecification\",\"valueRequired\":true,\"valueName\":\"search_term_string\"}}],\"inLanguage\":\"fr-FR\"},{\"@type\":\"Organization\",\"@id\":\"https:\/\/lescreationsde.celineinmyworldmedium.com\/#organization\",\"name\":\"Les cr\u00e9ations de C\u00e9line Inmyworld\",\"url\":\"https:\/\/lescreationsde.celineinmyworldmedium.com\/\",\"logo\":{\"@type\":\"ImageObject\",\"inLanguage\":\"fr-FR\",\"@id\":\"https:\/\/lescreationsde.celineinmyworldmedium.com\/#\/schema\/logo\/image\/\",\"url\":\"https:\/\/lescreationsde.celineinmyworldmedium.com\/wp-content\/uploads\/2021\/03\/logo_creations3.png\",\"contentUrl\":\"https:\/\/lescreationsde.celineinmyworldmedium.com\/wp-content\/uploads\/2021\/03\/logo_creations3.png\",\"width\":613,\"height\":190,\"caption\":\"Les cr\u00e9ations de C\u00e9line Inmyworld\"},\"image\":{\"@id\":\"https:\/\/lescreationsde.celineinmyworldmedium.com\/#\/schema\/logo\/image\/\"}}]}<\/script>\n<!-- \/ Yoast SEO plugin. -->","yoast_head_json":{"title":"La boutique de C\u00e9line- Fleur de Vie 6 pour purification des pierres","description":"Cela devient impossible lorsque cette m\u00e9thode n'est pas la m\u00eame d'une pierre \u00e0 l'autre et que celle-ci se trouvent sur le m\u00eame bijou.","robots":{"index":"index","follow":"follow","max-snippet":"max-snippet:-1","max-image-preview":"max-image-preview:large","max-video-preview":"max-video-preview:-1"},"canonical":"https:\/\/lescreationsde.celineinmyworldmedium.com\/index.php\/produit\/fleur-de-vie-6-pour-purification-des-pierres\/","og_locale":"fr_FR","og_type":"article","og_title":"La boutique de C\u00e9line- Fleur de Vie 6 pour purification des pierres","og_description":"Cela devient impossible lorsque cette m\u00e9thode n'est pas la m\u00eame d'une pierre \u00e0 l'autre et que celle-ci se trouvent sur le m\u00eame bijou.","og_url":"https:\/\/lescreationsde.celineinmyworldmedium.com\/index.php\/produit\/fleur-de-vie-6-pour-purification-des-pierres\/","og_site_name":"Les cr\u00e9ations de C\u00e9line Inmyworld","article_modified_time":"2024-02-26T17:46:31+00:00","og_image":[{"width":1293,"height":1599,"url":"https:\/\/lescreationsde.celineinmyworldmedium.com\/wp-content\/uploads\/2021\/06\/Fleur_de_Vie_6.jpg","type":"image\/jpeg"}],"twitter_card":"summary_large_image","twitter_misc":{"Dur\u00e9e de lecture estim\u00e9e":"1 minute"},"schema":{"@context":"https:\/\/schema.org","@graph":[{"@type":"WebPage","@id":"https:\/\/lescreationsde.celineinmyworldmedium.com\/index.php\/produit\/fleur-de-vie-6-pour-purification-des-pierres\/","url":"https:\/\/lescreationsde.celineinmyworldmedium.com\/index.php\/produit\/fleur-de-vie-6-pour-purification-des-pierres\/","name":"La boutique de C\u00e9line- Fleur de Vie 6 pour purification des pierres","isPartOf":{"@id":"https:\/\/lescreationsde.celineinmyworldmedium.com\/#website"},"primaryImageOfPage":{"@id":"https:\/\/lescreationsde.celineinmyworldmedium.com\/index.php\/produit\/fleur-de-vie-6-pour-purification-des-pierres\/#primaryimage"},"image":{"@id":"https:\/\/lescreationsde.celineinmyworldmedium.com\/index.php\/produit\/fleur-de-vie-6-pour-purification-des-pierres\/#primaryimage"},"thumbnailUrl":"https:\/\/lescreationsde.celineinmyworldmedium.com\/wp-content\/uploads\/2021\/06\/Fleur_de_Vie_6.jpg","datePublished":"2021-06-28T17:54:51+00:00","dateModified":"2024-02-26T17:46:31+00:00","description":"Cela devient impossible lorsque cette m\u00e9thode n'est pas la m\u00eame d'une pierre \u00e0 l'autre et que celle-ci se trouvent sur le m\u00eame bijou.","breadcrumb":{"@id":"https:\/\/lescreationsde.celineinmyworldmedium.com\/index.php\/produit\/fleur-de-vie-6-pour-purification-des-pierres\/#breadcrumb"},"inLanguage":"fr-FR","potentialAction":[{"@type":"ReadAction","target":["https:\/\/lescreationsde.celineinmyworldmedium.com\/index.php\/produit\/fleur-de-vie-6-pour-purification-des-pierres\/"]}]},{"@type":"ImageObject","inLanguage":"fr-FR","@id":"https:\/\/lescreationsde.celineinmyworldmedium.com\/index.php\/produit\/fleur-de-vie-6-pour-purification-des-pierres\/#primaryimage","url":"https:\/\/lescreationsde.celineinmyworldmedium.com\/wp-content\/uploads\/2021\/06\/Fleur_de_Vie_6.jpg","contentUrl":"https:\/\/lescreationsde.celineinmyworldmedium.com\/wp-content\/uploads\/2021\/06\/Fleur_de_Vie_6.jpg","width":1293,"height":1599,"caption":"Fleur de Vie 6 pour purification des pierres"},{"@type":"BreadcrumbList","@id":"https:\/\/lescreationsde.celineinmyworldmedium.com\/index.php\/produit\/fleur-de-vie-6-pour-purification-des-pierres\/#breadcrumb","itemListElement":[{"@type":"ListItem","position":1,"name":"Accueil","item":"https:\/\/lescreationsde.celineinmyworldmedium.com\/"},{"@type":"ListItem","position":2,"name":"Produits","item":"https:\/\/lescreationsde.celineinmyworldmedium.com\/index.php\/boutique\/"},{"@type":"ListItem","position":3,"name":"Fleur de Vie 6 pour purification des pierres"}]},{"@type":"WebSite","@id":"https:\/\/lescreationsde.celineinmyworldmedium.com\/#website","url":"https:\/\/lescreationsde.celineinmyworldmedium.com\/","name":"Les cr\u00e9ations de C\u00e9line Inmyworld","description":"Cr\u00e9ation de bijoux personnalis\u00e9s, sur-mesure, en pierres semi-pr\u00e9cieuses de qualit\u00e9. Bracelets, boucles d&#039;oreilles, colliers, sautoirs, malas, cha\u00eenes de cheville, bagues...\u2764","publisher":{"@id":"https:\/\/lescreationsde.celineinmyworldmedium.com\/#organization"},"potentialAction":[{"@type":"SearchAction","target":{"@type":"EntryPoint","urlTemplate":"https:\/\/lescreationsde.celineinmyworldmedium.com\/?s={search_term_string}"},"query-input":{"@type":"PropertyValueSpecification","valueRequired":true,"valueName":"search_term_string"}}],"inLanguage":"fr-FR"},{"@type":"Organization","@id":"https:\/\/lescreationsde.celineinmyworldmedium.com\/#organization","name":"Les cr\u00e9ations de C\u00e9line Inmyworld","url":"https:\/\/lescreationsde.celineinmyworldmedium.com\/","logo":{"@type":"ImageObject","inLanguage":"fr-FR","@id":"https:\/\/lescreationsde.celineinmyworldmedium.com\/#\/schema\/logo\/image\/","url":"https:\/\/lescreationsde.celineinmyworldmedium.com\/wp-content\/uploads\/2021\/03\/logo_creations3.png","contentUrl":"https:\/\/lescreationsde.celineinmyworldmedium.com\/wp-content\/uploads\/2021\/03\/logo_creations3.png","width":613,"height":190,"caption":"Les cr\u00e9ations de C\u00e9line Inmyworld"},"image":{"@id":"https:\/\/lescreationsde.celineinmyworldmedium.com\/#\/schema\/logo\/image\/"}}]}},"jetpack_sharing_enabled":true,"_links":{"self":[{"href":"https:\/\/lescreationsde.celineinmyworldmedium.com\/index.php\/wp-json\/wp\/v2\/product\/2263","targetHints":{"allow":["GET"]}}],"collection":[{"href":"https:\/\/lescreationsde.celineinmyworldmedium.com\/index.php\/wp-json\/wp\/v2\/product"}],"about":[{"href":"https:\/\/lescreationsde.celineinmyworldmedium.com\/index.php\/wp-json\/wp\/v2\/types\/product"}],"replies":[{"embeddable":true,"href":"https:\/\/lescreationsde.celineinmyworldmedium.com\/index.php\/wp-json\/wp\/v2\/comments?post=2263"}],"wp:featuredmedia":[{"embeddable":true,"href":"https:\/\/lescreationsde.celineinmyworldmedium.com\/index.php\/wp-json\/wp\/v2\/media\/2264"}],"wp:attachment":[{"href":"https:\/\/lescreationsde.celineinmyworldmedium.com\/index.php\/wp-json\/wp\/v2\/media?parent=2263"}],"wp:term":[{"taxonomy":"product_brand","embeddable":true,"href":"https:\/\/lescreationsde.celineinmyworldmedium.com\/index.php\/wp-json\/wp\/v2\/product_brand?post=2263"},{"taxonomy":"product_cat","embeddable":true,"href":"https:\/\/lescreationsde.celineinmyworldmedium.com\/index.php\/wp-json\/wp\/v2\/product_cat?post=2263"},{"taxonomy":"product_tag","embeddable":true,"href":"https:\/\/lescreationsde.celineinmyworldmedium.com\/index.php\/wp-json\/wp\/v2\/product_tag?post=2263"}],"curies":[{"name":"wp","href":"https:\/\/api.w.org\/{rel}","templated":true}]}}