{"id":2162,"date":"2021-06-12T11:32:14","date_gmt":"2021-06-12T09:32:14","guid":{"rendered":"https:\/\/lescreationsde.celineinmyworldmedium.com\/?post_type=product&#038;p=2162"},"modified":"2024-03-11T00:18:07","modified_gmt":"2024-03-10T23:18:07","slug":"boucles-doreilles-attrape-reves-en-turquoise-tourmaline-noire-et-amethyste","status":"publish","type":"product","link":"https:\/\/lescreationsde.celineinmyworldmedium.com\/index.php\/produit\/boucles-doreilles-attrape-reves-en-turquoise-tourmaline-noire-et-amethyste\/","title":{"rendered":"Boucles d&rsquo;oreilles Attrape-r\u00eaves en Turquoise, Tourmaline noire et Am\u00e9thyste"},"content":{"rendered":"<h4>1 &#8211; Les vertus de l\u2019am\u00e9thyste claire :<\/h4>\n<p>Domaine <strong>spirituel<\/strong>, celui de l\u2019\u00eatre humain avec ses intentions, ses buts ou ses pr\u00e9occupations existentielles :<br \/>\n<strong>Paix, spiritualit\u00e9, clarification, m\u00e9ditation.<\/strong><\/p>\n<p>Domaine de <strong>l\u2019\u00e2me<\/strong> ou du subconscient, ainsi que les notions de temp\u00e9rament, de sentiments, de sensations, de r\u00eaves, de v\u00e9cu sur le plan animique, d\u2019habitudes et de r\u00e9actions inconscientes :<\/p>\n<p><strong>Pour l\u2019intuition, pour faire de beaux r\u00eaves parfaitement clairs, am\u00e9liore le sommeil agit\u00e9.<\/strong><\/p>\n<p>Domaine <strong>mental<\/strong> avec les id\u00e9es, la raison, les convictions, les consid\u00e9rations, ainsi que le mode de pens\u00e9e et d\u2019action consciente :<\/p>\n<p><strong>Favorise la perception consciente, et l\u2019assimilation des exp\u00e9riences.<\/strong><\/p>\n<p>Domaine <strong>physique<\/strong> ou corporel, l\u2019ensemble de l\u2019organisme avec les sens, les organes et les fonctions :<\/p>\n<p><strong>Excellente contre les maux de t\u00eate, pour les poumons, la peau et les nerfs.<\/strong><\/p>\n<h4><strong>2 &#8211; Les vertus de la turquoise :<\/strong><\/h4>\n<p>Domaine <strong>spirituel<\/strong>, celui de l\u2019\u00eatre humain avec ses intentions, ses buts ou ses pr\u00e9occupations existentielles :<\/p>\n<p><strong>Destin.<\/strong><\/p>\n<p>Domaine de <strong>l\u2019\u00e2me<\/strong> ou du subconscient, ainsi que les notions de temp\u00e9rament, de sentiments, de sensations, de r\u00eaves, de v\u00e9cu sur le plan animique, d\u2019habitudes et de r\u00e9actions inconscientes :<\/p>\n<p><strong>\u00c9quilibrant, stimulant, prot\u00e8ge des influences ext\u00e9rieures.<\/strong><\/p>\n<p>Domaine <strong>mental<\/strong> avec les id\u00e9es, la raison, les convictions, les consid\u00e9rations, ainsi que le mode de pens\u00e9e et d\u2019action consciente :<\/p>\n<p><strong>Permet d\u2019identifier les causes du bonheur et du malheur et de les ma\u00eetriser.<\/strong><\/p>\n<p>Domaine <strong>physique<\/strong> ou corporel, l\u2019ensemble de l\u2019organisme avec les sens, les organes et les fonctions :<\/p>\n<p><strong>Aide en cas d\u2019\u00e9puisement, d\u2019hyperacidit\u00e9, de rhumatismes, de goutte, de troubles gastriques et de crampes.<\/strong><\/p>\n<h4>3 &#8211; Les vertus de la tourmaline noire :<\/h4>\n<p>Domaine <strong>spirituel<\/strong>, celui de l\u2019\u00eatre humain avec ses intentions, ses buts ou ses pr\u00e9occupations existentielles :<\/p>\n<p><strong>Neutralit\u00e9.<\/strong><\/p>\n<p>Domaine de <strong>l\u2019\u00e2me<\/strong> ou du subconscient, ainsi que les notions de temp\u00e9rament, de sentiments, de sensations, de r\u00eaves, de v\u00e9cu sur le plan animique, d\u2019habitudes et de r\u00e9actions inconscientes :<\/p>\n<p><strong>Favorise la s\u00e9r\u00e9nit\u00e9, att\u00e9nue le stress, prot\u00e8ge des influences ext\u00e9rieures, am\u00e9liore le sommeil.<\/strong><\/p>\n<p>Domaine <strong>mental<\/strong> avec les id\u00e9es, la raison, les convictions, les consid\u00e9rations, ainsi que le mode de pens\u00e9e et d\u2019action consciente :<\/p>\n<p><strong>Rend sobre, clair, logique et rationnel.<\/strong><\/p>\n<p>Domaine <strong>physique<\/strong> ou corporel, l\u2019ensemble de l\u2019organisme avec les sens, les organes et les fonctions :<\/p>\n<p><strong>Aide en cas d\u2019exposition aux rayonnements, de douleurs, de tensions et de sensations d\u2019engourdissement, \u00e9limine les blocages \u00e9nerg\u00e9tiques dus aux cicatrices.<\/strong><\/p>\n<p><em>(Fabriqu\u00e9es sur crochets argent\u00e9s. Possibilit\u00e9 de les confectionner sur crochets en plastique semi-rigide antiallerg\u00e8ne.)<\/em><\/p>\n","protected":false},"excerpt":{"rendered":"<table>\n<tbody>\n<tr>\n<td style=\"texte-align: left; color: gray; border: none;\"><strong>Hors frais d\u2019exp\u00e9dition<\/strong><\/td>\n<\/tr>\n<tr>\n<td style=\"texte-align: left; color: gray; border: none;\"><strong>Bijoux confectionn\u00e9s sur-mesure, sur commande<br \/>Les couleurs et motifs des pierres varient d&rsquo;un bijou \u00e0 un autre<br \/>D\u00e9lai de confection environ 30 jours<\/strong><\/td>\n<\/tr>\n<tr>\n<td style=\"texte-align: left; color: green; border: none;\"><a href=\"https:\/\/lescreationsde.celineinmyworldmedium.com\/index.php\/categorie-produit\/catalogue\/accessoires\/crochets-boucles-doreilles\/\" target=\"_blank\" rel=\"noopener\"><strong>Voir les diff\u00e9rents crochets<\/strong><\/a><\/td>\n<\/tr>\n<\/tbody>\n<\/table>\n","protected":false},"featured_media":2164,"comment_status":"open","ping_status":"closed","template":"","meta":[],"product_brand":[],"product_cat":[48,67,540,472],"product_tag":[163,152,106,42,44,38,47,43,41,40,39,23,809,25,36,34,26,37,35,16,24,45,17,33,32,27,89,22,28,439,442],"class_list":{"0":"post-2162","1":"product","2":"type-product","3":"status-publish","4":"has-post-thumbnail","6":"product_cat-boucles-doreilles","7":"product_cat-amethyste-pierres","8":"product_cat-tourmaline-pierres","9":"product_cat-turquoise-pierres","10":"product_tag-amethyste-claire","11":"product_tag-amour","12":"product_tag-argent","13":"product_tag-bijou","14":"product_tag-bijou-energetique","15":"product_tag-bijoux","16":"product_tag-bijoux-anti-allergies","17":"product_tag-bijoux-energetiques","18":"product_tag-bijoux-fait-main","19":"product_tag-bijoux-personnalises","20":"product_tag-bijoux-sur-mesure","21":"product_tag-boucles-doreilles","22":"product_tag-boucles-doreilles-attrape-reves","23":"product_tag-bracelet","24":"product_tag-bracelet-femme","25":"product_tag-bracelet-homme","26":"product_tag-bracelets","27":"product_tag-bracelets-femme","28":"product_tag-bracelets-homme","29":"product_tag-collier","30":"product_tag-collier-femme","31":"product_tag-collier-personnalise","32":"product_tag-colliers","33":"product_tag-energetique","34":"product_tag-lithotherapie","35":"product_tag-pierre","36":"product_tag-pierre-naturelle","37":"product_tag-pierre-semi-precieuse","38":"product_tag-pierres-naturelles","39":"product_tag-tourmaline-noire","40":"product_tag-turquoise","42":"first","43":"instock","44":"shipping-taxable","45":"purchasable","46":"product-type-variable"},"yoast_head":"<!-- This site is optimized with the Yoast SEO plugin v27.2 - https:\/\/yoast.com\/product\/yoast-seo-wordpress\/ -->\n<title>Boucles d&#039;oreilles Attrape-r\u00eaves en Turquoise, Tourmaline noire,...<\/title>\n<meta name=\"description\" content=\"Favorise la s\u00e9r\u00e9nit\u00e9, att\u00e9nue le stress, prot\u00e8ge des influences ext\u00e9rieures, am\u00e9liore le sommeil. Rend sobre, clair, logique et rationnel.\" \/>\n<meta name=\"robots\" content=\"index, follow, max-snippet:-1, max-image-preview:large, max-video-preview:-1\" \/>\n<link rel=\"canonical\" href=\"https:\/\/lescreationsde.celineinmyworldmedium.com\/index.php\/produit\/boucles-doreilles-attrape-reves-en-turquoise-tourmaline-noire-et-amethyste\/\" \/>\n<meta property=\"og:locale\" content=\"fr_FR\" \/>\n<meta property=\"og:type\" content=\"article\" \/>\n<meta property=\"og:title\" content=\"Boucles d&#039;oreilles Attrape-r\u00eaves en Turquoise, Tourmaline noire,...\" \/>\n<meta property=\"og:description\" content=\"Favorise la s\u00e9r\u00e9nit\u00e9, att\u00e9nue le stress, prot\u00e8ge des influences ext\u00e9rieures, am\u00e9liore le sommeil. Rend sobre, clair, logique et rationnel.\" \/>\n<meta property=\"og:url\" content=\"https:\/\/lescreationsde.celineinmyworldmedium.com\/index.php\/produit\/boucles-doreilles-attrape-reves-en-turquoise-tourmaline-noire-et-amethyste\/\" \/>\n<meta property=\"og:site_name\" content=\"Les cr\u00e9ations de C\u00e9line Inmyworld\" \/>\n<meta property=\"article:modified_time\" content=\"2024-03-10T23:18:07+00:00\" \/>\n<meta property=\"og:image\" content=\"https:\/\/lescreationsde.celineinmyworldmedium.com\/wp-content\/uploads\/2021\/06\/Boucles_d-oreilles-Attrape-reves_en_Turquoise_Tourmaline_noire_et_Amethyste.jpg\" \/>\n\t<meta property=\"og:image:width\" content=\"1080\" \/>\n\t<meta property=\"og:image:height\" content=\"1198\" \/>\n\t<meta property=\"og:image:type\" content=\"image\/jpeg\" \/>\n<meta name=\"twitter:card\" content=\"summary_large_image\" \/>\n<meta name=\"twitter:label1\" content=\"Dur\u00e9e de lecture estim\u00e9e\" \/>\n\t<meta name=\"twitter:data1\" content=\"2 minutes\" \/>\n<script type=\"application\/ld+json\" class=\"yoast-schema-graph\">{\"@context\":\"https:\/\/schema.org\",\"@graph\":[{\"@type\":\"WebPage\",\"@id\":\"https:\/\/lescreationsde.celineinmyworldmedium.com\/index.php\/produit\/boucles-doreilles-attrape-reves-en-turquoise-tourmaline-noire-et-amethyste\/\",\"url\":\"https:\/\/lescreationsde.celineinmyworldmedium.com\/index.php\/produit\/boucles-doreilles-attrape-reves-en-turquoise-tourmaline-noire-et-amethyste\/\",\"name\":\"Boucles d'oreilles Attrape-r\u00eaves en Turquoise, Tourmaline noire,...\",\"isPartOf\":{\"@id\":\"https:\/\/lescreationsde.celineinmyworldmedium.com\/#website\"},\"primaryImageOfPage\":{\"@id\":\"https:\/\/lescreationsde.celineinmyworldmedium.com\/index.php\/produit\/boucles-doreilles-attrape-reves-en-turquoise-tourmaline-noire-et-amethyste\/#primaryimage\"},\"image\":{\"@id\":\"https:\/\/lescreationsde.celineinmyworldmedium.com\/index.php\/produit\/boucles-doreilles-attrape-reves-en-turquoise-tourmaline-noire-et-amethyste\/#primaryimage\"},\"thumbnailUrl\":\"https:\/\/lescreationsde.celineinmyworldmedium.com\/wp-content\/uploads\/2021\/06\/Boucles_d-oreilles-Attrape-reves_en_Turquoise_Tourmaline_noire_et_Amethyste.jpg\",\"datePublished\":\"2021-06-12T09:32:14+00:00\",\"dateModified\":\"2024-03-10T23:18:07+00:00\",\"description\":\"Favorise la s\u00e9r\u00e9nit\u00e9, att\u00e9nue le stress, prot\u00e8ge des influences ext\u00e9rieures, am\u00e9liore le sommeil. Rend sobre, clair, logique et rationnel.\",\"breadcrumb\":{\"@id\":\"https:\/\/lescreationsde.celineinmyworldmedium.com\/index.php\/produit\/boucles-doreilles-attrape-reves-en-turquoise-tourmaline-noire-et-amethyste\/#breadcrumb\"},\"inLanguage\":\"fr-FR\",\"potentialAction\":[{\"@type\":\"ReadAction\",\"target\":[\"https:\/\/lescreationsde.celineinmyworldmedium.com\/index.php\/produit\/boucles-doreilles-attrape-reves-en-turquoise-tourmaline-noire-et-amethyste\/\"]}]},{\"@type\":\"ImageObject\",\"inLanguage\":\"fr-FR\",\"@id\":\"https:\/\/lescreationsde.celineinmyworldmedium.com\/index.php\/produit\/boucles-doreilles-attrape-reves-en-turquoise-tourmaline-noire-et-amethyste\/#primaryimage\",\"url\":\"https:\/\/lescreationsde.celineinmyworldmedium.com\/wp-content\/uploads\/2021\/06\/Boucles_d-oreilles-Attrape-reves_en_Turquoise_Tourmaline_noire_et_Amethyste.jpg\",\"contentUrl\":\"https:\/\/lescreationsde.celineinmyworldmedium.com\/wp-content\/uploads\/2021\/06\/Boucles_d-oreilles-Attrape-reves_en_Turquoise_Tourmaline_noire_et_Amethyste.jpg\",\"width\":1080,\"height\":1198,\"caption\":\"Boucles d'oreilles Attrape-r\u00eaves en Turquoise, Tourmaline noire et Am\u00e9thyste.\"},{\"@type\":\"BreadcrumbList\",\"@id\":\"https:\/\/lescreationsde.celineinmyworldmedium.com\/index.php\/produit\/boucles-doreilles-attrape-reves-en-turquoise-tourmaline-noire-et-amethyste\/#breadcrumb\",\"itemListElement\":[{\"@type\":\"ListItem\",\"position\":1,\"name\":\"Accueil\",\"item\":\"https:\/\/lescreationsde.celineinmyworldmedium.com\/\"},{\"@type\":\"ListItem\",\"position\":2,\"name\":\"Produits\",\"item\":\"https:\/\/lescreationsde.celineinmyworldmedium.com\/index.php\/boutique\/\"},{\"@type\":\"ListItem\",\"position\":3,\"name\":\"Boucles d&#8217;oreilles Attrape-r\u00eaves en Turquoise, Tourmaline noire et Am\u00e9thyste\"}]},{\"@type\":\"WebSite\",\"@id\":\"https:\/\/lescreationsde.celineinmyworldmedium.com\/#website\",\"url\":\"https:\/\/lescreationsde.celineinmyworldmedium.com\/\",\"name\":\"Les cr\u00e9ations de C\u00e9line Inmyworld\",\"description\":\"Cr\u00e9ation de bijoux personnalis\u00e9s, sur-mesure, en pierres semi-pr\u00e9cieuses de qualit\u00e9. Bracelets, boucles d&#039;oreilles, colliers, sautoirs, malas, cha\u00eenes de cheville, bagues...\u2764\",\"publisher\":{\"@id\":\"https:\/\/lescreationsde.celineinmyworldmedium.com\/#organization\"},\"potentialAction\":[{\"@type\":\"SearchAction\",\"target\":{\"@type\":\"EntryPoint\",\"urlTemplate\":\"https:\/\/lescreationsde.celineinmyworldmedium.com\/?s={search_term_string}\"},\"query-input\":{\"@type\":\"PropertyValueSpecification\",\"valueRequired\":true,\"valueName\":\"search_term_string\"}}],\"inLanguage\":\"fr-FR\"},{\"@type\":\"Organization\",\"@id\":\"https:\/\/lescreationsde.celineinmyworldmedium.com\/#organization\",\"name\":\"Les cr\u00e9ations de C\u00e9line Inmyworld\",\"url\":\"https:\/\/lescreationsde.celineinmyworldmedium.com\/\",\"logo\":{\"@type\":\"ImageObject\",\"inLanguage\":\"fr-FR\",\"@id\":\"https:\/\/lescreationsde.celineinmyworldmedium.com\/#\/schema\/logo\/image\/\",\"url\":\"https:\/\/lescreationsde.celineinmyworldmedium.com\/wp-content\/uploads\/2021\/03\/logo_creations3.png\",\"contentUrl\":\"https:\/\/lescreationsde.celineinmyworldmedium.com\/wp-content\/uploads\/2021\/03\/logo_creations3.png\",\"width\":613,\"height\":190,\"caption\":\"Les cr\u00e9ations de C\u00e9line Inmyworld\"},\"image\":{\"@id\":\"https:\/\/lescreationsde.celineinmyworldmedium.com\/#\/schema\/logo\/image\/\"}}]}<\/script>\n<!-- \/ Yoast SEO plugin. -->","yoast_head_json":{"title":"Boucles d'oreilles Attrape-r\u00eaves en Turquoise, Tourmaline noire,...","description":"Favorise la s\u00e9r\u00e9nit\u00e9, att\u00e9nue le stress, prot\u00e8ge des influences ext\u00e9rieures, am\u00e9liore le sommeil. Rend sobre, clair, logique et rationnel.","robots":{"index":"index","follow":"follow","max-snippet":"max-snippet:-1","max-image-preview":"max-image-preview:large","max-video-preview":"max-video-preview:-1"},"canonical":"https:\/\/lescreationsde.celineinmyworldmedium.com\/index.php\/produit\/boucles-doreilles-attrape-reves-en-turquoise-tourmaline-noire-et-amethyste\/","og_locale":"fr_FR","og_type":"article","og_title":"Boucles d'oreilles Attrape-r\u00eaves en Turquoise, Tourmaline noire,...","og_description":"Favorise la s\u00e9r\u00e9nit\u00e9, att\u00e9nue le stress, prot\u00e8ge des influences ext\u00e9rieures, am\u00e9liore le sommeil. Rend sobre, clair, logique et rationnel.","og_url":"https:\/\/lescreationsde.celineinmyworldmedium.com\/index.php\/produit\/boucles-doreilles-attrape-reves-en-turquoise-tourmaline-noire-et-amethyste\/","og_site_name":"Les cr\u00e9ations de C\u00e9line Inmyworld","article_modified_time":"2024-03-10T23:18:07+00:00","og_image":[{"width":1080,"height":1198,"url":"https:\/\/lescreationsde.celineinmyworldmedium.com\/wp-content\/uploads\/2021\/06\/Boucles_d-oreilles-Attrape-reves_en_Turquoise_Tourmaline_noire_et_Amethyste.jpg","type":"image\/jpeg"}],"twitter_card":"summary_large_image","twitter_misc":{"Dur\u00e9e de lecture estim\u00e9e":"2 minutes"},"schema":{"@context":"https:\/\/schema.org","@graph":[{"@type":"WebPage","@id":"https:\/\/lescreationsde.celineinmyworldmedium.com\/index.php\/produit\/boucles-doreilles-attrape-reves-en-turquoise-tourmaline-noire-et-amethyste\/","url":"https:\/\/lescreationsde.celineinmyworldmedium.com\/index.php\/produit\/boucles-doreilles-attrape-reves-en-turquoise-tourmaline-noire-et-amethyste\/","name":"Boucles d'oreilles Attrape-r\u00eaves en Turquoise, Tourmaline noire,...","isPartOf":{"@id":"https:\/\/lescreationsde.celineinmyworldmedium.com\/#website"},"primaryImageOfPage":{"@id":"https:\/\/lescreationsde.celineinmyworldmedium.com\/index.php\/produit\/boucles-doreilles-attrape-reves-en-turquoise-tourmaline-noire-et-amethyste\/#primaryimage"},"image":{"@id":"https:\/\/lescreationsde.celineinmyworldmedium.com\/index.php\/produit\/boucles-doreilles-attrape-reves-en-turquoise-tourmaline-noire-et-amethyste\/#primaryimage"},"thumbnailUrl":"https:\/\/lescreationsde.celineinmyworldmedium.com\/wp-content\/uploads\/2021\/06\/Boucles_d-oreilles-Attrape-reves_en_Turquoise_Tourmaline_noire_et_Amethyste.jpg","datePublished":"2021-06-12T09:32:14+00:00","dateModified":"2024-03-10T23:18:07+00:00","description":"Favorise la s\u00e9r\u00e9nit\u00e9, att\u00e9nue le stress, prot\u00e8ge des influences ext\u00e9rieures, am\u00e9liore le sommeil. Rend sobre, clair, logique et rationnel.","breadcrumb":{"@id":"https:\/\/lescreationsde.celineinmyworldmedium.com\/index.php\/produit\/boucles-doreilles-attrape-reves-en-turquoise-tourmaline-noire-et-amethyste\/#breadcrumb"},"inLanguage":"fr-FR","potentialAction":[{"@type":"ReadAction","target":["https:\/\/lescreationsde.celineinmyworldmedium.com\/index.php\/produit\/boucles-doreilles-attrape-reves-en-turquoise-tourmaline-noire-et-amethyste\/"]}]},{"@type":"ImageObject","inLanguage":"fr-FR","@id":"https:\/\/lescreationsde.celineinmyworldmedium.com\/index.php\/produit\/boucles-doreilles-attrape-reves-en-turquoise-tourmaline-noire-et-amethyste\/#primaryimage","url":"https:\/\/lescreationsde.celineinmyworldmedium.com\/wp-content\/uploads\/2021\/06\/Boucles_d-oreilles-Attrape-reves_en_Turquoise_Tourmaline_noire_et_Amethyste.jpg","contentUrl":"https:\/\/lescreationsde.celineinmyworldmedium.com\/wp-content\/uploads\/2021\/06\/Boucles_d-oreilles-Attrape-reves_en_Turquoise_Tourmaline_noire_et_Amethyste.jpg","width":1080,"height":1198,"caption":"Boucles d'oreilles Attrape-r\u00eaves en Turquoise, Tourmaline noire et Am\u00e9thyste."},{"@type":"BreadcrumbList","@id":"https:\/\/lescreationsde.celineinmyworldmedium.com\/index.php\/produit\/boucles-doreilles-attrape-reves-en-turquoise-tourmaline-noire-et-amethyste\/#breadcrumb","itemListElement":[{"@type":"ListItem","position":1,"name":"Accueil","item":"https:\/\/lescreationsde.celineinmyworldmedium.com\/"},{"@type":"ListItem","position":2,"name":"Produits","item":"https:\/\/lescreationsde.celineinmyworldmedium.com\/index.php\/boutique\/"},{"@type":"ListItem","position":3,"name":"Boucles d&#8217;oreilles Attrape-r\u00eaves en Turquoise, Tourmaline noire et Am\u00e9thyste"}]},{"@type":"WebSite","@id":"https:\/\/lescreationsde.celineinmyworldmedium.com\/#website","url":"https:\/\/lescreationsde.celineinmyworldmedium.com\/","name":"Les cr\u00e9ations de C\u00e9line Inmyworld","description":"Cr\u00e9ation de bijoux personnalis\u00e9s, sur-mesure, en pierres semi-pr\u00e9cieuses de qualit\u00e9. Bracelets, boucles d&#039;oreilles, colliers, sautoirs, malas, cha\u00eenes de cheville, bagues...\u2764","publisher":{"@id":"https:\/\/lescreationsde.celineinmyworldmedium.com\/#organization"},"potentialAction":[{"@type":"SearchAction","target":{"@type":"EntryPoint","urlTemplate":"https:\/\/lescreationsde.celineinmyworldmedium.com\/?s={search_term_string}"},"query-input":{"@type":"PropertyValueSpecification","valueRequired":true,"valueName":"search_term_string"}}],"inLanguage":"fr-FR"},{"@type":"Organization","@id":"https:\/\/lescreationsde.celineinmyworldmedium.com\/#organization","name":"Les cr\u00e9ations de C\u00e9line Inmyworld","url":"https:\/\/lescreationsde.celineinmyworldmedium.com\/","logo":{"@type":"ImageObject","inLanguage":"fr-FR","@id":"https:\/\/lescreationsde.celineinmyworldmedium.com\/#\/schema\/logo\/image\/","url":"https:\/\/lescreationsde.celineinmyworldmedium.com\/wp-content\/uploads\/2021\/03\/logo_creations3.png","contentUrl":"https:\/\/lescreationsde.celineinmyworldmedium.com\/wp-content\/uploads\/2021\/03\/logo_creations3.png","width":613,"height":190,"caption":"Les cr\u00e9ations de C\u00e9line Inmyworld"},"image":{"@id":"https:\/\/lescreationsde.celineinmyworldmedium.com\/#\/schema\/logo\/image\/"}}]}},"jetpack_sharing_enabled":true,"_links":{"self":[{"href":"https:\/\/lescreationsde.celineinmyworldmedium.com\/index.php\/wp-json\/wp\/v2\/product\/2162","targetHints":{"allow":["GET"]}}],"collection":[{"href":"https:\/\/lescreationsde.celineinmyworldmedium.com\/index.php\/wp-json\/wp\/v2\/product"}],"about":[{"href":"https:\/\/lescreationsde.celineinmyworldmedium.com\/index.php\/wp-json\/wp\/v2\/types\/product"}],"replies":[{"embeddable":true,"href":"https:\/\/lescreationsde.celineinmyworldmedium.com\/index.php\/wp-json\/wp\/v2\/comments?post=2162"}],"wp:featuredmedia":[{"embeddable":true,"href":"https:\/\/lescreationsde.celineinmyworldmedium.com\/index.php\/wp-json\/wp\/v2\/media\/2164"}],"wp:attachment":[{"href":"https:\/\/lescreationsde.celineinmyworldmedium.com\/index.php\/wp-json\/wp\/v2\/media?parent=2162"}],"wp:term":[{"taxonomy":"product_brand","embeddable":true,"href":"https:\/\/lescreationsde.celineinmyworldmedium.com\/index.php\/wp-json\/wp\/v2\/product_brand?post=2162"},{"taxonomy":"product_cat","embeddable":true,"href":"https:\/\/lescreationsde.celineinmyworldmedium.com\/index.php\/wp-json\/wp\/v2\/product_cat?post=2162"},{"taxonomy":"product_tag","embeddable":true,"href":"https:\/\/lescreationsde.celineinmyworldmedium.com\/index.php\/wp-json\/wp\/v2\/product_tag?post=2162"}],"curies":[{"name":"wp","href":"https:\/\/api.w.org\/{rel}","templated":true}]}}