{"id":2070,"date":"2021-05-21T19:08:02","date_gmt":"2021-05-21T17:08:02","guid":{"rendered":"https:\/\/lescreationsde.celineinmyworldmedium.com\/?post_type=product&#038;p=2070"},"modified":"2024-03-10T23:53:07","modified_gmt":"2024-03-10T22:53:07","slug":"bracelet-en-amethyste-foncee-et-amethyste-avec-inclusions-de-goethite-et-perles-dhematite-plaquees-couleur-3-or","status":"publish","type":"product","link":"https:\/\/lescreationsde.celineinmyworldmedium.com\/index.php\/produit\/bracelet-en-amethyste-foncee-et-amethyste-avec-inclusions-de-goethite-et-perles-dhematite-plaquees-couleur-3-or\/","title":{"rendered":"Bracelet en am\u00e9thyste fonc\u00e9e et am\u00e9thyste avec inclusions de goethite et perles d&rsquo;h\u00e9matite plaqu\u00e9es couleur 3 or"},"content":{"rendered":"<h4>1 &#8211; <strong>Les vertus de l\u2019am\u00e9thyste fonc\u00e9e :<\/strong><\/h4>\n<p>Domaine <strong>spirituel<\/strong>, celui de l\u2019\u00eatre humain avec ses intentions, ses buts ou ses pr\u00e9occupations existentielles :<\/p>\n<p><strong>\u00c9veil, sens de la justice, paix int\u00e9rieure.<\/strong><\/p>\n<p>Domaine de <strong>l\u2019\u00e2me<\/strong> ou du subconscient, ainsi que les notions de temp\u00e9rament, de sentiments, de sensations, de r\u00eaves, de v\u00e9cu sur le plan animique, d\u2019habitudes et de r\u00e9actions inconscientes :<\/p>\n<p><strong>D\u00e9passement du deuil et de la perte.<\/strong><\/p>\n<p>Domaine <strong>mental<\/strong> avec les id\u00e9es, la raison, les convictions, les consid\u00e9rations, ainsi que le mode de pens\u00e9e et d\u2019action consciente :<\/p>\n<p><strong>Conscience des choses, discernement, pens\u00e9e et action constructives.<\/strong><\/p>\n<p>Domaine <strong>physique<\/strong> ou corporel, l\u2019ensemble de l\u2019organisme avec les sens, les organes et les fonctions :<\/p>\n<p><strong>Excellente pour la peau ; att\u00e9nue les douleurs et les tensions, combat l\u2019hypertension.<\/strong><\/p>\n<h4>2 &#8211; Les vertus de l\u2019am\u00e9thyste \u00e0 inclusions de goethite (cacox\u00e9nite ou super seven) :<\/h4>\n<p>Domaine <strong>spirituel<\/strong>, celui de l\u2019\u00eatre humain avec ses intentions, ses buts ou ses pr\u00e9occupations existentielles :<\/p>\n<p><strong>Pierre vibratoirement tr\u00e8s \u00e9lev\u00e9e et de haute spiritualit\u00e9. Aide \u00e0 se lib\u00e9rer de la confusion mentale, des peurs, des angoisses, des doutes et des pr\u00e9jug\u00e9s. Conseill\u00e9e pour les moments de stress intense, pour la tristesse et la d\u00e9tresse \u00e9motionnelle. Apporte un sentiment de s\u00e9curit\u00e9 et protection. Forme un bouclier imp\u00e9n\u00e9trable \u00e0 toutes les \u00e9nergies n\u00e9gatives. Aide \u00e0 faire le pont entre l\u2019\u00e2me et la spiritualit\u00e9.<\/strong><\/p>\n<p>Domaine de <strong>l\u2019\u00e2me<\/strong> ou du subconscient, ainsi que les notions de temp\u00e9rament, de sentiments, de sensations, de r\u00eaves, de v\u00e9cu sur le plan animique, d\u2019habitudes et de r\u00e9actions inconscientes :<\/p>\n<p><strong>Idem.<br \/>\n<\/strong><\/p>\n<p>Domaine <strong>mental<\/strong> avec les id\u00e9es, la raison, les convictions, les consid\u00e9rations, ainsi que le mode de pens\u00e9e et d\u2019action consciente :<\/p>\n<p><strong>Pierre vibratoirement tr\u00e8s \u00e9lev\u00e9e et de haute spiritualit\u00e9. Aide \u00e0 se lib\u00e9rer de la confusion mentale, des peurs, des angoisses, des doutes et des pr\u00e9jug\u00e9s. Conseill\u00e9e pour les moments de stress intense, pour la tristesse et la d\u00e9tresse \u00e9motionnelle. Apporte un sentiment de s\u00e9curit\u00e9 et protection. Forme un bouclier imp\u00e9n\u00e9trable \u00e0 toutes les \u00e9nergies n\u00e9gatives. Aide \u00e0 faire le pont entre l\u2019\u00e2me et la spiritualit\u00e9.<\/strong><\/p>\n<p>Domaine <strong>physique<\/strong> ou corporel, l\u2019ensemble de l\u2019organisme avec les sens, les organes et les fonctions :<\/p>\n<p><strong>Idem.<\/strong><\/p>\n","protected":false},"excerpt":{"rendered":"<table>\n<tbody>\n<tr>\n<td style=\"texte-align: left; color: gray; border: none;\"><strong>Hors frais d&rsquo;exp\u00e9dition<\/strong><\/td>\n<\/tr>\n<tr>\n<td style=\"texte-align: left; color: gray; border: none;\"><strong>Bijoux confectionn\u00e9s sur-mesure, sur commande<br \/>Les couleurs et motifs des pierres varient d&rsquo;un bijou \u00e0 un autre<br \/>D\u00e9lai de confection environ 30 jours<\/strong><\/td>\n<\/tr>\n<tr>\n<td style=\"texte-align: left; color: blue; border: none;\"><a style=\"color: #a15fe2;\" href=\"https:\/\/lescreationsde.celineinmyworldmedium.com\/index.php\/mesurer-son-tour-de-poignet-pour-bracelets\/\" target=\"_blank\" rel=\"noopener\"><strong>Comment mesurer son tour de poignet<\/strong><\/a><\/td>\n<\/tr>\n<\/tbody>\n<\/table>\n","protected":false},"featured_media":2074,"comment_status":"open","ping_status":"closed","template":"","meta":[],"product_brand":[],"product_cat":[31,67],"product_tag":[726,165,106,42,44,38,47,43,41,40,39,23,25,789,36,34,26,37,35,16,24,45,17,33,32,27,22,28],"class_list":{"0":"post-2070","1":"product","2":"type-product","3":"status-publish","4":"has-post-thumbnail","6":"product_cat-bracelets","7":"product_cat-amethyste-pierres","8":"product_tag-amethyste-a-inclusions-de-goethite-cacoxenite-ou-super-seven","9":"product_tag-amethyste-foncee","10":"product_tag-argent","11":"product_tag-bijou","12":"product_tag-bijou-energetique","13":"product_tag-bijoux","14":"product_tag-bijoux-anti-allergies","15":"product_tag-bijoux-energetiques","16":"product_tag-bijoux-fait-main","17":"product_tag-bijoux-personnalises","18":"product_tag-bijoux-sur-mesure","19":"product_tag-boucles-doreilles","20":"product_tag-bracelet","21":"product_tag-bracelet-avec-perles-dhematite-plaquees-couleur-3-or","22":"product_tag-bracelet-femme","23":"product_tag-bracelet-homme","24":"product_tag-bracelets","25":"product_tag-bracelets-femme","26":"product_tag-bracelets-homme","27":"product_tag-collier","28":"product_tag-collier-femme","29":"product_tag-collier-personnalise","30":"product_tag-colliers","31":"product_tag-energetique","32":"product_tag-lithotherapie","33":"product_tag-pierre","34":"product_tag-pierre-semi-precieuse","35":"product_tag-pierres-naturelles","37":"first","38":"instock","39":"shipping-taxable","40":"purchasable","41":"product-type-variable"},"yoast_head":"<!-- This site is optimized with the Yoast SEO plugin v27.2 - https:\/\/yoast.com\/product\/yoast-seo-wordpress\/ -->\n<title>Bracelet en am\u00e9thyste fonc\u00e9e, inclusions de goethite et perles...<\/title>\n<meta name=\"description\" content=\"Conscience des choses, discernement, pens\u00e9e et action constructives. Pierre vibratoirement tr\u00e8s \u00e9lev\u00e9e et de haute spiritualit\u00e9.\" \/>\n<meta name=\"robots\" content=\"index, follow, max-snippet:-1, max-image-preview:large, max-video-preview:-1\" \/>\n<link rel=\"canonical\" href=\"https:\/\/lescreationsde.celineinmyworldmedium.com\/index.php\/produit\/bracelet-en-amethyste-foncee-et-amethyste-avec-inclusions-de-goethite-et-perles-dhematite-plaquees-couleur-3-or\/\" \/>\n<meta property=\"og:locale\" content=\"fr_FR\" \/>\n<meta property=\"og:type\" content=\"article\" \/>\n<meta property=\"og:title\" content=\"Bracelet en am\u00e9thyste fonc\u00e9e, inclusions de goethite et perles...\" \/>\n<meta property=\"og:description\" content=\"Conscience des choses, discernement, pens\u00e9e et action constructives. Pierre vibratoirement tr\u00e8s \u00e9lev\u00e9e et de haute spiritualit\u00e9.\" \/>\n<meta property=\"og:url\" content=\"https:\/\/lescreationsde.celineinmyworldmedium.com\/index.php\/produit\/bracelet-en-amethyste-foncee-et-amethyste-avec-inclusions-de-goethite-et-perles-dhematite-plaquees-couleur-3-or\/\" \/>\n<meta property=\"og:site_name\" content=\"Les cr\u00e9ations de C\u00e9line Inmyworld\" \/>\n<meta property=\"article:modified_time\" content=\"2024-03-10T22:53:07+00:00\" \/>\n<meta property=\"og:image\" content=\"https:\/\/lescreationsde.celineinmyworldmedium.com\/wp-content\/uploads\/2021\/05\/Bracelet_en_amethyste_foncee_et_amethyste_avec_inclusions_de_goethite_et_perles_d-hematite_plaquees_couleur_3_or.jpg\" \/>\n\t<meta property=\"og:image:width\" content=\"1080\" \/>\n\t<meta property=\"og:image:height\" content=\"1154\" \/>\n\t<meta property=\"og:image:type\" content=\"image\/jpeg\" \/>\n<meta name=\"twitter:card\" content=\"summary_large_image\" \/>\n<meta name=\"twitter:label1\" content=\"Dur\u00e9e de lecture estim\u00e9e\" \/>\n\t<meta name=\"twitter:data1\" content=\"2 minutes\" \/>\n<script type=\"application\/ld+json\" class=\"yoast-schema-graph\">{\"@context\":\"https:\/\/schema.org\",\"@graph\":[{\"@type\":\"WebPage\",\"@id\":\"https:\/\/lescreationsde.celineinmyworldmedium.com\/index.php\/produit\/bracelet-en-amethyste-foncee-et-amethyste-avec-inclusions-de-goethite-et-perles-dhematite-plaquees-couleur-3-or\/\",\"url\":\"https:\/\/lescreationsde.celineinmyworldmedium.com\/index.php\/produit\/bracelet-en-amethyste-foncee-et-amethyste-avec-inclusions-de-goethite-et-perles-dhematite-plaquees-couleur-3-or\/\",\"name\":\"Bracelet en am\u00e9thyste fonc\u00e9e, inclusions de goethite et perles...\",\"isPartOf\":{\"@id\":\"https:\/\/lescreationsde.celineinmyworldmedium.com\/#website\"},\"primaryImageOfPage\":{\"@id\":\"https:\/\/lescreationsde.celineinmyworldmedium.com\/index.php\/produit\/bracelet-en-amethyste-foncee-et-amethyste-avec-inclusions-de-goethite-et-perles-dhematite-plaquees-couleur-3-or\/#primaryimage\"},\"image\":{\"@id\":\"https:\/\/lescreationsde.celineinmyworldmedium.com\/index.php\/produit\/bracelet-en-amethyste-foncee-et-amethyste-avec-inclusions-de-goethite-et-perles-dhematite-plaquees-couleur-3-or\/#primaryimage\"},\"thumbnailUrl\":\"https:\/\/lescreationsde.celineinmyworldmedium.com\/wp-content\/uploads\/2021\/05\/Bracelet_en_amethyste_foncee_et_amethyste_avec_inclusions_de_goethite_et_perles_d-hematite_plaquees_couleur_3_or.jpg\",\"datePublished\":\"2021-05-21T17:08:02+00:00\",\"dateModified\":\"2024-03-10T22:53:07+00:00\",\"description\":\"Conscience des choses, discernement, pens\u00e9e et action constructives. Pierre vibratoirement tr\u00e8s \u00e9lev\u00e9e et de haute spiritualit\u00e9.\",\"breadcrumb\":{\"@id\":\"https:\/\/lescreationsde.celineinmyworldmedium.com\/index.php\/produit\/bracelet-en-amethyste-foncee-et-amethyste-avec-inclusions-de-goethite-et-perles-dhematite-plaquees-couleur-3-or\/#breadcrumb\"},\"inLanguage\":\"fr-FR\",\"potentialAction\":[{\"@type\":\"ReadAction\",\"target\":[\"https:\/\/lescreationsde.celineinmyworldmedium.com\/index.php\/produit\/bracelet-en-amethyste-foncee-et-amethyste-avec-inclusions-de-goethite-et-perles-dhematite-plaquees-couleur-3-or\/\"]}]},{\"@type\":\"ImageObject\",\"inLanguage\":\"fr-FR\",\"@id\":\"https:\/\/lescreationsde.celineinmyworldmedium.com\/index.php\/produit\/bracelet-en-amethyste-foncee-et-amethyste-avec-inclusions-de-goethite-et-perles-dhematite-plaquees-couleur-3-or\/#primaryimage\",\"url\":\"https:\/\/lescreationsde.celineinmyworldmedium.com\/wp-content\/uploads\/2021\/05\/Bracelet_en_amethyste_foncee_et_amethyste_avec_inclusions_de_goethite_et_perles_d-hematite_plaquees_couleur_3_or.jpg\",\"contentUrl\":\"https:\/\/lescreationsde.celineinmyworldmedium.com\/wp-content\/uploads\/2021\/05\/Bracelet_en_amethyste_foncee_et_amethyste_avec_inclusions_de_goethite_et_perles_d-hematite_plaquees_couleur_3_or.jpg\",\"width\":1080,\"height\":1154,\"caption\":\"Bracelet en am\u00e9thyste fonc\u00e9e et am\u00e9thyste avec inclusions de goethite et perles d'h\u00e9matite plaqu\u00e9es couleur 3 or\"},{\"@type\":\"BreadcrumbList\",\"@id\":\"https:\/\/lescreationsde.celineinmyworldmedium.com\/index.php\/produit\/bracelet-en-amethyste-foncee-et-amethyste-avec-inclusions-de-goethite-et-perles-dhematite-plaquees-couleur-3-or\/#breadcrumb\",\"itemListElement\":[{\"@type\":\"ListItem\",\"position\":1,\"name\":\"Accueil\",\"item\":\"https:\/\/lescreationsde.celineinmyworldmedium.com\/\"},{\"@type\":\"ListItem\",\"position\":2,\"name\":\"Produits\",\"item\":\"https:\/\/lescreationsde.celineinmyworldmedium.com\/index.php\/boutique\/\"},{\"@type\":\"ListItem\",\"position\":3,\"name\":\"Bracelet en am\u00e9thyste fonc\u00e9e et am\u00e9thyste avec inclusions de goethite et perles d&#8217;h\u00e9matite plaqu\u00e9es couleur 3 or\"}]},{\"@type\":\"WebSite\",\"@id\":\"https:\/\/lescreationsde.celineinmyworldmedium.com\/#website\",\"url\":\"https:\/\/lescreationsde.celineinmyworldmedium.com\/\",\"name\":\"Les cr\u00e9ations de C\u00e9line Inmyworld\",\"description\":\"Cr\u00e9ation de bijoux personnalis\u00e9s, sur-mesure, en pierres semi-pr\u00e9cieuses de qualit\u00e9. Bracelets, boucles d&#039;oreilles, colliers, sautoirs, malas, cha\u00eenes de cheville, bagues...\u2764\",\"publisher\":{\"@id\":\"https:\/\/lescreationsde.celineinmyworldmedium.com\/#organization\"},\"potentialAction\":[{\"@type\":\"SearchAction\",\"target\":{\"@type\":\"EntryPoint\",\"urlTemplate\":\"https:\/\/lescreationsde.celineinmyworldmedium.com\/?s={search_term_string}\"},\"query-input\":{\"@type\":\"PropertyValueSpecification\",\"valueRequired\":true,\"valueName\":\"search_term_string\"}}],\"inLanguage\":\"fr-FR\"},{\"@type\":\"Organization\",\"@id\":\"https:\/\/lescreationsde.celineinmyworldmedium.com\/#organization\",\"name\":\"Les cr\u00e9ations de C\u00e9line Inmyworld\",\"url\":\"https:\/\/lescreationsde.celineinmyworldmedium.com\/\",\"logo\":{\"@type\":\"ImageObject\",\"inLanguage\":\"fr-FR\",\"@id\":\"https:\/\/lescreationsde.celineinmyworldmedium.com\/#\/schema\/logo\/image\/\",\"url\":\"https:\/\/lescreationsde.celineinmyworldmedium.com\/wp-content\/uploads\/2021\/03\/logo_creations3.png\",\"contentUrl\":\"https:\/\/lescreationsde.celineinmyworldmedium.com\/wp-content\/uploads\/2021\/03\/logo_creations3.png\",\"width\":613,\"height\":190,\"caption\":\"Les cr\u00e9ations de C\u00e9line Inmyworld\"},\"image\":{\"@id\":\"https:\/\/lescreationsde.celineinmyworldmedium.com\/#\/schema\/logo\/image\/\"}}]}<\/script>\n<!-- \/ Yoast SEO plugin. -->","yoast_head_json":{"title":"Bracelet en am\u00e9thyste fonc\u00e9e, inclusions de goethite et perles...","description":"Conscience des choses, discernement, pens\u00e9e et action constructives. Pierre vibratoirement tr\u00e8s \u00e9lev\u00e9e et de haute spiritualit\u00e9.","robots":{"index":"index","follow":"follow","max-snippet":"max-snippet:-1","max-image-preview":"max-image-preview:large","max-video-preview":"max-video-preview:-1"},"canonical":"https:\/\/lescreationsde.celineinmyworldmedium.com\/index.php\/produit\/bracelet-en-amethyste-foncee-et-amethyste-avec-inclusions-de-goethite-et-perles-dhematite-plaquees-couleur-3-or\/","og_locale":"fr_FR","og_type":"article","og_title":"Bracelet en am\u00e9thyste fonc\u00e9e, inclusions de goethite et perles...","og_description":"Conscience des choses, discernement, pens\u00e9e et action constructives. Pierre vibratoirement tr\u00e8s \u00e9lev\u00e9e et de haute spiritualit\u00e9.","og_url":"https:\/\/lescreationsde.celineinmyworldmedium.com\/index.php\/produit\/bracelet-en-amethyste-foncee-et-amethyste-avec-inclusions-de-goethite-et-perles-dhematite-plaquees-couleur-3-or\/","og_site_name":"Les cr\u00e9ations de C\u00e9line Inmyworld","article_modified_time":"2024-03-10T22:53:07+00:00","og_image":[{"width":1080,"height":1154,"url":"https:\/\/lescreationsde.celineinmyworldmedium.com\/wp-content\/uploads\/2021\/05\/Bracelet_en_amethyste_foncee_et_amethyste_avec_inclusions_de_goethite_et_perles_d-hematite_plaquees_couleur_3_or.jpg","type":"image\/jpeg"}],"twitter_card":"summary_large_image","twitter_misc":{"Dur\u00e9e de lecture estim\u00e9e":"2 minutes"},"schema":{"@context":"https:\/\/schema.org","@graph":[{"@type":"WebPage","@id":"https:\/\/lescreationsde.celineinmyworldmedium.com\/index.php\/produit\/bracelet-en-amethyste-foncee-et-amethyste-avec-inclusions-de-goethite-et-perles-dhematite-plaquees-couleur-3-or\/","url":"https:\/\/lescreationsde.celineinmyworldmedium.com\/index.php\/produit\/bracelet-en-amethyste-foncee-et-amethyste-avec-inclusions-de-goethite-et-perles-dhematite-plaquees-couleur-3-or\/","name":"Bracelet en am\u00e9thyste fonc\u00e9e, inclusions de goethite et perles...","isPartOf":{"@id":"https:\/\/lescreationsde.celineinmyworldmedium.com\/#website"},"primaryImageOfPage":{"@id":"https:\/\/lescreationsde.celineinmyworldmedium.com\/index.php\/produit\/bracelet-en-amethyste-foncee-et-amethyste-avec-inclusions-de-goethite-et-perles-dhematite-plaquees-couleur-3-or\/#primaryimage"},"image":{"@id":"https:\/\/lescreationsde.celineinmyworldmedium.com\/index.php\/produit\/bracelet-en-amethyste-foncee-et-amethyste-avec-inclusions-de-goethite-et-perles-dhematite-plaquees-couleur-3-or\/#primaryimage"},"thumbnailUrl":"https:\/\/lescreationsde.celineinmyworldmedium.com\/wp-content\/uploads\/2021\/05\/Bracelet_en_amethyste_foncee_et_amethyste_avec_inclusions_de_goethite_et_perles_d-hematite_plaquees_couleur_3_or.jpg","datePublished":"2021-05-21T17:08:02+00:00","dateModified":"2024-03-10T22:53:07+00:00","description":"Conscience des choses, discernement, pens\u00e9e et action constructives. Pierre vibratoirement tr\u00e8s \u00e9lev\u00e9e et de haute spiritualit\u00e9.","breadcrumb":{"@id":"https:\/\/lescreationsde.celineinmyworldmedium.com\/index.php\/produit\/bracelet-en-amethyste-foncee-et-amethyste-avec-inclusions-de-goethite-et-perles-dhematite-plaquees-couleur-3-or\/#breadcrumb"},"inLanguage":"fr-FR","potentialAction":[{"@type":"ReadAction","target":["https:\/\/lescreationsde.celineinmyworldmedium.com\/index.php\/produit\/bracelet-en-amethyste-foncee-et-amethyste-avec-inclusions-de-goethite-et-perles-dhematite-plaquees-couleur-3-or\/"]}]},{"@type":"ImageObject","inLanguage":"fr-FR","@id":"https:\/\/lescreationsde.celineinmyworldmedium.com\/index.php\/produit\/bracelet-en-amethyste-foncee-et-amethyste-avec-inclusions-de-goethite-et-perles-dhematite-plaquees-couleur-3-or\/#primaryimage","url":"https:\/\/lescreationsde.celineinmyworldmedium.com\/wp-content\/uploads\/2021\/05\/Bracelet_en_amethyste_foncee_et_amethyste_avec_inclusions_de_goethite_et_perles_d-hematite_plaquees_couleur_3_or.jpg","contentUrl":"https:\/\/lescreationsde.celineinmyworldmedium.com\/wp-content\/uploads\/2021\/05\/Bracelet_en_amethyste_foncee_et_amethyste_avec_inclusions_de_goethite_et_perles_d-hematite_plaquees_couleur_3_or.jpg","width":1080,"height":1154,"caption":"Bracelet en am\u00e9thyste fonc\u00e9e et am\u00e9thyste avec inclusions de goethite et perles d'h\u00e9matite plaqu\u00e9es couleur 3 or"},{"@type":"BreadcrumbList","@id":"https:\/\/lescreationsde.celineinmyworldmedium.com\/index.php\/produit\/bracelet-en-amethyste-foncee-et-amethyste-avec-inclusions-de-goethite-et-perles-dhematite-plaquees-couleur-3-or\/#breadcrumb","itemListElement":[{"@type":"ListItem","position":1,"name":"Accueil","item":"https:\/\/lescreationsde.celineinmyworldmedium.com\/"},{"@type":"ListItem","position":2,"name":"Produits","item":"https:\/\/lescreationsde.celineinmyworldmedium.com\/index.php\/boutique\/"},{"@type":"ListItem","position":3,"name":"Bracelet en am\u00e9thyste fonc\u00e9e et am\u00e9thyste avec inclusions de goethite et perles d&#8217;h\u00e9matite plaqu\u00e9es couleur 3 or"}]},{"@type":"WebSite","@id":"https:\/\/lescreationsde.celineinmyworldmedium.com\/#website","url":"https:\/\/lescreationsde.celineinmyworldmedium.com\/","name":"Les cr\u00e9ations de C\u00e9line Inmyworld","description":"Cr\u00e9ation de bijoux personnalis\u00e9s, sur-mesure, en pierres semi-pr\u00e9cieuses de qualit\u00e9. Bracelets, boucles d&#039;oreilles, colliers, sautoirs, malas, cha\u00eenes de cheville, bagues...\u2764","publisher":{"@id":"https:\/\/lescreationsde.celineinmyworldmedium.com\/#organization"},"potentialAction":[{"@type":"SearchAction","target":{"@type":"EntryPoint","urlTemplate":"https:\/\/lescreationsde.celineinmyworldmedium.com\/?s={search_term_string}"},"query-input":{"@type":"PropertyValueSpecification","valueRequired":true,"valueName":"search_term_string"}}],"inLanguage":"fr-FR"},{"@type":"Organization","@id":"https:\/\/lescreationsde.celineinmyworldmedium.com\/#organization","name":"Les cr\u00e9ations de C\u00e9line Inmyworld","url":"https:\/\/lescreationsde.celineinmyworldmedium.com\/","logo":{"@type":"ImageObject","inLanguage":"fr-FR","@id":"https:\/\/lescreationsde.celineinmyworldmedium.com\/#\/schema\/logo\/image\/","url":"https:\/\/lescreationsde.celineinmyworldmedium.com\/wp-content\/uploads\/2021\/03\/logo_creations3.png","contentUrl":"https:\/\/lescreationsde.celineinmyworldmedium.com\/wp-content\/uploads\/2021\/03\/logo_creations3.png","width":613,"height":190,"caption":"Les cr\u00e9ations de C\u00e9line Inmyworld"},"image":{"@id":"https:\/\/lescreationsde.celineinmyworldmedium.com\/#\/schema\/logo\/image\/"}}]}},"jetpack_sharing_enabled":true,"_links":{"self":[{"href":"https:\/\/lescreationsde.celineinmyworldmedium.com\/index.php\/wp-json\/wp\/v2\/product\/2070","targetHints":{"allow":["GET"]}}],"collection":[{"href":"https:\/\/lescreationsde.celineinmyworldmedium.com\/index.php\/wp-json\/wp\/v2\/product"}],"about":[{"href":"https:\/\/lescreationsde.celineinmyworldmedium.com\/index.php\/wp-json\/wp\/v2\/types\/product"}],"replies":[{"embeddable":true,"href":"https:\/\/lescreationsde.celineinmyworldmedium.com\/index.php\/wp-json\/wp\/v2\/comments?post=2070"}],"wp:featuredmedia":[{"embeddable":true,"href":"https:\/\/lescreationsde.celineinmyworldmedium.com\/index.php\/wp-json\/wp\/v2\/media\/2074"}],"wp:attachment":[{"href":"https:\/\/lescreationsde.celineinmyworldmedium.com\/index.php\/wp-json\/wp\/v2\/media?parent=2070"}],"wp:term":[{"taxonomy":"product_brand","embeddable":true,"href":"https:\/\/lescreationsde.celineinmyworldmedium.com\/index.php\/wp-json\/wp\/v2\/product_brand?post=2070"},{"taxonomy":"product_cat","embeddable":true,"href":"https:\/\/lescreationsde.celineinmyworldmedium.com\/index.php\/wp-json\/wp\/v2\/product_cat?post=2070"},{"taxonomy":"product_tag","embeddable":true,"href":"https:\/\/lescreationsde.celineinmyworldmedium.com\/index.php\/wp-json\/wp\/v2\/product_tag?post=2070"}],"curies":[{"name":"wp","href":"https:\/\/api.w.org\/{rel}","templated":true}]}}