{"id":1978,"date":"2021-05-11T18:14:47","date_gmt":"2021-05-11T16:14:47","guid":{"rendered":"https:\/\/lescreationsde.celineinmyworldmedium.com\/?post_type=product&#038;p=1978"},"modified":"2024-03-10T23:54:18","modified_gmt":"2024-03-10T22:54:18","slug":"bracelet-personnalise-pour-chakra-de-la-gorge-avec-lune","status":"publish","type":"product","link":"https:\/\/lescreationsde.celineinmyworldmedium.com\/index.php\/produit\/bracelet-personnalise-pour-chakra-de-la-gorge-avec-lune\/","title":{"rendered":"Bracelet personnalis\u00e9 pour chakra de la gorge avec lune"},"content":{"rendered":"<p><em>Bracelet personnalis\u00e9, chakra de la gorge avec lune\ud83c\udf1b<br \/>\nEn Abalone, Labradorite spectrolite, Apatite bleue, Aigue-marine, Turquoise, Agate \u00e0 signature d&rsquo;inflammation et Disth\u00e8ne bleu (Cyanite ou Kyanite)<\/em><\/p>\n<h4>1 &#8211; Les vertus de l\u2019abalone :<\/h4>\n<p>Domaine <strong>spirituel<\/strong>, celui de l\u2019\u00eatre humain avec ses intentions, ses buts ou ses pr\u00e9occupations existentielles :<\/p>\n<p><strong>Gaiet\u00e9, s\u00e9curit\u00e9, protection.<\/strong><\/p>\n<p>Domaine de <strong>l\u2019\u00e2me<\/strong> ou du subconscient, ainsi que les notions de temp\u00e9rament, de sentiments, de sensations, de r\u00eaves, de v\u00e9cu sur le plan animique, d\u2019habitudes et de r\u00e9actions inconscientes :<\/p>\n<p><strong>D\u00e9passement d\u2019un \u00e9tat d\u2019abattement, de manque d\u2019assurance et de d\u00e9ception.<\/strong><\/p>\n<p>Domaine <strong>mental<\/strong> avec les id\u00e9es, la raison, les convictions, les consid\u00e9rations, ainsi que le mode de pens\u00e9e et d\u2019action consciente :<\/p>\n<p><strong>Relation vigilante avec soi-m\u00eame et les autres.<\/strong><\/p>\n<p>Domaine <strong>physique<\/strong> ou corporel, l\u2019ensemble de l\u2019organisme avec les sens, les organes et les fonctions :<\/p>\n<p><strong>Att\u00e9nue les d\u00e9mangeaisons et les inflammations de la peau, des muqueuses et des organes sensoriels.<\/strong><\/p>\n<h4>2 &#8211; <strong>Les vertus de l\u2019agate \u00e0 signature d\u2019inflammation :<\/strong><\/h4>\n<p>Domaine spirituel, celui de l\u2019\u00eatre humain avec ses intentions, ses buts ou ses pr\u00e9occupations existentielles :<\/p>\n<p><strong>Transformation, consolation, adoucissement.<\/strong><\/p>\n<p>Domaine de l\u2019\u00e2me ou du subconscient, ainsi que les notions de temp\u00e9rament, de sentiments, de sensations, de r\u00eaves, de v\u00e9cu sur le plan animique, d\u2019habitudes et de r\u00e9actions inconscientes :<\/p>\n<p><strong>Nouveau sentiment de confiance apr\u00e8s des \u00e9v\u00e8nement malheureux.<\/strong><\/p>\n<p>Domaine mental avec les id\u00e9es, la raison, les convictions, les consid\u00e9rations, ainsi que le mode de pens\u00e9e et d\u2019action consciente :<\/p>\n<p><strong>Ma\u00eetrise r\u00e9fl\u00e9chie des difficult\u00e9s.<\/strong><\/p>\n<p>Domaine physique ou corporel, l\u2019ensemble de l\u2019organisme avec les sens, les organes et les fonctions :<\/p>\n<p><strong>En cas d\u2019inflammations de tous les organes ou tissus, favorise la transpiration en cas de fi\u00e8vre.<\/strong><\/p>\n<h4><strong>3 &#8211; <\/strong>Les vertus de l\u2019aigue-marine :<\/h4>\n<p>Domaine <strong>spirituel<\/strong>, celui de l\u2019\u00eatre humain avec ses intentions, ses buts ou ses pr\u00e9occupations existentielles :<\/p>\n<p><strong>Clairvoyance, pr\u00e9voyance.<\/strong><\/p>\n<p>Domaine de <strong>l\u2019\u00e2me<\/strong> ou du subconscient, ainsi que les notions de temp\u00e9rament, de sentiments, de sensations, de r\u00eaves, de v\u00e9cu sur le plan animique, d\u2019habitudes et de r\u00e9actions inconscientes :<\/p>\n<p><strong>Favorise l\u2019endurance, la discipline, la l\u00e9g\u00e8ret\u00e9 et la s\u00e9r\u00e9nit\u00e9.<\/strong><\/p>\n<p>Domaine <strong>mental<\/strong> avec les id\u00e9es, la raison, les convictions, les consid\u00e9rations, ainsi que le mode de pens\u00e9e et d\u2019action consciente :<\/p>\n<p><strong>Permet de sortir de la confusion, incite \u00e0 aller jusqu\u2019au bout de ce qui n\u2019a pas \u00e9t\u00e9 termin\u00e9.<\/strong><\/p>\n<p>Domaine <strong>physique<\/strong> ou corporel, l\u2019ensemble de l\u2019organisme avec les sens, les organes et les fonctions :<\/p>\n<p><strong>Aide en cas d\u2019allergies, de rhume des foins, de troubles des yeux et des voies respiratoires, de la thyro\u00efde et de la vessie.<\/strong><\/p>\n<h4><strong>4 &#8211; <\/strong><strong>Les vertus de l\u2019apatite bleue :<\/strong><\/h4>\n<p>Domaine <strong>spirituel<\/strong>, celui de l\u2019\u00eatre humain avec ses intentions, ses buts ou ses pr\u00e9occupations existentielles :<\/p>\n<p><strong>Motivation.<\/strong><\/p>\n<p>Domaine de <strong>l\u2019\u00e2me<\/strong> ou du subconscient, ainsi que les notions de temp\u00e9rament, de sentiments, de sensations, de r\u00eaves, de v\u00e9cu sur le plan animique, d\u2019habitudes et de r\u00e9actions inconscientes :<\/p>\n<p><strong>Stabilise, aide en cas d\u2019\u00e9tat l\u00e9thargique apr\u00e8s un fort \u00e9puisement.<\/strong><\/p>\n<p>Domaine <strong>mental<\/strong> avec les id\u00e9es, la raison, les convictions, les consid\u00e9rations, ainsi que le mode de pens\u00e9e et d\u2019action consciente :<\/p>\n<p><strong>Favorise l\u2019autonomie et l\u2019ambition.<\/strong><\/p>\n<p>Domaine <strong>physique<\/strong> ou corporel, l\u2019ensemble de l\u2019organisme avec les sens, les organes et les fonctions :<\/p>\n<p><strong>Reconstituant, d\u00e9sacidifiant, combat le rachitisme, l\u2019arthrose, l\u2019ost\u00e9oporose et aide \u00e0 la gu\u00e9rison des fractures.<\/strong><\/p>\n<h4>5 &#8211; Les vertus de la disth\u00e8ne bleue (cyanite) :<\/h4>\n<p>Domaine <strong>spirituel<\/strong>, celui de l\u2019\u00eatre humain avec ses intentions, ses buts ou ses pr\u00e9occupations existentielles :<\/p>\n<p><strong>Identit\u00e9, accomplissement de la t\u00e2che de toute la vie.<\/strong><\/p>\n<p>Domaine de <strong>l\u2019\u00e2me<\/strong> ou du subconscient, ainsi que les notions de temp\u00e9rament, de sentiments, de sensations, de r\u00eaves, de v\u00e9cu sur le plan animique, d\u2019habitudes et de r\u00e9actions inconscientes :<\/p>\n<p><strong>Aide \u00e0 rester capable d\u2019agir m\u00eame en situations extr\u00eames.<\/strong><\/p>\n<p>Domaine <strong>mental<\/strong> avec les id\u00e9es, la raison, les convictions, les consid\u00e9rations, ainsi que le mode de pens\u00e9e et d\u2019action consciente :<\/p>\n<p><strong>Favorise une pens\u00e9e logique et rationnelle ainsi qu\u2019une action d\u00e9termin\u00e9e.<\/strong><\/p>\n<p>Domaine <strong>physique<\/strong> ou corporel, l\u2019ensemble de l\u2019organisme avec les sens, les organes et les fonctions :<\/p>\n<p><strong>Att\u00e9nue les extinctions de voix et les troubles du larynx, excellent pour la motricit\u00e9 et l\u2019habilet\u00e9 manuelle.<\/strong><\/p>\n<h4>6 &#8211; <strong>Les vertus de la labradorite spectrolite :<\/strong><\/h4>\n<p>Domaine <strong>spirituel<\/strong>, celui de l\u2019\u00eatre humain avec ses intentions, ses buts ou ses pr\u00e9occupations existentielles :<\/p>\n<p><strong>Imagination, cr\u00e9ativit\u00e9.<\/strong><\/p>\n<p>Domaine de <strong>l\u2019\u00e2me<\/strong> ou du subconscient, ainsi que les notions de temp\u00e9rament, de sentiments, de sensations, de r\u00eaves, de v\u00e9cu sur le plan animique, d\u2019habitudes et de r\u00e9actions inconscientes :<\/p>\n<p><strong>Favorise le talent artistique et le sens de l\u2019harmonie.<\/strong><\/p>\n<p>Domaine <strong>mental<\/strong> avec les id\u00e9es, la raison, les convictions, les consid\u00e9rations, ainsi que le mode de pens\u00e9e et d\u2019action consciente :<\/p>\n<p><strong>Stimule l\u2019enthousiasme, l\u2019abondance d\u2019id\u00e9es et la cr\u00e9ativit\u00e9.<\/strong><\/p>\n<p>Domaine <strong>physique<\/strong> ou corporel, l\u2019ensemble de l\u2019organisme avec les sens, les organes et les fonctions :<\/p>\n<p><strong>Diminue la sensibilit\u00e9 au froid et att\u00e9nue les rhumatismes et la goutte.<\/strong><\/p>\n<h4>7 &#8211; <strong>Les vertus de la turquoise :<\/strong><\/h4>\n<p>Domaine <strong>spirituel<\/strong>, celui de l\u2019\u00eatre humain avec ses intentions, ses buts ou ses pr\u00e9occupations existentielles :<\/p>\n<p><strong>Destin.<\/strong><\/p>\n<p>Domaine de <strong>l\u2019\u00e2me<\/strong> ou du subconscient, ainsi que les notions de temp\u00e9rament, de sentiments, de sensations, de r\u00eaves, de v\u00e9cu sur le plan animique, d\u2019habitudes et de r\u00e9actions inconscientes :<\/p>\n<p><strong>\u00c9quilibrant, stimulant, prot\u00e8ge des influences ext\u00e9rieures.<\/strong><\/p>\n<p>Domaine <strong>mental<\/strong> avec les id\u00e9es, la raison, les convictions, les consid\u00e9rations, ainsi que le mode de pens\u00e9e et d\u2019action consciente :<\/p>\n<p><strong>Permet d\u2019identifier les causes du bonheur et du malheur et de les ma\u00eetriser.<\/strong><\/p>\n<p>Domaine <strong>physique<\/strong> ou corporel, l\u2019ensemble de l\u2019organisme avec les sens, les organes et les fonctions :<\/p>\n<p><strong>Aide en cas d\u2019\u00e9puisement, d\u2019hyperacidit\u00e9, de rhumatismes, de goutte, de troubles gastriques et de crampes.<\/strong><\/p>\n","protected":false},"excerpt":{"rendered":"<table>\n<tbody>\n<tr>\n<td style=\"texte-align: left; color: gray; border: none;\"><strong>Hors frais d&rsquo;exp\u00e9dition<\/strong><\/td>\n<\/tr>\n<tr>\n<td style=\"texte-align: left; color: gray; border: none;\"><strong>Bijoux confectionn\u00e9s sur-mesure, sur commande<br \/>Les couleurs et motifs des pierres varient d&rsquo;un bijou \u00e0 un autre<br \/>D\u00e9lai de confection environ 30 jours<\/strong><\/td>\n<\/tr>\n<tr>\n<td style=\"texte-align: left; color: blue; border: none;\"><a style=\"color: #a15fe2;\" href=\"https:\/\/lescreationsde.celineinmyworldmedium.com\/index.php\/mesurer-son-tour-de-poignet-pour-bracelets\/\" target=\"_blank\" rel=\"noopener\"><strong>Comment mesurer son tour de poignet<\/strong><\/a><\/td>\n<\/tr>\n<\/tbody>\n<\/table>\n","protected":false},"featured_media":1980,"comment_status":"open","ping_status":"closed","template":"","meta":[],"product_brand":[],"product_cat":[31,723,459,54,591,651,476,472],"product_tag":[125,653,58,152,171,106,42,44,38,47,43,41,40,39,23,25,632,36,34,757,26,37,35,16,24,45,17,255,654,33,318,32,27,22,28,149,442],"class_list":{"0":"post-1978","1":"product","2":"type-product","3":"status-publish","4":"has-post-thumbnail","6":"product_cat-bracelets","7":"product_cat-abalone-pierres","8":"product_cat-agate-pierres-boutique","9":"product_cat-aigue-marine","10":"product_cat-apatite-pierres","11":"product_cat-disthene-bleu-pierres","12":"product_cat-labradorite-pierres","13":"product_cat-turquoise-pierres","14":"product_tag-abalone","15":"product_tag-agate-a-signature-dinflammation","16":"product_tag-aigue-marine","17":"product_tag-amour","18":"product_tag-apatite-bleue","19":"product_tag-argent","20":"product_tag-bijou","21":"product_tag-bijou-energetique","22":"product_tag-bijoux","23":"product_tag-bijoux-anti-allergies","24":"product_tag-bijoux-energetiques","25":"product_tag-bijoux-fait-main","26":"product_tag-bijoux-personnalises","27":"product_tag-bijoux-sur-mesure","28":"product_tag-boucles-doreilles","29":"product_tag-bracelet","30":"product_tag-bracelet-anti-stress","31":"product_tag-bracelet-femme","32":"product_tag-bracelet-homme","33":"product_tag-bracelet-personnalise-pour-chakra-de-la-gorge-avec-lune","34":"product_tag-bracelets","35":"product_tag-bracelets-femme","36":"product_tag-bracelets-homme","37":"product_tag-collier","38":"product_tag-collier-femme","39":"product_tag-collier-personnalise","40":"product_tag-colliers","41":"product_tag-cornaline","42":"product_tag-disthene-bleue-cyanite","43":"product_tag-energetique","44":"product_tag-labradorite-spectrolite","45":"product_tag-lithotherapie","46":"product_tag-pierre","47":"product_tag-pierre-semi-precieuse","48":"product_tag-pierres-naturelles","49":"product_tag-protection","50":"product_tag-turquoise","52":"first","53":"instock","54":"shipping-taxable","55":"purchasable","56":"product-type-variable"},"yoast_head":"<!-- This site is optimized with the Yoast SEO plugin v27.2 - https:\/\/yoast.com\/product\/yoast-seo-wordpress\/ -->\n<title>La Boutique - Bracelet personnalis\u00e9 pour chakra de la gorge avec lune<\/title>\n<meta name=\"description\" content=\"Ma\u00eetrise r\u00e9fl\u00e9chie des difficult\u00e9s. En cas d\u2019inflammations de tous les organes ou tissus, favorise la transpiration en cas de fi\u00e8vre.\" \/>\n<meta name=\"robots\" content=\"index, follow, max-snippet:-1, max-image-preview:large, max-video-preview:-1\" \/>\n<link rel=\"canonical\" href=\"https:\/\/lescreationsde.celineinmyworldmedium.com\/index.php\/produit\/bracelet-personnalise-pour-chakra-de-la-gorge-avec-lune\/\" \/>\n<meta property=\"og:locale\" content=\"fr_FR\" \/>\n<meta property=\"og:type\" content=\"article\" \/>\n<meta property=\"og:title\" content=\"La Boutique - Bracelet personnalis\u00e9 pour chakra de la gorge avec lune\" \/>\n<meta property=\"og:description\" content=\"Ma\u00eetrise r\u00e9fl\u00e9chie des difficult\u00e9s. En cas d\u2019inflammations de tous les organes ou tissus, favorise la transpiration en cas de fi\u00e8vre.\" \/>\n<meta property=\"og:url\" content=\"https:\/\/lescreationsde.celineinmyworldmedium.com\/index.php\/produit\/bracelet-personnalise-pour-chakra-de-la-gorge-avec-lune\/\" \/>\n<meta property=\"og:site_name\" content=\"Les cr\u00e9ations de C\u00e9line Inmyworld\" \/>\n<meta property=\"article:modified_time\" content=\"2024-03-10T22:54:18+00:00\" \/>\n<meta property=\"og:image\" content=\"https:\/\/lescreationsde.celineinmyworldmedium.com\/wp-content\/uploads\/2021\/05\/Bracelet_personnalise_chakra_de_la_gorge_avec_lune.jpg\" \/>\n\t<meta property=\"og:image:width\" content=\"941\" \/>\n\t<meta property=\"og:image:height\" content=\"1253\" \/>\n\t<meta property=\"og:image:type\" content=\"image\/jpeg\" \/>\n<meta name=\"twitter:card\" content=\"summary_large_image\" \/>\n<meta name=\"twitter:label1\" content=\"Dur\u00e9e de lecture estim\u00e9e\" \/>\n\t<meta name=\"twitter:data1\" content=\"4 minutes\" \/>\n<script type=\"application\/ld+json\" class=\"yoast-schema-graph\">{\"@context\":\"https:\/\/schema.org\",\"@graph\":[{\"@type\":\"WebPage\",\"@id\":\"https:\/\/lescreationsde.celineinmyworldmedium.com\/index.php\/produit\/bracelet-personnalise-pour-chakra-de-la-gorge-avec-lune\/\",\"url\":\"https:\/\/lescreationsde.celineinmyworldmedium.com\/index.php\/produit\/bracelet-personnalise-pour-chakra-de-la-gorge-avec-lune\/\",\"name\":\"La Boutique - Bracelet personnalis\u00e9 pour chakra de la gorge avec lune\",\"isPartOf\":{\"@id\":\"https:\/\/lescreationsde.celineinmyworldmedium.com\/#website\"},\"primaryImageOfPage\":{\"@id\":\"https:\/\/lescreationsde.celineinmyworldmedium.com\/index.php\/produit\/bracelet-personnalise-pour-chakra-de-la-gorge-avec-lune\/#primaryimage\"},\"image\":{\"@id\":\"https:\/\/lescreationsde.celineinmyworldmedium.com\/index.php\/produit\/bracelet-personnalise-pour-chakra-de-la-gorge-avec-lune\/#primaryimage\"},\"thumbnailUrl\":\"https:\/\/lescreationsde.celineinmyworldmedium.com\/wp-content\/uploads\/2021\/05\/Bracelet_personnalise_chakra_de_la_gorge_avec_lune.jpg\",\"datePublished\":\"2021-05-11T16:14:47+00:00\",\"dateModified\":\"2024-03-10T22:54:18+00:00\",\"description\":\"Ma\u00eetrise r\u00e9fl\u00e9chie des difficult\u00e9s. En cas d\u2019inflammations de tous les organes ou tissus, favorise la transpiration en cas de fi\u00e8vre.\",\"breadcrumb\":{\"@id\":\"https:\/\/lescreationsde.celineinmyworldmedium.com\/index.php\/produit\/bracelet-personnalise-pour-chakra-de-la-gorge-avec-lune\/#breadcrumb\"},\"inLanguage\":\"fr-FR\",\"potentialAction\":[{\"@type\":\"ReadAction\",\"target\":[\"https:\/\/lescreationsde.celineinmyworldmedium.com\/index.php\/produit\/bracelet-personnalise-pour-chakra-de-la-gorge-avec-lune\/\"]}]},{\"@type\":\"ImageObject\",\"inLanguage\":\"fr-FR\",\"@id\":\"https:\/\/lescreationsde.celineinmyworldmedium.com\/index.php\/produit\/bracelet-personnalise-pour-chakra-de-la-gorge-avec-lune\/#primaryimage\",\"url\":\"https:\/\/lescreationsde.celineinmyworldmedium.com\/wp-content\/uploads\/2021\/05\/Bracelet_personnalise_chakra_de_la_gorge_avec_lune.jpg\",\"contentUrl\":\"https:\/\/lescreationsde.celineinmyworldmedium.com\/wp-content\/uploads\/2021\/05\/Bracelet_personnalise_chakra_de_la_gorge_avec_lune.jpg\",\"width\":941,\"height\":1253,\"caption\":\"Bracelet personnalis\u00e9 pour chakra de la gorge avec lune\"},{\"@type\":\"BreadcrumbList\",\"@id\":\"https:\/\/lescreationsde.celineinmyworldmedium.com\/index.php\/produit\/bracelet-personnalise-pour-chakra-de-la-gorge-avec-lune\/#breadcrumb\",\"itemListElement\":[{\"@type\":\"ListItem\",\"position\":1,\"name\":\"Accueil\",\"item\":\"https:\/\/lescreationsde.celineinmyworldmedium.com\/\"},{\"@type\":\"ListItem\",\"position\":2,\"name\":\"Produits\",\"item\":\"https:\/\/lescreationsde.celineinmyworldmedium.com\/index.php\/boutique\/\"},{\"@type\":\"ListItem\",\"position\":3,\"name\":\"Bracelet personnalis\u00e9 pour chakra de la gorge avec lune\"}]},{\"@type\":\"WebSite\",\"@id\":\"https:\/\/lescreationsde.celineinmyworldmedium.com\/#website\",\"url\":\"https:\/\/lescreationsde.celineinmyworldmedium.com\/\",\"name\":\"Les cr\u00e9ations de C\u00e9line Inmyworld\",\"description\":\"Cr\u00e9ation de bijoux personnalis\u00e9s, sur-mesure, en pierres semi-pr\u00e9cieuses de qualit\u00e9. Bracelets, boucles d&#039;oreilles, colliers, sautoirs, malas, cha\u00eenes de cheville, bagues...\u2764\",\"publisher\":{\"@id\":\"https:\/\/lescreationsde.celineinmyworldmedium.com\/#organization\"},\"potentialAction\":[{\"@type\":\"SearchAction\",\"target\":{\"@type\":\"EntryPoint\",\"urlTemplate\":\"https:\/\/lescreationsde.celineinmyworldmedium.com\/?s={search_term_string}\"},\"query-input\":{\"@type\":\"PropertyValueSpecification\",\"valueRequired\":true,\"valueName\":\"search_term_string\"}}],\"inLanguage\":\"fr-FR\"},{\"@type\":\"Organization\",\"@id\":\"https:\/\/lescreationsde.celineinmyworldmedium.com\/#organization\",\"name\":\"Les cr\u00e9ations de C\u00e9line Inmyworld\",\"url\":\"https:\/\/lescreationsde.celineinmyworldmedium.com\/\",\"logo\":{\"@type\":\"ImageObject\",\"inLanguage\":\"fr-FR\",\"@id\":\"https:\/\/lescreationsde.celineinmyworldmedium.com\/#\/schema\/logo\/image\/\",\"url\":\"https:\/\/lescreationsde.celineinmyworldmedium.com\/wp-content\/uploads\/2021\/03\/logo_creations3.png\",\"contentUrl\":\"https:\/\/lescreationsde.celineinmyworldmedium.com\/wp-content\/uploads\/2021\/03\/logo_creations3.png\",\"width\":613,\"height\":190,\"caption\":\"Les cr\u00e9ations de C\u00e9line Inmyworld\"},\"image\":{\"@id\":\"https:\/\/lescreationsde.celineinmyworldmedium.com\/#\/schema\/logo\/image\/\"}}]}<\/script>\n<!-- \/ Yoast SEO plugin. -->","yoast_head_json":{"title":"La Boutique - Bracelet personnalis\u00e9 pour chakra de la gorge avec lune","description":"Ma\u00eetrise r\u00e9fl\u00e9chie des difficult\u00e9s. En cas d\u2019inflammations de tous les organes ou tissus, favorise la transpiration en cas de fi\u00e8vre.","robots":{"index":"index","follow":"follow","max-snippet":"max-snippet:-1","max-image-preview":"max-image-preview:large","max-video-preview":"max-video-preview:-1"},"canonical":"https:\/\/lescreationsde.celineinmyworldmedium.com\/index.php\/produit\/bracelet-personnalise-pour-chakra-de-la-gorge-avec-lune\/","og_locale":"fr_FR","og_type":"article","og_title":"La Boutique - Bracelet personnalis\u00e9 pour chakra de la gorge avec lune","og_description":"Ma\u00eetrise r\u00e9fl\u00e9chie des difficult\u00e9s. En cas d\u2019inflammations de tous les organes ou tissus, favorise la transpiration en cas de fi\u00e8vre.","og_url":"https:\/\/lescreationsde.celineinmyworldmedium.com\/index.php\/produit\/bracelet-personnalise-pour-chakra-de-la-gorge-avec-lune\/","og_site_name":"Les cr\u00e9ations de C\u00e9line Inmyworld","article_modified_time":"2024-03-10T22:54:18+00:00","og_image":[{"width":941,"height":1253,"url":"https:\/\/lescreationsde.celineinmyworldmedium.com\/wp-content\/uploads\/2021\/05\/Bracelet_personnalise_chakra_de_la_gorge_avec_lune.jpg","type":"image\/jpeg"}],"twitter_card":"summary_large_image","twitter_misc":{"Dur\u00e9e de lecture estim\u00e9e":"4 minutes"},"schema":{"@context":"https:\/\/schema.org","@graph":[{"@type":"WebPage","@id":"https:\/\/lescreationsde.celineinmyworldmedium.com\/index.php\/produit\/bracelet-personnalise-pour-chakra-de-la-gorge-avec-lune\/","url":"https:\/\/lescreationsde.celineinmyworldmedium.com\/index.php\/produit\/bracelet-personnalise-pour-chakra-de-la-gorge-avec-lune\/","name":"La Boutique - Bracelet personnalis\u00e9 pour chakra de la gorge avec lune","isPartOf":{"@id":"https:\/\/lescreationsde.celineinmyworldmedium.com\/#website"},"primaryImageOfPage":{"@id":"https:\/\/lescreationsde.celineinmyworldmedium.com\/index.php\/produit\/bracelet-personnalise-pour-chakra-de-la-gorge-avec-lune\/#primaryimage"},"image":{"@id":"https:\/\/lescreationsde.celineinmyworldmedium.com\/index.php\/produit\/bracelet-personnalise-pour-chakra-de-la-gorge-avec-lune\/#primaryimage"},"thumbnailUrl":"https:\/\/lescreationsde.celineinmyworldmedium.com\/wp-content\/uploads\/2021\/05\/Bracelet_personnalise_chakra_de_la_gorge_avec_lune.jpg","datePublished":"2021-05-11T16:14:47+00:00","dateModified":"2024-03-10T22:54:18+00:00","description":"Ma\u00eetrise r\u00e9fl\u00e9chie des difficult\u00e9s. En cas d\u2019inflammations de tous les organes ou tissus, favorise la transpiration en cas de fi\u00e8vre.","breadcrumb":{"@id":"https:\/\/lescreationsde.celineinmyworldmedium.com\/index.php\/produit\/bracelet-personnalise-pour-chakra-de-la-gorge-avec-lune\/#breadcrumb"},"inLanguage":"fr-FR","potentialAction":[{"@type":"ReadAction","target":["https:\/\/lescreationsde.celineinmyworldmedium.com\/index.php\/produit\/bracelet-personnalise-pour-chakra-de-la-gorge-avec-lune\/"]}]},{"@type":"ImageObject","inLanguage":"fr-FR","@id":"https:\/\/lescreationsde.celineinmyworldmedium.com\/index.php\/produit\/bracelet-personnalise-pour-chakra-de-la-gorge-avec-lune\/#primaryimage","url":"https:\/\/lescreationsde.celineinmyworldmedium.com\/wp-content\/uploads\/2021\/05\/Bracelet_personnalise_chakra_de_la_gorge_avec_lune.jpg","contentUrl":"https:\/\/lescreationsde.celineinmyworldmedium.com\/wp-content\/uploads\/2021\/05\/Bracelet_personnalise_chakra_de_la_gorge_avec_lune.jpg","width":941,"height":1253,"caption":"Bracelet personnalis\u00e9 pour chakra de la gorge avec lune"},{"@type":"BreadcrumbList","@id":"https:\/\/lescreationsde.celineinmyworldmedium.com\/index.php\/produit\/bracelet-personnalise-pour-chakra-de-la-gorge-avec-lune\/#breadcrumb","itemListElement":[{"@type":"ListItem","position":1,"name":"Accueil","item":"https:\/\/lescreationsde.celineinmyworldmedium.com\/"},{"@type":"ListItem","position":2,"name":"Produits","item":"https:\/\/lescreationsde.celineinmyworldmedium.com\/index.php\/boutique\/"},{"@type":"ListItem","position":3,"name":"Bracelet personnalis\u00e9 pour chakra de la gorge avec lune"}]},{"@type":"WebSite","@id":"https:\/\/lescreationsde.celineinmyworldmedium.com\/#website","url":"https:\/\/lescreationsde.celineinmyworldmedium.com\/","name":"Les cr\u00e9ations de C\u00e9line Inmyworld","description":"Cr\u00e9ation de bijoux personnalis\u00e9s, sur-mesure, en pierres semi-pr\u00e9cieuses de qualit\u00e9. Bracelets, boucles d&#039;oreilles, colliers, sautoirs, malas, cha\u00eenes de cheville, bagues...\u2764","publisher":{"@id":"https:\/\/lescreationsde.celineinmyworldmedium.com\/#organization"},"potentialAction":[{"@type":"SearchAction","target":{"@type":"EntryPoint","urlTemplate":"https:\/\/lescreationsde.celineinmyworldmedium.com\/?s={search_term_string}"},"query-input":{"@type":"PropertyValueSpecification","valueRequired":true,"valueName":"search_term_string"}}],"inLanguage":"fr-FR"},{"@type":"Organization","@id":"https:\/\/lescreationsde.celineinmyworldmedium.com\/#organization","name":"Les cr\u00e9ations de C\u00e9line Inmyworld","url":"https:\/\/lescreationsde.celineinmyworldmedium.com\/","logo":{"@type":"ImageObject","inLanguage":"fr-FR","@id":"https:\/\/lescreationsde.celineinmyworldmedium.com\/#\/schema\/logo\/image\/","url":"https:\/\/lescreationsde.celineinmyworldmedium.com\/wp-content\/uploads\/2021\/03\/logo_creations3.png","contentUrl":"https:\/\/lescreationsde.celineinmyworldmedium.com\/wp-content\/uploads\/2021\/03\/logo_creations3.png","width":613,"height":190,"caption":"Les cr\u00e9ations de C\u00e9line Inmyworld"},"image":{"@id":"https:\/\/lescreationsde.celineinmyworldmedium.com\/#\/schema\/logo\/image\/"}}]}},"jetpack_sharing_enabled":true,"_links":{"self":[{"href":"https:\/\/lescreationsde.celineinmyworldmedium.com\/index.php\/wp-json\/wp\/v2\/product\/1978","targetHints":{"allow":["GET"]}}],"collection":[{"href":"https:\/\/lescreationsde.celineinmyworldmedium.com\/index.php\/wp-json\/wp\/v2\/product"}],"about":[{"href":"https:\/\/lescreationsde.celineinmyworldmedium.com\/index.php\/wp-json\/wp\/v2\/types\/product"}],"replies":[{"embeddable":true,"href":"https:\/\/lescreationsde.celineinmyworldmedium.com\/index.php\/wp-json\/wp\/v2\/comments?post=1978"}],"wp:featuredmedia":[{"embeddable":true,"href":"https:\/\/lescreationsde.celineinmyworldmedium.com\/index.php\/wp-json\/wp\/v2\/media\/1980"}],"wp:attachment":[{"href":"https:\/\/lescreationsde.celineinmyworldmedium.com\/index.php\/wp-json\/wp\/v2\/media?parent=1978"}],"wp:term":[{"taxonomy":"product_brand","embeddable":true,"href":"https:\/\/lescreationsde.celineinmyworldmedium.com\/index.php\/wp-json\/wp\/v2\/product_brand?post=1978"},{"taxonomy":"product_cat","embeddable":true,"href":"https:\/\/lescreationsde.celineinmyworldmedium.com\/index.php\/wp-json\/wp\/v2\/product_cat?post=1978"},{"taxonomy":"product_tag","embeddable":true,"href":"https:\/\/lescreationsde.celineinmyworldmedium.com\/index.php\/wp-json\/wp\/v2\/product_tag?post=1978"}],"curies":[{"name":"wp","href":"https:\/\/api.w.org\/{rel}","templated":true}]}}