{"id":1943,"date":"2021-05-04T17:50:42","date_gmt":"2021-05-04T15:50:42","guid":{"rendered":"https:\/\/lescreationsde.celineinmyworldmedium.com\/?post_type=product&#038;p=1943"},"modified":"2024-03-10T23:54:13","modified_gmt":"2024-03-10T22:54:13","slug":"bracelet-en-tourmaline-polychrome-et-graines-de-rudraksha-pour-la-protection-et-lancrage","status":"publish","type":"product","link":"https:\/\/lescreationsde.celineinmyworldmedium.com\/index.php\/produit\/bracelet-en-tourmaline-polychrome-et-graines-de-rudraksha-pour-la-protection-et-lancrage\/","title":{"rendered":"Bracelet en tourmaline polychrome et graines de Rudraksha pour la protection et l&rsquo;ancrage"},"content":{"rendered":"<h4>Les vertus de la tourmaline polychrome<span class=\"d2edcug0 hpfvmrgz qv66sw1b c1et5uql lr9zc1uh a8c37x1j keod5gw0 nxhoafnm aigsh9s9 d3f4x2em fe6kdd0r mau55g9w c8b282yb iv3no6db gfeo3gy3 a3bd9o3v knj5qynh oo9gr5id\" dir=\"auto\"> :<\/span><\/h4>\n<p>Domaine <strong>spirituel<\/strong>, celui de l\u2019\u00eatre humain avec ses intentions, ses buts ou ses pr\u00e9occupations existentielles :<\/p>\n<p><strong>Totalit\u00e9 : Aide \u00e0 relier l\u2019esprit, l\u2019\u00e2me, la raison et le corps pour former une unit\u00e9 harmonieuse.<\/strong><\/p>\n<p>Domaine de <strong>l\u2019\u00e2me<\/strong> ou du subconscient, ainsi que les notions de temp\u00e9rament, de sentiments, de sensations, de r\u00eaves, de v\u00e9cu sur le plan animique, d\u2019habitudes et de r\u00e9actions inconscientes :<\/p>\n<p><strong>Stimule l\u2019imagination et les r\u00eaves.<\/strong><\/p>\n<p>Domaine <strong>mental<\/strong> avec les id\u00e9es, la raison, les convictions, les consid\u00e9rations, ainsi que le mode de pens\u00e9e et d\u2019action consciente :<\/p>\n<p><strong>Aide \u00e0 identifier et \u00e0 diriger les \u00e9volutions.<\/strong><\/p>\n<p>Domaine <strong>physique<\/strong> ou corporel, l\u2019ensemble de l\u2019organisme avec les sens, les organes et les fonctions :<\/p>\n<p><strong>Harmonise les nerfs, le m\u00e9tabolisme, les glandes hormonales et le syst\u00e8me immunitaire.<\/strong><\/p>\n<p><em><strong>Les Graines de Rudraksha :<\/strong><\/em><br \/>\n<em>La m\u00e9decine ayurv\u00e9dique attribue des vertus b\u00e9n\u00e9fiques et bienfaisantes au Rudraksha. Les graines ont un puissant rayonnement \u00e9lectromagn\u00e9tique qui renforce notre champ \u00e9nerg\u00e9tique. Le port de ces graines aide \u00e0 \u00e9quilibrer le fonctionnement de nos organes. Le 25\u00e8me chapitre de Vidyeshwar Samhita indique que le port du Rudraksha d\u00e9truit le mal et les d\u00e9mons.<\/em><\/p>\n","protected":false},"excerpt":{"rendered":"<table>\n<tbody>\n<tr>\n<td style=\"texte-align: left; color: gray; border: none;\"><strong>Hors frais d&rsquo;exp\u00e9dition<\/strong><\/td>\n<\/tr>\n<tr>\n<td style=\"texte-align: left; color: gray; border: none;\"><strong>Bijoux confectionn\u00e9s sur-mesure, sur commande<br \/>Les couleurs et motifs des pierres varient d&rsquo;un bijou \u00e0 un autre<br \/>D\u00e9lai de confection environ 30 jours<\/strong><\/td>\n<\/tr>\n<tr>\n<td style=\"texte-align: left; color: blue; border: none;\"><a style=\"color: #a15fe2;\" href=\"https:\/\/lescreationsde.celineinmyworldmedium.com\/index.php\/mesurer-son-tour-de-poignet-pour-bracelets\/\" target=\"_blank\" rel=\"noopener\"><strong>Comment mesurer son tour de poignet<\/strong><\/a><\/td>\n<\/tr>\n<\/tbody>\n<\/table>\n","protected":false},"featured_media":1945,"comment_status":"open","ping_status":"closed","template":"","meta":[],"product_brand":[],"product_cat":[31,705,540],"product_tag":[152,106,42,44,38,47,43,41,40,39,23,25,36,34,749,26,37,35,16,24,45,17,33,709,32,379,27,22,28,440],"class_list":{"0":"post-1943","1":"product","2":"type-product","3":"status-publish","4":"has-post-thumbnail","6":"product_cat-bracelets","7":"product_cat-graines-de-rudraksha-bodhi-pierres","8":"product_cat-tourmaline-pierres","9":"product_tag-amour","10":"product_tag-argent","11":"product_tag-bijou","12":"product_tag-bijou-energetique","13":"product_tag-bijoux","14":"product_tag-bijoux-anti-allergies","15":"product_tag-bijoux-energetiques","16":"product_tag-bijoux-fait-main","17":"product_tag-bijoux-personnalises","18":"product_tag-bijoux-sur-mesure","19":"product_tag-boucles-doreilles","20":"product_tag-bracelet","21":"product_tag-bracelet-femme","22":"product_tag-bracelet-homme","23":"product_tag-bracelet-pour-la-protection-et-lancrage","24":"product_tag-bracelets","25":"product_tag-bracelets-femme","26":"product_tag-bracelets-homme","27":"product_tag-collier","28":"product_tag-collier-femme","29":"product_tag-collier-personnalise","30":"product_tag-colliers","31":"product_tag-energetique","32":"product_tag-graines-de-rudraksha-bodhi","33":"product_tag-lithotherapie","34":"product_tag-ophite","35":"product_tag-pierre","36":"product_tag-pierre-semi-precieuse","37":"product_tag-pierres-naturelles","38":"product_tag-tourmaline-polychrome","40":"first","41":"instock","42":"shipping-taxable","43":"purchasable","44":"product-type-variable"},"yoast_head":"<!-- This site is optimized with the Yoast SEO plugin v27.2 - https:\/\/yoast.com\/product\/yoast-seo-wordpress\/ -->\n<title>Bracelet en tourmaline polychrome pour la protection et l&#039;ancrage<\/title>\n<meta name=\"description\" content=\"Totalit\u00e9 : Aide \u00e0 relier l\u2019esprit, l\u2019\u00e2me, la raison et le corps pour former une unit\u00e9 harmonieuse. Stimule l\u2019imagination et les r\u00eaves.\" \/>\n<meta name=\"robots\" content=\"index, follow, max-snippet:-1, max-image-preview:large, max-video-preview:-1\" \/>\n<link rel=\"canonical\" href=\"https:\/\/lescreationsde.celineinmyworldmedium.com\/index.php\/produit\/bracelet-en-tourmaline-polychrome-et-graines-de-rudraksha-pour-la-protection-et-lancrage\/\" \/>\n<meta property=\"og:locale\" content=\"fr_FR\" \/>\n<meta property=\"og:type\" content=\"article\" \/>\n<meta property=\"og:title\" content=\"Bracelet en tourmaline polychrome pour la protection et l&#039;ancrage\" \/>\n<meta property=\"og:description\" content=\"Totalit\u00e9 : Aide \u00e0 relier l\u2019esprit, l\u2019\u00e2me, la raison et le corps pour former une unit\u00e9 harmonieuse. Stimule l\u2019imagination et les r\u00eaves.\" \/>\n<meta property=\"og:url\" content=\"https:\/\/lescreationsde.celineinmyworldmedium.com\/index.php\/produit\/bracelet-en-tourmaline-polychrome-et-graines-de-rudraksha-pour-la-protection-et-lancrage\/\" \/>\n<meta property=\"og:site_name\" content=\"Les cr\u00e9ations de C\u00e9line Inmyworld\" \/>\n<meta property=\"article:modified_time\" content=\"2024-03-10T22:54:13+00:00\" \/>\n<meta property=\"og:image\" content=\"https:\/\/lescreationsde.celineinmyworldmedium.com\/wp-content\/uploads\/2021\/05\/Bracelet_en_tourmaline_polychrome_et_graines_de_Rudraksha_pour_la_protection_et_l-ancrage.jpg\" \/>\n\t<meta property=\"og:image:width\" content=\"1072\" \/>\n\t<meta property=\"og:image:height\" content=\"1071\" \/>\n\t<meta property=\"og:image:type\" content=\"image\/jpeg\" \/>\n<meta name=\"twitter:card\" content=\"summary_large_image\" \/>\n<meta name=\"twitter:label1\" content=\"Dur\u00e9e de lecture estim\u00e9e\" \/>\n\t<meta name=\"twitter:data1\" content=\"1 minute\" \/>\n<script type=\"application\/ld+json\" class=\"yoast-schema-graph\">{\"@context\":\"https:\/\/schema.org\",\"@graph\":[{\"@type\":\"WebPage\",\"@id\":\"https:\/\/lescreationsde.celineinmyworldmedium.com\/index.php\/produit\/bracelet-en-tourmaline-polychrome-et-graines-de-rudraksha-pour-la-protection-et-lancrage\/\",\"url\":\"https:\/\/lescreationsde.celineinmyworldmedium.com\/index.php\/produit\/bracelet-en-tourmaline-polychrome-et-graines-de-rudraksha-pour-la-protection-et-lancrage\/\",\"name\":\"Bracelet en tourmaline polychrome pour la protection et l'ancrage\",\"isPartOf\":{\"@id\":\"https:\/\/lescreationsde.celineinmyworldmedium.com\/#website\"},\"primaryImageOfPage\":{\"@id\":\"https:\/\/lescreationsde.celineinmyworldmedium.com\/index.php\/produit\/bracelet-en-tourmaline-polychrome-et-graines-de-rudraksha-pour-la-protection-et-lancrage\/#primaryimage\"},\"image\":{\"@id\":\"https:\/\/lescreationsde.celineinmyworldmedium.com\/index.php\/produit\/bracelet-en-tourmaline-polychrome-et-graines-de-rudraksha-pour-la-protection-et-lancrage\/#primaryimage\"},\"thumbnailUrl\":\"https:\/\/lescreationsde.celineinmyworldmedium.com\/wp-content\/uploads\/2021\/05\/Bracelet_en_tourmaline_polychrome_et_graines_de_Rudraksha_pour_la_protection_et_l-ancrage.jpg\",\"datePublished\":\"2021-05-04T15:50:42+00:00\",\"dateModified\":\"2024-03-10T22:54:13+00:00\",\"description\":\"Totalit\u00e9 : Aide \u00e0 relier l\u2019esprit, l\u2019\u00e2me, la raison et le corps pour former une unit\u00e9 harmonieuse. Stimule l\u2019imagination et les r\u00eaves.\",\"breadcrumb\":{\"@id\":\"https:\/\/lescreationsde.celineinmyworldmedium.com\/index.php\/produit\/bracelet-en-tourmaline-polychrome-et-graines-de-rudraksha-pour-la-protection-et-lancrage\/#breadcrumb\"},\"inLanguage\":\"fr-FR\",\"potentialAction\":[{\"@type\":\"ReadAction\",\"target\":[\"https:\/\/lescreationsde.celineinmyworldmedium.com\/index.php\/produit\/bracelet-en-tourmaline-polychrome-et-graines-de-rudraksha-pour-la-protection-et-lancrage\/\"]}]},{\"@type\":\"ImageObject\",\"inLanguage\":\"fr-FR\",\"@id\":\"https:\/\/lescreationsde.celineinmyworldmedium.com\/index.php\/produit\/bracelet-en-tourmaline-polychrome-et-graines-de-rudraksha-pour-la-protection-et-lancrage\/#primaryimage\",\"url\":\"https:\/\/lescreationsde.celineinmyworldmedium.com\/wp-content\/uploads\/2021\/05\/Bracelet_en_tourmaline_polychrome_et_graines_de_Rudraksha_pour_la_protection_et_l-ancrage.jpg\",\"contentUrl\":\"https:\/\/lescreationsde.celineinmyworldmedium.com\/wp-content\/uploads\/2021\/05\/Bracelet_en_tourmaline_polychrome_et_graines_de_Rudraksha_pour_la_protection_et_l-ancrage.jpg\",\"width\":1072,\"height\":1071,\"caption\":\"Bracelet en tourmaline polychrome et graines de Rudraksha pour la protection et l'ancrage\"},{\"@type\":\"BreadcrumbList\",\"@id\":\"https:\/\/lescreationsde.celineinmyworldmedium.com\/index.php\/produit\/bracelet-en-tourmaline-polychrome-et-graines-de-rudraksha-pour-la-protection-et-lancrage\/#breadcrumb\",\"itemListElement\":[{\"@type\":\"ListItem\",\"position\":1,\"name\":\"Accueil\",\"item\":\"https:\/\/lescreationsde.celineinmyworldmedium.com\/\"},{\"@type\":\"ListItem\",\"position\":2,\"name\":\"Produits\",\"item\":\"https:\/\/lescreationsde.celineinmyworldmedium.com\/index.php\/boutique\/\"},{\"@type\":\"ListItem\",\"position\":3,\"name\":\"Bracelet en tourmaline polychrome et graines de Rudraksha pour la protection et l&rsquo;ancrage\"}]},{\"@type\":\"WebSite\",\"@id\":\"https:\/\/lescreationsde.celineinmyworldmedium.com\/#website\",\"url\":\"https:\/\/lescreationsde.celineinmyworldmedium.com\/\",\"name\":\"Les cr\u00e9ations de C\u00e9line Inmyworld\",\"description\":\"Cr\u00e9ation de bijoux personnalis\u00e9s, sur-mesure, en pierres semi-pr\u00e9cieuses de qualit\u00e9. Bracelets, boucles d&#039;oreilles, colliers, sautoirs, malas, cha\u00eenes de cheville, bagues...\u2764\",\"publisher\":{\"@id\":\"https:\/\/lescreationsde.celineinmyworldmedium.com\/#organization\"},\"potentialAction\":[{\"@type\":\"SearchAction\",\"target\":{\"@type\":\"EntryPoint\",\"urlTemplate\":\"https:\/\/lescreationsde.celineinmyworldmedium.com\/?s={search_term_string}\"},\"query-input\":{\"@type\":\"PropertyValueSpecification\",\"valueRequired\":true,\"valueName\":\"search_term_string\"}}],\"inLanguage\":\"fr-FR\"},{\"@type\":\"Organization\",\"@id\":\"https:\/\/lescreationsde.celineinmyworldmedium.com\/#organization\",\"name\":\"Les cr\u00e9ations de C\u00e9line Inmyworld\",\"url\":\"https:\/\/lescreationsde.celineinmyworldmedium.com\/\",\"logo\":{\"@type\":\"ImageObject\",\"inLanguage\":\"fr-FR\",\"@id\":\"https:\/\/lescreationsde.celineinmyworldmedium.com\/#\/schema\/logo\/image\/\",\"url\":\"https:\/\/lescreationsde.celineinmyworldmedium.com\/wp-content\/uploads\/2021\/03\/logo_creations3.png\",\"contentUrl\":\"https:\/\/lescreationsde.celineinmyworldmedium.com\/wp-content\/uploads\/2021\/03\/logo_creations3.png\",\"width\":613,\"height\":190,\"caption\":\"Les cr\u00e9ations de C\u00e9line Inmyworld\"},\"image\":{\"@id\":\"https:\/\/lescreationsde.celineinmyworldmedium.com\/#\/schema\/logo\/image\/\"}}]}<\/script>\n<!-- \/ Yoast SEO plugin. -->","yoast_head_json":{"title":"Bracelet en tourmaline polychrome pour la protection et l'ancrage","description":"Totalit\u00e9 : Aide \u00e0 relier l\u2019esprit, l\u2019\u00e2me, la raison et le corps pour former une unit\u00e9 harmonieuse. Stimule l\u2019imagination et les r\u00eaves.","robots":{"index":"index","follow":"follow","max-snippet":"max-snippet:-1","max-image-preview":"max-image-preview:large","max-video-preview":"max-video-preview:-1"},"canonical":"https:\/\/lescreationsde.celineinmyworldmedium.com\/index.php\/produit\/bracelet-en-tourmaline-polychrome-et-graines-de-rudraksha-pour-la-protection-et-lancrage\/","og_locale":"fr_FR","og_type":"article","og_title":"Bracelet en tourmaline polychrome pour la protection et l'ancrage","og_description":"Totalit\u00e9 : Aide \u00e0 relier l\u2019esprit, l\u2019\u00e2me, la raison et le corps pour former une unit\u00e9 harmonieuse. Stimule l\u2019imagination et les r\u00eaves.","og_url":"https:\/\/lescreationsde.celineinmyworldmedium.com\/index.php\/produit\/bracelet-en-tourmaline-polychrome-et-graines-de-rudraksha-pour-la-protection-et-lancrage\/","og_site_name":"Les cr\u00e9ations de C\u00e9line Inmyworld","article_modified_time":"2024-03-10T22:54:13+00:00","og_image":[{"width":1072,"height":1071,"url":"https:\/\/lescreationsde.celineinmyworldmedium.com\/wp-content\/uploads\/2021\/05\/Bracelet_en_tourmaline_polychrome_et_graines_de_Rudraksha_pour_la_protection_et_l-ancrage.jpg","type":"image\/jpeg"}],"twitter_card":"summary_large_image","twitter_misc":{"Dur\u00e9e de lecture estim\u00e9e":"1 minute"},"schema":{"@context":"https:\/\/schema.org","@graph":[{"@type":"WebPage","@id":"https:\/\/lescreationsde.celineinmyworldmedium.com\/index.php\/produit\/bracelet-en-tourmaline-polychrome-et-graines-de-rudraksha-pour-la-protection-et-lancrage\/","url":"https:\/\/lescreationsde.celineinmyworldmedium.com\/index.php\/produit\/bracelet-en-tourmaline-polychrome-et-graines-de-rudraksha-pour-la-protection-et-lancrage\/","name":"Bracelet en tourmaline polychrome pour la protection et l'ancrage","isPartOf":{"@id":"https:\/\/lescreationsde.celineinmyworldmedium.com\/#website"},"primaryImageOfPage":{"@id":"https:\/\/lescreationsde.celineinmyworldmedium.com\/index.php\/produit\/bracelet-en-tourmaline-polychrome-et-graines-de-rudraksha-pour-la-protection-et-lancrage\/#primaryimage"},"image":{"@id":"https:\/\/lescreationsde.celineinmyworldmedium.com\/index.php\/produit\/bracelet-en-tourmaline-polychrome-et-graines-de-rudraksha-pour-la-protection-et-lancrage\/#primaryimage"},"thumbnailUrl":"https:\/\/lescreationsde.celineinmyworldmedium.com\/wp-content\/uploads\/2021\/05\/Bracelet_en_tourmaline_polychrome_et_graines_de_Rudraksha_pour_la_protection_et_l-ancrage.jpg","datePublished":"2021-05-04T15:50:42+00:00","dateModified":"2024-03-10T22:54:13+00:00","description":"Totalit\u00e9 : Aide \u00e0 relier l\u2019esprit, l\u2019\u00e2me, la raison et le corps pour former une unit\u00e9 harmonieuse. Stimule l\u2019imagination et les r\u00eaves.","breadcrumb":{"@id":"https:\/\/lescreationsde.celineinmyworldmedium.com\/index.php\/produit\/bracelet-en-tourmaline-polychrome-et-graines-de-rudraksha-pour-la-protection-et-lancrage\/#breadcrumb"},"inLanguage":"fr-FR","potentialAction":[{"@type":"ReadAction","target":["https:\/\/lescreationsde.celineinmyworldmedium.com\/index.php\/produit\/bracelet-en-tourmaline-polychrome-et-graines-de-rudraksha-pour-la-protection-et-lancrage\/"]}]},{"@type":"ImageObject","inLanguage":"fr-FR","@id":"https:\/\/lescreationsde.celineinmyworldmedium.com\/index.php\/produit\/bracelet-en-tourmaline-polychrome-et-graines-de-rudraksha-pour-la-protection-et-lancrage\/#primaryimage","url":"https:\/\/lescreationsde.celineinmyworldmedium.com\/wp-content\/uploads\/2021\/05\/Bracelet_en_tourmaline_polychrome_et_graines_de_Rudraksha_pour_la_protection_et_l-ancrage.jpg","contentUrl":"https:\/\/lescreationsde.celineinmyworldmedium.com\/wp-content\/uploads\/2021\/05\/Bracelet_en_tourmaline_polychrome_et_graines_de_Rudraksha_pour_la_protection_et_l-ancrage.jpg","width":1072,"height":1071,"caption":"Bracelet en tourmaline polychrome et graines de Rudraksha pour la protection et l'ancrage"},{"@type":"BreadcrumbList","@id":"https:\/\/lescreationsde.celineinmyworldmedium.com\/index.php\/produit\/bracelet-en-tourmaline-polychrome-et-graines-de-rudraksha-pour-la-protection-et-lancrage\/#breadcrumb","itemListElement":[{"@type":"ListItem","position":1,"name":"Accueil","item":"https:\/\/lescreationsde.celineinmyworldmedium.com\/"},{"@type":"ListItem","position":2,"name":"Produits","item":"https:\/\/lescreationsde.celineinmyworldmedium.com\/index.php\/boutique\/"},{"@type":"ListItem","position":3,"name":"Bracelet en tourmaline polychrome et graines de Rudraksha pour la protection et l&rsquo;ancrage"}]},{"@type":"WebSite","@id":"https:\/\/lescreationsde.celineinmyworldmedium.com\/#website","url":"https:\/\/lescreationsde.celineinmyworldmedium.com\/","name":"Les cr\u00e9ations de C\u00e9line Inmyworld","description":"Cr\u00e9ation de bijoux personnalis\u00e9s, sur-mesure, en pierres semi-pr\u00e9cieuses de qualit\u00e9. Bracelets, boucles d&#039;oreilles, colliers, sautoirs, malas, cha\u00eenes de cheville, bagues...\u2764","publisher":{"@id":"https:\/\/lescreationsde.celineinmyworldmedium.com\/#organization"},"potentialAction":[{"@type":"SearchAction","target":{"@type":"EntryPoint","urlTemplate":"https:\/\/lescreationsde.celineinmyworldmedium.com\/?s={search_term_string}"},"query-input":{"@type":"PropertyValueSpecification","valueRequired":true,"valueName":"search_term_string"}}],"inLanguage":"fr-FR"},{"@type":"Organization","@id":"https:\/\/lescreationsde.celineinmyworldmedium.com\/#organization","name":"Les cr\u00e9ations de C\u00e9line Inmyworld","url":"https:\/\/lescreationsde.celineinmyworldmedium.com\/","logo":{"@type":"ImageObject","inLanguage":"fr-FR","@id":"https:\/\/lescreationsde.celineinmyworldmedium.com\/#\/schema\/logo\/image\/","url":"https:\/\/lescreationsde.celineinmyworldmedium.com\/wp-content\/uploads\/2021\/03\/logo_creations3.png","contentUrl":"https:\/\/lescreationsde.celineinmyworldmedium.com\/wp-content\/uploads\/2021\/03\/logo_creations3.png","width":613,"height":190,"caption":"Les cr\u00e9ations de C\u00e9line Inmyworld"},"image":{"@id":"https:\/\/lescreationsde.celineinmyworldmedium.com\/#\/schema\/logo\/image\/"}}]}},"jetpack_sharing_enabled":true,"_links":{"self":[{"href":"https:\/\/lescreationsde.celineinmyworldmedium.com\/index.php\/wp-json\/wp\/v2\/product\/1943","targetHints":{"allow":["GET"]}}],"collection":[{"href":"https:\/\/lescreationsde.celineinmyworldmedium.com\/index.php\/wp-json\/wp\/v2\/product"}],"about":[{"href":"https:\/\/lescreationsde.celineinmyworldmedium.com\/index.php\/wp-json\/wp\/v2\/types\/product"}],"replies":[{"embeddable":true,"href":"https:\/\/lescreationsde.celineinmyworldmedium.com\/index.php\/wp-json\/wp\/v2\/comments?post=1943"}],"wp:featuredmedia":[{"embeddable":true,"href":"https:\/\/lescreationsde.celineinmyworldmedium.com\/index.php\/wp-json\/wp\/v2\/media\/1945"}],"wp:attachment":[{"href":"https:\/\/lescreationsde.celineinmyworldmedium.com\/index.php\/wp-json\/wp\/v2\/media?parent=1943"}],"wp:term":[{"taxonomy":"product_brand","embeddable":true,"href":"https:\/\/lescreationsde.celineinmyworldmedium.com\/index.php\/wp-json\/wp\/v2\/product_brand?post=1943"},{"taxonomy":"product_cat","embeddable":true,"href":"https:\/\/lescreationsde.celineinmyworldmedium.com\/index.php\/wp-json\/wp\/v2\/product_cat?post=1943"},{"taxonomy":"product_tag","embeddable":true,"href":"https:\/\/lescreationsde.celineinmyworldmedium.com\/index.php\/wp-json\/wp\/v2\/product_tag?post=1943"}],"curies":[{"name":"wp","href":"https:\/\/api.w.org\/{rel}","templated":true}]}}